{"id":3812,"date":"2024-03-14T12:00:44","date_gmt":"2024-03-14T12:00:44","guid":{"rendered":"https:\/\/koningdrone.nl\/kon\/product\/livox-hap-t1-wire-pack\/"},"modified":"2025-04-29T11:57:18","modified_gmt":"2025-04-29T11:57:18","slug":"livox-hap-t1-wire-pack","status":"publish","type":"product","link":"https:\/\/koningdrone.be\/de\/produkt\/livox-hap-t1-wire-pack\/","title":{"rendered":"Livox HAP (T1) Kabelpaket"},"content":{"rendered":"<p><strong>Einf\u00fchrung des Livox HAP-Drahtpakets<\/strong><\/p>\n<p> Das Livox HAP Kabelpaket ist ein unentbehrlicher Begleiter f\u00fcr die Benutzer des HAP (T1) Ger\u00e4ts. Dieses Paket enth\u00e4lt sowohl ein Stromkabel als auch ein Netzwerkkabel, die speziell entwickelt wurden, um den Anschluss des HAP (T1) an verschiedene Ger\u00e4te oder Netzwerke zu erleichtern. Ganz gleich, ob Sie den HAP (T1) zur Fehlersuche, zur Fehlerkorrektur oder einfach nur zum Kennenlernen seiner Funktionen verwenden m\u00f6chten, dieses Kabelpaket stellt sicher, dass Sie die notwendigen Verbindungen herstellen k\u00f6nnen.<\/p>\n<p><strong>Entwickelt f\u00fcr Konnektivit\u00e4t<\/strong><\/p>\n<p> Das Livox HAP Kabelpaket hebt sich von anderen ab, da es sowohl f\u00fcr die Strom- als auch f\u00fcr die Netzwerkanschl\u00fcsse spezielle Kabel bietet, die eine nahtlose Verbindung erm\u00f6glichen. Diese Designwahl stellt sicher, dass Benutzer ihr HAP (T1)-Ger\u00e4t einfach und ohne Kompatibilit\u00e4tsprobleme mit anderen Ger\u00e4ten oder Netzwerken verbinden k\u00f6nnen. Es dient sowohl Anf\u00e4ngern als auch Experten als unverzichtbares Toolkit zur Fehlersuche, Fehlerbehebung oder Verbesserung der Leistung ihres HAP (T1).<\/p>\n<p><\/p>","protected":false},"excerpt":{"rendered":"<ul>\n<li>Konzipiert f\u00fcr die Verwendung mit HAP (T1)<\/li>\n<li> Inklusive Strom- und Netzwerkkabel<\/li>\n<li> Erleichtert die Fehlersuche<\/li>\n<\/ul>","protected":false},"featured_media":3810,"template":"","meta":{"_acf_changed":false},"product_brand":[],"product_cat":[244,97,751],"product_tag":[],"class_list":{"0":"post-3812","1":"product","2":"type-product","3":"status-publish","4":"has-post-thumbnail","6":"product_cat-alle-kabels","7":"product_cat-alle-producten","8":"product_cat-livox","9":"pa_brand-dji","10":"pa_productfamily-connection-cable","11":"pa_producttype-connection-cable","13":"first","14":"instock","15":"taxable","16":"shipping-taxable","17":"product-type-simple"},"acf":[],"yoast_head":"<!-- This site is optimized with the Yoast SEO Premium plugin v27.2 (Yoast SEO v27.2) - https:\/\/yoast.com\/product\/yoast-seo-premium-wordpress\/ -->\n<title>Livox HAP (T1) wire pack - koningdrone.be<\/title>\n<meta name=\"robots\" content=\"index, follow, max-snippet:-1, max-image-preview:large, max-video-preview:-1\" \/>\n<link rel=\"canonical\" href=\"https:\/\/koningdrone.be\/de\/produkt\/livox-hap-t1-wire-pack\/\" \/>\n<meta property=\"og:locale\" content=\"de_DE\" \/>\n<meta property=\"og:type\" content=\"article\" \/>\n<meta property=\"og:title\" content=\"Livox HAP (T1) wire pack\" \/>\n<meta property=\"og:description\" content=\"Ontworpen voor gebruik met HAP (T1) Inclusief stroom- en netwerkkabels Vergemakkelijkt het debuggen\" \/>\n<meta property=\"og:url\" content=\"https:\/\/koningdrone.be\/de\/produkt\/livox-hap-t1-wire-pack\/\" \/>\n<meta property=\"og:site_name\" content=\"koningdrone.be\" \/>\n<meta property=\"article:modified_time\" content=\"2025-04-29T11:57:18+00:00\" \/>\n<meta property=\"og:image\" content=\"https:\/\/koningdrone.be\/wp-content\/uploads\/sites\/13\/2025\/04\/3545e44df3de460c8d05295b018dfb1e@large.png\" \/>\n\t<meta property=\"og:image:width\" content=\"1200\" \/>\n\t<meta property=\"og:image:height\" content=\"800\" \/>\n\t<meta property=\"og:image:type\" content=\"image\/png\" \/>\n<meta name=\"twitter:card\" content=\"summary_large_image\" \/>\n<meta name=\"twitter:label1\" content=\"Gesch\u00e4tzte Lesezeit\" \/>\n\t<meta name=\"twitter:data1\" content=\"1\u00a0Minute\" \/>\n<script type=\"application\/ld+json\" class=\"yoast-schema-graph\">{\"@context\":\"https:\/\/schema.org\",\"@graph\":[{\"@type\":\"WebPage\",\"@id\":\"https:\/\/koningdrone.be\/product\/livox-hap-t1-wire-pack\/\",\"url\":\"https:\/\/koningdrone.be\/product\/livox-hap-t1-wire-pack\/\",\"name\":\"Livox HAP (T1) wire pack - koningdrone.be\",\"isPartOf\":{\"@id\":\"https:\/\/koningdrone.be\/#website\"},\"primaryImageOfPage\":{\"@id\":\"https:\/\/koningdrone.be\/product\/livox-hap-t1-wire-pack\/#primaryimage\"},\"image\":{\"@id\":\"https:\/\/koningdrone.be\/product\/livox-hap-t1-wire-pack\/#primaryimage\"},\"thumbnailUrl\":\"https:\/\/koningdrone.be\/wp-content\/uploads\/sites\/13\/2025\/04\/3545e44df3de460c8d05295b018dfb1e@large.png\",\"datePublished\":\"2024-03-14T12:00:44+00:00\",\"dateModified\":\"2025-04-29T11:57:18+00:00\",\"breadcrumb\":{\"@id\":\"https:\/\/koningdrone.be\/product\/livox-hap-t1-wire-pack\/#breadcrumb\"},\"inLanguage\":\"de\",\"potentialAction\":[{\"@type\":\"ReadAction\",\"target\":[\"https:\/\/koningdrone.be\/product\/livox-hap-t1-wire-pack\/\"]}]},{\"@type\":\"ImageObject\",\"inLanguage\":\"de\",\"@id\":\"https:\/\/koningdrone.be\/product\/livox-hap-t1-wire-pack\/#primaryimage\",\"url\":\"https:\/\/koningdrone.be\/wp-content\/uploads\/sites\/13\/2025\/04\/3545e44df3de460c8d05295b018dfb1e@large.png\",\"contentUrl\":\"https:\/\/koningdrone.be\/wp-content\/uploads\/sites\/13\/2025\/04\/3545e44df3de460c8d05295b018dfb1e@large.png\",\"width\":1200,\"height\":800},{\"@type\":\"BreadcrumbList\",\"@id\":\"https:\/\/koningdrone.be\/product\/livox-hap-t1-wire-pack\/#breadcrumb\",\"itemListElement\":[{\"@type\":\"ListItem\",\"position\":1,\"name\":\"Home\",\"item\":\"https:\/\/koningdrone.be\/\"},{\"@type\":\"ListItem\",\"position\":2,\"name\":\"AVSS Parachute Recovery System for DJI Matrice 300\/350\",\"item\":\"https:\/\/koningdrone.be\/product\/avss-parachute-recovery-system-for-dji-matrice-300-350\/\"},{\"@type\":\"ListItem\",\"position\":3,\"name\":\"Alle kabels\",\"item\":\"https:\/\/koningdrone.be\/categorie\/alle-kabels\/\"},{\"@type\":\"ListItem\",\"position\":4,\"name\":\"Livox HAP (T1) wire pack\"}]},{\"@type\":\"WebSite\",\"@id\":\"https:\/\/koningdrone.be\/#website\",\"url\":\"https:\/\/koningdrone.be\/\",\"name\":\"Koningdrone.be - Uw online specialist in drones, gimbals, camera's en power stations.\",\"description\":\"De webshop in drones en gimbals\",\"publisher\":{\"@id\":\"https:\/\/koningdrone.be\/#organization\"},\"potentialAction\":[{\"@type\":\"SearchAction\",\"target\":{\"@type\":\"EntryPoint\",\"urlTemplate\":\"https:\/\/koningdrone.be\/?s={search_term_string}\"},\"query-input\":{\"@type\":\"PropertyValueSpecification\",\"valueRequired\":true,\"valueName\":\"search_term_string\"}}],\"inLanguage\":\"de\"},{\"@type\":\"Organization\",\"@id\":\"https:\/\/koningdrone.be\/#organization\",\"name\":\"Koningdrone.be\",\"url\":\"https:\/\/koningdrone.be\/\",\"logo\":{\"@type\":\"ImageObject\",\"inLanguage\":\"de\",\"@id\":\"https:\/\/koningdrone.be\/#\/schema\/logo\/image\/\",\"url\":\"https:\/\/koningdrone.be\/wp-content\/uploads\/sites\/13\/2025\/04\/koningdrone-copyright-logo.svg\",\"contentUrl\":\"https:\/\/koningdrone.be\/wp-content\/uploads\/sites\/13\/2025\/04\/koningdrone-copyright-logo.svg\",\"width\":227,\"height\":38,\"caption\":\"Koningdrone.be\"},\"image\":{\"@id\":\"https:\/\/koningdrone.be\/#\/schema\/logo\/image\/\"}}]}<\/script>\n<!-- \/ Yoast SEO Premium plugin. -->","yoast_head_json":{"title":"Livox HAP (T1) wire pack - koningdrone.be","robots":{"index":"index","follow":"follow","max-snippet":"max-snippet:-1","max-image-preview":"max-image-preview:large","max-video-preview":"max-video-preview:-1"},"canonical":"https:\/\/koningdrone.be\/de\/produkt\/livox-hap-t1-wire-pack\/","og_locale":"de_DE","og_type":"article","og_title":"Livox HAP (T1) wire pack","og_description":"Ontworpen voor gebruik met HAP (T1) Inclusief stroom- en netwerkkabels Vergemakkelijkt het debuggen","og_url":"https:\/\/koningdrone.be\/de\/produkt\/livox-hap-t1-wire-pack\/","og_site_name":"koningdrone.be","article_modified_time":"2025-04-29T11:57:18+00:00","og_image":[{"width":1200,"height":800,"url":"https:\/\/koningdrone.be\/wp-content\/uploads\/sites\/13\/2025\/04\/3545e44df3de460c8d05295b018dfb1e@large.png","type":"image\/png"}],"twitter_card":"summary_large_image","twitter_misc":{"Gesch\u00e4tzte Lesezeit":"1\u00a0Minute"},"schema":{"@context":"https:\/\/schema.org","@graph":[{"@type":"WebPage","@id":"https:\/\/koningdrone.be\/product\/livox-hap-t1-wire-pack\/","url":"https:\/\/koningdrone.be\/product\/livox-hap-t1-wire-pack\/","name":"Livox HAP (T1) wire pack - koningdrone.be","isPartOf":{"@id":"https:\/\/koningdrone.be\/#website"},"primaryImageOfPage":{"@id":"https:\/\/koningdrone.be\/product\/livox-hap-t1-wire-pack\/#primaryimage"},"image":{"@id":"https:\/\/koningdrone.be\/product\/livox-hap-t1-wire-pack\/#primaryimage"},"thumbnailUrl":"https:\/\/koningdrone.be\/wp-content\/uploads\/sites\/13\/2025\/04\/3545e44df3de460c8d05295b018dfb1e@large.png","datePublished":"2024-03-14T12:00:44+00:00","dateModified":"2025-04-29T11:57:18+00:00","breadcrumb":{"@id":"https:\/\/koningdrone.be\/product\/livox-hap-t1-wire-pack\/#breadcrumb"},"inLanguage":"de","potentialAction":[{"@type":"ReadAction","target":["https:\/\/koningdrone.be\/product\/livox-hap-t1-wire-pack\/"]}]},{"@type":"ImageObject","inLanguage":"de","@id":"https:\/\/koningdrone.be\/product\/livox-hap-t1-wire-pack\/#primaryimage","url":"https:\/\/koningdrone.be\/wp-content\/uploads\/sites\/13\/2025\/04\/3545e44df3de460c8d05295b018dfb1e@large.png","contentUrl":"https:\/\/koningdrone.be\/wp-content\/uploads\/sites\/13\/2025\/04\/3545e44df3de460c8d05295b018dfb1e@large.png","width":1200,"height":800},{"@type":"BreadcrumbList","@id":"https:\/\/koningdrone.be\/product\/livox-hap-t1-wire-pack\/#breadcrumb","itemListElement":[{"@type":"ListItem","position":1,"name":"Home","item":"https:\/\/koningdrone.be\/"},{"@type":"ListItem","position":2,"name":"AVSS Parachute Recovery System for DJI Matrice 300\/350","item":"https:\/\/koningdrone.be\/product\/avss-parachute-recovery-system-for-dji-matrice-300-350\/"},{"@type":"ListItem","position":3,"name":"Alle kabels","item":"https:\/\/koningdrone.be\/categorie\/alle-kabels\/"},{"@type":"ListItem","position":4,"name":"Livox HAP (T1) wire pack"}]},{"@type":"WebSite","@id":"https:\/\/koningdrone.be\/#website","url":"https:\/\/koningdrone.be\/","name":"Koningdrone.be - Ihr Online-Spezialist f\u00fcr Drohnen, Gimbals, Kameras und Kraftwerke.","description":"Der Webshop f\u00fcr Drohnen und Gimbals","publisher":{"@id":"https:\/\/koningdrone.be\/#organization"},"potentialAction":[{"@type":"SearchAction","target":{"@type":"EntryPoint","urlTemplate":"https:\/\/koningdrone.be\/?s={search_term_string}"},"query-input":{"@type":"PropertyValueSpecification","valueRequired":true,"valueName":"search_term_string"}}],"inLanguage":"de"},{"@type":"Organization","@id":"https:\/\/koningdrone.be\/#organization","name":"Kingdrone.de","url":"https:\/\/koningdrone.be\/","logo":{"@type":"ImageObject","inLanguage":"de","@id":"https:\/\/koningdrone.be\/#\/schema\/logo\/image\/","url":"https:\/\/koningdrone.be\/wp-content\/uploads\/sites\/13\/2025\/04\/koningdrone-copyright-logo.svg","contentUrl":"https:\/\/koningdrone.be\/wp-content\/uploads\/sites\/13\/2025\/04\/koningdrone-copyright-logo.svg","width":227,"height":38,"caption":"Koningdrone.be"},"image":{"@id":"https:\/\/koningdrone.be\/#\/schema\/logo\/image\/"}}]}},"df_price":"","df_sale_price":"","df_regular_price":"","df_image_link":"https:\/\/koningdrone.be\/wp-content\/uploads\/sites\/13\/2025\/04\/3545e44df3de460c8d05295b018dfb1e@large-300x200.png","_links":{"self":[{"href":"https:\/\/koningdrone.be\/de\/wp-json\/wp\/v2\/product\/3812","targetHints":{"allow":["GET"]}}],"collection":[{"href":"https:\/\/koningdrone.be\/de\/wp-json\/wp\/v2\/product"}],"about":[{"href":"https:\/\/koningdrone.be\/de\/wp-json\/wp\/v2\/types\/product"}],"wp:featuredmedia":[{"embeddable":true,"href":"https:\/\/koningdrone.be\/de\/wp-json\/wp\/v2\/media\/3810"}],"wp:attachment":[{"href":"https:\/\/koningdrone.be\/de\/wp-json\/wp\/v2\/media?parent=3812"}],"wp:term":[{"taxonomy":"product_brand","embeddable":true,"href":"https:\/\/koningdrone.be\/de\/wp-json\/wp\/v2\/product_brand?post=3812"},{"taxonomy":"product_cat","embeddable":true,"href":"https:\/\/koningdrone.be\/de\/wp-json\/wp\/v2\/product_cat?post=3812"},{"taxonomy":"product_tag","embeddable":true,"href":"https:\/\/koningdrone.be\/de\/wp-json\/wp\/v2\/product_tag?post=3812"}],"curies":[{"name":"wp","href":"https:\/\/api.w.org\/{rel}","templated":true}]}}