{"id":3809,"date":"2024-03-14T12:01:31","date_gmt":"2024-03-14T11:01:31","guid":{"rendered":"https:\/\/koningdrone.nl\/kon\/product\/matrice-350-rtk-gimbal-damper\/"},"modified":"2026-04-29T14:50:35","modified_gmt":"2026-04-29T12:50:35","slug":"matrice-350-rtk-gimbal-damper","status":"publish","type":"product","link":"https:\/\/koningdrone.be\/de\/produkt\/matrice-350-rtk-gimbal-damper\/","title":{"rendered":"Matrice 350 RTK Kardanischer D\u00e4mpfer"},"content":{"rendered":"<p><strong>Verbesserte Haltbarkeit f\u00fcr Matrice 350 RTK<\/strong><\/p>\n<p> Der dickere kardanische D\u00e4mpfer, der speziell f\u00fcr die Matrice 350 RTK-Drohne entwickelt wurde, steht f\u00fcr ein hohes Ma\u00df an Haltbarkeit. Er ist f\u00fcr das gleiche Gewicht wie die Matrice 300 RTK und die Matrice 200 V2 Serie ausgelegt und \u00fcbertrifft diese in Bezug auf die Leistung deutlich. Diese Eigenschaft unterstreicht die F\u00e4higkeit der Drohne, einer intensiven Nutzung standzuhalten, ohne dabei Kompromisse bei der Effizienz einzugehen.<\/p>\n<p><strong>Optimierte Leistung f\u00fcr Anbauger\u00e4te<\/strong><\/p>\n<p> Durch den Einbau des dickeren Kardan-D\u00e4mpfers in Ihr Matrice 350 RTK-Setup erhalten Sie eine stabilere Basis f\u00fcr die Befestigung wichtiger Ger\u00e4te wie z. B. Kameras. Diese Stabilit\u00e4t ist entscheidend f\u00fcr Aufgaben, die Pr\u00e4zision und Zuverl\u00e4ssigkeit erfordern, damit die Drohne w\u00e4hrend des gesamten Betriebs eine gleichbleibende Leistung erbringen kann. Dies macht den D\u00e4mpfer zu einer unverzichtbaren Komponente f\u00fcr professionelle Anwendungen.<\/p>\n<p><\/p>","protected":false},"excerpt":{"rendered":"<ul>\n<li>Entwickelt f\u00fcr Matrice 350 RTK<\/li>\n<li> Dickerer kardanischer D\u00e4mpfer<\/li>\n<li> L\u00e4ngere Lebenserwartung<\/li>\n<li> Kompatibel bei gleicher Nutzlast<\/li>\n<li> Verbesserung gegen\u00fcber den Serien Matrice 300 RTK und 200 V2<\/li>\n<\/ul>","protected":false},"featured_media":3806,"template":"","meta":{"_acf_changed":false},"product_brand":[],"product_cat":[315,97,426,153],"product_tag":[],"class_list":{"0":"post-3809","1":"product","2":"type-product","3":"status-publish","4":"has-post-thumbnail","6":"product_cat-alle-gimbals-en-cameras","7":"product_cat-alle-producten","8":"product_cat-dji-matrice","9":"product_cat-dji-matrice-350","10":"product_shipping_class-outofstock","11":"pa_brand-dji","12":"pa_productfamily-gimbalbescherming","13":"pa_producttype-gimbalbescherming","14":"pa_series-matrice-350","16":"first","17":"outofstock","18":"taxable","19":"shipping-taxable","20":"purchasable","21":"product-type-simple"},"acf":[],"yoast_head":"<!-- This site is optimized with the Yoast SEO Premium plugin v27.2 (Yoast SEO v27.2) - https:\/\/yoast.com\/product\/yoast-seo-premium-wordpress\/ -->\n<title>Matrice 350 RTK Gimbal Damper - koningdrone.be<\/title>\n<meta name=\"robots\" content=\"index, follow, max-snippet:-1, max-image-preview:large, max-video-preview:-1\" \/>\n<link rel=\"canonical\" href=\"https:\/\/koningdrone.be\/de\/produkt\/matrice-350-rtk-gimbal-damper\/\" \/>\n<meta property=\"og:locale\" content=\"de_DE\" \/>\n<meta property=\"og:type\" content=\"article\" \/>\n<meta property=\"og:title\" content=\"Matrice 350 RTK Gimbal Damper\" \/>\n<meta property=\"og:description\" content=\"Ontworpen voor Matrice 350 RTK Dikkere cardanische demper Langere levensduur Compatibel onder hetzelfde laadvermogen Verbetering ten opzichte van de Matrice 300 RTK- en 200 V2-serie\" \/>\n<meta property=\"og:url\" content=\"https:\/\/koningdrone.be\/de\/produkt\/matrice-350-rtk-gimbal-damper\/\" \/>\n<meta property=\"og:site_name\" content=\"koningdrone.be\" \/>\n<meta property=\"article:modified_time\" content=\"2026-04-29T12:50:35+00:00\" \/>\n<meta property=\"og:image\" content=\"https:\/\/koningdrone.be\/wp-content\/uploads\/sites\/13\/2025\/04\/1a8c8137eabdba26f7efe90807e0b623@large.jpg\" \/>\n\t<meta property=\"og:image:width\" content=\"1200\" \/>\n\t<meta property=\"og:image:height\" content=\"800\" \/>\n\t<meta property=\"og:image:type\" content=\"image\/jpeg\" \/>\n<meta name=\"twitter:card\" content=\"summary_large_image\" \/>\n<meta name=\"twitter:label1\" content=\"Gesch\u00e4tzte Lesezeit\" \/>\n\t<meta name=\"twitter:data1\" content=\"1\u00a0Minute\" \/>\n<script type=\"application\/ld+json\" class=\"yoast-schema-graph\">{\"@context\":\"https:\/\/schema.org\",\"@graph\":[{\"@type\":\"WebPage\",\"@id\":\"https:\/\/koningdrone.be\/product\/matrice-350-rtk-gimbal-damper\/\",\"url\":\"https:\/\/koningdrone.be\/product\/matrice-350-rtk-gimbal-damper\/\",\"name\":\"Matrice 350 RTK Gimbal Damper - koningdrone.be\",\"isPartOf\":{\"@id\":\"https:\/\/koningdrone.be\/#website\"},\"primaryImageOfPage\":{\"@id\":\"https:\/\/koningdrone.be\/product\/matrice-350-rtk-gimbal-damper\/#primaryimage\"},\"image\":{\"@id\":\"https:\/\/koningdrone.be\/product\/matrice-350-rtk-gimbal-damper\/#primaryimage\"},\"thumbnailUrl\":\"https:\/\/koningdrone.be\/wp-content\/uploads\/sites\/13\/2025\/04\/1a8c8137eabdba26f7efe90807e0b623@large.jpg\",\"datePublished\":\"2024-03-14T11:01:31+00:00\",\"dateModified\":\"2026-04-29T12:50:35+00:00\",\"breadcrumb\":{\"@id\":\"https:\/\/koningdrone.be\/product\/matrice-350-rtk-gimbal-damper\/#breadcrumb\"},\"inLanguage\":\"de\",\"potentialAction\":[{\"@type\":\"ReadAction\",\"target\":[\"https:\/\/koningdrone.be\/product\/matrice-350-rtk-gimbal-damper\/\"]}]},{\"@type\":\"ImageObject\",\"inLanguage\":\"de\",\"@id\":\"https:\/\/koningdrone.be\/product\/matrice-350-rtk-gimbal-damper\/#primaryimage\",\"url\":\"https:\/\/koningdrone.be\/wp-content\/uploads\/sites\/13\/2025\/04\/1a8c8137eabdba26f7efe90807e0b623@large.jpg\",\"contentUrl\":\"https:\/\/koningdrone.be\/wp-content\/uploads\/sites\/13\/2025\/04\/1a8c8137eabdba26f7efe90807e0b623@large.jpg\",\"width\":1200,\"height\":800},{\"@type\":\"BreadcrumbList\",\"@id\":\"https:\/\/koningdrone.be\/product\/matrice-350-rtk-gimbal-damper\/#breadcrumb\",\"itemListElement\":[{\"@type\":\"ListItem\",\"position\":1,\"name\":\"Home\",\"item\":\"https:\/\/koningdrone.be\/\"},{\"@type\":\"ListItem\",\"position\":2,\"name\":\"AVSS Parachute Recovery System for DJI Matrice 300\/350\",\"item\":\"https:\/\/koningdrone.be\/product\/avss-parachute-recovery-system-for-dji-matrice-300-350\/\"},{\"@type\":\"ListItem\",\"position\":3,\"name\":\"Alle gimbals en cameras\",\"item\":\"https:\/\/koningdrone.be\/categorie\/alle-gimbals-en-cameras\/\"},{\"@type\":\"ListItem\",\"position\":4,\"name\":\"Matrice 350 RTK Gimbal Damper\"}]},{\"@type\":\"WebSite\",\"@id\":\"https:\/\/koningdrone.be\/#website\",\"url\":\"https:\/\/koningdrone.be\/\",\"name\":\"Koningdrone.be - Uw online specialist in drones, gimbals, camera's en power stations.\",\"description\":\"De webshop in drones en gimbals\",\"publisher\":{\"@id\":\"https:\/\/koningdrone.be\/#organization\"},\"potentialAction\":[{\"@type\":\"SearchAction\",\"target\":{\"@type\":\"EntryPoint\",\"urlTemplate\":\"https:\/\/koningdrone.be\/?s={search_term_string}\"},\"query-input\":{\"@type\":\"PropertyValueSpecification\",\"valueRequired\":true,\"valueName\":\"search_term_string\"}}],\"inLanguage\":\"de\"},{\"@type\":\"Organization\",\"@id\":\"https:\/\/koningdrone.be\/#organization\",\"name\":\"Koningdrone.be\",\"url\":\"https:\/\/koningdrone.be\/\",\"logo\":{\"@type\":\"ImageObject\",\"inLanguage\":\"de\",\"@id\":\"https:\/\/koningdrone.be\/#\/schema\/logo\/image\/\",\"url\":\"https:\/\/koningdrone.be\/wp-content\/uploads\/sites\/13\/2025\/04\/koningdrone-copyright-logo.svg\",\"contentUrl\":\"https:\/\/koningdrone.be\/wp-content\/uploads\/sites\/13\/2025\/04\/koningdrone-copyright-logo.svg\",\"width\":227,\"height\":38,\"caption\":\"Koningdrone.be\"},\"image\":{\"@id\":\"https:\/\/koningdrone.be\/#\/schema\/logo\/image\/\"}}]}<\/script>\n<!-- \/ Yoast SEO Premium plugin. -->","yoast_head_json":{"title":"Matrice 350 RTK Gimbal Damper - koningdrone.be","robots":{"index":"index","follow":"follow","max-snippet":"max-snippet:-1","max-image-preview":"max-image-preview:large","max-video-preview":"max-video-preview:-1"},"canonical":"https:\/\/koningdrone.be\/de\/produkt\/matrice-350-rtk-gimbal-damper\/","og_locale":"de_DE","og_type":"article","og_title":"Matrice 350 RTK Gimbal Damper","og_description":"Ontworpen voor Matrice 350 RTK Dikkere cardanische demper Langere levensduur Compatibel onder hetzelfde laadvermogen Verbetering ten opzichte van de Matrice 300 RTK- en 200 V2-serie","og_url":"https:\/\/koningdrone.be\/de\/produkt\/matrice-350-rtk-gimbal-damper\/","og_site_name":"koningdrone.be","article_modified_time":"2026-04-29T12:50:35+00:00","og_image":[{"width":1200,"height":800,"url":"https:\/\/koningdrone.be\/wp-content\/uploads\/sites\/13\/2025\/04\/1a8c8137eabdba26f7efe90807e0b623@large.jpg","type":"image\/jpeg"}],"twitter_card":"summary_large_image","twitter_misc":{"Gesch\u00e4tzte Lesezeit":"1\u00a0Minute"},"schema":{"@context":"https:\/\/schema.org","@graph":[{"@type":"WebPage","@id":"https:\/\/koningdrone.be\/product\/matrice-350-rtk-gimbal-damper\/","url":"https:\/\/koningdrone.be\/product\/matrice-350-rtk-gimbal-damper\/","name":"Matrice 350 RTK Gimbal Damper - koningdrone.be","isPartOf":{"@id":"https:\/\/koningdrone.be\/#website"},"primaryImageOfPage":{"@id":"https:\/\/koningdrone.be\/product\/matrice-350-rtk-gimbal-damper\/#primaryimage"},"image":{"@id":"https:\/\/koningdrone.be\/product\/matrice-350-rtk-gimbal-damper\/#primaryimage"},"thumbnailUrl":"https:\/\/koningdrone.be\/wp-content\/uploads\/sites\/13\/2025\/04\/1a8c8137eabdba26f7efe90807e0b623@large.jpg","datePublished":"2024-03-14T11:01:31+00:00","dateModified":"2026-04-29T12:50:35+00:00","breadcrumb":{"@id":"https:\/\/koningdrone.be\/product\/matrice-350-rtk-gimbal-damper\/#breadcrumb"},"inLanguage":"de","potentialAction":[{"@type":"ReadAction","target":["https:\/\/koningdrone.be\/product\/matrice-350-rtk-gimbal-damper\/"]}]},{"@type":"ImageObject","inLanguage":"de","@id":"https:\/\/koningdrone.be\/product\/matrice-350-rtk-gimbal-damper\/#primaryimage","url":"https:\/\/koningdrone.be\/wp-content\/uploads\/sites\/13\/2025\/04\/1a8c8137eabdba26f7efe90807e0b623@large.jpg","contentUrl":"https:\/\/koningdrone.be\/wp-content\/uploads\/sites\/13\/2025\/04\/1a8c8137eabdba26f7efe90807e0b623@large.jpg","width":1200,"height":800},{"@type":"BreadcrumbList","@id":"https:\/\/koningdrone.be\/product\/matrice-350-rtk-gimbal-damper\/#breadcrumb","itemListElement":[{"@type":"ListItem","position":1,"name":"Home","item":"https:\/\/koningdrone.be\/"},{"@type":"ListItem","position":2,"name":"AVSS Parachute Recovery System for DJI Matrice 300\/350","item":"https:\/\/koningdrone.be\/product\/avss-parachute-recovery-system-for-dji-matrice-300-350\/"},{"@type":"ListItem","position":3,"name":"Alle gimbals en cameras","item":"https:\/\/koningdrone.be\/categorie\/alle-gimbals-en-cameras\/"},{"@type":"ListItem","position":4,"name":"Matrice 350 RTK Gimbal Damper"}]},{"@type":"WebSite","@id":"https:\/\/koningdrone.be\/#website","url":"https:\/\/koningdrone.be\/","name":"Koningdrone.be - Ihr Online-Spezialist f\u00fcr Drohnen, Gimbals, Kameras und Kraftwerke.","description":"Der Webshop f\u00fcr Drohnen und Gimbals","publisher":{"@id":"https:\/\/koningdrone.be\/#organization"},"potentialAction":[{"@type":"SearchAction","target":{"@type":"EntryPoint","urlTemplate":"https:\/\/koningdrone.be\/?s={search_term_string}"},"query-input":{"@type":"PropertyValueSpecification","valueRequired":true,"valueName":"search_term_string"}}],"inLanguage":"de"},{"@type":"Organization","@id":"https:\/\/koningdrone.be\/#organization","name":"Kingdrone.de","url":"https:\/\/koningdrone.be\/","logo":{"@type":"ImageObject","inLanguage":"de","@id":"https:\/\/koningdrone.be\/#\/schema\/logo\/image\/","url":"https:\/\/koningdrone.be\/wp-content\/uploads\/sites\/13\/2025\/04\/koningdrone-copyright-logo.svg","contentUrl":"https:\/\/koningdrone.be\/wp-content\/uploads\/sites\/13\/2025\/04\/koningdrone-copyright-logo.svg","width":227,"height":38,"caption":"Koningdrone.be"},"image":{"@id":"https:\/\/koningdrone.be\/#\/schema\/logo\/image\/"}}]}},"df_price":9,"df_sale_price":"","df_regular_price":9,"df_image_link":"https:\/\/koningdrone.be\/wp-content\/uploads\/sites\/13\/2025\/04\/1a8c8137eabdba26f7efe90807e0b623@large-300x200.jpg","_links":{"self":[{"href":"https:\/\/koningdrone.be\/de\/wp-json\/wp\/v2\/product\/3809","targetHints":{"allow":["GET"]}}],"collection":[{"href":"https:\/\/koningdrone.be\/de\/wp-json\/wp\/v2\/product"}],"about":[{"href":"https:\/\/koningdrone.be\/de\/wp-json\/wp\/v2\/types\/product"}],"wp:featuredmedia":[{"embeddable":true,"href":"https:\/\/koningdrone.be\/de\/wp-json\/wp\/v2\/media\/3806"}],"wp:attachment":[{"href":"https:\/\/koningdrone.be\/de\/wp-json\/wp\/v2\/media?parent=3809"}],"wp:term":[{"taxonomy":"product_brand","embeddable":true,"href":"https:\/\/koningdrone.be\/de\/wp-json\/wp\/v2\/product_brand?post=3809"},{"taxonomy":"product_cat","embeddable":true,"href":"https:\/\/koningdrone.be\/de\/wp-json\/wp\/v2\/product_cat?post=3809"},{"taxonomy":"product_tag","embeddable":true,"href":"https:\/\/koningdrone.be\/de\/wp-json\/wp\/v2\/product_tag?post=3809"}],"curies":[{"name":"wp","href":"https:\/\/api.w.org\/{rel}","templated":true}]}}