{"id":3802,"date":"2024-03-18T10:43:33","date_gmt":"2024-03-18T09:43:33","guid":{"rendered":"https:\/\/koningdrone.nl\/kon\/product\/dji-mic-2-1-tx-1-rx\/"},"modified":"2026-04-29T04:10:35","modified_gmt":"2026-04-29T02:10:35","slug":"dji-mic-2-1-tx-1-rx","status":"publish","type":"product","link":"https:\/\/koningdrone.be\/de\/produkt\/dji-mic-2-1-tx-1-rx\/","title":{"rendered":"DJI Mic 2 (1 TX + 1 RX) (CE) - Refurbished"},"content":{"rendered":"<h4>Hochwertige Audioaufnahmen<\/h4>\n<p>Das DJI Mic 2 wurde entwickelt, um eine \u00fcberragende Klangqualit\u00e4t zu liefern, ideal f\u00fcr die Aufnahme von klarem Gesang in Vlogs, Interviews und mehr. Dank seiner omnidirektionalen Audio-Aufnahmef\u00e4higkeiten stellt es sicher, dass der Ton aus jeder Richtung aufgenommen wird und bietet so eine umfassende Audioabdeckung f\u00fcr jedes Projekt.<\/p>\n<h4>Intelligente Rauschunterdr\u00fcckung<\/h4>\n<p>Ausgestattet mit intelligenter Rauschunterdr\u00fcckungstechnologie ist das DJI Mic 2 darauf spezialisiert, Hintergrundger\u00e4usche zu minimieren. Diese Funktion sorgt daf\u00fcr, dass Ihre Aufnahmen auch an Orten mit starken Umgebungsger\u00e4uschen kristallklar sind und verbessert die Gesamtqualit\u00e4t Ihrer Aufnahmen.<\/p>\n<h4>Verl\u00e4ngerte Lebensdauer der Batterie<\/h4>\n<p>Das DJI Mic 2 wurde f\u00fcr den Langzeiteinsatz entwickelt und hat eine Akkulaufzeit von 6 Stunden f\u00fcr Sender und Empf\u00e4nger. Die zus\u00e4tzliche Ladekassette verl\u00e4ngert diese auf beeindruckende 18 Stunden, was es perfekt f\u00fcr lange Aufnahmesessions oder ausgedehnte ganzt\u00e4gige Shootings macht, ohne Angst, dass der Akku leer wird.<\/p>\n<h4>Audio-\u00dcbertragung \u00fcber gro\u00dfe Entfernungen<\/h4>\n<p>Mit einer beachtlichen Audio\u00fcbertragungsreichweite von 250 Metern (ca. 820 Fu\u00df) gew\u00e4hrleistet das DJI Mic 2 eine au\u00dfergew\u00f6hnliche Leistung \u00fcber gro\u00dfe Entfernungen. Diese Eigenschaft macht es au\u00dfergew\u00f6hnlich vielseitig f\u00fcr verschiedene Aufnahmebedingungen, wobei die Audioqualit\u00e4t auch dann erhalten bleibt, wenn sich das Motiv in einiger Entfernung von der Kamera befindet.<\/p>\n<h4>Automatische Kopplung<\/h4>\n<p>Mit dem Komfort der automatischen Kopplung \u00fcber die Ladekassette f\u00f6rdert das DJI Mic 2 die Effizienz und erm\u00f6glicht eine schnelle Einrichtung und sofortige Aufnahmebereitschaft, wenn die Ger\u00e4te aus der Tasche genommen werden. Dies vereinfacht den Aufnahmeprozess und spart Zeit und M\u00fche.<\/p>\n<h4>Interne Speicherkapazit\u00e4t<\/h4>\n<p>Jeder Sender ist mit einem internen Speicher von 8 GB ausgestattet, der bis zu 14 Stunden unkomprimierte Audioaufnahmen in hoher Qualit\u00e4t (48 kHz 24 Bit) erm\u00f6glicht. Diese Funktion ist von unsch\u00e4tzbarem Wert in Situationen, in denen eine ununterbrochene Audioaufzeichnung von entscheidender Bedeutung ist, und sch\u00fctzt vor m\u00f6glichen Problemen bei der drahtlosen \u00dcbertragung.<\/p>\n<h4>Universelle Kompatibilit\u00e4t<\/h4>\n<p>Das DJI Mic 2 bietet umfassende Kompatibilit\u00e4t und unterst\u00fctzt USB-C- und Lightning-Ausg\u00e4nge f\u00fcr digitale Ger\u00e4te sowie einen 3,5-mm-Klinke-Analogausgang f\u00fcr herk\u00f6mmliche Kameras. Dies stellt sicher, dass das Mikrofon an eine Vielzahl von Ger\u00e4ten angeschlossen werden kann, von Smartphones und Computern bis hin zu professionellen Kameras, und bietet somit vielseitige L\u00f6sungen f\u00fcr Audioaufnahmen.<\/p>\n<h4>\u00dcber \u00fcberholte Produkte<\/h4>\n<p><em><strong>Dieses Produkt wurde benutzt, ist aber in sehr gutem\/neuwertigem Zustand. Es wurde innerhalb von 14 Tagen zur\u00fcckgeschickt und oft nur kurz benutzt. Der Gesamtzustand ist fast wie neu.<\/strong><\/em><\/p>","protected":false},"excerpt":{"rendered":"<ul>\n<li>Omnidirektionale Audioaufnahme, optimiert f\u00fcr Gesang.<\/li>\n<li>Intelligente Ger\u00e4uschunterdr\u00fcckung f\u00fcr klare Gespr\u00e4che.<\/li>\n<li>Betriebsdauer von 6 Stunden, mit Ladekoffer auf 18 Stunden verl\u00e4ngerbar.<\/li>\n<li>Maximale Audio-\u00dcbertragungsreichweite von 250 m (820 ft.).<\/li>\n<li>Automatische Kopplung \u00fcber die Ladepatrone f\u00fcr den sofortigen Einsatz.<\/li>\n<li>8 GB interner Speicher f\u00fcr bis zu 14 Stunden Audiomaterial.<\/li>\n<li>Unterst\u00fctzt USB-C, Lightning und 3,5 mm TRS-Ausg\u00e4nge.<\/li>\n<li>Kompatibel mit Kameras, Smartphones und Computern.<\/li>\n<\/ul>","protected":false},"featured_media":3799,"template":"","meta":{"_acf_changed":false},"product_brand":[],"product_cat":[97,191,600,139],"product_tag":[],"class_list":{"0":"post-3802","1":"product","2":"type-product","3":"status-publish","4":"has-post-thumbnail","6":"product_cat-alle-producten","7":"product_cat-dji-mic","8":"product_cat-dji-mic-2","9":"product_cat-refurbished","10":"product_shipping_class-acsystemsall","11":"pa_brand-dji","12":"pa_productfamily-microfoon","13":"pa_producttype-microfoon","14":"pa_series-mic-2","16":"first","17":"instock","18":"taxable","19":"shipping-taxable","20":"purchasable","21":"product-type-simple"},"acf":[],"yoast_head":"<!-- This site is optimized with the Yoast SEO Premium plugin v27.2 (Yoast SEO v27.2) - https:\/\/yoast.com\/product\/yoast-seo-premium-wordpress\/ -->\n<title>DJI Mic 2 (1 TX + 1 RX) (CE) - Refurbished - koningdrone.be<\/title>\n<meta name=\"robots\" content=\"index, follow, max-snippet:-1, max-image-preview:large, max-video-preview:-1\" \/>\n<link rel=\"canonical\" href=\"https:\/\/koningdrone.be\/de\/produkt\/dji-mic-2-1-tx-1-rx\/\" \/>\n<meta property=\"og:locale\" content=\"de_DE\" \/>\n<meta property=\"og:type\" content=\"article\" \/>\n<meta property=\"og:title\" content=\"DJI Mic 2 (1 TX + 1 RX) (CE) - Refurbished\" \/>\n<meta property=\"og:description\" content=\"Omnidirectionele audio-opname geoptimaliseerd voor zang.  Intelligente ruisonderdrukking voor heldere gesprekken.  Gebruiksduur van 6 uur, verlengbaar tot 18 uur met oplaadetui.  Maximaal audiotransmissiebereik van 250 m (820 ft.).  Automatische koppeling via de oplaadcassette voor onmiddellijk gebruik.  8 GB interne opslag voor maximaal 14 uur audio.  Ondersteunt USB-C-, Lightning- en 3,5 mm TRS-uitgangen.  Compatibel met camera&#039;s, smartphones en computers.\" \/>\n<meta property=\"og:url\" content=\"https:\/\/koningdrone.be\/de\/produkt\/dji-mic-2-1-tx-1-rx\/\" \/>\n<meta property=\"og:site_name\" content=\"koningdrone.be\" \/>\n<meta property=\"article:modified_time\" content=\"2026-04-29T02:10:35+00:00\" \/>\n<meta property=\"og:image\" content=\"https:\/\/koningdrone.be\/wp-content\/uploads\/sites\/13\/2025\/04\/507540ea4f3e91c7dbbf51a5a75a9d61@ultra.jpg\" \/>\n\t<meta property=\"og:image:width\" content=\"1280\" \/>\n\t<meta property=\"og:image:height\" content=\"1280\" \/>\n\t<meta property=\"og:image:type\" content=\"image\/jpeg\" \/>\n<meta name=\"twitter:card\" content=\"summary_large_image\" \/>\n<meta name=\"twitter:label1\" content=\"Gesch\u00e4tzte Lesezeit\" \/>\n\t<meta name=\"twitter:data1\" content=\"2\u00a0Minuten\" \/>\n<script type=\"application\/ld+json\" class=\"yoast-schema-graph\">{\"@context\":\"https:\/\/schema.org\",\"@graph\":[{\"@type\":\"WebPage\",\"@id\":\"https:\/\/koningdrone.be\/product\/dji-mic-2-1-tx-1-rx\/\",\"url\":\"https:\/\/koningdrone.be\/product\/dji-mic-2-1-tx-1-rx\/\",\"name\":\"DJI Mic 2 (1 TX + 1 RX) (CE) - Refurbished - koningdrone.be\",\"isPartOf\":{\"@id\":\"https:\/\/koningdrone.be\/#website\"},\"primaryImageOfPage\":{\"@id\":\"https:\/\/koningdrone.be\/product\/dji-mic-2-1-tx-1-rx\/#primaryimage\"},\"image\":{\"@id\":\"https:\/\/koningdrone.be\/product\/dji-mic-2-1-tx-1-rx\/#primaryimage\"},\"thumbnailUrl\":\"https:\/\/koningdrone.be\/wp-content\/uploads\/sites\/13\/2025\/04\/507540ea4f3e91c7dbbf51a5a75a9d61@ultra.jpg\",\"datePublished\":\"2024-03-18T09:43:33+00:00\",\"dateModified\":\"2026-04-29T02:10:35+00:00\",\"breadcrumb\":{\"@id\":\"https:\/\/koningdrone.be\/product\/dji-mic-2-1-tx-1-rx\/#breadcrumb\"},\"inLanguage\":\"de\",\"potentialAction\":[{\"@type\":\"ReadAction\",\"target\":[\"https:\/\/koningdrone.be\/product\/dji-mic-2-1-tx-1-rx\/\"]}]},{\"@type\":\"ImageObject\",\"inLanguage\":\"de\",\"@id\":\"https:\/\/koningdrone.be\/product\/dji-mic-2-1-tx-1-rx\/#primaryimage\",\"url\":\"https:\/\/koningdrone.be\/wp-content\/uploads\/sites\/13\/2025\/04\/507540ea4f3e91c7dbbf51a5a75a9d61@ultra.jpg\",\"contentUrl\":\"https:\/\/koningdrone.be\/wp-content\/uploads\/sites\/13\/2025\/04\/507540ea4f3e91c7dbbf51a5a75a9d61@ultra.jpg\",\"width\":1280,\"height\":1280},{\"@type\":\"BreadcrumbList\",\"@id\":\"https:\/\/koningdrone.be\/product\/dji-mic-2-1-tx-1-rx\/#breadcrumb\",\"itemListElement\":[{\"@type\":\"ListItem\",\"position\":1,\"name\":\"Home\",\"item\":\"https:\/\/koningdrone.be\/\"},{\"@type\":\"ListItem\",\"position\":2,\"name\":\"AVSS Parachute Recovery System for DJI Matrice 300\/350\",\"item\":\"https:\/\/koningdrone.be\/product\/avss-parachute-recovery-system-for-dji-matrice-300-350\/\"},{\"@type\":\"ListItem\",\"position\":3,\"name\":\"Alle producten\",\"item\":\"https:\/\/koningdrone.be\/categorie\/alle-producten\/\"},{\"@type\":\"ListItem\",\"position\":4,\"name\":\"DJI Mic 2 (1 TX + 1 RX) (CE) &#8211; Refurbished\"}]},{\"@type\":\"WebSite\",\"@id\":\"https:\/\/koningdrone.be\/#website\",\"url\":\"https:\/\/koningdrone.be\/\",\"name\":\"Koningdrone.be - Uw online specialist in drones, gimbals, camera's en power stations.\",\"description\":\"De webshop in drones en gimbals\",\"publisher\":{\"@id\":\"https:\/\/koningdrone.be\/#organization\"},\"potentialAction\":[{\"@type\":\"SearchAction\",\"target\":{\"@type\":\"EntryPoint\",\"urlTemplate\":\"https:\/\/koningdrone.be\/?s={search_term_string}\"},\"query-input\":{\"@type\":\"PropertyValueSpecification\",\"valueRequired\":true,\"valueName\":\"search_term_string\"}}],\"inLanguage\":\"de\"},{\"@type\":\"Organization\",\"@id\":\"https:\/\/koningdrone.be\/#organization\",\"name\":\"Koningdrone.be\",\"url\":\"https:\/\/koningdrone.be\/\",\"logo\":{\"@type\":\"ImageObject\",\"inLanguage\":\"de\",\"@id\":\"https:\/\/koningdrone.be\/#\/schema\/logo\/image\/\",\"url\":\"https:\/\/koningdrone.be\/wp-content\/uploads\/sites\/13\/2025\/04\/koningdrone-copyright-logo.svg\",\"contentUrl\":\"https:\/\/koningdrone.be\/wp-content\/uploads\/sites\/13\/2025\/04\/koningdrone-copyright-logo.svg\",\"width\":227,\"height\":38,\"caption\":\"Koningdrone.be\"},\"image\":{\"@id\":\"https:\/\/koningdrone.be\/#\/schema\/logo\/image\/\"}}]}<\/script>\n<!-- \/ Yoast SEO Premium plugin. -->","yoast_head_json":{"title":"DJI Mic 2 (1 TX + 1 RX) (CE) - Refurbished - koningdrone.be","robots":{"index":"index","follow":"follow","max-snippet":"max-snippet:-1","max-image-preview":"max-image-preview:large","max-video-preview":"max-video-preview:-1"},"canonical":"https:\/\/koningdrone.be\/de\/produkt\/dji-mic-2-1-tx-1-rx\/","og_locale":"de_DE","og_type":"article","og_title":"DJI Mic 2 (1 TX + 1 RX) (CE) - Refurbished","og_description":"Omnidirectionele audio-opname geoptimaliseerd voor zang.  Intelligente ruisonderdrukking voor heldere gesprekken.  Gebruiksduur van 6 uur, verlengbaar tot 18 uur met oplaadetui.  Maximaal audiotransmissiebereik van 250 m (820 ft.).  Automatische koppeling via de oplaadcassette voor onmiddellijk gebruik.  8 GB interne opslag voor maximaal 14 uur audio.  Ondersteunt USB-C-, Lightning- en 3,5 mm TRS-uitgangen.  Compatibel met camera's, smartphones en computers.","og_url":"https:\/\/koningdrone.be\/de\/produkt\/dji-mic-2-1-tx-1-rx\/","og_site_name":"koningdrone.be","article_modified_time":"2026-04-29T02:10:35+00:00","og_image":[{"width":1280,"height":1280,"url":"https:\/\/koningdrone.be\/wp-content\/uploads\/sites\/13\/2025\/04\/507540ea4f3e91c7dbbf51a5a75a9d61@ultra.jpg","type":"image\/jpeg"}],"twitter_card":"summary_large_image","twitter_misc":{"Gesch\u00e4tzte Lesezeit":"2\u00a0Minuten"},"schema":{"@context":"https:\/\/schema.org","@graph":[{"@type":"WebPage","@id":"https:\/\/koningdrone.be\/product\/dji-mic-2-1-tx-1-rx\/","url":"https:\/\/koningdrone.be\/product\/dji-mic-2-1-tx-1-rx\/","name":"DJI Mic 2 (1 TX + 1 RX) (CE) - Refurbished - koningdrone.be","isPartOf":{"@id":"https:\/\/koningdrone.be\/#website"},"primaryImageOfPage":{"@id":"https:\/\/koningdrone.be\/product\/dji-mic-2-1-tx-1-rx\/#primaryimage"},"image":{"@id":"https:\/\/koningdrone.be\/product\/dji-mic-2-1-tx-1-rx\/#primaryimage"},"thumbnailUrl":"https:\/\/koningdrone.be\/wp-content\/uploads\/sites\/13\/2025\/04\/507540ea4f3e91c7dbbf51a5a75a9d61@ultra.jpg","datePublished":"2024-03-18T09:43:33+00:00","dateModified":"2026-04-29T02:10:35+00:00","breadcrumb":{"@id":"https:\/\/koningdrone.be\/product\/dji-mic-2-1-tx-1-rx\/#breadcrumb"},"inLanguage":"de","potentialAction":[{"@type":"ReadAction","target":["https:\/\/koningdrone.be\/product\/dji-mic-2-1-tx-1-rx\/"]}]},{"@type":"ImageObject","inLanguage":"de","@id":"https:\/\/koningdrone.be\/product\/dji-mic-2-1-tx-1-rx\/#primaryimage","url":"https:\/\/koningdrone.be\/wp-content\/uploads\/sites\/13\/2025\/04\/507540ea4f3e91c7dbbf51a5a75a9d61@ultra.jpg","contentUrl":"https:\/\/koningdrone.be\/wp-content\/uploads\/sites\/13\/2025\/04\/507540ea4f3e91c7dbbf51a5a75a9d61@ultra.jpg","width":1280,"height":1280},{"@type":"BreadcrumbList","@id":"https:\/\/koningdrone.be\/product\/dji-mic-2-1-tx-1-rx\/#breadcrumb","itemListElement":[{"@type":"ListItem","position":1,"name":"Home","item":"https:\/\/koningdrone.be\/"},{"@type":"ListItem","position":2,"name":"AVSS Parachute Recovery System for DJI Matrice 300\/350","item":"https:\/\/koningdrone.be\/product\/avss-parachute-recovery-system-for-dji-matrice-300-350\/"},{"@type":"ListItem","position":3,"name":"Alle producten","item":"https:\/\/koningdrone.be\/categorie\/alle-producten\/"},{"@type":"ListItem","position":4,"name":"DJI Mic 2 (1 TX + 1 RX) (CE) &#8211; Refurbished"}]},{"@type":"WebSite","@id":"https:\/\/koningdrone.be\/#website","url":"https:\/\/koningdrone.be\/","name":"Koningdrone.be - Ihr Online-Spezialist f\u00fcr Drohnen, Gimbals, Kameras und Kraftwerke.","description":"Der Webshop f\u00fcr Drohnen und Gimbals","publisher":{"@id":"https:\/\/koningdrone.be\/#organization"},"potentialAction":[{"@type":"SearchAction","target":{"@type":"EntryPoint","urlTemplate":"https:\/\/koningdrone.be\/?s={search_term_string}"},"query-input":{"@type":"PropertyValueSpecification","valueRequired":true,"valueName":"search_term_string"}}],"inLanguage":"de"},{"@type":"Organization","@id":"https:\/\/koningdrone.be\/#organization","name":"Kingdrone.de","url":"https:\/\/koningdrone.be\/","logo":{"@type":"ImageObject","inLanguage":"de","@id":"https:\/\/koningdrone.be\/#\/schema\/logo\/image\/","url":"https:\/\/koningdrone.be\/wp-content\/uploads\/sites\/13\/2025\/04\/koningdrone-copyright-logo.svg","contentUrl":"https:\/\/koningdrone.be\/wp-content\/uploads\/sites\/13\/2025\/04\/koningdrone-copyright-logo.svg","width":227,"height":38,"caption":"Koningdrone.be"},"image":{"@id":"https:\/\/koningdrone.be\/#\/schema\/logo\/image\/"}}]}},"df_price":162,"df_sale_price":"","df_regular_price":162,"df_image_link":"https:\/\/koningdrone.be\/wp-content\/uploads\/sites\/13\/2025\/04\/507540ea4f3e91c7dbbf51a5a75a9d61@ultra-300x300.jpg","_links":{"self":[{"href":"https:\/\/koningdrone.be\/de\/wp-json\/wp\/v2\/product\/3802","targetHints":{"allow":["GET"]}}],"collection":[{"href":"https:\/\/koningdrone.be\/de\/wp-json\/wp\/v2\/product"}],"about":[{"href":"https:\/\/koningdrone.be\/de\/wp-json\/wp\/v2\/types\/product"}],"wp:featuredmedia":[{"embeddable":true,"href":"https:\/\/koningdrone.be\/de\/wp-json\/wp\/v2\/media\/3799"}],"wp:attachment":[{"href":"https:\/\/koningdrone.be\/de\/wp-json\/wp\/v2\/media?parent=3802"}],"wp:term":[{"taxonomy":"product_brand","embeddable":true,"href":"https:\/\/koningdrone.be\/de\/wp-json\/wp\/v2\/product_brand?post=3802"},{"taxonomy":"product_cat","embeddable":true,"href":"https:\/\/koningdrone.be\/de\/wp-json\/wp\/v2\/product_cat?post=3802"},{"taxonomy":"product_tag","embeddable":true,"href":"https:\/\/koningdrone.be\/de\/wp-json\/wp\/v2\/product_tag?post=3802"}],"curies":[{"name":"wp","href":"https:\/\/api.w.org\/{rel}","templated":true}]}}