{"id":3798,"date":"2024-03-18T10:43:33","date_gmt":"2024-03-18T09:43:33","guid":{"rendered":"https:\/\/koningdrone.nl\/kon\/product\/dji-mic-2-2-tx-1-rx-charging-case\/"},"modified":"2026-05-01T14:50:39","modified_gmt":"2026-05-01T12:50:39","slug":"dji-mic-2-2-tx-1-rx-charging-case","status":"publish","type":"product","link":"https:\/\/koningdrone.be\/de\/produkt\/dji-mic-2-2-tx-1-rx-charging-case\/","title":{"rendered":"DJI Mic 2 (2 TX + 1 RX + Ladekoffer)"},"content":{"rendered":"<p><strong>Verbesserte Audioqualit\u00e4t<\/strong><\/p>\n<p>Das DJI Mic 2 wurde sorgf\u00e4ltig entwickelt, um die Qualit\u00e4t Ihrer Audioaufnahmen zu verbessern, was es zu einer hervorragenden Wahl f\u00fcr verschiedene Projekte wie Vlogs und Interviews macht. Das Ger\u00e4t f\u00e4ngt den Ton aus allen Winkeln gekonnt ein und unterstreicht die Klarheit der Stimme. Dar\u00fcber hinaus verf\u00fcgt es \u00fcber eine innovative Funktion, die Hintergrundger\u00e4usche effektiv reduziert, sodass Ihre Aufnahmen auch in lauten Umgebungen klar bleiben.<\/p>\n<p><strong>Verl\u00e4ngerte Lebensdauer der Batterie<\/strong><\/p>\n<p>Eine der herausragenden Eigenschaften des DJI Mic 2 ist seine beeindruckende Akkulaufzeit. Sowohl der Sender als auch der Empf\u00e4nger k\u00f6nnen mit einer einzigen Ladung 6 Stunden lang betrieben werden. F\u00fcr Projekte, die l\u00e4ngere Aufnahmezeiten erfordern, liefert die Ladekassette zus\u00e4tzliche Energie und verl\u00e4ngert die Gesamtbetriebszeit auf 18 Stunden. Diese Funktion reduziert den Bedarf an regelm\u00e4\u00dfigem Aufladen erheblich und erm\u00f6glicht es Ihnen, sich auf Ihr Projekt zu konzentrieren.<\/p>\n<p><strong>Gro\u00dfe \u00dcbertragungsreichweite<\/strong><\/p>\n<p>Mit einer maximalen Audio\u00fcbertragungsreichweite von 250 Metern ist das DJI Mic 2 vielseitig und zuverl\u00e4ssig in verschiedenen Aufnahmeumgebungen. Mit dieser Funktion k\u00f6nnen Sie auch aus gr\u00f6\u00dferer Entfernung qualitativ hochwertige Audioaufnahmen machen, was die Flexibilit\u00e4t und das Potenzial Ihrer Aufnahmen erh\u00f6ht.<\/p>\n<p><strong>Einfache Installation<\/strong><\/p>\n<p>Der Ladekoffer f\u00fcr das DJI Mic 2 bietet mehr als nur eine Ladefunktion. Es erleichtert auch das automatische Pairing des Empf\u00e4ngers und des Senders und vereinfacht so den Installationsprozess. So k\u00f6nnen Sie schnell mit Ihren Aufnahmeprojekten beginnen, ohne sich mit manuellen Konfigurationen herumschlagen zu m\u00fcssen.<\/p>\n<p><strong>Gro\u00dfz\u00fcgiger Stauraum<\/strong><\/p>\n<p>Jeder Sender ist mit einem integrierten Speicher von 8 GB ausgestattet, der bis zu 14 Stunden hochwertige Audioaufnahmen erm\u00f6glicht. Diese Funktion ist besonders n\u00fctzlich, da sie eine direkte Aufzeichnung auf dem Ger\u00e4t erm\u00f6glicht. So k\u00f6nnen Sie Ihre wertvollen Audioinhalte sch\u00fctzen und sicherstellen, dass sie nicht verloren gehen, selbst wenn der Speicherplatz Ihres prim\u00e4ren Aufnahmeger\u00e4ts ersch\u00f6pft ist.<\/p>\n<p><strong>Vielseitige Konnektivit\u00e4t<\/strong><\/p>\n<p>Das DJI Mic 2 bietet eine breite Kompatibilit\u00e4t mit einer Vielzahl von Ger\u00e4ten, dank der Unterst\u00fctzung von USB-C- und Lightning-Anschl\u00fcssen, zus\u00e4tzlich zu einem traditionellen 3,5-mm-Klinke-Analogausgang. Egal ob Sie mit einer Kamera, einem Smartphone oder einem Computer arbeiten, das Mic 2 f\u00fcgt sich nahtlos in Ihr Setup ein und bietet Vielseitigkeit und Komfort.<\/p>","protected":false},"excerpt":{"rendered":"<ul>\n<li>Omnidirektionale Audioaufnahme, optimiert f\u00fcr Gesang<\/li>\n<li>Intelligente Rauschunterdr\u00fcckung f\u00fcr klare Gespr\u00e4che<\/li>\n<li>Akkulaufzeit von 6 Stunden, erweiterbar auf 18 Stunden mit Tasche<\/li>\n<li>Maximale Audio-\u00dcbertragungsreichweite von 250 Metern<\/li>\n<li>Automatische Kopplung mit Ladekoffer<\/li>\n<li>8 GB interner Speicher pro Sender<\/li>\n<li>Unterst\u00fctzt USB-C, Lightning und 3,5 mm TRS-Ausg\u00e4nge<\/li>\n<\/ul>","protected":false},"featured_media":3796,"template":"","meta":{"_acf_changed":false},"product_brand":[],"product_cat":[97,752,191,600],"product_tag":[],"class_list":{"0":"post-3798","1":"product","2":"type-product","3":"status-publish","4":"has-post-thumbnail","6":"product_cat-alle-producten","7":"product_cat-audio-apparatuur","8":"product_cat-dji-mic","9":"product_cat-dji-mic-2","10":"product_shipping_class-outofstock","11":"pa_brand-dji","12":"pa_productfamily-microfoon","13":"pa_producttype-microfoon","14":"pa_series-mic-2","16":"first","17":"outofstock","18":"taxable","19":"shipping-taxable","20":"purchasable","21":"product-type-simple"},"acf":[],"yoast_head":"<!-- This site is optimized with the Yoast SEO Premium plugin v27.2 (Yoast SEO v27.2) - https:\/\/yoast.com\/product\/yoast-seo-premium-wordpress\/ -->\n<title>DJI Mic 2 (2 TX + 1 RX + Charging Case) - koningdrone.be<\/title>\n<meta name=\"robots\" content=\"index, follow, max-snippet:-1, max-image-preview:large, max-video-preview:-1\" \/>\n<link rel=\"canonical\" href=\"https:\/\/koningdrone.be\/de\/produkt\/dji-mic-2-2-tx-1-rx-charging-case\/\" \/>\n<meta property=\"og:locale\" content=\"de_DE\" \/>\n<meta property=\"og:type\" content=\"article\" \/>\n<meta property=\"og:title\" content=\"DJI Mic 2 (2 TX + 1 RX + Charging Case)\" \/>\n<meta property=\"og:description\" content=\"Omnidirectionele audio-opname geoptimaliseerd voor zang  Intelligente ruisonderdrukking voor heldere gesprekken  Batterijduur van 6 uur, uitbreidbaar tot 18 uur met hoesje  Maximaal audiotransmissiebereik van 250 meter  Automatische koppeling met oplaadetui  8 GB intern geheugen per zender  Ondersteunt USB-C-, Lightning- en 3,5 mm TRS-uitgangen\" \/>\n<meta property=\"og:url\" content=\"https:\/\/koningdrone.be\/de\/produkt\/dji-mic-2-2-tx-1-rx-charging-case\/\" \/>\n<meta property=\"og:site_name\" content=\"koningdrone.be\" \/>\n<meta property=\"article:modified_time\" content=\"2026-05-01T12:50:39+00:00\" \/>\n<meta property=\"og:image\" content=\"https:\/\/koningdrone.be\/wp-content\/uploads\/sites\/13\/2025\/04\/52da2f4e9669832c5a94a557396a8e08@ultra.jpg\" \/>\n\t<meta property=\"og:image:width\" content=\"1280\" \/>\n\t<meta property=\"og:image:height\" content=\"1280\" \/>\n\t<meta property=\"og:image:type\" content=\"image\/jpeg\" \/>\n<meta name=\"twitter:card\" content=\"summary_large_image\" \/>\n<meta name=\"twitter:label1\" content=\"Gesch\u00e4tzte Lesezeit\" \/>\n\t<meta name=\"twitter:data1\" content=\"2\u00a0Minuten\" \/>\n<script type=\"application\/ld+json\" class=\"yoast-schema-graph\">{\"@context\":\"https:\/\/schema.org\",\"@graph\":[{\"@type\":\"WebPage\",\"@id\":\"https:\/\/koningdrone.be\/product\/dji-mic-2-2-tx-1-rx-charging-case\/\",\"url\":\"https:\/\/koningdrone.be\/product\/dji-mic-2-2-tx-1-rx-charging-case\/\",\"name\":\"DJI Mic 2 (2 TX + 1 RX + Charging Case) - koningdrone.be\",\"isPartOf\":{\"@id\":\"https:\/\/koningdrone.be\/#website\"},\"primaryImageOfPage\":{\"@id\":\"https:\/\/koningdrone.be\/product\/dji-mic-2-2-tx-1-rx-charging-case\/#primaryimage\"},\"image\":{\"@id\":\"https:\/\/koningdrone.be\/product\/dji-mic-2-2-tx-1-rx-charging-case\/#primaryimage\"},\"thumbnailUrl\":\"https:\/\/koningdrone.be\/wp-content\/uploads\/sites\/13\/2025\/04\/52da2f4e9669832c5a94a557396a8e08@ultra.jpg\",\"datePublished\":\"2024-03-18T09:43:33+00:00\",\"dateModified\":\"2026-05-01T12:50:39+00:00\",\"breadcrumb\":{\"@id\":\"https:\/\/koningdrone.be\/product\/dji-mic-2-2-tx-1-rx-charging-case\/#breadcrumb\"},\"inLanguage\":\"de\",\"potentialAction\":[{\"@type\":\"ReadAction\",\"target\":[\"https:\/\/koningdrone.be\/product\/dji-mic-2-2-tx-1-rx-charging-case\/\"]}]},{\"@type\":\"ImageObject\",\"inLanguage\":\"de\",\"@id\":\"https:\/\/koningdrone.be\/product\/dji-mic-2-2-tx-1-rx-charging-case\/#primaryimage\",\"url\":\"https:\/\/koningdrone.be\/wp-content\/uploads\/sites\/13\/2025\/04\/52da2f4e9669832c5a94a557396a8e08@ultra.jpg\",\"contentUrl\":\"https:\/\/koningdrone.be\/wp-content\/uploads\/sites\/13\/2025\/04\/52da2f4e9669832c5a94a557396a8e08@ultra.jpg\",\"width\":1280,\"height\":1280},{\"@type\":\"BreadcrumbList\",\"@id\":\"https:\/\/koningdrone.be\/product\/dji-mic-2-2-tx-1-rx-charging-case\/#breadcrumb\",\"itemListElement\":[{\"@type\":\"ListItem\",\"position\":1,\"name\":\"Home\",\"item\":\"https:\/\/koningdrone.be\/\"},{\"@type\":\"ListItem\",\"position\":2,\"name\":\"AVSS Parachute Recovery System for DJI Matrice 300\/350\",\"item\":\"https:\/\/koningdrone.be\/product\/avss-parachute-recovery-system-for-dji-matrice-300-350\/\"},{\"@type\":\"ListItem\",\"position\":3,\"name\":\"Alle producten\",\"item\":\"https:\/\/koningdrone.be\/categorie\/alle-producten\/\"},{\"@type\":\"ListItem\",\"position\":4,\"name\":\"DJI Mic 2 (2 TX + 1 RX + Charging Case)\"}]},{\"@type\":\"WebSite\",\"@id\":\"https:\/\/koningdrone.be\/#website\",\"url\":\"https:\/\/koningdrone.be\/\",\"name\":\"Koningdrone.be - Uw online specialist in drones, gimbals, camera's en power stations.\",\"description\":\"De webshop in drones en gimbals\",\"publisher\":{\"@id\":\"https:\/\/koningdrone.be\/#organization\"},\"potentialAction\":[{\"@type\":\"SearchAction\",\"target\":{\"@type\":\"EntryPoint\",\"urlTemplate\":\"https:\/\/koningdrone.be\/?s={search_term_string}\"},\"query-input\":{\"@type\":\"PropertyValueSpecification\",\"valueRequired\":true,\"valueName\":\"search_term_string\"}}],\"inLanguage\":\"de\"},{\"@type\":\"Organization\",\"@id\":\"https:\/\/koningdrone.be\/#organization\",\"name\":\"Koningdrone.be\",\"url\":\"https:\/\/koningdrone.be\/\",\"logo\":{\"@type\":\"ImageObject\",\"inLanguage\":\"de\",\"@id\":\"https:\/\/koningdrone.be\/#\/schema\/logo\/image\/\",\"url\":\"https:\/\/koningdrone.be\/wp-content\/uploads\/sites\/13\/2025\/04\/koningdrone-copyright-logo.svg\",\"contentUrl\":\"https:\/\/koningdrone.be\/wp-content\/uploads\/sites\/13\/2025\/04\/koningdrone-copyright-logo.svg\",\"width\":227,\"height\":38,\"caption\":\"Koningdrone.be\"},\"image\":{\"@id\":\"https:\/\/koningdrone.be\/#\/schema\/logo\/image\/\"}}]}<\/script>\n<!-- \/ Yoast SEO Premium plugin. -->","yoast_head_json":{"title":"DJI Mic 2 (2 TX + 1 RX + Charging Case) - koningdrone.be","robots":{"index":"index","follow":"follow","max-snippet":"max-snippet:-1","max-image-preview":"max-image-preview:large","max-video-preview":"max-video-preview:-1"},"canonical":"https:\/\/koningdrone.be\/de\/produkt\/dji-mic-2-2-tx-1-rx-charging-case\/","og_locale":"de_DE","og_type":"article","og_title":"DJI Mic 2 (2 TX + 1 RX + Charging Case)","og_description":"Omnidirectionele audio-opname geoptimaliseerd voor zang  Intelligente ruisonderdrukking voor heldere gesprekken  Batterijduur van 6 uur, uitbreidbaar tot 18 uur met hoesje  Maximaal audiotransmissiebereik van 250 meter  Automatische koppeling met oplaadetui  8 GB intern geheugen per zender  Ondersteunt USB-C-, Lightning- en 3,5 mm TRS-uitgangen","og_url":"https:\/\/koningdrone.be\/de\/produkt\/dji-mic-2-2-tx-1-rx-charging-case\/","og_site_name":"koningdrone.be","article_modified_time":"2026-05-01T12:50:39+00:00","og_image":[{"width":1280,"height":1280,"url":"https:\/\/koningdrone.be\/wp-content\/uploads\/sites\/13\/2025\/04\/52da2f4e9669832c5a94a557396a8e08@ultra.jpg","type":"image\/jpeg"}],"twitter_card":"summary_large_image","twitter_misc":{"Gesch\u00e4tzte Lesezeit":"2\u00a0Minuten"},"schema":{"@context":"https:\/\/schema.org","@graph":[{"@type":"WebPage","@id":"https:\/\/koningdrone.be\/product\/dji-mic-2-2-tx-1-rx-charging-case\/","url":"https:\/\/koningdrone.be\/product\/dji-mic-2-2-tx-1-rx-charging-case\/","name":"DJI Mic 2 (2 TX + 1 RX + Charging Case) - koningdrone.be","isPartOf":{"@id":"https:\/\/koningdrone.be\/#website"},"primaryImageOfPage":{"@id":"https:\/\/koningdrone.be\/product\/dji-mic-2-2-tx-1-rx-charging-case\/#primaryimage"},"image":{"@id":"https:\/\/koningdrone.be\/product\/dji-mic-2-2-tx-1-rx-charging-case\/#primaryimage"},"thumbnailUrl":"https:\/\/koningdrone.be\/wp-content\/uploads\/sites\/13\/2025\/04\/52da2f4e9669832c5a94a557396a8e08@ultra.jpg","datePublished":"2024-03-18T09:43:33+00:00","dateModified":"2026-05-01T12:50:39+00:00","breadcrumb":{"@id":"https:\/\/koningdrone.be\/product\/dji-mic-2-2-tx-1-rx-charging-case\/#breadcrumb"},"inLanguage":"de","potentialAction":[{"@type":"ReadAction","target":["https:\/\/koningdrone.be\/product\/dji-mic-2-2-tx-1-rx-charging-case\/"]}]},{"@type":"ImageObject","inLanguage":"de","@id":"https:\/\/koningdrone.be\/product\/dji-mic-2-2-tx-1-rx-charging-case\/#primaryimage","url":"https:\/\/koningdrone.be\/wp-content\/uploads\/sites\/13\/2025\/04\/52da2f4e9669832c5a94a557396a8e08@ultra.jpg","contentUrl":"https:\/\/koningdrone.be\/wp-content\/uploads\/sites\/13\/2025\/04\/52da2f4e9669832c5a94a557396a8e08@ultra.jpg","width":1280,"height":1280},{"@type":"BreadcrumbList","@id":"https:\/\/koningdrone.be\/product\/dji-mic-2-2-tx-1-rx-charging-case\/#breadcrumb","itemListElement":[{"@type":"ListItem","position":1,"name":"Home","item":"https:\/\/koningdrone.be\/"},{"@type":"ListItem","position":2,"name":"AVSS Parachute Recovery System for DJI Matrice 300\/350","item":"https:\/\/koningdrone.be\/product\/avss-parachute-recovery-system-for-dji-matrice-300-350\/"},{"@type":"ListItem","position":3,"name":"Alle producten","item":"https:\/\/koningdrone.be\/categorie\/alle-producten\/"},{"@type":"ListItem","position":4,"name":"DJI Mic 2 (2 TX + 1 RX + Charging Case)"}]},{"@type":"WebSite","@id":"https:\/\/koningdrone.be\/#website","url":"https:\/\/koningdrone.be\/","name":"Koningdrone.be - Ihr Online-Spezialist f\u00fcr Drohnen, Gimbals, Kameras und Kraftwerke.","description":"Der Webshop f\u00fcr Drohnen und Gimbals","publisher":{"@id":"https:\/\/koningdrone.be\/#organization"},"potentialAction":[{"@type":"SearchAction","target":{"@type":"EntryPoint","urlTemplate":"https:\/\/koningdrone.be\/?s={search_term_string}"},"query-input":{"@type":"PropertyValueSpecification","valueRequired":true,"valueName":"search_term_string"}}],"inLanguage":"de"},{"@type":"Organization","@id":"https:\/\/koningdrone.be\/#organization","name":"Kingdrone.de","url":"https:\/\/koningdrone.be\/","logo":{"@type":"ImageObject","inLanguage":"de","@id":"https:\/\/koningdrone.be\/#\/schema\/logo\/image\/","url":"https:\/\/koningdrone.be\/wp-content\/uploads\/sites\/13\/2025\/04\/koningdrone-copyright-logo.svg","contentUrl":"https:\/\/koningdrone.be\/wp-content\/uploads\/sites\/13\/2025\/04\/koningdrone-copyright-logo.svg","width":227,"height":38,"caption":"Koningdrone.be"},"image":{"@id":"https:\/\/koningdrone.be\/#\/schema\/logo\/image\/"}}]}},"df_price":249,"df_sale_price":"","df_regular_price":249,"df_image_link":"https:\/\/koningdrone.be\/wp-content\/uploads\/sites\/13\/2025\/04\/52da2f4e9669832c5a94a557396a8e08@ultra-300x300.jpg","_links":{"self":[{"href":"https:\/\/koningdrone.be\/de\/wp-json\/wp\/v2\/product\/3798","targetHints":{"allow":["GET"]}}],"collection":[{"href":"https:\/\/koningdrone.be\/de\/wp-json\/wp\/v2\/product"}],"about":[{"href":"https:\/\/koningdrone.be\/de\/wp-json\/wp\/v2\/types\/product"}],"wp:featuredmedia":[{"embeddable":true,"href":"https:\/\/koningdrone.be\/de\/wp-json\/wp\/v2\/media\/3796"}],"wp:attachment":[{"href":"https:\/\/koningdrone.be\/de\/wp-json\/wp\/v2\/media?parent=3798"}],"wp:term":[{"taxonomy":"product_brand","embeddable":true,"href":"https:\/\/koningdrone.be\/de\/wp-json\/wp\/v2\/product_brand?post=3798"},{"taxonomy":"product_cat","embeddable":true,"href":"https:\/\/koningdrone.be\/de\/wp-json\/wp\/v2\/product_cat?post=3798"},{"taxonomy":"product_tag","embeddable":true,"href":"https:\/\/koningdrone.be\/de\/wp-json\/wp\/v2\/product_tag?post=3798"}],"curies":[{"name":"wp","href":"https:\/\/api.w.org\/{rel}","templated":true}]}}