{"id":3789,"date":"2024-03-18T10:43:33","date_gmt":"2024-03-18T09:43:33","guid":{"rendered":"https:\/\/koningdrone.nl\/kon\/product\/livox-avia\/"},"modified":"2025-08-27T11:36:18","modified_gmt":"2025-08-27T09:36:18","slug":"livox-avia","status":"publish","type":"product","link":"https:\/\/koningdrone.be\/de\/produkt\/livox-avia\/","title":{"rendered":"Livox Avia"},"content":{"rendered":"<p><strong>Avia LiDAR-Sensor - Livox LiDAR: hochpr\u00e4zise und erschwinglich<\/strong><br \/>\nDer Livox Avia LiDAR-Sensor ist eine bahnbrechende Innovation in der LiDAR-Technologie. Dieses Produkt bietet unvergleichliche Genauigkeit und Effizienz f\u00fcr eine Vielzahl von Anwendungen. Entwickelt von Livox, einem Unternehmen, das f\u00fcr seine fortschrittliche Sensortechnologie bekannt ist. Der Livox LiDAR erf\u00fcllt die Anforderungen von autonomen Fahrzeugen und geografischen Kartierungen. Lassen Sie uns die wichtigsten Aspekte dieses Sensors erkunden. Dazu geh\u00f6ren seine Funktionsweise, seine Anwendungen und seine Preise.<\/p>\n<p>&nbsp;<\/p>","protected":false},"excerpt":{"rendered":"<ul>\n<li>Erfassungsbereich von 450 m;<\/li>\n<li>Gewicht 498 g;<\/li>\n<li>Dual-Scanning-Modus;<\/li>\n<li>Dreifach-R\u00fcckkehr;<\/li>\n<li>70,4\u00b0 *77,2\u00b0 BLICKWINKEL.<\/li>\n<\/ul>","protected":false},"featured_media":3787,"template":"","meta":{"_acf_changed":false},"product_brand":[],"product_cat":[187,97,751],"product_tag":[],"class_list":{"0":"post-3789","1":"product","2":"type-product","3":"status-publish","4":"has-post-thumbnail","6":"product_cat-alle-lidar","7":"product_cat-alle-producten","8":"product_cat-livox","9":"pa_brand-dji","10":"pa_productfamily-lidar-sensor","11":"pa_producttype-lidar-sensor","12":"pa_series-livox","14":"first","15":"instock","16":"taxable","17":"shipping-taxable","18":"product-type-simple"},"acf":[],"yoast_head":"<!-- This site is optimized with the Yoast SEO Premium plugin v27.2 (Yoast SEO v27.2) - https:\/\/yoast.com\/product\/yoast-seo-premium-wordpress\/ -->\n<title>Livox Avia - koningdrone.be<\/title>\n<meta name=\"robots\" content=\"index, follow, max-snippet:-1, max-image-preview:large, max-video-preview:-1\" \/>\n<link rel=\"canonical\" href=\"https:\/\/koningdrone.be\/de\/produit\/livox-avia\/\" \/>\n<meta property=\"og:locale\" content=\"de_DE\" \/>\n<meta property=\"og:type\" content=\"article\" \/>\n<meta property=\"og:title\" content=\"Livox Avia\" \/>\n<meta property=\"og:description\" content=\"Detectiebereik van 450 m;  Gewicht 498 g;  Dual-scanning-modus;  Triple-return;  70,4\u00b0 *77,2\u00b0 FOV.\" \/>\n<meta property=\"og:url\" content=\"https:\/\/koningdrone.be\/de\/produit\/livox-avia\/\" \/>\n<meta property=\"og:site_name\" content=\"koningdrone.be\" \/>\n<meta property=\"article:modified_time\" content=\"2025-08-27T09:36:18+00:00\" \/>\n<meta property=\"og:image\" content=\"https:\/\/koningdrone.be\/wp-content\/uploads\/sites\/13\/2025\/04\/9b636a623bed2ccefb84521b4b6156c7@large.jpg\" \/>\n\t<meta property=\"og:image:width\" content=\"1200\" \/>\n\t<meta property=\"og:image:height\" content=\"800\" \/>\n\t<meta property=\"og:image:type\" content=\"image\/jpeg\" \/>\n<meta name=\"twitter:card\" content=\"summary_large_image\" \/>\n<script type=\"application\/ld+json\" class=\"yoast-schema-graph\">{\"@context\":\"https:\/\/schema.org\",\"@graph\":[{\"@type\":\"WebPage\",\"@id\":\"https:\/\/koningdrone.be\/fr\/produit\/livox-avia\/\",\"url\":\"https:\/\/koningdrone.be\/fr\/produit\/livox-avia\/\",\"name\":\"Livox Avia - koningdrone.be\",\"isPartOf\":{\"@id\":\"https:\/\/koningdrone.be\/#website\"},\"primaryImageOfPage\":{\"@id\":\"https:\/\/koningdrone.be\/fr\/produit\/livox-avia\/#primaryimage\"},\"image\":{\"@id\":\"https:\/\/koningdrone.be\/fr\/produit\/livox-avia\/#primaryimage\"},\"thumbnailUrl\":\"https:\/\/koningdrone.be\/wp-content\/uploads\/sites\/13\/2025\/04\/9b636a623bed2ccefb84521b4b6156c7@large.jpg\",\"datePublished\":\"2024-03-18T09:43:33+00:00\",\"dateModified\":\"2025-08-27T09:36:18+00:00\",\"breadcrumb\":{\"@id\":\"https:\/\/koningdrone.be\/fr\/produit\/livox-avia\/#breadcrumb\"},\"inLanguage\":\"de\",\"potentialAction\":[{\"@type\":\"ReadAction\",\"target\":[\"https:\/\/koningdrone.be\/fr\/produit\/livox-avia\/\"]}]},{\"@type\":\"ImageObject\",\"inLanguage\":\"de\",\"@id\":\"https:\/\/koningdrone.be\/fr\/produit\/livox-avia\/#primaryimage\",\"url\":\"https:\/\/koningdrone.be\/wp-content\/uploads\/sites\/13\/2025\/04\/9b636a623bed2ccefb84521b4b6156c7@large.jpg\",\"contentUrl\":\"https:\/\/koningdrone.be\/wp-content\/uploads\/sites\/13\/2025\/04\/9b636a623bed2ccefb84521b4b6156c7@large.jpg\",\"width\":1200,\"height\":800},{\"@type\":\"BreadcrumbList\",\"@id\":\"https:\/\/koningdrone.be\/fr\/produit\/livox-avia\/#breadcrumb\",\"itemListElement\":[{\"@type\":\"ListItem\",\"position\":1,\"name\":\"Home\",\"item\":\"https:\/\/koningdrone.be\/\"},{\"@type\":\"ListItem\",\"position\":2,\"name\":\"AVSS Parachute Recovery System for DJI Matrice 300\/350\",\"item\":\"https:\/\/koningdrone.be\/product\/avss-parachute-recovery-system-for-dji-matrice-300-350\/\"},{\"@type\":\"ListItem\",\"position\":3,\"name\":\"Alle LiDaR\",\"item\":\"https:\/\/koningdrone.be\/categorie\/alle-lidar\/\"},{\"@type\":\"ListItem\",\"position\":4,\"name\":\"Livox Avia\"}]},{\"@type\":\"WebSite\",\"@id\":\"https:\/\/koningdrone.be\/#website\",\"url\":\"https:\/\/koningdrone.be\/\",\"name\":\"Koningdrone.be - Uw online specialist in drones, gimbals, camera's en power stations.\",\"description\":\"De webshop in drones en gimbals\",\"publisher\":{\"@id\":\"https:\/\/koningdrone.be\/#organization\"},\"potentialAction\":[{\"@type\":\"SearchAction\",\"target\":{\"@type\":\"EntryPoint\",\"urlTemplate\":\"https:\/\/koningdrone.be\/?s={search_term_string}\"},\"query-input\":{\"@type\":\"PropertyValueSpecification\",\"valueRequired\":true,\"valueName\":\"search_term_string\"}}],\"inLanguage\":\"de\"},{\"@type\":\"Organization\",\"@id\":\"https:\/\/koningdrone.be\/#organization\",\"name\":\"Koningdrone.be\",\"url\":\"https:\/\/koningdrone.be\/\",\"logo\":{\"@type\":\"ImageObject\",\"inLanguage\":\"de\",\"@id\":\"https:\/\/koningdrone.be\/#\/schema\/logo\/image\/\",\"url\":\"https:\/\/koningdrone.be\/wp-content\/uploads\/sites\/13\/2025\/04\/koningdrone-copyright-logo.svg\",\"contentUrl\":\"https:\/\/koningdrone.be\/wp-content\/uploads\/sites\/13\/2025\/04\/koningdrone-copyright-logo.svg\",\"width\":227,\"height\":38,\"caption\":\"Koningdrone.be\"},\"image\":{\"@id\":\"https:\/\/koningdrone.be\/#\/schema\/logo\/image\/\"}}]}<\/script>\n<!-- \/ Yoast SEO Premium plugin. -->","yoast_head_json":{"title":"Livox Avia - koningdrone.be","robots":{"index":"index","follow":"follow","max-snippet":"max-snippet:-1","max-image-preview":"max-image-preview:large","max-video-preview":"max-video-preview:-1"},"canonical":"https:\/\/koningdrone.be\/de\/produit\/livox-avia\/","og_locale":"de_DE","og_type":"article","og_title":"Livox Avia","og_description":"Detectiebereik van 450 m;  Gewicht 498 g;  Dual-scanning-modus;  Triple-return;  70,4\u00b0 *77,2\u00b0 FOV.","og_url":"https:\/\/koningdrone.be\/de\/produit\/livox-avia\/","og_site_name":"koningdrone.be","article_modified_time":"2025-08-27T09:36:18+00:00","og_image":[{"width":1200,"height":800,"url":"https:\/\/koningdrone.be\/wp-content\/uploads\/sites\/13\/2025\/04\/9b636a623bed2ccefb84521b4b6156c7@large.jpg","type":"image\/jpeg"}],"twitter_card":"summary_large_image","schema":{"@context":"https:\/\/schema.org","@graph":[{"@type":"WebPage","@id":"https:\/\/koningdrone.be\/fr\/produit\/livox-avia\/","url":"https:\/\/koningdrone.be\/fr\/produit\/livox-avia\/","name":"Livox Avia - koningdrone.be","isPartOf":{"@id":"https:\/\/koningdrone.be\/#website"},"primaryImageOfPage":{"@id":"https:\/\/koningdrone.be\/fr\/produit\/livox-avia\/#primaryimage"},"image":{"@id":"https:\/\/koningdrone.be\/fr\/produit\/livox-avia\/#primaryimage"},"thumbnailUrl":"https:\/\/koningdrone.be\/wp-content\/uploads\/sites\/13\/2025\/04\/9b636a623bed2ccefb84521b4b6156c7@large.jpg","datePublished":"2024-03-18T09:43:33+00:00","dateModified":"2025-08-27T09:36:18+00:00","breadcrumb":{"@id":"https:\/\/koningdrone.be\/fr\/produit\/livox-avia\/#breadcrumb"},"inLanguage":"de","potentialAction":[{"@type":"ReadAction","target":["https:\/\/koningdrone.be\/fr\/produit\/livox-avia\/"]}]},{"@type":"ImageObject","inLanguage":"de","@id":"https:\/\/koningdrone.be\/fr\/produit\/livox-avia\/#primaryimage","url":"https:\/\/koningdrone.be\/wp-content\/uploads\/sites\/13\/2025\/04\/9b636a623bed2ccefb84521b4b6156c7@large.jpg","contentUrl":"https:\/\/koningdrone.be\/wp-content\/uploads\/sites\/13\/2025\/04\/9b636a623bed2ccefb84521b4b6156c7@large.jpg","width":1200,"height":800},{"@type":"BreadcrumbList","@id":"https:\/\/koningdrone.be\/fr\/produit\/livox-avia\/#breadcrumb","itemListElement":[{"@type":"ListItem","position":1,"name":"Home","item":"https:\/\/koningdrone.be\/"},{"@type":"ListItem","position":2,"name":"AVSS Parachute Recovery System for DJI Matrice 300\/350","item":"https:\/\/koningdrone.be\/product\/avss-parachute-recovery-system-for-dji-matrice-300-350\/"},{"@type":"ListItem","position":3,"name":"Alle LiDaR","item":"https:\/\/koningdrone.be\/categorie\/alle-lidar\/"},{"@type":"ListItem","position":4,"name":"Livox Avia"}]},{"@type":"WebSite","@id":"https:\/\/koningdrone.be\/#website","url":"https:\/\/koningdrone.be\/","name":"Koningdrone.be - Ihr Online-Spezialist f\u00fcr Drohnen, Gimbals, Kameras und Kraftwerke.","description":"Der Webshop f\u00fcr Drohnen und Gimbals","publisher":{"@id":"https:\/\/koningdrone.be\/#organization"},"potentialAction":[{"@type":"SearchAction","target":{"@type":"EntryPoint","urlTemplate":"https:\/\/koningdrone.be\/?s={search_term_string}"},"query-input":{"@type":"PropertyValueSpecification","valueRequired":true,"valueName":"search_term_string"}}],"inLanguage":"de"},{"@type":"Organization","@id":"https:\/\/koningdrone.be\/#organization","name":"Kingdrone.de","url":"https:\/\/koningdrone.be\/","logo":{"@type":"ImageObject","inLanguage":"de","@id":"https:\/\/koningdrone.be\/#\/schema\/logo\/image\/","url":"https:\/\/koningdrone.be\/wp-content\/uploads\/sites\/13\/2025\/04\/koningdrone-copyright-logo.svg","contentUrl":"https:\/\/koningdrone.be\/wp-content\/uploads\/sites\/13\/2025\/04\/koningdrone-copyright-logo.svg","width":227,"height":38,"caption":"Koningdrone.be"},"image":{"@id":"https:\/\/koningdrone.be\/#\/schema\/logo\/image\/"}}]}},"df_price":"","df_sale_price":"","df_regular_price":"","df_image_link":"https:\/\/koningdrone.be\/wp-content\/uploads\/sites\/13\/2025\/04\/9b636a623bed2ccefb84521b4b6156c7@large-300x200.jpg","_links":{"self":[{"href":"https:\/\/koningdrone.be\/de\/wp-json\/wp\/v2\/product\/3789","targetHints":{"allow":["GET"]}}],"collection":[{"href":"https:\/\/koningdrone.be\/de\/wp-json\/wp\/v2\/product"}],"about":[{"href":"https:\/\/koningdrone.be\/de\/wp-json\/wp\/v2\/types\/product"}],"wp:featuredmedia":[{"embeddable":true,"href":"https:\/\/koningdrone.be\/de\/wp-json\/wp\/v2\/media\/3787"}],"wp:attachment":[{"href":"https:\/\/koningdrone.be\/de\/wp-json\/wp\/v2\/media?parent=3789"}],"wp:term":[{"taxonomy":"product_brand","embeddable":true,"href":"https:\/\/koningdrone.be\/de\/wp-json\/wp\/v2\/product_brand?post=3789"},{"taxonomy":"product_cat","embeddable":true,"href":"https:\/\/koningdrone.be\/de\/wp-json\/wp\/v2\/product_cat?post=3789"},{"taxonomy":"product_tag","embeddable":true,"href":"https:\/\/koningdrone.be\/de\/wp-json\/wp\/v2\/product_tag?post=3789"}],"curies":[{"name":"wp","href":"https:\/\/api.w.org\/{rel}","templated":true}]}}