{"id":3782,"date":"2024-03-18T10:43:33","date_gmt":"2024-03-18T10:43:33","guid":{"rendered":"https:\/\/koningdrone.nl\/kon\/product\/osmo-mobile-6-platinum-gray\/"},"modified":"2025-04-29T11:56:57","modified_gmt":"2025-04-29T11:56:57","slug":"osmo-mobile-6-platinum-gray","status":"publish","type":"product","link":"https:\/\/koningdrone.be\/de\/produkt\/osmo-mobile-6-platinum-gray\/","title":{"rendered":"Osmo Mobile 6 Platin Grau"},"content":{"rendered":"<p><strong>Fortschrittliche Stabilisierungstechnologie<\/strong><\/p>\n<p> Genie\u00dfen Sie ruckelfreie Videos, die Sie sicher beeindrucken werden. Dieses Ger\u00e4t verf\u00fcgt \u00fcber eine Technologie, die daf\u00fcr sorgt, dass Ihre Aufnahmen auch unterwegs fl\u00fcssig sind.<\/p>\n<p><strong>Ausziehbar f\u00fcr kreative Aufnahmen<\/strong><\/p>\n<p> Sie verf\u00fcgt \u00fcber eine integrierte Verl\u00e4ngerungsstange, die sich bis auf 215 mm ausfahren l\u00e4sst. So k\u00f6nnen Sie Aufnahmen von oben oder unten machen und mehr Elemente in Ihre Selfies aufnehmen, z. B. Freunde, Haustiere oder Landschaften.<\/p>\n<p><strong>Schnell und einfach zu starten<\/strong><\/p>\n<p> Bei diesem Produkt steht die Bequemlichkeit an erster Stelle. Klappen Sie einfach die kardanische Aufh\u00e4ngung aus, um es anzulegen, befestigen Sie es magnetisch und Sie sind bereit, sobald die Inspiration zuschl\u00e4gt.<\/p>\n<p><strong>Verbesserte Verfolgungsm\u00f6glichkeiten<\/strong><\/p>\n<p> Sie wurde erheblich verbessert und bietet nun eine bessere Verfolgung in Situationen mit mehreren Personen, die Verwendung des Zooms w\u00e4hrend der Verfolgung und die M\u00f6glichkeit, ein Motiv erneut zu verfolgen, wenn es das Bild kurzzeitig verl\u00e4sst.<\/p>\n<p><strong>Vereinfachte Fotografie und Bearbeitung<\/strong><\/p>\n<p> Mit den Apps DJI Mimo und LightCut wird das Aufnehmen und Bearbeiten zum Kinderspiel. Au\u00dferdem schl\u00e4gt die Funktion ShotGuides Aufnahmesequenzen vor und bietet Tutorials, die auf Ihren Inhalten basieren, was die Erstellung gro\u00dfartiger Videos erleichtert.<\/p>\n<p><\/p>","protected":false},"excerpt":{"rendered":"<ul>\n<li>Erweiterte Stabilisierung f\u00fcr sto\u00dffreie Ergebnisse<\/li>\n<li> Ausziehbar bis zu 215 mm f\u00fcr vielseitige Aufnahmewinkel<\/li>\n<li> Schnelle magnetische Verbindung f\u00fcr den sofortigen Einsatz<\/li>\n<li> Verbesserte Verfolgung in Szenen mit mehreren Personen<\/li>\n<li> Zoom-Option w\u00e4hrend der Verfolgung<\/li>\n<li> Verlorene Themen werden automatisch zur\u00fcckverfolgt<\/li>\n<li> Kompatibel mit DJI Mimo und LightCut f\u00fcr einfache Bearbeitung<\/li>\n<li> ShotGuides bietet personalisierte Aufnahmesequenzen und Tutorials<\/li>\n<\/ul>","protected":false},"featured_media":3779,"template":"","meta":{"_acf_changed":false},"product_brand":[],"product_cat":[410,97,297,747],"product_tag":[],"class_list":{"0":"post-3782","1":"product","2":"type-product","3":"status-publish","4":"has-post-thumbnail","6":"product_cat-alle-handheld-gimbals","7":"product_cat-alle-producten","8":"product_cat-dji-osmo","9":"product_cat-dji-osmo-mobile","10":"pa_brand-dji","11":"pa_productfamily-smartphone-stabilisator","12":"pa_producttype-smartphone-stabilisator","13":"pa_series-osmo-mobile","15":"first","16":"instock","17":"taxable","18":"shipping-taxable","19":"product-type-simple"},"acf":[],"yoast_head":"<!-- This site is optimized with the Yoast SEO Premium plugin v27.2 (Yoast SEO v27.2) - https:\/\/yoast.com\/product\/yoast-seo-premium-wordpress\/ -->\n<title>Osmo Mobile 6 Platinum Gray - koningdrone.be<\/title>\n<meta name=\"robots\" content=\"index, follow, max-snippet:-1, max-image-preview:large, max-video-preview:-1\" \/>\n<link rel=\"canonical\" href=\"https:\/\/koningdrone.be\/de\/produkt\/osmo-mobile-6-platinum-gray\/\" \/>\n<meta property=\"og:locale\" content=\"de_DE\" \/>\n<meta property=\"og:type\" content=\"article\" \/>\n<meta property=\"og:title\" content=\"Osmo Mobile 6 Platinum Gray\" \/>\n<meta property=\"og:description\" content=\"Geavanceerde stabilisatie voor schokvrije resultaten Uitschuifbaar tot 215 mm voor veelzijdige opnamehoeken Snelle magnetische verbinding voor onmiddellijk gebruik Verbeterde tracking in sc\u00e8nes met meerdere personen Zoommogelijkheid tijdens tracking Volgt verloren onderwerpen automatisch opnieuw Compatibel met DJI Mimo en LightCut voor eenvoudige bewerking ShotGuides biedt gepersonaliseerde opnamereeksen en tutorials\" \/>\n<meta property=\"og:url\" content=\"https:\/\/koningdrone.be\/de\/produkt\/osmo-mobile-6-platinum-gray\/\" \/>\n<meta property=\"og:site_name\" content=\"koningdrone.be\" \/>\n<meta property=\"article:modified_time\" content=\"2025-04-29T11:56:57+00:00\" \/>\n<meta property=\"og:image\" content=\"https:\/\/koningdrone.be\/wp-content\/uploads\/sites\/13\/2025\/04\/802cc89a0b55b97159f7bb2f843120c0@ultra.jpg\" \/>\n\t<meta property=\"og:image:width\" content=\"1280\" \/>\n\t<meta property=\"og:image:height\" content=\"1280\" \/>\n\t<meta property=\"og:image:type\" content=\"image\/jpeg\" \/>\n<meta name=\"twitter:card\" content=\"summary_large_image\" \/>\n<meta name=\"twitter:label1\" content=\"Gesch\u00e4tzte Lesezeit\" \/>\n\t<meta name=\"twitter:data1\" content=\"1\u00a0Minute\" \/>\n<script type=\"application\/ld+json\" class=\"yoast-schema-graph\">{\"@context\":\"https:\/\/schema.org\",\"@graph\":[{\"@type\":\"WebPage\",\"@id\":\"https:\/\/koningdrone.be\/product\/osmo-mobile-6-platinum-gray\/\",\"url\":\"https:\/\/koningdrone.be\/product\/osmo-mobile-6-platinum-gray\/\",\"name\":\"Osmo Mobile 6 Platinum Gray - koningdrone.be\",\"isPartOf\":{\"@id\":\"https:\/\/koningdrone.be\/#website\"},\"primaryImageOfPage\":{\"@id\":\"https:\/\/koningdrone.be\/product\/osmo-mobile-6-platinum-gray\/#primaryimage\"},\"image\":{\"@id\":\"https:\/\/koningdrone.be\/product\/osmo-mobile-6-platinum-gray\/#primaryimage\"},\"thumbnailUrl\":\"https:\/\/koningdrone.be\/wp-content\/uploads\/sites\/13\/2025\/04\/802cc89a0b55b97159f7bb2f843120c0@ultra.jpg\",\"datePublished\":\"2024-03-18T10:43:33+00:00\",\"dateModified\":\"2025-04-29T11:56:57+00:00\",\"breadcrumb\":{\"@id\":\"https:\/\/koningdrone.be\/product\/osmo-mobile-6-platinum-gray\/#breadcrumb\"},\"inLanguage\":\"de\",\"potentialAction\":[{\"@type\":\"ReadAction\",\"target\":[\"https:\/\/koningdrone.be\/product\/osmo-mobile-6-platinum-gray\/\"]}]},{\"@type\":\"ImageObject\",\"inLanguage\":\"de\",\"@id\":\"https:\/\/koningdrone.be\/product\/osmo-mobile-6-platinum-gray\/#primaryimage\",\"url\":\"https:\/\/koningdrone.be\/wp-content\/uploads\/sites\/13\/2025\/04\/802cc89a0b55b97159f7bb2f843120c0@ultra.jpg\",\"contentUrl\":\"https:\/\/koningdrone.be\/wp-content\/uploads\/sites\/13\/2025\/04\/802cc89a0b55b97159f7bb2f843120c0@ultra.jpg\",\"width\":1280,\"height\":1280},{\"@type\":\"BreadcrumbList\",\"@id\":\"https:\/\/koningdrone.be\/product\/osmo-mobile-6-platinum-gray\/#breadcrumb\",\"itemListElement\":[{\"@type\":\"ListItem\",\"position\":1,\"name\":\"Home\",\"item\":\"https:\/\/koningdrone.be\/\"},{\"@type\":\"ListItem\",\"position\":2,\"name\":\"AVSS Parachute Recovery System for DJI Matrice 300\/350\",\"item\":\"https:\/\/koningdrone.be\/product\/avss-parachute-recovery-system-for-dji-matrice-300-350\/\"},{\"@type\":\"ListItem\",\"position\":3,\"name\":\"Alle handheld gimbals\",\"item\":\"https:\/\/koningdrone.be\/categorie\/alle-handheld-gimbals\/\"},{\"@type\":\"ListItem\",\"position\":4,\"name\":\"Osmo Mobile 6 Platinum Gray\"}]},{\"@type\":\"WebSite\",\"@id\":\"https:\/\/koningdrone.be\/#website\",\"url\":\"https:\/\/koningdrone.be\/\",\"name\":\"Koningdrone.be - Uw online specialist in drones, gimbals, camera's en power stations.\",\"description\":\"De webshop in drones en gimbals\",\"publisher\":{\"@id\":\"https:\/\/koningdrone.be\/#organization\"},\"potentialAction\":[{\"@type\":\"SearchAction\",\"target\":{\"@type\":\"EntryPoint\",\"urlTemplate\":\"https:\/\/koningdrone.be\/?s={search_term_string}\"},\"query-input\":{\"@type\":\"PropertyValueSpecification\",\"valueRequired\":true,\"valueName\":\"search_term_string\"}}],\"inLanguage\":\"de\"},{\"@type\":\"Organization\",\"@id\":\"https:\/\/koningdrone.be\/#organization\",\"name\":\"Koningdrone.be\",\"url\":\"https:\/\/koningdrone.be\/\",\"logo\":{\"@type\":\"ImageObject\",\"inLanguage\":\"de\",\"@id\":\"https:\/\/koningdrone.be\/#\/schema\/logo\/image\/\",\"url\":\"https:\/\/koningdrone.be\/wp-content\/uploads\/sites\/13\/2025\/04\/koningdrone-copyright-logo.svg\",\"contentUrl\":\"https:\/\/koningdrone.be\/wp-content\/uploads\/sites\/13\/2025\/04\/koningdrone-copyright-logo.svg\",\"width\":227,\"height\":38,\"caption\":\"Koningdrone.be\"},\"image\":{\"@id\":\"https:\/\/koningdrone.be\/#\/schema\/logo\/image\/\"}}]}<\/script>\n<!-- \/ Yoast SEO Premium plugin. -->","yoast_head_json":{"title":"Osmo Mobile 6 Platinum Gray - koningdrone.be","robots":{"index":"index","follow":"follow","max-snippet":"max-snippet:-1","max-image-preview":"max-image-preview:large","max-video-preview":"max-video-preview:-1"},"canonical":"https:\/\/koningdrone.be\/de\/produkt\/osmo-mobile-6-platinum-gray\/","og_locale":"de_DE","og_type":"article","og_title":"Osmo Mobile 6 Platinum Gray","og_description":"Geavanceerde stabilisatie voor schokvrije resultaten Uitschuifbaar tot 215 mm voor veelzijdige opnamehoeken Snelle magnetische verbinding voor onmiddellijk gebruik Verbeterde tracking in sc\u00e8nes met meerdere personen Zoommogelijkheid tijdens tracking Volgt verloren onderwerpen automatisch opnieuw Compatibel met DJI Mimo en LightCut voor eenvoudige bewerking ShotGuides biedt gepersonaliseerde opnamereeksen en tutorials","og_url":"https:\/\/koningdrone.be\/de\/produkt\/osmo-mobile-6-platinum-gray\/","og_site_name":"koningdrone.be","article_modified_time":"2025-04-29T11:56:57+00:00","og_image":[{"width":1280,"height":1280,"url":"https:\/\/koningdrone.be\/wp-content\/uploads\/sites\/13\/2025\/04\/802cc89a0b55b97159f7bb2f843120c0@ultra.jpg","type":"image\/jpeg"}],"twitter_card":"summary_large_image","twitter_misc":{"Gesch\u00e4tzte Lesezeit":"1\u00a0Minute"},"schema":{"@context":"https:\/\/schema.org","@graph":[{"@type":"WebPage","@id":"https:\/\/koningdrone.be\/product\/osmo-mobile-6-platinum-gray\/","url":"https:\/\/koningdrone.be\/product\/osmo-mobile-6-platinum-gray\/","name":"Osmo Mobile 6 Platinum Gray - koningdrone.be","isPartOf":{"@id":"https:\/\/koningdrone.be\/#website"},"primaryImageOfPage":{"@id":"https:\/\/koningdrone.be\/product\/osmo-mobile-6-platinum-gray\/#primaryimage"},"image":{"@id":"https:\/\/koningdrone.be\/product\/osmo-mobile-6-platinum-gray\/#primaryimage"},"thumbnailUrl":"https:\/\/koningdrone.be\/wp-content\/uploads\/sites\/13\/2025\/04\/802cc89a0b55b97159f7bb2f843120c0@ultra.jpg","datePublished":"2024-03-18T10:43:33+00:00","dateModified":"2025-04-29T11:56:57+00:00","breadcrumb":{"@id":"https:\/\/koningdrone.be\/product\/osmo-mobile-6-platinum-gray\/#breadcrumb"},"inLanguage":"de","potentialAction":[{"@type":"ReadAction","target":["https:\/\/koningdrone.be\/product\/osmo-mobile-6-platinum-gray\/"]}]},{"@type":"ImageObject","inLanguage":"de","@id":"https:\/\/koningdrone.be\/product\/osmo-mobile-6-platinum-gray\/#primaryimage","url":"https:\/\/koningdrone.be\/wp-content\/uploads\/sites\/13\/2025\/04\/802cc89a0b55b97159f7bb2f843120c0@ultra.jpg","contentUrl":"https:\/\/koningdrone.be\/wp-content\/uploads\/sites\/13\/2025\/04\/802cc89a0b55b97159f7bb2f843120c0@ultra.jpg","width":1280,"height":1280},{"@type":"BreadcrumbList","@id":"https:\/\/koningdrone.be\/product\/osmo-mobile-6-platinum-gray\/#breadcrumb","itemListElement":[{"@type":"ListItem","position":1,"name":"Home","item":"https:\/\/koningdrone.be\/"},{"@type":"ListItem","position":2,"name":"AVSS Parachute Recovery System for DJI Matrice 300\/350","item":"https:\/\/koningdrone.be\/product\/avss-parachute-recovery-system-for-dji-matrice-300-350\/"},{"@type":"ListItem","position":3,"name":"Alle handheld gimbals","item":"https:\/\/koningdrone.be\/categorie\/alle-handheld-gimbals\/"},{"@type":"ListItem","position":4,"name":"Osmo Mobile 6 Platinum Gray"}]},{"@type":"WebSite","@id":"https:\/\/koningdrone.be\/#website","url":"https:\/\/koningdrone.be\/","name":"Koningdrone.be - Ihr Online-Spezialist f\u00fcr Drohnen, Gimbals, Kameras und Kraftwerke.","description":"Der Webshop f\u00fcr Drohnen und Gimbals","publisher":{"@id":"https:\/\/koningdrone.be\/#organization"},"potentialAction":[{"@type":"SearchAction","target":{"@type":"EntryPoint","urlTemplate":"https:\/\/koningdrone.be\/?s={search_term_string}"},"query-input":{"@type":"PropertyValueSpecification","valueRequired":true,"valueName":"search_term_string"}}],"inLanguage":"de"},{"@type":"Organization","@id":"https:\/\/koningdrone.be\/#organization","name":"Kingdrone.de","url":"https:\/\/koningdrone.be\/","logo":{"@type":"ImageObject","inLanguage":"de","@id":"https:\/\/koningdrone.be\/#\/schema\/logo\/image\/","url":"https:\/\/koningdrone.be\/wp-content\/uploads\/sites\/13\/2025\/04\/koningdrone-copyright-logo.svg","contentUrl":"https:\/\/koningdrone.be\/wp-content\/uploads\/sites\/13\/2025\/04\/koningdrone-copyright-logo.svg","width":227,"height":38,"caption":"Koningdrone.be"},"image":{"@id":"https:\/\/koningdrone.be\/#\/schema\/logo\/image\/"}}]}},"df_price":"","df_sale_price":"","df_regular_price":"","df_image_link":"https:\/\/koningdrone.be\/wp-content\/uploads\/sites\/13\/2025\/04\/802cc89a0b55b97159f7bb2f843120c0@ultra-300x300.jpg","_links":{"self":[{"href":"https:\/\/koningdrone.be\/de\/wp-json\/wp\/v2\/product\/3782","targetHints":{"allow":["GET"]}}],"collection":[{"href":"https:\/\/koningdrone.be\/de\/wp-json\/wp\/v2\/product"}],"about":[{"href":"https:\/\/koningdrone.be\/de\/wp-json\/wp\/v2\/types\/product"}],"wp:featuredmedia":[{"embeddable":true,"href":"https:\/\/koningdrone.be\/de\/wp-json\/wp\/v2\/media\/3779"}],"wp:attachment":[{"href":"https:\/\/koningdrone.be\/de\/wp-json\/wp\/v2\/media?parent=3782"}],"wp:term":[{"taxonomy":"product_brand","embeddable":true,"href":"https:\/\/koningdrone.be\/de\/wp-json\/wp\/v2\/product_brand?post=3782"},{"taxonomy":"product_cat","embeddable":true,"href":"https:\/\/koningdrone.be\/de\/wp-json\/wp\/v2\/product_cat?post=3782"},{"taxonomy":"product_tag","embeddable":true,"href":"https:\/\/koningdrone.be\/de\/wp-json\/wp\/v2\/product_tag?post=3782"}],"curies":[{"name":"wp","href":"https:\/\/api.w.org\/{rel}","templated":true}]}}