{"id":3774,"date":"2024-03-18T10:43:33","date_gmt":"2024-03-18T09:43:33","guid":{"rendered":"https:\/\/koningdrone.nl\/kon\/product\/zenmuse-l2\/"},"modified":"2026-04-29T14:50:55","modified_gmt":"2026-04-29T12:50:55","slug":"zenmuse-l2","status":"publish","type":"product","link":"https:\/\/koningdrone.be\/de\/produkt\/zenmuse-l2\/","title":{"rendered":"Zenmuse L2"},"content":{"rendered":"<p><strong>Hochpr\u00e4zise Positionierungstechnik<\/strong><\/p>\n<p>Dieses Produkt integriert die GNSS-Technologie (Global Navigation Satellite System) mit einem intern entwickelten hochpr\u00e4zisen IMU-System (Inertial Measurement Unit), das eine vertikale Genauigkeit von 4 cm und eine horizontale Genauigkeit von 5 cm bietet. Diese Kombination von Technologien gew\u00e4hrleistet eine genaue Standortverfolgung und Datenerfassung und macht es zu einer f\u00fchrenden L\u00f6sung in seinem Bereich.<\/p>\n<p><strong>Sofort einsatzbereit und effizient<\/strong><\/p>\n<p>Dieses Produkt wurde mit Blick auf Effizienz und Benutzerfreundlichkeit entwickelt und ist sofort nach der Aktivierung einsatzbereit. Es kann in einem einzigen Flug ein Gebiet von 2,5 Quadratkilometern abdecken und beweist damit, dass es in der Lage ist, schnell und effektiv umfassende Daten zu erfassen, was f\u00fcr zeitkritische Projekte unerl\u00e4sslich ist.<\/p>\n<p><strong>Beeindruckender Erfassungsbereich<\/strong><\/p>\n<p>Das Produkt zeichnet sich durch eine bemerkenswerte Erfassungsreichweite aus: Es erkennt Objekte in einer Entfernung von bis zu 250 Metern bei hellem Licht und bis zu 450 Metern bei Dunkelheit, wobei der Grad der Reflektivit\u00e4t variiert. Es arbeitet in einer H\u00f6he von bis zu 120 Metern und beweist seine Vielseitigkeit und Effektivit\u00e4t unter verschiedenen Umgebungsbedingungen.<\/p>\n<p><strong>Verbesserte Details und Pr\u00e4zision<\/strong><\/p>\n<p>Seine fortschrittliche Technologie erm\u00f6glicht die Erkennung kleinerer Objekte und die Erstellung hochdetaillierter Modelle. Mit einer Spotgr\u00f6\u00dfe von 4\u00d712 cm aus 100 Metern Entfernung erreicht das Produkt einen deutlich h\u00f6heren Detailgrad als fr\u00fchere Versionen und verbessert die Qualit\u00e4t und Genauigkeit der erfassten Daten.<\/p>\n<p><strong>3D-Modellierung und digitale H\u00f6henkarten<\/strong><\/p>\n<p>Mit einem einfachen Klick kann dieses Produkt ein 3D-Punktwolkenmodell und ein digitales H\u00f6henmodell (DEM) erzeugen, was den Kartierungsprozess vereinfacht. Die Qualit\u00e4t der Punktwolke kann mit der DJI Terra Software gr\u00fcndlich analysiert werden, was eine genaue und detaillierte Gel\u00e4ndekartierung erm\u00f6glicht.<\/p>\n<p><strong>Flexible Anzeigemodi<\/strong><\/p>\n<p>Das Produkt unterst\u00fctzt drei verschiedene Anzeigemodi: RGB (Farbdarstellung), Punktwolke (eine Sammlung von Datenpunkten im Raum) und eine nebeneinanderliegende Anzeige von Punktwolke und RGB. Dank dieser Vielseitigkeit k\u00f6nnen die Benutzer die aufgezeichneten 3D-Punktwolkenmodelle einfach in der Vorschau anzeigen, was die Fortschritts\u00fcberwachung in Echtzeit erleichtert und die Benutzerfreundlichkeit verbessert.<\/p>","protected":false},"excerpt":{"rendered":"<ul>\n<li>4 cm vertikale und 5 cm horizontale Genauigkeit mit GNSS- und IMU-System.<\/li>\n<li>Erfasst Punktwolkendaten von 2,5 km\u00b2 in einem einzigen Flug.<\/li>\n<li>Erfassungsbereich bis zu 250 m (niedriges Reflexionsverm\u00f6gen) und 450 m (hohes Reflexionsverm\u00f6gen).<\/li>\n<li>Seine Einsatzh\u00f6he betr\u00e4gt bis zu 120 Meter.<\/li>\n<li>Spotgr\u00f6\u00dfe von 4\u00d712 cm auf 100m f\u00fcr feinere Objekterkennung.<\/li>\n<li>Erzeugt standardm\u00e4\u00dfige 3D-Punktwolkenmodelle und DEM mit einem Klick.<\/li>\n<li>Unterst\u00fctzt die Anzeigemodi RGB, Punktwolke und Seite-an-Seite.<\/li>\n<li>Fortschrittskontrolle in Echtzeit mit schneller Vorschau des 3D-Punktwolkenmodells.<\/li>\n<\/ul>","protected":false},"featured_media":3772,"template":"","meta":{"_acf_changed":false},"product_brand":[],"product_cat":[298,187,97,153,316,742,115],"product_tag":[],"class_list":{"0":"post-3774","1":"product","2":"type-product","3":"status-publish","4":"has-post-thumbnail","6":"product_cat-alle-industriele-camera","7":"product_cat-alle-lidar","8":"product_cat-alle-producten","9":"product_cat-dji-matrice-350","10":"product_cat-dji-zenmuse","11":"product_cat-dji-zenmuse-l1","12":"product_cat-inspecties-met-drones","13":"product_shipping_class-outofstock","14":"pa_brand-dji","15":"pa_productfamily-lidar","16":"pa_producttype-lidar","17":"pa_series-zenmuse","19":"first","20":"outofstock","21":"taxable","22":"shipping-taxable","23":"purchasable","24":"product-type-simple"},"acf":[],"yoast_head":"<!-- This site is optimized with the Yoast SEO Premium plugin v27.2 (Yoast SEO v27.2) - https:\/\/yoast.com\/product\/yoast-seo-premium-wordpress\/ -->\n<title>Zenmuse L2 - koningdrone.be<\/title>\n<meta name=\"robots\" content=\"index, follow, max-snippet:-1, max-image-preview:large, max-video-preview:-1\" \/>\n<link rel=\"canonical\" href=\"https:\/\/koningdrone.be\/de\/produkt\/zenmuse-l2\/\" \/>\n<meta property=\"og:locale\" content=\"de_DE\" \/>\n<meta property=\"og:type\" content=\"article\" \/>\n<meta property=\"og:title\" content=\"Zenmuse L2\" \/>\n<meta property=\"og:description\" content=\"4 cm verticale en 5 cm horizontale nauwkeurigheid met GNSS- en IMU-systeem.  Verzamelt puntenwolkgegevens van 2,5 km\u00b2 in \u00e9\u00e9n enkele vlucht.  Detectiebereik tot 250 m (lage reflectiviteit) en 450 m (hoge reflectiviteit).  De operationele hoogte reikt tot 120 meter.  Spotgrootte van 4\u00d712 cm op 100m voor fijnere objectdetectie.  Genereert standaard 3D-puntenwolkmodellen en DEM met \u00e9\u00e9n klik.  Ondersteunt RGB-, puntenwolk- en zij-aan-zij-weergavemodi.  Realtime voortgangsbewaking met snelle preview van het 3D-puntenwolkmodel.\" \/>\n<meta property=\"og:url\" content=\"https:\/\/koningdrone.be\/de\/produkt\/zenmuse-l2\/\" \/>\n<meta property=\"og:site_name\" content=\"koningdrone.be\" \/>\n<meta property=\"article:modified_time\" content=\"2026-04-29T12:50:55+00:00\" \/>\n<meta property=\"og:image\" content=\"https:\/\/koningdrone.be\/wp-content\/uploads\/sites\/13\/2025\/04\/c42e4348c4e5007593dd6063825d06e5@ultra.jpg\" \/>\n\t<meta property=\"og:image:width\" content=\"1280\" \/>\n\t<meta property=\"og:image:height\" content=\"1280\" \/>\n\t<meta property=\"og:image:type\" content=\"image\/jpeg\" \/>\n<meta name=\"twitter:card\" content=\"summary_large_image\" \/>\n<meta name=\"twitter:label1\" content=\"Gesch\u00e4tzte Lesezeit\" \/>\n\t<meta name=\"twitter:data1\" content=\"2\u00a0Minuten\" \/>\n<script type=\"application\/ld+json\" class=\"yoast-schema-graph\">{\"@context\":\"https:\/\/schema.org\",\"@graph\":[{\"@type\":\"WebPage\",\"@id\":\"https:\/\/koningdrone.be\/product\/zenmuse-l2\/\",\"url\":\"https:\/\/koningdrone.be\/product\/zenmuse-l2\/\",\"name\":\"Zenmuse L2 - koningdrone.be\",\"isPartOf\":{\"@id\":\"https:\/\/koningdrone.be\/#website\"},\"primaryImageOfPage\":{\"@id\":\"https:\/\/koningdrone.be\/product\/zenmuse-l2\/#primaryimage\"},\"image\":{\"@id\":\"https:\/\/koningdrone.be\/product\/zenmuse-l2\/#primaryimage\"},\"thumbnailUrl\":\"https:\/\/koningdrone.be\/wp-content\/uploads\/sites\/13\/2025\/04\/c42e4348c4e5007593dd6063825d06e5@ultra.jpg\",\"datePublished\":\"2024-03-18T09:43:33+00:00\",\"dateModified\":\"2026-04-29T12:50:55+00:00\",\"breadcrumb\":{\"@id\":\"https:\/\/koningdrone.be\/product\/zenmuse-l2\/#breadcrumb\"},\"inLanguage\":\"de\",\"potentialAction\":[{\"@type\":\"ReadAction\",\"target\":[\"https:\/\/koningdrone.be\/product\/zenmuse-l2\/\"]}]},{\"@type\":\"ImageObject\",\"inLanguage\":\"de\",\"@id\":\"https:\/\/koningdrone.be\/product\/zenmuse-l2\/#primaryimage\",\"url\":\"https:\/\/koningdrone.be\/wp-content\/uploads\/sites\/13\/2025\/04\/c42e4348c4e5007593dd6063825d06e5@ultra.jpg\",\"contentUrl\":\"https:\/\/koningdrone.be\/wp-content\/uploads\/sites\/13\/2025\/04\/c42e4348c4e5007593dd6063825d06e5@ultra.jpg\",\"width\":1280,\"height\":1280},{\"@type\":\"BreadcrumbList\",\"@id\":\"https:\/\/koningdrone.be\/product\/zenmuse-l2\/#breadcrumb\",\"itemListElement\":[{\"@type\":\"ListItem\",\"position\":1,\"name\":\"Home\",\"item\":\"https:\/\/koningdrone.be\/\"},{\"@type\":\"ListItem\",\"position\":2,\"name\":\"AVSS Parachute Recovery System for DJI Matrice 300\/350\",\"item\":\"https:\/\/koningdrone.be\/product\/avss-parachute-recovery-system-for-dji-matrice-300-350\/\"},{\"@type\":\"ListItem\",\"position\":3,\"name\":\"Alle industriele camera\",\"item\":\"https:\/\/koningdrone.be\/categorie\/alle-industriele-camera\/\"},{\"@type\":\"ListItem\",\"position\":4,\"name\":\"Zenmuse L2\"}]},{\"@type\":\"WebSite\",\"@id\":\"https:\/\/koningdrone.be\/#website\",\"url\":\"https:\/\/koningdrone.be\/\",\"name\":\"Koningdrone.be - Uw online specialist in drones, gimbals, camera's en power stations.\",\"description\":\"De webshop in drones en gimbals\",\"publisher\":{\"@id\":\"https:\/\/koningdrone.be\/#organization\"},\"potentialAction\":[{\"@type\":\"SearchAction\",\"target\":{\"@type\":\"EntryPoint\",\"urlTemplate\":\"https:\/\/koningdrone.be\/?s={search_term_string}\"},\"query-input\":{\"@type\":\"PropertyValueSpecification\",\"valueRequired\":true,\"valueName\":\"search_term_string\"}}],\"inLanguage\":\"de\"},{\"@type\":\"Organization\",\"@id\":\"https:\/\/koningdrone.be\/#organization\",\"name\":\"Koningdrone.be\",\"url\":\"https:\/\/koningdrone.be\/\",\"logo\":{\"@type\":\"ImageObject\",\"inLanguage\":\"de\",\"@id\":\"https:\/\/koningdrone.be\/#\/schema\/logo\/image\/\",\"url\":\"https:\/\/koningdrone.be\/wp-content\/uploads\/sites\/13\/2025\/04\/koningdrone-copyright-logo.svg\",\"contentUrl\":\"https:\/\/koningdrone.be\/wp-content\/uploads\/sites\/13\/2025\/04\/koningdrone-copyright-logo.svg\",\"width\":227,\"height\":38,\"caption\":\"Koningdrone.be\"},\"image\":{\"@id\":\"https:\/\/koningdrone.be\/#\/schema\/logo\/image\/\"}}]}<\/script>\n<!-- \/ Yoast SEO Premium plugin. -->","yoast_head_json":{"title":"Zenmuse L2 - koningdrone.be","robots":{"index":"index","follow":"follow","max-snippet":"max-snippet:-1","max-image-preview":"max-image-preview:large","max-video-preview":"max-video-preview:-1"},"canonical":"https:\/\/koningdrone.be\/de\/produkt\/zenmuse-l2\/","og_locale":"de_DE","og_type":"article","og_title":"Zenmuse L2","og_description":"4 cm verticale en 5 cm horizontale nauwkeurigheid met GNSS- en IMU-systeem.  Verzamelt puntenwolkgegevens van 2,5 km\u00b2 in \u00e9\u00e9n enkele vlucht.  Detectiebereik tot 250 m (lage reflectiviteit) en 450 m (hoge reflectiviteit).  De operationele hoogte reikt tot 120 meter.  Spotgrootte van 4\u00d712 cm op 100m voor fijnere objectdetectie.  Genereert standaard 3D-puntenwolkmodellen en DEM met \u00e9\u00e9n klik.  Ondersteunt RGB-, puntenwolk- en zij-aan-zij-weergavemodi.  Realtime voortgangsbewaking met snelle preview van het 3D-puntenwolkmodel.","og_url":"https:\/\/koningdrone.be\/de\/produkt\/zenmuse-l2\/","og_site_name":"koningdrone.be","article_modified_time":"2026-04-29T12:50:55+00:00","og_image":[{"width":1280,"height":1280,"url":"https:\/\/koningdrone.be\/wp-content\/uploads\/sites\/13\/2025\/04\/c42e4348c4e5007593dd6063825d06e5@ultra.jpg","type":"image\/jpeg"}],"twitter_card":"summary_large_image","twitter_misc":{"Gesch\u00e4tzte Lesezeit":"2\u00a0Minuten"},"schema":{"@context":"https:\/\/schema.org","@graph":[{"@type":"WebPage","@id":"https:\/\/koningdrone.be\/product\/zenmuse-l2\/","url":"https:\/\/koningdrone.be\/product\/zenmuse-l2\/","name":"Zenmuse L2 - koningdrone.be","isPartOf":{"@id":"https:\/\/koningdrone.be\/#website"},"primaryImageOfPage":{"@id":"https:\/\/koningdrone.be\/product\/zenmuse-l2\/#primaryimage"},"image":{"@id":"https:\/\/koningdrone.be\/product\/zenmuse-l2\/#primaryimage"},"thumbnailUrl":"https:\/\/koningdrone.be\/wp-content\/uploads\/sites\/13\/2025\/04\/c42e4348c4e5007593dd6063825d06e5@ultra.jpg","datePublished":"2024-03-18T09:43:33+00:00","dateModified":"2026-04-29T12:50:55+00:00","breadcrumb":{"@id":"https:\/\/koningdrone.be\/product\/zenmuse-l2\/#breadcrumb"},"inLanguage":"de","potentialAction":[{"@type":"ReadAction","target":["https:\/\/koningdrone.be\/product\/zenmuse-l2\/"]}]},{"@type":"ImageObject","inLanguage":"de","@id":"https:\/\/koningdrone.be\/product\/zenmuse-l2\/#primaryimage","url":"https:\/\/koningdrone.be\/wp-content\/uploads\/sites\/13\/2025\/04\/c42e4348c4e5007593dd6063825d06e5@ultra.jpg","contentUrl":"https:\/\/koningdrone.be\/wp-content\/uploads\/sites\/13\/2025\/04\/c42e4348c4e5007593dd6063825d06e5@ultra.jpg","width":1280,"height":1280},{"@type":"BreadcrumbList","@id":"https:\/\/koningdrone.be\/product\/zenmuse-l2\/#breadcrumb","itemListElement":[{"@type":"ListItem","position":1,"name":"Home","item":"https:\/\/koningdrone.be\/"},{"@type":"ListItem","position":2,"name":"AVSS Parachute Recovery System for DJI Matrice 300\/350","item":"https:\/\/koningdrone.be\/product\/avss-parachute-recovery-system-for-dji-matrice-300-350\/"},{"@type":"ListItem","position":3,"name":"Alle industriele camera","item":"https:\/\/koningdrone.be\/categorie\/alle-industriele-camera\/"},{"@type":"ListItem","position":4,"name":"Zenmuse L2"}]},{"@type":"WebSite","@id":"https:\/\/koningdrone.be\/#website","url":"https:\/\/koningdrone.be\/","name":"Koningdrone.be - Ihr Online-Spezialist f\u00fcr Drohnen, Gimbals, Kameras und Kraftwerke.","description":"Der Webshop f\u00fcr Drohnen und Gimbals","publisher":{"@id":"https:\/\/koningdrone.be\/#organization"},"potentialAction":[{"@type":"SearchAction","target":{"@type":"EntryPoint","urlTemplate":"https:\/\/koningdrone.be\/?s={search_term_string}"},"query-input":{"@type":"PropertyValueSpecification","valueRequired":true,"valueName":"search_term_string"}}],"inLanguage":"de"},{"@type":"Organization","@id":"https:\/\/koningdrone.be\/#organization","name":"Kingdrone.de","url":"https:\/\/koningdrone.be\/","logo":{"@type":"ImageObject","inLanguage":"de","@id":"https:\/\/koningdrone.be\/#\/schema\/logo\/image\/","url":"https:\/\/koningdrone.be\/wp-content\/uploads\/sites\/13\/2025\/04\/koningdrone-copyright-logo.svg","contentUrl":"https:\/\/koningdrone.be\/wp-content\/uploads\/sites\/13\/2025\/04\/koningdrone-copyright-logo.svg","width":227,"height":38,"caption":"Koningdrone.be"},"image":{"@id":"https:\/\/koningdrone.be\/#\/schema\/logo\/image\/"}}]}},"df_price":13090,"df_sale_price":"","df_regular_price":13090,"df_image_link":"https:\/\/koningdrone.be\/wp-content\/uploads\/sites\/13\/2025\/04\/c42e4348c4e5007593dd6063825d06e5@ultra-300x300.jpg","_links":{"self":[{"href":"https:\/\/koningdrone.be\/de\/wp-json\/wp\/v2\/product\/3774","targetHints":{"allow":["GET"]}}],"collection":[{"href":"https:\/\/koningdrone.be\/de\/wp-json\/wp\/v2\/product"}],"about":[{"href":"https:\/\/koningdrone.be\/de\/wp-json\/wp\/v2\/types\/product"}],"wp:featuredmedia":[{"embeddable":true,"href":"https:\/\/koningdrone.be\/de\/wp-json\/wp\/v2\/media\/3772"}],"wp:attachment":[{"href":"https:\/\/koningdrone.be\/de\/wp-json\/wp\/v2\/media?parent=3774"}],"wp:term":[{"taxonomy":"product_brand","embeddable":true,"href":"https:\/\/koningdrone.be\/de\/wp-json\/wp\/v2\/product_brand?post=3774"},{"taxonomy":"product_cat","embeddable":true,"href":"https:\/\/koningdrone.be\/de\/wp-json\/wp\/v2\/product_cat?post=3774"},{"taxonomy":"product_tag","embeddable":true,"href":"https:\/\/koningdrone.be\/de\/wp-json\/wp\/v2\/product_tag?post=3774"}],"curies":[{"name":"wp","href":"https:\/\/api.w.org\/{rel}","templated":true}]}}