{"id":3751,"date":"2024-04-15T11:17:55","date_gmt":"2024-04-15T09:17:55","guid":{"rendered":"https:\/\/koningdrone.nl\/kon\/product\/dji-goggles-3\/"},"modified":"2026-04-29T04:30:09","modified_gmt":"2026-04-29T02:30:09","slug":"dji-goggles-3","status":"publish","type":"product","link":"https:\/\/koningdrone.be\/de\/produkt\/dji-goggles-3\/","title":{"rendered":"DJI Schutzbrille 3"},"content":{"rendered":"<p><strong>Produkt\u00fcbersicht<\/strong><\/p>\n<p> Verbessern Sie Ihr Flugerlebnis<\/p>\n<p>  <strong>Verbesserte Kontrollm\u00f6glichkeiten<\/strong><\/p>\n<p> Verbessern Sie Ihr Flugerlebnis mit unseren neuesten Drohnen. W\u00e4hlen Sie zwischen der DJI RC Motion 3 f\u00fcr ein immersives Bewegungssteuerungserlebnis oder entscheiden Sie sich f\u00fcr die RC-N2 oder RC 2 Fernsteuerungen, ideal f\u00fcr das Man\u00f6vrieren einer 3-Achsen-Kardanik-Kameradrohne. Genie\u00dfen Sie seidenweiche Live-\u00dcbertragungen f\u00fcr ein wirklich fesselndes First Person View (FPV) Flugerlebnis.<\/p>\n<p>  <strong>Erweiterte Video\u00fcbertragung<\/strong><\/p>\n<p> Der Avata 2 ist mit dem O4-Video\u00fcbertragungssystem ausgestattet, das eine extrem niedrige Latenzzeit (24 ms) und eine hohe Bitrate (60 Mbit\/s) bietet. Diese Technologie ist auch mit den Drohnen Air 3 und Mini 4 Pro kompatibel und liefert kristallklare und nahtlose First-Person-Bilder, die Ihre Fl\u00fcge zum Leben erwecken.<\/p>\n<p>  <strong>Verbesserte Sicherheit mit Real View PiP<\/strong><\/p>\n<p> Dank des Real View Picture-in-Picture (PiP)-Modus k\u00f6nnen Sie Ihre Umgebung beobachten, ohne die Brille abnehmen zu m\u00fcssen. Diese Funktion verbessert die Flugsicherheit, da Sie Ihre Umgebung problemlos beobachten k\u00f6nnen.<\/p>\n<p>  <strong>Optimiertes Seherlebnis<\/strong><\/p>\n<p> Erleben Sie atemberaubende Bilder mit einem 1080p Micro-OLED-Bildschirm mit einer Bildwiederholfrequenz von bis zu 100 Hz. Dieser Bildschirm ist au\u00dferdem vom T\u00dcV Rheinland f\u00fcr eine geringe Blaulichtexposition zertifiziert, was ihn f\u00fcr Ihre Augen noch angenehmer macht. Dar\u00fcber hinaus bietet die Brille eine breite Palette von Sehst\u00e4rkenanpassungen von -6,0 D bis +2,0 D, die sowohl f\u00fcr kurzsichtige als auch f\u00fcr weitsichtige Benutzer geeignet sind.<\/p>\n<p>  <strong>Integrierter Komfort<\/strong><\/p>\n<p> Der integrierte Akku und der Kopfb\u00fcgel bieten einen leichten, bequemen Sitz ohne l\u00e4stiges Kabelgewirr und eine Nutzungsdauer von bis zu 3 Stunden. Au\u00dferdem sorgt die Entfeuchtungsfunktion mit nur einem Tastendruck f\u00fcr klare Sicht bei pl\u00f6tzlichen Temperaturschwankungen oder feuchten Bedingungen.<\/p>\n<p>  <strong>Interaktives Streaming und Playback<\/strong><\/p>\n<p> \u00dcber eine Wi-Fi-Verbindung k\u00f6nnen Sie Ihren Flug mit der DJI Fly App drahtlos und in Echtzeit auf Ihr Smartphone \u00fcbertragen. Au\u00dferdem k\u00f6nnen Sie Panorama- und 3D-Videos auf eine SD-Karte laden und \u00fcber die Goggles 3 abspielen, um ein fesselndes und lebensechtes Seherlebnis zu erhalten.<\/p>","protected":false},"excerpt":{"rendered":"<ul>\n<li>Vollst\u00e4ndig immersive Bewegungssteuerung mit DJI RC Motion 3.<\/li>\n<li> Reibungslose Live-\u00dcbertragungen mit einer 3-Achsen-Kardanik-Kameradrohne.<\/li>\n<li> O4-Video\u00fcbertragung mit ultraniedriger Latenzzeit von 24 ms.<\/li>\n<li> Kompatibel mit Air 3 und Mini 4 Pro Drohnen.<\/li>\n<li> Kristallklares FPV mit hoher Bitrate von 60 Mbps.<\/li>\n<li> Real View PiP verbessert die Flugsicherheit.<\/li>\n<li> Langlebiger 1080p Micro-OLED-Bildschirm mit einer Bildwiederholfrequenz von bis zu 100 Hz.<\/li>\n<li> T\u00fcV Rheinland Low Blue Light Zertifizierung.<\/li>\n<li> Die Dioptrieneinstellung reicht von -6,0 D bis +2,0 D.<\/li>\n<li> Integrierter Akku und Kopfb\u00fcgel f\u00fcr 3 Stunden Betriebsdauer.<\/li>\n<li> Entfoggen mit einem Tastendruck f\u00fcr klare Sicht bei wechselnden Bedingungen.<\/li>\n<li> Kabelloses Streaming von Fl\u00fcgen \u00fcber die DJI Fly App.<\/li>\n<li> Unterst\u00fctzt die Wiedergabe von Panorama- und 3D-Videos auf SD-Karte.<\/li>\n<\/ul>","protected":false},"featured_media":3748,"template":"","meta":{"_acf_changed":false},"product_brand":[],"product_cat":[122,731,97,732,263,733,137,138,334],"product_tag":[],"class_list":{"0":"post-3751","1":"product","2":"type-product","3":"status-publish","4":"has-post-thumbnail","6":"product_cat-alle-afstandsbedieningen","7":"product_cat-alle-goggles","8":"product_cat-alle-producten","9":"product_cat-dji-air-3","10":"product_cat-dji-avata-2","11":"product_cat-dji-goggles","12":"product_cat-dji-mavic-3","13":"product_cat-dji-mavic-3-pro","14":"product_cat-dji-mini-4-pro","15":"product_shipping_class-dronelandall","16":"pa_brand-dji","17":"pa_productfamily-goggles","18":"pa_producttype-goggles","20":"first","21":"instock","22":"taxable","23":"shipping-taxable","24":"purchasable","25":"product-type-simple"},"acf":[],"yoast_head":"<!-- This site is optimized with the Yoast SEO Premium plugin v27.2 (Yoast SEO v27.2) - https:\/\/yoast.com\/product\/yoast-seo-premium-wordpress\/ -->\n<title>DJI Goggles 3 - koningdrone.be<\/title>\n<meta name=\"robots\" content=\"index, follow, max-snippet:-1, max-image-preview:large, max-video-preview:-1\" \/>\n<link rel=\"canonical\" href=\"https:\/\/koningdrone.be\/de\/produkt\/dji-goggles-3\/\" \/>\n<meta property=\"og:locale\" content=\"de_DE\" \/>\n<meta property=\"og:type\" content=\"article\" \/>\n<meta property=\"og:title\" content=\"DJI Goggles 3\" \/>\n<meta property=\"og:description\" content=\"Volledig meeslepende motion control met DJI RC Motion 3. Vloeiende livefeeds met een 3-assige cardanische cameradrone. O4-videotransmissie met ultralage latentie van 24 ms. Compatibel met Air 3- en Mini 4 Pro-drones. Kristalheldere FPV met 60 Mbps hoge bitsnelheid. Real View PiP verbetert de vliegveiligheid. Duurzaam 1080p Micro-OLED-scherm, vernieuwingsfrequentie tot 100 Hz. T\u00fcV Rheinland Low Blue Light-certificering. Dioptrieaanpassingen vari\u00ebren van -6,0 D tot +2,0 D. Ge\u00efntegreerd batterij- en hoofdbandontwerp voor 3 uur gebruik. Ontwasemen met \u00e9\u00e9n tik voor helder zicht onder veranderende omstandigheden. Draadloos streamen van vluchten via DJI Fly app. Ondersteunt panoramische en 3D-videoweergave op SD-kaart.\" \/>\n<meta property=\"og:url\" content=\"https:\/\/koningdrone.be\/de\/produkt\/dji-goggles-3\/\" \/>\n<meta property=\"og:site_name\" content=\"koningdrone.be\" \/>\n<meta property=\"article:modified_time\" content=\"2026-04-29T02:30:09+00:00\" \/>\n<meta property=\"og:image\" content=\"https:\/\/koningdrone.be\/wp-content\/uploads\/sites\/13\/2025\/04\/11f1b9a6818784862f637375f0767dff@large.jpg\" \/>\n\t<meta property=\"og:image:width\" content=\"1200\" \/>\n\t<meta property=\"og:image:height\" content=\"800\" \/>\n\t<meta property=\"og:image:type\" content=\"image\/jpeg\" \/>\n<meta name=\"twitter:card\" content=\"summary_large_image\" \/>\n<meta name=\"twitter:label1\" content=\"Gesch\u00e4tzte Lesezeit\" \/>\n\t<meta name=\"twitter:data1\" content=\"1\u00a0Minute\" \/>\n<script type=\"application\/ld+json\" class=\"yoast-schema-graph\">{\"@context\":\"https:\/\/schema.org\",\"@graph\":[{\"@type\":\"WebPage\",\"@id\":\"https:\/\/koningdrone.be\/product\/dji-goggles-3\/\",\"url\":\"https:\/\/koningdrone.be\/product\/dji-goggles-3\/\",\"name\":\"DJI Goggles 3 - koningdrone.be\",\"isPartOf\":{\"@id\":\"https:\/\/koningdrone.be\/#website\"},\"primaryImageOfPage\":{\"@id\":\"https:\/\/koningdrone.be\/product\/dji-goggles-3\/#primaryimage\"},\"image\":{\"@id\":\"https:\/\/koningdrone.be\/product\/dji-goggles-3\/#primaryimage\"},\"thumbnailUrl\":\"https:\/\/koningdrone.be\/wp-content\/uploads\/sites\/13\/2025\/04\/11f1b9a6818784862f637375f0767dff@large.jpg\",\"datePublished\":\"2024-04-15T09:17:55+00:00\",\"dateModified\":\"2026-04-29T02:30:09+00:00\",\"breadcrumb\":{\"@id\":\"https:\/\/koningdrone.be\/product\/dji-goggles-3\/#breadcrumb\"},\"inLanguage\":\"de\",\"potentialAction\":[{\"@type\":\"ReadAction\",\"target\":[\"https:\/\/koningdrone.be\/product\/dji-goggles-3\/\"]}]},{\"@type\":\"ImageObject\",\"inLanguage\":\"de\",\"@id\":\"https:\/\/koningdrone.be\/product\/dji-goggles-3\/#primaryimage\",\"url\":\"https:\/\/koningdrone.be\/wp-content\/uploads\/sites\/13\/2025\/04\/11f1b9a6818784862f637375f0767dff@large.jpg\",\"contentUrl\":\"https:\/\/koningdrone.be\/wp-content\/uploads\/sites\/13\/2025\/04\/11f1b9a6818784862f637375f0767dff@large.jpg\",\"width\":1200,\"height\":800},{\"@type\":\"BreadcrumbList\",\"@id\":\"https:\/\/koningdrone.be\/product\/dji-goggles-3\/#breadcrumb\",\"itemListElement\":[{\"@type\":\"ListItem\",\"position\":1,\"name\":\"Home\",\"item\":\"https:\/\/koningdrone.be\/\"},{\"@type\":\"ListItem\",\"position\":2,\"name\":\"AVSS Parachute Recovery System for DJI Matrice 300\/350\",\"item\":\"https:\/\/koningdrone.be\/product\/avss-parachute-recovery-system-for-dji-matrice-300-350\/\"},{\"@type\":\"ListItem\",\"position\":3,\"name\":\"Alle afstandsbedieningen\",\"item\":\"https:\/\/koningdrone.be\/categorie\/alle-afstandsbedieningen\/\"},{\"@type\":\"ListItem\",\"position\":4,\"name\":\"DJI Goggles 3\"}]},{\"@type\":\"WebSite\",\"@id\":\"https:\/\/koningdrone.be\/#website\",\"url\":\"https:\/\/koningdrone.be\/\",\"name\":\"Koningdrone.be - Uw online specialist in drones, gimbals, camera's en power stations.\",\"description\":\"De webshop in drones en gimbals\",\"publisher\":{\"@id\":\"https:\/\/koningdrone.be\/#organization\"},\"potentialAction\":[{\"@type\":\"SearchAction\",\"target\":{\"@type\":\"EntryPoint\",\"urlTemplate\":\"https:\/\/koningdrone.be\/?s={search_term_string}\"},\"query-input\":{\"@type\":\"PropertyValueSpecification\",\"valueRequired\":true,\"valueName\":\"search_term_string\"}}],\"inLanguage\":\"de\"},{\"@type\":\"Organization\",\"@id\":\"https:\/\/koningdrone.be\/#organization\",\"name\":\"Koningdrone.be\",\"url\":\"https:\/\/koningdrone.be\/\",\"logo\":{\"@type\":\"ImageObject\",\"inLanguage\":\"de\",\"@id\":\"https:\/\/koningdrone.be\/#\/schema\/logo\/image\/\",\"url\":\"https:\/\/koningdrone.be\/wp-content\/uploads\/sites\/13\/2025\/04\/koningdrone-copyright-logo.svg\",\"contentUrl\":\"https:\/\/koningdrone.be\/wp-content\/uploads\/sites\/13\/2025\/04\/koningdrone-copyright-logo.svg\",\"width\":227,\"height\":38,\"caption\":\"Koningdrone.be\"},\"image\":{\"@id\":\"https:\/\/koningdrone.be\/#\/schema\/logo\/image\/\"}}]}<\/script>\n<!-- \/ Yoast SEO Premium plugin. -->","yoast_head_json":{"title":"DJI Goggles 3 - koningdrone.be","robots":{"index":"index","follow":"follow","max-snippet":"max-snippet:-1","max-image-preview":"max-image-preview:large","max-video-preview":"max-video-preview:-1"},"canonical":"https:\/\/koningdrone.be\/de\/produkt\/dji-goggles-3\/","og_locale":"de_DE","og_type":"article","og_title":"DJI Goggles 3","og_description":"Volledig meeslepende motion control met DJI RC Motion 3. Vloeiende livefeeds met een 3-assige cardanische cameradrone. O4-videotransmissie met ultralage latentie van 24 ms. Compatibel met Air 3- en Mini 4 Pro-drones. Kristalheldere FPV met 60 Mbps hoge bitsnelheid. Real View PiP verbetert de vliegveiligheid. Duurzaam 1080p Micro-OLED-scherm, vernieuwingsfrequentie tot 100 Hz. T\u00fcV Rheinland Low Blue Light-certificering. Dioptrieaanpassingen vari\u00ebren van -6,0 D tot +2,0 D. Ge\u00efntegreerd batterij- en hoofdbandontwerp voor 3 uur gebruik. Ontwasemen met \u00e9\u00e9n tik voor helder zicht onder veranderende omstandigheden. Draadloos streamen van vluchten via DJI Fly app. Ondersteunt panoramische en 3D-videoweergave op SD-kaart.","og_url":"https:\/\/koningdrone.be\/de\/produkt\/dji-goggles-3\/","og_site_name":"koningdrone.be","article_modified_time":"2026-04-29T02:30:09+00:00","og_image":[{"width":1200,"height":800,"url":"https:\/\/koningdrone.be\/wp-content\/uploads\/sites\/13\/2025\/04\/11f1b9a6818784862f637375f0767dff@large.jpg","type":"image\/jpeg"}],"twitter_card":"summary_large_image","twitter_misc":{"Gesch\u00e4tzte Lesezeit":"1\u00a0Minute"},"schema":{"@context":"https:\/\/schema.org","@graph":[{"@type":"WebPage","@id":"https:\/\/koningdrone.be\/product\/dji-goggles-3\/","url":"https:\/\/koningdrone.be\/product\/dji-goggles-3\/","name":"DJI Goggles 3 - koningdrone.be","isPartOf":{"@id":"https:\/\/koningdrone.be\/#website"},"primaryImageOfPage":{"@id":"https:\/\/koningdrone.be\/product\/dji-goggles-3\/#primaryimage"},"image":{"@id":"https:\/\/koningdrone.be\/product\/dji-goggles-3\/#primaryimage"},"thumbnailUrl":"https:\/\/koningdrone.be\/wp-content\/uploads\/sites\/13\/2025\/04\/11f1b9a6818784862f637375f0767dff@large.jpg","datePublished":"2024-04-15T09:17:55+00:00","dateModified":"2026-04-29T02:30:09+00:00","breadcrumb":{"@id":"https:\/\/koningdrone.be\/product\/dji-goggles-3\/#breadcrumb"},"inLanguage":"de","potentialAction":[{"@type":"ReadAction","target":["https:\/\/koningdrone.be\/product\/dji-goggles-3\/"]}]},{"@type":"ImageObject","inLanguage":"de","@id":"https:\/\/koningdrone.be\/product\/dji-goggles-3\/#primaryimage","url":"https:\/\/koningdrone.be\/wp-content\/uploads\/sites\/13\/2025\/04\/11f1b9a6818784862f637375f0767dff@large.jpg","contentUrl":"https:\/\/koningdrone.be\/wp-content\/uploads\/sites\/13\/2025\/04\/11f1b9a6818784862f637375f0767dff@large.jpg","width":1200,"height":800},{"@type":"BreadcrumbList","@id":"https:\/\/koningdrone.be\/product\/dji-goggles-3\/#breadcrumb","itemListElement":[{"@type":"ListItem","position":1,"name":"Home","item":"https:\/\/koningdrone.be\/"},{"@type":"ListItem","position":2,"name":"AVSS Parachute Recovery System for DJI Matrice 300\/350","item":"https:\/\/koningdrone.be\/product\/avss-parachute-recovery-system-for-dji-matrice-300-350\/"},{"@type":"ListItem","position":3,"name":"Alle afstandsbedieningen","item":"https:\/\/koningdrone.be\/categorie\/alle-afstandsbedieningen\/"},{"@type":"ListItem","position":4,"name":"DJI Goggles 3"}]},{"@type":"WebSite","@id":"https:\/\/koningdrone.be\/#website","url":"https:\/\/koningdrone.be\/","name":"Koningdrone.be - Ihr Online-Spezialist f\u00fcr Drohnen, Gimbals, Kameras und Kraftwerke.","description":"Der Webshop f\u00fcr Drohnen und Gimbals","publisher":{"@id":"https:\/\/koningdrone.be\/#organization"},"potentialAction":[{"@type":"SearchAction","target":{"@type":"EntryPoint","urlTemplate":"https:\/\/koningdrone.be\/?s={search_term_string}"},"query-input":{"@type":"PropertyValueSpecification","valueRequired":true,"valueName":"search_term_string"}}],"inLanguage":"de"},{"@type":"Organization","@id":"https:\/\/koningdrone.be\/#organization","name":"Kingdrone.de","url":"https:\/\/koningdrone.be\/","logo":{"@type":"ImageObject","inLanguage":"de","@id":"https:\/\/koningdrone.be\/#\/schema\/logo\/image\/","url":"https:\/\/koningdrone.be\/wp-content\/uploads\/sites\/13\/2025\/04\/koningdrone-copyright-logo.svg","contentUrl":"https:\/\/koningdrone.be\/wp-content\/uploads\/sites\/13\/2025\/04\/koningdrone-copyright-logo.svg","width":227,"height":38,"caption":"Koningdrone.be"},"image":{"@id":"https:\/\/koningdrone.be\/#\/schema\/logo\/image\/"}}]}},"df_price":669,"df_sale_price":"","df_regular_price":669,"df_image_link":"https:\/\/koningdrone.be\/wp-content\/uploads\/sites\/13\/2025\/04\/11f1b9a6818784862f637375f0767dff@large-300x200.jpg","_links":{"self":[{"href":"https:\/\/koningdrone.be\/de\/wp-json\/wp\/v2\/product\/3751","targetHints":{"allow":["GET"]}}],"collection":[{"href":"https:\/\/koningdrone.be\/de\/wp-json\/wp\/v2\/product"}],"about":[{"href":"https:\/\/koningdrone.be\/de\/wp-json\/wp\/v2\/types\/product"}],"wp:featuredmedia":[{"embeddable":true,"href":"https:\/\/koningdrone.be\/de\/wp-json\/wp\/v2\/media\/3748"}],"wp:attachment":[{"href":"https:\/\/koningdrone.be\/de\/wp-json\/wp\/v2\/media?parent=3751"}],"wp:term":[{"taxonomy":"product_brand","embeddable":true,"href":"https:\/\/koningdrone.be\/de\/wp-json\/wp\/v2\/product_brand?post=3751"},{"taxonomy":"product_cat","embeddable":true,"href":"https:\/\/koningdrone.be\/de\/wp-json\/wp\/v2\/product_cat?post=3751"},{"taxonomy":"product_tag","embeddable":true,"href":"https:\/\/koningdrone.be\/de\/wp-json\/wp\/v2\/product_tag?post=3751"}],"curies":[{"name":"wp","href":"https:\/\/api.w.org\/{rel}","templated":true}]}}