{"id":3720,"date":"2024-04-15T11:17:55","date_gmt":"2024-04-15T09:17:55","guid":{"rendered":"https:\/\/koningdrone.nl\/kon\/product\/dji-focus-pro-lidar\/"},"modified":"2026-04-29T03:40:26","modified_gmt":"2026-04-29T01:40:26","slug":"dji-focus-pro-lidar","status":"publish","type":"product","link":"https:\/\/koningdrone.be\/de\/produkt\/dji-focus-pro-lidar\/","title":{"rendered":"DJI Focus Pro LiDAR"},"content":{"rendered":"<p><strong>Verbesserte LiDAR-Technologie<\/strong><\/p>\n<p> Die LiDAR-Technologie wurde erheblich verbessert und verf\u00fcgt nun \u00fcber 76.800 Entfernungspunkte, was einer Steigerung von 77% im Vergleich zu fr\u00fcheren Versionen entspricht. Mit diesem Upgrade wurde die Erkennung von R\u00e4ndern um menschliche Objekte verbessert, wodurch das Auftreten von Fokus-Hunting - ein h\u00e4ufiges Problem, bei dem die Kamera den Fokus nicht stabil halten kann - deutlich reduziert wurde.<\/p>\n<p>  <strong>Erweiterte Fokusdistanz<\/strong><\/p>\n<p> Dieses fortschrittliche LiDAR-System unterst\u00fctzt eine maximale Fokussierungsdistanz von 20 Metern und verbessert damit seine F\u00e4higkeit, menschliche Objekte aus der Entfernung scharf zu fokussieren. Dies bedeutet eine Verdreifachung der Fokussierungsleistung im Vergleich zu den Vorg\u00e4ngermodellen, was insbesondere bei der Verwendung von Teleobjektiven von Vorteil ist, wenn eine Fokussierung \u00fcber gr\u00f6\u00dfere Entfernungen erforderlich ist.<\/p>\n<p>  <strong>Gr\u00f6\u00dferes Sichtfeld<\/strong><\/p>\n<p> Das 70-Grad-Sichtfeld, das dieses LiDAR-System bietet, erweitert die Aufnahmem\u00f6glichkeiten sowohl am Rand als auch bei kurzen Entfernungen. Diese Verbesserung bietet Fotografen und Filmemachern eine erweiterte Leinwand, um ihre gew\u00fcnschten Kompositionen ohne Kompromisse einzufangen.<\/p>\n<p>  <strong>Hohe Bildwiederholfrequenz<\/strong><\/p>\n<p> Mit einer Bildwiederholfrequenz von 30 Hz sammelt das LiDAR-System effizient Daten von sich bewegenden Objekten. Diese hohe Aktualisierungsrate sorgt f\u00fcr eine zuverl\u00e4ssigere Fokussierungsleistung in dynamischen Umgebungen, in denen sich Personen unvorhersehbar bewegen.<\/p>\n<p>  <strong>Autofokus f\u00fcr manuelle Objektive<\/strong><\/p>\n<p> In Verbindung mit dem DJI Focus Pro Motor erm\u00f6glicht diese verbesserte LiDAR-Technologie Autofokus-Funktionen bei manuellen Objektiven, sofern diese korrekt kalibriert sind. Diese Funktion ist besonders vorteilhaft f\u00fcr Filmemacher und Fotografen, die die taktile Steuerung manueller Objektive bevorzugen, aber auch den Komfort des Autofokus w\u00fcnschen.<\/p>\n<p>  <strong>Adaptiver Kontrollmodus<\/strong><\/p>\n<p> Zu den Funktionsmerkmalen des LiDAR-Systems geh\u00f6rt ein Standard-Erfassungsbereich von 10 Metern im 1x-Modus des Stabilisatorbildschirms. F\u00fcr mehr Flexibilit\u00e4t kann der Benutzer einfach auf eine Reichweite von 20 Metern umschalten, indem er auf das +-Symbol tippt, um den 2x-Zoom-Modus zu aktivieren. Diese Anpassungsf\u00e4higkeit erleichtert das effiziente Management von Fokussierentfernungen und erm\u00f6glicht einen nahtlosen Wechsel von n\u00e4heren zu weiteren Entfernungen.<\/p>","protected":false},"excerpt":{"rendered":"<ul>\n<li>76.800 Entfernungspunkte erh\u00f6hen die Kantenerkennung beim 77%.<\/li>\n<li>Maximale Fokussierentfernung von 20 Metern; dreifache Verbesserung.<\/li>\n<li>Das 70\u00b0-Sichtfeld verbessert Randkompositionen und Nahaufnahmen.<\/li>\n<li>Eine Bildwiederholfrequenz von 30 Hz hilft bei der Verfolgung bewegter Objekte.<\/li>\n<li>Kompatibel mit DJI Focus Pro Motor f\u00fcr manuelle Objektive.<\/li>\n<li>Standard-Erfassungsbereich von 10 Metern im 1x-Modus.<\/li>\n<li>Einstellbarer Fokusabstand von bis zu 20 Metern \u00fcber das 2x-Zoom-Display.<\/li>\n<\/ul>","protected":false},"featured_media":3717,"template":"","meta":{"_acf_changed":false},"product_brand":[],"product_cat":[187,97,640,1815],"product_tag":[],"class_list":{"0":"post-3720","1":"product","2":"type-product","3":"status-publish","4":"has-post-thumbnail","6":"product_cat-alle-lidar","7":"product_cat-alle-producten","8":"product_cat-dji-focus","9":"product_cat-dji-pro-accessoires","10":"product_shipping_class-uavspacesall","11":"pa_brand-dji","12":"pa_productfamily-focus","13":"pa_producttype-focus","14":"pa_series-focus-pro","16":"first","17":"instock","18":"taxable","19":"shipping-taxable","20":"purchasable","21":"product-type-simple"},"acf":[],"yoast_head":"<!-- This site is optimized with the Yoast SEO Premium plugin v27.2 (Yoast SEO v27.2) - https:\/\/yoast.com\/product\/yoast-seo-premium-wordpress\/ -->\n<title>DJI Focus Pro LiDAR - koningdrone.be<\/title>\n<meta name=\"robots\" content=\"index, follow, max-snippet:-1, max-image-preview:large, max-video-preview:-1\" \/>\n<link rel=\"canonical\" href=\"https:\/\/koningdrone.be\/de\/produkt\/dji-focus-pro-lidar\/\" \/>\n<meta property=\"og:locale\" content=\"de_DE\" \/>\n<meta property=\"og:type\" content=\"article\" \/>\n<meta property=\"og:title\" content=\"DJI Focus Pro LiDAR\" \/>\n<meta property=\"og:description\" content=\"76.800 bereikpunten verhogen de randdetectie met 77%.  Maximale scherpstelafstand van 20 meter; drievoudige verbetering.  70\u00b0 gezichtsveld verbetert randcomposities en close-ups.  Een vernieuwingsfrequentie van 30 Hz helpt bij het volgen van bewegende onderwerpen.  Compatibel met DJI Focus Pro Motor voor handmatige lenzen.  Standaard detectiebereik van 10 meter in 1x-modus.  Instelbaar tot 20 meter focusafstand via 2x zoomweergave.\" \/>\n<meta property=\"og:url\" content=\"https:\/\/koningdrone.be\/de\/produkt\/dji-focus-pro-lidar\/\" \/>\n<meta property=\"og:site_name\" content=\"koningdrone.be\" \/>\n<meta property=\"article:modified_time\" content=\"2026-04-29T01:40:26+00:00\" \/>\n<meta property=\"og:image\" content=\"https:\/\/koningdrone.be\/wp-content\/uploads\/sites\/13\/2025\/04\/cb939b7f6ff9da70969e1b90152e2e08@large.jpg\" \/>\n\t<meta property=\"og:image:width\" content=\"1200\" \/>\n\t<meta property=\"og:image:height\" content=\"800\" \/>\n\t<meta property=\"og:image:type\" content=\"image\/jpeg\" \/>\n<meta name=\"twitter:card\" content=\"summary_large_image\" \/>\n<meta name=\"twitter:label1\" content=\"Gesch\u00e4tzte Lesezeit\" \/>\n\t<meta name=\"twitter:data1\" content=\"2\u00a0Minuten\" \/>\n<script type=\"application\/ld+json\" class=\"yoast-schema-graph\">{\"@context\":\"https:\/\/schema.org\",\"@graph\":[{\"@type\":\"WebPage\",\"@id\":\"https:\/\/koningdrone.be\/product\/dji-focus-pro-lidar\/\",\"url\":\"https:\/\/koningdrone.be\/product\/dji-focus-pro-lidar\/\",\"name\":\"DJI Focus Pro LiDAR - koningdrone.be\",\"isPartOf\":{\"@id\":\"https:\/\/koningdrone.be\/#website\"},\"primaryImageOfPage\":{\"@id\":\"https:\/\/koningdrone.be\/product\/dji-focus-pro-lidar\/#primaryimage\"},\"image\":{\"@id\":\"https:\/\/koningdrone.be\/product\/dji-focus-pro-lidar\/#primaryimage\"},\"thumbnailUrl\":\"https:\/\/koningdrone.be\/wp-content\/uploads\/sites\/13\/2025\/04\/cb939b7f6ff9da70969e1b90152e2e08@large.jpg\",\"datePublished\":\"2024-04-15T09:17:55+00:00\",\"dateModified\":\"2026-04-29T01:40:26+00:00\",\"breadcrumb\":{\"@id\":\"https:\/\/koningdrone.be\/product\/dji-focus-pro-lidar\/#breadcrumb\"},\"inLanguage\":\"de\",\"potentialAction\":[{\"@type\":\"ReadAction\",\"target\":[\"https:\/\/koningdrone.be\/product\/dji-focus-pro-lidar\/\"]}]},{\"@type\":\"ImageObject\",\"inLanguage\":\"de\",\"@id\":\"https:\/\/koningdrone.be\/product\/dji-focus-pro-lidar\/#primaryimage\",\"url\":\"https:\/\/koningdrone.be\/wp-content\/uploads\/sites\/13\/2025\/04\/cb939b7f6ff9da70969e1b90152e2e08@large.jpg\",\"contentUrl\":\"https:\/\/koningdrone.be\/wp-content\/uploads\/sites\/13\/2025\/04\/cb939b7f6ff9da70969e1b90152e2e08@large.jpg\",\"width\":1200,\"height\":800},{\"@type\":\"BreadcrumbList\",\"@id\":\"https:\/\/koningdrone.be\/product\/dji-focus-pro-lidar\/#breadcrumb\",\"itemListElement\":[{\"@type\":\"ListItem\",\"position\":1,\"name\":\"Home\",\"item\":\"https:\/\/koningdrone.be\/\"},{\"@type\":\"ListItem\",\"position\":2,\"name\":\"AVSS Parachute Recovery System for DJI Matrice 300\/350\",\"item\":\"https:\/\/koningdrone.be\/product\/avss-parachute-recovery-system-for-dji-matrice-300-350\/\"},{\"@type\":\"ListItem\",\"position\":3,\"name\":\"Alle LiDaR\",\"item\":\"https:\/\/koningdrone.be\/categorie\/alle-lidar\/\"},{\"@type\":\"ListItem\",\"position\":4,\"name\":\"DJI Focus Pro LiDAR\"}]},{\"@type\":\"WebSite\",\"@id\":\"https:\/\/koningdrone.be\/#website\",\"url\":\"https:\/\/koningdrone.be\/\",\"name\":\"Koningdrone.be - Uw online specialist in drones, gimbals, camera's en power stations.\",\"description\":\"De webshop in drones en gimbals\",\"publisher\":{\"@id\":\"https:\/\/koningdrone.be\/#organization\"},\"potentialAction\":[{\"@type\":\"SearchAction\",\"target\":{\"@type\":\"EntryPoint\",\"urlTemplate\":\"https:\/\/koningdrone.be\/?s={search_term_string}\"},\"query-input\":{\"@type\":\"PropertyValueSpecification\",\"valueRequired\":true,\"valueName\":\"search_term_string\"}}],\"inLanguage\":\"de\"},{\"@type\":\"Organization\",\"@id\":\"https:\/\/koningdrone.be\/#organization\",\"name\":\"Koningdrone.be\",\"url\":\"https:\/\/koningdrone.be\/\",\"logo\":{\"@type\":\"ImageObject\",\"inLanguage\":\"de\",\"@id\":\"https:\/\/koningdrone.be\/#\/schema\/logo\/image\/\",\"url\":\"https:\/\/koningdrone.be\/wp-content\/uploads\/sites\/13\/2025\/04\/koningdrone-copyright-logo.svg\",\"contentUrl\":\"https:\/\/koningdrone.be\/wp-content\/uploads\/sites\/13\/2025\/04\/koningdrone-copyright-logo.svg\",\"width\":227,\"height\":38,\"caption\":\"Koningdrone.be\"},\"image\":{\"@id\":\"https:\/\/koningdrone.be\/#\/schema\/logo\/image\/\"}}]}<\/script>\n<!-- \/ Yoast SEO Premium plugin. -->","yoast_head_json":{"title":"DJI Focus Pro LiDAR - koningdrone.be","robots":{"index":"index","follow":"follow","max-snippet":"max-snippet:-1","max-image-preview":"max-image-preview:large","max-video-preview":"max-video-preview:-1"},"canonical":"https:\/\/koningdrone.be\/de\/produkt\/dji-focus-pro-lidar\/","og_locale":"de_DE","og_type":"article","og_title":"DJI Focus Pro LiDAR","og_description":"76.800 bereikpunten verhogen de randdetectie met 77%.  Maximale scherpstelafstand van 20 meter; drievoudige verbetering.  70\u00b0 gezichtsveld verbetert randcomposities en close-ups.  Een vernieuwingsfrequentie van 30 Hz helpt bij het volgen van bewegende onderwerpen.  Compatibel met DJI Focus Pro Motor voor handmatige lenzen.  Standaard detectiebereik van 10 meter in 1x-modus.  Instelbaar tot 20 meter focusafstand via 2x zoomweergave.","og_url":"https:\/\/koningdrone.be\/de\/produkt\/dji-focus-pro-lidar\/","og_site_name":"koningdrone.be","article_modified_time":"2026-04-29T01:40:26+00:00","og_image":[{"width":1200,"height":800,"url":"https:\/\/koningdrone.be\/wp-content\/uploads\/sites\/13\/2025\/04\/cb939b7f6ff9da70969e1b90152e2e08@large.jpg","type":"image\/jpeg"}],"twitter_card":"summary_large_image","twitter_misc":{"Gesch\u00e4tzte Lesezeit":"2\u00a0Minuten"},"schema":{"@context":"https:\/\/schema.org","@graph":[{"@type":"WebPage","@id":"https:\/\/koningdrone.be\/product\/dji-focus-pro-lidar\/","url":"https:\/\/koningdrone.be\/product\/dji-focus-pro-lidar\/","name":"DJI Focus Pro LiDAR - koningdrone.be","isPartOf":{"@id":"https:\/\/koningdrone.be\/#website"},"primaryImageOfPage":{"@id":"https:\/\/koningdrone.be\/product\/dji-focus-pro-lidar\/#primaryimage"},"image":{"@id":"https:\/\/koningdrone.be\/product\/dji-focus-pro-lidar\/#primaryimage"},"thumbnailUrl":"https:\/\/koningdrone.be\/wp-content\/uploads\/sites\/13\/2025\/04\/cb939b7f6ff9da70969e1b90152e2e08@large.jpg","datePublished":"2024-04-15T09:17:55+00:00","dateModified":"2026-04-29T01:40:26+00:00","breadcrumb":{"@id":"https:\/\/koningdrone.be\/product\/dji-focus-pro-lidar\/#breadcrumb"},"inLanguage":"de","potentialAction":[{"@type":"ReadAction","target":["https:\/\/koningdrone.be\/product\/dji-focus-pro-lidar\/"]}]},{"@type":"ImageObject","inLanguage":"de","@id":"https:\/\/koningdrone.be\/product\/dji-focus-pro-lidar\/#primaryimage","url":"https:\/\/koningdrone.be\/wp-content\/uploads\/sites\/13\/2025\/04\/cb939b7f6ff9da70969e1b90152e2e08@large.jpg","contentUrl":"https:\/\/koningdrone.be\/wp-content\/uploads\/sites\/13\/2025\/04\/cb939b7f6ff9da70969e1b90152e2e08@large.jpg","width":1200,"height":800},{"@type":"BreadcrumbList","@id":"https:\/\/koningdrone.be\/product\/dji-focus-pro-lidar\/#breadcrumb","itemListElement":[{"@type":"ListItem","position":1,"name":"Home","item":"https:\/\/koningdrone.be\/"},{"@type":"ListItem","position":2,"name":"AVSS Parachute Recovery System for DJI Matrice 300\/350","item":"https:\/\/koningdrone.be\/product\/avss-parachute-recovery-system-for-dji-matrice-300-350\/"},{"@type":"ListItem","position":3,"name":"Alle LiDaR","item":"https:\/\/koningdrone.be\/categorie\/alle-lidar\/"},{"@type":"ListItem","position":4,"name":"DJI Focus Pro LiDAR"}]},{"@type":"WebSite","@id":"https:\/\/koningdrone.be\/#website","url":"https:\/\/koningdrone.be\/","name":"Koningdrone.be - Ihr Online-Spezialist f\u00fcr Drohnen, Gimbals, Kameras und Kraftwerke.","description":"Der Webshop f\u00fcr Drohnen und Gimbals","publisher":{"@id":"https:\/\/koningdrone.be\/#organization"},"potentialAction":[{"@type":"SearchAction","target":{"@type":"EntryPoint","urlTemplate":"https:\/\/koningdrone.be\/?s={search_term_string}"},"query-input":{"@type":"PropertyValueSpecification","valueRequired":true,"valueName":"search_term_string"}}],"inLanguage":"de"},{"@type":"Organization","@id":"https:\/\/koningdrone.be\/#organization","name":"Kingdrone.de","url":"https:\/\/koningdrone.be\/","logo":{"@type":"ImageObject","inLanguage":"de","@id":"https:\/\/koningdrone.be\/#\/schema\/logo\/image\/","url":"https:\/\/koningdrone.be\/wp-content\/uploads\/sites\/13\/2025\/04\/koningdrone-copyright-logo.svg","contentUrl":"https:\/\/koningdrone.be\/wp-content\/uploads\/sites\/13\/2025\/04\/koningdrone-copyright-logo.svg","width":227,"height":38,"caption":"Koningdrone.be"},"image":{"@id":"https:\/\/koningdrone.be\/#\/schema\/logo\/image\/"}}]}},"df_price":598,"df_sale_price":"","df_regular_price":598,"df_image_link":"https:\/\/koningdrone.be\/wp-content\/uploads\/sites\/13\/2025\/04\/cb939b7f6ff9da70969e1b90152e2e08@large-300x200.jpg","_links":{"self":[{"href":"https:\/\/koningdrone.be\/de\/wp-json\/wp\/v2\/product\/3720","targetHints":{"allow":["GET"]}}],"collection":[{"href":"https:\/\/koningdrone.be\/de\/wp-json\/wp\/v2\/product"}],"about":[{"href":"https:\/\/koningdrone.be\/de\/wp-json\/wp\/v2\/types\/product"}],"wp:featuredmedia":[{"embeddable":true,"href":"https:\/\/koningdrone.be\/de\/wp-json\/wp\/v2\/media\/3717"}],"wp:attachment":[{"href":"https:\/\/koningdrone.be\/de\/wp-json\/wp\/v2\/media?parent=3720"}],"wp:term":[{"taxonomy":"product_brand","embeddable":true,"href":"https:\/\/koningdrone.be\/de\/wp-json\/wp\/v2\/product_brand?post=3720"},{"taxonomy":"product_cat","embeddable":true,"href":"https:\/\/koningdrone.be\/de\/wp-json\/wp\/v2\/product_cat?post=3720"},{"taxonomy":"product_tag","embeddable":true,"href":"https:\/\/koningdrone.be\/de\/wp-json\/wp\/v2\/product_tag?post=3720"}],"curies":[{"name":"wp","href":"https:\/\/api.w.org\/{rel}","templated":true}]}}