{"id":3703,"date":"2024-04-15T11:19:06","date_gmt":"2024-04-15T09:19:06","guid":{"rendered":"https:\/\/koningdrone.nl\/kon\/product\/dji-video-receiver\/"},"modified":"2026-04-29T04:10:56","modified_gmt":"2026-04-29T02:10:56","slug":"dji-video-receiver","status":"publish","type":"product","link":"https:\/\/koningdrone.be\/de\/produkt\/dji-video-receiver\/","title":{"rendered":"DJI Video-Empf\u00e4nger"},"content":{"rendered":"<p><strong>Fortschrittliche O3 Pro-Video\u00fcbertragungstechnologie<\/strong><\/p>\n<p> Dieses Produkt verf\u00fcgt \u00fcber die fortschrittliche O3 Pro-Video\u00fcbertragungstechnologie, die eine au\u00dfergew\u00f6hnliche \u00dcbertragungskapazit\u00e4t \u00fcber gro\u00dfe Entfernungen von bis zu 6.000 Metern bietet. Es unterst\u00fctzt hochwertige Videos mit einer Aufl\u00f6sung von 1080p und 60 Bildern pro Sekunde, die klare und detaillierte Bilder gew\u00e4hrleisten.<\/p>\n<p>  <strong>Broadcast-Modus f\u00fcr Teameffizienz<\/strong><\/p>\n<p> Im Broadcast-Modus kann eine unbegrenzte Anzahl von Empf\u00e4ngern angeschlossen werden, so dass mehrere Teams das Material in Echtzeit ansehen k\u00f6nnen. Diese Funktion ist besonders n\u00fctzlich f\u00fcr die Koordinierung der Arbeit und die Verbesserung der Teameffizienz bei Dreharbeiten.<\/p>\n<p>  <strong>Triple-Band-Frequenzsprungverfahren<\/strong><\/p>\n<p> Das Ger\u00e4t unterst\u00fctzt die automatische Umschaltung zwischen drei Frequenzb\u00e4ndern: 2,4 GHz, 5,8 GHz und DFS. Diese Funktion tr\u00e4gt dazu bei, St\u00f6rungen zu minimieren und die Nutzung der Funkkan\u00e4le zu optimieren, sodass eine stabile und zuverl\u00e4ssige Verbindung aufrechterhalten wird.<\/p>\n<p>  <strong>Optimierung von Verbindungen mit niedriger Latenz<\/strong><\/p>\n<p> Dieses Produkt basiert auf der gleichen Chiptechnologie, die auch im Ronin 4D zum Einsatz kommt, und ist fein abgestimmt, um eine extrem niedrige \u00dcbertragungslatenz zu gew\u00e4hrleisten. Dies gew\u00e4hrleistet eine praktisch sofortige Verbindung zwischen Sende- und Empfangsger\u00e4ten, was f\u00fcr eine pr\u00e4zise Steuerung bei Echtzeitanwendungen entscheidend ist.<\/p>\n<p>  <strong>Integrierter externer DJI High-Bright-Monitor<\/strong><\/p>\n<p> Das Produkt umfasst den DJI High-Bright Remote Monitor, der sowohl einen Monitor als auch einen Empf\u00e4nger kombiniert. Er bietet au\u00dferdem Erweiterungsm\u00f6glichkeiten und Support-Tools, die eine pr\u00e4zise Kontrolle \u00fcber das System erm\u00f6glichen und das Nutzererlebnis verbessern.<\/p>\n<p>  <strong>Kompatibilit\u00e4t und Steuerung mit DJI-Zubeh\u00f6r<\/strong><\/p>\n<p> In Kombination mit Ronin 4D Griffen oder DJI Master Wheels erm\u00f6glicht dieses System die Fernsteuerung verschiedener Ger\u00e4te wie Ronin 2 und RS 3 Pro. Benutzer k\u00f6nnen auch m\u00fchelos den Fokus und andere Kamerafunktionen aus der Ferne steuern, was die Vielseitigkeit erh\u00f6ht.<\/p>\n<p>  <strong>Einfache Bedienung des Ger\u00e4ts<\/strong><\/p>\n<p> Mit dem Ger\u00e4t k\u00f6nnen 1080p\/60fps-Aufnahmen im H.264-Format direkt auf eine microSD-Karte aufgezeichnet werden. Diese Funktion vereinfacht die Erstellung und Bearbeitung von Beispielvideos direkt am Ger\u00e4t und erm\u00f6glicht bei Bedarf eine schnelle \u00dcberpr\u00fcfung und Anpassung.<\/p>","protected":false},"excerpt":{"rendered":"<ul>\n<li>Die O3 Pro Videotechnologie unterst\u00fctzt die \u00dcbertragung \u00fcber eine Entfernung von 6.000 Metern bei 1080p\/60fps.<\/li>\n<li> Der Broadcast-Modus erm\u00f6glicht eine unbegrenzte Anzahl von Empf\u00e4ngerverbindungen f\u00fcr die Team\u00fcberwachung.<\/li>\n<li> Mit automatischer Frequenzverschiebung in drei B\u00e4ndern: 2,4 GHz, 5,8 GHz, DFS.<\/li>\n<li> Gemeinsame Chipl\u00f6sung mit Ronin 4D f\u00fcr minimale \u00dcbertragungslatenz.<\/li>\n<li> DJI High-Bright Remote Monitor kombiniert \u00dcberwachung, Steuerung und Erweiterung.<\/li>\n<li> Kompatibel mit Ronin 4D Griffen und DJI Master Wheels zur Fernsteuerung.<\/li>\n<li> Unterst\u00fctzt den Schnitt am Set mit auf microSD aufgezeichnetem H.264-Material mit 1080p\/60fps.<\/li>\n<\/ul>","protected":false},"featured_media":3699,"template":"","meta":{"_acf_changed":false},"product_brand":[],"product_cat":[315,97,265,532],"product_tag":[108],"class_list":{"0":"post-3703","1":"product","2":"type-product","3":"status-publish","4":"has-post-thumbnail","6":"product_cat-alle-gimbals-en-cameras","7":"product_cat-alle-producten","8":"product_cat-dji-ronin","9":"product_cat-dji-ronin-4d","10":"product_tag-acsystemsall","11":"product_shipping_class-acsystemsall","12":"pa_brand-dji","13":"pa_productfamily-video-transmitter","14":"pa_producttype-video-transmitter","16":"first","17":"instock","18":"taxable","19":"shipping-taxable","20":"purchasable","21":"product-type-simple"},"acf":[],"yoast_head":"<!-- This site is optimized with the Yoast SEO Premium plugin v27.2 (Yoast SEO v27.2) - https:\/\/yoast.com\/product\/yoast-seo-premium-wordpress\/ -->\n<title>DJI Video Receiver - koningdrone.be<\/title>\n<meta name=\"robots\" content=\"index, follow, max-snippet:-1, max-image-preview:large, max-video-preview:-1\" \/>\n<link rel=\"canonical\" href=\"https:\/\/koningdrone.be\/de\/produkt\/dji-video-receiver\/\" \/>\n<meta property=\"og:locale\" content=\"de_DE\" \/>\n<meta property=\"og:type\" content=\"article\" \/>\n<meta property=\"og:title\" content=\"DJI Video Receiver\" \/>\n<meta property=\"og:description\" content=\"O3 Pro-videotechnologie ondersteunt transmissie over een afstand van 6.000 meter bij 1080p\/60fps. De uitzendmodus maakt onbeperkte ontvangerverbindingen mogelijk voor teammonitoring. Beschikt over driebands automatische frequentieverspringing: 2,4 GHz, 5,8 GHz, DFS. Deelt chipoplossing met Ronin 4D voor minimale transmissielatentie. DJI High-Bright Remote Monitor combineert monitoring, bediening en uitbreiding. Compatibel met Ronin 4D-handgrepen en DJI Master Wheels voor afstandsbediening. Ondersteunt bewerken op de set met op microSD opgenomen 1080p\/60fps H.264-beelden.\" \/>\n<meta property=\"og:url\" content=\"https:\/\/koningdrone.be\/de\/produkt\/dji-video-receiver\/\" \/>\n<meta property=\"og:site_name\" content=\"koningdrone.be\" \/>\n<meta property=\"article:modified_time\" content=\"2026-04-29T02:10:56+00:00\" \/>\n<meta property=\"og:image\" content=\"https:\/\/koningdrone.be\/wp-content\/uploads\/sites\/13\/2025\/04\/67feb8393c2f590f29ca2baf7dd2cbff@ultra.png\" \/>\n\t<meta property=\"og:image:width\" content=\"1280\" \/>\n\t<meta property=\"og:image:height\" content=\"1280\" \/>\n\t<meta property=\"og:image:type\" content=\"image\/png\" \/>\n<meta name=\"twitter:card\" content=\"summary_large_image\" \/>\n<meta name=\"twitter:label1\" content=\"Gesch\u00e4tzte Lesezeit\" \/>\n\t<meta name=\"twitter:data1\" content=\"2\u00a0Minuten\" \/>\n<script type=\"application\/ld+json\" class=\"yoast-schema-graph\">{\"@context\":\"https:\/\/schema.org\",\"@graph\":[{\"@type\":\"WebPage\",\"@id\":\"https:\/\/koningdrone.be\/product\/dji-video-receiver\/\",\"url\":\"https:\/\/koningdrone.be\/product\/dji-video-receiver\/\",\"name\":\"DJI Video Receiver - koningdrone.be\",\"isPartOf\":{\"@id\":\"https:\/\/koningdrone.be\/#website\"},\"primaryImageOfPage\":{\"@id\":\"https:\/\/koningdrone.be\/product\/dji-video-receiver\/#primaryimage\"},\"image\":{\"@id\":\"https:\/\/koningdrone.be\/product\/dji-video-receiver\/#primaryimage\"},\"thumbnailUrl\":\"https:\/\/koningdrone.be\/wp-content\/uploads\/sites\/13\/2025\/04\/67feb8393c2f590f29ca2baf7dd2cbff@ultra.png\",\"datePublished\":\"2024-04-15T09:19:06+00:00\",\"dateModified\":\"2026-04-29T02:10:56+00:00\",\"breadcrumb\":{\"@id\":\"https:\/\/koningdrone.be\/product\/dji-video-receiver\/#breadcrumb\"},\"inLanguage\":\"de\",\"potentialAction\":[{\"@type\":\"ReadAction\",\"target\":[\"https:\/\/koningdrone.be\/product\/dji-video-receiver\/\"]}]},{\"@type\":\"ImageObject\",\"inLanguage\":\"de\",\"@id\":\"https:\/\/koningdrone.be\/product\/dji-video-receiver\/#primaryimage\",\"url\":\"https:\/\/koningdrone.be\/wp-content\/uploads\/sites\/13\/2025\/04\/67feb8393c2f590f29ca2baf7dd2cbff@ultra.png\",\"contentUrl\":\"https:\/\/koningdrone.be\/wp-content\/uploads\/sites\/13\/2025\/04\/67feb8393c2f590f29ca2baf7dd2cbff@ultra.png\",\"width\":1280,\"height\":1280},{\"@type\":\"BreadcrumbList\",\"@id\":\"https:\/\/koningdrone.be\/product\/dji-video-receiver\/#breadcrumb\",\"itemListElement\":[{\"@type\":\"ListItem\",\"position\":1,\"name\":\"Home\",\"item\":\"https:\/\/koningdrone.be\/\"},{\"@type\":\"ListItem\",\"position\":2,\"name\":\"AVSS Parachute Recovery System for DJI Matrice 300\/350\",\"item\":\"https:\/\/koningdrone.be\/product\/avss-parachute-recovery-system-for-dji-matrice-300-350\/\"},{\"@type\":\"ListItem\",\"position\":3,\"name\":\"Alle gimbals en cameras\",\"item\":\"https:\/\/koningdrone.be\/categorie\/alle-gimbals-en-cameras\/\"},{\"@type\":\"ListItem\",\"position\":4,\"name\":\"DJI Video Receiver\"}]},{\"@type\":\"WebSite\",\"@id\":\"https:\/\/koningdrone.be\/#website\",\"url\":\"https:\/\/koningdrone.be\/\",\"name\":\"Koningdrone.be - Uw online specialist in drones, gimbals, camera's en power stations.\",\"description\":\"De webshop in drones en gimbals\",\"publisher\":{\"@id\":\"https:\/\/koningdrone.be\/#organization\"},\"potentialAction\":[{\"@type\":\"SearchAction\",\"target\":{\"@type\":\"EntryPoint\",\"urlTemplate\":\"https:\/\/koningdrone.be\/?s={search_term_string}\"},\"query-input\":{\"@type\":\"PropertyValueSpecification\",\"valueRequired\":true,\"valueName\":\"search_term_string\"}}],\"inLanguage\":\"de\"},{\"@type\":\"Organization\",\"@id\":\"https:\/\/koningdrone.be\/#organization\",\"name\":\"Koningdrone.be\",\"url\":\"https:\/\/koningdrone.be\/\",\"logo\":{\"@type\":\"ImageObject\",\"inLanguage\":\"de\",\"@id\":\"https:\/\/koningdrone.be\/#\/schema\/logo\/image\/\",\"url\":\"https:\/\/koningdrone.be\/wp-content\/uploads\/sites\/13\/2025\/04\/koningdrone-copyright-logo.svg\",\"contentUrl\":\"https:\/\/koningdrone.be\/wp-content\/uploads\/sites\/13\/2025\/04\/koningdrone-copyright-logo.svg\",\"width\":227,\"height\":38,\"caption\":\"Koningdrone.be\"},\"image\":{\"@id\":\"https:\/\/koningdrone.be\/#\/schema\/logo\/image\/\"}}]}<\/script>\n<!-- \/ Yoast SEO Premium plugin. -->","yoast_head_json":{"title":"DJI Video Receiver - koningdrone.be","robots":{"index":"index","follow":"follow","max-snippet":"max-snippet:-1","max-image-preview":"max-image-preview:large","max-video-preview":"max-video-preview:-1"},"canonical":"https:\/\/koningdrone.be\/de\/produkt\/dji-video-receiver\/","og_locale":"de_DE","og_type":"article","og_title":"DJI Video Receiver","og_description":"O3 Pro-videotechnologie ondersteunt transmissie over een afstand van 6.000 meter bij 1080p\/60fps. De uitzendmodus maakt onbeperkte ontvangerverbindingen mogelijk voor teammonitoring. Beschikt over driebands automatische frequentieverspringing: 2,4 GHz, 5,8 GHz, DFS. Deelt chipoplossing met Ronin 4D voor minimale transmissielatentie. DJI High-Bright Remote Monitor combineert monitoring, bediening en uitbreiding. Compatibel met Ronin 4D-handgrepen en DJI Master Wheels voor afstandsbediening. Ondersteunt bewerken op de set met op microSD opgenomen 1080p\/60fps H.264-beelden.","og_url":"https:\/\/koningdrone.be\/de\/produkt\/dji-video-receiver\/","og_site_name":"koningdrone.be","article_modified_time":"2026-04-29T02:10:56+00:00","og_image":[{"width":1280,"height":1280,"url":"https:\/\/koningdrone.be\/wp-content\/uploads\/sites\/13\/2025\/04\/67feb8393c2f590f29ca2baf7dd2cbff@ultra.png","type":"image\/png"}],"twitter_card":"summary_large_image","twitter_misc":{"Gesch\u00e4tzte Lesezeit":"2\u00a0Minuten"},"schema":{"@context":"https:\/\/schema.org","@graph":[{"@type":"WebPage","@id":"https:\/\/koningdrone.be\/product\/dji-video-receiver\/","url":"https:\/\/koningdrone.be\/product\/dji-video-receiver\/","name":"DJI Video Receiver - koningdrone.be","isPartOf":{"@id":"https:\/\/koningdrone.be\/#website"},"primaryImageOfPage":{"@id":"https:\/\/koningdrone.be\/product\/dji-video-receiver\/#primaryimage"},"image":{"@id":"https:\/\/koningdrone.be\/product\/dji-video-receiver\/#primaryimage"},"thumbnailUrl":"https:\/\/koningdrone.be\/wp-content\/uploads\/sites\/13\/2025\/04\/67feb8393c2f590f29ca2baf7dd2cbff@ultra.png","datePublished":"2024-04-15T09:19:06+00:00","dateModified":"2026-04-29T02:10:56+00:00","breadcrumb":{"@id":"https:\/\/koningdrone.be\/product\/dji-video-receiver\/#breadcrumb"},"inLanguage":"de","potentialAction":[{"@type":"ReadAction","target":["https:\/\/koningdrone.be\/product\/dji-video-receiver\/"]}]},{"@type":"ImageObject","inLanguage":"de","@id":"https:\/\/koningdrone.be\/product\/dji-video-receiver\/#primaryimage","url":"https:\/\/koningdrone.be\/wp-content\/uploads\/sites\/13\/2025\/04\/67feb8393c2f590f29ca2baf7dd2cbff@ultra.png","contentUrl":"https:\/\/koningdrone.be\/wp-content\/uploads\/sites\/13\/2025\/04\/67feb8393c2f590f29ca2baf7dd2cbff@ultra.png","width":1280,"height":1280},{"@type":"BreadcrumbList","@id":"https:\/\/koningdrone.be\/product\/dji-video-receiver\/#breadcrumb","itemListElement":[{"@type":"ListItem","position":1,"name":"Home","item":"https:\/\/koningdrone.be\/"},{"@type":"ListItem","position":2,"name":"AVSS Parachute Recovery System for DJI Matrice 300\/350","item":"https:\/\/koningdrone.be\/product\/avss-parachute-recovery-system-for-dji-matrice-300-350\/"},{"@type":"ListItem","position":3,"name":"Alle gimbals en cameras","item":"https:\/\/koningdrone.be\/categorie\/alle-gimbals-en-cameras\/"},{"@type":"ListItem","position":4,"name":"DJI Video Receiver"}]},{"@type":"WebSite","@id":"https:\/\/koningdrone.be\/#website","url":"https:\/\/koningdrone.be\/","name":"Koningdrone.be - Ihr Online-Spezialist f\u00fcr Drohnen, Gimbals, Kameras und Kraftwerke.","description":"Der Webshop f\u00fcr Drohnen und Gimbals","publisher":{"@id":"https:\/\/koningdrone.be\/#organization"},"potentialAction":[{"@type":"SearchAction","target":{"@type":"EntryPoint","urlTemplate":"https:\/\/koningdrone.be\/?s={search_term_string}"},"query-input":{"@type":"PropertyValueSpecification","valueRequired":true,"valueName":"search_term_string"}}],"inLanguage":"de"},{"@type":"Organization","@id":"https:\/\/koningdrone.be\/#organization","name":"Kingdrone.de","url":"https:\/\/koningdrone.be\/","logo":{"@type":"ImageObject","inLanguage":"de","@id":"https:\/\/koningdrone.be\/#\/schema\/logo\/image\/","url":"https:\/\/koningdrone.be\/wp-content\/uploads\/sites\/13\/2025\/04\/koningdrone-copyright-logo.svg","contentUrl":"https:\/\/koningdrone.be\/wp-content\/uploads\/sites\/13\/2025\/04\/koningdrone-copyright-logo.svg","width":227,"height":38,"caption":"Koningdrone.be"},"image":{"@id":"https:\/\/koningdrone.be\/#\/schema\/logo\/image\/"}}]}},"df_price":1253,"df_sale_price":"","df_regular_price":1253,"df_image_link":"https:\/\/koningdrone.be\/wp-content\/uploads\/sites\/13\/2025\/04\/67feb8393c2f590f29ca2baf7dd2cbff@ultra-300x300.png","_links":{"self":[{"href":"https:\/\/koningdrone.be\/de\/wp-json\/wp\/v2\/product\/3703","targetHints":{"allow":["GET"]}}],"collection":[{"href":"https:\/\/koningdrone.be\/de\/wp-json\/wp\/v2\/product"}],"about":[{"href":"https:\/\/koningdrone.be\/de\/wp-json\/wp\/v2\/types\/product"}],"wp:featuredmedia":[{"embeddable":true,"href":"https:\/\/koningdrone.be\/de\/wp-json\/wp\/v2\/media\/3699"}],"wp:attachment":[{"href":"https:\/\/koningdrone.be\/de\/wp-json\/wp\/v2\/media?parent=3703"}],"wp:term":[{"taxonomy":"product_brand","embeddable":true,"href":"https:\/\/koningdrone.be\/de\/wp-json\/wp\/v2\/product_brand?post=3703"},{"taxonomy":"product_cat","embeddable":true,"href":"https:\/\/koningdrone.be\/de\/wp-json\/wp\/v2\/product_cat?post=3703"},{"taxonomy":"product_tag","embeddable":true,"href":"https:\/\/koningdrone.be\/de\/wp-json\/wp\/v2\/product_tag?post=3703"}],"curies":[{"name":"wp","href":"https:\/\/api.w.org\/{rel}","templated":true}]}}