{"id":3689,"date":"2024-04-15T11:19:06","date_gmt":"2024-04-15T09:19:06","guid":{"rendered":"https:\/\/koningdrone.nl\/kon\/product\/dji-rs-4-pro\/"},"modified":"2026-04-29T04:40:30","modified_gmt":"2026-04-29T02:40:30","slug":"dji-rs-4-pro","status":"publish","type":"product","link":"https:\/\/koningdrone.be\/de\/produkt\/dji-rs-4-pro\/","title":{"rendered":"DJI RS 4 Pro"},"content":{"rendered":"<p><strong>Verbesserte Aufnahmeausrichtungen<\/strong><\/p>\n<p> Die neu entwickelte kardanische Aufh\u00e4ngung verf\u00fcgt \u00fcber eine horizontale Platte, die einen einfachen Wechsel zwischen Standard- und Vertikalaufnahmen erm\u00f6glicht. Diese Anpassungsf\u00e4higkeit ist entscheidend f\u00fcr dynamische Filmaufnahmen, da kein zus\u00e4tzliches Zubeh\u00f6r f\u00fcr den Richtungswechsel ben\u00f6tigt wird.<\/p>\n<p>  <strong>Verl\u00e4ngerte Lebensdauer der Batterie<\/strong><\/p>\n<p> Der Hochleistungs-Akkugriff RS BG70 verl\u00e4ngert die Betriebszeit des Gimbals auf 29 Stunden, um l\u00e4ngere Drehpl\u00e4ne zu erm\u00f6glichen. Diese leistungsstarke Erg\u00e4nzung stellt sicher, dass Filmemacher \u00fcber lange Zeitr\u00e4ume hinweg Inhalte aufnehmen k\u00f6nnen, ohne sich Gedanken \u00fcber Stromausf\u00e4lle machen zu m\u00fcssen.<\/p>\n<p>  <strong>Anpassbare Handheld-Konfigurationen<\/strong><\/p>\n<p> Der Gimbal unterst\u00fctzt verschiedene handgef\u00fchrte Konfigurationen, die durch das RS SDK-Protokoll erm\u00f6glicht werden. Dank dieser Vielseitigkeit k\u00f6nnen die Benutzer das Setup an ihre spezifischen Filmbed\u00fcrfnisse anpassen und das Gesamterlebnis der Aufnahmen verbessern.<\/p>\n<p>  <strong>Erweiterte Fokus- und Zoomsteuerung<\/strong><\/p>\n<p> F\u00fcr eine pr\u00e4zise Steuerung von Fokus und Zoom wird die Integration von zwei Focus Pro Motoren empfohlen. Diese Motoren k\u00f6nnen mit der Focus Pro Hand Unit und dem High-Bright Remote Monitor synchronisiert werden und bieten Filmemachern fortschrittliche und pr\u00e4zise Fernsteuerungsm\u00f6glichkeiten sowohl f\u00fcr die kardanische Aufh\u00e4ngung als auch f\u00fcr Fokuseinstellungen.<\/p>\n<p>  <strong>Themenverfolgung der n\u00e4chsten Generation<\/strong><\/p>\n<p> Solokameraleute profitieren von der n\u00e4chsten Generation von ActiveTrack Pro, die mit intelligenter LiDAR-Technologie einen pr\u00e4zisen und zuverl\u00e4ssigen Autofokus f\u00fcr bewegte Motive bietet. Diese Funktion ist besonders wertvoll in schnellen Aufnahmeumgebungen.<\/p>\n<p>  <strong>Verbesserte L\u00f6sungen f\u00fcr Fokus und Kontrolle<\/strong><\/p>\n<p> Durch die Verwendung des Focus Pro LiDAR-zu-DJI-\u00dcbertragungskabels kann der RS 4 Pro gleichzeitig sowohl das LiDAR als auch den DJI-Videosender mit Strom versorgen. Dadurch wird nicht nur die LiDAR-Wellenform f\u00fcr eine verbesserte Fokussierungsgenauigkeit erreicht, sondern auch eine nahtlose Steuerung dieser Ger\u00e4te erm\u00f6glicht.<\/p>\n<p>  <strong>Langlebige Konstruktion<\/strong><\/p>\n<p> Der Gimbal verf\u00fcgt \u00fcber robuste Kohlefaserarme, die f\u00fcr die meisten spiegellosen Kameras und Kinokameras mit verschiedenen Objektivtypen geeignet sind. Sobald der Gimbal ausbalanciert ist, bietet er eine verbesserte Leistungsredundanz, die f\u00fcr eine zuverl\u00e4ssige und gleichbleibende Leistung bei Filmaufnahmen unerl\u00e4sslich ist.<\/p>","protected":false},"excerpt":{"rendered":"<ul>\n<li>Neu gestaltete kardanische Horizontalplatte f\u00fcr einfache vertikale Aufnahmen.<\/li>\n<li> Verl\u00e4ngern Sie die Laufzeit auf bis zu 29 Stunden mit dem RS BG70 Battery Grip.<\/li>\n<li> Unterst\u00fctzt verschiedene Handheld-Konfigurationen mit RS SDK-Protokoll.<\/li>\n<li> Installieren Sie zwei Focus Pro Motoren f\u00fcr gleichzeitiges Fokussieren und Zoomen.<\/li>\n<li> Das ActiveTrack Pro der n\u00e4chsten Generation h\u00e4lt bewegte Objekte sicher fest.<\/li>\n<li> Focus Pro LiDAR zu DJI \u00dcbertragungskabel-Hub versorgt mehrere Ger\u00e4te.<\/li>\n<li> Erzielt eine LiDAR-Wellenform f\u00fcr verbesserte Kontrolle.<\/li>\n<li> Achsschenkel aus Kohlefaser sind f\u00fcr normale Kameraaufstellungen geeignet.<\/li>\n<li> Erh\u00f6hte Stromredundanz nach dem Ausgleich.<\/li>\n<li> Hochentwickelte Gimbal-Fernsteuerung mit Focus Pro-Zubeh\u00f6r.<\/li>\n<li> Solo-Kameraleute profitieren vom intelligenten LiDAR-Autofokus.<\/li>\n<\/ul>","protected":false},"featured_media":3686,"template":"","meta":{"_acf_changed":false},"product_brand":[],"product_cat":[315,410,97,265,613],"product_tag":[108],"class_list":{"0":"post-3689","1":"product","2":"type-product","3":"status-publish","4":"has-post-thumbnail","6":"product_cat-alle-gimbals-en-cameras","7":"product_cat-alle-handheld-gimbals","8":"product_cat-alle-producten","9":"product_cat-dji-ronin","10":"product_cat-dji-rs4","11":"product_tag-acsystemsall","12":"product_shipping_class-europafotoall","13":"pa_brand-dji","14":"pa_productfamily-gimbal","15":"pa_producttype-gimbal","16":"pa_series-rs-4","18":"first","19":"instock","20":"taxable","21":"shipping-taxable","22":"purchasable","23":"product-type-simple"},"acf":[],"yoast_head":"<!-- This site is optimized with the Yoast SEO Premium plugin v27.2 (Yoast SEO v27.2) - https:\/\/yoast.com\/product\/yoast-seo-premium-wordpress\/ -->\n<title>DJI RS 4 Pro - koningdrone.be<\/title>\n<meta name=\"robots\" content=\"index, follow, max-snippet:-1, max-image-preview:large, max-video-preview:-1\" \/>\n<link rel=\"canonical\" href=\"https:\/\/koningdrone.be\/de\/produkt\/dji-rs-4-pro\/\" \/>\n<meta property=\"og:locale\" content=\"de_DE\" \/>\n<meta property=\"og:type\" content=\"article\" \/>\n<meta property=\"og:title\" content=\"DJI RS 4 Pro\" \/>\n<meta property=\"og:description\" content=\"Nieuw ontworpen cardanische horizontale plaat voor eenvoudig verticaal fotograferen. Verleng de looptijd tot 29 uur met de RS BG70 Battery Grip. Ondersteunt verschillende handheld-configuraties met RS SDK-protocol. Installeer twee Focus Pro Motors voor gelijktijdig scherpstellen en zoomen. De volgende generatie ActiveTrack Pro vergrendelt bewegende onderwerpen stevig. Focus Pro LiDAR naar DJI transmissiekabelhub voedt meerdere apparaten. Behaalt LiDAR-golfvorm voor verbeterde controle. Asarmen van koolstofvezel zijn geschikt voor reguliere camera-opstellingen. Verhoogde stroomredundantie zodra deze in evenwicht is. Verfijnde gimbalbediening op afstand met Focus Pro-accessoires. Solocinematografen profiteren van intelligente LiDAR-autofocus.\" \/>\n<meta property=\"og:url\" content=\"https:\/\/koningdrone.be\/de\/produkt\/dji-rs-4-pro\/\" \/>\n<meta property=\"og:site_name\" content=\"koningdrone.be\" \/>\n<meta property=\"article:modified_time\" content=\"2026-04-29T02:40:30+00:00\" \/>\n<meta property=\"og:image\" content=\"https:\/\/koningdrone.be\/wp-content\/uploads\/sites\/13\/2025\/04\/30a1a11d83321aa5ac4e61a8184389dc@ultra.jpg\" \/>\n\t<meta property=\"og:image:width\" content=\"1280\" \/>\n\t<meta property=\"og:image:height\" content=\"1280\" \/>\n\t<meta property=\"og:image:type\" content=\"image\/jpeg\" \/>\n<meta name=\"twitter:card\" content=\"summary_large_image\" \/>\n<meta name=\"twitter:label1\" content=\"Gesch\u00e4tzte Lesezeit\" \/>\n\t<meta name=\"twitter:data1\" content=\"2\u00a0Minuten\" \/>\n<script type=\"application\/ld+json\" class=\"yoast-schema-graph\">{\"@context\":\"https:\/\/schema.org\",\"@graph\":[{\"@type\":\"WebPage\",\"@id\":\"https:\/\/koningdrone.be\/product\/dji-rs-4-pro\/\",\"url\":\"https:\/\/koningdrone.be\/product\/dji-rs-4-pro\/\",\"name\":\"DJI RS 4 Pro - koningdrone.be\",\"isPartOf\":{\"@id\":\"https:\/\/koningdrone.be\/#website\"},\"primaryImageOfPage\":{\"@id\":\"https:\/\/koningdrone.be\/product\/dji-rs-4-pro\/#primaryimage\"},\"image\":{\"@id\":\"https:\/\/koningdrone.be\/product\/dji-rs-4-pro\/#primaryimage\"},\"thumbnailUrl\":\"https:\/\/koningdrone.be\/wp-content\/uploads\/sites\/13\/2025\/04\/30a1a11d83321aa5ac4e61a8184389dc@ultra.jpg\",\"datePublished\":\"2024-04-15T09:19:06+00:00\",\"dateModified\":\"2026-04-29T02:40:30+00:00\",\"breadcrumb\":{\"@id\":\"https:\/\/koningdrone.be\/product\/dji-rs-4-pro\/#breadcrumb\"},\"inLanguage\":\"de\",\"potentialAction\":[{\"@type\":\"ReadAction\",\"target\":[\"https:\/\/koningdrone.be\/product\/dji-rs-4-pro\/\"]}]},{\"@type\":\"ImageObject\",\"inLanguage\":\"de\",\"@id\":\"https:\/\/koningdrone.be\/product\/dji-rs-4-pro\/#primaryimage\",\"url\":\"https:\/\/koningdrone.be\/wp-content\/uploads\/sites\/13\/2025\/04\/30a1a11d83321aa5ac4e61a8184389dc@ultra.jpg\",\"contentUrl\":\"https:\/\/koningdrone.be\/wp-content\/uploads\/sites\/13\/2025\/04\/30a1a11d83321aa5ac4e61a8184389dc@ultra.jpg\",\"width\":1280,\"height\":1280},{\"@type\":\"BreadcrumbList\",\"@id\":\"https:\/\/koningdrone.be\/product\/dji-rs-4-pro\/#breadcrumb\",\"itemListElement\":[{\"@type\":\"ListItem\",\"position\":1,\"name\":\"Home\",\"item\":\"https:\/\/koningdrone.be\/\"},{\"@type\":\"ListItem\",\"position\":2,\"name\":\"AVSS Parachute Recovery System for DJI Matrice 300\/350\",\"item\":\"https:\/\/koningdrone.be\/product\/avss-parachute-recovery-system-for-dji-matrice-300-350\/\"},{\"@type\":\"ListItem\",\"position\":3,\"name\":\"Alle gimbals en cameras\",\"item\":\"https:\/\/koningdrone.be\/categorie\/alle-gimbals-en-cameras\/\"},{\"@type\":\"ListItem\",\"position\":4,\"name\":\"DJI RS 4 Pro\"}]},{\"@type\":\"WebSite\",\"@id\":\"https:\/\/koningdrone.be\/#website\",\"url\":\"https:\/\/koningdrone.be\/\",\"name\":\"Koningdrone.be - Uw online specialist in drones, gimbals, camera's en power stations.\",\"description\":\"De webshop in drones en gimbals\",\"publisher\":{\"@id\":\"https:\/\/koningdrone.be\/#organization\"},\"potentialAction\":[{\"@type\":\"SearchAction\",\"target\":{\"@type\":\"EntryPoint\",\"urlTemplate\":\"https:\/\/koningdrone.be\/?s={search_term_string}\"},\"query-input\":{\"@type\":\"PropertyValueSpecification\",\"valueRequired\":true,\"valueName\":\"search_term_string\"}}],\"inLanguage\":\"de\"},{\"@type\":\"Organization\",\"@id\":\"https:\/\/koningdrone.be\/#organization\",\"name\":\"Koningdrone.be\",\"url\":\"https:\/\/koningdrone.be\/\",\"logo\":{\"@type\":\"ImageObject\",\"inLanguage\":\"de\",\"@id\":\"https:\/\/koningdrone.be\/#\/schema\/logo\/image\/\",\"url\":\"https:\/\/koningdrone.be\/wp-content\/uploads\/sites\/13\/2025\/04\/koningdrone-copyright-logo.svg\",\"contentUrl\":\"https:\/\/koningdrone.be\/wp-content\/uploads\/sites\/13\/2025\/04\/koningdrone-copyright-logo.svg\",\"width\":227,\"height\":38,\"caption\":\"Koningdrone.be\"},\"image\":{\"@id\":\"https:\/\/koningdrone.be\/#\/schema\/logo\/image\/\"}}]}<\/script>\n<!-- \/ Yoast SEO Premium plugin. -->","yoast_head_json":{"title":"DJI RS 4 Pro - koningdrone.be","robots":{"index":"index","follow":"follow","max-snippet":"max-snippet:-1","max-image-preview":"max-image-preview:large","max-video-preview":"max-video-preview:-1"},"canonical":"https:\/\/koningdrone.be\/de\/produkt\/dji-rs-4-pro\/","og_locale":"de_DE","og_type":"article","og_title":"DJI RS 4 Pro","og_description":"Nieuw ontworpen cardanische horizontale plaat voor eenvoudig verticaal fotograferen. Verleng de looptijd tot 29 uur met de RS BG70 Battery Grip. Ondersteunt verschillende handheld-configuraties met RS SDK-protocol. Installeer twee Focus Pro Motors voor gelijktijdig scherpstellen en zoomen. De volgende generatie ActiveTrack Pro vergrendelt bewegende onderwerpen stevig. Focus Pro LiDAR naar DJI transmissiekabelhub voedt meerdere apparaten. Behaalt LiDAR-golfvorm voor verbeterde controle. Asarmen van koolstofvezel zijn geschikt voor reguliere camera-opstellingen. Verhoogde stroomredundantie zodra deze in evenwicht is. Verfijnde gimbalbediening op afstand met Focus Pro-accessoires. Solocinematografen profiteren van intelligente LiDAR-autofocus.","og_url":"https:\/\/koningdrone.be\/de\/produkt\/dji-rs-4-pro\/","og_site_name":"koningdrone.be","article_modified_time":"2026-04-29T02:40:30+00:00","og_image":[{"width":1280,"height":1280,"url":"https:\/\/koningdrone.be\/wp-content\/uploads\/sites\/13\/2025\/04\/30a1a11d83321aa5ac4e61a8184389dc@ultra.jpg","type":"image\/jpeg"}],"twitter_card":"summary_large_image","twitter_misc":{"Gesch\u00e4tzte Lesezeit":"2\u00a0Minuten"},"schema":{"@context":"https:\/\/schema.org","@graph":[{"@type":"WebPage","@id":"https:\/\/koningdrone.be\/product\/dji-rs-4-pro\/","url":"https:\/\/koningdrone.be\/product\/dji-rs-4-pro\/","name":"DJI RS 4 Pro - koningdrone.be","isPartOf":{"@id":"https:\/\/koningdrone.be\/#website"},"primaryImageOfPage":{"@id":"https:\/\/koningdrone.be\/product\/dji-rs-4-pro\/#primaryimage"},"image":{"@id":"https:\/\/koningdrone.be\/product\/dji-rs-4-pro\/#primaryimage"},"thumbnailUrl":"https:\/\/koningdrone.be\/wp-content\/uploads\/sites\/13\/2025\/04\/30a1a11d83321aa5ac4e61a8184389dc@ultra.jpg","datePublished":"2024-04-15T09:19:06+00:00","dateModified":"2026-04-29T02:40:30+00:00","breadcrumb":{"@id":"https:\/\/koningdrone.be\/product\/dji-rs-4-pro\/#breadcrumb"},"inLanguage":"de","potentialAction":[{"@type":"ReadAction","target":["https:\/\/koningdrone.be\/product\/dji-rs-4-pro\/"]}]},{"@type":"ImageObject","inLanguage":"de","@id":"https:\/\/koningdrone.be\/product\/dji-rs-4-pro\/#primaryimage","url":"https:\/\/koningdrone.be\/wp-content\/uploads\/sites\/13\/2025\/04\/30a1a11d83321aa5ac4e61a8184389dc@ultra.jpg","contentUrl":"https:\/\/koningdrone.be\/wp-content\/uploads\/sites\/13\/2025\/04\/30a1a11d83321aa5ac4e61a8184389dc@ultra.jpg","width":1280,"height":1280},{"@type":"BreadcrumbList","@id":"https:\/\/koningdrone.be\/product\/dji-rs-4-pro\/#breadcrumb","itemListElement":[{"@type":"ListItem","position":1,"name":"Home","item":"https:\/\/koningdrone.be\/"},{"@type":"ListItem","position":2,"name":"AVSS Parachute Recovery System for DJI Matrice 300\/350","item":"https:\/\/koningdrone.be\/product\/avss-parachute-recovery-system-for-dji-matrice-300-350\/"},{"@type":"ListItem","position":3,"name":"Alle gimbals en cameras","item":"https:\/\/koningdrone.be\/categorie\/alle-gimbals-en-cameras\/"},{"@type":"ListItem","position":4,"name":"DJI RS 4 Pro"}]},{"@type":"WebSite","@id":"https:\/\/koningdrone.be\/#website","url":"https:\/\/koningdrone.be\/","name":"Koningdrone.be - Ihr Online-Spezialist f\u00fcr Drohnen, Gimbals, Kameras und Kraftwerke.","description":"Der Webshop f\u00fcr Drohnen und Gimbals","publisher":{"@id":"https:\/\/koningdrone.be\/#organization"},"potentialAction":[{"@type":"SearchAction","target":{"@type":"EntryPoint","urlTemplate":"https:\/\/koningdrone.be\/?s={search_term_string}"},"query-input":{"@type":"PropertyValueSpecification","valueRequired":true,"valueName":"search_term_string"}}],"inLanguage":"de"},{"@type":"Organization","@id":"https:\/\/koningdrone.be\/#organization","name":"Kingdrone.de","url":"https:\/\/koningdrone.be\/","logo":{"@type":"ImageObject","inLanguage":"de","@id":"https:\/\/koningdrone.be\/#\/schema\/logo\/image\/","url":"https:\/\/koningdrone.be\/wp-content\/uploads\/sites\/13\/2025\/04\/koningdrone-copyright-logo.svg","contentUrl":"https:\/\/koningdrone.be\/wp-content\/uploads\/sites\/13\/2025\/04\/koningdrone-copyright-logo.svg","width":227,"height":38,"caption":"Koningdrone.be"},"image":{"@id":"https:\/\/koningdrone.be\/#\/schema\/logo\/image\/"}}]}},"df_price":865,"df_sale_price":"","df_regular_price":865,"df_image_link":"https:\/\/koningdrone.be\/wp-content\/uploads\/sites\/13\/2025\/04\/30a1a11d83321aa5ac4e61a8184389dc@ultra-300x300.jpg","_links":{"self":[{"href":"https:\/\/koningdrone.be\/de\/wp-json\/wp\/v2\/product\/3689","targetHints":{"allow":["GET"]}}],"collection":[{"href":"https:\/\/koningdrone.be\/de\/wp-json\/wp\/v2\/product"}],"about":[{"href":"https:\/\/koningdrone.be\/de\/wp-json\/wp\/v2\/types\/product"}],"wp:featuredmedia":[{"embeddable":true,"href":"https:\/\/koningdrone.be\/de\/wp-json\/wp\/v2\/media\/3686"}],"wp:attachment":[{"href":"https:\/\/koningdrone.be\/de\/wp-json\/wp\/v2\/media?parent=3689"}],"wp:term":[{"taxonomy":"product_brand","embeddable":true,"href":"https:\/\/koningdrone.be\/de\/wp-json\/wp\/v2\/product_brand?post=3689"},{"taxonomy":"product_cat","embeddable":true,"href":"https:\/\/koningdrone.be\/de\/wp-json\/wp\/v2\/product_cat?post=3689"},{"taxonomy":"product_tag","embeddable":true,"href":"https:\/\/koningdrone.be\/de\/wp-json\/wp\/v2\/product_tag?post=3689"}],"curies":[{"name":"wp","href":"https:\/\/api.w.org\/{rel}","templated":true}]}}