{"id":3685,"date":"2024-04-15T11:19:06","date_gmt":"2024-04-15T09:19:06","guid":{"rendered":"https:\/\/koningdrone.nl\/kon\/product\/dji-rs-4-combo\/"},"modified":"2026-04-29T04:40:09","modified_gmt":"2026-04-29T02:40:09","slug":"dji-rs-4-combo","status":"publish","type":"product","link":"https:\/\/koningdrone.be\/de\/produkt\/dji-rs-4-combo\/","title":{"rendered":"DJI RS 4 Kombi"},"content":{"rendered":"<p><strong>Horizontale Platte mit einfachem vertikalen Schalter<\/strong><\/p>\n<p> Die neu gestaltete horizontale Gimbalplatte macht zus\u00e4tzliches Zubeh\u00f6r \u00fcberfl\u00fcssig und vereinfacht den Wechsel zu vertikalen Aufnahmen. Damit ist sie perfekt f\u00fcr die effiziente Aufnahme vertikaler Videos.<\/p>\n<p>  <strong>Umschaltung des Joystick-Modus<\/strong><\/p>\n<p> Kameraleute haben die M\u00f6glichkeit, zwischen verschiedenen Joystick-Modi zu wechseln. Mit dieser Funktion k\u00f6nnen Benutzer die Gimbal-Bewegung oder den Objektivzoom direkt \u00fcber den Joystick steuern, was ein nahtloses Zoom-Erlebnis erm\u00f6glicht.<\/p>\n<p>  <strong>RSA-Kommunikationsanschluss<\/strong><\/p>\n<p> Der DJI RS 4 ist mit einem RSA-Kommunikationsanschluss ausgestattet, der die Konnektivit\u00e4t erh\u00f6ht. An diesen Anschluss kann verschiedenes Zubeh\u00f6r angeschlossen werden, darunter der DJI RS Tethered Control Handle und kompatible Ger\u00e4te von Drittanbietern, die die Funktionalit\u00e4t erweitern.<\/p>\n<p>  <strong>Hochkapazitiver Batteriegriff<\/strong><\/p>\n<p> Der neue BG70 High-Capacity Battery Grip verl\u00e4ngert die Akkulaufzeit der RS 4 erheblich, auf bis zu 29,5 Stunden. Au\u00dferdem verf\u00fcgt er \u00fcber einen USB-C-Anschluss, der bis zu 18 W unterst\u00fctzt, sodass die Kamera und anderes Zubeh\u00f6r gleichzeitig mit Strom versorgt werden k\u00f6nnen.<\/p>\n<p>  <strong>Sanftes Auswuchten mit Feineinstellknopf<\/strong><\/p>\n<p> Der Gimbal ist so konstruiert, dass er die Reibung reduziert, was eine bessere Balance erm\u00f6glicht. Au\u00dferdem verf\u00fcgt er \u00fcber einen Feineinstellknopf an der Neigungsachse, der die Kamera pr\u00e4zise nach vorne und hinten bewegt und millimetergenaue Einstellungen erm\u00f6glicht.<\/p>\n<p>  <strong>Verl\u00e4ngerte Kippachse und hohe Nutzlast<\/strong><\/p>\n<p> Die Kippachse des Gimbals wurde um 8,5 mm verl\u00e4ngert, um normale spiegellose Kameras und Objektivkombinationen sowie zus\u00e4tzliches Zubeh\u00f6r aufnehmen zu k\u00f6nnen. Dank dieser Funktion kann der Gimbal eine hohe Nutzlast handhaben, was ihn f\u00fcr verschiedene Aufnahmesituationen vielseitig macht.<\/p>","protected":false},"excerpt":{"rendered":"<ul>\n<li>Die neue kardanische Horizontalplatte macht zus\u00e4tzliches Zubeh\u00f6r \u00fcberfl\u00fcssig.<\/li>\n<li> Unterst\u00fctzt den einfachen Wechsel zu vertikalen Aufnahmen f\u00fcr vertikale Videos.<\/li>\n<li> Die Joystick-Modi schalten zwischen kardanischer Bewegung und Objektivzoom um.<\/li>\n<li> Inklusive RSA-Kommunikationsanschluss f\u00fcr den Anschluss von Zubeh\u00f6r.<\/li>\n<li> Der Batteriegriff mit hoher Kapazit\u00e4t verl\u00e4ngert die Betriebszeit auf 29,5 Stunden.<\/li>\n<li> Der Batteriegriff unterst\u00fctzt eine Ausgangsleistung von 18 W \u00fcber USB-C.<\/li>\n<li> Geringere Reibung f\u00fcr leichteres Auswuchten.<\/li>\n<li> Feineinstellknopf an der Kippwelle f\u00fcr pr\u00e4zises Auswuchten.<\/li>\n<li> Die verl\u00e4ngerte Neigungsachse ist f\u00fcr normale spiegellose Kameras und Zubeh\u00f6r geeignet.<\/li>\n<\/ul>","protected":false},"featured_media":3682,"template":"","meta":{"_acf_changed":false},"product_brand":[],"product_cat":[315,410,97,265,613],"product_tag":[108],"class_list":{"0":"post-3685","1":"product","2":"type-product","3":"status-publish","4":"has-post-thumbnail","6":"product_cat-alle-gimbals-en-cameras","7":"product_cat-alle-handheld-gimbals","8":"product_cat-alle-producten","9":"product_cat-dji-ronin","10":"product_cat-dji-rs4","11":"product_tag-acsystemsall","12":"product_shipping_class-outofstock","13":"pa_brand-dji","14":"pa_productfamily-gimbal","15":"pa_producttype-gimbal","16":"pa_series-rs-4","18":"first","19":"outofstock","20":"taxable","21":"shipping-taxable","22":"purchasable","23":"product-type-simple"},"acf":[],"yoast_head":"<!-- This site is optimized with the Yoast SEO Premium plugin v27.2 (Yoast SEO v27.2) - https:\/\/yoast.com\/product\/yoast-seo-premium-wordpress\/ -->\n<title>DJI RS 4 Combo - koningdrone.be<\/title>\n<meta name=\"robots\" content=\"index, follow, max-snippet:-1, max-image-preview:large, max-video-preview:-1\" \/>\n<link rel=\"canonical\" href=\"https:\/\/koningdrone.be\/de\/produkt\/dji-rs-4-combo\/\" \/>\n<meta property=\"og:locale\" content=\"de_DE\" \/>\n<meta property=\"og:type\" content=\"article\" \/>\n<meta property=\"og:title\" content=\"DJI RS 4 Combo\" \/>\n<meta property=\"og:description\" content=\"Nieuwe cardanische horizontale plaat elimineert de noodzaak voor extra accessoires. Ondersteunt eenvoudig overschakelen naar verticale opnamen voor verticale video&#039;s. Joystickmodi schakelen tussen cardanische beweging en lenszoom. Inclusief RSA-communicatiepoort voor accessoire-connectiviteit. Batterijgreep met hoge capaciteit verlengt de looptijd tot 29,5 uur. De batterijgreep ondersteunt een uitgangsvermogen van 18 W via USB-C. Verminderde wrijving voor soepeler balanceren. Fijnafstellingsknop op de kantelas voor nauwkeurig balanceren. De verlengde kantelas biedt plaats aan reguliere spiegelloze camera&#039;s en accessoires.\" \/>\n<meta property=\"og:url\" content=\"https:\/\/koningdrone.be\/de\/produkt\/dji-rs-4-combo\/\" \/>\n<meta property=\"og:site_name\" content=\"koningdrone.be\" \/>\n<meta property=\"article:modified_time\" content=\"2026-04-29T02:40:09+00:00\" \/>\n<meta property=\"og:image\" content=\"https:\/\/koningdrone.be\/wp-content\/uploads\/sites\/13\/2025\/04\/79f983d5b2ecc9769b46cf26269bdcc0@ultra.jpg\" \/>\n\t<meta property=\"og:image:width\" content=\"1280\" \/>\n\t<meta property=\"og:image:height\" content=\"1280\" \/>\n\t<meta property=\"og:image:type\" content=\"image\/jpeg\" \/>\n<meta name=\"twitter:card\" content=\"summary_large_image\" \/>\n<meta name=\"twitter:label1\" content=\"Gesch\u00e4tzte Lesezeit\" \/>\n\t<meta name=\"twitter:data1\" content=\"1\u00a0Minute\" \/>\n<script type=\"application\/ld+json\" class=\"yoast-schema-graph\">{\"@context\":\"https:\/\/schema.org\",\"@graph\":[{\"@type\":\"WebPage\",\"@id\":\"https:\/\/koningdrone.be\/product\/dji-rs-4-combo\/\",\"url\":\"https:\/\/koningdrone.be\/product\/dji-rs-4-combo\/\",\"name\":\"DJI RS 4 Combo - koningdrone.be\",\"isPartOf\":{\"@id\":\"https:\/\/koningdrone.be\/#website\"},\"primaryImageOfPage\":{\"@id\":\"https:\/\/koningdrone.be\/product\/dji-rs-4-combo\/#primaryimage\"},\"image\":{\"@id\":\"https:\/\/koningdrone.be\/product\/dji-rs-4-combo\/#primaryimage\"},\"thumbnailUrl\":\"https:\/\/koningdrone.be\/wp-content\/uploads\/sites\/13\/2025\/04\/79f983d5b2ecc9769b46cf26269bdcc0@ultra.jpg\",\"datePublished\":\"2024-04-15T09:19:06+00:00\",\"dateModified\":\"2026-04-29T02:40:09+00:00\",\"breadcrumb\":{\"@id\":\"https:\/\/koningdrone.be\/product\/dji-rs-4-combo\/#breadcrumb\"},\"inLanguage\":\"de\",\"potentialAction\":[{\"@type\":\"ReadAction\",\"target\":[\"https:\/\/koningdrone.be\/product\/dji-rs-4-combo\/\"]}]},{\"@type\":\"ImageObject\",\"inLanguage\":\"de\",\"@id\":\"https:\/\/koningdrone.be\/product\/dji-rs-4-combo\/#primaryimage\",\"url\":\"https:\/\/koningdrone.be\/wp-content\/uploads\/sites\/13\/2025\/04\/79f983d5b2ecc9769b46cf26269bdcc0@ultra.jpg\",\"contentUrl\":\"https:\/\/koningdrone.be\/wp-content\/uploads\/sites\/13\/2025\/04\/79f983d5b2ecc9769b46cf26269bdcc0@ultra.jpg\",\"width\":1280,\"height\":1280},{\"@type\":\"BreadcrumbList\",\"@id\":\"https:\/\/koningdrone.be\/product\/dji-rs-4-combo\/#breadcrumb\",\"itemListElement\":[{\"@type\":\"ListItem\",\"position\":1,\"name\":\"Home\",\"item\":\"https:\/\/koningdrone.be\/\"},{\"@type\":\"ListItem\",\"position\":2,\"name\":\"AVSS Parachute Recovery System for DJI Matrice 300\/350\",\"item\":\"https:\/\/koningdrone.be\/product\/avss-parachute-recovery-system-for-dji-matrice-300-350\/\"},{\"@type\":\"ListItem\",\"position\":3,\"name\":\"Alle gimbals en cameras\",\"item\":\"https:\/\/koningdrone.be\/categorie\/alle-gimbals-en-cameras\/\"},{\"@type\":\"ListItem\",\"position\":4,\"name\":\"DJI RS 4 Combo\"}]},{\"@type\":\"WebSite\",\"@id\":\"https:\/\/koningdrone.be\/#website\",\"url\":\"https:\/\/koningdrone.be\/\",\"name\":\"Koningdrone.be - Uw online specialist in drones, gimbals, camera's en power stations.\",\"description\":\"De webshop in drones en gimbals\",\"publisher\":{\"@id\":\"https:\/\/koningdrone.be\/#organization\"},\"potentialAction\":[{\"@type\":\"SearchAction\",\"target\":{\"@type\":\"EntryPoint\",\"urlTemplate\":\"https:\/\/koningdrone.be\/?s={search_term_string}\"},\"query-input\":{\"@type\":\"PropertyValueSpecification\",\"valueRequired\":true,\"valueName\":\"search_term_string\"}}],\"inLanguage\":\"de\"},{\"@type\":\"Organization\",\"@id\":\"https:\/\/koningdrone.be\/#organization\",\"name\":\"Koningdrone.be\",\"url\":\"https:\/\/koningdrone.be\/\",\"logo\":{\"@type\":\"ImageObject\",\"inLanguage\":\"de\",\"@id\":\"https:\/\/koningdrone.be\/#\/schema\/logo\/image\/\",\"url\":\"https:\/\/koningdrone.be\/wp-content\/uploads\/sites\/13\/2025\/04\/koningdrone-copyright-logo.svg\",\"contentUrl\":\"https:\/\/koningdrone.be\/wp-content\/uploads\/sites\/13\/2025\/04\/koningdrone-copyright-logo.svg\",\"width\":227,\"height\":38,\"caption\":\"Koningdrone.be\"},\"image\":{\"@id\":\"https:\/\/koningdrone.be\/#\/schema\/logo\/image\/\"}}]}<\/script>\n<!-- \/ Yoast SEO Premium plugin. -->","yoast_head_json":{"title":"DJI RS 4 Combo - koningdrone.be","robots":{"index":"index","follow":"follow","max-snippet":"max-snippet:-1","max-image-preview":"max-image-preview:large","max-video-preview":"max-video-preview:-1"},"canonical":"https:\/\/koningdrone.be\/de\/produkt\/dji-rs-4-combo\/","og_locale":"de_DE","og_type":"article","og_title":"DJI RS 4 Combo","og_description":"Nieuwe cardanische horizontale plaat elimineert de noodzaak voor extra accessoires. Ondersteunt eenvoudig overschakelen naar verticale opnamen voor verticale video&#039;s. Joystickmodi schakelen tussen cardanische beweging en lenszoom. Inclusief RSA-communicatiepoort voor accessoire-connectiviteit. Batterijgreep met hoge capaciteit verlengt de looptijd tot 29,5 uur. De batterijgreep ondersteunt een uitgangsvermogen van 18 W via USB-C. Verminderde wrijving voor soepeler balanceren. Fijnafstellingsknop op de kantelas voor nauwkeurig balanceren. De verlengde kantelas biedt plaats aan reguliere spiegelloze camera&#039;s en accessoires.","og_url":"https:\/\/koningdrone.be\/de\/produkt\/dji-rs-4-combo\/","og_site_name":"koningdrone.be","article_modified_time":"2026-04-29T02:40:09+00:00","og_image":[{"width":1280,"height":1280,"url":"https:\/\/koningdrone.be\/wp-content\/uploads\/sites\/13\/2025\/04\/79f983d5b2ecc9769b46cf26269bdcc0@ultra.jpg","type":"image\/jpeg"}],"twitter_card":"summary_large_image","twitter_misc":{"Gesch\u00e4tzte Lesezeit":"1\u00a0Minute"},"schema":{"@context":"https:\/\/schema.org","@graph":[{"@type":"WebPage","@id":"https:\/\/koningdrone.be\/product\/dji-rs-4-combo\/","url":"https:\/\/koningdrone.be\/product\/dji-rs-4-combo\/","name":"DJI RS 4 Combo - koningdrone.be","isPartOf":{"@id":"https:\/\/koningdrone.be\/#website"},"primaryImageOfPage":{"@id":"https:\/\/koningdrone.be\/product\/dji-rs-4-combo\/#primaryimage"},"image":{"@id":"https:\/\/koningdrone.be\/product\/dji-rs-4-combo\/#primaryimage"},"thumbnailUrl":"https:\/\/koningdrone.be\/wp-content\/uploads\/sites\/13\/2025\/04\/79f983d5b2ecc9769b46cf26269bdcc0@ultra.jpg","datePublished":"2024-04-15T09:19:06+00:00","dateModified":"2026-04-29T02:40:09+00:00","breadcrumb":{"@id":"https:\/\/koningdrone.be\/product\/dji-rs-4-combo\/#breadcrumb"},"inLanguage":"de","potentialAction":[{"@type":"ReadAction","target":["https:\/\/koningdrone.be\/product\/dji-rs-4-combo\/"]}]},{"@type":"ImageObject","inLanguage":"de","@id":"https:\/\/koningdrone.be\/product\/dji-rs-4-combo\/#primaryimage","url":"https:\/\/koningdrone.be\/wp-content\/uploads\/sites\/13\/2025\/04\/79f983d5b2ecc9769b46cf26269bdcc0@ultra.jpg","contentUrl":"https:\/\/koningdrone.be\/wp-content\/uploads\/sites\/13\/2025\/04\/79f983d5b2ecc9769b46cf26269bdcc0@ultra.jpg","width":1280,"height":1280},{"@type":"BreadcrumbList","@id":"https:\/\/koningdrone.be\/product\/dji-rs-4-combo\/#breadcrumb","itemListElement":[{"@type":"ListItem","position":1,"name":"Home","item":"https:\/\/koningdrone.be\/"},{"@type":"ListItem","position":2,"name":"AVSS Parachute Recovery System for DJI Matrice 300\/350","item":"https:\/\/koningdrone.be\/product\/avss-parachute-recovery-system-for-dji-matrice-300-350\/"},{"@type":"ListItem","position":3,"name":"Alle gimbals en cameras","item":"https:\/\/koningdrone.be\/categorie\/alle-gimbals-en-cameras\/"},{"@type":"ListItem","position":4,"name":"DJI RS 4 Combo"}]},{"@type":"WebSite","@id":"https:\/\/koningdrone.be\/#website","url":"https:\/\/koningdrone.be\/","name":"Koningdrone.be - Ihr Online-Spezialist f\u00fcr Drohnen, Gimbals, Kameras und Kraftwerke.","description":"Der Webshop f\u00fcr Drohnen und Gimbals","publisher":{"@id":"https:\/\/koningdrone.be\/#organization"},"potentialAction":[{"@type":"SearchAction","target":{"@type":"EntryPoint","urlTemplate":"https:\/\/koningdrone.be\/?s={search_term_string}"},"query-input":{"@type":"PropertyValueSpecification","valueRequired":true,"valueName":"search_term_string"}}],"inLanguage":"de"},{"@type":"Organization","@id":"https:\/\/koningdrone.be\/#organization","name":"Kingdrone.de","url":"https:\/\/koningdrone.be\/","logo":{"@type":"ImageObject","inLanguage":"de","@id":"https:\/\/koningdrone.be\/#\/schema\/logo\/image\/","url":"https:\/\/koningdrone.be\/wp-content\/uploads\/sites\/13\/2025\/04\/koningdrone-copyright-logo.svg","contentUrl":"https:\/\/koningdrone.be\/wp-content\/uploads\/sites\/13\/2025\/04\/koningdrone-copyright-logo.svg","width":227,"height":38,"caption":"Koningdrone.be"},"image":{"@id":"https:\/\/koningdrone.be\/#\/schema\/logo\/image\/"}}]}},"df_price":610,"df_sale_price":"","df_regular_price":610,"df_image_link":"https:\/\/koningdrone.be\/wp-content\/uploads\/sites\/13\/2025\/04\/79f983d5b2ecc9769b46cf26269bdcc0@ultra-300x300.jpg","_links":{"self":[{"href":"https:\/\/koningdrone.be\/de\/wp-json\/wp\/v2\/product\/3685","targetHints":{"allow":["GET"]}}],"collection":[{"href":"https:\/\/koningdrone.be\/de\/wp-json\/wp\/v2\/product"}],"about":[{"href":"https:\/\/koningdrone.be\/de\/wp-json\/wp\/v2\/types\/product"}],"wp:featuredmedia":[{"embeddable":true,"href":"https:\/\/koningdrone.be\/de\/wp-json\/wp\/v2\/media\/3682"}],"wp:attachment":[{"href":"https:\/\/koningdrone.be\/de\/wp-json\/wp\/v2\/media?parent=3685"}],"wp:term":[{"taxonomy":"product_brand","embeddable":true,"href":"https:\/\/koningdrone.be\/de\/wp-json\/wp\/v2\/product_brand?post=3685"},{"taxonomy":"product_cat","embeddable":true,"href":"https:\/\/koningdrone.be\/de\/wp-json\/wp\/v2\/product_cat?post=3685"},{"taxonomy":"product_tag","embeddable":true,"href":"https:\/\/koningdrone.be\/de\/wp-json\/wp\/v2\/product_tag?post=3685"}],"curies":[{"name":"wp","href":"https:\/\/api.w.org\/{rel}","templated":true}]}}