{"id":3681,"date":"2024-04-15T11:19:06","date_gmt":"2024-04-15T09:19:06","guid":{"rendered":"https:\/\/koningdrone.nl\/kon\/product\/dji-rs-4\/"},"modified":"2026-04-29T04:40:25","modified_gmt":"2026-04-29T02:40:25","slug":"dji-rs-4","status":"publish","type":"product","link":"https:\/\/koningdrone.be\/de\/produkt\/dji-rs-4\/","title":{"rendered":"DJI RS 4 Gimbal - Refurbished"},"content":{"rendered":"<h4>Verbesserte vertikale Aufzeichnungsm\u00f6glichkeiten<\/h4>\n<p>Der DJI RS 4 Gimbal verf\u00fcgt \u00fcber eine neu gestaltete horizontale Platte, die speziell f\u00fcr den nahtlosen Wechsel von horizontalen zu vertikalen Aufnahmen entwickelt wurde. Diese Funktionalit\u00e4t macht zus\u00e4tzliches Zubeh\u00f6r f\u00fcr die Aufnahme vertikaler Videos \u00fcberfl\u00fcssig, was den Installationsprozess vereinfacht und die Effizienz erh\u00f6ht.<\/p>\n<h4>Vielseitige Joystick-Steuerung<\/h4>\n<p>Mit den vielseitigen Steuerungsoptionen des Gimbals k\u00f6nnen Kameraleute ihre Filmaufnahmen individuell gestalten. Der Gimbal bietet austauschbare Joystick-Modi, die es dem Benutzer erm\u00f6glichen, die Bewegung des Gimbals zu diktieren oder den Objektivzoom direkt \u00fcber den Joystick zu steuern, was ein intuitives und natives Zoom-Erlebnis bietet.<\/p>\n<h4>Verbesserte Konnektivit\u00e4t<\/h4>\n<p>Durch die Integration des RSA-Kommunikationsanschlusses am DJI RS 4 k\u00f6nnen Benutzer eine Vielzahl von Zubeh\u00f6rteilen anschlie\u00dfen. Dazu geh\u00f6ren der DJI RS Tethered Control Handle und kompatible Ger\u00e4te von Drittanbietern, die die Einsatzflexibilit\u00e4t des Gimbals erheblich erweitern und ihn besser an unterschiedliche Aufnahmebedingungen anpassen k\u00f6nnen.<\/p>\n<h4>Verl\u00e4ngerte Lebensdauer der Batterie<\/h4>\n<p>Mit dem neuen BG70 High-Capacity Battery Grip l\u00e4sst sich die Akkulaufzeit des Gimbals deutlich verl\u00e4ngern - auf bis zu 29,5 Stunden. Dieser Griff unterst\u00fctzt auch die Versorgung der Kamera und des angeschlossenen Zubeh\u00f6rs mit bis zu 18 W \u00fcber den USB-C-Anschluss, sodass l\u00e4ngere Aufnahmen m\u00f6glich sind, ohne dass man sich Sorgen um eine Ersch\u00f6pfung der Stromversorgung machen muss.<\/p>\n<h4>Verbesserter Ausgleichsmechanismus<\/h4>\n<p>Die kardanische Aufh\u00e4ngung verf\u00fcgt \u00fcber einen Mechanismus mit reduzierter Reibung, der f\u00fcr sanftere Bewegungen und ein besseres Gleichgewicht w\u00e4hrend des Gebrauchs sorgt. Dar\u00fcber hinaus verf\u00fcgt sie \u00fcber einen Feineinstellknopf an der Neigungsachse, mit dem die Kamera pr\u00e4zise eingestellt werden kann, was eine millimetergenaue Balance erm\u00f6glicht.<\/p>\n<h4>Unterst\u00fctzung f\u00fcr hohe Nutzlast und verl\u00e4ngerte Kippachse<\/h4>\n<p>Der DJI RS 4 unterst\u00fctzt eine hohe Nutzlast und verf\u00fcgt \u00fcber eine um 8,5 mm vergr\u00f6\u00dferte Neigeachse. Diese Erweiterung eignet sich f\u00fcr eine breite Palette von regul\u00e4ren spiegellosen Kameras, zusammen mit verschiedenen Objektiven und zus\u00e4tzlichem Zubeh\u00f6r, und bietet so erhebliche Flexibilit\u00e4t und mehr Optionen f\u00fcr Ihre Aufnahme-Setups.<\/p>\n<h4>\u00dcber \u00fcberholte Produkte<\/h4>\n<p><em><strong>Dieses Produkt wurde benutzt, ist aber in sehr gutem\/neuwertigem Zustand. Es wurde innerhalb von 14 Tagen zur\u00fcckgeschickt und oft nur kurz benutzt. Der Gesamtzustand ist fast wie neu.<\/strong><\/em><\/p>","protected":false},"excerpt":{"rendered":"<ul>\n<li>Die neu gestaltete kardanische horizontale Platte vereinfacht die Installation.<\/li>\n<li>Erm\u00f6glicht effiziente vertikale Videoerstellung mit einfachem Moduswechsel.<\/li>\n<li>Die Joystick-Modi wechseln zwischen Kardanbewegung und Objektivzoomsteuerung.<\/li>\n<li>Inklusive RSA-Kommunikationsanschluss f\u00fcr diverses Zubeh\u00f6r.<\/li>\n<li>Der Batteriegriff mit hoher Kapazit\u00e4t verl\u00e4ngert die Betriebszeit auf 29,5 Stunden.<\/li>\n<li>Battery Grip unterst\u00fctzt bis zu 18 W Ausgangsleistung \u00fcber den USB-C-Anschluss.<\/li>\n<li>Geringere Reibung f\u00fcr leichteres Auswuchten.<\/li>\n<li>Feineinstellknopf an der Kippwelle f\u00fcr pr\u00e4zises Auswuchten.<\/li>\n<li>Die verl\u00e4ngerte Neigungsachse erm\u00f6glicht gr\u00f6\u00dfere Kameraaufstellungen.<\/li>\n<\/ul>","protected":false},"featured_media":3524,"template":"","meta":{"_acf_changed":false},"product_brand":[],"product_cat":[315,410,97,265,613,139],"product_tag":[108],"class_list":{"0":"post-3681","1":"product","2":"type-product","3":"status-publish","4":"has-post-thumbnail","6":"product_cat-alle-gimbals-en-cameras","7":"product_cat-alle-handheld-gimbals","8":"product_cat-alle-producten","9":"product_cat-dji-ronin","10":"product_cat-dji-rs4","11":"product_cat-refurbished","12":"product_tag-acsystemsall","13":"product_shipping_class-outofstock","14":"pa_brand-dji","15":"pa_productfamily-gimbal","16":"pa_producttype-gimbal","17":"pa_series-rs-4","19":"first","20":"outofstock","21":"taxable","22":"shipping-taxable","23":"purchasable","24":"product-type-simple"},"acf":[],"yoast_head":"<!-- This site is optimized with the Yoast SEO Premium plugin v27.2 (Yoast SEO v27.2) - https:\/\/yoast.com\/product\/yoast-seo-premium-wordpress\/ -->\n<title>DJI RS 4 Gimbal - Refurbished - koningdrone.be<\/title>\n<meta name=\"robots\" content=\"index, follow, max-snippet:-1, max-image-preview:large, max-video-preview:-1\" \/>\n<link rel=\"canonical\" href=\"https:\/\/koningdrone.be\/de\/produkt\/dji-rs-4\/\" \/>\n<meta property=\"og:locale\" content=\"de_DE\" \/>\n<meta property=\"og:type\" content=\"article\" \/>\n<meta property=\"og:title\" content=\"DJI RS 4 Gimbal - Refurbished\" \/>\n<meta property=\"og:description\" content=\"Nieuw ontworpen cardanische horizontale plaat vereenvoudigt de installatie.  Maakt effici\u00ebnte verticale videocreatie mogelijk met eenvoudige modusschakelaar.  Joystickmodi schakelen tussen cardanische beweging of lenszoombediening.  Inclusief RSA-communicatiepoort voor diverse accessoires.  Batterijgreep met hoge capaciteit verlengt de looptijd tot 29,5 uur.  Battery Grip ondersteunt tot 18 W uitgangsvermogen via USB-C-poort.  Kenmerk van verminderde wrijving voor soepeler balanceren.  Fijnafstellingsknop op de kantelas voor nauwkeurig balanceren.  De verlengde kantelas maakt grotere camera-opstellingen mogelijk.\" \/>\n<meta property=\"og:url\" content=\"https:\/\/koningdrone.be\/de\/produkt\/dji-rs-4\/\" \/>\n<meta property=\"og:site_name\" content=\"koningdrone.be\" \/>\n<meta property=\"article:modified_time\" content=\"2026-04-29T02:40:25+00:00\" \/>\n<meta property=\"og:image\" content=\"https:\/\/koningdrone.be\/wp-content\/uploads\/sites\/13\/2025\/04\/441193b5bda111b297eb53390a4a748d@ultra.jpg\" \/>\n\t<meta property=\"og:image:width\" content=\"1280\" \/>\n\t<meta property=\"og:image:height\" content=\"1280\" \/>\n\t<meta property=\"og:image:type\" content=\"image\/jpeg\" \/>\n<meta name=\"twitter:card\" content=\"summary_large_image\" \/>\n<meta name=\"twitter:label1\" content=\"Gesch\u00e4tzte Lesezeit\" \/>\n\t<meta name=\"twitter:data1\" content=\"2\u00a0Minuten\" \/>\n<script type=\"application\/ld+json\" class=\"yoast-schema-graph\">{\"@context\":\"https:\/\/schema.org\",\"@graph\":[{\"@type\":\"WebPage\",\"@id\":\"https:\/\/koningdrone.be\/product\/dji-rs-4\/\",\"url\":\"https:\/\/koningdrone.be\/product\/dji-rs-4\/\",\"name\":\"DJI RS 4 Gimbal - Refurbished - koningdrone.be\",\"isPartOf\":{\"@id\":\"https:\/\/koningdrone.be\/#website\"},\"primaryImageOfPage\":{\"@id\":\"https:\/\/koningdrone.be\/product\/dji-rs-4\/#primaryimage\"},\"image\":{\"@id\":\"https:\/\/koningdrone.be\/product\/dji-rs-4\/#primaryimage\"},\"thumbnailUrl\":\"https:\/\/koningdrone.be\/wp-content\/uploads\/sites\/13\/2025\/04\/441193b5bda111b297eb53390a4a748d@ultra.jpg\",\"datePublished\":\"2024-04-15T09:19:06+00:00\",\"dateModified\":\"2026-04-29T02:40:25+00:00\",\"breadcrumb\":{\"@id\":\"https:\/\/koningdrone.be\/product\/dji-rs-4\/#breadcrumb\"},\"inLanguage\":\"de\",\"potentialAction\":[{\"@type\":\"ReadAction\",\"target\":[\"https:\/\/koningdrone.be\/product\/dji-rs-4\/\"]}]},{\"@type\":\"ImageObject\",\"inLanguage\":\"de\",\"@id\":\"https:\/\/koningdrone.be\/product\/dji-rs-4\/#primaryimage\",\"url\":\"https:\/\/koningdrone.be\/wp-content\/uploads\/sites\/13\/2025\/04\/441193b5bda111b297eb53390a4a748d@ultra.jpg\",\"contentUrl\":\"https:\/\/koningdrone.be\/wp-content\/uploads\/sites\/13\/2025\/04\/441193b5bda111b297eb53390a4a748d@ultra.jpg\",\"width\":1280,\"height\":1280},{\"@type\":\"BreadcrumbList\",\"@id\":\"https:\/\/koningdrone.be\/product\/dji-rs-4\/#breadcrumb\",\"itemListElement\":[{\"@type\":\"ListItem\",\"position\":1,\"name\":\"Home\",\"item\":\"https:\/\/koningdrone.be\/\"},{\"@type\":\"ListItem\",\"position\":2,\"name\":\"AVSS Parachute Recovery System for DJI Matrice 300\/350\",\"item\":\"https:\/\/koningdrone.be\/product\/avss-parachute-recovery-system-for-dji-matrice-300-350\/\"},{\"@type\":\"ListItem\",\"position\":3,\"name\":\"Alle gimbals en cameras\",\"item\":\"https:\/\/koningdrone.be\/categorie\/alle-gimbals-en-cameras\/\"},{\"@type\":\"ListItem\",\"position\":4,\"name\":\"DJI RS 4 Gimbal &#8211; Refurbished\"}]},{\"@type\":\"WebSite\",\"@id\":\"https:\/\/koningdrone.be\/#website\",\"url\":\"https:\/\/koningdrone.be\/\",\"name\":\"Koningdrone.be - Uw online specialist in drones, gimbals, camera's en power stations.\",\"description\":\"De webshop in drones en gimbals\",\"publisher\":{\"@id\":\"https:\/\/koningdrone.be\/#organization\"},\"potentialAction\":[{\"@type\":\"SearchAction\",\"target\":{\"@type\":\"EntryPoint\",\"urlTemplate\":\"https:\/\/koningdrone.be\/?s={search_term_string}\"},\"query-input\":{\"@type\":\"PropertyValueSpecification\",\"valueRequired\":true,\"valueName\":\"search_term_string\"}}],\"inLanguage\":\"de\"},{\"@type\":\"Organization\",\"@id\":\"https:\/\/koningdrone.be\/#organization\",\"name\":\"Koningdrone.be\",\"url\":\"https:\/\/koningdrone.be\/\",\"logo\":{\"@type\":\"ImageObject\",\"inLanguage\":\"de\",\"@id\":\"https:\/\/koningdrone.be\/#\/schema\/logo\/image\/\",\"url\":\"https:\/\/koningdrone.be\/wp-content\/uploads\/sites\/13\/2025\/04\/koningdrone-copyright-logo.svg\",\"contentUrl\":\"https:\/\/koningdrone.be\/wp-content\/uploads\/sites\/13\/2025\/04\/koningdrone-copyright-logo.svg\",\"width\":227,\"height\":38,\"caption\":\"Koningdrone.be\"},\"image\":{\"@id\":\"https:\/\/koningdrone.be\/#\/schema\/logo\/image\/\"}}]}<\/script>\n<!-- \/ Yoast SEO Premium plugin. -->","yoast_head_json":{"title":"DJI RS 4 Gimbal - Refurbished - koningdrone.be","robots":{"index":"index","follow":"follow","max-snippet":"max-snippet:-1","max-image-preview":"max-image-preview:large","max-video-preview":"max-video-preview:-1"},"canonical":"https:\/\/koningdrone.be\/de\/produkt\/dji-rs-4\/","og_locale":"de_DE","og_type":"article","og_title":"DJI RS 4 Gimbal - Refurbished","og_description":"Nieuw ontworpen cardanische horizontale plaat vereenvoudigt de installatie.  Maakt effici\u00ebnte verticale videocreatie mogelijk met eenvoudige modusschakelaar.  Joystickmodi schakelen tussen cardanische beweging of lenszoombediening.  Inclusief RSA-communicatiepoort voor diverse accessoires.  Batterijgreep met hoge capaciteit verlengt de looptijd tot 29,5 uur.  Battery Grip ondersteunt tot 18 W uitgangsvermogen via USB-C-poort.  Kenmerk van verminderde wrijving voor soepeler balanceren.  Fijnafstellingsknop op de kantelas voor nauwkeurig balanceren.  De verlengde kantelas maakt grotere camera-opstellingen mogelijk.","og_url":"https:\/\/koningdrone.be\/de\/produkt\/dji-rs-4\/","og_site_name":"koningdrone.be","article_modified_time":"2026-04-29T02:40:25+00:00","og_image":[{"width":1280,"height":1280,"url":"https:\/\/koningdrone.be\/wp-content\/uploads\/sites\/13\/2025\/04\/441193b5bda111b297eb53390a4a748d@ultra.jpg","type":"image\/jpeg"}],"twitter_card":"summary_large_image","twitter_misc":{"Gesch\u00e4tzte Lesezeit":"2\u00a0Minuten"},"schema":{"@context":"https:\/\/schema.org","@graph":[{"@type":"WebPage","@id":"https:\/\/koningdrone.be\/product\/dji-rs-4\/","url":"https:\/\/koningdrone.be\/product\/dji-rs-4\/","name":"DJI RS 4 Gimbal - Refurbished - koningdrone.be","isPartOf":{"@id":"https:\/\/koningdrone.be\/#website"},"primaryImageOfPage":{"@id":"https:\/\/koningdrone.be\/product\/dji-rs-4\/#primaryimage"},"image":{"@id":"https:\/\/koningdrone.be\/product\/dji-rs-4\/#primaryimage"},"thumbnailUrl":"https:\/\/koningdrone.be\/wp-content\/uploads\/sites\/13\/2025\/04\/441193b5bda111b297eb53390a4a748d@ultra.jpg","datePublished":"2024-04-15T09:19:06+00:00","dateModified":"2026-04-29T02:40:25+00:00","breadcrumb":{"@id":"https:\/\/koningdrone.be\/product\/dji-rs-4\/#breadcrumb"},"inLanguage":"de","potentialAction":[{"@type":"ReadAction","target":["https:\/\/koningdrone.be\/product\/dji-rs-4\/"]}]},{"@type":"ImageObject","inLanguage":"de","@id":"https:\/\/koningdrone.be\/product\/dji-rs-4\/#primaryimage","url":"https:\/\/koningdrone.be\/wp-content\/uploads\/sites\/13\/2025\/04\/441193b5bda111b297eb53390a4a748d@ultra.jpg","contentUrl":"https:\/\/koningdrone.be\/wp-content\/uploads\/sites\/13\/2025\/04\/441193b5bda111b297eb53390a4a748d@ultra.jpg","width":1280,"height":1280},{"@type":"BreadcrumbList","@id":"https:\/\/koningdrone.be\/product\/dji-rs-4\/#breadcrumb","itemListElement":[{"@type":"ListItem","position":1,"name":"Home","item":"https:\/\/koningdrone.be\/"},{"@type":"ListItem","position":2,"name":"AVSS Parachute Recovery System for DJI Matrice 300\/350","item":"https:\/\/koningdrone.be\/product\/avss-parachute-recovery-system-for-dji-matrice-300-350\/"},{"@type":"ListItem","position":3,"name":"Alle gimbals en cameras","item":"https:\/\/koningdrone.be\/categorie\/alle-gimbals-en-cameras\/"},{"@type":"ListItem","position":4,"name":"DJI RS 4 Gimbal &#8211; Refurbished"}]},{"@type":"WebSite","@id":"https:\/\/koningdrone.be\/#website","url":"https:\/\/koningdrone.be\/","name":"Koningdrone.be - Ihr Online-Spezialist f\u00fcr Drohnen, Gimbals, Kameras und Kraftwerke.","description":"Der Webshop f\u00fcr Drohnen und Gimbals","publisher":{"@id":"https:\/\/koningdrone.be\/#organization"},"potentialAction":[{"@type":"SearchAction","target":{"@type":"EntryPoint","urlTemplate":"https:\/\/koningdrone.be\/?s={search_term_string}"},"query-input":{"@type":"PropertyValueSpecification","valueRequired":true,"valueName":"search_term_string"}}],"inLanguage":"de"},{"@type":"Organization","@id":"https:\/\/koningdrone.be\/#organization","name":"Kingdrone.de","url":"https:\/\/koningdrone.be\/","logo":{"@type":"ImageObject","inLanguage":"de","@id":"https:\/\/koningdrone.be\/#\/schema\/logo\/image\/","url":"https:\/\/koningdrone.be\/wp-content\/uploads\/sites\/13\/2025\/04\/koningdrone-copyright-logo.svg","contentUrl":"https:\/\/koningdrone.be\/wp-content\/uploads\/sites\/13\/2025\/04\/koningdrone-copyright-logo.svg","width":227,"height":38,"caption":"Koningdrone.be"},"image":{"@id":"https:\/\/koningdrone.be\/#\/schema\/logo\/image\/"}}]}},"df_price":472,"df_sale_price":"","df_regular_price":472,"df_image_link":"https:\/\/koningdrone.be\/wp-content\/uploads\/sites\/13\/2025\/04\/441193b5bda111b297eb53390a4a748d@ultra-300x300.jpg","_links":{"self":[{"href":"https:\/\/koningdrone.be\/de\/wp-json\/wp\/v2\/product\/3681","targetHints":{"allow":["GET"]}}],"collection":[{"href":"https:\/\/koningdrone.be\/de\/wp-json\/wp\/v2\/product"}],"about":[{"href":"https:\/\/koningdrone.be\/de\/wp-json\/wp\/v2\/types\/product"}],"wp:featuredmedia":[{"embeddable":true,"href":"https:\/\/koningdrone.be\/de\/wp-json\/wp\/v2\/media\/3524"}],"wp:attachment":[{"href":"https:\/\/koningdrone.be\/de\/wp-json\/wp\/v2\/media?parent=3681"}],"wp:term":[{"taxonomy":"product_brand","embeddable":true,"href":"https:\/\/koningdrone.be\/de\/wp-json\/wp\/v2\/product_brand?post=3681"},{"taxonomy":"product_cat","embeddable":true,"href":"https:\/\/koningdrone.be\/de\/wp-json\/wp\/v2\/product_cat?post=3681"},{"taxonomy":"product_tag","embeddable":true,"href":"https:\/\/koningdrone.be\/de\/wp-json\/wp\/v2\/product_tag?post=3681"}],"curies":[{"name":"wp","href":"https:\/\/api.w.org\/{rel}","templated":true}]}}