{"id":3676,"date":"2024-04-15T11:19:06","date_gmt":"2024-04-15T09:19:06","guid":{"rendered":"https:\/\/koningdrone.nl\/kon\/product\/dji-ronin-4d-8k\/"},"modified":"2026-04-29T16:00:14","modified_gmt":"2026-04-29T14:00:14","slug":"dji-ronin-4d-8k","status":"publish","type":"product","link":"https:\/\/koningdrone.be\/de\/produkt\/dji-ronin-4d-8k\/","title":{"rendered":"DJI Ronin 4D-8K"},"content":{"rendered":"<p><strong>Hochwertige Videoformate<\/strong><\/p>\n<p> Die Zenmuse X9 Kamera ist bemerkenswert vielseitig und unterst\u00fctzt eine breite Palette von High-Definition-Videoformaten wie Apple ProRes RAW, ProRes 4444 XQ, ProRes 422 HQ, ProRes 422 LT und H.264. Sie kann Aufzeichnungen mit einer Aufl\u00f6sung von bis zu 8K bei 60 Bildern pro Sekunde (fps) und 4K bei 120 fps im Vollbildformat vornehmen und eignet sich damit f\u00fcr professionelle Filme, die eine hervorragende Bildqualit\u00e4t erfordern.<\/p>\n<p>  <strong>Verbesserter Dynamikbereich und Belichtungsindex<\/strong><\/p>\n<p> Das Modell X9-8K arbeitet mit einem Belichtungsindex von 320\/1600 und erm\u00f6glicht bei aktivierter Funktion zur Erweiterung des Dynamikbereichs einen erweiterten Bereich bis zu EI 800\/4000. Das Modell X9-6K erweitert diese F\u00e4higkeit sogar auf EI 800\/5000. Diese Bereichserweiterung sorgt f\u00fcr au\u00dfergew\u00f6hnlich klare Bilder, insbesondere bei schwachem Umgebungslicht, und minimiert effektiv das Bildrauschen.<\/p>\n<p>  <strong>Fortschrittliches ND-Filtersystem<\/strong><\/p>\n<p> Die Kamera ist mit einem motorisierten System ausgestattet und verf\u00fcgt \u00fcber eingebaute physische ND-Filter (Neutral Density) mit 9 verschiedenen St\u00e4rken, die von ND 2 bis ND 512 reichen, so dass Videofilmer schnell zwischen den Filtern wechseln k\u00f6nnen. Diese Funktion tr\u00e4gt wesentlich zur Steuerung der Lichtexposition bei und gew\u00e4hrleistet optimale Bedingungen f\u00fcr die Aufnahme hochwertiger Videos.<\/p>\n<p>  <strong>Kompatibilit\u00e4t mit gro\u00dfen Objektiven<\/strong><\/p>\n<p> Die Zenmuse X9 ist mit DJIs DL-Mount und anderen g\u00e4ngigen Objektivanschl\u00fcssen kompatibel, darunter Leica L, Leica M, Sony E und ARRI PL. Diese breite Kompatibilit\u00e4t bietet Filmemachern eine flexible Auswahl an Objektiven f\u00fcr verschiedene Plattformen und Bed\u00fcrfnisse.<\/p>\n<p>  <strong>Verbessertes Autofokus-System<\/strong><\/p>\n<p> Durch die Integration eines LiDAR-Fokussierungssystems und eines Fokusmotors verbessert die X9 die Autofokus-F\u00e4higkeiten, sodass auch manuelle Objektive von den Autofokus-Funktionen profitieren k\u00f6nnen. Der automatische manuelle Fokusmodus sorgt daf\u00fcr, dass die Sch\u00e4rfe mit \u00c4nderungen des Fokuspunkts synchronisiert wird, bietet aber bei Bedarf auch manuelle Einstellm\u00f6glichkeiten f\u00fcr Kameraleute.<\/p>\n<p>  <strong>\u00dcberlegene Stabilisierungstechnologien<\/strong><\/p>\n<p> Das Z-Achsen-Stabilisierungssystem ist das Herzst\u00fcck der X9 und eliminiert effektiv vertikale Kameraverwacklungen. Diese Funktion wird durch visuelle Sensoren und das ActiveTrack Pro-System erg\u00e4nzt, um sicherzustellen, dass die aufgenommenen Bilder sowohl stabil als auch fl\u00fcssig sind, was f\u00fcr hochwertige Produktionen unerl\u00e4sslich ist.<\/p>\n<p>  <strong>Fortschrittliche Video\u00fcbertragungstechnologie<\/strong><\/p>\n<p> Die O3 Pro Video\u00fcbertragungstechnologie der X9 erweitert den Frequenzbereich mit DFS-B\u00e4ndern und unterst\u00fctzt eine robuste Video\u00fcbertragung mit 1080p\/60fps. Dieses fortschrittliche System erm\u00f6glicht die Verbindung eines einzelnen Senders mit mehreren Empf\u00e4ngern, was eine umfassende Fernsteuerung verschiedener Kamera- und Gimbal-Einstellungen erm\u00f6glicht und die Effizienz und Effektivit\u00e4t in professionellen Filmumgebungen verbessert.<\/p>","protected":false},"excerpt":{"rendered":"<ul>\n<li>Unterst\u00fctzt verschiedene Apple ProRes- und H.264-Formate mit bis zu 8K\/60fps.<\/li>\n<li> Erweitert den Dynamikbereich und verbessert den EI auf 800\/5000.<\/li>\n<li> Mit integrierten physischen ND-Filtern mit 9 Blendenstufen f\u00fcr bessere Kontrolle.<\/li>\n<li> Kompatibel mit mehreren Objektivansichten, einschlie\u00dflich DJIs DL und Leica L.<\/li>\n<li> Die LiDAR-Fokussierung erm\u00f6glicht Autofokus bei manuellen Objektiven.<\/li>\n<li> Die Z-Achsen-Stabilisierung verhindert vertikale Kameraverwacklungen.<\/li>\n<li> O3 Pro Video Transmission unterst\u00fctzt 1080p\/60fps mit mehreren Empf\u00e4ngern.<\/li>\n<\/ul>","protected":false},"featured_media":3673,"template":"","meta":{"_acf_changed":false},"product_brand":[],"product_cat":[315,97,265,532],"product_tag":[],"class_list":{"0":"post-3676","1":"product","2":"type-product","3":"status-publish","4":"has-post-thumbnail","6":"product_cat-alle-gimbals-en-cameras","7":"product_cat-alle-producten","8":"product_cat-dji-ronin","9":"product_cat-dji-ronin-4d","10":"product_shipping_class-outofstock","11":"pa_brand-dji","12":"pa_productfamily-gimbal","13":"pa_producttype-gimbal","15":"first","16":"outofstock","17":"taxable","18":"shipping-taxable","19":"purchasable","20":"product-type-simple"},"acf":[],"yoast_head":"<!-- This site is optimized with the Yoast SEO Premium plugin v27.2 (Yoast SEO v27.2) - https:\/\/yoast.com\/product\/yoast-seo-premium-wordpress\/ -->\n<title>DJI Ronin 4D-8K - koningdrone.be<\/title>\n<meta name=\"robots\" content=\"index, follow, max-snippet:-1, max-image-preview:large, max-video-preview:-1\" \/>\n<link rel=\"canonical\" href=\"https:\/\/koningdrone.be\/de\/produkt\/dji-ronin-4d-8k\/\" \/>\n<meta property=\"og:locale\" content=\"de_DE\" \/>\n<meta property=\"og:type\" content=\"article\" \/>\n<meta property=\"og:title\" content=\"DJI Ronin 4D-8K\" \/>\n<meta property=\"og:description\" content=\"Ondersteunt verschillende Apple ProRes- en H.264-formaten tot 8K\/60fps. Beschikt over dynamische bereikuitbreiding, waardoor de EI wordt verbeterd tot 800\/5000. Inclusief 9-stops ingebouwde fysieke ND-filters voor verbeterde controle. Compatibel met meerdere lensvattingen, waaronder DJI&#039;s DL en Leica L. LiDAR-scherpstelling maakt autofocus op handmatige lenzen mogelijk. Z-asstabilisatie elimineert verticale cameratrilling. O3 Pro Video Transmission ondersteunt 1080p\/60fps met meerdere ontvangers.\" \/>\n<meta property=\"og:url\" content=\"https:\/\/koningdrone.be\/de\/produkt\/dji-ronin-4d-8k\/\" \/>\n<meta property=\"og:site_name\" content=\"koningdrone.be\" \/>\n<meta property=\"article:modified_time\" content=\"2026-04-29T14:00:14+00:00\" \/>\n<meta property=\"og:image\" content=\"https:\/\/koningdrone.be\/wp-content\/uploads\/sites\/13\/2025\/04\/f7e8d709e1ec1a5705e1939068d95db8@ultra.jpg\" \/>\n\t<meta property=\"og:image:width\" content=\"1280\" \/>\n\t<meta property=\"og:image:height\" content=\"1280\" \/>\n\t<meta property=\"og:image:type\" content=\"image\/jpeg\" \/>\n<meta name=\"twitter:card\" content=\"summary_large_image\" \/>\n<meta name=\"twitter:label1\" content=\"Gesch\u00e4tzte Lesezeit\" \/>\n\t<meta name=\"twitter:data1\" content=\"2\u00a0Minuten\" \/>\n<script type=\"application\/ld+json\" class=\"yoast-schema-graph\">{\"@context\":\"https:\/\/schema.org\",\"@graph\":[{\"@type\":\"WebPage\",\"@id\":\"https:\/\/koningdrone.be\/product\/dji-ronin-4d-8k\/\",\"url\":\"https:\/\/koningdrone.be\/product\/dji-ronin-4d-8k\/\",\"name\":\"DJI Ronin 4D-8K - koningdrone.be\",\"isPartOf\":{\"@id\":\"https:\/\/koningdrone.be\/#website\"},\"primaryImageOfPage\":{\"@id\":\"https:\/\/koningdrone.be\/product\/dji-ronin-4d-8k\/#primaryimage\"},\"image\":{\"@id\":\"https:\/\/koningdrone.be\/product\/dji-ronin-4d-8k\/#primaryimage\"},\"thumbnailUrl\":\"https:\/\/koningdrone.be\/wp-content\/uploads\/sites\/13\/2025\/04\/f7e8d709e1ec1a5705e1939068d95db8@ultra.jpg\",\"datePublished\":\"2024-04-15T09:19:06+00:00\",\"dateModified\":\"2026-04-29T14:00:14+00:00\",\"breadcrumb\":{\"@id\":\"https:\/\/koningdrone.be\/product\/dji-ronin-4d-8k\/#breadcrumb\"},\"inLanguage\":\"de\",\"potentialAction\":[{\"@type\":\"ReadAction\",\"target\":[\"https:\/\/koningdrone.be\/product\/dji-ronin-4d-8k\/\"]}]},{\"@type\":\"ImageObject\",\"inLanguage\":\"de\",\"@id\":\"https:\/\/koningdrone.be\/product\/dji-ronin-4d-8k\/#primaryimage\",\"url\":\"https:\/\/koningdrone.be\/wp-content\/uploads\/sites\/13\/2025\/04\/f7e8d709e1ec1a5705e1939068d95db8@ultra.jpg\",\"contentUrl\":\"https:\/\/koningdrone.be\/wp-content\/uploads\/sites\/13\/2025\/04\/f7e8d709e1ec1a5705e1939068d95db8@ultra.jpg\",\"width\":1280,\"height\":1280},{\"@type\":\"BreadcrumbList\",\"@id\":\"https:\/\/koningdrone.be\/product\/dji-ronin-4d-8k\/#breadcrumb\",\"itemListElement\":[{\"@type\":\"ListItem\",\"position\":1,\"name\":\"Home\",\"item\":\"https:\/\/koningdrone.be\/\"},{\"@type\":\"ListItem\",\"position\":2,\"name\":\"AVSS Parachute Recovery System for DJI Matrice 300\/350\",\"item\":\"https:\/\/koningdrone.be\/product\/avss-parachute-recovery-system-for-dji-matrice-300-350\/\"},{\"@type\":\"ListItem\",\"position\":3,\"name\":\"Alle gimbals en cameras\",\"item\":\"https:\/\/koningdrone.be\/categorie\/alle-gimbals-en-cameras\/\"},{\"@type\":\"ListItem\",\"position\":4,\"name\":\"DJI Ronin 4D-8K\"}]},{\"@type\":\"WebSite\",\"@id\":\"https:\/\/koningdrone.be\/#website\",\"url\":\"https:\/\/koningdrone.be\/\",\"name\":\"Koningdrone.be - Uw online specialist in drones, gimbals, camera's en power stations.\",\"description\":\"De webshop in drones en gimbals\",\"publisher\":{\"@id\":\"https:\/\/koningdrone.be\/#organization\"},\"potentialAction\":[{\"@type\":\"SearchAction\",\"target\":{\"@type\":\"EntryPoint\",\"urlTemplate\":\"https:\/\/koningdrone.be\/?s={search_term_string}\"},\"query-input\":{\"@type\":\"PropertyValueSpecification\",\"valueRequired\":true,\"valueName\":\"search_term_string\"}}],\"inLanguage\":\"de\"},{\"@type\":\"Organization\",\"@id\":\"https:\/\/koningdrone.be\/#organization\",\"name\":\"Koningdrone.be\",\"url\":\"https:\/\/koningdrone.be\/\",\"logo\":{\"@type\":\"ImageObject\",\"inLanguage\":\"de\",\"@id\":\"https:\/\/koningdrone.be\/#\/schema\/logo\/image\/\",\"url\":\"https:\/\/koningdrone.be\/wp-content\/uploads\/sites\/13\/2025\/04\/koningdrone-copyright-logo.svg\",\"contentUrl\":\"https:\/\/koningdrone.be\/wp-content\/uploads\/sites\/13\/2025\/04\/koningdrone-copyright-logo.svg\",\"width\":227,\"height\":38,\"caption\":\"Koningdrone.be\"},\"image\":{\"@id\":\"https:\/\/koningdrone.be\/#\/schema\/logo\/image\/\"}}]}<\/script>\n<!-- \/ Yoast SEO Premium plugin. -->","yoast_head_json":{"title":"DJI Ronin 4D-8K - koningdrone.be","robots":{"index":"index","follow":"follow","max-snippet":"max-snippet:-1","max-image-preview":"max-image-preview:large","max-video-preview":"max-video-preview:-1"},"canonical":"https:\/\/koningdrone.be\/de\/produkt\/dji-ronin-4d-8k\/","og_locale":"de_DE","og_type":"article","og_title":"DJI Ronin 4D-8K","og_description":"Ondersteunt verschillende Apple ProRes- en H.264-formaten tot 8K\/60fps. Beschikt over dynamische bereikuitbreiding, waardoor de EI wordt verbeterd tot 800\/5000. Inclusief 9-stops ingebouwde fysieke ND-filters voor verbeterde controle. Compatibel met meerdere lensvattingen, waaronder DJI&#039;s DL en Leica L. LiDAR-scherpstelling maakt autofocus op handmatige lenzen mogelijk. Z-asstabilisatie elimineert verticale cameratrilling. O3 Pro Video Transmission ondersteunt 1080p\/60fps met meerdere ontvangers.","og_url":"https:\/\/koningdrone.be\/de\/produkt\/dji-ronin-4d-8k\/","og_site_name":"koningdrone.be","article_modified_time":"2026-04-29T14:00:14+00:00","og_image":[{"width":1280,"height":1280,"url":"https:\/\/koningdrone.be\/wp-content\/uploads\/sites\/13\/2025\/04\/f7e8d709e1ec1a5705e1939068d95db8@ultra.jpg","type":"image\/jpeg"}],"twitter_card":"summary_large_image","twitter_misc":{"Gesch\u00e4tzte Lesezeit":"2\u00a0Minuten"},"schema":{"@context":"https:\/\/schema.org","@graph":[{"@type":"WebPage","@id":"https:\/\/koningdrone.be\/product\/dji-ronin-4d-8k\/","url":"https:\/\/koningdrone.be\/product\/dji-ronin-4d-8k\/","name":"DJI Ronin 4D-8K - koningdrone.be","isPartOf":{"@id":"https:\/\/koningdrone.be\/#website"},"primaryImageOfPage":{"@id":"https:\/\/koningdrone.be\/product\/dji-ronin-4d-8k\/#primaryimage"},"image":{"@id":"https:\/\/koningdrone.be\/product\/dji-ronin-4d-8k\/#primaryimage"},"thumbnailUrl":"https:\/\/koningdrone.be\/wp-content\/uploads\/sites\/13\/2025\/04\/f7e8d709e1ec1a5705e1939068d95db8@ultra.jpg","datePublished":"2024-04-15T09:19:06+00:00","dateModified":"2026-04-29T14:00:14+00:00","breadcrumb":{"@id":"https:\/\/koningdrone.be\/product\/dji-ronin-4d-8k\/#breadcrumb"},"inLanguage":"de","potentialAction":[{"@type":"ReadAction","target":["https:\/\/koningdrone.be\/product\/dji-ronin-4d-8k\/"]}]},{"@type":"ImageObject","inLanguage":"de","@id":"https:\/\/koningdrone.be\/product\/dji-ronin-4d-8k\/#primaryimage","url":"https:\/\/koningdrone.be\/wp-content\/uploads\/sites\/13\/2025\/04\/f7e8d709e1ec1a5705e1939068d95db8@ultra.jpg","contentUrl":"https:\/\/koningdrone.be\/wp-content\/uploads\/sites\/13\/2025\/04\/f7e8d709e1ec1a5705e1939068d95db8@ultra.jpg","width":1280,"height":1280},{"@type":"BreadcrumbList","@id":"https:\/\/koningdrone.be\/product\/dji-ronin-4d-8k\/#breadcrumb","itemListElement":[{"@type":"ListItem","position":1,"name":"Home","item":"https:\/\/koningdrone.be\/"},{"@type":"ListItem","position":2,"name":"AVSS Parachute Recovery System for DJI Matrice 300\/350","item":"https:\/\/koningdrone.be\/product\/avss-parachute-recovery-system-for-dji-matrice-300-350\/"},{"@type":"ListItem","position":3,"name":"Alle gimbals en cameras","item":"https:\/\/koningdrone.be\/categorie\/alle-gimbals-en-cameras\/"},{"@type":"ListItem","position":4,"name":"DJI Ronin 4D-8K"}]},{"@type":"WebSite","@id":"https:\/\/koningdrone.be\/#website","url":"https:\/\/koningdrone.be\/","name":"Koningdrone.be - Ihr Online-Spezialist f\u00fcr Drohnen, Gimbals, Kameras und Kraftwerke.","description":"Der Webshop f\u00fcr Drohnen und Gimbals","publisher":{"@id":"https:\/\/koningdrone.be\/#organization"},"potentialAction":[{"@type":"SearchAction","target":{"@type":"EntryPoint","urlTemplate":"https:\/\/koningdrone.be\/?s={search_term_string}"},"query-input":{"@type":"PropertyValueSpecification","valueRequired":true,"valueName":"search_term_string"}}],"inLanguage":"de"},{"@type":"Organization","@id":"https:\/\/koningdrone.be\/#organization","name":"Kingdrone.de","url":"https:\/\/koningdrone.be\/","logo":{"@type":"ImageObject","inLanguage":"de","@id":"https:\/\/koningdrone.be\/#\/schema\/logo\/image\/","url":"https:\/\/koningdrone.be\/wp-content\/uploads\/sites\/13\/2025\/04\/koningdrone-copyright-logo.svg","contentUrl":"https:\/\/koningdrone.be\/wp-content\/uploads\/sites\/13\/2025\/04\/koningdrone-copyright-logo.svg","width":227,"height":38,"caption":"Koningdrone.be"},"image":{"@id":"https:\/\/koningdrone.be\/#\/schema\/logo\/image\/"}}]}},"df_price":9998.99,"df_sale_price":"","df_regular_price":9998.99,"df_image_link":"https:\/\/koningdrone.be\/wp-content\/uploads\/sites\/13\/2025\/04\/f7e8d709e1ec1a5705e1939068d95db8@ultra-300x300.jpg","_links":{"self":[{"href":"https:\/\/koningdrone.be\/de\/wp-json\/wp\/v2\/product\/3676","targetHints":{"allow":["GET"]}}],"collection":[{"href":"https:\/\/koningdrone.be\/de\/wp-json\/wp\/v2\/product"}],"about":[{"href":"https:\/\/koningdrone.be\/de\/wp-json\/wp\/v2\/types\/product"}],"wp:featuredmedia":[{"embeddable":true,"href":"https:\/\/koningdrone.be\/de\/wp-json\/wp\/v2\/media\/3673"}],"wp:attachment":[{"href":"https:\/\/koningdrone.be\/de\/wp-json\/wp\/v2\/media?parent=3676"}],"wp:term":[{"taxonomy":"product_brand","embeddable":true,"href":"https:\/\/koningdrone.be\/de\/wp-json\/wp\/v2\/product_brand?post=3676"},{"taxonomy":"product_cat","embeddable":true,"href":"https:\/\/koningdrone.be\/de\/wp-json\/wp\/v2\/product_cat?post=3676"},{"taxonomy":"product_tag","embeddable":true,"href":"https:\/\/koningdrone.be\/de\/wp-json\/wp\/v2\/product_tag?post=3676"}],"curies":[{"name":"wp","href":"https:\/\/api.w.org\/{rel}","templated":true}]}}