{"id":3668,"date":"2024-04-15T11:19:06","date_gmt":"2024-04-15T09:19:06","guid":{"rendered":"https:\/\/koningdrone.nl\/kon\/product\/dji-focus-pro-creator-combo\/"},"modified":"2026-04-29T15:20:10","modified_gmt":"2026-04-29T13:20:10","slug":"dji-focus-pro-creator-combo","status":"publish","type":"product","link":"https:\/\/koningdrone.be\/de\/produkt\/dji-focus-pro-creator-combo\/","title":{"rendered":"DJI Focus Pro Creator Kombi"},"content":{"rendered":"<p><strong>Verbesserte LiDAR-Technologie<\/strong><\/p>\n<p>Die neueste LiDAR-Technologie bietet jetzt einen dreimal so gro\u00dfen Fokusabstand zwischen Mensch und Objekt wie die vorherige Generation, was die Pr\u00e4zision bei der Erfassung von Details verbessert. Sie umfasst 76.800 Messpunkte, die die Erkennung der R\u00e4nder menschlicher Objekte deutlich verbessern und den Fokus viel sch\u00e4rfer und klarer machen. Dieses verbesserte System ist auch besonders effektiv bei der konsistenten und zuverl\u00e4ssigen Erkennung von Menschen und Fahrzeugen. Es stellt sogar schnell wieder scharf, wenn das Motiv vor\u00fcbergehend unscharf ist.<\/p>\n<p><strong>Erweiterte \u00dcberwachung und Feedback<\/strong><\/p>\n<p>Im AMF-Modus kann der Bediener den Fokusstatus visuell \u00fcberpr\u00fcfen und die Autofokus-Einstellungen durch eine taktile R\u00fcckmeldung f\u00fchlen, wodurch er sich der Fokusgenauigkeit doppelt sicher sein kann. Die Focus Pro Handeinheit wurde entwickelt, um flie\u00dfende Anpassungen der D\u00e4mpfung in Echtzeit zu erm\u00f6glichen, und wird \u00fcber eine einfache Ein-Knopf-Verbindung nahtlos mit dem Focus Pro Motor synchronisiert. Diese Technologie erm\u00f6glicht es dem Fokussierer, die Einstellungen von Fokus, Blende und Zoom (FIZ) des Objektivs m\u00fchelos zu verwalten.<\/p>\n<p><strong>Hilfe bei der Fokussierung der LiDAR-Wellenform<\/strong><\/p>\n<p>Kinematographen haben den zus\u00e4tzlichen Vorteil, dass sie die LiDAR-Wellenform-Fokussierungshilfe nutzen k\u00f6nnen, die \u00fcber den High-Bright Remote Monitor zug\u00e4nglich ist. Dieses System unterst\u00fctzt nicht nur die Standardfokussierung, sondern bietet auch zus\u00e4tzliche Informationen, die zur Feinabstimmung des Fokussierungsprozesses verwendet werden k\u00f6nnen.<\/p>\n<p><strong>Breite Kompatibilit\u00e4t f\u00fcr Kinematographie<\/strong><\/p>\n<p>Der DJI Focus Pro ist mit einer breiten Palette von Ger\u00e4ten kompatibel, darunter Ronin-Stabilisatoren, DJI Transmission, Ronin 4D und Inspire 3. Diese Kompatibilit\u00e4t bietet eine leistungsstarke, vielseitige AMF-Fokussierungsl\u00f6sung, die f\u00fcr eine Vielzahl von Aufnahmekontexten geeignet ist und somit eine Top-Wahl f\u00fcr die Anforderungen der modernen Kinematografie darstellt.<\/p>\n<p>&nbsp;<\/p>","protected":false},"excerpt":{"rendered":"<ul>\n<li>Die LiDAR-Fokussierungsdistanz ist 3 Mal l\u00e4nger als bei der vorherigen Generation.<\/li>\n<li>LiDAR liefert 76.800 Entfernungspunkte f\u00fcr eine bessere Kantenerkennung.<\/li>\n<li>Verbesserte Erkennung von Personen und Fahrzeugen.<\/li>\n<li>Schnelle Refokussierung auch nach Hindernissen.<\/li>\n<li>Der AMF-Modus erm\u00f6glicht visuelles und taktiles Autofokus-Feedback.<\/li>\n<li>D\u00e4mpfungseinstellung in Echtzeit am Focus Pro Handger\u00e4t.<\/li>\n<li>Ein-Knopf-Kopplung des Focus Pro Motors mit dem Handger\u00e4t.<\/li>\n<li>LiDAR-Wellenform auf sehr hellem externen Monitor zur Unterst\u00fctzung der Fokussierung.<\/li>\n<li>Kompatibel mit Ronin-Stabilisatoren, DJI Transmission, Ronin 4D, Inspire 3.<\/li>\n<\/ul>","protected":false},"featured_media":3665,"template":"","meta":{"_acf_changed":false},"product_brand":[],"product_cat":[315,97,640,1815],"product_tag":[],"class_list":{"0":"post-3668","1":"product","2":"type-product","3":"status-publish","4":"has-post-thumbnail","6":"product_cat-alle-gimbals-en-cameras","7":"product_cat-alle-producten","8":"product_cat-dji-focus","9":"product_cat-dji-pro-accessoires","10":"product_shipping_class-outofstock","11":"pa_brand-dji","12":"pa_productfamily-focus","13":"pa_producttype-focus","15":"first","16":"outofstock","17":"taxable","18":"shipping-taxable","19":"purchasable","20":"product-type-simple"},"acf":[],"yoast_head":"<!-- This site is optimized with the Yoast SEO Premium plugin v27.2 (Yoast SEO v27.2) - https:\/\/yoast.com\/product\/yoast-seo-premium-wordpress\/ -->\n<title>DJI Focus Pro Creator Combo\u200c - koningdrone.be<\/title>\n<meta name=\"robots\" content=\"index, follow, max-snippet:-1, max-image-preview:large, max-video-preview:-1\" \/>\n<link rel=\"canonical\" href=\"https:\/\/koningdrone.be\/de\/produkt\/dji-focus-pro-creator-combo\/\" \/>\n<meta property=\"og:locale\" content=\"de_DE\" \/>\n<meta property=\"og:type\" content=\"article\" \/>\n<meta property=\"og:title\" content=\"DJI Focus Pro Creator Combo\u200c\" \/>\n<meta property=\"og:description\" content=\"LiDAR-focusafstand 3 keer groter dan de vorige generatie.  LiDAR biedt 76.800 bereikpunten voor betere randdetectie.  Verbeterde herkenning van menselijke onderwerpen en voertuigen.  Snelle herfocussering, zelfs na obstakels.  De AMF-modus maakt visuele en tactiele autofocusfeedback mogelijk.  Realtime dempingsaanpassing op Focus Pro Handunit.  Koppeling met \u00e9\u00e9n knop van Focus Pro Motor met handunit.  LiDAR-golfvorm op zeer heldere externe monitor voor hulp bij het scherpstellen.  Compatibel met Ronin-stabilisatoren, DJI Transmission, Ronin 4D, Inspire 3.\" \/>\n<meta property=\"og:url\" content=\"https:\/\/koningdrone.be\/de\/produkt\/dji-focus-pro-creator-combo\/\" \/>\n<meta property=\"og:site_name\" content=\"koningdrone.be\" \/>\n<meta property=\"article:modified_time\" content=\"2026-04-29T13:20:10+00:00\" \/>\n<meta property=\"og:image\" content=\"https:\/\/koningdrone.be\/wp-content\/uploads\/sites\/13\/2025\/04\/b83299c44e3dabebb0df9c882ce71b8d@ultra.jpg\" \/>\n\t<meta property=\"og:image:width\" content=\"1280\" \/>\n\t<meta property=\"og:image:height\" content=\"1280\" \/>\n\t<meta property=\"og:image:type\" content=\"image\/jpeg\" \/>\n<meta name=\"twitter:card\" content=\"summary_large_image\" \/>\n<meta name=\"twitter:label1\" content=\"Gesch\u00e4tzte Lesezeit\" \/>\n\t<meta name=\"twitter:data1\" content=\"1\u00a0Minute\" \/>\n<script type=\"application\/ld+json\" class=\"yoast-schema-graph\">{\"@context\":\"https:\/\/schema.org\",\"@graph\":[{\"@type\":\"WebPage\",\"@id\":\"https:\/\/koningdrone.be\/product\/dji-focus-pro-creator-combo\/\",\"url\":\"https:\/\/koningdrone.be\/product\/dji-focus-pro-creator-combo\/\",\"name\":\"DJI Focus Pro Creator Combo\u200c - koningdrone.be\",\"isPartOf\":{\"@id\":\"https:\/\/koningdrone.be\/#website\"},\"primaryImageOfPage\":{\"@id\":\"https:\/\/koningdrone.be\/product\/dji-focus-pro-creator-combo\/#primaryimage\"},\"image\":{\"@id\":\"https:\/\/koningdrone.be\/product\/dji-focus-pro-creator-combo\/#primaryimage\"},\"thumbnailUrl\":\"https:\/\/koningdrone.be\/wp-content\/uploads\/sites\/13\/2025\/04\/b83299c44e3dabebb0df9c882ce71b8d@ultra.jpg\",\"datePublished\":\"2024-04-15T09:19:06+00:00\",\"dateModified\":\"2026-04-29T13:20:10+00:00\",\"breadcrumb\":{\"@id\":\"https:\/\/koningdrone.be\/product\/dji-focus-pro-creator-combo\/#breadcrumb\"},\"inLanguage\":\"de\",\"potentialAction\":[{\"@type\":\"ReadAction\",\"target\":[\"https:\/\/koningdrone.be\/product\/dji-focus-pro-creator-combo\/\"]}]},{\"@type\":\"ImageObject\",\"inLanguage\":\"de\",\"@id\":\"https:\/\/koningdrone.be\/product\/dji-focus-pro-creator-combo\/#primaryimage\",\"url\":\"https:\/\/koningdrone.be\/wp-content\/uploads\/sites\/13\/2025\/04\/b83299c44e3dabebb0df9c882ce71b8d@ultra.jpg\",\"contentUrl\":\"https:\/\/koningdrone.be\/wp-content\/uploads\/sites\/13\/2025\/04\/b83299c44e3dabebb0df9c882ce71b8d@ultra.jpg\",\"width\":1280,\"height\":1280},{\"@type\":\"BreadcrumbList\",\"@id\":\"https:\/\/koningdrone.be\/product\/dji-focus-pro-creator-combo\/#breadcrumb\",\"itemListElement\":[{\"@type\":\"ListItem\",\"position\":1,\"name\":\"Home\",\"item\":\"https:\/\/koningdrone.be\/\"},{\"@type\":\"ListItem\",\"position\":2,\"name\":\"AVSS Parachute Recovery System for DJI Matrice 300\/350\",\"item\":\"https:\/\/koningdrone.be\/product\/avss-parachute-recovery-system-for-dji-matrice-300-350\/\"},{\"@type\":\"ListItem\",\"position\":3,\"name\":\"Alle gimbals en cameras\",\"item\":\"https:\/\/koningdrone.be\/categorie\/alle-gimbals-en-cameras\/\"},{\"@type\":\"ListItem\",\"position\":4,\"name\":\"DJI Focus Pro Creator Combo\u200c\"}]},{\"@type\":\"WebSite\",\"@id\":\"https:\/\/koningdrone.be\/#website\",\"url\":\"https:\/\/koningdrone.be\/\",\"name\":\"Koningdrone.be - Uw online specialist in drones, gimbals, camera's en power stations.\",\"description\":\"De webshop in drones en gimbals\",\"publisher\":{\"@id\":\"https:\/\/koningdrone.be\/#organization\"},\"potentialAction\":[{\"@type\":\"SearchAction\",\"target\":{\"@type\":\"EntryPoint\",\"urlTemplate\":\"https:\/\/koningdrone.be\/?s={search_term_string}\"},\"query-input\":{\"@type\":\"PropertyValueSpecification\",\"valueRequired\":true,\"valueName\":\"search_term_string\"}}],\"inLanguage\":\"de\"},{\"@type\":\"Organization\",\"@id\":\"https:\/\/koningdrone.be\/#organization\",\"name\":\"Koningdrone.be\",\"url\":\"https:\/\/koningdrone.be\/\",\"logo\":{\"@type\":\"ImageObject\",\"inLanguage\":\"de\",\"@id\":\"https:\/\/koningdrone.be\/#\/schema\/logo\/image\/\",\"url\":\"https:\/\/koningdrone.be\/wp-content\/uploads\/sites\/13\/2025\/04\/koningdrone-copyright-logo.svg\",\"contentUrl\":\"https:\/\/koningdrone.be\/wp-content\/uploads\/sites\/13\/2025\/04\/koningdrone-copyright-logo.svg\",\"width\":227,\"height\":38,\"caption\":\"Koningdrone.be\"},\"image\":{\"@id\":\"https:\/\/koningdrone.be\/#\/schema\/logo\/image\/\"}}]}<\/script>\n<!-- \/ Yoast SEO Premium plugin. -->","yoast_head_json":{"title":"DJI Focus Pro Creator Combo\u200c - koningdrone.be","robots":{"index":"index","follow":"follow","max-snippet":"max-snippet:-1","max-image-preview":"max-image-preview:large","max-video-preview":"max-video-preview:-1"},"canonical":"https:\/\/koningdrone.be\/de\/produkt\/dji-focus-pro-creator-combo\/","og_locale":"de_DE","og_type":"article","og_title":"DJI Focus Pro Creator Combo\u200c","og_description":"LiDAR-focusafstand 3 keer groter dan de vorige generatie.  LiDAR biedt 76.800 bereikpunten voor betere randdetectie.  Verbeterde herkenning van menselijke onderwerpen en voertuigen.  Snelle herfocussering, zelfs na obstakels.  De AMF-modus maakt visuele en tactiele autofocusfeedback mogelijk.  Realtime dempingsaanpassing op Focus Pro Handunit.  Koppeling met \u00e9\u00e9n knop van Focus Pro Motor met handunit.  LiDAR-golfvorm op zeer heldere externe monitor voor hulp bij het scherpstellen.  Compatibel met Ronin-stabilisatoren, DJI Transmission, Ronin 4D, Inspire 3.","og_url":"https:\/\/koningdrone.be\/de\/produkt\/dji-focus-pro-creator-combo\/","og_site_name":"koningdrone.be","article_modified_time":"2026-04-29T13:20:10+00:00","og_image":[{"width":1280,"height":1280,"url":"https:\/\/koningdrone.be\/wp-content\/uploads\/sites\/13\/2025\/04\/b83299c44e3dabebb0df9c882ce71b8d@ultra.jpg","type":"image\/jpeg"}],"twitter_card":"summary_large_image","twitter_misc":{"Gesch\u00e4tzte Lesezeit":"1\u00a0Minute"},"schema":{"@context":"https:\/\/schema.org","@graph":[{"@type":"WebPage","@id":"https:\/\/koningdrone.be\/product\/dji-focus-pro-creator-combo\/","url":"https:\/\/koningdrone.be\/product\/dji-focus-pro-creator-combo\/","name":"DJI Focus Pro Creator Combo\u200c - koningdrone.be","isPartOf":{"@id":"https:\/\/koningdrone.be\/#website"},"primaryImageOfPage":{"@id":"https:\/\/koningdrone.be\/product\/dji-focus-pro-creator-combo\/#primaryimage"},"image":{"@id":"https:\/\/koningdrone.be\/product\/dji-focus-pro-creator-combo\/#primaryimage"},"thumbnailUrl":"https:\/\/koningdrone.be\/wp-content\/uploads\/sites\/13\/2025\/04\/b83299c44e3dabebb0df9c882ce71b8d@ultra.jpg","datePublished":"2024-04-15T09:19:06+00:00","dateModified":"2026-04-29T13:20:10+00:00","breadcrumb":{"@id":"https:\/\/koningdrone.be\/product\/dji-focus-pro-creator-combo\/#breadcrumb"},"inLanguage":"de","potentialAction":[{"@type":"ReadAction","target":["https:\/\/koningdrone.be\/product\/dji-focus-pro-creator-combo\/"]}]},{"@type":"ImageObject","inLanguage":"de","@id":"https:\/\/koningdrone.be\/product\/dji-focus-pro-creator-combo\/#primaryimage","url":"https:\/\/koningdrone.be\/wp-content\/uploads\/sites\/13\/2025\/04\/b83299c44e3dabebb0df9c882ce71b8d@ultra.jpg","contentUrl":"https:\/\/koningdrone.be\/wp-content\/uploads\/sites\/13\/2025\/04\/b83299c44e3dabebb0df9c882ce71b8d@ultra.jpg","width":1280,"height":1280},{"@type":"BreadcrumbList","@id":"https:\/\/koningdrone.be\/product\/dji-focus-pro-creator-combo\/#breadcrumb","itemListElement":[{"@type":"ListItem","position":1,"name":"Home","item":"https:\/\/koningdrone.be\/"},{"@type":"ListItem","position":2,"name":"AVSS Parachute Recovery System for DJI Matrice 300\/350","item":"https:\/\/koningdrone.be\/product\/avss-parachute-recovery-system-for-dji-matrice-300-350\/"},{"@type":"ListItem","position":3,"name":"Alle gimbals en cameras","item":"https:\/\/koningdrone.be\/categorie\/alle-gimbals-en-cameras\/"},{"@type":"ListItem","position":4,"name":"DJI Focus Pro Creator Combo\u200c"}]},{"@type":"WebSite","@id":"https:\/\/koningdrone.be\/#website","url":"https:\/\/koningdrone.be\/","name":"Koningdrone.be - Ihr Online-Spezialist f\u00fcr Drohnen, Gimbals, Kameras und Kraftwerke.","description":"Der Webshop f\u00fcr Drohnen und Gimbals","publisher":{"@id":"https:\/\/koningdrone.be\/#organization"},"potentialAction":[{"@type":"SearchAction","target":{"@type":"EntryPoint","urlTemplate":"https:\/\/koningdrone.be\/?s={search_term_string}"},"query-input":{"@type":"PropertyValueSpecification","valueRequired":true,"valueName":"search_term_string"}}],"inLanguage":"de"},{"@type":"Organization","@id":"https:\/\/koningdrone.be\/#organization","name":"Kingdrone.de","url":"https:\/\/koningdrone.be\/","logo":{"@type":"ImageObject","inLanguage":"de","@id":"https:\/\/koningdrone.be\/#\/schema\/logo\/image\/","url":"https:\/\/koningdrone.be\/wp-content\/uploads\/sites\/13\/2025\/04\/koningdrone-copyright-logo.svg","contentUrl":"https:\/\/koningdrone.be\/wp-content\/uploads\/sites\/13\/2025\/04\/koningdrone-copyright-logo.svg","width":227,"height":38,"caption":"Koningdrone.be"},"image":{"@id":"https:\/\/koningdrone.be\/#\/schema\/logo\/image\/"}}]}},"df_price":899,"df_sale_price":"","df_regular_price":899,"df_image_link":"https:\/\/koningdrone.be\/wp-content\/uploads\/sites\/13\/2025\/04\/b83299c44e3dabebb0df9c882ce71b8d@ultra-300x300.jpg","_links":{"self":[{"href":"https:\/\/koningdrone.be\/de\/wp-json\/wp\/v2\/product\/3668","targetHints":{"allow":["GET"]}}],"collection":[{"href":"https:\/\/koningdrone.be\/de\/wp-json\/wp\/v2\/product"}],"about":[{"href":"https:\/\/koningdrone.be\/de\/wp-json\/wp\/v2\/types\/product"}],"wp:featuredmedia":[{"embeddable":true,"href":"https:\/\/koningdrone.be\/de\/wp-json\/wp\/v2\/media\/3665"}],"wp:attachment":[{"href":"https:\/\/koningdrone.be\/de\/wp-json\/wp\/v2\/media?parent=3668"}],"wp:term":[{"taxonomy":"product_brand","embeddable":true,"href":"https:\/\/koningdrone.be\/de\/wp-json\/wp\/v2\/product_brand?post=3668"},{"taxonomy":"product_cat","embeddable":true,"href":"https:\/\/koningdrone.be\/de\/wp-json\/wp\/v2\/product_cat?post=3668"},{"taxonomy":"product_tag","embeddable":true,"href":"https:\/\/koningdrone.be\/de\/wp-json\/wp\/v2\/product_tag?post=3668"}],"curies":[{"name":"wp","href":"https:\/\/api.w.org\/{rel}","templated":true}]}}