{"id":3530,"date":"2024-07-25T15:55:37","date_gmt":"2024-07-25T15:55:37","guid":{"rendered":"https:\/\/koningdrone.nl\/kon\/product\/dji-mavic-3-battery-bundle-hub\/"},"modified":"2025-04-29T11:51:49","modified_gmt":"2025-04-29T11:51:49","slug":"dji-mavic-3-battery-bundle-hub","status":"publish","type":"product","link":"https:\/\/koningdrone.be\/de\/produkt\/dji-mavic-3-battery-bundle-hub\/","title":{"rendered":"DJI Mavic 3 Akku-Bundle + Ladehub"},"content":{"rendered":"<p>Optimieren Sie das Aufladen Ihrer DJI Mavic-Akkus mit dem fortschrittlichen Ladehub. Diese Ladestation wurde f\u00fcr die DJI Mavic 3 Pro, Mavic 3 Classic, Mavic 3 Cine, Mavic 3, Mavic 3 Thermal und die Mavic 3 Enterprise Akkus entwickelt und bietet eine schnelle, effiziente und sichere M\u00f6glichkeit, bis zu vier Akkus gleichzeitig zu laden. Dank des \u00fcbersichtlichen LCD-Displays haben Sie immer einen Echtzeit-\u00dcberblick \u00fcber den Ladestatus, die Akkukapazit\u00e4t und mehr und k\u00f6nnen Ihre Drohnenfl\u00fcge in aller Ruhe genie\u00dfen.<\/p>\n<p><strong>Es wird empfohlen, das DJI 65W USB-C-Ladeger\u00e4t oder ein anderes Ladeger\u00e4t zu verwenden, das USB-Schnellladung unterst\u00fctzt.<\/strong><\/p>","protected":false},"excerpt":{"rendered":"<ul>\n<li><strong>Komplettset f\u00fcr DJI Mavic Serie:<\/strong> Enth\u00e4lt vier 5000-mAh-Akkus und eine Ladestation, kompatibel mit Mavic 3 Pro, Mavic 3 Classic, Mavic 3 Cine und Mavic 3 Drohnen.<\/li>\n<li><strong>Schnelles und effizientes Aufladen:<\/strong> Laden Sie mit dem fortschrittlichen Lade-Hub bis zu vier Akkus nacheinander auf. Laden Sie einen Akku in nur 75 Minuten mit dem empfohlenen 65-W-USB-C-Ladeger\u00e4t vollst\u00e4ndig auf.<\/li>\n<li><strong>Erweiterter LCD-Bildschirm:<\/strong> \u00dcberwachen Sie Echtzeitdaten wie Spannung, Strom, Leistung, Ladezeit, Kapazit\u00e4t, Temperatur und Ladefortschritt f\u00fcr jede Batterie.<\/li>\n<li><strong>Benutzerfreundliche Bedienung:<\/strong> Einfaches Umschalten zwischen Volllade- und Lagermodus, damit Ihre Batterien immer in optimalem Zustand bleiben, ohne dass das Risiko einer Besch\u00e4digung besteht.<\/li>\n<li><strong>Perfekt f\u00fcr Unterwegs:<\/strong> Die kompakte Ladestation und die Akkus passen problemlos in alle Drohnentaschen und Rucks\u00e4cke, so dass Sie \u00fcberall einsatzbereit sind.<\/li>\n<li><strong>Intelligenter Ladeschutz:<\/strong> Der Hub sch\u00fctzt Ihre Batterien mit einer intelligenten Erhaltungsstromfunktion, die die Ladetemperatur senkt und eine vollst\u00e4ndige S\u00e4ttigung gew\u00e4hrleistet, wodurch die Lebensdauer der Batterien verl\u00e4ngert wird.<\/li>\n<\/ul>","protected":false},"featured_media":3528,"template":"","meta":{"_acf_changed":false},"product_brand":[],"product_cat":[113,111,97,673,137,165,138],"product_tag":[],"class_list":{"0":"post-3530","1":"product","2":"type-product","3":"status-publish","4":"has-post-thumbnail","6":"product_cat-alle-batterijen","7":"product_cat-alle-opladers","8":"product_cat-alle-producten","9":"product_cat-batterijen","10":"product_cat-dji-mavic-3","11":"product_cat-dji-mavic-3-enterprise","12":"product_cat-dji-mavic-3-pro","13":"pa_brand-dji","14":"pa_productfamily-batterij","15":"pa_producttype-batterij","16":"pa_series-dji-mavic-3-pro","17":"pa_series-mavic-3","18":"pa_series-mavic-3-enterprise","19":"pa_series-mavic-3-pro","21":"first","22":"outofstock","23":"sale","24":"taxable","25":"shipping-taxable","26":"purchasable","27":"product-type-simple"},"acf":[],"yoast_head":"<!-- This site is optimized with the Yoast SEO Premium plugin v27.2 (Yoast SEO v27.2) - https:\/\/yoast.com\/product\/yoast-seo-premium-wordpress\/ -->\n<title>DJI Mavic 3 Battery Bundle + Oplaadhub - koningdrone.be<\/title>\n<meta name=\"robots\" content=\"index, follow, max-snippet:-1, max-image-preview:large, max-video-preview:-1\" \/>\n<link rel=\"canonical\" href=\"https:\/\/koningdrone.be\/de\/produit\/dji-mavic-3-battery-bundle-hub\/\" \/>\n<meta property=\"og:locale\" content=\"de_DE\" \/>\n<meta property=\"og:type\" content=\"article\" \/>\n<meta property=\"og:title\" content=\"DJI Mavic 3 Battery Bundle + Oplaadhub\" \/>\n<meta property=\"og:description\" content=\"Complete Set voor DJI Mavic Series: Inclusief vier 5000mAh batterijen en een oplaadhub, compatibel met Mavic 3 Pro, Mavic 3 Classic, Mavic 3 Cine en Mavic 3 drones.  Snel en Effici\u00ebnt Opladen: Laad tot vier batterijen achter elkaar op met de geavanceerde oplaadhub. Volledig opladen van \u00e9\u00e9n batterij in slechts 75 minuten met de aanbevolen 65W USB-C oplader.  Geavanceerd LCD-Scherm: Houd real-time gegevens in de gaten, zoals spanning, stroom, vermogen, oplaadtijd, capaciteit, temperatuur en laadvoortgang voor elke batterij.  Gebruiksvriendelijke Bediening: Schakel eenvoudig tussen volledig opladen en opslagmodus, zodat je batterijen altijd in optimale conditie blijven zonder risico op schade.  Perfect voor Onderweg: De compacte oplaadhub en batterijen passen gemakkelijk in alle drone-opbergtassen en rugzakken, zodat je overal klaar bent voor actie.  Slimme Oplaadbeveiliging: De hub beschermt je batterijen met een intelligente trickle current functie die de oplaadtemperatuur verlaagt en zorgt voor volledige saturatie, wat de levensduur van de batterijen verlengt.\" \/>\n<meta property=\"og:url\" content=\"https:\/\/koningdrone.be\/de\/produit\/dji-mavic-3-battery-bundle-hub\/\" \/>\n<meta property=\"og:site_name\" content=\"koningdrone.be\" \/>\n<meta property=\"article:modified_time\" content=\"2025-04-29T11:51:49+00:00\" \/>\n<meta property=\"og:image\" content=\"https:\/\/koningdrone.be\/wp-content\/uploads\/sites\/13\/2025\/04\/m3-hub-3.webp\" \/>\n\t<meta property=\"og:image:width\" content=\"750\" \/>\n\t<meta property=\"og:image:height\" content=\"750\" \/>\n\t<meta property=\"og:image:type\" content=\"image\/webp\" \/>\n<meta name=\"twitter:card\" content=\"summary_large_image\" \/>\n<script type=\"application\/ld+json\" class=\"yoast-schema-graph\">{\"@context\":\"https:\/\/schema.org\",\"@graph\":[{\"@type\":\"WebPage\",\"@id\":\"https:\/\/koningdrone.be\/fr\/produit\/dji-mavic-3-battery-bundle-hub\/\",\"url\":\"https:\/\/koningdrone.be\/fr\/produit\/dji-mavic-3-battery-bundle-hub\/\",\"name\":\"DJI Mavic 3 Battery Bundle + Oplaadhub - koningdrone.be\",\"isPartOf\":{\"@id\":\"https:\/\/koningdrone.be\/#website\"},\"primaryImageOfPage\":{\"@id\":\"https:\/\/koningdrone.be\/fr\/produit\/dji-mavic-3-battery-bundle-hub\/#primaryimage\"},\"image\":{\"@id\":\"https:\/\/koningdrone.be\/fr\/produit\/dji-mavic-3-battery-bundle-hub\/#primaryimage\"},\"thumbnailUrl\":\"https:\/\/koningdrone.be\/wp-content\/uploads\/sites\/13\/2025\/04\/m3-hub-3.webp\",\"datePublished\":\"2024-07-25T15:55:37+00:00\",\"dateModified\":\"2025-04-29T11:51:49+00:00\",\"breadcrumb\":{\"@id\":\"https:\/\/koningdrone.be\/fr\/produit\/dji-mavic-3-battery-bundle-hub\/#breadcrumb\"},\"inLanguage\":\"de\",\"potentialAction\":[{\"@type\":\"ReadAction\",\"target\":[\"https:\/\/koningdrone.be\/fr\/produit\/dji-mavic-3-battery-bundle-hub\/\"]}]},{\"@type\":\"ImageObject\",\"inLanguage\":\"de\",\"@id\":\"https:\/\/koningdrone.be\/fr\/produit\/dji-mavic-3-battery-bundle-hub\/#primaryimage\",\"url\":\"https:\/\/koningdrone.be\/wp-content\/uploads\/sites\/13\/2025\/04\/m3-hub-3.webp\",\"contentUrl\":\"https:\/\/koningdrone.be\/wp-content\/uploads\/sites\/13\/2025\/04\/m3-hub-3.webp\",\"width\":750,\"height\":750},{\"@type\":\"BreadcrumbList\",\"@id\":\"https:\/\/koningdrone.be\/fr\/produit\/dji-mavic-3-battery-bundle-hub\/#breadcrumb\",\"itemListElement\":[{\"@type\":\"ListItem\",\"position\":1,\"name\":\"Home\",\"item\":\"https:\/\/koningdrone.be\/\"},{\"@type\":\"ListItem\",\"position\":2,\"name\":\"AVSS Parachute Recovery System for DJI Matrice 300\/350\",\"item\":\"https:\/\/koningdrone.be\/product\/avss-parachute-recovery-system-for-dji-matrice-300-350\/\"},{\"@type\":\"ListItem\",\"position\":3,\"name\":\"Alle batterijen\",\"item\":\"https:\/\/koningdrone.be\/categorie\/alle-batterijen\/\"},{\"@type\":\"ListItem\",\"position\":4,\"name\":\"DJI Mavic 3 Battery Bundle + Oplaadhub\"}]},{\"@type\":\"WebSite\",\"@id\":\"https:\/\/koningdrone.be\/#website\",\"url\":\"https:\/\/koningdrone.be\/\",\"name\":\"Koningdrone.be - Uw online specialist in drones, gimbals, camera's en power stations.\",\"description\":\"De webshop in drones en gimbals\",\"publisher\":{\"@id\":\"https:\/\/koningdrone.be\/#organization\"},\"potentialAction\":[{\"@type\":\"SearchAction\",\"target\":{\"@type\":\"EntryPoint\",\"urlTemplate\":\"https:\/\/koningdrone.be\/?s={search_term_string}\"},\"query-input\":{\"@type\":\"PropertyValueSpecification\",\"valueRequired\":true,\"valueName\":\"search_term_string\"}}],\"inLanguage\":\"de\"},{\"@type\":\"Organization\",\"@id\":\"https:\/\/koningdrone.be\/#organization\",\"name\":\"Koningdrone.be\",\"url\":\"https:\/\/koningdrone.be\/\",\"logo\":{\"@type\":\"ImageObject\",\"inLanguage\":\"de\",\"@id\":\"https:\/\/koningdrone.be\/#\/schema\/logo\/image\/\",\"url\":\"https:\/\/koningdrone.be\/wp-content\/uploads\/sites\/13\/2025\/04\/koningdrone-copyright-logo.svg\",\"contentUrl\":\"https:\/\/koningdrone.be\/wp-content\/uploads\/sites\/13\/2025\/04\/koningdrone-copyright-logo.svg\",\"width\":227,\"height\":38,\"caption\":\"Koningdrone.be\"},\"image\":{\"@id\":\"https:\/\/koningdrone.be\/#\/schema\/logo\/image\/\"}}]}<\/script>\n<!-- \/ Yoast SEO Premium plugin. -->","yoast_head_json":{"title":"DJI Mavic 3 Battery Bundle + Oplaadhub - koningdrone.be","robots":{"index":"index","follow":"follow","max-snippet":"max-snippet:-1","max-image-preview":"max-image-preview:large","max-video-preview":"max-video-preview:-1"},"canonical":"https:\/\/koningdrone.be\/de\/produit\/dji-mavic-3-battery-bundle-hub\/","og_locale":"de_DE","og_type":"article","og_title":"DJI Mavic 3 Battery Bundle + Oplaadhub","og_description":"Complete Set voor DJI Mavic Series: Inclusief vier 5000mAh batterijen en een oplaadhub, compatibel met Mavic 3 Pro, Mavic 3 Classic, Mavic 3 Cine en Mavic 3 drones.  Snel en Effici\u00ebnt Opladen: Laad tot vier batterijen achter elkaar op met de geavanceerde oplaadhub. Volledig opladen van \u00e9\u00e9n batterij in slechts 75 minuten met de aanbevolen 65W USB-C oplader.  Geavanceerd LCD-Scherm: Houd real-time gegevens in de gaten, zoals spanning, stroom, vermogen, oplaadtijd, capaciteit, temperatuur en laadvoortgang voor elke batterij.  Gebruiksvriendelijke Bediening: Schakel eenvoudig tussen volledig opladen en opslagmodus, zodat je batterijen altijd in optimale conditie blijven zonder risico op schade.  Perfect voor Onderweg: De compacte oplaadhub en batterijen passen gemakkelijk in alle drone-opbergtassen en rugzakken, zodat je overal klaar bent voor actie.  Slimme Oplaadbeveiliging: De hub beschermt je batterijen met een intelligente trickle current functie die de oplaadtemperatuur verlaagt en zorgt voor volledige saturatie, wat de levensduur van de batterijen verlengt.","og_url":"https:\/\/koningdrone.be\/de\/produit\/dji-mavic-3-battery-bundle-hub\/","og_site_name":"koningdrone.be","article_modified_time":"2025-04-29T11:51:49+00:00","og_image":[{"width":750,"height":750,"url":"https:\/\/koningdrone.be\/wp-content\/uploads\/sites\/13\/2025\/04\/m3-hub-3.webp","type":"image\/webp"}],"twitter_card":"summary_large_image","schema":{"@context":"https:\/\/schema.org","@graph":[{"@type":"WebPage","@id":"https:\/\/koningdrone.be\/fr\/produit\/dji-mavic-3-battery-bundle-hub\/","url":"https:\/\/koningdrone.be\/fr\/produit\/dji-mavic-3-battery-bundle-hub\/","name":"DJI Mavic 3 Battery Bundle + Oplaadhub - koningdrone.be","isPartOf":{"@id":"https:\/\/koningdrone.be\/#website"},"primaryImageOfPage":{"@id":"https:\/\/koningdrone.be\/fr\/produit\/dji-mavic-3-battery-bundle-hub\/#primaryimage"},"image":{"@id":"https:\/\/koningdrone.be\/fr\/produit\/dji-mavic-3-battery-bundle-hub\/#primaryimage"},"thumbnailUrl":"https:\/\/koningdrone.be\/wp-content\/uploads\/sites\/13\/2025\/04\/m3-hub-3.webp","datePublished":"2024-07-25T15:55:37+00:00","dateModified":"2025-04-29T11:51:49+00:00","breadcrumb":{"@id":"https:\/\/koningdrone.be\/fr\/produit\/dji-mavic-3-battery-bundle-hub\/#breadcrumb"},"inLanguage":"de","potentialAction":[{"@type":"ReadAction","target":["https:\/\/koningdrone.be\/fr\/produit\/dji-mavic-3-battery-bundle-hub\/"]}]},{"@type":"ImageObject","inLanguage":"de","@id":"https:\/\/koningdrone.be\/fr\/produit\/dji-mavic-3-battery-bundle-hub\/#primaryimage","url":"https:\/\/koningdrone.be\/wp-content\/uploads\/sites\/13\/2025\/04\/m3-hub-3.webp","contentUrl":"https:\/\/koningdrone.be\/wp-content\/uploads\/sites\/13\/2025\/04\/m3-hub-3.webp","width":750,"height":750},{"@type":"BreadcrumbList","@id":"https:\/\/koningdrone.be\/fr\/produit\/dji-mavic-3-battery-bundle-hub\/#breadcrumb","itemListElement":[{"@type":"ListItem","position":1,"name":"Home","item":"https:\/\/koningdrone.be\/"},{"@type":"ListItem","position":2,"name":"AVSS Parachute Recovery System for DJI Matrice 300\/350","item":"https:\/\/koningdrone.be\/product\/avss-parachute-recovery-system-for-dji-matrice-300-350\/"},{"@type":"ListItem","position":3,"name":"Alle batterijen","item":"https:\/\/koningdrone.be\/categorie\/alle-batterijen\/"},{"@type":"ListItem","position":4,"name":"DJI Mavic 3 Battery Bundle + Oplaadhub"}]},{"@type":"WebSite","@id":"https:\/\/koningdrone.be\/#website","url":"https:\/\/koningdrone.be\/","name":"Koningdrone.be - Ihr Online-Spezialist f\u00fcr Drohnen, Gimbals, Kameras und Kraftwerke.","description":"Der Webshop f\u00fcr Drohnen und Gimbals","publisher":{"@id":"https:\/\/koningdrone.be\/#organization"},"potentialAction":[{"@type":"SearchAction","target":{"@type":"EntryPoint","urlTemplate":"https:\/\/koningdrone.be\/?s={search_term_string}"},"query-input":{"@type":"PropertyValueSpecification","valueRequired":true,"valueName":"search_term_string"}}],"inLanguage":"de"},{"@type":"Organization","@id":"https:\/\/koningdrone.be\/#organization","name":"Kingdrone.de","url":"https:\/\/koningdrone.be\/","logo":{"@type":"ImageObject","inLanguage":"de","@id":"https:\/\/koningdrone.be\/#\/schema\/logo\/image\/","url":"https:\/\/koningdrone.be\/wp-content\/uploads\/sites\/13\/2025\/04\/koningdrone-copyright-logo.svg","contentUrl":"https:\/\/koningdrone.be\/wp-content\/uploads\/sites\/13\/2025\/04\/koningdrone-copyright-logo.svg","width":227,"height":38,"caption":"Koningdrone.be"},"image":{"@id":"https:\/\/koningdrone.be\/#\/schema\/logo\/image\/"}}]}},"df_price":505,"df_sale_price":505,"df_regular_price":538.45,"df_image_link":"https:\/\/koningdrone.be\/wp-content\/uploads\/sites\/13\/2025\/04\/m3-hub-3-300x300.webp","_links":{"self":[{"href":"https:\/\/koningdrone.be\/de\/wp-json\/wp\/v2\/product\/3530","targetHints":{"allow":["GET"]}}],"collection":[{"href":"https:\/\/koningdrone.be\/de\/wp-json\/wp\/v2\/product"}],"about":[{"href":"https:\/\/koningdrone.be\/de\/wp-json\/wp\/v2\/types\/product"}],"wp:featuredmedia":[{"embeddable":true,"href":"https:\/\/koningdrone.be\/de\/wp-json\/wp\/v2\/media\/3528"}],"wp:attachment":[{"href":"https:\/\/koningdrone.be\/de\/wp-json\/wp\/v2\/media?parent=3530"}],"wp:term":[{"taxonomy":"product_brand","embeddable":true,"href":"https:\/\/koningdrone.be\/de\/wp-json\/wp\/v2\/product_brand?post=3530"},{"taxonomy":"product_cat","embeddable":true,"href":"https:\/\/koningdrone.be\/de\/wp-json\/wp\/v2\/product_cat?post=3530"},{"taxonomy":"product_tag","embeddable":true,"href":"https:\/\/koningdrone.be\/de\/wp-json\/wp\/v2\/product_tag?post=3530"}],"curies":[{"name":"wp","href":"https:\/\/api.w.org\/{rel}","templated":true}]}}