{"id":3424,"date":"2024-09-05T11:43:19","date_gmt":"2024-09-05T09:43:19","guid":{"rendered":"https:\/\/koningdrone.nl\/kon\/product\/dji-zenmuse-x9-8k-gimbal-camera\/"},"modified":"2026-04-29T04:10:57","modified_gmt":"2026-04-29T02:10:57","slug":"dji-zenmuse-x9-8k-gimbal-camera","status":"publish","type":"product","link":"https:\/\/koningdrone.be\/de\/produkt\/dji-zenmuse-x9-8k-gimbal-camera\/","title":{"rendered":"DJI Zenmuse X9-8K Kardanische Kamera"},"content":{"rendered":"<p>Die Zenmuse X9-8K Gimbal-Kamera von DJI bietet Besitzern des Ronin 4D-6K die M\u00f6glichkeit, ihre Aufnahmen mit 8K-Aufnahmefunktionen und einem ACES-zertifizierten Workflow zu erweitern. Montieren Sie die X9-8K auf Ihren 4D Hauptk\u00f6rper, f\u00fcgen Sie eine 8K-Raw-Lizenz hinzu und aktualisieren Sie sie auf die neueste Firmware, um 17:9-Aufnahmegeschwindigkeiten von bis zu 8K60 Video in Apple ProRes Raw und 8K30 in ProRes 422 HQ zu erreichen. Das daraus resultierende 4D X9-8K-Setup bietet die h\u00f6heren Bildstandards, die f\u00fcr visuelle Effekte, Filmaufnahmen und Sendungen erforderlich sind, und reduziert gleichzeitig die Einrichtungszeit dank des All-in-One-Kombinationsdesigns.<\/p>","protected":false},"excerpt":{"rendered":"<ul>\n<li>Die DJI DCCS-Farbwissenschaft reproduziert lebendige, nat\u00fcrliche Hautt\u00f6ne in einer Reihe von Lichtverh\u00e4ltnissen und sorgt f\u00fcr einen Look, der mit ARRI-Aufnahmen kompatibel ist.<\/li>\n<li><\/li>\n<li>Die Unterst\u00fctzung des branchen\u00fcblichen ACES-Workflows gew\u00e4hrleistet eine einfache Kompatibilit\u00e4t mit anderen Kinokameras.<\/li>\n<li><\/li>\n<li>Die Vollformatkamera Zenmuse X9-8K verwendet einen propriet\u00e4ren Chip f\u00fcr fortschrittliche Verarbeitung und Hochleistungsberechnungen.<\/li>\n<\/ul>","protected":false},"featured_media":3418,"template":"","meta":{"_acf_changed":false},"product_brand":[],"product_cat":[315,298,97,316,582],"product_tag":[],"class_list":{"0":"post-3424","1":"product","2":"type-product","3":"status-publish","4":"has-post-thumbnail","6":"product_cat-alle-gimbals-en-cameras","7":"product_cat-alle-industriele-camera","8":"product_cat-alle-producten","9":"product_cat-dji-zenmuse","10":"product_cat-dji-zenmuse-x9","11":"product_shipping_class-acsystemsall","12":"pa_brand-dji","13":"pa_productfamily-camera","14":"pa_producttype-camera","15":"pa_series-zenmuse-x9","17":"first","18":"instock","19":"taxable","20":"shipping-taxable","21":"purchasable","22":"product-type-simple"},"acf":[],"yoast_head":"<!-- This site is optimized with the Yoast SEO Premium plugin v27.2 (Yoast SEO v27.2) - https:\/\/yoast.com\/product\/yoast-seo-premium-wordpress\/ -->\n<title>DJI Zenmuse X9-8K Gimbal Camera - koningdrone.be<\/title>\n<meta name=\"robots\" content=\"index, follow, max-snippet:-1, max-image-preview:large, max-video-preview:-1\" \/>\n<link rel=\"canonical\" href=\"https:\/\/koningdrone.be\/de\/produkt\/dji-zenmuse-x9-8k-gimbal-camera\/\" \/>\n<meta property=\"og:locale\" content=\"de_DE\" \/>\n<meta property=\"og:type\" content=\"article\" \/>\n<meta property=\"og:title\" content=\"DJI Zenmuse X9-8K Gimbal Camera\" \/>\n<meta property=\"og:description\" content=\"De DJI DCCS kleurwetenschap reproduceert levendige, natuurlijke huidtinten in een reeks lichtomstandigheden en cre\u00ebert looks die compatibel zijn met ARRI beeldmateriaal.Ondersteuning voor de industriestandaard ACES workflow zorgt voor eenvoudige compatibiliteit met andere cinema camera&#039;s.De full-frame Zenmuse X9-8K camera maakt gebruik van een eigen chip voor geavanceerde verwerking en high-performance computing.\" \/>\n<meta property=\"og:url\" content=\"https:\/\/koningdrone.be\/de\/produkt\/dji-zenmuse-x9-8k-gimbal-camera\/\" \/>\n<meta property=\"og:site_name\" content=\"koningdrone.be\" \/>\n<meta property=\"article:modified_time\" content=\"2026-04-29T02:10:57+00:00\" \/>\n<meta property=\"og:image\" content=\"https:\/\/koningdrone.be\/wp-content\/uploads\/sites\/13\/2025\/04\/zenmuse-x9-8k-gimbal-kamera-de7.webp\" \/>\n\t<meta property=\"og:image:width\" content=\"1000\" \/>\n\t<meta property=\"og:image:height\" content=\"720\" \/>\n\t<meta property=\"og:image:type\" content=\"image\/webp\" \/>\n<meta name=\"twitter:card\" content=\"summary_large_image\" \/>\n<meta name=\"twitter:label1\" content=\"Gesch\u00e4tzte Lesezeit\" \/>\n\t<meta name=\"twitter:data1\" content=\"1\u00a0Minute\" \/>\n<script type=\"application\/ld+json\" class=\"yoast-schema-graph\">{\"@context\":\"https:\/\/schema.org\",\"@graph\":[{\"@type\":\"WebPage\",\"@id\":\"https:\/\/koningdrone.be\/product\/dji-zenmuse-x9-8k-gimbal-camera\/\",\"url\":\"https:\/\/koningdrone.be\/product\/dji-zenmuse-x9-8k-gimbal-camera\/\",\"name\":\"DJI Zenmuse X9-8K Gimbal Camera - koningdrone.be\",\"isPartOf\":{\"@id\":\"https:\/\/koningdrone.be\/#website\"},\"primaryImageOfPage\":{\"@id\":\"https:\/\/koningdrone.be\/product\/dji-zenmuse-x9-8k-gimbal-camera\/#primaryimage\"},\"image\":{\"@id\":\"https:\/\/koningdrone.be\/product\/dji-zenmuse-x9-8k-gimbal-camera\/#primaryimage\"},\"thumbnailUrl\":\"https:\/\/koningdrone.be\/wp-content\/uploads\/sites\/13\/2025\/04\/zenmuse-x9-8k-gimbal-kamera-de7.webp\",\"datePublished\":\"2024-09-05T09:43:19+00:00\",\"dateModified\":\"2026-04-29T02:10:57+00:00\",\"breadcrumb\":{\"@id\":\"https:\/\/koningdrone.be\/product\/dji-zenmuse-x9-8k-gimbal-camera\/#breadcrumb\"},\"inLanguage\":\"de\",\"potentialAction\":[{\"@type\":\"ReadAction\",\"target\":[\"https:\/\/koningdrone.be\/product\/dji-zenmuse-x9-8k-gimbal-camera\/\"]}]},{\"@type\":\"ImageObject\",\"inLanguage\":\"de\",\"@id\":\"https:\/\/koningdrone.be\/product\/dji-zenmuse-x9-8k-gimbal-camera\/#primaryimage\",\"url\":\"https:\/\/koningdrone.be\/wp-content\/uploads\/sites\/13\/2025\/04\/zenmuse-x9-8k-gimbal-kamera-de7.webp\",\"contentUrl\":\"https:\/\/koningdrone.be\/wp-content\/uploads\/sites\/13\/2025\/04\/zenmuse-x9-8k-gimbal-kamera-de7.webp\",\"width\":1000,\"height\":720},{\"@type\":\"BreadcrumbList\",\"@id\":\"https:\/\/koningdrone.be\/product\/dji-zenmuse-x9-8k-gimbal-camera\/#breadcrumb\",\"itemListElement\":[{\"@type\":\"ListItem\",\"position\":1,\"name\":\"Home\",\"item\":\"https:\/\/koningdrone.be\/\"},{\"@type\":\"ListItem\",\"position\":2,\"name\":\"AVSS Parachute Recovery System for DJI Matrice 300\/350\",\"item\":\"https:\/\/koningdrone.be\/product\/avss-parachute-recovery-system-for-dji-matrice-300-350\/\"},{\"@type\":\"ListItem\",\"position\":3,\"name\":\"Alle gimbals en cameras\",\"item\":\"https:\/\/koningdrone.be\/categorie\/alle-gimbals-en-cameras\/\"},{\"@type\":\"ListItem\",\"position\":4,\"name\":\"DJI Zenmuse X9-8K Gimbal Camera\"}]},{\"@type\":\"WebSite\",\"@id\":\"https:\/\/koningdrone.be\/#website\",\"url\":\"https:\/\/koningdrone.be\/\",\"name\":\"Koningdrone.be - Uw online specialist in drones, gimbals, camera's en power stations.\",\"description\":\"De webshop in drones en gimbals\",\"publisher\":{\"@id\":\"https:\/\/koningdrone.be\/#organization\"},\"potentialAction\":[{\"@type\":\"SearchAction\",\"target\":{\"@type\":\"EntryPoint\",\"urlTemplate\":\"https:\/\/koningdrone.be\/?s={search_term_string}\"},\"query-input\":{\"@type\":\"PropertyValueSpecification\",\"valueRequired\":true,\"valueName\":\"search_term_string\"}}],\"inLanguage\":\"de\"},{\"@type\":\"Organization\",\"@id\":\"https:\/\/koningdrone.be\/#organization\",\"name\":\"Koningdrone.be\",\"url\":\"https:\/\/koningdrone.be\/\",\"logo\":{\"@type\":\"ImageObject\",\"inLanguage\":\"de\",\"@id\":\"https:\/\/koningdrone.be\/#\/schema\/logo\/image\/\",\"url\":\"https:\/\/koningdrone.be\/wp-content\/uploads\/sites\/13\/2025\/04\/koningdrone-copyright-logo.svg\",\"contentUrl\":\"https:\/\/koningdrone.be\/wp-content\/uploads\/sites\/13\/2025\/04\/koningdrone-copyright-logo.svg\",\"width\":227,\"height\":38,\"caption\":\"Koningdrone.be\"},\"image\":{\"@id\":\"https:\/\/koningdrone.be\/#\/schema\/logo\/image\/\"}}]}<\/script>\n<!-- \/ Yoast SEO Premium plugin. -->","yoast_head_json":{"title":"DJI Zenmuse X9-8K Gimbal Camera - koningdrone.be","robots":{"index":"index","follow":"follow","max-snippet":"max-snippet:-1","max-image-preview":"max-image-preview:large","max-video-preview":"max-video-preview:-1"},"canonical":"https:\/\/koningdrone.be\/de\/produkt\/dji-zenmuse-x9-8k-gimbal-camera\/","og_locale":"de_DE","og_type":"article","og_title":"DJI Zenmuse X9-8K Gimbal Camera","og_description":"De DJI DCCS kleurwetenschap reproduceert levendige, natuurlijke huidtinten in een reeks lichtomstandigheden en cre\u00ebert looks die compatibel zijn met ARRI beeldmateriaal.Ondersteuning voor de industriestandaard ACES workflow zorgt voor eenvoudige compatibiliteit met andere cinema camera's.De full-frame Zenmuse X9-8K camera maakt gebruik van een eigen chip voor geavanceerde verwerking en high-performance computing.","og_url":"https:\/\/koningdrone.be\/de\/produkt\/dji-zenmuse-x9-8k-gimbal-camera\/","og_site_name":"koningdrone.be","article_modified_time":"2026-04-29T02:10:57+00:00","og_image":[{"width":1000,"height":720,"url":"https:\/\/koningdrone.be\/wp-content\/uploads\/sites\/13\/2025\/04\/zenmuse-x9-8k-gimbal-kamera-de7.webp","type":"image\/webp"}],"twitter_card":"summary_large_image","twitter_misc":{"Gesch\u00e4tzte Lesezeit":"1\u00a0Minute"},"schema":{"@context":"https:\/\/schema.org","@graph":[{"@type":"WebPage","@id":"https:\/\/koningdrone.be\/product\/dji-zenmuse-x9-8k-gimbal-camera\/","url":"https:\/\/koningdrone.be\/product\/dji-zenmuse-x9-8k-gimbal-camera\/","name":"DJI Zenmuse X9-8K Gimbal Camera - koningdrone.be","isPartOf":{"@id":"https:\/\/koningdrone.be\/#website"},"primaryImageOfPage":{"@id":"https:\/\/koningdrone.be\/product\/dji-zenmuse-x9-8k-gimbal-camera\/#primaryimage"},"image":{"@id":"https:\/\/koningdrone.be\/product\/dji-zenmuse-x9-8k-gimbal-camera\/#primaryimage"},"thumbnailUrl":"https:\/\/koningdrone.be\/wp-content\/uploads\/sites\/13\/2025\/04\/zenmuse-x9-8k-gimbal-kamera-de7.webp","datePublished":"2024-09-05T09:43:19+00:00","dateModified":"2026-04-29T02:10:57+00:00","breadcrumb":{"@id":"https:\/\/koningdrone.be\/product\/dji-zenmuse-x9-8k-gimbal-camera\/#breadcrumb"},"inLanguage":"de","potentialAction":[{"@type":"ReadAction","target":["https:\/\/koningdrone.be\/product\/dji-zenmuse-x9-8k-gimbal-camera\/"]}]},{"@type":"ImageObject","inLanguage":"de","@id":"https:\/\/koningdrone.be\/product\/dji-zenmuse-x9-8k-gimbal-camera\/#primaryimage","url":"https:\/\/koningdrone.be\/wp-content\/uploads\/sites\/13\/2025\/04\/zenmuse-x9-8k-gimbal-kamera-de7.webp","contentUrl":"https:\/\/koningdrone.be\/wp-content\/uploads\/sites\/13\/2025\/04\/zenmuse-x9-8k-gimbal-kamera-de7.webp","width":1000,"height":720},{"@type":"BreadcrumbList","@id":"https:\/\/koningdrone.be\/product\/dji-zenmuse-x9-8k-gimbal-camera\/#breadcrumb","itemListElement":[{"@type":"ListItem","position":1,"name":"Home","item":"https:\/\/koningdrone.be\/"},{"@type":"ListItem","position":2,"name":"AVSS Parachute Recovery System for DJI Matrice 300\/350","item":"https:\/\/koningdrone.be\/product\/avss-parachute-recovery-system-for-dji-matrice-300-350\/"},{"@type":"ListItem","position":3,"name":"Alle gimbals en cameras","item":"https:\/\/koningdrone.be\/categorie\/alle-gimbals-en-cameras\/"},{"@type":"ListItem","position":4,"name":"DJI Zenmuse X9-8K Gimbal Camera"}]},{"@type":"WebSite","@id":"https:\/\/koningdrone.be\/#website","url":"https:\/\/koningdrone.be\/","name":"Koningdrone.be - Ihr Online-Spezialist f\u00fcr Drohnen, Gimbals, Kameras und Kraftwerke.","description":"Der Webshop f\u00fcr Drohnen und Gimbals","publisher":{"@id":"https:\/\/koningdrone.be\/#organization"},"potentialAction":[{"@type":"SearchAction","target":{"@type":"EntryPoint","urlTemplate":"https:\/\/koningdrone.be\/?s={search_term_string}"},"query-input":{"@type":"PropertyValueSpecification","valueRequired":true,"valueName":"search_term_string"}}],"inLanguage":"de"},{"@type":"Organization","@id":"https:\/\/koningdrone.be\/#organization","name":"Kingdrone.de","url":"https:\/\/koningdrone.be\/","logo":{"@type":"ImageObject","inLanguage":"de","@id":"https:\/\/koningdrone.be\/#\/schema\/logo\/image\/","url":"https:\/\/koningdrone.be\/wp-content\/uploads\/sites\/13\/2025\/04\/koningdrone-copyright-logo.svg","contentUrl":"https:\/\/koningdrone.be\/wp-content\/uploads\/sites\/13\/2025\/04\/koningdrone-copyright-logo.svg","width":227,"height":38,"caption":"Koningdrone.be"},"image":{"@id":"https:\/\/koningdrone.be\/#\/schema\/logo\/image\/"}}]}},"df_price":2880,"df_sale_price":"","df_regular_price":2880,"df_image_link":"https:\/\/koningdrone.be\/wp-content\/uploads\/sites\/13\/2025\/04\/zenmuse-x9-8k-gimbal-kamera-de7-300x216.webp","_links":{"self":[{"href":"https:\/\/koningdrone.be\/de\/wp-json\/wp\/v2\/product\/3424","targetHints":{"allow":["GET"]}}],"collection":[{"href":"https:\/\/koningdrone.be\/de\/wp-json\/wp\/v2\/product"}],"about":[{"href":"https:\/\/koningdrone.be\/de\/wp-json\/wp\/v2\/types\/product"}],"wp:featuredmedia":[{"embeddable":true,"href":"https:\/\/koningdrone.be\/de\/wp-json\/wp\/v2\/media\/3418"}],"wp:attachment":[{"href":"https:\/\/koningdrone.be\/de\/wp-json\/wp\/v2\/media?parent=3424"}],"wp:term":[{"taxonomy":"product_brand","embeddable":true,"href":"https:\/\/koningdrone.be\/de\/wp-json\/wp\/v2\/product_brand?post=3424"},{"taxonomy":"product_cat","embeddable":true,"href":"https:\/\/koningdrone.be\/de\/wp-json\/wp\/v2\/product_cat?post=3424"},{"taxonomy":"product_tag","embeddable":true,"href":"https:\/\/koningdrone.be\/de\/wp-json\/wp\/v2\/product_tag?post=3424"}],"curies":[{"name":"wp","href":"https:\/\/api.w.org\/{rel}","templated":true}]}}