{"id":3362,"date":"2024-09-05T11:46:43","date_gmt":"2024-09-05T09:46:43","guid":{"rendered":"https:\/\/koningdrone.nl\/kon\/product\/dji-matrice-3d-series-intelligent-flight-battery\/"},"modified":"2026-04-29T04:30:06","modified_gmt":"2026-04-29T02:30:06","slug":"dji-matrice-3d-series-intelligent-flight-battery","status":"publish","type":"product","link":"https:\/\/koningdrone.be\/de\/produkt\/dji-matrice-3d-series-intelligent-flight-battery\/","title":{"rendered":"DJI Matrice 3D Serie Intelligent Flight Akku"},"content":{"rendered":"<p>Maximieren Sie Ihre Flugzeit mit der DJI Matrice 3D Series Intelligent Flight Battery. Mit einer Kapazit\u00e4t von 7811 mAh und einer Spannung von 14,76 V wurde dieser Akku speziell f\u00fcr die DJI Matrice 3D und Matrice 3TD Drohnen entwickelt, um perfekte Kompatibilit\u00e4t und optimale Leistung zu gew\u00e4hrleisten. Die fortschrittliche LiNiMnCoO2-Chemie liefert leistungsstarke 115,2 Wh f\u00fcr lange Missionen.<\/p>","protected":false},"excerpt":{"rendered":"<ul>\n<li>Dieser leichte und dennoch robuste Akku wiegt nur 544 g und kann Ladetemperaturen von 5\u00b0 bis 45\u00b0 C standhalten, was einen sicheren und effizienten Einsatz unter verschiedenen Wetterbedingungen erm\u00f6glicht. Mit einem Lebenszyklus von bis zu 400 Ladungen und einer maximalen Ladespannung von 17,0 V verspricht er eine lange Lebensdauer, schnelle Ladezeiten und zuverl\u00e4ssige Leistung.<\/li>\n<\/ul>","protected":false},"featured_media":3359,"template":"","meta":{"_acf_changed":false},"product_brand":[],"product_cat":[268,617,113,97,426,162],"product_tag":[],"class_list":{"0":"post-3362","1":"product","2":"type-product","3":"status-publish","4":"has-post-thumbnail","6":"product_cat-alle-accessoires","7":"product_cat-alle-batterije","8":"product_cat-alle-batterijen","9":"product_cat-alle-producten","10":"product_cat-dji-matrice","11":"product_cat-dji-matrice-3d","12":"product_shipping_class-dronelandall","13":"pa_brand-dji","14":"pa_productfamily-batterij","15":"pa_producttype-batterij","16":"pa_series-matrice-3d","18":"first","19":"instock","20":"taxable","21":"shipping-taxable","22":"purchasable","23":"product-type-simple"},"acf":[],"yoast_head":"<!-- This site is optimized with the Yoast SEO Premium plugin v27.2 (Yoast SEO v27.2) - https:\/\/yoast.com\/product\/yoast-seo-premium-wordpress\/ -->\n<title>DJI Matrice 3D Series Intelligent Flight Battery - koningdrone.be<\/title>\n<meta name=\"robots\" content=\"index, follow, max-snippet:-1, max-image-preview:large, max-video-preview:-1\" \/>\n<link rel=\"canonical\" href=\"https:\/\/koningdrone.be\/de\/produkt\/dji-matrice-3d-series-intelligent-flight-battery\/\" \/>\n<meta property=\"og:locale\" content=\"de_DE\" \/>\n<meta property=\"og:type\" content=\"article\" \/>\n<meta property=\"og:title\" content=\"DJI Matrice 3D Series Intelligent Flight Battery\" \/>\n<meta property=\"og:description\" content=\"Deze lichte maar robuuste batterij weegt slechts 544 g en is bestand tegen oplaadtemperaturen van 5\u00b0 tot 45\u00b0 C, zodat hij veilig en effici\u00ebnt kan worden gebruikt in verschillende weersomstandigheden. Met een levenscyclus tot 400 oplaadbeurten en een maximale laadspanning van 17,0 V belooft hij een lange levensduur, snelle oplaadtijden en betrouwbare prestaties.\" \/>\n<meta property=\"og:url\" content=\"https:\/\/koningdrone.be\/de\/produkt\/dji-matrice-3d-series-intelligent-flight-battery\/\" \/>\n<meta property=\"og:site_name\" content=\"koningdrone.be\" \/>\n<meta property=\"article:modified_time\" content=\"2026-04-29T02:30:06+00:00\" \/>\n<meta property=\"og:image\" content=\"https:\/\/koningdrone.be\/wp-content\/uploads\/sites\/13\/2025\/04\/DJI-Matrice-3D-Series-Intelligent-Flight-Battery-2.png\" \/>\n\t<meta property=\"og:image:width\" content=\"758\" \/>\n\t<meta property=\"og:image:height\" content=\"533\" \/>\n\t<meta property=\"og:image:type\" content=\"image\/png\" \/>\n<meta name=\"twitter:card\" content=\"summary_large_image\" \/>\n<script type=\"application\/ld+json\" class=\"yoast-schema-graph\">{\"@context\":\"https:\/\/schema.org\",\"@graph\":[{\"@type\":\"WebPage\",\"@id\":\"https:\/\/koningdrone.be\/product\/dji-matrice-3d-series-intelligent-flight-battery\/\",\"url\":\"https:\/\/koningdrone.be\/product\/dji-matrice-3d-series-intelligent-flight-battery\/\",\"name\":\"DJI Matrice 3D Series Intelligent Flight Battery - koningdrone.be\",\"isPartOf\":{\"@id\":\"https:\/\/koningdrone.be\/#website\"},\"primaryImageOfPage\":{\"@id\":\"https:\/\/koningdrone.be\/product\/dji-matrice-3d-series-intelligent-flight-battery\/#primaryimage\"},\"image\":{\"@id\":\"https:\/\/koningdrone.be\/product\/dji-matrice-3d-series-intelligent-flight-battery\/#primaryimage\"},\"thumbnailUrl\":\"https:\/\/koningdrone.be\/wp-content\/uploads\/sites\/13\/2025\/04\/DJI-Matrice-3D-Series-Intelligent-Flight-Battery-2.png\",\"datePublished\":\"2024-09-05T09:46:43+00:00\",\"dateModified\":\"2026-04-29T02:30:06+00:00\",\"breadcrumb\":{\"@id\":\"https:\/\/koningdrone.be\/product\/dji-matrice-3d-series-intelligent-flight-battery\/#breadcrumb\"},\"inLanguage\":\"de\",\"potentialAction\":[{\"@type\":\"ReadAction\",\"target\":[\"https:\/\/koningdrone.be\/product\/dji-matrice-3d-series-intelligent-flight-battery\/\"]}]},{\"@type\":\"ImageObject\",\"inLanguage\":\"de\",\"@id\":\"https:\/\/koningdrone.be\/product\/dji-matrice-3d-series-intelligent-flight-battery\/#primaryimage\",\"url\":\"https:\/\/koningdrone.be\/wp-content\/uploads\/sites\/13\/2025\/04\/DJI-Matrice-3D-Series-Intelligent-Flight-Battery-2.png\",\"contentUrl\":\"https:\/\/koningdrone.be\/wp-content\/uploads\/sites\/13\/2025\/04\/DJI-Matrice-3D-Series-Intelligent-Flight-Battery-2.png\",\"width\":758,\"height\":533},{\"@type\":\"BreadcrumbList\",\"@id\":\"https:\/\/koningdrone.be\/product\/dji-matrice-3d-series-intelligent-flight-battery\/#breadcrumb\",\"itemListElement\":[{\"@type\":\"ListItem\",\"position\":1,\"name\":\"Home\",\"item\":\"https:\/\/koningdrone.be\/\"},{\"@type\":\"ListItem\",\"position\":2,\"name\":\"AVSS Parachute Recovery System for DJI Matrice 300\/350\",\"item\":\"https:\/\/koningdrone.be\/product\/avss-parachute-recovery-system-for-dji-matrice-300-350\/\"},{\"@type\":\"ListItem\",\"position\":3,\"name\":\"Alle accessoires\",\"item\":\"https:\/\/koningdrone.be\/categorie\/alle-accessoires\/\"},{\"@type\":\"ListItem\",\"position\":4,\"name\":\"DJI Matrice 3D Series Intelligent Flight Battery\"}]},{\"@type\":\"WebSite\",\"@id\":\"https:\/\/koningdrone.be\/#website\",\"url\":\"https:\/\/koningdrone.be\/\",\"name\":\"Koningdrone.be - Uw online specialist in drones, gimbals, camera's en power stations.\",\"description\":\"De webshop in drones en gimbals\",\"publisher\":{\"@id\":\"https:\/\/koningdrone.be\/#organization\"},\"potentialAction\":[{\"@type\":\"SearchAction\",\"target\":{\"@type\":\"EntryPoint\",\"urlTemplate\":\"https:\/\/koningdrone.be\/?s={search_term_string}\"},\"query-input\":{\"@type\":\"PropertyValueSpecification\",\"valueRequired\":true,\"valueName\":\"search_term_string\"}}],\"inLanguage\":\"de\"},{\"@type\":\"Organization\",\"@id\":\"https:\/\/koningdrone.be\/#organization\",\"name\":\"Koningdrone.be\",\"url\":\"https:\/\/koningdrone.be\/\",\"logo\":{\"@type\":\"ImageObject\",\"inLanguage\":\"de\",\"@id\":\"https:\/\/koningdrone.be\/#\/schema\/logo\/image\/\",\"url\":\"https:\/\/koningdrone.be\/wp-content\/uploads\/sites\/13\/2025\/04\/koningdrone-copyright-logo.svg\",\"contentUrl\":\"https:\/\/koningdrone.be\/wp-content\/uploads\/sites\/13\/2025\/04\/koningdrone-copyright-logo.svg\",\"width\":227,\"height\":38,\"caption\":\"Koningdrone.be\"},\"image\":{\"@id\":\"https:\/\/koningdrone.be\/#\/schema\/logo\/image\/\"}}]}<\/script>\n<!-- \/ Yoast SEO Premium plugin. -->","yoast_head_json":{"title":"DJI Matrice 3D Series Intelligent Flight Battery - koningdrone.be","robots":{"index":"index","follow":"follow","max-snippet":"max-snippet:-1","max-image-preview":"max-image-preview:large","max-video-preview":"max-video-preview:-1"},"canonical":"https:\/\/koningdrone.be\/de\/produkt\/dji-matrice-3d-series-intelligent-flight-battery\/","og_locale":"de_DE","og_type":"article","og_title":"DJI Matrice 3D Series Intelligent Flight Battery","og_description":"Deze lichte maar robuuste batterij weegt slechts 544 g en is bestand tegen oplaadtemperaturen van 5\u00b0 tot 45\u00b0 C, zodat hij veilig en effici\u00ebnt kan worden gebruikt in verschillende weersomstandigheden. Met een levenscyclus tot 400 oplaadbeurten en een maximale laadspanning van 17,0 V belooft hij een lange levensduur, snelle oplaadtijden en betrouwbare prestaties.","og_url":"https:\/\/koningdrone.be\/de\/produkt\/dji-matrice-3d-series-intelligent-flight-battery\/","og_site_name":"koningdrone.be","article_modified_time":"2026-04-29T02:30:06+00:00","og_image":[{"width":758,"height":533,"url":"https:\/\/koningdrone.be\/wp-content\/uploads\/sites\/13\/2025\/04\/DJI-Matrice-3D-Series-Intelligent-Flight-Battery-2.png","type":"image\/png"}],"twitter_card":"summary_large_image","schema":{"@context":"https:\/\/schema.org","@graph":[{"@type":"WebPage","@id":"https:\/\/koningdrone.be\/product\/dji-matrice-3d-series-intelligent-flight-battery\/","url":"https:\/\/koningdrone.be\/product\/dji-matrice-3d-series-intelligent-flight-battery\/","name":"DJI Matrice 3D Series Intelligent Flight Battery - koningdrone.be","isPartOf":{"@id":"https:\/\/koningdrone.be\/#website"},"primaryImageOfPage":{"@id":"https:\/\/koningdrone.be\/product\/dji-matrice-3d-series-intelligent-flight-battery\/#primaryimage"},"image":{"@id":"https:\/\/koningdrone.be\/product\/dji-matrice-3d-series-intelligent-flight-battery\/#primaryimage"},"thumbnailUrl":"https:\/\/koningdrone.be\/wp-content\/uploads\/sites\/13\/2025\/04\/DJI-Matrice-3D-Series-Intelligent-Flight-Battery-2.png","datePublished":"2024-09-05T09:46:43+00:00","dateModified":"2026-04-29T02:30:06+00:00","breadcrumb":{"@id":"https:\/\/koningdrone.be\/product\/dji-matrice-3d-series-intelligent-flight-battery\/#breadcrumb"},"inLanguage":"de","potentialAction":[{"@type":"ReadAction","target":["https:\/\/koningdrone.be\/product\/dji-matrice-3d-series-intelligent-flight-battery\/"]}]},{"@type":"ImageObject","inLanguage":"de","@id":"https:\/\/koningdrone.be\/product\/dji-matrice-3d-series-intelligent-flight-battery\/#primaryimage","url":"https:\/\/koningdrone.be\/wp-content\/uploads\/sites\/13\/2025\/04\/DJI-Matrice-3D-Series-Intelligent-Flight-Battery-2.png","contentUrl":"https:\/\/koningdrone.be\/wp-content\/uploads\/sites\/13\/2025\/04\/DJI-Matrice-3D-Series-Intelligent-Flight-Battery-2.png","width":758,"height":533},{"@type":"BreadcrumbList","@id":"https:\/\/koningdrone.be\/product\/dji-matrice-3d-series-intelligent-flight-battery\/#breadcrumb","itemListElement":[{"@type":"ListItem","position":1,"name":"Home","item":"https:\/\/koningdrone.be\/"},{"@type":"ListItem","position":2,"name":"AVSS Parachute Recovery System for DJI Matrice 300\/350","item":"https:\/\/koningdrone.be\/product\/avss-parachute-recovery-system-for-dji-matrice-300-350\/"},{"@type":"ListItem","position":3,"name":"Alle accessoires","item":"https:\/\/koningdrone.be\/categorie\/alle-accessoires\/"},{"@type":"ListItem","position":4,"name":"DJI Matrice 3D Series Intelligent Flight Battery"}]},{"@type":"WebSite","@id":"https:\/\/koningdrone.be\/#website","url":"https:\/\/koningdrone.be\/","name":"Koningdrone.be - Ihr Online-Spezialist f\u00fcr Drohnen, Gimbals, Kameras und Kraftwerke.","description":"Der Webshop f\u00fcr Drohnen und Gimbals","publisher":{"@id":"https:\/\/koningdrone.be\/#organization"},"potentialAction":[{"@type":"SearchAction","target":{"@type":"EntryPoint","urlTemplate":"https:\/\/koningdrone.be\/?s={search_term_string}"},"query-input":{"@type":"PropertyValueSpecification","valueRequired":true,"valueName":"search_term_string"}}],"inLanguage":"de"},{"@type":"Organization","@id":"https:\/\/koningdrone.be\/#organization","name":"Kingdrone.de","url":"https:\/\/koningdrone.be\/","logo":{"@type":"ImageObject","inLanguage":"de","@id":"https:\/\/koningdrone.be\/#\/schema\/logo\/image\/","url":"https:\/\/koningdrone.be\/wp-content\/uploads\/sites\/13\/2025\/04\/koningdrone-copyright-logo.svg","contentUrl":"https:\/\/koningdrone.be\/wp-content\/uploads\/sites\/13\/2025\/04\/koningdrone-copyright-logo.svg","width":227,"height":38,"caption":"Koningdrone.be"},"image":{"@id":"https:\/\/koningdrone.be\/#\/schema\/logo\/image\/"}}]}},"df_price":316,"df_sale_price":"","df_regular_price":316,"df_image_link":"https:\/\/koningdrone.be\/wp-content\/uploads\/sites\/13\/2025\/04\/DJI-Matrice-3D-Series-Intelligent-Flight-Battery-2-300x211.png","_links":{"self":[{"href":"https:\/\/koningdrone.be\/de\/wp-json\/wp\/v2\/product\/3362","targetHints":{"allow":["GET"]}}],"collection":[{"href":"https:\/\/koningdrone.be\/de\/wp-json\/wp\/v2\/product"}],"about":[{"href":"https:\/\/koningdrone.be\/de\/wp-json\/wp\/v2\/types\/product"}],"wp:featuredmedia":[{"embeddable":true,"href":"https:\/\/koningdrone.be\/de\/wp-json\/wp\/v2\/media\/3359"}],"wp:attachment":[{"href":"https:\/\/koningdrone.be\/de\/wp-json\/wp\/v2\/media?parent=3362"}],"wp:term":[{"taxonomy":"product_brand","embeddable":true,"href":"https:\/\/koningdrone.be\/de\/wp-json\/wp\/v2\/product_brand?post=3362"},{"taxonomy":"product_cat","embeddable":true,"href":"https:\/\/koningdrone.be\/de\/wp-json\/wp\/v2\/product_cat?post=3362"},{"taxonomy":"product_tag","embeddable":true,"href":"https:\/\/koningdrone.be\/de\/wp-json\/wp\/v2\/product_tag?post=3362"}],"curies":[{"name":"wp","href":"https:\/\/api.w.org\/{rel}","templated":true}]}}