{"id":3325,"date":"2024-09-05T11:48:05","date_gmt":"2024-09-05T09:48:05","guid":{"rendered":"https:\/\/koningdrone.nl\/kon\/product\/dji-mini-2-se-fly-more-combo-incl-dji-rc-n1-controller-co-label\/"},"modified":"2026-04-29T15:41:07","modified_gmt":"2026-04-29T13:41:07","slug":"dji-mini-2-se-fly-more-combo-incl-dji-rc-n1-controller-co-label","status":"publish","type":"product","link":"https:\/\/koningdrone.be\/de\/produkt\/dji-mini-2-se-fly-more-combo-incl-dji-rc-n1-controller-co-label\/","title":{"rendered":"DJI Mini 2 SE - Fly more Combo inkl. DJI RC-N1 Controller - CO Label"},"content":{"rendered":"<p>Die DJI Mini 2 SE ist die ideale Drohne f\u00fcr Einsteiger. Dank ihrer faltbaren Beine l\u00e4sst sie sich auf ein Taschenformat zusammenklappen. Die Drohne wiegt nur 249 Gramm, was den Erwerb eines Pilotenscheins \u00fcberfl\u00fcssig macht. Die Drohne wird mit der bekannten RC N1-Fernsteuerung geliefert. Damit k\u00f6nnen Sie sofort die sch\u00f6nsten Bilder und Videos mit der 2,7K-Kamera aufnehmen. Ideal f\u00fcr den Sommer- oder Skiurlaub!<\/p>","protected":false},"excerpt":{"rendered":"<ul>\n<li>Wie bereits erw\u00e4hnt, ist die Mini 2 SE auf Taschenformat faltbar und wiegt nur 249 Gramm. Unabh\u00e4ngig von ihrem geringen Gewicht hat diese Drohne eine Menge Technologie an Bord und intelligente Funktionen<\/li>\n<\/ul>","protected":false},"featured_media":3313,"template":"","meta":{"_acf_changed":false},"product_brand":[],"product_cat":[135,97,136,611,177],"product_tag":[],"class_list":{"0":"post-3325","1":"product","2":"type-product","3":"status-publish","4":"has-post-thumbnail","6":"product_cat-alle-drones","7":"product_cat-alle-producten","8":"product_cat-consumer-drones","9":"product_cat-dji-mini-2","10":"product_cat-drones-zonder-certificaat","11":"product_shipping_class-outofstock","12":"pa_brand-dji","13":"pa_dronegrade-consumer","14":"pa_productfamily-drone","15":"pa_producttype-drone","16":"pa_series-mini-2","18":"first","19":"outofstock","20":"taxable","21":"shipping-taxable","22":"purchasable","23":"product-type-simple"},"acf":[],"yoast_head":"<!-- This site is optimized with the Yoast SEO Premium plugin v27.2 (Yoast SEO v27.2) - https:\/\/yoast.com\/product\/yoast-seo-premium-wordpress\/ -->\n<title>DJI Mini 2 SE - Fly more Combo incl. DJI RC-N1 controller - CO Label - koningdrone.be<\/title>\n<meta name=\"robots\" content=\"index, follow, max-snippet:-1, max-image-preview:large, max-video-preview:-1\" \/>\n<link rel=\"canonical\" href=\"https:\/\/koningdrone.be\/de\/produkt\/dji-mini-2-se-fly-more-combo-incl-dji-rc-n1-controller-co-label\/\" \/>\n<meta property=\"og:locale\" content=\"de_DE\" \/>\n<meta property=\"og:type\" content=\"article\" \/>\n<meta property=\"og:title\" content=\"DJI Mini 2 SE - Fly more Combo incl. DJI RC-N1 controller - CO Label\" \/>\n<meta property=\"og:description\" content=\"Zoals gezegd is de Mini 2 SE is opvouwbaar tot zak formaat en weegt slechts 249 gram. Ongeacht het lage gewicht heeft deze drone veel techniek aan boord en slimme functies\" \/>\n<meta property=\"og:url\" content=\"https:\/\/koningdrone.be\/de\/produkt\/dji-mini-2-se-fly-more-combo-incl-dji-rc-n1-controller-co-label\/\" \/>\n<meta property=\"og:site_name\" content=\"koningdrone.be\" \/>\n<meta property=\"article:modified_time\" content=\"2026-04-29T13:41:07+00:00\" \/>\n<meta property=\"og:image\" content=\"https:\/\/koningdrone.be\/wp-content\/uploads\/sites\/13\/2025\/04\/1_49780660-1d70-48bf-8d28-8b86922e0cc6.jpg\" \/>\n\t<meta property=\"og:image:width\" content=\"2000\" \/>\n\t<meta property=\"og:image:height\" content=\"2000\" \/>\n\t<meta property=\"og:image:type\" content=\"image\/jpeg\" \/>\n<meta name=\"twitter:card\" content=\"summary_large_image\" \/>\n<script type=\"application\/ld+json\" class=\"yoast-schema-graph\">{\"@context\":\"https:\/\/schema.org\",\"@graph\":[{\"@type\":\"WebPage\",\"@id\":\"https:\/\/koningdrone.be\/product\/dji-mini-2-se-fly-more-combo-incl-dji-rc-n1-controller-co-label\/\",\"url\":\"https:\/\/koningdrone.be\/product\/dji-mini-2-se-fly-more-combo-incl-dji-rc-n1-controller-co-label\/\",\"name\":\"DJI Mini 2 SE - Fly more Combo incl. DJI RC-N1 controller - CO Label - koningdrone.be\",\"isPartOf\":{\"@id\":\"https:\/\/koningdrone.be\/#website\"},\"primaryImageOfPage\":{\"@id\":\"https:\/\/koningdrone.be\/product\/dji-mini-2-se-fly-more-combo-incl-dji-rc-n1-controller-co-label\/#primaryimage\"},\"image\":{\"@id\":\"https:\/\/koningdrone.be\/product\/dji-mini-2-se-fly-more-combo-incl-dji-rc-n1-controller-co-label\/#primaryimage\"},\"thumbnailUrl\":\"https:\/\/koningdrone.be\/wp-content\/uploads\/sites\/13\/2025\/04\/1_49780660-1d70-48bf-8d28-8b86922e0cc6.jpg\",\"datePublished\":\"2024-09-05T09:48:05+00:00\",\"dateModified\":\"2026-04-29T13:41:07+00:00\",\"breadcrumb\":{\"@id\":\"https:\/\/koningdrone.be\/product\/dji-mini-2-se-fly-more-combo-incl-dji-rc-n1-controller-co-label\/#breadcrumb\"},\"inLanguage\":\"de\",\"potentialAction\":[{\"@type\":\"ReadAction\",\"target\":[\"https:\/\/koningdrone.be\/product\/dji-mini-2-se-fly-more-combo-incl-dji-rc-n1-controller-co-label\/\"]}]},{\"@type\":\"ImageObject\",\"inLanguage\":\"de\",\"@id\":\"https:\/\/koningdrone.be\/product\/dji-mini-2-se-fly-more-combo-incl-dji-rc-n1-controller-co-label\/#primaryimage\",\"url\":\"https:\/\/koningdrone.be\/wp-content\/uploads\/sites\/13\/2025\/04\/1_49780660-1d70-48bf-8d28-8b86922e0cc6.jpg\",\"contentUrl\":\"https:\/\/koningdrone.be\/wp-content\/uploads\/sites\/13\/2025\/04\/1_49780660-1d70-48bf-8d28-8b86922e0cc6.jpg\",\"width\":2000,\"height\":2000},{\"@type\":\"BreadcrumbList\",\"@id\":\"https:\/\/koningdrone.be\/product\/dji-mini-2-se-fly-more-combo-incl-dji-rc-n1-controller-co-label\/#breadcrumb\",\"itemListElement\":[{\"@type\":\"ListItem\",\"position\":1,\"name\":\"Home\",\"item\":\"https:\/\/koningdrone.be\/\"},{\"@type\":\"ListItem\",\"position\":2,\"name\":\"AVSS Parachute Recovery System for DJI Matrice 300\/350\",\"item\":\"https:\/\/koningdrone.be\/product\/avss-parachute-recovery-system-for-dji-matrice-300-350\/\"},{\"@type\":\"ListItem\",\"position\":3,\"name\":\"Alle drones\",\"item\":\"https:\/\/koningdrone.be\/categorie\/alle-drones\/\"},{\"@type\":\"ListItem\",\"position\":4,\"name\":\"DJI Mini 2 SE &#8211; Fly more Combo incl. DJI RC-N1 controller &#8211; CO Label\"}]},{\"@type\":\"WebSite\",\"@id\":\"https:\/\/koningdrone.be\/#website\",\"url\":\"https:\/\/koningdrone.be\/\",\"name\":\"Koningdrone.be - Uw online specialist in drones, gimbals, camera's en power stations.\",\"description\":\"De webshop in drones en gimbals\",\"publisher\":{\"@id\":\"https:\/\/koningdrone.be\/#organization\"},\"potentialAction\":[{\"@type\":\"SearchAction\",\"target\":{\"@type\":\"EntryPoint\",\"urlTemplate\":\"https:\/\/koningdrone.be\/?s={search_term_string}\"},\"query-input\":{\"@type\":\"PropertyValueSpecification\",\"valueRequired\":true,\"valueName\":\"search_term_string\"}}],\"inLanguage\":\"de\"},{\"@type\":\"Organization\",\"@id\":\"https:\/\/koningdrone.be\/#organization\",\"name\":\"Koningdrone.be\",\"url\":\"https:\/\/koningdrone.be\/\",\"logo\":{\"@type\":\"ImageObject\",\"inLanguage\":\"de\",\"@id\":\"https:\/\/koningdrone.be\/#\/schema\/logo\/image\/\",\"url\":\"https:\/\/koningdrone.be\/wp-content\/uploads\/sites\/13\/2025\/04\/koningdrone-copyright-logo.svg\",\"contentUrl\":\"https:\/\/koningdrone.be\/wp-content\/uploads\/sites\/13\/2025\/04\/koningdrone-copyright-logo.svg\",\"width\":227,\"height\":38,\"caption\":\"Koningdrone.be\"},\"image\":{\"@id\":\"https:\/\/koningdrone.be\/#\/schema\/logo\/image\/\"}}]}<\/script>\n<!-- \/ Yoast SEO Premium plugin. -->","yoast_head_json":{"title":"DJI Mini 2 SE - Fly more Combo incl. DJI RC-N1 controller - CO Label - koningdrone.be","robots":{"index":"index","follow":"follow","max-snippet":"max-snippet:-1","max-image-preview":"max-image-preview:large","max-video-preview":"max-video-preview:-1"},"canonical":"https:\/\/koningdrone.be\/de\/produkt\/dji-mini-2-se-fly-more-combo-incl-dji-rc-n1-controller-co-label\/","og_locale":"de_DE","og_type":"article","og_title":"DJI Mini 2 SE - Fly more Combo incl. DJI RC-N1 controller - CO Label","og_description":"Zoals gezegd is de Mini 2 SE is opvouwbaar tot zak formaat en weegt slechts 249 gram. Ongeacht het lage gewicht heeft deze drone veel techniek aan boord en slimme functies","og_url":"https:\/\/koningdrone.be\/de\/produkt\/dji-mini-2-se-fly-more-combo-incl-dji-rc-n1-controller-co-label\/","og_site_name":"koningdrone.be","article_modified_time":"2026-04-29T13:41:07+00:00","og_image":[{"width":2000,"height":2000,"url":"https:\/\/koningdrone.be\/wp-content\/uploads\/sites\/13\/2025\/04\/1_49780660-1d70-48bf-8d28-8b86922e0cc6.jpg","type":"image\/jpeg"}],"twitter_card":"summary_large_image","schema":{"@context":"https:\/\/schema.org","@graph":[{"@type":"WebPage","@id":"https:\/\/koningdrone.be\/product\/dji-mini-2-se-fly-more-combo-incl-dji-rc-n1-controller-co-label\/","url":"https:\/\/koningdrone.be\/product\/dji-mini-2-se-fly-more-combo-incl-dji-rc-n1-controller-co-label\/","name":"DJI Mini 2 SE - Fly more Combo incl. DJI RC-N1 controller - CO Label - koningdrone.be","isPartOf":{"@id":"https:\/\/koningdrone.be\/#website"},"primaryImageOfPage":{"@id":"https:\/\/koningdrone.be\/product\/dji-mini-2-se-fly-more-combo-incl-dji-rc-n1-controller-co-label\/#primaryimage"},"image":{"@id":"https:\/\/koningdrone.be\/product\/dji-mini-2-se-fly-more-combo-incl-dji-rc-n1-controller-co-label\/#primaryimage"},"thumbnailUrl":"https:\/\/koningdrone.be\/wp-content\/uploads\/sites\/13\/2025\/04\/1_49780660-1d70-48bf-8d28-8b86922e0cc6.jpg","datePublished":"2024-09-05T09:48:05+00:00","dateModified":"2026-04-29T13:41:07+00:00","breadcrumb":{"@id":"https:\/\/koningdrone.be\/product\/dji-mini-2-se-fly-more-combo-incl-dji-rc-n1-controller-co-label\/#breadcrumb"},"inLanguage":"de","potentialAction":[{"@type":"ReadAction","target":["https:\/\/koningdrone.be\/product\/dji-mini-2-se-fly-more-combo-incl-dji-rc-n1-controller-co-label\/"]}]},{"@type":"ImageObject","inLanguage":"de","@id":"https:\/\/koningdrone.be\/product\/dji-mini-2-se-fly-more-combo-incl-dji-rc-n1-controller-co-label\/#primaryimage","url":"https:\/\/koningdrone.be\/wp-content\/uploads\/sites\/13\/2025\/04\/1_49780660-1d70-48bf-8d28-8b86922e0cc6.jpg","contentUrl":"https:\/\/koningdrone.be\/wp-content\/uploads\/sites\/13\/2025\/04\/1_49780660-1d70-48bf-8d28-8b86922e0cc6.jpg","width":2000,"height":2000},{"@type":"BreadcrumbList","@id":"https:\/\/koningdrone.be\/product\/dji-mini-2-se-fly-more-combo-incl-dji-rc-n1-controller-co-label\/#breadcrumb","itemListElement":[{"@type":"ListItem","position":1,"name":"Home","item":"https:\/\/koningdrone.be\/"},{"@type":"ListItem","position":2,"name":"AVSS Parachute Recovery System for DJI Matrice 300\/350","item":"https:\/\/koningdrone.be\/product\/avss-parachute-recovery-system-for-dji-matrice-300-350\/"},{"@type":"ListItem","position":3,"name":"Alle drones","item":"https:\/\/koningdrone.be\/categorie\/alle-drones\/"},{"@type":"ListItem","position":4,"name":"DJI Mini 2 SE &#8211; Fly more Combo incl. DJI RC-N1 controller &#8211; CO Label"}]},{"@type":"WebSite","@id":"https:\/\/koningdrone.be\/#website","url":"https:\/\/koningdrone.be\/","name":"Koningdrone.be - Ihr Online-Spezialist f\u00fcr Drohnen, Gimbals, Kameras und Kraftwerke.","description":"Der Webshop f\u00fcr Drohnen und Gimbals","publisher":{"@id":"https:\/\/koningdrone.be\/#organization"},"potentialAction":[{"@type":"SearchAction","target":{"@type":"EntryPoint","urlTemplate":"https:\/\/koningdrone.be\/?s={search_term_string}"},"query-input":{"@type":"PropertyValueSpecification","valueRequired":true,"valueName":"search_term_string"}}],"inLanguage":"de"},{"@type":"Organization","@id":"https:\/\/koningdrone.be\/#organization","name":"Kingdrone.de","url":"https:\/\/koningdrone.be\/","logo":{"@type":"ImageObject","inLanguage":"de","@id":"https:\/\/koningdrone.be\/#\/schema\/logo\/image\/","url":"https:\/\/koningdrone.be\/wp-content\/uploads\/sites\/13\/2025\/04\/koningdrone-copyright-logo.svg","contentUrl":"https:\/\/koningdrone.be\/wp-content\/uploads\/sites\/13\/2025\/04\/koningdrone-copyright-logo.svg","width":227,"height":38,"caption":"Koningdrone.be"},"image":{"@id":"https:\/\/koningdrone.be\/#\/schema\/logo\/image\/"}}]}},"df_price":489,"df_sale_price":"","df_regular_price":489,"df_image_link":"https:\/\/koningdrone.be\/wp-content\/uploads\/sites\/13\/2025\/04\/1_49780660-1d70-48bf-8d28-8b86922e0cc6-300x300.jpg","_links":{"self":[{"href":"https:\/\/koningdrone.be\/de\/wp-json\/wp\/v2\/product\/3325","targetHints":{"allow":["GET"]}}],"collection":[{"href":"https:\/\/koningdrone.be\/de\/wp-json\/wp\/v2\/product"}],"about":[{"href":"https:\/\/koningdrone.be\/de\/wp-json\/wp\/v2\/types\/product"}],"wp:featuredmedia":[{"embeddable":true,"href":"https:\/\/koningdrone.be\/de\/wp-json\/wp\/v2\/media\/3313"}],"wp:attachment":[{"href":"https:\/\/koningdrone.be\/de\/wp-json\/wp\/v2\/media?parent=3325"}],"wp:term":[{"taxonomy":"product_brand","embeddable":true,"href":"https:\/\/koningdrone.be\/de\/wp-json\/wp\/v2\/product_brand?post=3325"},{"taxonomy":"product_cat","embeddable":true,"href":"https:\/\/koningdrone.be\/de\/wp-json\/wp\/v2\/product_cat?post=3325"},{"taxonomy":"product_tag","embeddable":true,"href":"https:\/\/koningdrone.be\/de\/wp-json\/wp\/v2\/product_tag?post=3325"}],"curies":[{"name":"wp","href":"https:\/\/api.w.org\/{rel}","templated":true}]}}