{"id":3213,"date":"2024-09-05T11:50:52","date_gmt":"2024-09-05T09:50:52","guid":{"rendered":"https:\/\/koningdrone.nl\/kon\/product\/dji-agras-t25\/"},"modified":"2026-04-29T16:00:34","modified_gmt":"2026-04-29T14:00:34","slug":"dji-agras-t25","status":"publish","type":"product","link":"https:\/\/koningdrone.be\/de\/produkt\/dji-agras-t25\/","title":{"rendered":"DJI Agras T25"},"content":{"rendered":"<p>Die DJI Agras T25 definiert den Standard f\u00fcr kompakte Landwirtschaftsdrohnen neu und kombiniert fortschrittliche Technologie mit einfacher Bedienung. Die T25 ist leicht und wendig und kann m\u00fchelos von einem einzigen Bediener gesteuert werden, was sie ideal f\u00fcr kleine bis mittelgro\u00dfe Betriebe macht.<\/p>","protected":false},"excerpt":{"rendered":"<ul>\n<li>Hohe Nutzlast: Der Agras T25 kann eine Spritzlast von bis zu 20 kg und eine Streulast von bis zu 25 kg tragen und bietet damit Flexibilit\u00e4t f\u00fcr verschiedene landwirtschaftliche Aufgaben.<\/li>\n<li>Fortschrittliche Navigation: Ausgestattet mit einem vorderen und hinteren Phased-Array-Radar und einem binokularen Sichtsystem, zeichnet sich der T25 durch Hindernisvermeidung und Terrain Following aus und gew\u00e4hrleistet so pr\u00e4zise und sichere Eins\u00e4tze in unterschiedlichem Gel\u00e4nde.<\/li>\n<li>Effizienter Betrieb: Die Drohne kann mit einer einzigen Ber\u00fchrung starten und arbeitet vollautomatisch, was den Prozess der Kartierung und des Spr\u00fchens vereinfacht. Die Drohne kann ein 13 Hektar gro\u00dfes Feld in nur 10 Minuten kartieren, was die betriebliche Effizienz erheblich verbessert.<\/li>\n<li>SmartFarm-Integration: In Kombination mit der DJI SmartFarm App optimiert der T25 die t\u00e4glichen Arbeitsabl\u00e4ufe durch verbesserte Datenvisualisierung, Berichterstellung und dynamische Ger\u00e4teverwaltung. Diese Integration hilft, den Pflanzenschutz und das Feldmanagement zu optimieren.<\/li>\n<li>Schnelles Aufladen: Die T25 unterst\u00fctzt ultraschnelles Aufladen des Akkus, so dass Sie kontinuierlich mit minimaler Ausfallzeit arbeiten k\u00f6nnen. Die DB800 Intelligent Flight Battery wird bei Verwendung des DJI C8000 Intelligent Charger in nur 9 Minuten aufgeladen.<\/li>\n<\/ul>","protected":false},"featured_media":3207,"template":"","meta":{"_acf_changed":false},"product_brand":[],"product_cat":[97,567,99,100,568,101],"product_tag":[],"class_list":{"0":"post-3213","1":"product","2":"type-product","3":"status-publish","4":"has-post-thumbnail","6":"product_cat-alle-producten","7":"product_cat-dji-agras","8":"product_cat-drones-met-certificaat","9":"product_cat-enterprise-drones","10":"product_cat-landbouw-drones","11":"product_cat-professionele-dji-drone","12":"product_shipping_class-outofstock","13":"pa_brand-dji","14":"pa_dronegrade-enterprise","15":"pa_productfamily-drone","16":"pa_producttype-drone","17":"pa_series-t25","19":"first","20":"outofstock","21":"taxable","22":"shipping-taxable","23":"purchasable","24":"product-type-simple"},"acf":[],"yoast_head":"<!-- This site is optimized with the Yoast SEO Premium plugin v27.2 (Yoast SEO v27.2) - https:\/\/yoast.com\/product\/yoast-seo-premium-wordpress\/ -->\n<title>DJI Agras T25 - koningdrone.be<\/title>\n<meta name=\"robots\" content=\"index, follow, max-snippet:-1, max-image-preview:large, max-video-preview:-1\" \/>\n<link rel=\"canonical\" href=\"https:\/\/koningdrone.be\/de\/produkt\/dji-agras-t25\/\" \/>\n<meta property=\"og:locale\" content=\"de_DE\" \/>\n<meta property=\"og:type\" content=\"article\" \/>\n<meta property=\"og:title\" content=\"DJI Agras T25\" \/>\n<meta property=\"og:description\" content=\"Hoog laadvermogen: De Agras T25 kan een spuitlading tot 20 kg (44 lbs) en een strooilading tot 25 kg (55 lbs) dragen, wat flexibiliteit biedt voor diverse landbouwtaken.  Geavanceerde navigatie: Uitgerust met phased array radars voor en achter en een binoculair vision systeem, blinkt de T25 uit in obstakelvermijding en Terrain Following, wat zorgt voor nauwkeurige en veilige werkzaamheden op diverse terreinen.  Effici\u00ebnte bediening: De drone kan met \u00e9\u00e9n tik opstijgen en werkt volledig automatisch, wat het proces van in kaart brengen en sproeien vereenvoudigt. De drone kan een veld van 13 hectare in kaart brengen in slechts 10 minuten, waardoor de operationele effici\u00ebntie aanzienlijk wordt verbeterd.  SmartFarm-integratie: In combinatie met de DJI SmartFarm app stroomlijnt de T25 de dagelijkse werkzaamheden door verbeterde visualisatie van gegevens, rapportage en dynamisch apparaatbeheer. Deze integratie helpt gewasbescherming en perceelbeheer te optimaliseren.  Snel opladen: De T25 ondersteunt het ultrasnel opladen van de batterij, waardoor je continu kunt werken met minimale uitvaltijd. De DB800 Intelligent Flight Battery wordt in slechts 9 minuten opgeladen wanneer de DJI C8000 Intelligent Charger wordt gebruikt.\" \/>\n<meta property=\"og:url\" content=\"https:\/\/koningdrone.be\/de\/produkt\/dji-agras-t25\/\" \/>\n<meta property=\"og:site_name\" content=\"koningdrone.be\" \/>\n<meta property=\"article:modified_time\" content=\"2026-04-29T14:00:34+00:00\" \/>\n<meta property=\"og:image\" content=\"https:\/\/koningdrone.be\/wp-content\/uploads\/sites\/13\/2025\/04\/T25_45_FrontView_500x.png\" \/>\n\t<meta property=\"og:image:width\" content=\"500\" \/>\n\t<meta property=\"og:image:height\" content=\"281\" \/>\n\t<meta property=\"og:image:type\" content=\"image\/png\" \/>\n<meta name=\"twitter:card\" content=\"summary_large_image\" \/>\n<meta name=\"twitter:label1\" content=\"Gesch\u00e4tzte Lesezeit\" \/>\n\t<meta name=\"twitter:data1\" content=\"3\u00a0Minuten\" \/>\n<script type=\"application\/ld+json\" class=\"yoast-schema-graph\">{\"@context\":\"https:\/\/schema.org\",\"@graph\":[{\"@type\":\"WebPage\",\"@id\":\"https:\/\/koningdrone.be\/product\/dji-agras-t25\/\",\"url\":\"https:\/\/koningdrone.be\/product\/dji-agras-t25\/\",\"name\":\"DJI Agras T25 - koningdrone.be\",\"isPartOf\":{\"@id\":\"https:\/\/koningdrone.be\/#website\"},\"primaryImageOfPage\":{\"@id\":\"https:\/\/koningdrone.be\/product\/dji-agras-t25\/#primaryimage\"},\"image\":{\"@id\":\"https:\/\/koningdrone.be\/product\/dji-agras-t25\/#primaryimage\"},\"thumbnailUrl\":\"https:\/\/koningdrone.be\/wp-content\/uploads\/sites\/13\/2025\/04\/T25_45_FrontView_500x.png\",\"datePublished\":\"2024-09-05T09:50:52+00:00\",\"dateModified\":\"2026-04-29T14:00:34+00:00\",\"breadcrumb\":{\"@id\":\"https:\/\/koningdrone.be\/product\/dji-agras-t25\/#breadcrumb\"},\"inLanguage\":\"de\",\"potentialAction\":[{\"@type\":\"ReadAction\",\"target\":[\"https:\/\/koningdrone.be\/product\/dji-agras-t25\/\"]}]},{\"@type\":\"ImageObject\",\"inLanguage\":\"de\",\"@id\":\"https:\/\/koningdrone.be\/product\/dji-agras-t25\/#primaryimage\",\"url\":\"https:\/\/koningdrone.be\/wp-content\/uploads\/sites\/13\/2025\/04\/T25_45_FrontView_500x.png\",\"contentUrl\":\"https:\/\/koningdrone.be\/wp-content\/uploads\/sites\/13\/2025\/04\/T25_45_FrontView_500x.png\",\"width\":500,\"height\":281},{\"@type\":\"BreadcrumbList\",\"@id\":\"https:\/\/koningdrone.be\/product\/dji-agras-t25\/#breadcrumb\",\"itemListElement\":[{\"@type\":\"ListItem\",\"position\":1,\"name\":\"Home\",\"item\":\"https:\/\/koningdrone.be\/\"},{\"@type\":\"ListItem\",\"position\":2,\"name\":\"AVSS Parachute Recovery System for DJI Matrice 300\/350\",\"item\":\"https:\/\/koningdrone.be\/product\/avss-parachute-recovery-system-for-dji-matrice-300-350\/\"},{\"@type\":\"ListItem\",\"position\":3,\"name\":\"Alle producten\",\"item\":\"https:\/\/koningdrone.be\/categorie\/alle-producten\/\"},{\"@type\":\"ListItem\",\"position\":4,\"name\":\"DJI Agras T25\"}]},{\"@type\":\"WebSite\",\"@id\":\"https:\/\/koningdrone.be\/#website\",\"url\":\"https:\/\/koningdrone.be\/\",\"name\":\"Koningdrone.be - Uw online specialist in drones, gimbals, camera's en power stations.\",\"description\":\"De webshop in drones en gimbals\",\"publisher\":{\"@id\":\"https:\/\/koningdrone.be\/#organization\"},\"potentialAction\":[{\"@type\":\"SearchAction\",\"target\":{\"@type\":\"EntryPoint\",\"urlTemplate\":\"https:\/\/koningdrone.be\/?s={search_term_string}\"},\"query-input\":{\"@type\":\"PropertyValueSpecification\",\"valueRequired\":true,\"valueName\":\"search_term_string\"}}],\"inLanguage\":\"de\"},{\"@type\":\"Organization\",\"@id\":\"https:\/\/koningdrone.be\/#organization\",\"name\":\"Koningdrone.be\",\"url\":\"https:\/\/koningdrone.be\/\",\"logo\":{\"@type\":\"ImageObject\",\"inLanguage\":\"de\",\"@id\":\"https:\/\/koningdrone.be\/#\/schema\/logo\/image\/\",\"url\":\"https:\/\/koningdrone.be\/wp-content\/uploads\/sites\/13\/2025\/04\/koningdrone-copyright-logo.svg\",\"contentUrl\":\"https:\/\/koningdrone.be\/wp-content\/uploads\/sites\/13\/2025\/04\/koningdrone-copyright-logo.svg\",\"width\":227,\"height\":38,\"caption\":\"Koningdrone.be\"},\"image\":{\"@id\":\"https:\/\/koningdrone.be\/#\/schema\/logo\/image\/\"}}]}<\/script>\n<!-- \/ Yoast SEO Premium plugin. -->","yoast_head_json":{"title":"DJI Agras T25 - koningdrone.be","robots":{"index":"index","follow":"follow","max-snippet":"max-snippet:-1","max-image-preview":"max-image-preview:large","max-video-preview":"max-video-preview:-1"},"canonical":"https:\/\/koningdrone.be\/de\/produkt\/dji-agras-t25\/","og_locale":"de_DE","og_type":"article","og_title":"DJI Agras T25","og_description":"Hoog laadvermogen: De Agras T25 kan een spuitlading tot 20 kg (44 lbs) en een strooilading tot 25 kg (55 lbs) dragen, wat flexibiliteit biedt voor diverse landbouwtaken.  Geavanceerde navigatie: Uitgerust met phased array radars voor en achter en een binoculair vision systeem, blinkt de T25 uit in obstakelvermijding en Terrain Following, wat zorgt voor nauwkeurige en veilige werkzaamheden op diverse terreinen.  Effici\u00ebnte bediening: De drone kan met \u00e9\u00e9n tik opstijgen en werkt volledig automatisch, wat het proces van in kaart brengen en sproeien vereenvoudigt. De drone kan een veld van 13 hectare in kaart brengen in slechts 10 minuten, waardoor de operationele effici\u00ebntie aanzienlijk wordt verbeterd.  SmartFarm-integratie: In combinatie met de DJI SmartFarm app stroomlijnt de T25 de dagelijkse werkzaamheden door verbeterde visualisatie van gegevens, rapportage en dynamisch apparaatbeheer. Deze integratie helpt gewasbescherming en perceelbeheer te optimaliseren.  Snel opladen: De T25 ondersteunt het ultrasnel opladen van de batterij, waardoor je continu kunt werken met minimale uitvaltijd. De DB800 Intelligent Flight Battery wordt in slechts 9 minuten opgeladen wanneer de DJI C8000 Intelligent Charger wordt gebruikt.","og_url":"https:\/\/koningdrone.be\/de\/produkt\/dji-agras-t25\/","og_site_name":"koningdrone.be","article_modified_time":"2026-04-29T14:00:34+00:00","og_image":[{"width":500,"height":281,"url":"https:\/\/koningdrone.be\/wp-content\/uploads\/sites\/13\/2025\/04\/T25_45_FrontView_500x.png","type":"image\/png"}],"twitter_card":"summary_large_image","twitter_misc":{"Gesch\u00e4tzte Lesezeit":"3\u00a0Minuten"},"schema":{"@context":"https:\/\/schema.org","@graph":[{"@type":"WebPage","@id":"https:\/\/koningdrone.be\/product\/dji-agras-t25\/","url":"https:\/\/koningdrone.be\/product\/dji-agras-t25\/","name":"DJI Agras T25 - koningdrone.be","isPartOf":{"@id":"https:\/\/koningdrone.be\/#website"},"primaryImageOfPage":{"@id":"https:\/\/koningdrone.be\/product\/dji-agras-t25\/#primaryimage"},"image":{"@id":"https:\/\/koningdrone.be\/product\/dji-agras-t25\/#primaryimage"},"thumbnailUrl":"https:\/\/koningdrone.be\/wp-content\/uploads\/sites\/13\/2025\/04\/T25_45_FrontView_500x.png","datePublished":"2024-09-05T09:50:52+00:00","dateModified":"2026-04-29T14:00:34+00:00","breadcrumb":{"@id":"https:\/\/koningdrone.be\/product\/dji-agras-t25\/#breadcrumb"},"inLanguage":"de","potentialAction":[{"@type":"ReadAction","target":["https:\/\/koningdrone.be\/product\/dji-agras-t25\/"]}]},{"@type":"ImageObject","inLanguage":"de","@id":"https:\/\/koningdrone.be\/product\/dji-agras-t25\/#primaryimage","url":"https:\/\/koningdrone.be\/wp-content\/uploads\/sites\/13\/2025\/04\/T25_45_FrontView_500x.png","contentUrl":"https:\/\/koningdrone.be\/wp-content\/uploads\/sites\/13\/2025\/04\/T25_45_FrontView_500x.png","width":500,"height":281},{"@type":"BreadcrumbList","@id":"https:\/\/koningdrone.be\/product\/dji-agras-t25\/#breadcrumb","itemListElement":[{"@type":"ListItem","position":1,"name":"Home","item":"https:\/\/koningdrone.be\/"},{"@type":"ListItem","position":2,"name":"AVSS Parachute Recovery System for DJI Matrice 300\/350","item":"https:\/\/koningdrone.be\/product\/avss-parachute-recovery-system-for-dji-matrice-300-350\/"},{"@type":"ListItem","position":3,"name":"Alle producten","item":"https:\/\/koningdrone.be\/categorie\/alle-producten\/"},{"@type":"ListItem","position":4,"name":"DJI Agras T25"}]},{"@type":"WebSite","@id":"https:\/\/koningdrone.be\/#website","url":"https:\/\/koningdrone.be\/","name":"Koningdrone.be - Ihr Online-Spezialist f\u00fcr Drohnen, Gimbals, Kameras und Kraftwerke.","description":"Der Webshop f\u00fcr Drohnen und Gimbals","publisher":{"@id":"https:\/\/koningdrone.be\/#organization"},"potentialAction":[{"@type":"SearchAction","target":{"@type":"EntryPoint","urlTemplate":"https:\/\/koningdrone.be\/?s={search_term_string}"},"query-input":{"@type":"PropertyValueSpecification","valueRequired":true,"valueName":"search_term_string"}}],"inLanguage":"de"},{"@type":"Organization","@id":"https:\/\/koningdrone.be\/#organization","name":"Kingdrone.de","url":"https:\/\/koningdrone.be\/","logo":{"@type":"ImageObject","inLanguage":"de","@id":"https:\/\/koningdrone.be\/#\/schema\/logo\/image\/","url":"https:\/\/koningdrone.be\/wp-content\/uploads\/sites\/13\/2025\/04\/koningdrone-copyright-logo.svg","contentUrl":"https:\/\/koningdrone.be\/wp-content\/uploads\/sites\/13\/2025\/04\/koningdrone-copyright-logo.svg","width":227,"height":38,"caption":"Koningdrone.be"},"image":{"@id":"https:\/\/koningdrone.be\/#\/schema\/logo\/image\/"}}]}},"df_price":9618,"df_sale_price":"","df_regular_price":9618,"df_image_link":"https:\/\/koningdrone.be\/wp-content\/uploads\/sites\/13\/2025\/04\/T25_45_FrontView_500x-300x169.png","_links":{"self":[{"href":"https:\/\/koningdrone.be\/de\/wp-json\/wp\/v2\/product\/3213","targetHints":{"allow":["GET"]}}],"collection":[{"href":"https:\/\/koningdrone.be\/de\/wp-json\/wp\/v2\/product"}],"about":[{"href":"https:\/\/koningdrone.be\/de\/wp-json\/wp\/v2\/types\/product"}],"wp:featuredmedia":[{"embeddable":true,"href":"https:\/\/koningdrone.be\/de\/wp-json\/wp\/v2\/media\/3207"}],"wp:attachment":[{"href":"https:\/\/koningdrone.be\/de\/wp-json\/wp\/v2\/media?parent=3213"}],"wp:term":[{"taxonomy":"product_brand","embeddable":true,"href":"https:\/\/koningdrone.be\/de\/wp-json\/wp\/v2\/product_brand?post=3213"},{"taxonomy":"product_cat","embeddable":true,"href":"https:\/\/koningdrone.be\/de\/wp-json\/wp\/v2\/product_cat?post=3213"},{"taxonomy":"product_tag","embeddable":true,"href":"https:\/\/koningdrone.be\/de\/wp-json\/wp\/v2\/product_tag?post=3213"}],"curies":[{"name":"wp","href":"https:\/\/api.w.org\/{rel}","templated":true}]}}