{"id":3149,"date":"2024-09-05T11:51:50","date_gmt":"2024-09-05T09:51:50","guid":{"rendered":"https:\/\/koningdrone.nl\/kon\/product\/hollyland-solidcom-c1-pro-4s-4-person-headset-system\/"},"modified":"2026-04-29T16:00:29","modified_gmt":"2026-04-29T14:00:29","slug":"hollyland-solidcom-c1-pro-4s-4-person-headset-system","status":"publish","type":"product","link":"https:\/\/koningdrone.be\/de\/produkt\/hollyland-solidcom-c1-pro-4s-4-person-headset-system\/","title":{"rendered":"Hollyland Solidcom C1 Pro-4S (4-Personen-Headset-System)"},"content":{"rendered":"<p>Das Hollyland Solidcom C1 Pro-2S ist ein drahtloses DECT-Vollduplex-Sprechsystem mit zwei Mikrofonen und Umgebungsger\u00e4uschunterdr\u00fcckung (Environmental Noise Cancellation, ENC) f\u00fcr den Einsatz in lauten Umgebungen. Es wurde f\u00fcr klaren Klang und ganzt\u00e4gigen Tragekomfort in einem kabellosen Design ohne Taschensender oder Hub entwickelt. Diese Konfiguration umfasst 2 einseitige Headsets, 1 Master und 1 Remote, sowie wiederaufladbare Batterien, ein Ladeger\u00e4t und Zubeh\u00f6r. Das System sendet im 1,9-GHz-Spektrum und nutzt die bew\u00e4hrte DECT 6.0-Technologie, um eine sichere und zuverl\u00e4ssige \u00dcbertragung bei einer Sichtweite von bis zu 1.100\u2032 zu gew\u00e4hrleisten, wodurch es sich f\u00fcr eine Vielzahl von Anwendungen eignet, darunter Film- und Fernsehproduktionen, Konzerte und Live-Veranstaltungen.<\/p>","protected":false},"excerpt":{"rendered":"<ul>\n<li>Umgebungsger\u00e4usche mit zwei Mikrofonen <\/li>\n<li>Rauschunterdr\u00fcckung<\/li>\n<li>Zuverl\u00e4ssige 1,9-GHz-DECT-6.0-Technologie<\/li>\n<li>Echtes drahtloses Headset, kein Taschensender<\/li>\n<li>Komfortables Ein-Ohr-Headset-Design<\/li>\n<li>Breiter Frequenzbereich f\u00fcr klaren Klang<\/li>\n<li>1100\u2032 2-Wege-Arbeitsbereich<\/li>\n<li>Drehen Sie den Knopf Mute\/PTT oder Boom zum Stummschalten<\/li>\n<li>Erweiterungsf\u00e4higes System<\/li>\n<li>Abw\u00e4rtskompatibel mit Solidcom C1<\/li>\n<\/ul>","protected":false},"featured_media":3141,"template":"","meta":{"_acf_changed":false},"product_brand":[],"product_cat":[268,419,97,207],"product_tag":[],"class_list":{"0":"post-3149","1":"product","2":"type-product","3":"status-publish","4":"has-post-thumbnail","6":"product_cat-alle-accessoires","7":"product_cat-alle-hoofdtelefoons","8":"product_cat-alle-producten","9":"product_cat-hollyland","10":"product_shipping_class-outofstock","11":"pa_brand-hollyland","12":"pa_productfamily-hoofdtelefoonsysteem","13":"pa_producttype-hoofdtelefoonsysteem","14":"pa_series-solidcom-c1","16":"first","17":"outofstock","18":"taxable","19":"shipping-taxable","20":"purchasable","21":"product-type-simple"},"acf":[],"yoast_head":"<!-- This site is optimized with the Yoast SEO Premium plugin v27.2 (Yoast SEO v27.2) - https:\/\/yoast.com\/product\/yoast-seo-premium-wordpress\/ -->\n<title>Hollyland Solidcom C1 Pro-4S (4-person headset System) - koningdrone.be<\/title>\n<meta name=\"robots\" content=\"index, follow, max-snippet:-1, max-image-preview:large, max-video-preview:-1\" \/>\n<link rel=\"canonical\" href=\"https:\/\/koningdrone.be\/de\/produkt\/hollyland-solidcom-c1-pro-4s-4-person-headset-system\/\" \/>\n<meta property=\"og:locale\" content=\"de_DE\" \/>\n<meta property=\"og:type\" content=\"article\" \/>\n<meta property=\"og:title\" content=\"Hollyland Solidcom C1 Pro-4S (4-person headset System)\" \/>\n<meta property=\"og:description\" content=\"Omgevingsgeluid met twee microfoons RuisonderdrukkingBetrouwbare 1,9 GHz DECT 6.0 technologieEcht draadloze headset, geen bodypackComfortabel Headset-ontwerp met \u00e9\u00e9n oorBreed frequentiebereik voor heldere audio1100&#039; 2-weg werkbereikKnop Mute\/PTT of Boom draaien om te dempenUitbreidbaar systeemAchterwaarts compatibel met Solidcom C1\" \/>\n<meta property=\"og:url\" content=\"https:\/\/koningdrone.be\/de\/produkt\/hollyland-solidcom-c1-pro-4s-4-person-headset-system\/\" \/>\n<meta property=\"og:site_name\" content=\"koningdrone.be\" \/>\n<meta property=\"article:modified_time\" content=\"2026-04-29T14:00:29+00:00\" \/>\n<meta property=\"og:image\" content=\"https:\/\/koningdrone.be\/wp-content\/uploads\/sites\/13\/2025\/04\/61jyRgCFw5L._AC_SL1500_.jpg\" \/>\n\t<meta property=\"og:image:width\" content=\"1500\" \/>\n\t<meta property=\"og:image:height\" content=\"1079\" \/>\n\t<meta property=\"og:image:type\" content=\"image\/jpeg\" \/>\n<meta name=\"twitter:card\" content=\"summary_large_image\" \/>\n<meta name=\"twitter:label1\" content=\"Gesch\u00e4tzte Lesezeit\" \/>\n\t<meta name=\"twitter:data1\" content=\"1\u00a0Minute\" \/>\n<script type=\"application\/ld+json\" class=\"yoast-schema-graph\">{\"@context\":\"https:\/\/schema.org\",\"@graph\":[{\"@type\":\"WebPage\",\"@id\":\"https:\/\/koningdrone.be\/product\/hollyland-solidcom-c1-pro-4s-4-person-headset-system\/\",\"url\":\"https:\/\/koningdrone.be\/product\/hollyland-solidcom-c1-pro-4s-4-person-headset-system\/\",\"name\":\"Hollyland Solidcom C1 Pro-4S (4-person headset System) - koningdrone.be\",\"isPartOf\":{\"@id\":\"https:\/\/koningdrone.be\/#website\"},\"primaryImageOfPage\":{\"@id\":\"https:\/\/koningdrone.be\/product\/hollyland-solidcom-c1-pro-4s-4-person-headset-system\/#primaryimage\"},\"image\":{\"@id\":\"https:\/\/koningdrone.be\/product\/hollyland-solidcom-c1-pro-4s-4-person-headset-system\/#primaryimage\"},\"thumbnailUrl\":\"https:\/\/koningdrone.be\/wp-content\/uploads\/sites\/13\/2025\/04\/61jyRgCFw5L._AC_SL1500_.jpg\",\"datePublished\":\"2024-09-05T09:51:50+00:00\",\"dateModified\":\"2026-04-29T14:00:29+00:00\",\"breadcrumb\":{\"@id\":\"https:\/\/koningdrone.be\/product\/hollyland-solidcom-c1-pro-4s-4-person-headset-system\/#breadcrumb\"},\"inLanguage\":\"de\",\"potentialAction\":[{\"@type\":\"ReadAction\",\"target\":[\"https:\/\/koningdrone.be\/product\/hollyland-solidcom-c1-pro-4s-4-person-headset-system\/\"]}]},{\"@type\":\"ImageObject\",\"inLanguage\":\"de\",\"@id\":\"https:\/\/koningdrone.be\/product\/hollyland-solidcom-c1-pro-4s-4-person-headset-system\/#primaryimage\",\"url\":\"https:\/\/koningdrone.be\/wp-content\/uploads\/sites\/13\/2025\/04\/61jyRgCFw5L._AC_SL1500_.jpg\",\"contentUrl\":\"https:\/\/koningdrone.be\/wp-content\/uploads\/sites\/13\/2025\/04\/61jyRgCFw5L._AC_SL1500_.jpg\",\"width\":1500,\"height\":1079},{\"@type\":\"BreadcrumbList\",\"@id\":\"https:\/\/koningdrone.be\/product\/hollyland-solidcom-c1-pro-4s-4-person-headset-system\/#breadcrumb\",\"itemListElement\":[{\"@type\":\"ListItem\",\"position\":1,\"name\":\"Home\",\"item\":\"https:\/\/koningdrone.be\/\"},{\"@type\":\"ListItem\",\"position\":2,\"name\":\"AVSS Parachute Recovery System for DJI Matrice 300\/350\",\"item\":\"https:\/\/koningdrone.be\/product\/avss-parachute-recovery-system-for-dji-matrice-300-350\/\"},{\"@type\":\"ListItem\",\"position\":3,\"name\":\"Alle accessoires\",\"item\":\"https:\/\/koningdrone.be\/categorie\/alle-accessoires\/\"},{\"@type\":\"ListItem\",\"position\":4,\"name\":\"Hollyland Solidcom C1 Pro-4S (4-person headset System)\"}]},{\"@type\":\"WebSite\",\"@id\":\"https:\/\/koningdrone.be\/#website\",\"url\":\"https:\/\/koningdrone.be\/\",\"name\":\"Koningdrone.be - Uw online specialist in drones, gimbals, camera's en power stations.\",\"description\":\"De webshop in drones en gimbals\",\"publisher\":{\"@id\":\"https:\/\/koningdrone.be\/#organization\"},\"potentialAction\":[{\"@type\":\"SearchAction\",\"target\":{\"@type\":\"EntryPoint\",\"urlTemplate\":\"https:\/\/koningdrone.be\/?s={search_term_string}\"},\"query-input\":{\"@type\":\"PropertyValueSpecification\",\"valueRequired\":true,\"valueName\":\"search_term_string\"}}],\"inLanguage\":\"de\"},{\"@type\":\"Organization\",\"@id\":\"https:\/\/koningdrone.be\/#organization\",\"name\":\"Koningdrone.be\",\"url\":\"https:\/\/koningdrone.be\/\",\"logo\":{\"@type\":\"ImageObject\",\"inLanguage\":\"de\",\"@id\":\"https:\/\/koningdrone.be\/#\/schema\/logo\/image\/\",\"url\":\"https:\/\/koningdrone.be\/wp-content\/uploads\/sites\/13\/2025\/04\/koningdrone-copyright-logo.svg\",\"contentUrl\":\"https:\/\/koningdrone.be\/wp-content\/uploads\/sites\/13\/2025\/04\/koningdrone-copyright-logo.svg\",\"width\":227,\"height\":38,\"caption\":\"Koningdrone.be\"},\"image\":{\"@id\":\"https:\/\/koningdrone.be\/#\/schema\/logo\/image\/\"}}]}<\/script>\n<!-- \/ Yoast SEO Premium plugin. -->","yoast_head_json":{"title":"Hollyland Solidcom C1 Pro-4S (4-person headset System) - koningdrone.be","robots":{"index":"index","follow":"follow","max-snippet":"max-snippet:-1","max-image-preview":"max-image-preview:large","max-video-preview":"max-video-preview:-1"},"canonical":"https:\/\/koningdrone.be\/de\/produkt\/hollyland-solidcom-c1-pro-4s-4-person-headset-system\/","og_locale":"de_DE","og_type":"article","og_title":"Hollyland Solidcom C1 Pro-4S (4-person headset System)","og_description":"Omgevingsgeluid met twee microfoons RuisonderdrukkingBetrouwbare 1,9 GHz DECT 6.0 technologieEcht draadloze headset, geen bodypackComfortabel Headset-ontwerp met \u00e9\u00e9n oorBreed frequentiebereik voor heldere audio1100' 2-weg werkbereikKnop Mute\/PTT of Boom draaien om te dempenUitbreidbaar systeemAchterwaarts compatibel met Solidcom C1","og_url":"https:\/\/koningdrone.be\/de\/produkt\/hollyland-solidcom-c1-pro-4s-4-person-headset-system\/","og_site_name":"koningdrone.be","article_modified_time":"2026-04-29T14:00:29+00:00","og_image":[{"width":1500,"height":1079,"url":"https:\/\/koningdrone.be\/wp-content\/uploads\/sites\/13\/2025\/04\/61jyRgCFw5L._AC_SL1500_.jpg","type":"image\/jpeg"}],"twitter_card":"summary_large_image","twitter_misc":{"Gesch\u00e4tzte Lesezeit":"1\u00a0Minute"},"schema":{"@context":"https:\/\/schema.org","@graph":[{"@type":"WebPage","@id":"https:\/\/koningdrone.be\/product\/hollyland-solidcom-c1-pro-4s-4-person-headset-system\/","url":"https:\/\/koningdrone.be\/product\/hollyland-solidcom-c1-pro-4s-4-person-headset-system\/","name":"Hollyland Solidcom C1 Pro-4S (4-person headset System) - koningdrone.be","isPartOf":{"@id":"https:\/\/koningdrone.be\/#website"},"primaryImageOfPage":{"@id":"https:\/\/koningdrone.be\/product\/hollyland-solidcom-c1-pro-4s-4-person-headset-system\/#primaryimage"},"image":{"@id":"https:\/\/koningdrone.be\/product\/hollyland-solidcom-c1-pro-4s-4-person-headset-system\/#primaryimage"},"thumbnailUrl":"https:\/\/koningdrone.be\/wp-content\/uploads\/sites\/13\/2025\/04\/61jyRgCFw5L._AC_SL1500_.jpg","datePublished":"2024-09-05T09:51:50+00:00","dateModified":"2026-04-29T14:00:29+00:00","breadcrumb":{"@id":"https:\/\/koningdrone.be\/product\/hollyland-solidcom-c1-pro-4s-4-person-headset-system\/#breadcrumb"},"inLanguage":"de","potentialAction":[{"@type":"ReadAction","target":["https:\/\/koningdrone.be\/product\/hollyland-solidcom-c1-pro-4s-4-person-headset-system\/"]}]},{"@type":"ImageObject","inLanguage":"de","@id":"https:\/\/koningdrone.be\/product\/hollyland-solidcom-c1-pro-4s-4-person-headset-system\/#primaryimage","url":"https:\/\/koningdrone.be\/wp-content\/uploads\/sites\/13\/2025\/04\/61jyRgCFw5L._AC_SL1500_.jpg","contentUrl":"https:\/\/koningdrone.be\/wp-content\/uploads\/sites\/13\/2025\/04\/61jyRgCFw5L._AC_SL1500_.jpg","width":1500,"height":1079},{"@type":"BreadcrumbList","@id":"https:\/\/koningdrone.be\/product\/hollyland-solidcom-c1-pro-4s-4-person-headset-system\/#breadcrumb","itemListElement":[{"@type":"ListItem","position":1,"name":"Home","item":"https:\/\/koningdrone.be\/"},{"@type":"ListItem","position":2,"name":"AVSS Parachute Recovery System for DJI Matrice 300\/350","item":"https:\/\/koningdrone.be\/product\/avss-parachute-recovery-system-for-dji-matrice-300-350\/"},{"@type":"ListItem","position":3,"name":"Alle accessoires","item":"https:\/\/koningdrone.be\/categorie\/alle-accessoires\/"},{"@type":"ListItem","position":4,"name":"Hollyland Solidcom C1 Pro-4S (4-person headset System)"}]},{"@type":"WebSite","@id":"https:\/\/koningdrone.be\/#website","url":"https:\/\/koningdrone.be\/","name":"Koningdrone.be - Ihr Online-Spezialist f\u00fcr Drohnen, Gimbals, Kameras und Kraftwerke.","description":"Der Webshop f\u00fcr Drohnen und Gimbals","publisher":{"@id":"https:\/\/koningdrone.be\/#organization"},"potentialAction":[{"@type":"SearchAction","target":{"@type":"EntryPoint","urlTemplate":"https:\/\/koningdrone.be\/?s={search_term_string}"},"query-input":{"@type":"PropertyValueSpecification","valueRequired":true,"valueName":"search_term_string"}}],"inLanguage":"de"},{"@type":"Organization","@id":"https:\/\/koningdrone.be\/#organization","name":"Kingdrone.de","url":"https:\/\/koningdrone.be\/","logo":{"@type":"ImageObject","inLanguage":"de","@id":"https:\/\/koningdrone.be\/#\/schema\/logo\/image\/","url":"https:\/\/koningdrone.be\/wp-content\/uploads\/sites\/13\/2025\/04\/koningdrone-copyright-logo.svg","contentUrl":"https:\/\/koningdrone.be\/wp-content\/uploads\/sites\/13\/2025\/04\/koningdrone-copyright-logo.svg","width":227,"height":38,"caption":"Koningdrone.be"},"image":{"@id":"https:\/\/koningdrone.be\/#\/schema\/logo\/image\/"}}]}},"df_price":1426.59,"df_sale_price":"","df_regular_price":1426.59,"df_image_link":"https:\/\/koningdrone.be\/wp-content\/uploads\/sites\/13\/2025\/04\/61jyRgCFw5L._AC_SL1500_-300x216.jpg","_links":{"self":[{"href":"https:\/\/koningdrone.be\/de\/wp-json\/wp\/v2\/product\/3149","targetHints":{"allow":["GET"]}}],"collection":[{"href":"https:\/\/koningdrone.be\/de\/wp-json\/wp\/v2\/product"}],"about":[{"href":"https:\/\/koningdrone.be\/de\/wp-json\/wp\/v2\/types\/product"}],"wp:featuredmedia":[{"embeddable":true,"href":"https:\/\/koningdrone.be\/de\/wp-json\/wp\/v2\/media\/3141"}],"wp:attachment":[{"href":"https:\/\/koningdrone.be\/de\/wp-json\/wp\/v2\/media?parent=3149"}],"wp:term":[{"taxonomy":"product_brand","embeddable":true,"href":"https:\/\/koningdrone.be\/de\/wp-json\/wp\/v2\/product_brand?post=3149"},{"taxonomy":"product_cat","embeddable":true,"href":"https:\/\/koningdrone.be\/de\/wp-json\/wp\/v2\/product_cat?post=3149"},{"taxonomy":"product_tag","embeddable":true,"href":"https:\/\/koningdrone.be\/de\/wp-json\/wp\/v2\/product_tag?post=3149"}],"curies":[{"name":"wp","href":"https:\/\/api.w.org\/{rel}","templated":true}]}}