{"id":3126,"date":"2024-09-05T11:52:32","date_gmt":"2024-09-05T09:52:32","guid":{"rendered":"https:\/\/koningdrone.nl\/kon\/product\/czi-searchlight-and-broadcasting-system-for-m350-lp35\/"},"modified":"2026-04-29T16:10:07","modified_gmt":"2026-04-29T14:10:07","slug":"czi-searchlight-and-broadcasting-system-for-m350-lp35","status":"publish","type":"product","link":"https:\/\/koningdrone.be\/de\/produkt\/czi-searchlight-and-broadcasting-system-for-m350-lp35\/","title":{"rendered":"CZI Suchscheinwerfer und \u00dcbertragungssystem f\u00fcr M350 LP35"},"content":{"rendered":"<p>Das CZI LP35 Suchscheinwerfer- und \u00dcbertragungssystem ist ein Mehrzweckzubeh\u00f6r, das die F\u00e4higkeiten der DJI M300 und M350 RTK-Flugzeuge erweitert. Mit einer Nennleistung von bis zu 60 W kann dieses System einen scharfen Strahl mit einem Winkel von 13\u00b0 und gleichm\u00e4\u00dfiger Helligkeit aussenden, eine Strahlh\u00f6he von 492 Fu\u00df erreichen und eine zentrale Beleuchtung von 6,3 Lux \u00fcber einen effektiven Bereich von 9.870 Quadratfu\u00df liefern.<\/p>","protected":false},"excerpt":{"rendered":"<ul>\n<li>Multifunktional, leicht und handlich<\/li>\n<li>Schnelle Freigabe, benutzerfreundlich und effizient<\/li>\n<li>\u00dcbertragung und Lichteffekt der Spitzenklasse<\/li>\n<\/ul>","protected":false},"featured_media":3121,"template":"","meta":{"_acf_changed":false},"product_brand":[],"product_cat":[268,97,207],"product_tag":[],"class_list":{"0":"post-3126","1":"product","2":"type-product","3":"status-publish","4":"has-post-thumbnail","6":"product_cat-alle-accessoires","7":"product_cat-alle-producten","8":"product_cat-hollyland","9":"product_shipping_class-outofstock","10":"pa_brand-czi","11":"pa_productfamily-drone-toebehoren","12":"pa_producttype-drone-toebehoren","13":"pa_series-matrice-350","15":"first","16":"outofstock","17":"taxable","18":"shipping-taxable","19":"purchasable","20":"product-type-simple"},"acf":[],"yoast_head":"<!-- This site is optimized with the Yoast SEO Premium plugin v27.2 (Yoast SEO v27.2) - https:\/\/yoast.com\/product\/yoast-seo-premium-wordpress\/ -->\n<title>CZI Searchlight and Broadcasting System for M350 LP35 - koningdrone.be<\/title>\n<meta name=\"robots\" content=\"index, follow, max-snippet:-1, max-image-preview:large, max-video-preview:-1\" \/>\n<link rel=\"canonical\" href=\"https:\/\/koningdrone.be\/de\/produkt\/czi-searchlight-and-broadcasting-system-for-m350-lp35\/\" \/>\n<meta property=\"og:locale\" content=\"de_DE\" \/>\n<meta property=\"og:type\" content=\"article\" \/>\n<meta property=\"og:title\" content=\"CZI Searchlight and Broadcasting System for M350 LP35\" \/>\n<meta property=\"og:description\" content=\"Multifunctioneel, lichtgewicht en handigSnel los te maken, gebruiksvriendelijk en effici\u00ebntUitzending en lichteffect van topklasse\" \/>\n<meta property=\"og:url\" content=\"https:\/\/koningdrone.be\/de\/produkt\/czi-searchlight-and-broadcasting-system-for-m350-lp35\/\" \/>\n<meta property=\"og:site_name\" content=\"koningdrone.be\" \/>\n<meta property=\"article:modified_time\" content=\"2026-04-29T14:10:07+00:00\" \/>\n<meta property=\"og:image\" content=\"https:\/\/koningdrone.be\/wp-content\/uploads\/sites\/13\/2025\/04\/7_45b9882f-6d18-45c7-aefc-537156433a12-274128_500x.png\" \/>\n\t<meta property=\"og:image:width\" content=\"500\" \/>\n\t<meta property=\"og:image:height\" content=\"500\" \/>\n\t<meta property=\"og:image:type\" content=\"image\/png\" \/>\n<meta name=\"twitter:card\" content=\"summary_large_image\" \/>\n<script type=\"application\/ld+json\" class=\"yoast-schema-graph\">{\"@context\":\"https:\/\/schema.org\",\"@graph\":[{\"@type\":\"WebPage\",\"@id\":\"https:\/\/koningdrone.be\/product\/czi-searchlight-and-broadcasting-system-for-m350-lp35\/\",\"url\":\"https:\/\/koningdrone.be\/product\/czi-searchlight-and-broadcasting-system-for-m350-lp35\/\",\"name\":\"CZI Searchlight and Broadcasting System for M350 LP35 - koningdrone.be\",\"isPartOf\":{\"@id\":\"https:\/\/koningdrone.be\/#website\"},\"primaryImageOfPage\":{\"@id\":\"https:\/\/koningdrone.be\/product\/czi-searchlight-and-broadcasting-system-for-m350-lp35\/#primaryimage\"},\"image\":{\"@id\":\"https:\/\/koningdrone.be\/product\/czi-searchlight-and-broadcasting-system-for-m350-lp35\/#primaryimage\"},\"thumbnailUrl\":\"https:\/\/koningdrone.be\/wp-content\/uploads\/sites\/13\/2025\/04\/7_45b9882f-6d18-45c7-aefc-537156433a12-274128_500x.png\",\"datePublished\":\"2024-09-05T09:52:32+00:00\",\"dateModified\":\"2026-04-29T14:10:07+00:00\",\"breadcrumb\":{\"@id\":\"https:\/\/koningdrone.be\/product\/czi-searchlight-and-broadcasting-system-for-m350-lp35\/#breadcrumb\"},\"inLanguage\":\"de\",\"potentialAction\":[{\"@type\":\"ReadAction\",\"target\":[\"https:\/\/koningdrone.be\/product\/czi-searchlight-and-broadcasting-system-for-m350-lp35\/\"]}]},{\"@type\":\"ImageObject\",\"inLanguage\":\"de\",\"@id\":\"https:\/\/koningdrone.be\/product\/czi-searchlight-and-broadcasting-system-for-m350-lp35\/#primaryimage\",\"url\":\"https:\/\/koningdrone.be\/wp-content\/uploads\/sites\/13\/2025\/04\/7_45b9882f-6d18-45c7-aefc-537156433a12-274128_500x.png\",\"contentUrl\":\"https:\/\/koningdrone.be\/wp-content\/uploads\/sites\/13\/2025\/04\/7_45b9882f-6d18-45c7-aefc-537156433a12-274128_500x.png\",\"width\":500,\"height\":500},{\"@type\":\"BreadcrumbList\",\"@id\":\"https:\/\/koningdrone.be\/product\/czi-searchlight-and-broadcasting-system-for-m350-lp35\/#breadcrumb\",\"itemListElement\":[{\"@type\":\"ListItem\",\"position\":1,\"name\":\"Home\",\"item\":\"https:\/\/koningdrone.be\/\"},{\"@type\":\"ListItem\",\"position\":2,\"name\":\"AVSS Parachute Recovery System for DJI Matrice 300\/350\",\"item\":\"https:\/\/koningdrone.be\/product\/avss-parachute-recovery-system-for-dji-matrice-300-350\/\"},{\"@type\":\"ListItem\",\"position\":3,\"name\":\"Alle accessoires\",\"item\":\"https:\/\/koningdrone.be\/categorie\/alle-accessoires\/\"},{\"@type\":\"ListItem\",\"position\":4,\"name\":\"CZI Searchlight and Broadcasting System for M350 LP35\"}]},{\"@type\":\"WebSite\",\"@id\":\"https:\/\/koningdrone.be\/#website\",\"url\":\"https:\/\/koningdrone.be\/\",\"name\":\"Koningdrone.be - Uw online specialist in drones, gimbals, camera's en power stations.\",\"description\":\"De webshop in drones en gimbals\",\"publisher\":{\"@id\":\"https:\/\/koningdrone.be\/#organization\"},\"potentialAction\":[{\"@type\":\"SearchAction\",\"target\":{\"@type\":\"EntryPoint\",\"urlTemplate\":\"https:\/\/koningdrone.be\/?s={search_term_string}\"},\"query-input\":{\"@type\":\"PropertyValueSpecification\",\"valueRequired\":true,\"valueName\":\"search_term_string\"}}],\"inLanguage\":\"de\"},{\"@type\":\"Organization\",\"@id\":\"https:\/\/koningdrone.be\/#organization\",\"name\":\"Koningdrone.be\",\"url\":\"https:\/\/koningdrone.be\/\",\"logo\":{\"@type\":\"ImageObject\",\"inLanguage\":\"de\",\"@id\":\"https:\/\/koningdrone.be\/#\/schema\/logo\/image\/\",\"url\":\"https:\/\/koningdrone.be\/wp-content\/uploads\/sites\/13\/2025\/04\/koningdrone-copyright-logo.svg\",\"contentUrl\":\"https:\/\/koningdrone.be\/wp-content\/uploads\/sites\/13\/2025\/04\/koningdrone-copyright-logo.svg\",\"width\":227,\"height\":38,\"caption\":\"Koningdrone.be\"},\"image\":{\"@id\":\"https:\/\/koningdrone.be\/#\/schema\/logo\/image\/\"}}]}<\/script>\n<!-- \/ Yoast SEO Premium plugin. -->","yoast_head_json":{"title":"CZI Searchlight and Broadcasting System for M350 LP35 - koningdrone.be","robots":{"index":"index","follow":"follow","max-snippet":"max-snippet:-1","max-image-preview":"max-image-preview:large","max-video-preview":"max-video-preview:-1"},"canonical":"https:\/\/koningdrone.be\/de\/produkt\/czi-searchlight-and-broadcasting-system-for-m350-lp35\/","og_locale":"de_DE","og_type":"article","og_title":"CZI Searchlight and Broadcasting System for M350 LP35","og_description":"Multifunctioneel, lichtgewicht en handigSnel los te maken, gebruiksvriendelijk en effici\u00ebntUitzending en lichteffect van topklasse","og_url":"https:\/\/koningdrone.be\/de\/produkt\/czi-searchlight-and-broadcasting-system-for-m350-lp35\/","og_site_name":"koningdrone.be","article_modified_time":"2026-04-29T14:10:07+00:00","og_image":[{"width":500,"height":500,"url":"https:\/\/koningdrone.be\/wp-content\/uploads\/sites\/13\/2025\/04\/7_45b9882f-6d18-45c7-aefc-537156433a12-274128_500x.png","type":"image\/png"}],"twitter_card":"summary_large_image","schema":{"@context":"https:\/\/schema.org","@graph":[{"@type":"WebPage","@id":"https:\/\/koningdrone.be\/product\/czi-searchlight-and-broadcasting-system-for-m350-lp35\/","url":"https:\/\/koningdrone.be\/product\/czi-searchlight-and-broadcasting-system-for-m350-lp35\/","name":"CZI Searchlight and Broadcasting System for M350 LP35 - koningdrone.be","isPartOf":{"@id":"https:\/\/koningdrone.be\/#website"},"primaryImageOfPage":{"@id":"https:\/\/koningdrone.be\/product\/czi-searchlight-and-broadcasting-system-for-m350-lp35\/#primaryimage"},"image":{"@id":"https:\/\/koningdrone.be\/product\/czi-searchlight-and-broadcasting-system-for-m350-lp35\/#primaryimage"},"thumbnailUrl":"https:\/\/koningdrone.be\/wp-content\/uploads\/sites\/13\/2025\/04\/7_45b9882f-6d18-45c7-aefc-537156433a12-274128_500x.png","datePublished":"2024-09-05T09:52:32+00:00","dateModified":"2026-04-29T14:10:07+00:00","breadcrumb":{"@id":"https:\/\/koningdrone.be\/product\/czi-searchlight-and-broadcasting-system-for-m350-lp35\/#breadcrumb"},"inLanguage":"de","potentialAction":[{"@type":"ReadAction","target":["https:\/\/koningdrone.be\/product\/czi-searchlight-and-broadcasting-system-for-m350-lp35\/"]}]},{"@type":"ImageObject","inLanguage":"de","@id":"https:\/\/koningdrone.be\/product\/czi-searchlight-and-broadcasting-system-for-m350-lp35\/#primaryimage","url":"https:\/\/koningdrone.be\/wp-content\/uploads\/sites\/13\/2025\/04\/7_45b9882f-6d18-45c7-aefc-537156433a12-274128_500x.png","contentUrl":"https:\/\/koningdrone.be\/wp-content\/uploads\/sites\/13\/2025\/04\/7_45b9882f-6d18-45c7-aefc-537156433a12-274128_500x.png","width":500,"height":500},{"@type":"BreadcrumbList","@id":"https:\/\/koningdrone.be\/product\/czi-searchlight-and-broadcasting-system-for-m350-lp35\/#breadcrumb","itemListElement":[{"@type":"ListItem","position":1,"name":"Home","item":"https:\/\/koningdrone.be\/"},{"@type":"ListItem","position":2,"name":"AVSS Parachute Recovery System for DJI Matrice 300\/350","item":"https:\/\/koningdrone.be\/product\/avss-parachute-recovery-system-for-dji-matrice-300-350\/"},{"@type":"ListItem","position":3,"name":"Alle accessoires","item":"https:\/\/koningdrone.be\/categorie\/alle-accessoires\/"},{"@type":"ListItem","position":4,"name":"CZI Searchlight and Broadcasting System for M350 LP35"}]},{"@type":"WebSite","@id":"https:\/\/koningdrone.be\/#website","url":"https:\/\/koningdrone.be\/","name":"Koningdrone.be - Ihr Online-Spezialist f\u00fcr Drohnen, Gimbals, Kameras und Kraftwerke.","description":"Der Webshop f\u00fcr Drohnen und Gimbals","publisher":{"@id":"https:\/\/koningdrone.be\/#organization"},"potentialAction":[{"@type":"SearchAction","target":{"@type":"EntryPoint","urlTemplate":"https:\/\/koningdrone.be\/?s={search_term_string}"},"query-input":{"@type":"PropertyValueSpecification","valueRequired":true,"valueName":"search_term_string"}}],"inLanguage":"de"},{"@type":"Organization","@id":"https:\/\/koningdrone.be\/#organization","name":"Kingdrone.de","url":"https:\/\/koningdrone.be\/","logo":{"@type":"ImageObject","inLanguage":"de","@id":"https:\/\/koningdrone.be\/#\/schema\/logo\/image\/","url":"https:\/\/koningdrone.be\/wp-content\/uploads\/sites\/13\/2025\/04\/koningdrone-copyright-logo.svg","contentUrl":"https:\/\/koningdrone.be\/wp-content\/uploads\/sites\/13\/2025\/04\/koningdrone-copyright-logo.svg","width":227,"height":38,"caption":"Koningdrone.be"},"image":{"@id":"https:\/\/koningdrone.be\/#\/schema\/logo\/image\/"}}]}},"df_price":3386.79,"df_sale_price":"","df_regular_price":3386.79,"df_image_link":"https:\/\/koningdrone.be\/wp-content\/uploads\/sites\/13\/2025\/04\/7_45b9882f-6d18-45c7-aefc-537156433a12-274128_500x-300x300.png","_links":{"self":[{"href":"https:\/\/koningdrone.be\/de\/wp-json\/wp\/v2\/product\/3126","targetHints":{"allow":["GET"]}}],"collection":[{"href":"https:\/\/koningdrone.be\/de\/wp-json\/wp\/v2\/product"}],"about":[{"href":"https:\/\/koningdrone.be\/de\/wp-json\/wp\/v2\/types\/product"}],"wp:featuredmedia":[{"embeddable":true,"href":"https:\/\/koningdrone.be\/de\/wp-json\/wp\/v2\/media\/3121"}],"wp:attachment":[{"href":"https:\/\/koningdrone.be\/de\/wp-json\/wp\/v2\/media?parent=3126"}],"wp:term":[{"taxonomy":"product_brand","embeddable":true,"href":"https:\/\/koningdrone.be\/de\/wp-json\/wp\/v2\/product_brand?post=3126"},{"taxonomy":"product_cat","embeddable":true,"href":"https:\/\/koningdrone.be\/de\/wp-json\/wp\/v2\/product_cat?post=3126"},{"taxonomy":"product_tag","embeddable":true,"href":"https:\/\/koningdrone.be\/de\/wp-json\/wp\/v2\/product_tag?post=3126"}],"curies":[{"name":"wp","href":"https:\/\/api.w.org\/{rel}","templated":true}]}}