{"id":3093,"date":"2024-09-05T11:52:52","date_gmt":"2024-09-05T09:52:52","guid":{"rendered":"https:\/\/koningdrone.nl\/kon\/product\/insta360-x4-x3-x2-cold-shoe-invisible-mic-cold-shoe-for-rode-wireless-go\/"},"modified":"2026-04-29T04:50:28","modified_gmt":"2026-04-29T02:50:28","slug":"insta360-x4-x3-x2-cold-shoe-invisible-mic-cold-shoe-for-rode-wireless-go","status":"publish","type":"product","link":"https:\/\/koningdrone.be\/de\/produkt\/insta360-x4-x3-x2-cold-shoe-invisible-mic-cold-shoe-for-rode-wireless-go\/","title":{"rendered":"Insta360 X4\/X3\/X2 Cold Shoe Unsichtbarer Mikrofon-Kaltschuh (f\u00fcr R\u00d8DE Wireless GO)"},"content":{"rendered":"<p>Das Insta360 X4\/X3\/X2 Cold Shoe Invisible Mic ist ein unverzichtbares Zubeh\u00f6r f\u00fcr Benutzer des R\u00d8DE Wireless GO-Mikrofons, die ihre Audioaufnahmen auf die n\u00e4chste Stufe heben wollen.<\/p>","protected":false},"excerpt":{"rendered":"<ul>\n<li>Speziell entwickelt f\u00fcr Insta360 X4, X3 und X2 Kameras<\/li>\n<li>Unsichtbare Integration des R\u00d8DE Wireless GO-Mikrofons<\/li>\n<li>Hergestellt aus hochwertigem und langlebigem Material<\/li>\n<li>Einfache werkzeuglose Installation<\/li>\n<li>Ideal f\u00fcr Vlogger, Content Creators und professionelle Filmemacher<\/li>\n<\/ul>","protected":false},"featured_media":3088,"template":"","meta":{"_acf_changed":false},"product_brand":[],"product_cat":[268,97,207],"product_tag":[],"class_list":{"0":"post-3093","1":"product","2":"type-product","3":"status-publish","4":"has-post-thumbnail","6":"product_cat-alle-accessoires","7":"product_cat-alle-producten","8":"product_cat-hollyland","9":"product_shipping_class-europafotoall","10":"pa_brand-insta360","11":"pa_productfamily-accessoires","12":"pa_producttype-accessoires","14":"first","15":"instock","16":"taxable","17":"shipping-taxable","18":"purchasable","19":"product-type-simple"},"acf":[],"yoast_head":"<!-- This site is optimized with the Yoast SEO Premium plugin v27.2 (Yoast SEO v27.2) - https:\/\/yoast.com\/product\/yoast-seo-premium-wordpress\/ -->\n<title>Insta360 X4\/X3\/X2 Cold Shoe Invisible Mic Cold Shoe (for R\u00d8DE Wireless GO) - koningdrone.be<\/title>\n<meta name=\"robots\" content=\"index, follow, max-snippet:-1, max-image-preview:large, max-video-preview:-1\" \/>\n<link rel=\"canonical\" href=\"https:\/\/koningdrone.be\/de\/produkt\/insta360-x4-x3-x2-cold-shoe-invisible-mic-cold-shoe-for-rode-wireless-go\/\" \/>\n<meta property=\"og:locale\" content=\"de_DE\" \/>\n<meta property=\"og:type\" content=\"article\" \/>\n<meta property=\"og:title\" content=\"Insta360 X4\/X3\/X2 Cold Shoe Invisible Mic Cold Shoe (for R\u00d8DE Wireless GO)\" \/>\n<meta property=\"og:description\" content=\"Speciaal ontworpen voor Insta360 X4, X3 en X2 camera&#039;sOnzichtbare integratie van de R\u00d8DE Wireless GO microfoonGemaakt van hoogwaardig en duurzaam materiaalEenvoudige installatie zonder gereedschapIdeaal voor vloggers, content creators en professionele filmmakers\" \/>\n<meta property=\"og:url\" content=\"https:\/\/koningdrone.be\/de\/produkt\/insta360-x4-x3-x2-cold-shoe-invisible-mic-cold-shoe-for-rode-wireless-go\/\" \/>\n<meta property=\"og:site_name\" content=\"koningdrone.be\" \/>\n<meta property=\"article:modified_time\" content=\"2026-04-29T02:50:28+00:00\" \/>\n<meta property=\"og:image\" content=\"https:\/\/koningdrone.be\/wp-content\/uploads\/sites\/13\/2025\/04\/Main-RODE.webp\" \/>\n\t<meta property=\"og:image:width\" content=\"780\" \/>\n\t<meta property=\"og:image:height\" content=\"780\" \/>\n\t<meta property=\"og:image:type\" content=\"image\/webp\" \/>\n<meta name=\"twitter:card\" content=\"summary_large_image\" \/>\n<script type=\"application\/ld+json\" class=\"yoast-schema-graph\">{\"@context\":\"https:\/\/schema.org\",\"@graph\":[{\"@type\":\"WebPage\",\"@id\":\"https:\/\/koningdrone.be\/product\/insta360-x4-x3-x2-cold-shoe-invisible-mic-cold-shoe-for-rode-wireless-go\/\",\"url\":\"https:\/\/koningdrone.be\/product\/insta360-x4-x3-x2-cold-shoe-invisible-mic-cold-shoe-for-rode-wireless-go\/\",\"name\":\"Insta360 X4\/X3\/X2 Cold Shoe Invisible Mic Cold Shoe (for R\u00d8DE Wireless GO) - koningdrone.be\",\"isPartOf\":{\"@id\":\"https:\/\/koningdrone.be\/#website\"},\"primaryImageOfPage\":{\"@id\":\"https:\/\/koningdrone.be\/product\/insta360-x4-x3-x2-cold-shoe-invisible-mic-cold-shoe-for-rode-wireless-go\/#primaryimage\"},\"image\":{\"@id\":\"https:\/\/koningdrone.be\/product\/insta360-x4-x3-x2-cold-shoe-invisible-mic-cold-shoe-for-rode-wireless-go\/#primaryimage\"},\"thumbnailUrl\":\"https:\/\/koningdrone.be\/wp-content\/uploads\/sites\/13\/2025\/04\/Main-RODE.webp\",\"datePublished\":\"2024-09-05T09:52:52+00:00\",\"dateModified\":\"2026-04-29T02:50:28+00:00\",\"breadcrumb\":{\"@id\":\"https:\/\/koningdrone.be\/product\/insta360-x4-x3-x2-cold-shoe-invisible-mic-cold-shoe-for-rode-wireless-go\/#breadcrumb\"},\"inLanguage\":\"de\",\"potentialAction\":[{\"@type\":\"ReadAction\",\"target\":[\"https:\/\/koningdrone.be\/product\/insta360-x4-x3-x2-cold-shoe-invisible-mic-cold-shoe-for-rode-wireless-go\/\"]}]},{\"@type\":\"ImageObject\",\"inLanguage\":\"de\",\"@id\":\"https:\/\/koningdrone.be\/product\/insta360-x4-x3-x2-cold-shoe-invisible-mic-cold-shoe-for-rode-wireless-go\/#primaryimage\",\"url\":\"https:\/\/koningdrone.be\/wp-content\/uploads\/sites\/13\/2025\/04\/Main-RODE.webp\",\"contentUrl\":\"https:\/\/koningdrone.be\/wp-content\/uploads\/sites\/13\/2025\/04\/Main-RODE.webp\",\"width\":780,\"height\":780},{\"@type\":\"BreadcrumbList\",\"@id\":\"https:\/\/koningdrone.be\/product\/insta360-x4-x3-x2-cold-shoe-invisible-mic-cold-shoe-for-rode-wireless-go\/#breadcrumb\",\"itemListElement\":[{\"@type\":\"ListItem\",\"position\":1,\"name\":\"Home\",\"item\":\"https:\/\/koningdrone.be\/\"},{\"@type\":\"ListItem\",\"position\":2,\"name\":\"AVSS Parachute Recovery System for DJI Matrice 300\/350\",\"item\":\"https:\/\/koningdrone.be\/product\/avss-parachute-recovery-system-for-dji-matrice-300-350\/\"},{\"@type\":\"ListItem\",\"position\":3,\"name\":\"Alle accessoires\",\"item\":\"https:\/\/koningdrone.be\/categorie\/alle-accessoires\/\"},{\"@type\":\"ListItem\",\"position\":4,\"name\":\"Insta360 X4\/X3\/X2 Cold Shoe Invisible Mic Cold Shoe (for R\u00d8DE Wireless GO)\"}]},{\"@type\":\"WebSite\",\"@id\":\"https:\/\/koningdrone.be\/#website\",\"url\":\"https:\/\/koningdrone.be\/\",\"name\":\"Koningdrone.be - Uw online specialist in drones, gimbals, camera's en power stations.\",\"description\":\"De webshop in drones en gimbals\",\"publisher\":{\"@id\":\"https:\/\/koningdrone.be\/#organization\"},\"potentialAction\":[{\"@type\":\"SearchAction\",\"target\":{\"@type\":\"EntryPoint\",\"urlTemplate\":\"https:\/\/koningdrone.be\/?s={search_term_string}\"},\"query-input\":{\"@type\":\"PropertyValueSpecification\",\"valueRequired\":true,\"valueName\":\"search_term_string\"}}],\"inLanguage\":\"de\"},{\"@type\":\"Organization\",\"@id\":\"https:\/\/koningdrone.be\/#organization\",\"name\":\"Koningdrone.be\",\"url\":\"https:\/\/koningdrone.be\/\",\"logo\":{\"@type\":\"ImageObject\",\"inLanguage\":\"de\",\"@id\":\"https:\/\/koningdrone.be\/#\/schema\/logo\/image\/\",\"url\":\"https:\/\/koningdrone.be\/wp-content\/uploads\/sites\/13\/2025\/04\/koningdrone-copyright-logo.svg\",\"contentUrl\":\"https:\/\/koningdrone.be\/wp-content\/uploads\/sites\/13\/2025\/04\/koningdrone-copyright-logo.svg\",\"width\":227,\"height\":38,\"caption\":\"Koningdrone.be\"},\"image\":{\"@id\":\"https:\/\/koningdrone.be\/#\/schema\/logo\/image\/\"}}]}<\/script>\n<!-- \/ Yoast SEO Premium plugin. -->","yoast_head_json":{"title":"Insta360 X4\/X3\/X2 Cold Shoe Invisible Mic Cold Shoe (for R\u00d8DE Wireless GO) - koningdrone.be","robots":{"index":"index","follow":"follow","max-snippet":"max-snippet:-1","max-image-preview":"max-image-preview:large","max-video-preview":"max-video-preview:-1"},"canonical":"https:\/\/koningdrone.be\/de\/produkt\/insta360-x4-x3-x2-cold-shoe-invisible-mic-cold-shoe-for-rode-wireless-go\/","og_locale":"de_DE","og_type":"article","og_title":"Insta360 X4\/X3\/X2 Cold Shoe Invisible Mic Cold Shoe (for R\u00d8DE Wireless GO)","og_description":"Speciaal ontworpen voor Insta360 X4, X3 en X2 camera'sOnzichtbare integratie van de R\u00d8DE Wireless GO microfoonGemaakt van hoogwaardig en duurzaam materiaalEenvoudige installatie zonder gereedschapIdeaal voor vloggers, content creators en professionele filmmakers","og_url":"https:\/\/koningdrone.be\/de\/produkt\/insta360-x4-x3-x2-cold-shoe-invisible-mic-cold-shoe-for-rode-wireless-go\/","og_site_name":"koningdrone.be","article_modified_time":"2026-04-29T02:50:28+00:00","og_image":[{"width":780,"height":780,"url":"https:\/\/koningdrone.be\/wp-content\/uploads\/sites\/13\/2025\/04\/Main-RODE.webp","type":"image\/webp"}],"twitter_card":"summary_large_image","schema":{"@context":"https:\/\/schema.org","@graph":[{"@type":"WebPage","@id":"https:\/\/koningdrone.be\/product\/insta360-x4-x3-x2-cold-shoe-invisible-mic-cold-shoe-for-rode-wireless-go\/","url":"https:\/\/koningdrone.be\/product\/insta360-x4-x3-x2-cold-shoe-invisible-mic-cold-shoe-for-rode-wireless-go\/","name":"Insta360 X4\/X3\/X2 Cold Shoe Invisible Mic Cold Shoe (for R\u00d8DE Wireless GO) - koningdrone.be","isPartOf":{"@id":"https:\/\/koningdrone.be\/#website"},"primaryImageOfPage":{"@id":"https:\/\/koningdrone.be\/product\/insta360-x4-x3-x2-cold-shoe-invisible-mic-cold-shoe-for-rode-wireless-go\/#primaryimage"},"image":{"@id":"https:\/\/koningdrone.be\/product\/insta360-x4-x3-x2-cold-shoe-invisible-mic-cold-shoe-for-rode-wireless-go\/#primaryimage"},"thumbnailUrl":"https:\/\/koningdrone.be\/wp-content\/uploads\/sites\/13\/2025\/04\/Main-RODE.webp","datePublished":"2024-09-05T09:52:52+00:00","dateModified":"2026-04-29T02:50:28+00:00","breadcrumb":{"@id":"https:\/\/koningdrone.be\/product\/insta360-x4-x3-x2-cold-shoe-invisible-mic-cold-shoe-for-rode-wireless-go\/#breadcrumb"},"inLanguage":"de","potentialAction":[{"@type":"ReadAction","target":["https:\/\/koningdrone.be\/product\/insta360-x4-x3-x2-cold-shoe-invisible-mic-cold-shoe-for-rode-wireless-go\/"]}]},{"@type":"ImageObject","inLanguage":"de","@id":"https:\/\/koningdrone.be\/product\/insta360-x4-x3-x2-cold-shoe-invisible-mic-cold-shoe-for-rode-wireless-go\/#primaryimage","url":"https:\/\/koningdrone.be\/wp-content\/uploads\/sites\/13\/2025\/04\/Main-RODE.webp","contentUrl":"https:\/\/koningdrone.be\/wp-content\/uploads\/sites\/13\/2025\/04\/Main-RODE.webp","width":780,"height":780},{"@type":"BreadcrumbList","@id":"https:\/\/koningdrone.be\/product\/insta360-x4-x3-x2-cold-shoe-invisible-mic-cold-shoe-for-rode-wireless-go\/#breadcrumb","itemListElement":[{"@type":"ListItem","position":1,"name":"Home","item":"https:\/\/koningdrone.be\/"},{"@type":"ListItem","position":2,"name":"AVSS Parachute Recovery System for DJI Matrice 300\/350","item":"https:\/\/koningdrone.be\/product\/avss-parachute-recovery-system-for-dji-matrice-300-350\/"},{"@type":"ListItem","position":3,"name":"Alle accessoires","item":"https:\/\/koningdrone.be\/categorie\/alle-accessoires\/"},{"@type":"ListItem","position":4,"name":"Insta360 X4\/X3\/X2 Cold Shoe Invisible Mic Cold Shoe (for R\u00d8DE Wireless GO)"}]},{"@type":"WebSite","@id":"https:\/\/koningdrone.be\/#website","url":"https:\/\/koningdrone.be\/","name":"Koningdrone.be - Ihr Online-Spezialist f\u00fcr Drohnen, Gimbals, Kameras und Kraftwerke.","description":"Der Webshop f\u00fcr Drohnen und Gimbals","publisher":{"@id":"https:\/\/koningdrone.be\/#organization"},"potentialAction":[{"@type":"SearchAction","target":{"@type":"EntryPoint","urlTemplate":"https:\/\/koningdrone.be\/?s={search_term_string}"},"query-input":{"@type":"PropertyValueSpecification","valueRequired":true,"valueName":"search_term_string"}}],"inLanguage":"de"},{"@type":"Organization","@id":"https:\/\/koningdrone.be\/#organization","name":"Kingdrone.de","url":"https:\/\/koningdrone.be\/","logo":{"@type":"ImageObject","inLanguage":"de","@id":"https:\/\/koningdrone.be\/#\/schema\/logo\/image\/","url":"https:\/\/koningdrone.be\/wp-content\/uploads\/sites\/13\/2025\/04\/koningdrone-copyright-logo.svg","contentUrl":"https:\/\/koningdrone.be\/wp-content\/uploads\/sites\/13\/2025\/04\/koningdrone-copyright-logo.svg","width":227,"height":38,"caption":"Koningdrone.be"},"image":{"@id":"https:\/\/koningdrone.be\/#\/schema\/logo\/image\/"}}]}},"df_price":32,"df_sale_price":"","df_regular_price":32,"df_image_link":"https:\/\/koningdrone.be\/wp-content\/uploads\/sites\/13\/2025\/04\/Main-RODE-300x300.webp","_links":{"self":[{"href":"https:\/\/koningdrone.be\/de\/wp-json\/wp\/v2\/product\/3093","targetHints":{"allow":["GET"]}}],"collection":[{"href":"https:\/\/koningdrone.be\/de\/wp-json\/wp\/v2\/product"}],"about":[{"href":"https:\/\/koningdrone.be\/de\/wp-json\/wp\/v2\/types\/product"}],"wp:featuredmedia":[{"embeddable":true,"href":"https:\/\/koningdrone.be\/de\/wp-json\/wp\/v2\/media\/3088"}],"wp:attachment":[{"href":"https:\/\/koningdrone.be\/de\/wp-json\/wp\/v2\/media?parent=3093"}],"wp:term":[{"taxonomy":"product_brand","embeddable":true,"href":"https:\/\/koningdrone.be\/de\/wp-json\/wp\/v2\/product_brand?post=3093"},{"taxonomy":"product_cat","embeddable":true,"href":"https:\/\/koningdrone.be\/de\/wp-json\/wp\/v2\/product_cat?post=3093"},{"taxonomy":"product_tag","embeddable":true,"href":"https:\/\/koningdrone.be\/de\/wp-json\/wp\/v2\/product_tag?post=3093"}],"curies":[{"name":"wp","href":"https:\/\/api.w.org\/{rel}","templated":true}]}}