{"id":3070,"date":"2024-09-05T11:53:16","date_gmt":"2024-09-05T09:53:16","guid":{"rendered":"https:\/\/koningdrone.nl\/kon\/product\/hollyland-pyro-s-wireless-video-transmitter\/"},"modified":"2026-04-29T16:00:58","modified_gmt":"2026-04-29T14:00:58","slug":"hollyland-pyro-s-wireless-video-transmitter","status":"publish","type":"product","link":"https:\/\/koningdrone.be\/de\/produkt\/hollyland-pyro-s-wireless-video-transmitter\/","title":{"rendered":"Hollyland Pyro S Drahtloser Video-Sender"},"content":{"rendered":"<p>Der drahtlose Videosender Hollyland Pyro S TX ist ein Hochleistungsger\u00e4t, das f\u00fcr eine nahtlose Video\u00fcbertragung konzipiert wurde. Mit HDMI- und BNC- (3G-SDI) Ein- und Ausg\u00e4ngen bietet er vielseitige Anschlussm\u00f6glichkeiten. Mit einer geringen Latenz von nur 50 ms sorgt er f\u00fcr ein reibungsloses und zuverl\u00e4ssiges Videostreaming. Der Pyro S TX unterst\u00fctzt eine Reihe von Videoformaten, darunter UHD 4K und verschiedene HD-Aufl\u00f6sungen, und eignet sich damit f\u00fcr professionelle Videoanwendungen. Er verbraucht 11 W Leistung und ist \u00fcber ein 1\/4\u2033-20-Innengewinde montierbar. Dieser Sender ist ideal f\u00fcr alle, die eine hochwertige Echtzeit-Video\u00fcbertragung in anspruchsvollen Umgebungen ben\u00f6tigen.<\/p>","protected":false},"excerpt":{"rendered":"<ul>\n<li>Der drahtlose Videosender Hollyland Pyro S TX bietet vielseitige Anschlussm\u00f6glichkeiten mit HDMI- und BNC-Eing\u00e4ngen und -Ausg\u00e4ngen (3G-SDI), eine extrem niedrige Latenzzeit von 50 ms und unterst\u00fctzt UHD 4K- und HD-Aufl\u00f6sungen, was ihn zu einer zuverl\u00e4ssigen Wahl f\u00fcr die professionelle Video\u00fcbertragung macht.<\/li>\n<\/ul>","protected":false},"featured_media":3069,"template":"","meta":{"_acf_changed":false},"product_brand":[],"product_cat":[268,97,207],"product_tag":[],"class_list":{"0":"post-3070","1":"product","2":"type-product","3":"status-publish","4":"has-post-thumbnail","6":"product_cat-alle-accessoires","7":"product_cat-alle-producten","8":"product_cat-hollyland","9":"product_shipping_class-outofstock","10":"pa_brand-hollyland","11":"pa_productfamily-videozender","12":"pa_producttype-videozender","13":"pa_series-pyro-s","15":"first","16":"outofstock","17":"taxable","18":"shipping-taxable","19":"purchasable","20":"product-type-simple"},"acf":[],"yoast_head":"<!-- This site is optimized with the Yoast SEO Premium plugin v27.2 (Yoast SEO v27.2) - https:\/\/yoast.com\/product\/yoast-seo-premium-wordpress\/ -->\n<title>Hollyland Pyro S Wireless Video Transmitter - koningdrone.be<\/title>\n<meta name=\"robots\" content=\"index, follow, max-snippet:-1, max-image-preview:large, max-video-preview:-1\" \/>\n<link rel=\"canonical\" href=\"https:\/\/koningdrone.be\/de\/produkt\/hollyland-pyro-s-wireless-video-transmitter\/\" \/>\n<meta property=\"og:locale\" content=\"de_DE\" \/>\n<meta property=\"og:type\" content=\"article\" \/>\n<meta property=\"og:title\" content=\"Hollyland Pyro S Wireless Video Transmitter\" \/>\n<meta property=\"og:description\" content=\"De Hollyland Pyro S TX draadloze videozender biedt veelzijdige aansluitmogelijkheden met HDMI- en BNC-ingangen en -uitgangen (3G-SDI), een ultralage latentie van 50 ms en ondersteunt UHD 4K- en HD-resoluties, waardoor het een betrouwbare keuze is voor professionele video-overdracht.\" \/>\n<meta property=\"og:url\" content=\"https:\/\/koningdrone.be\/de\/produkt\/hollyland-pyro-s-wireless-video-transmitter\/\" \/>\n<meta property=\"og:site_name\" content=\"koningdrone.be\" \/>\n<meta property=\"article:modified_time\" content=\"2026-04-29T14:00:58+00:00\" \/>\n<meta property=\"og:image\" content=\"https:\/\/koningdrone.be\/wp-content\/uploads\/sites\/13\/2025\/04\/Hollyland-Pyro-S-TX_1920x1920.jpg\" \/>\n\t<meta property=\"og:image:width\" content=\"657\" \/>\n\t<meta property=\"og:image:height\" content=\"936\" \/>\n\t<meta property=\"og:image:type\" content=\"image\/jpeg\" \/>\n<meta name=\"twitter:card\" content=\"summary_large_image\" \/>\n<script type=\"application\/ld+json\" class=\"yoast-schema-graph\">{\"@context\":\"https:\/\/schema.org\",\"@graph\":[{\"@type\":\"WebPage\",\"@id\":\"https:\/\/koningdrone.be\/product\/hollyland-pyro-s-wireless-video-transmitter\/\",\"url\":\"https:\/\/koningdrone.be\/product\/hollyland-pyro-s-wireless-video-transmitter\/\",\"name\":\"Hollyland Pyro S Wireless Video Transmitter - koningdrone.be\",\"isPartOf\":{\"@id\":\"https:\/\/koningdrone.be\/#website\"},\"primaryImageOfPage\":{\"@id\":\"https:\/\/koningdrone.be\/product\/hollyland-pyro-s-wireless-video-transmitter\/#primaryimage\"},\"image\":{\"@id\":\"https:\/\/koningdrone.be\/product\/hollyland-pyro-s-wireless-video-transmitter\/#primaryimage\"},\"thumbnailUrl\":\"https:\/\/koningdrone.be\/wp-content\/uploads\/sites\/13\/2025\/04\/Hollyland-Pyro-S-TX_1920x1920.jpg\",\"datePublished\":\"2024-09-05T09:53:16+00:00\",\"dateModified\":\"2026-04-29T14:00:58+00:00\",\"breadcrumb\":{\"@id\":\"https:\/\/koningdrone.be\/product\/hollyland-pyro-s-wireless-video-transmitter\/#breadcrumb\"},\"inLanguage\":\"de\",\"potentialAction\":[{\"@type\":\"ReadAction\",\"target\":[\"https:\/\/koningdrone.be\/product\/hollyland-pyro-s-wireless-video-transmitter\/\"]}]},{\"@type\":\"ImageObject\",\"inLanguage\":\"de\",\"@id\":\"https:\/\/koningdrone.be\/product\/hollyland-pyro-s-wireless-video-transmitter\/#primaryimage\",\"url\":\"https:\/\/koningdrone.be\/wp-content\/uploads\/sites\/13\/2025\/04\/Hollyland-Pyro-S-TX_1920x1920.jpg\",\"contentUrl\":\"https:\/\/koningdrone.be\/wp-content\/uploads\/sites\/13\/2025\/04\/Hollyland-Pyro-S-TX_1920x1920.jpg\",\"width\":657,\"height\":936},{\"@type\":\"BreadcrumbList\",\"@id\":\"https:\/\/koningdrone.be\/product\/hollyland-pyro-s-wireless-video-transmitter\/#breadcrumb\",\"itemListElement\":[{\"@type\":\"ListItem\",\"position\":1,\"name\":\"Home\",\"item\":\"https:\/\/koningdrone.be\/\"},{\"@type\":\"ListItem\",\"position\":2,\"name\":\"AVSS Parachute Recovery System for DJI Matrice 300\/350\",\"item\":\"https:\/\/koningdrone.be\/product\/avss-parachute-recovery-system-for-dji-matrice-300-350\/\"},{\"@type\":\"ListItem\",\"position\":3,\"name\":\"Alle accessoires\",\"item\":\"https:\/\/koningdrone.be\/categorie\/alle-accessoires\/\"},{\"@type\":\"ListItem\",\"position\":4,\"name\":\"Hollyland Pyro S Wireless Video Transmitter\"}]},{\"@type\":\"WebSite\",\"@id\":\"https:\/\/koningdrone.be\/#website\",\"url\":\"https:\/\/koningdrone.be\/\",\"name\":\"Koningdrone.be - Uw online specialist in drones, gimbals, camera's en power stations.\",\"description\":\"De webshop in drones en gimbals\",\"publisher\":{\"@id\":\"https:\/\/koningdrone.be\/#organization\"},\"potentialAction\":[{\"@type\":\"SearchAction\",\"target\":{\"@type\":\"EntryPoint\",\"urlTemplate\":\"https:\/\/koningdrone.be\/?s={search_term_string}\"},\"query-input\":{\"@type\":\"PropertyValueSpecification\",\"valueRequired\":true,\"valueName\":\"search_term_string\"}}],\"inLanguage\":\"de\"},{\"@type\":\"Organization\",\"@id\":\"https:\/\/koningdrone.be\/#organization\",\"name\":\"Koningdrone.be\",\"url\":\"https:\/\/koningdrone.be\/\",\"logo\":{\"@type\":\"ImageObject\",\"inLanguage\":\"de\",\"@id\":\"https:\/\/koningdrone.be\/#\/schema\/logo\/image\/\",\"url\":\"https:\/\/koningdrone.be\/wp-content\/uploads\/sites\/13\/2025\/04\/koningdrone-copyright-logo.svg\",\"contentUrl\":\"https:\/\/koningdrone.be\/wp-content\/uploads\/sites\/13\/2025\/04\/koningdrone-copyright-logo.svg\",\"width\":227,\"height\":38,\"caption\":\"Koningdrone.be\"},\"image\":{\"@id\":\"https:\/\/koningdrone.be\/#\/schema\/logo\/image\/\"}}]}<\/script>\n<!-- \/ Yoast SEO Premium plugin. -->","yoast_head_json":{"title":"Hollyland Pyro S Wireless Video Transmitter - koningdrone.be","robots":{"index":"index","follow":"follow","max-snippet":"max-snippet:-1","max-image-preview":"max-image-preview:large","max-video-preview":"max-video-preview:-1"},"canonical":"https:\/\/koningdrone.be\/de\/produkt\/hollyland-pyro-s-wireless-video-transmitter\/","og_locale":"de_DE","og_type":"article","og_title":"Hollyland Pyro S Wireless Video Transmitter","og_description":"De Hollyland Pyro S TX draadloze videozender biedt veelzijdige aansluitmogelijkheden met HDMI- en BNC-ingangen en -uitgangen (3G-SDI), een ultralage latentie van 50 ms en ondersteunt UHD 4K- en HD-resoluties, waardoor het een betrouwbare keuze is voor professionele video-overdracht.","og_url":"https:\/\/koningdrone.be\/de\/produkt\/hollyland-pyro-s-wireless-video-transmitter\/","og_site_name":"koningdrone.be","article_modified_time":"2026-04-29T14:00:58+00:00","og_image":[{"width":657,"height":936,"url":"https:\/\/koningdrone.be\/wp-content\/uploads\/sites\/13\/2025\/04\/Hollyland-Pyro-S-TX_1920x1920.jpg","type":"image\/jpeg"}],"twitter_card":"summary_large_image","schema":{"@context":"https:\/\/schema.org","@graph":[{"@type":"WebPage","@id":"https:\/\/koningdrone.be\/product\/hollyland-pyro-s-wireless-video-transmitter\/","url":"https:\/\/koningdrone.be\/product\/hollyland-pyro-s-wireless-video-transmitter\/","name":"Hollyland Pyro S Wireless Video Transmitter - koningdrone.be","isPartOf":{"@id":"https:\/\/koningdrone.be\/#website"},"primaryImageOfPage":{"@id":"https:\/\/koningdrone.be\/product\/hollyland-pyro-s-wireless-video-transmitter\/#primaryimage"},"image":{"@id":"https:\/\/koningdrone.be\/product\/hollyland-pyro-s-wireless-video-transmitter\/#primaryimage"},"thumbnailUrl":"https:\/\/koningdrone.be\/wp-content\/uploads\/sites\/13\/2025\/04\/Hollyland-Pyro-S-TX_1920x1920.jpg","datePublished":"2024-09-05T09:53:16+00:00","dateModified":"2026-04-29T14:00:58+00:00","breadcrumb":{"@id":"https:\/\/koningdrone.be\/product\/hollyland-pyro-s-wireless-video-transmitter\/#breadcrumb"},"inLanguage":"de","potentialAction":[{"@type":"ReadAction","target":["https:\/\/koningdrone.be\/product\/hollyland-pyro-s-wireless-video-transmitter\/"]}]},{"@type":"ImageObject","inLanguage":"de","@id":"https:\/\/koningdrone.be\/product\/hollyland-pyro-s-wireless-video-transmitter\/#primaryimage","url":"https:\/\/koningdrone.be\/wp-content\/uploads\/sites\/13\/2025\/04\/Hollyland-Pyro-S-TX_1920x1920.jpg","contentUrl":"https:\/\/koningdrone.be\/wp-content\/uploads\/sites\/13\/2025\/04\/Hollyland-Pyro-S-TX_1920x1920.jpg","width":657,"height":936},{"@type":"BreadcrumbList","@id":"https:\/\/koningdrone.be\/product\/hollyland-pyro-s-wireless-video-transmitter\/#breadcrumb","itemListElement":[{"@type":"ListItem","position":1,"name":"Home","item":"https:\/\/koningdrone.be\/"},{"@type":"ListItem","position":2,"name":"AVSS Parachute Recovery System for DJI Matrice 300\/350","item":"https:\/\/koningdrone.be\/product\/avss-parachute-recovery-system-for-dji-matrice-300-350\/"},{"@type":"ListItem","position":3,"name":"Alle accessoires","item":"https:\/\/koningdrone.be\/categorie\/alle-accessoires\/"},{"@type":"ListItem","position":4,"name":"Hollyland Pyro S Wireless Video Transmitter"}]},{"@type":"WebSite","@id":"https:\/\/koningdrone.be\/#website","url":"https:\/\/koningdrone.be\/","name":"Koningdrone.be - Ihr Online-Spezialist f\u00fcr Drohnen, Gimbals, Kameras und Kraftwerke.","description":"Der Webshop f\u00fcr Drohnen und Gimbals","publisher":{"@id":"https:\/\/koningdrone.be\/#organization"},"potentialAction":[{"@type":"SearchAction","target":{"@type":"EntryPoint","urlTemplate":"https:\/\/koningdrone.be\/?s={search_term_string}"},"query-input":{"@type":"PropertyValueSpecification","valueRequired":true,"valueName":"search_term_string"}}],"inLanguage":"de"},{"@type":"Organization","@id":"https:\/\/koningdrone.be\/#organization","name":"Kingdrone.de","url":"https:\/\/koningdrone.be\/","logo":{"@type":"ImageObject","inLanguage":"de","@id":"https:\/\/koningdrone.be\/#\/schema\/logo\/image\/","url":"https:\/\/koningdrone.be\/wp-content\/uploads\/sites\/13\/2025\/04\/koningdrone-copyright-logo.svg","contentUrl":"https:\/\/koningdrone.be\/wp-content\/uploads\/sites\/13\/2025\/04\/koningdrone-copyright-logo.svg","width":227,"height":38,"caption":"Koningdrone.be"},"image":{"@id":"https:\/\/koningdrone.be\/#\/schema\/logo\/image\/"}}]}},"df_price":385.99,"df_sale_price":"","df_regular_price":385.99,"df_image_link":"https:\/\/koningdrone.be\/wp-content\/uploads\/sites\/13\/2025\/04\/Hollyland-Pyro-S-TX_1920x1920-211x300.jpg","_links":{"self":[{"href":"https:\/\/koningdrone.be\/de\/wp-json\/wp\/v2\/product\/3070","targetHints":{"allow":["GET"]}}],"collection":[{"href":"https:\/\/koningdrone.be\/de\/wp-json\/wp\/v2\/product"}],"about":[{"href":"https:\/\/koningdrone.be\/de\/wp-json\/wp\/v2\/types\/product"}],"wp:featuredmedia":[{"embeddable":true,"href":"https:\/\/koningdrone.be\/de\/wp-json\/wp\/v2\/media\/3069"}],"wp:attachment":[{"href":"https:\/\/koningdrone.be\/de\/wp-json\/wp\/v2\/media?parent=3070"}],"wp:term":[{"taxonomy":"product_brand","embeddable":true,"href":"https:\/\/koningdrone.be\/de\/wp-json\/wp\/v2\/product_brand?post=3070"},{"taxonomy":"product_cat","embeddable":true,"href":"https:\/\/koningdrone.be\/de\/wp-json\/wp\/v2\/product_cat?post=3070"},{"taxonomy":"product_tag","embeddable":true,"href":"https:\/\/koningdrone.be\/de\/wp-json\/wp\/v2\/product_tag?post=3070"}],"curies":[{"name":"wp","href":"https:\/\/api.w.org\/{rel}","templated":true}]}}