{"id":3057,"date":"2024-09-05T11:53:41","date_gmt":"2024-09-05T09:53:41","guid":{"rendered":"https:\/\/koningdrone.nl\/kon\/product\/hollyland-pyro-s-wireless-video-receiver\/"},"modified":"2026-04-29T16:00:59","modified_gmt":"2026-04-29T14:00:59","slug":"hollyland-pyro-s-wireless-video-receiver","status":"publish","type":"product","link":"https:\/\/koningdrone.be\/de\/produkt\/hollyland-pyro-s-wireless-video-receiver\/","title":{"rendered":"Hollyland Pyro S Drahtloser Videoempf\u00e4nger"},"content":{"rendered":"<p>Der drahtlose Videoempf\u00e4nger Hollyland Pyro S RX ist ein Hochleistungsger\u00e4t, das als Erg\u00e4nzung zum Sender Pyro S TX entwickelt wurde. Er verf\u00fcgt \u00fcber HDMI- und BNC-Ausg\u00e4nge (3G-SDI) f\u00fcr vielseitige Videoanschl\u00fcsse. Mit Unterst\u00fctzung f\u00fcr UHD 4K und verschiedene HD-Aufl\u00f6sungen bietet er klaren Videoempfang in Echtzeit mit minimaler Verz\u00f6gerung. Der Empf\u00e4nger ist ideal f\u00fcr professionelle Videoanwendungen und bietet eine zuverl\u00e4ssige Leistung und nahtlose Integration mit kompatiblen Sendern. Die Leistungsaufnahme betr\u00e4gt 8 W und er l\u00e4sst sich einfach mit einem 1\/4\u2033-20-Innengewinde anschlie\u00dfen.<\/p>","protected":false},"excerpt":{"rendered":"<ul>\n<li>Der drahtlose Videoempf\u00e4nger Hollyland Pyro S RX ist nahtlos in den Pyro S TX integriert und bietet eine reibungslose und zuverl\u00e4ssige Video\u00fcbertragung mit minimalen Installationsproblemen.<\/li>\n<\/ul>","protected":false},"featured_media":3055,"template":"","meta":{"_acf_changed":false},"product_brand":[],"product_cat":[268,97,207],"product_tag":[],"class_list":{"0":"post-3057","1":"product","2":"type-product","3":"status-publish","4":"has-post-thumbnail","6":"product_cat-alle-accessoires","7":"product_cat-alle-producten","8":"product_cat-hollyland","9":"product_shipping_class-outofstock","10":"pa_brand-hollyland","11":"pa_productfamily-video-ontvanger","12":"pa_producttype-video-ontvanger","13":"pa_series-pyro-s","15":"first","16":"outofstock","17":"taxable","18":"shipping-taxable","19":"purchasable","20":"product-type-simple"},"acf":[],"yoast_head":"<!-- This site is optimized with the Yoast SEO Premium plugin v27.2 (Yoast SEO v27.2) - https:\/\/yoast.com\/product\/yoast-seo-premium-wordpress\/ -->\n<title>Hollyland Pyro S Wireless Video Receiver - koningdrone.be<\/title>\n<meta name=\"robots\" content=\"index, follow, max-snippet:-1, max-image-preview:large, max-video-preview:-1\" \/>\n<link rel=\"canonical\" href=\"https:\/\/koningdrone.be\/de\/produkt\/hollyland-pyro-s-wireless-video-receiver\/\" \/>\n<meta property=\"og:locale\" content=\"de_DE\" \/>\n<meta property=\"og:type\" content=\"article\" \/>\n<meta property=\"og:title\" content=\"Hollyland Pyro S Wireless Video Receiver\" \/>\n<meta property=\"og:description\" content=\"De Hollyland Pyro S RX draadloze video-ontvanger is naadloos ge\u00efntegreerd met de Pyro S TX en zorgt voor een soepele en betrouwbare videotransmissie met minimale installatieproblemen.\" \/>\n<meta property=\"og:url\" content=\"https:\/\/koningdrone.be\/de\/produkt\/hollyland-pyro-s-wireless-video-receiver\/\" \/>\n<meta property=\"og:site_name\" content=\"koningdrone.be\" \/>\n<meta property=\"article:modified_time\" content=\"2026-04-29T14:00:59+00:00\" \/>\n<meta property=\"og:image\" content=\"https:\/\/koningdrone.be\/wp-content\/uploads\/sites\/13\/2025\/04\/633x613-4.png\" \/>\n\t<meta property=\"og:image:width\" content=\"614\" \/>\n\t<meta property=\"og:image:height\" content=\"594\" \/>\n\t<meta property=\"og:image:type\" content=\"image\/png\" \/>\n<meta name=\"twitter:card\" content=\"summary_large_image\" \/>\n<script type=\"application\/ld+json\" class=\"yoast-schema-graph\">{\"@context\":\"https:\/\/schema.org\",\"@graph\":[{\"@type\":\"WebPage\",\"@id\":\"https:\/\/koningdrone.be\/product\/hollyland-pyro-s-wireless-video-receiver\/\",\"url\":\"https:\/\/koningdrone.be\/product\/hollyland-pyro-s-wireless-video-receiver\/\",\"name\":\"Hollyland Pyro S Wireless Video Receiver - koningdrone.be\",\"isPartOf\":{\"@id\":\"https:\/\/koningdrone.be\/#website\"},\"primaryImageOfPage\":{\"@id\":\"https:\/\/koningdrone.be\/product\/hollyland-pyro-s-wireless-video-receiver\/#primaryimage\"},\"image\":{\"@id\":\"https:\/\/koningdrone.be\/product\/hollyland-pyro-s-wireless-video-receiver\/#primaryimage\"},\"thumbnailUrl\":\"https:\/\/koningdrone.be\/wp-content\/uploads\/sites\/13\/2025\/04\/633x613-4.png\",\"datePublished\":\"2024-09-05T09:53:41+00:00\",\"dateModified\":\"2026-04-29T14:00:59+00:00\",\"breadcrumb\":{\"@id\":\"https:\/\/koningdrone.be\/product\/hollyland-pyro-s-wireless-video-receiver\/#breadcrumb\"},\"inLanguage\":\"de\",\"potentialAction\":[{\"@type\":\"ReadAction\",\"target\":[\"https:\/\/koningdrone.be\/product\/hollyland-pyro-s-wireless-video-receiver\/\"]}]},{\"@type\":\"ImageObject\",\"inLanguage\":\"de\",\"@id\":\"https:\/\/koningdrone.be\/product\/hollyland-pyro-s-wireless-video-receiver\/#primaryimage\",\"url\":\"https:\/\/koningdrone.be\/wp-content\/uploads\/sites\/13\/2025\/04\/633x613-4.png\",\"contentUrl\":\"https:\/\/koningdrone.be\/wp-content\/uploads\/sites\/13\/2025\/04\/633x613-4.png\",\"width\":614,\"height\":594},{\"@type\":\"BreadcrumbList\",\"@id\":\"https:\/\/koningdrone.be\/product\/hollyland-pyro-s-wireless-video-receiver\/#breadcrumb\",\"itemListElement\":[{\"@type\":\"ListItem\",\"position\":1,\"name\":\"Home\",\"item\":\"https:\/\/koningdrone.be\/\"},{\"@type\":\"ListItem\",\"position\":2,\"name\":\"AVSS Parachute Recovery System for DJI Matrice 300\/350\",\"item\":\"https:\/\/koningdrone.be\/product\/avss-parachute-recovery-system-for-dji-matrice-300-350\/\"},{\"@type\":\"ListItem\",\"position\":3,\"name\":\"Alle accessoires\",\"item\":\"https:\/\/koningdrone.be\/categorie\/alle-accessoires\/\"},{\"@type\":\"ListItem\",\"position\":4,\"name\":\"Hollyland Pyro S Wireless Video Receiver\"}]},{\"@type\":\"WebSite\",\"@id\":\"https:\/\/koningdrone.be\/#website\",\"url\":\"https:\/\/koningdrone.be\/\",\"name\":\"Koningdrone.be - Uw online specialist in drones, gimbals, camera's en power stations.\",\"description\":\"De webshop in drones en gimbals\",\"publisher\":{\"@id\":\"https:\/\/koningdrone.be\/#organization\"},\"potentialAction\":[{\"@type\":\"SearchAction\",\"target\":{\"@type\":\"EntryPoint\",\"urlTemplate\":\"https:\/\/koningdrone.be\/?s={search_term_string}\"},\"query-input\":{\"@type\":\"PropertyValueSpecification\",\"valueRequired\":true,\"valueName\":\"search_term_string\"}}],\"inLanguage\":\"de\"},{\"@type\":\"Organization\",\"@id\":\"https:\/\/koningdrone.be\/#organization\",\"name\":\"Koningdrone.be\",\"url\":\"https:\/\/koningdrone.be\/\",\"logo\":{\"@type\":\"ImageObject\",\"inLanguage\":\"de\",\"@id\":\"https:\/\/koningdrone.be\/#\/schema\/logo\/image\/\",\"url\":\"https:\/\/koningdrone.be\/wp-content\/uploads\/sites\/13\/2025\/04\/koningdrone-copyright-logo.svg\",\"contentUrl\":\"https:\/\/koningdrone.be\/wp-content\/uploads\/sites\/13\/2025\/04\/koningdrone-copyright-logo.svg\",\"width\":227,\"height\":38,\"caption\":\"Koningdrone.be\"},\"image\":{\"@id\":\"https:\/\/koningdrone.be\/#\/schema\/logo\/image\/\"}}]}<\/script>\n<!-- \/ Yoast SEO Premium plugin. -->","yoast_head_json":{"title":"Hollyland Pyro S Wireless Video Receiver - koningdrone.be","robots":{"index":"index","follow":"follow","max-snippet":"max-snippet:-1","max-image-preview":"max-image-preview:large","max-video-preview":"max-video-preview:-1"},"canonical":"https:\/\/koningdrone.be\/de\/produkt\/hollyland-pyro-s-wireless-video-receiver\/","og_locale":"de_DE","og_type":"article","og_title":"Hollyland Pyro S Wireless Video Receiver","og_description":"De Hollyland Pyro S RX draadloze video-ontvanger is naadloos ge\u00efntegreerd met de Pyro S TX en zorgt voor een soepele en betrouwbare videotransmissie met minimale installatieproblemen.","og_url":"https:\/\/koningdrone.be\/de\/produkt\/hollyland-pyro-s-wireless-video-receiver\/","og_site_name":"koningdrone.be","article_modified_time":"2026-04-29T14:00:59+00:00","og_image":[{"width":614,"height":594,"url":"https:\/\/koningdrone.be\/wp-content\/uploads\/sites\/13\/2025\/04\/633x613-4.png","type":"image\/png"}],"twitter_card":"summary_large_image","schema":{"@context":"https:\/\/schema.org","@graph":[{"@type":"WebPage","@id":"https:\/\/koningdrone.be\/product\/hollyland-pyro-s-wireless-video-receiver\/","url":"https:\/\/koningdrone.be\/product\/hollyland-pyro-s-wireless-video-receiver\/","name":"Hollyland Pyro S Wireless Video Receiver - koningdrone.be","isPartOf":{"@id":"https:\/\/koningdrone.be\/#website"},"primaryImageOfPage":{"@id":"https:\/\/koningdrone.be\/product\/hollyland-pyro-s-wireless-video-receiver\/#primaryimage"},"image":{"@id":"https:\/\/koningdrone.be\/product\/hollyland-pyro-s-wireless-video-receiver\/#primaryimage"},"thumbnailUrl":"https:\/\/koningdrone.be\/wp-content\/uploads\/sites\/13\/2025\/04\/633x613-4.png","datePublished":"2024-09-05T09:53:41+00:00","dateModified":"2026-04-29T14:00:59+00:00","breadcrumb":{"@id":"https:\/\/koningdrone.be\/product\/hollyland-pyro-s-wireless-video-receiver\/#breadcrumb"},"inLanguage":"de","potentialAction":[{"@type":"ReadAction","target":["https:\/\/koningdrone.be\/product\/hollyland-pyro-s-wireless-video-receiver\/"]}]},{"@type":"ImageObject","inLanguage":"de","@id":"https:\/\/koningdrone.be\/product\/hollyland-pyro-s-wireless-video-receiver\/#primaryimage","url":"https:\/\/koningdrone.be\/wp-content\/uploads\/sites\/13\/2025\/04\/633x613-4.png","contentUrl":"https:\/\/koningdrone.be\/wp-content\/uploads\/sites\/13\/2025\/04\/633x613-4.png","width":614,"height":594},{"@type":"BreadcrumbList","@id":"https:\/\/koningdrone.be\/product\/hollyland-pyro-s-wireless-video-receiver\/#breadcrumb","itemListElement":[{"@type":"ListItem","position":1,"name":"Home","item":"https:\/\/koningdrone.be\/"},{"@type":"ListItem","position":2,"name":"AVSS Parachute Recovery System for DJI Matrice 300\/350","item":"https:\/\/koningdrone.be\/product\/avss-parachute-recovery-system-for-dji-matrice-300-350\/"},{"@type":"ListItem","position":3,"name":"Alle accessoires","item":"https:\/\/koningdrone.be\/categorie\/alle-accessoires\/"},{"@type":"ListItem","position":4,"name":"Hollyland Pyro S Wireless Video Receiver"}]},{"@type":"WebSite","@id":"https:\/\/koningdrone.be\/#website","url":"https:\/\/koningdrone.be\/","name":"Koningdrone.be - Ihr Online-Spezialist f\u00fcr Drohnen, Gimbals, Kameras und Kraftwerke.","description":"Der Webshop f\u00fcr Drohnen und Gimbals","publisher":{"@id":"https:\/\/koningdrone.be\/#organization"},"potentialAction":[{"@type":"SearchAction","target":{"@type":"EntryPoint","urlTemplate":"https:\/\/koningdrone.be\/?s={search_term_string}"},"query-input":{"@type":"PropertyValueSpecification","valueRequired":true,"valueName":"search_term_string"}}],"inLanguage":"de"},{"@type":"Organization","@id":"https:\/\/koningdrone.be\/#organization","name":"Kingdrone.de","url":"https:\/\/koningdrone.be\/","logo":{"@type":"ImageObject","inLanguage":"de","@id":"https:\/\/koningdrone.be\/#\/schema\/logo\/image\/","url":"https:\/\/koningdrone.be\/wp-content\/uploads\/sites\/13\/2025\/04\/koningdrone-copyright-logo.svg","contentUrl":"https:\/\/koningdrone.be\/wp-content\/uploads\/sites\/13\/2025\/04\/koningdrone-copyright-logo.svg","width":227,"height":38,"caption":"Koningdrone.be"},"image":{"@id":"https:\/\/koningdrone.be\/#\/schema\/logo\/image\/"}}]}},"df_price":385.99,"df_sale_price":"","df_regular_price":385.99,"df_image_link":"https:\/\/koningdrone.be\/wp-content\/uploads\/sites\/13\/2025\/04\/633x613-4-300x290.png","_links":{"self":[{"href":"https:\/\/koningdrone.be\/de\/wp-json\/wp\/v2\/product\/3057","targetHints":{"allow":["GET"]}}],"collection":[{"href":"https:\/\/koningdrone.be\/de\/wp-json\/wp\/v2\/product"}],"about":[{"href":"https:\/\/koningdrone.be\/de\/wp-json\/wp\/v2\/types\/product"}],"wp:featuredmedia":[{"embeddable":true,"href":"https:\/\/koningdrone.be\/de\/wp-json\/wp\/v2\/media\/3055"}],"wp:attachment":[{"href":"https:\/\/koningdrone.be\/de\/wp-json\/wp\/v2\/media?parent=3057"}],"wp:term":[{"taxonomy":"product_brand","embeddable":true,"href":"https:\/\/koningdrone.be\/de\/wp-json\/wp\/v2\/product_brand?post=3057"},{"taxonomy":"product_cat","embeddable":true,"href":"https:\/\/koningdrone.be\/de\/wp-json\/wp\/v2\/product_cat?post=3057"},{"taxonomy":"product_tag","embeddable":true,"href":"https:\/\/koningdrone.be\/de\/wp-json\/wp\/v2\/product_tag?post=3057"}],"curies":[{"name":"wp","href":"https:\/\/api.w.org\/{rel}","templated":true}]}}