{"id":3054,"date":"2024-09-05T11:54:12","date_gmt":"2024-09-05T09:54:12","guid":{"rendered":"https:\/\/koningdrone.nl\/kon\/product\/hprc-2710-for-dji-matrice-3d-3td\/"},"modified":"2026-04-29T04:30:14","modified_gmt":"2026-04-29T02:30:14","slug":"hprc-2710-for-dji-matrice-3d-3td","status":"publish","type":"product","link":"https:\/\/koningdrone.be\/de\/produkt\/hprc-2710-for-dji-matrice-3d-3td\/","title":{"rendered":"HPRC 2710 f\u00fcr DJI Matrice 3D\/3TD"},"content":{"rendered":"<p>Der HPRC2710-Koffer ist die ideale L\u00f6sung f\u00fcr den Transport und den Schutz der DJI Matrice 3D\/3TD-Drohne, die speziell f\u00fcr die Bed\u00fcrfnisse von Fachleuten in den Bereichen industrielle Inspektion, 3D-Kartierung und Sicherheit entwickelt wurde. Hergestellt aus den hochwertigsten Materialien, bietet dieser Koffer hervorragenden Schutz gegen St\u00f6\u00dfe, Staub und Wasser, so dass Ihre Drohne und Ihr Zubeh\u00f6r jederzeit sicher sind.<\/p>","protected":false},"excerpt":{"rendered":"<ul>\n<li>Perfekte Kompatibilit\u00e4t: speziell f\u00fcr die DJI Matrice 3D\/3TD entwickelt, f\u00fcr ein perfektes Geh\u00e4use f\u00fcr die Drohne und ihre Komponenten.<\/li>\n<li>Totaler Schutz: TTX01-Harzstruktur, bietet au\u00dfergew\u00f6hnlichen Widerstand gegen St\u00f6\u00dfe, Korrosion und Witterungseinfl\u00fcsse. IP67 zertifiziert, das Geh\u00e4use ist wasser- und staubdicht.<\/li>\n<li>Ma\u00dfgeschneiderter Innenraum: Der Innenraum besteht aus vorgeschnittenem, hochdichtem Schaumstoff, um die Drohne, Batterien, Funksteuerungen und anderes Zubeh\u00f6r unterzubringen und gleichzeitig Ordnung und Schutz zu gew\u00e4hrleisten. <\/li>\n<li>Komfort: Die beiden ergonomischen Griffe bieten hervorragenden Halt, auch bei N\u00e4sse.<\/li>\n<li>Sicherer Verschluss: Die \u00e4u\u00dferst robusten Verschl\u00fcsse sind mit einem zweistufigen \u00d6ffnungs- und Schlie\u00dfsystem ausgestattet: Es sorgt f\u00fcr eine besonders sanfte Bewegung und verhindert gleichzeitig, dass sich die Haken im Falle eines Sturzes \u00f6ffnen.<\/li>\n<\/ul>","protected":false},"featured_media":3051,"template":"","meta":{"_acf_changed":false},"product_brand":[],"product_cat":[97,201,426,162],"product_tag":[],"class_list":{"0":"post-3054","1":"product","2":"type-product","3":"status-publish","4":"has-post-thumbnail","6":"product_cat-alle-producten","7":"product_cat-alle-tassen-en-koffers","8":"product_cat-dji-matrice","9":"product_cat-dji-matrice-3d","10":"product_shipping_class-dronelandall","11":"pa_brand-hprc","12":"pa_productfamily-koffer","13":"pa_producttype-koffer","14":"pa_series-matrice-3d","16":"first","17":"instock","18":"taxable","19":"shipping-taxable","20":"purchasable","21":"product-type-simple"},"acf":[],"yoast_head":"<!-- This site is optimized with the Yoast SEO Premium plugin v27.2 (Yoast SEO v27.2) - https:\/\/yoast.com\/product\/yoast-seo-premium-wordpress\/ -->\n<title>HPRC 2710 For DJI Matrice 3D\/3TD - koningdrone.be<\/title>\n<meta name=\"robots\" content=\"index, follow, max-snippet:-1, max-image-preview:large, max-video-preview:-1\" \/>\n<link rel=\"canonical\" href=\"https:\/\/koningdrone.be\/de\/produkt\/hprc-2710-for-dji-matrice-3d-3td\/\" \/>\n<meta property=\"og:locale\" content=\"de_DE\" \/>\n<meta property=\"og:type\" content=\"article\" \/>\n<meta property=\"og:title\" content=\"HPRC 2710 For DJI Matrice 3D\/3TD\" \/>\n<meta property=\"og:description\" content=\"Perfecte compatibiliteit: speciaal ontworpen voor de DJI Matrice 3D\/3TD, voor een perfecte behuizing voor de drone en de onderdelen.Totale bescherming: TTX01 harsstructuur, biedt uitzonderlijke weerstand tegen stoten, corrosie en weersinvloeden. IP67 gecertificeerd, de behuizing is waterdicht en stofdicht.Aangepast interieur: het interieur is voorzien van voorgesneden schuim met hoge dichtheid om ruimte te bieden aan de drone, accu&#039;s, radiobesturing en andere accessoires en tegelijkertijd orde en bescherming te garanderen. Comfort: de twee ergonomische handgrepen bieden uitstekende grip, zelfs in natte omstandigheden.Veilige sluiting: de extreem robuuste vergrendelingen zijn uitgerust met een tweetraps openings- en sluitsysteem: het zorgt voor een bijzonder soepele beweging, maar voorkomt tegelijkertijd dat de haken opengaan bij een val.\" \/>\n<meta property=\"og:url\" content=\"https:\/\/koningdrone.be\/de\/produkt\/hprc-2710-for-dji-matrice-3d-3td\/\" \/>\n<meta property=\"og:site_name\" content=\"koningdrone.be\" \/>\n<meta property=\"article:modified_time\" content=\"2026-04-29T02:30:14+00:00\" \/>\n<meta property=\"og:image\" content=\"https:\/\/koningdrone.be\/wp-content\/uploads\/sites\/13\/2025\/04\/HPRC2710-1_960x960.jpg\" \/>\n\t<meta property=\"og:image:width\" content=\"960\" \/>\n\t<meta property=\"og:image:height\" content=\"960\" \/>\n\t<meta property=\"og:image:type\" content=\"image\/jpeg\" \/>\n<meta name=\"twitter:card\" content=\"summary_large_image\" \/>\n<script type=\"application\/ld+json\" class=\"yoast-schema-graph\">{\"@context\":\"https:\/\/schema.org\",\"@graph\":[{\"@type\":\"WebPage\",\"@id\":\"https:\/\/koningdrone.be\/product\/hprc-2710-for-dji-matrice-3d-3td\/\",\"url\":\"https:\/\/koningdrone.be\/product\/hprc-2710-for-dji-matrice-3d-3td\/\",\"name\":\"HPRC 2710 For DJI Matrice 3D\/3TD - koningdrone.be\",\"isPartOf\":{\"@id\":\"https:\/\/koningdrone.be\/#website\"},\"primaryImageOfPage\":{\"@id\":\"https:\/\/koningdrone.be\/product\/hprc-2710-for-dji-matrice-3d-3td\/#primaryimage\"},\"image\":{\"@id\":\"https:\/\/koningdrone.be\/product\/hprc-2710-for-dji-matrice-3d-3td\/#primaryimage\"},\"thumbnailUrl\":\"https:\/\/koningdrone.be\/wp-content\/uploads\/sites\/13\/2025\/04\/HPRC2710-1_960x960.jpg\",\"datePublished\":\"2024-09-05T09:54:12+00:00\",\"dateModified\":\"2026-04-29T02:30:14+00:00\",\"breadcrumb\":{\"@id\":\"https:\/\/koningdrone.be\/product\/hprc-2710-for-dji-matrice-3d-3td\/#breadcrumb\"},\"inLanguage\":\"de\",\"potentialAction\":[{\"@type\":\"ReadAction\",\"target\":[\"https:\/\/koningdrone.be\/product\/hprc-2710-for-dji-matrice-3d-3td\/\"]}]},{\"@type\":\"ImageObject\",\"inLanguage\":\"de\",\"@id\":\"https:\/\/koningdrone.be\/product\/hprc-2710-for-dji-matrice-3d-3td\/#primaryimage\",\"url\":\"https:\/\/koningdrone.be\/wp-content\/uploads\/sites\/13\/2025\/04\/HPRC2710-1_960x960.jpg\",\"contentUrl\":\"https:\/\/koningdrone.be\/wp-content\/uploads\/sites\/13\/2025\/04\/HPRC2710-1_960x960.jpg\",\"width\":960,\"height\":960},{\"@type\":\"BreadcrumbList\",\"@id\":\"https:\/\/koningdrone.be\/product\/hprc-2710-for-dji-matrice-3d-3td\/#breadcrumb\",\"itemListElement\":[{\"@type\":\"ListItem\",\"position\":1,\"name\":\"Home\",\"item\":\"https:\/\/koningdrone.be\/\"},{\"@type\":\"ListItem\",\"position\":2,\"name\":\"AVSS Parachute Recovery System for DJI Matrice 300\/350\",\"item\":\"https:\/\/koningdrone.be\/product\/avss-parachute-recovery-system-for-dji-matrice-300-350\/\"},{\"@type\":\"ListItem\",\"position\":3,\"name\":\"Alle producten\",\"item\":\"https:\/\/koningdrone.be\/categorie\/alle-producten\/\"},{\"@type\":\"ListItem\",\"position\":4,\"name\":\"HPRC 2710 For DJI Matrice 3D\/3TD\"}]},{\"@type\":\"WebSite\",\"@id\":\"https:\/\/koningdrone.be\/#website\",\"url\":\"https:\/\/koningdrone.be\/\",\"name\":\"Koningdrone.be - Uw online specialist in drones, gimbals, camera's en power stations.\",\"description\":\"De webshop in drones en gimbals\",\"publisher\":{\"@id\":\"https:\/\/koningdrone.be\/#organization\"},\"potentialAction\":[{\"@type\":\"SearchAction\",\"target\":{\"@type\":\"EntryPoint\",\"urlTemplate\":\"https:\/\/koningdrone.be\/?s={search_term_string}\"},\"query-input\":{\"@type\":\"PropertyValueSpecification\",\"valueRequired\":true,\"valueName\":\"search_term_string\"}}],\"inLanguage\":\"de\"},{\"@type\":\"Organization\",\"@id\":\"https:\/\/koningdrone.be\/#organization\",\"name\":\"Koningdrone.be\",\"url\":\"https:\/\/koningdrone.be\/\",\"logo\":{\"@type\":\"ImageObject\",\"inLanguage\":\"de\",\"@id\":\"https:\/\/koningdrone.be\/#\/schema\/logo\/image\/\",\"url\":\"https:\/\/koningdrone.be\/wp-content\/uploads\/sites\/13\/2025\/04\/koningdrone-copyright-logo.svg\",\"contentUrl\":\"https:\/\/koningdrone.be\/wp-content\/uploads\/sites\/13\/2025\/04\/koningdrone-copyright-logo.svg\",\"width\":227,\"height\":38,\"caption\":\"Koningdrone.be\"},\"image\":{\"@id\":\"https:\/\/koningdrone.be\/#\/schema\/logo\/image\/\"}}]}<\/script>\n<!-- \/ Yoast SEO Premium plugin. -->","yoast_head_json":{"title":"HPRC 2710 For DJI Matrice 3D\/3TD - koningdrone.be","robots":{"index":"index","follow":"follow","max-snippet":"max-snippet:-1","max-image-preview":"max-image-preview:large","max-video-preview":"max-video-preview:-1"},"canonical":"https:\/\/koningdrone.be\/de\/produkt\/hprc-2710-for-dji-matrice-3d-3td\/","og_locale":"de_DE","og_type":"article","og_title":"HPRC 2710 For DJI Matrice 3D\/3TD","og_description":"Perfecte compatibiliteit: speciaal ontworpen voor de DJI Matrice 3D\/3TD, voor een perfecte behuizing voor de drone en de onderdelen.Totale bescherming: TTX01 harsstructuur, biedt uitzonderlijke weerstand tegen stoten, corrosie en weersinvloeden. IP67 gecertificeerd, de behuizing is waterdicht en stofdicht.Aangepast interieur: het interieur is voorzien van voorgesneden schuim met hoge dichtheid om ruimte te bieden aan de drone, accu's, radiobesturing en andere accessoires en tegelijkertijd orde en bescherming te garanderen. Comfort: de twee ergonomische handgrepen bieden uitstekende grip, zelfs in natte omstandigheden.Veilige sluiting: de extreem robuuste vergrendelingen zijn uitgerust met een tweetraps openings- en sluitsysteem: het zorgt voor een bijzonder soepele beweging, maar voorkomt tegelijkertijd dat de haken opengaan bij een val.","og_url":"https:\/\/koningdrone.be\/de\/produkt\/hprc-2710-for-dji-matrice-3d-3td\/","og_site_name":"koningdrone.be","article_modified_time":"2026-04-29T02:30:14+00:00","og_image":[{"width":960,"height":960,"url":"https:\/\/koningdrone.be\/wp-content\/uploads\/sites\/13\/2025\/04\/HPRC2710-1_960x960.jpg","type":"image\/jpeg"}],"twitter_card":"summary_large_image","schema":{"@context":"https:\/\/schema.org","@graph":[{"@type":"WebPage","@id":"https:\/\/koningdrone.be\/product\/hprc-2710-for-dji-matrice-3d-3td\/","url":"https:\/\/koningdrone.be\/product\/hprc-2710-for-dji-matrice-3d-3td\/","name":"HPRC 2710 For DJI Matrice 3D\/3TD - koningdrone.be","isPartOf":{"@id":"https:\/\/koningdrone.be\/#website"},"primaryImageOfPage":{"@id":"https:\/\/koningdrone.be\/product\/hprc-2710-for-dji-matrice-3d-3td\/#primaryimage"},"image":{"@id":"https:\/\/koningdrone.be\/product\/hprc-2710-for-dji-matrice-3d-3td\/#primaryimage"},"thumbnailUrl":"https:\/\/koningdrone.be\/wp-content\/uploads\/sites\/13\/2025\/04\/HPRC2710-1_960x960.jpg","datePublished":"2024-09-05T09:54:12+00:00","dateModified":"2026-04-29T02:30:14+00:00","breadcrumb":{"@id":"https:\/\/koningdrone.be\/product\/hprc-2710-for-dji-matrice-3d-3td\/#breadcrumb"},"inLanguage":"de","potentialAction":[{"@type":"ReadAction","target":["https:\/\/koningdrone.be\/product\/hprc-2710-for-dji-matrice-3d-3td\/"]}]},{"@type":"ImageObject","inLanguage":"de","@id":"https:\/\/koningdrone.be\/product\/hprc-2710-for-dji-matrice-3d-3td\/#primaryimage","url":"https:\/\/koningdrone.be\/wp-content\/uploads\/sites\/13\/2025\/04\/HPRC2710-1_960x960.jpg","contentUrl":"https:\/\/koningdrone.be\/wp-content\/uploads\/sites\/13\/2025\/04\/HPRC2710-1_960x960.jpg","width":960,"height":960},{"@type":"BreadcrumbList","@id":"https:\/\/koningdrone.be\/product\/hprc-2710-for-dji-matrice-3d-3td\/#breadcrumb","itemListElement":[{"@type":"ListItem","position":1,"name":"Home","item":"https:\/\/koningdrone.be\/"},{"@type":"ListItem","position":2,"name":"AVSS Parachute Recovery System for DJI Matrice 300\/350","item":"https:\/\/koningdrone.be\/product\/avss-parachute-recovery-system-for-dji-matrice-300-350\/"},{"@type":"ListItem","position":3,"name":"Alle producten","item":"https:\/\/koningdrone.be\/categorie\/alle-producten\/"},{"@type":"ListItem","position":4,"name":"HPRC 2710 For DJI Matrice 3D\/3TD"}]},{"@type":"WebSite","@id":"https:\/\/koningdrone.be\/#website","url":"https:\/\/koningdrone.be\/","name":"Koningdrone.be - Ihr Online-Spezialist f\u00fcr Drohnen, Gimbals, Kameras und Kraftwerke.","description":"Der Webshop f\u00fcr Drohnen und Gimbals","publisher":{"@id":"https:\/\/koningdrone.be\/#organization"},"potentialAction":[{"@type":"SearchAction","target":{"@type":"EntryPoint","urlTemplate":"https:\/\/koningdrone.be\/?s={search_term_string}"},"query-input":{"@type":"PropertyValueSpecification","valueRequired":true,"valueName":"search_term_string"}}],"inLanguage":"de"},{"@type":"Organization","@id":"https:\/\/koningdrone.be\/#organization","name":"Kingdrone.de","url":"https:\/\/koningdrone.be\/","logo":{"@type":"ImageObject","inLanguage":"de","@id":"https:\/\/koningdrone.be\/#\/schema\/logo\/image\/","url":"https:\/\/koningdrone.be\/wp-content\/uploads\/sites\/13\/2025\/04\/koningdrone-copyright-logo.svg","contentUrl":"https:\/\/koningdrone.be\/wp-content\/uploads\/sites\/13\/2025\/04\/koningdrone-copyright-logo.svg","width":227,"height":38,"caption":"Koningdrone.be"},"image":{"@id":"https:\/\/koningdrone.be\/#\/schema\/logo\/image\/"}}]}},"df_price":491,"df_sale_price":"","df_regular_price":491,"df_image_link":"https:\/\/koningdrone.be\/wp-content\/uploads\/sites\/13\/2025\/04\/HPRC2710-1_960x960-300x300.jpg","_links":{"self":[{"href":"https:\/\/koningdrone.be\/de\/wp-json\/wp\/v2\/product\/3054","targetHints":{"allow":["GET"]}}],"collection":[{"href":"https:\/\/koningdrone.be\/de\/wp-json\/wp\/v2\/product"}],"about":[{"href":"https:\/\/koningdrone.be\/de\/wp-json\/wp\/v2\/types\/product"}],"wp:featuredmedia":[{"embeddable":true,"href":"https:\/\/koningdrone.be\/de\/wp-json\/wp\/v2\/media\/3051"}],"wp:attachment":[{"href":"https:\/\/koningdrone.be\/de\/wp-json\/wp\/v2\/media?parent=3054"}],"wp:term":[{"taxonomy":"product_brand","embeddable":true,"href":"https:\/\/koningdrone.be\/de\/wp-json\/wp\/v2\/product_brand?post=3054"},{"taxonomy":"product_cat","embeddable":true,"href":"https:\/\/koningdrone.be\/de\/wp-json\/wp\/v2\/product_cat?post=3054"},{"taxonomy":"product_tag","embeddable":true,"href":"https:\/\/koningdrone.be\/de\/wp-json\/wp\/v2\/product_tag?post=3054"}],"curies":[{"name":"wp","href":"https:\/\/api.w.org\/{rel}","templated":true}]}}