{"id":3027,"date":"2024-09-05T11:54:41","date_gmt":"2024-09-05T09:54:41","guid":{"rendered":"https:\/\/koningdrone.nl\/kon\/product\/flir-vue-pro-r-640-30fps-13mm-69x56-fov\/"},"modified":"2026-04-29T08:10:36","modified_gmt":"2026-04-29T06:10:36","slug":"flir-vue-pro-r-640-30fps-13mm-69x56-fov","status":"publish","type":"product","link":"https:\/\/koningdrone.be\/de\/produkt\/flir-vue-pro-r-640-30fps-13mm-69x56-fov\/","title":{"rendered":"FLIR VUE Pro R 640 30FPS 13mm 69\u00d756 FOV"},"content":{"rendered":"<p>Mit der Vue Pro R k\u00f6nnen Drohnenbetreiber und zertifizierte Thermografen genaue, ber\u00fchrungslose Temperaturmessungen aus der Luft vornehmen. Jedes von der Vue Pro R aufgenommene Bild enth\u00e4lt in jedem Pixel genaue, kalibrierte Temperaturdaten, die Ihren SUAS-Betrieb und -Dienstleistungen einen noch gr\u00f6\u00dferen Wert verleihen als je zuvor. Die Vue Pro R erm\u00f6glicht eine vollst\u00e4ndig radiometrische Datenerfassung f\u00fcr SUAS-Anwendungen wie Geb\u00e4ude- und Dachinspektionen, Stromnetzinspektionen, Infrastrukturanalysen, Pr\u00e4zisionslandwirtschaft und \u00f6ffentliche Sicherheit.<\/p>","protected":false},"excerpt":{"rendered":"<ul>\n<li>640\u00d7512 Pixel<\/li>\n<li>13 mm<\/li>\n<li>45\u00b0(H) x 37\u00b0(V) FoV<\/li>\n<li>30 Hz<\/li>\n<li>17 \u00b5m Pixelabstand<\/li>\n<li>72 Gramm<\/li>\n<li>2,26\" x 1,75\" (einschlie\u00dflich Objektiv)<\/li>\n<li>4,0 - 6,0 VDC<\/li>\n<li>LWIR<\/li>\n<li>30FPS<\/li>\n<\/ul>","protected":false},"featured_media":3024,"template":"","meta":{"_acf_changed":false},"product_brand":[],"product_cat":[315,298,126,97,535],"product_tag":[],"class_list":{"0":"post-3027","1":"product","2":"type-product","3":"status-publish","4":"has-post-thumbnail","6":"product_cat-alle-gimbals-en-cameras","7":"product_cat-alle-industriele-camera","8":"product_cat-alle-payloads","9":"product_cat-alle-producten","10":"product_cat-flir","11":"product_shipping_class-outofstock","12":"pa_brand-flir","13":"pa_productfamily-camera","14":"pa_producttype-camera","15":"pa_series-pro-r","17":"first","18":"outofstock","19":"taxable","20":"shipping-taxable","21":"product-type-simple"},"acf":[],"yoast_head":"<!-- This site is optimized with the Yoast SEO Premium plugin v27.2 (Yoast SEO v27.2) - https:\/\/yoast.com\/product\/yoast-seo-premium-wordpress\/ -->\n<title>FLIR VUE Pro R 640 30FPS 13mm 69x56 FOV - koningdrone.be<\/title>\n<meta name=\"robots\" content=\"index, follow, max-snippet:-1, max-image-preview:large, max-video-preview:-1\" \/>\n<link rel=\"canonical\" href=\"https:\/\/koningdrone.be\/de\/produkt\/flir-vue-pro-r-640-30fps-13mm-69x56-fov\/\" \/>\n<meta property=\"og:locale\" content=\"de_DE\" \/>\n<meta property=\"og:type\" content=\"article\" \/>\n<meta property=\"og:title\" content=\"FLIR VUE Pro R 640 30FPS 13mm 69x56 FOV\" \/>\n<meta property=\"og:description\" content=\"640x512 pixels13 mm45\u00b0(H) x 37\u00b0(V) FoV30 Hz17 \u00b5m pixel pitch72 gram2,26\u201c x 1,75\u201d (inclusief lens)4,0 - 6,0 VDCLWIR30FPS\" \/>\n<meta property=\"og:url\" content=\"https:\/\/koningdrone.be\/de\/produkt\/flir-vue-pro-r-640-30fps-13mm-69x56-fov\/\" \/>\n<meta property=\"og:site_name\" content=\"koningdrone.be\" \/>\n<meta property=\"article:modified_time\" content=\"2026-04-29T06:10:36+00:00\" \/>\n<meta property=\"og:image\" content=\"https:\/\/koningdrone.be\/wp-content\/uploads\/sites\/13\/2025\/04\/flir_vue_pro-800x800-1.png\" \/>\n\t<meta property=\"og:image:width\" content=\"800\" \/>\n\t<meta property=\"og:image:height\" content=\"800\" \/>\n\t<meta property=\"og:image:type\" content=\"image\/png\" \/>\n<meta name=\"twitter:card\" content=\"summary_large_image\" \/>\n<script type=\"application\/ld+json\" class=\"yoast-schema-graph\">{\"@context\":\"https:\/\/schema.org\",\"@graph\":[{\"@type\":\"WebPage\",\"@id\":\"https:\/\/koningdrone.be\/product\/flir-vue-pro-r-640-30fps-13mm-69x56-fov\/\",\"url\":\"https:\/\/koningdrone.be\/product\/flir-vue-pro-r-640-30fps-13mm-69x56-fov\/\",\"name\":\"FLIR VUE Pro R 640 30FPS 13mm 69x56 FOV - koningdrone.be\",\"isPartOf\":{\"@id\":\"https:\/\/koningdrone.be\/#website\"},\"primaryImageOfPage\":{\"@id\":\"https:\/\/koningdrone.be\/product\/flir-vue-pro-r-640-30fps-13mm-69x56-fov\/#primaryimage\"},\"image\":{\"@id\":\"https:\/\/koningdrone.be\/product\/flir-vue-pro-r-640-30fps-13mm-69x56-fov\/#primaryimage\"},\"thumbnailUrl\":\"https:\/\/koningdrone.be\/wp-content\/uploads\/sites\/13\/2025\/04\/flir_vue_pro-800x800-1.png\",\"datePublished\":\"2024-09-05T09:54:41+00:00\",\"dateModified\":\"2026-04-29T06:10:36+00:00\",\"breadcrumb\":{\"@id\":\"https:\/\/koningdrone.be\/product\/flir-vue-pro-r-640-30fps-13mm-69x56-fov\/#breadcrumb\"},\"inLanguage\":\"de\",\"potentialAction\":[{\"@type\":\"ReadAction\",\"target\":[\"https:\/\/koningdrone.be\/product\/flir-vue-pro-r-640-30fps-13mm-69x56-fov\/\"]}]},{\"@type\":\"ImageObject\",\"inLanguage\":\"de\",\"@id\":\"https:\/\/koningdrone.be\/product\/flir-vue-pro-r-640-30fps-13mm-69x56-fov\/#primaryimage\",\"url\":\"https:\/\/koningdrone.be\/wp-content\/uploads\/sites\/13\/2025\/04\/flir_vue_pro-800x800-1.png\",\"contentUrl\":\"https:\/\/koningdrone.be\/wp-content\/uploads\/sites\/13\/2025\/04\/flir_vue_pro-800x800-1.png\",\"width\":800,\"height\":800},{\"@type\":\"BreadcrumbList\",\"@id\":\"https:\/\/koningdrone.be\/product\/flir-vue-pro-r-640-30fps-13mm-69x56-fov\/#breadcrumb\",\"itemListElement\":[{\"@type\":\"ListItem\",\"position\":1,\"name\":\"Home\",\"item\":\"https:\/\/koningdrone.be\/\"},{\"@type\":\"ListItem\",\"position\":2,\"name\":\"AVSS Parachute Recovery System for DJI Matrice 300\/350\",\"item\":\"https:\/\/koningdrone.be\/product\/avss-parachute-recovery-system-for-dji-matrice-300-350\/\"},{\"@type\":\"ListItem\",\"position\":3,\"name\":\"Alle gimbals en cameras\",\"item\":\"https:\/\/koningdrone.be\/categorie\/alle-gimbals-en-cameras\/\"},{\"@type\":\"ListItem\",\"position\":4,\"name\":\"FLIR VUE Pro R 640 30FPS 13mm 69&#215;56 FOV\"}]},{\"@type\":\"WebSite\",\"@id\":\"https:\/\/koningdrone.be\/#website\",\"url\":\"https:\/\/koningdrone.be\/\",\"name\":\"Koningdrone.be - Uw online specialist in drones, gimbals, camera's en power stations.\",\"description\":\"De webshop in drones en gimbals\",\"publisher\":{\"@id\":\"https:\/\/koningdrone.be\/#organization\"},\"potentialAction\":[{\"@type\":\"SearchAction\",\"target\":{\"@type\":\"EntryPoint\",\"urlTemplate\":\"https:\/\/koningdrone.be\/?s={search_term_string}\"},\"query-input\":{\"@type\":\"PropertyValueSpecification\",\"valueRequired\":true,\"valueName\":\"search_term_string\"}}],\"inLanguage\":\"de\"},{\"@type\":\"Organization\",\"@id\":\"https:\/\/koningdrone.be\/#organization\",\"name\":\"Koningdrone.be\",\"url\":\"https:\/\/koningdrone.be\/\",\"logo\":{\"@type\":\"ImageObject\",\"inLanguage\":\"de\",\"@id\":\"https:\/\/koningdrone.be\/#\/schema\/logo\/image\/\",\"url\":\"https:\/\/koningdrone.be\/wp-content\/uploads\/sites\/13\/2025\/04\/koningdrone-copyright-logo.svg\",\"contentUrl\":\"https:\/\/koningdrone.be\/wp-content\/uploads\/sites\/13\/2025\/04\/koningdrone-copyright-logo.svg\",\"width\":227,\"height\":38,\"caption\":\"Koningdrone.be\"},\"image\":{\"@id\":\"https:\/\/koningdrone.be\/#\/schema\/logo\/image\/\"}}]}<\/script>\n<!-- \/ Yoast SEO Premium plugin. -->","yoast_head_json":{"title":"FLIR VUE Pro R 640 30FPS 13mm 69x56 FOV - koningdrone.be","robots":{"index":"index","follow":"follow","max-snippet":"max-snippet:-1","max-image-preview":"max-image-preview:large","max-video-preview":"max-video-preview:-1"},"canonical":"https:\/\/koningdrone.be\/de\/produkt\/flir-vue-pro-r-640-30fps-13mm-69x56-fov\/","og_locale":"de_DE","og_type":"article","og_title":"FLIR VUE Pro R 640 30FPS 13mm 69x56 FOV","og_description":"640x512 pixels13 mm45\u00b0(H) x 37\u00b0(V) FoV30 Hz17 \u00b5m pixel pitch72 gram2,26\u201c x 1,75\u201d (inclusief lens)4,0 - 6,0 VDCLWIR30FPS","og_url":"https:\/\/koningdrone.be\/de\/produkt\/flir-vue-pro-r-640-30fps-13mm-69x56-fov\/","og_site_name":"koningdrone.be","article_modified_time":"2026-04-29T06:10:36+00:00","og_image":[{"width":800,"height":800,"url":"https:\/\/koningdrone.be\/wp-content\/uploads\/sites\/13\/2025\/04\/flir_vue_pro-800x800-1.png","type":"image\/png"}],"twitter_card":"summary_large_image","schema":{"@context":"https:\/\/schema.org","@graph":[{"@type":"WebPage","@id":"https:\/\/koningdrone.be\/product\/flir-vue-pro-r-640-30fps-13mm-69x56-fov\/","url":"https:\/\/koningdrone.be\/product\/flir-vue-pro-r-640-30fps-13mm-69x56-fov\/","name":"FLIR VUE Pro R 640 30FPS 13mm 69x56 FOV - koningdrone.be","isPartOf":{"@id":"https:\/\/koningdrone.be\/#website"},"primaryImageOfPage":{"@id":"https:\/\/koningdrone.be\/product\/flir-vue-pro-r-640-30fps-13mm-69x56-fov\/#primaryimage"},"image":{"@id":"https:\/\/koningdrone.be\/product\/flir-vue-pro-r-640-30fps-13mm-69x56-fov\/#primaryimage"},"thumbnailUrl":"https:\/\/koningdrone.be\/wp-content\/uploads\/sites\/13\/2025\/04\/flir_vue_pro-800x800-1.png","datePublished":"2024-09-05T09:54:41+00:00","dateModified":"2026-04-29T06:10:36+00:00","breadcrumb":{"@id":"https:\/\/koningdrone.be\/product\/flir-vue-pro-r-640-30fps-13mm-69x56-fov\/#breadcrumb"},"inLanguage":"de","potentialAction":[{"@type":"ReadAction","target":["https:\/\/koningdrone.be\/product\/flir-vue-pro-r-640-30fps-13mm-69x56-fov\/"]}]},{"@type":"ImageObject","inLanguage":"de","@id":"https:\/\/koningdrone.be\/product\/flir-vue-pro-r-640-30fps-13mm-69x56-fov\/#primaryimage","url":"https:\/\/koningdrone.be\/wp-content\/uploads\/sites\/13\/2025\/04\/flir_vue_pro-800x800-1.png","contentUrl":"https:\/\/koningdrone.be\/wp-content\/uploads\/sites\/13\/2025\/04\/flir_vue_pro-800x800-1.png","width":800,"height":800},{"@type":"BreadcrumbList","@id":"https:\/\/koningdrone.be\/product\/flir-vue-pro-r-640-30fps-13mm-69x56-fov\/#breadcrumb","itemListElement":[{"@type":"ListItem","position":1,"name":"Home","item":"https:\/\/koningdrone.be\/"},{"@type":"ListItem","position":2,"name":"AVSS Parachute Recovery System for DJI Matrice 300\/350","item":"https:\/\/koningdrone.be\/product\/avss-parachute-recovery-system-for-dji-matrice-300-350\/"},{"@type":"ListItem","position":3,"name":"Alle gimbals en cameras","item":"https:\/\/koningdrone.be\/categorie\/alle-gimbals-en-cameras\/"},{"@type":"ListItem","position":4,"name":"FLIR VUE Pro R 640 30FPS 13mm 69&#215;56 FOV"}]},{"@type":"WebSite","@id":"https:\/\/koningdrone.be\/#website","url":"https:\/\/koningdrone.be\/","name":"Koningdrone.be - Ihr Online-Spezialist f\u00fcr Drohnen, Gimbals, Kameras und Kraftwerke.","description":"Der Webshop f\u00fcr Drohnen und Gimbals","publisher":{"@id":"https:\/\/koningdrone.be\/#organization"},"potentialAction":[{"@type":"SearchAction","target":{"@type":"EntryPoint","urlTemplate":"https:\/\/koningdrone.be\/?s={search_term_string}"},"query-input":{"@type":"PropertyValueSpecification","valueRequired":true,"valueName":"search_term_string"}}],"inLanguage":"de"},{"@type":"Organization","@id":"https:\/\/koningdrone.be\/#organization","name":"Kingdrone.de","url":"https:\/\/koningdrone.be\/","logo":{"@type":"ImageObject","inLanguage":"de","@id":"https:\/\/koningdrone.be\/#\/schema\/logo\/image\/","url":"https:\/\/koningdrone.be\/wp-content\/uploads\/sites\/13\/2025\/04\/koningdrone-copyright-logo.svg","contentUrl":"https:\/\/koningdrone.be\/wp-content\/uploads\/sites\/13\/2025\/04\/koningdrone-copyright-logo.svg","width":227,"height":38,"caption":"Koningdrone.be"},"image":{"@id":"https:\/\/koningdrone.be\/#\/schema\/logo\/image\/"}}]}},"df_price":"","df_sale_price":"","df_regular_price":"","df_image_link":"https:\/\/koningdrone.be\/wp-content\/uploads\/sites\/13\/2025\/04\/flir_vue_pro-800x800-1-300x300.png","_links":{"self":[{"href":"https:\/\/koningdrone.be\/de\/wp-json\/wp\/v2\/product\/3027","targetHints":{"allow":["GET"]}}],"collection":[{"href":"https:\/\/koningdrone.be\/de\/wp-json\/wp\/v2\/product"}],"about":[{"href":"https:\/\/koningdrone.be\/de\/wp-json\/wp\/v2\/types\/product"}],"wp:featuredmedia":[{"embeddable":true,"href":"https:\/\/koningdrone.be\/de\/wp-json\/wp\/v2\/media\/3024"}],"wp:attachment":[{"href":"https:\/\/koningdrone.be\/de\/wp-json\/wp\/v2\/media?parent=3027"}],"wp:term":[{"taxonomy":"product_brand","embeddable":true,"href":"https:\/\/koningdrone.be\/de\/wp-json\/wp\/v2\/product_brand?post=3027"},{"taxonomy":"product_cat","embeddable":true,"href":"https:\/\/koningdrone.be\/de\/wp-json\/wp\/v2\/product_cat?post=3027"},{"taxonomy":"product_tag","embeddable":true,"href":"https:\/\/koningdrone.be\/de\/wp-json\/wp\/v2\/product_tag?post=3027"}],"curies":[{"name":"wp","href":"https:\/\/api.w.org\/{rel}","templated":true}]}}