{"id":3013,"date":"2024-09-05T11:55:07","date_gmt":"2024-09-05T09:55:07","guid":{"rendered":"https:\/\/koningdrone.nl\/kon\/product\/hprc-2730w-for-dji-ronin-4d-6k-combo\/"},"modified":"2026-04-29T16:00:27","modified_gmt":"2026-04-29T14:00:27","slug":"hprc-2730w-for-dji-ronin-4d-6k-combo","status":"publish","type":"product","link":"https:\/\/koningdrone.be\/de\/produkt\/hprc-2730w-for-dji-ronin-4d-6k-combo\/","title":{"rendered":"HPRC 2730W F\u00dcR DJI RONIN 4D-6K COMBO"},"content":{"rendered":"<p>Sch\u00fctzen und transportieren Sie Ihr DJI Ronin 4D-6K Combo Kit mit diesem schwarzen R4D-2730W-01 Case f\u00fcr DJI Ronin 4D-6K Combo von HPRC. Der wasserdichte, sturzsichere und korrosionsbest\u00e4ndige Hartschalenkoffer ist speziell f\u00fcr ein komplett montiertes DJI Ronin 4D-6K Combo Kit plus Zubeh\u00f6r konzipiert. Er verf\u00fcgt \u00fcber spezielle, vorgeschnittene Schaumstofftaschen f\u00fcr einen zuverl\u00e4ssigen, passgenauen Sitz. Die Rollen und das geringe Gewicht des R4D-2730W-01 sorgen f\u00fcr einen einfachen Transport.<\/p>","protected":false},"excerpt":{"rendered":"<ul>\n<li>F\u00fcr komplett montierte DJI Ronin 4D-6K<\/li>\n<li>Wasserdicht, sturzsicher und korrosionsbest\u00e4ndig<\/li>\n<li>Ma\u00dfgeschneiderter, vorgeschnittener Schaumstoff<\/li>\n<li>R\u00e4der und einziehbarer Griff<\/li>\n<\/ul>","protected":false},"featured_media":3009,"template":"","meta":{"_acf_changed":false},"product_brand":[],"product_cat":[410,97,201,532],"product_tag":[],"class_list":{"0":"post-3013","1":"product","2":"type-product","3":"status-publish","4":"has-post-thumbnail","6":"product_cat-alle-handheld-gimbals","7":"product_cat-alle-producten","8":"product_cat-alle-tassen-en-koffers","9":"product_cat-dji-ronin-4d","10":"product_shipping_class-outofstock","11":"pa_brand-hprc","12":"pa_productfamily-koffer","13":"pa_producttype-koffer","14":"pa_series-ronin-4d","16":"first","17":"outofstock","18":"taxable","19":"shipping-taxable","20":"purchasable","21":"product-type-simple"},"acf":[],"yoast_head":"<!-- This site is optimized with the Yoast SEO Premium plugin v27.2 (Yoast SEO v27.2) - https:\/\/yoast.com\/product\/yoast-seo-premium-wordpress\/ -->\n<title>HPRC 2730W FOR DJI RONIN 4D-6K COMBO - koningdrone.be<\/title>\n<meta name=\"robots\" content=\"index, follow, max-snippet:-1, max-image-preview:large, max-video-preview:-1\" \/>\n<link rel=\"canonical\" href=\"https:\/\/koningdrone.be\/de\/produkt\/hprc-2730w-for-dji-ronin-4d-6k-combo\/\" \/>\n<meta property=\"og:locale\" content=\"de_DE\" \/>\n<meta property=\"og:type\" content=\"article\" \/>\n<meta property=\"og:title\" content=\"HPRC 2730W FOR DJI RONIN 4D-6K COMBO\" \/>\n<meta property=\"og:description\" content=\"Voor volledig geassembleerde DJI Ronin 4D-6KWaterdicht, bestand tegen vallen en corrosieVoorgesneden schuim op maatWielen en intrekbare handgreep\" \/>\n<meta property=\"og:url\" content=\"https:\/\/koningdrone.be\/de\/produkt\/hprc-2730w-for-dji-ronin-4d-6k-combo\/\" \/>\n<meta property=\"og:site_name\" content=\"koningdrone.be\" \/>\n<meta property=\"article:modified_time\" content=\"2026-04-29T14:00:27+00:00\" \/>\n<meta property=\"og:image\" content=\"https:\/\/koningdrone.be\/wp-content\/uploads\/sites\/13\/2025\/04\/1654794338_1704593.jpg\" \/>\n\t<meta property=\"og:image:width\" content=\"500\" \/>\n\t<meta property=\"og:image:height\" content=\"500\" \/>\n\t<meta property=\"og:image:type\" content=\"image\/jpeg\" \/>\n<meta name=\"twitter:card\" content=\"summary_large_image\" \/>\n<script type=\"application\/ld+json\" class=\"yoast-schema-graph\">{\"@context\":\"https:\/\/schema.org\",\"@graph\":[{\"@type\":\"WebPage\",\"@id\":\"https:\/\/koningdrone.be\/product\/hprc-2730w-for-dji-ronin-4d-6k-combo\/\",\"url\":\"https:\/\/koningdrone.be\/product\/hprc-2730w-for-dji-ronin-4d-6k-combo\/\",\"name\":\"HPRC 2730W FOR DJI RONIN 4D-6K COMBO - koningdrone.be\",\"isPartOf\":{\"@id\":\"https:\/\/koningdrone.be\/#website\"},\"primaryImageOfPage\":{\"@id\":\"https:\/\/koningdrone.be\/product\/hprc-2730w-for-dji-ronin-4d-6k-combo\/#primaryimage\"},\"image\":{\"@id\":\"https:\/\/koningdrone.be\/product\/hprc-2730w-for-dji-ronin-4d-6k-combo\/#primaryimage\"},\"thumbnailUrl\":\"https:\/\/koningdrone.be\/wp-content\/uploads\/sites\/13\/2025\/04\/1654794338_1704593.jpg\",\"datePublished\":\"2024-09-05T09:55:07+00:00\",\"dateModified\":\"2026-04-29T14:00:27+00:00\",\"breadcrumb\":{\"@id\":\"https:\/\/koningdrone.be\/product\/hprc-2730w-for-dji-ronin-4d-6k-combo\/#breadcrumb\"},\"inLanguage\":\"de\",\"potentialAction\":[{\"@type\":\"ReadAction\",\"target\":[\"https:\/\/koningdrone.be\/product\/hprc-2730w-for-dji-ronin-4d-6k-combo\/\"]}]},{\"@type\":\"ImageObject\",\"inLanguage\":\"de\",\"@id\":\"https:\/\/koningdrone.be\/product\/hprc-2730w-for-dji-ronin-4d-6k-combo\/#primaryimage\",\"url\":\"https:\/\/koningdrone.be\/wp-content\/uploads\/sites\/13\/2025\/04\/1654794338_1704593.jpg\",\"contentUrl\":\"https:\/\/koningdrone.be\/wp-content\/uploads\/sites\/13\/2025\/04\/1654794338_1704593.jpg\",\"width\":500,\"height\":500},{\"@type\":\"BreadcrumbList\",\"@id\":\"https:\/\/koningdrone.be\/product\/hprc-2730w-for-dji-ronin-4d-6k-combo\/#breadcrumb\",\"itemListElement\":[{\"@type\":\"ListItem\",\"position\":1,\"name\":\"Home\",\"item\":\"https:\/\/koningdrone.be\/\"},{\"@type\":\"ListItem\",\"position\":2,\"name\":\"AVSS Parachute Recovery System for DJI Matrice 300\/350\",\"item\":\"https:\/\/koningdrone.be\/product\/avss-parachute-recovery-system-for-dji-matrice-300-350\/\"},{\"@type\":\"ListItem\",\"position\":3,\"name\":\"Alle handheld gimbals\",\"item\":\"https:\/\/koningdrone.be\/categorie\/alle-handheld-gimbals\/\"},{\"@type\":\"ListItem\",\"position\":4,\"name\":\"HPRC 2730W FOR DJI RONIN 4D-6K COMBO\"}]},{\"@type\":\"WebSite\",\"@id\":\"https:\/\/koningdrone.be\/#website\",\"url\":\"https:\/\/koningdrone.be\/\",\"name\":\"Koningdrone.be - Uw online specialist in drones, gimbals, camera's en power stations.\",\"description\":\"De webshop in drones en gimbals\",\"publisher\":{\"@id\":\"https:\/\/koningdrone.be\/#organization\"},\"potentialAction\":[{\"@type\":\"SearchAction\",\"target\":{\"@type\":\"EntryPoint\",\"urlTemplate\":\"https:\/\/koningdrone.be\/?s={search_term_string}\"},\"query-input\":{\"@type\":\"PropertyValueSpecification\",\"valueRequired\":true,\"valueName\":\"search_term_string\"}}],\"inLanguage\":\"de\"},{\"@type\":\"Organization\",\"@id\":\"https:\/\/koningdrone.be\/#organization\",\"name\":\"Koningdrone.be\",\"url\":\"https:\/\/koningdrone.be\/\",\"logo\":{\"@type\":\"ImageObject\",\"inLanguage\":\"de\",\"@id\":\"https:\/\/koningdrone.be\/#\/schema\/logo\/image\/\",\"url\":\"https:\/\/koningdrone.be\/wp-content\/uploads\/sites\/13\/2025\/04\/koningdrone-copyright-logo.svg\",\"contentUrl\":\"https:\/\/koningdrone.be\/wp-content\/uploads\/sites\/13\/2025\/04\/koningdrone-copyright-logo.svg\",\"width\":227,\"height\":38,\"caption\":\"Koningdrone.be\"},\"image\":{\"@id\":\"https:\/\/koningdrone.be\/#\/schema\/logo\/image\/\"}}]}<\/script>\n<!-- \/ Yoast SEO Premium plugin. -->","yoast_head_json":{"title":"HPRC 2730W FOR DJI RONIN 4D-6K COMBO - koningdrone.be","robots":{"index":"index","follow":"follow","max-snippet":"max-snippet:-1","max-image-preview":"max-image-preview:large","max-video-preview":"max-video-preview:-1"},"canonical":"https:\/\/koningdrone.be\/de\/produkt\/hprc-2730w-for-dji-ronin-4d-6k-combo\/","og_locale":"de_DE","og_type":"article","og_title":"HPRC 2730W FOR DJI RONIN 4D-6K COMBO","og_description":"Voor volledig geassembleerde DJI Ronin 4D-6KWaterdicht, bestand tegen vallen en corrosieVoorgesneden schuim op maatWielen en intrekbare handgreep","og_url":"https:\/\/koningdrone.be\/de\/produkt\/hprc-2730w-for-dji-ronin-4d-6k-combo\/","og_site_name":"koningdrone.be","article_modified_time":"2026-04-29T14:00:27+00:00","og_image":[{"width":500,"height":500,"url":"https:\/\/koningdrone.be\/wp-content\/uploads\/sites\/13\/2025\/04\/1654794338_1704593.jpg","type":"image\/jpeg"}],"twitter_card":"summary_large_image","schema":{"@context":"https:\/\/schema.org","@graph":[{"@type":"WebPage","@id":"https:\/\/koningdrone.be\/product\/hprc-2730w-for-dji-ronin-4d-6k-combo\/","url":"https:\/\/koningdrone.be\/product\/hprc-2730w-for-dji-ronin-4d-6k-combo\/","name":"HPRC 2730W FOR DJI RONIN 4D-6K COMBO - koningdrone.be","isPartOf":{"@id":"https:\/\/koningdrone.be\/#website"},"primaryImageOfPage":{"@id":"https:\/\/koningdrone.be\/product\/hprc-2730w-for-dji-ronin-4d-6k-combo\/#primaryimage"},"image":{"@id":"https:\/\/koningdrone.be\/product\/hprc-2730w-for-dji-ronin-4d-6k-combo\/#primaryimage"},"thumbnailUrl":"https:\/\/koningdrone.be\/wp-content\/uploads\/sites\/13\/2025\/04\/1654794338_1704593.jpg","datePublished":"2024-09-05T09:55:07+00:00","dateModified":"2026-04-29T14:00:27+00:00","breadcrumb":{"@id":"https:\/\/koningdrone.be\/product\/hprc-2730w-for-dji-ronin-4d-6k-combo\/#breadcrumb"},"inLanguage":"de","potentialAction":[{"@type":"ReadAction","target":["https:\/\/koningdrone.be\/product\/hprc-2730w-for-dji-ronin-4d-6k-combo\/"]}]},{"@type":"ImageObject","inLanguage":"de","@id":"https:\/\/koningdrone.be\/product\/hprc-2730w-for-dji-ronin-4d-6k-combo\/#primaryimage","url":"https:\/\/koningdrone.be\/wp-content\/uploads\/sites\/13\/2025\/04\/1654794338_1704593.jpg","contentUrl":"https:\/\/koningdrone.be\/wp-content\/uploads\/sites\/13\/2025\/04\/1654794338_1704593.jpg","width":500,"height":500},{"@type":"BreadcrumbList","@id":"https:\/\/koningdrone.be\/product\/hprc-2730w-for-dji-ronin-4d-6k-combo\/#breadcrumb","itemListElement":[{"@type":"ListItem","position":1,"name":"Home","item":"https:\/\/koningdrone.be\/"},{"@type":"ListItem","position":2,"name":"AVSS Parachute Recovery System for DJI Matrice 300\/350","item":"https:\/\/koningdrone.be\/product\/avss-parachute-recovery-system-for-dji-matrice-300-350\/"},{"@type":"ListItem","position":3,"name":"Alle handheld gimbals","item":"https:\/\/koningdrone.be\/categorie\/alle-handheld-gimbals\/"},{"@type":"ListItem","position":4,"name":"HPRC 2730W FOR DJI RONIN 4D-6K COMBO"}]},{"@type":"WebSite","@id":"https:\/\/koningdrone.be\/#website","url":"https:\/\/koningdrone.be\/","name":"Koningdrone.be - Ihr Online-Spezialist f\u00fcr Drohnen, Gimbals, Kameras und Kraftwerke.","description":"Der Webshop f\u00fcr Drohnen und Gimbals","publisher":{"@id":"https:\/\/koningdrone.be\/#organization"},"potentialAction":[{"@type":"SearchAction","target":{"@type":"EntryPoint","urlTemplate":"https:\/\/koningdrone.be\/?s={search_term_string}"},"query-input":{"@type":"PropertyValueSpecification","valueRequired":true,"valueName":"search_term_string"}}],"inLanguage":"de"},{"@type":"Organization","@id":"https:\/\/koningdrone.be\/#organization","name":"Kingdrone.de","url":"https:\/\/koningdrone.be\/","logo":{"@type":"ImageObject","inLanguage":"de","@id":"https:\/\/koningdrone.be\/#\/schema\/logo\/image\/","url":"https:\/\/koningdrone.be\/wp-content\/uploads\/sites\/13\/2025\/04\/koningdrone-copyright-logo.svg","contentUrl":"https:\/\/koningdrone.be\/wp-content\/uploads\/sites\/13\/2025\/04\/koningdrone-copyright-logo.svg","width":227,"height":38,"caption":"Koningdrone.be"},"image":{"@id":"https:\/\/koningdrone.be\/#\/schema\/logo\/image\/"}}]}},"df_price":729,"df_sale_price":"","df_regular_price":729,"df_image_link":"https:\/\/koningdrone.be\/wp-content\/uploads\/sites\/13\/2025\/04\/1654794338_1704593-300x300.jpg","_links":{"self":[{"href":"https:\/\/koningdrone.be\/de\/wp-json\/wp\/v2\/product\/3013","targetHints":{"allow":["GET"]}}],"collection":[{"href":"https:\/\/koningdrone.be\/de\/wp-json\/wp\/v2\/product"}],"about":[{"href":"https:\/\/koningdrone.be\/de\/wp-json\/wp\/v2\/types\/product"}],"wp:featuredmedia":[{"embeddable":true,"href":"https:\/\/koningdrone.be\/de\/wp-json\/wp\/v2\/media\/3009"}],"wp:attachment":[{"href":"https:\/\/koningdrone.be\/de\/wp-json\/wp\/v2\/media?parent=3013"}],"wp:term":[{"taxonomy":"product_brand","embeddable":true,"href":"https:\/\/koningdrone.be\/de\/wp-json\/wp\/v2\/product_brand?post=3013"},{"taxonomy":"product_cat","embeddable":true,"href":"https:\/\/koningdrone.be\/de\/wp-json\/wp\/v2\/product_cat?post=3013"},{"taxonomy":"product_tag","embeddable":true,"href":"https:\/\/koningdrone.be\/de\/wp-json\/wp\/v2\/product_tag?post=3013"}],"curies":[{"name":"wp","href":"https:\/\/api.w.org\/{rel}","templated":true}]}}