{"id":3008,"date":"2024-09-05T11:55:25","date_gmt":"2024-09-05T09:55:25","guid":{"rendered":"https:\/\/koningdrone.nl\/kon\/product\/insta360-ace-ace-pro-vertical-horizontal-mount\/"},"modified":"2026-04-30T11:01:00","modified_gmt":"2026-04-30T09:01:00","slug":"insta360-ace-ace-pro-vertical-horizontal-mount","status":"publish","type":"product","link":"https:\/\/koningdrone.be\/de\/produkt\/insta360-ace-ace-pro-vertical-horizontal-mount\/","title":{"rendered":"Insta360 Ace\/Ace Pro Vertikal-Horizontal-Halterung"},"content":{"rendered":"<p>Mit der vertikalen\/horizontalen Halterung von Insta360 k\u00f6nnen Sie ganz einfach zwischen vertikalen und horizontalen Aufnahmen mit Ihrer Ace oder Ace Pro Action-Kamera wechseln. Die Halterung wird mit zwei Stiften an Ihrer Kamera befestigt und verf\u00fcgt \u00fcber zwei Schnellverschluss\u00f6ffnungen auf beiden Seiten f\u00fcr einen schnellen Wechsel der Befestigung. Das Design sorgt daf\u00fcr, dass der Ladeanschluss und die integrierten Mikrofone zug\u00e4nglich bleiben.<\/p>","protected":false},"excerpt":{"rendered":"<ul>\n<li>Kann sowohl vertikal als auch horizontal montiert werden, um Aufnahmen im vollen 9:16- oder 16:9-Format zu machen.<\/li>\n<li>Stabil und sicher, leicht zu demontieren.<\/li>\n<li>Das Geh\u00e4use besteht aus einer Aluminiumlegierung und wiegt nur 28 Gramm.<\/li>\n<li>Ladeanschluss und Mikrofone bleiben w\u00e4hrend des Gebrauchs leicht zug\u00e4nglich.<\/li>\n<\/ul>","protected":false},"featured_media":3003,"template":"","meta":{"_acf_changed":false},"product_brand":[],"product_cat":[97,343],"product_tag":[],"class_list":{"0":"post-3008","1":"product","2":"type-product","3":"status-publish","4":"has-post-thumbnail","6":"product_cat-alle-producten","7":"product_cat-insta360","8":"product_shipping_class-outofstock","9":"pa_brand-insta360","10":"pa_productfamily-montagebeugel","11":"pa_producttype-montagebeugel","12":"pa_series-insta360-go","14":"first","15":"outofstock","16":"taxable","17":"shipping-taxable","18":"product-type-simple"},"acf":[],"yoast_head":"<!-- This site is optimized with the Yoast SEO Premium plugin v27.2 (Yoast SEO v27.2) - https:\/\/yoast.com\/product\/yoast-seo-premium-wordpress\/ -->\n<title>Insta360 Ace\/Ace Pro Vertical-Horizontal Mount - koningdrone.be<\/title>\n<meta name=\"robots\" content=\"index, follow, max-snippet:-1, max-image-preview:large, max-video-preview:-1\" \/>\n<link rel=\"canonical\" href=\"https:\/\/koningdrone.be\/de\/produkt\/insta360-ace-ace-pro-vertical-horizontal-mount\/\" \/>\n<meta property=\"og:locale\" content=\"de_DE\" \/>\n<meta property=\"og:type\" content=\"article\" \/>\n<meta property=\"og:title\" content=\"Insta360 Ace\/Ace Pro Vertical-Horizontal Mount\" \/>\n<meta property=\"og:description\" content=\"Zowel verticaal als horizontaal te monteren om opnamen te maken in volledig 9:16 of 16:9.Stabiel en veilig, eenvoudig te demonteren.Behuizing van aluminiumlegering en weegt slechts 28 gram.Oplaadpoort en microfoons blijven gemakkelijk bereikbaar tijdens gebruik.\" \/>\n<meta property=\"og:url\" content=\"https:\/\/koningdrone.be\/de\/produkt\/insta360-ace-ace-pro-vertical-horizontal-mount\/\" \/>\n<meta property=\"og:site_name\" content=\"koningdrone.be\" \/>\n<meta property=\"article:modified_time\" content=\"2026-04-30T09:01:00+00:00\" \/>\n<meta property=\"og:image\" content=\"https:\/\/koningdrone.be\/wp-content\/uploads\/sites\/13\/2025\/04\/2673_709b249f-ad56-4fd0-abd8-1a15a600a1ec.webp\" \/>\n\t<meta property=\"og:image:width\" content=\"1280\" \/>\n\t<meta property=\"og:image:height\" content=\"1280\" \/>\n\t<meta property=\"og:image:type\" content=\"image\/webp\" \/>\n<meta name=\"twitter:card\" content=\"summary_large_image\" \/>\n<script type=\"application\/ld+json\" class=\"yoast-schema-graph\">{\"@context\":\"https:\/\/schema.org\",\"@graph\":[{\"@type\":\"WebPage\",\"@id\":\"https:\/\/koningdrone.be\/product\/insta360-ace-ace-pro-vertical-horizontal-mount\/\",\"url\":\"https:\/\/koningdrone.be\/product\/insta360-ace-ace-pro-vertical-horizontal-mount\/\",\"name\":\"Insta360 Ace\/Ace Pro Vertical-Horizontal Mount - koningdrone.be\",\"isPartOf\":{\"@id\":\"https:\/\/koningdrone.be\/#website\"},\"primaryImageOfPage\":{\"@id\":\"https:\/\/koningdrone.be\/product\/insta360-ace-ace-pro-vertical-horizontal-mount\/#primaryimage\"},\"image\":{\"@id\":\"https:\/\/koningdrone.be\/product\/insta360-ace-ace-pro-vertical-horizontal-mount\/#primaryimage\"},\"thumbnailUrl\":\"https:\/\/koningdrone.be\/wp-content\/uploads\/sites\/13\/2025\/04\/2673_709b249f-ad56-4fd0-abd8-1a15a600a1ec.webp\",\"datePublished\":\"2024-09-05T09:55:25+00:00\",\"dateModified\":\"2026-04-30T09:01:00+00:00\",\"breadcrumb\":{\"@id\":\"https:\/\/koningdrone.be\/product\/insta360-ace-ace-pro-vertical-horizontal-mount\/#breadcrumb\"},\"inLanguage\":\"de\",\"potentialAction\":[{\"@type\":\"ReadAction\",\"target\":[\"https:\/\/koningdrone.be\/product\/insta360-ace-ace-pro-vertical-horizontal-mount\/\"]}]},{\"@type\":\"ImageObject\",\"inLanguage\":\"de\",\"@id\":\"https:\/\/koningdrone.be\/product\/insta360-ace-ace-pro-vertical-horizontal-mount\/#primaryimage\",\"url\":\"https:\/\/koningdrone.be\/wp-content\/uploads\/sites\/13\/2025\/04\/2673_709b249f-ad56-4fd0-abd8-1a15a600a1ec.webp\",\"contentUrl\":\"https:\/\/koningdrone.be\/wp-content\/uploads\/sites\/13\/2025\/04\/2673_709b249f-ad56-4fd0-abd8-1a15a600a1ec.webp\",\"width\":1280,\"height\":1280},{\"@type\":\"BreadcrumbList\",\"@id\":\"https:\/\/koningdrone.be\/product\/insta360-ace-ace-pro-vertical-horizontal-mount\/#breadcrumb\",\"itemListElement\":[{\"@type\":\"ListItem\",\"position\":1,\"name\":\"Home\",\"item\":\"https:\/\/koningdrone.be\/\"},{\"@type\":\"ListItem\",\"position\":2,\"name\":\"AVSS Parachute Recovery System for DJI Matrice 300\/350\",\"item\":\"https:\/\/koningdrone.be\/product\/avss-parachute-recovery-system-for-dji-matrice-300-350\/\"},{\"@type\":\"ListItem\",\"position\":3,\"name\":\"Alle producten\",\"item\":\"https:\/\/koningdrone.be\/categorie\/alle-producten\/\"},{\"@type\":\"ListItem\",\"position\":4,\"name\":\"Insta360 Ace\/Ace Pro Vertical-Horizontal Mount\"}]},{\"@type\":\"WebSite\",\"@id\":\"https:\/\/koningdrone.be\/#website\",\"url\":\"https:\/\/koningdrone.be\/\",\"name\":\"Koningdrone.be - Uw online specialist in drones, gimbals, camera's en power stations.\",\"description\":\"De webshop in drones en gimbals\",\"publisher\":{\"@id\":\"https:\/\/koningdrone.be\/#organization\"},\"potentialAction\":[{\"@type\":\"SearchAction\",\"target\":{\"@type\":\"EntryPoint\",\"urlTemplate\":\"https:\/\/koningdrone.be\/?s={search_term_string}\"},\"query-input\":{\"@type\":\"PropertyValueSpecification\",\"valueRequired\":true,\"valueName\":\"search_term_string\"}}],\"inLanguage\":\"de\"},{\"@type\":\"Organization\",\"@id\":\"https:\/\/koningdrone.be\/#organization\",\"name\":\"Koningdrone.be\",\"url\":\"https:\/\/koningdrone.be\/\",\"logo\":{\"@type\":\"ImageObject\",\"inLanguage\":\"de\",\"@id\":\"https:\/\/koningdrone.be\/#\/schema\/logo\/image\/\",\"url\":\"https:\/\/koningdrone.be\/wp-content\/uploads\/sites\/13\/2025\/04\/koningdrone-copyright-logo.svg\",\"contentUrl\":\"https:\/\/koningdrone.be\/wp-content\/uploads\/sites\/13\/2025\/04\/koningdrone-copyright-logo.svg\",\"width\":227,\"height\":38,\"caption\":\"Koningdrone.be\"},\"image\":{\"@id\":\"https:\/\/koningdrone.be\/#\/schema\/logo\/image\/\"}}]}<\/script>\n<!-- \/ Yoast SEO Premium plugin. -->","yoast_head_json":{"title":"Insta360 Ace\/Ace Pro Vertical-Horizontal Mount - koningdrone.be","robots":{"index":"index","follow":"follow","max-snippet":"max-snippet:-1","max-image-preview":"max-image-preview:large","max-video-preview":"max-video-preview:-1"},"canonical":"https:\/\/koningdrone.be\/de\/produkt\/insta360-ace-ace-pro-vertical-horizontal-mount\/","og_locale":"de_DE","og_type":"article","og_title":"Insta360 Ace\/Ace Pro Vertical-Horizontal Mount","og_description":"Zowel verticaal als horizontaal te monteren om opnamen te maken in volledig 9:16 of 16:9.Stabiel en veilig, eenvoudig te demonteren.Behuizing van aluminiumlegering en weegt slechts 28 gram.Oplaadpoort en microfoons blijven gemakkelijk bereikbaar tijdens gebruik.","og_url":"https:\/\/koningdrone.be\/de\/produkt\/insta360-ace-ace-pro-vertical-horizontal-mount\/","og_site_name":"koningdrone.be","article_modified_time":"2026-04-30T09:01:00+00:00","og_image":[{"width":1280,"height":1280,"url":"https:\/\/koningdrone.be\/wp-content\/uploads\/sites\/13\/2025\/04\/2673_709b249f-ad56-4fd0-abd8-1a15a600a1ec.webp","type":"image\/webp"}],"twitter_card":"summary_large_image","schema":{"@context":"https:\/\/schema.org","@graph":[{"@type":"WebPage","@id":"https:\/\/koningdrone.be\/product\/insta360-ace-ace-pro-vertical-horizontal-mount\/","url":"https:\/\/koningdrone.be\/product\/insta360-ace-ace-pro-vertical-horizontal-mount\/","name":"Insta360 Ace\/Ace Pro Vertical-Horizontal Mount - koningdrone.be","isPartOf":{"@id":"https:\/\/koningdrone.be\/#website"},"primaryImageOfPage":{"@id":"https:\/\/koningdrone.be\/product\/insta360-ace-ace-pro-vertical-horizontal-mount\/#primaryimage"},"image":{"@id":"https:\/\/koningdrone.be\/product\/insta360-ace-ace-pro-vertical-horizontal-mount\/#primaryimage"},"thumbnailUrl":"https:\/\/koningdrone.be\/wp-content\/uploads\/sites\/13\/2025\/04\/2673_709b249f-ad56-4fd0-abd8-1a15a600a1ec.webp","datePublished":"2024-09-05T09:55:25+00:00","dateModified":"2026-04-30T09:01:00+00:00","breadcrumb":{"@id":"https:\/\/koningdrone.be\/product\/insta360-ace-ace-pro-vertical-horizontal-mount\/#breadcrumb"},"inLanguage":"de","potentialAction":[{"@type":"ReadAction","target":["https:\/\/koningdrone.be\/product\/insta360-ace-ace-pro-vertical-horizontal-mount\/"]}]},{"@type":"ImageObject","inLanguage":"de","@id":"https:\/\/koningdrone.be\/product\/insta360-ace-ace-pro-vertical-horizontal-mount\/#primaryimage","url":"https:\/\/koningdrone.be\/wp-content\/uploads\/sites\/13\/2025\/04\/2673_709b249f-ad56-4fd0-abd8-1a15a600a1ec.webp","contentUrl":"https:\/\/koningdrone.be\/wp-content\/uploads\/sites\/13\/2025\/04\/2673_709b249f-ad56-4fd0-abd8-1a15a600a1ec.webp","width":1280,"height":1280},{"@type":"BreadcrumbList","@id":"https:\/\/koningdrone.be\/product\/insta360-ace-ace-pro-vertical-horizontal-mount\/#breadcrumb","itemListElement":[{"@type":"ListItem","position":1,"name":"Home","item":"https:\/\/koningdrone.be\/"},{"@type":"ListItem","position":2,"name":"AVSS Parachute Recovery System for DJI Matrice 300\/350","item":"https:\/\/koningdrone.be\/product\/avss-parachute-recovery-system-for-dji-matrice-300-350\/"},{"@type":"ListItem","position":3,"name":"Alle producten","item":"https:\/\/koningdrone.be\/categorie\/alle-producten\/"},{"@type":"ListItem","position":4,"name":"Insta360 Ace\/Ace Pro Vertical-Horizontal Mount"}]},{"@type":"WebSite","@id":"https:\/\/koningdrone.be\/#website","url":"https:\/\/koningdrone.be\/","name":"Koningdrone.be - Ihr Online-Spezialist f\u00fcr Drohnen, Gimbals, Kameras und Kraftwerke.","description":"Der Webshop f\u00fcr Drohnen und Gimbals","publisher":{"@id":"https:\/\/koningdrone.be\/#organization"},"potentialAction":[{"@type":"SearchAction","target":{"@type":"EntryPoint","urlTemplate":"https:\/\/koningdrone.be\/?s={search_term_string}"},"query-input":{"@type":"PropertyValueSpecification","valueRequired":true,"valueName":"search_term_string"}}],"inLanguage":"de"},{"@type":"Organization","@id":"https:\/\/koningdrone.be\/#organization","name":"Kingdrone.de","url":"https:\/\/koningdrone.be\/","logo":{"@type":"ImageObject","inLanguage":"de","@id":"https:\/\/koningdrone.be\/#\/schema\/logo\/image\/","url":"https:\/\/koningdrone.be\/wp-content\/uploads\/sites\/13\/2025\/04\/koningdrone-copyright-logo.svg","contentUrl":"https:\/\/koningdrone.be\/wp-content\/uploads\/sites\/13\/2025\/04\/koningdrone-copyright-logo.svg","width":227,"height":38,"caption":"Koningdrone.be"},"image":{"@id":"https:\/\/koningdrone.be\/#\/schema\/logo\/image\/"}}]}},"df_price":"","df_sale_price":"","df_regular_price":"","df_image_link":"https:\/\/koningdrone.be\/wp-content\/uploads\/sites\/13\/2025\/04\/2673_709b249f-ad56-4fd0-abd8-1a15a600a1ec-300x300.webp","_links":{"self":[{"href":"https:\/\/koningdrone.be\/de\/wp-json\/wp\/v2\/product\/3008","targetHints":{"allow":["GET"]}}],"collection":[{"href":"https:\/\/koningdrone.be\/de\/wp-json\/wp\/v2\/product"}],"about":[{"href":"https:\/\/koningdrone.be\/de\/wp-json\/wp\/v2\/types\/product"}],"wp:featuredmedia":[{"embeddable":true,"href":"https:\/\/koningdrone.be\/de\/wp-json\/wp\/v2\/media\/3003"}],"wp:attachment":[{"href":"https:\/\/koningdrone.be\/de\/wp-json\/wp\/v2\/media?parent=3008"}],"wp:term":[{"taxonomy":"product_brand","embeddable":true,"href":"https:\/\/koningdrone.be\/de\/wp-json\/wp\/v2\/product_brand?post=3008"},{"taxonomy":"product_cat","embeddable":true,"href":"https:\/\/koningdrone.be\/de\/wp-json\/wp\/v2\/product_cat?post=3008"},{"taxonomy":"product_tag","embeddable":true,"href":"https:\/\/koningdrone.be\/de\/wp-json\/wp\/v2\/product_tag?post=3008"}],"curies":[{"name":"wp","href":"https:\/\/api.w.org\/{rel}","templated":true}]}}