{"id":2994,"date":"2024-09-05T11:55:25","date_gmt":"2024-09-05T09:55:25","guid":{"rendered":"https:\/\/koningdrone.nl\/kon\/product\/insta360-motorcycle-selfie-stick-support-clamp\/"},"modified":"2026-04-30T11:01:02","modified_gmt":"2026-04-30T09:01:02","slug":"insta360-motorcycle-selfie-stick-support-clamp","status":"publish","type":"product","link":"https:\/\/koningdrone.be\/de\/produkt\/insta360-motorcycle-selfie-stick-support-clamp\/","title":{"rendered":"Insta360 Motorrad Selfie Stick Unterst\u00fctzung Klemme"},"content":{"rendered":"<p>Die Motorrad-Selfie-Stick-Halteklammer von Insta360 wurde entwickelt, um Ihren Selfie-Stick sicher an Ihrem Motorrad zu befestigen und erm\u00f6glicht stabile und dynamische Aufnahmen unterwegs. Die Klemme ist aus strapazierf\u00e4higem Material gefertigt und bietet zuverl\u00e4ssigen Halt auf verschiedenen Oberfl\u00e4chen, um Ihre Kamera w\u00e4hrend der Fahrt in Position zu halten. Sie eignet sich ideal f\u00fcr Action-Aufnahmen und immersives Filmmaterial und verbessert Ihr Filmerlebnis, indem sie Ihre Kamera stabil und zug\u00e4nglich h\u00e4lt.<\/p>","protected":false},"excerpt":{"rendered":"<ul>\n<li>Holen Sie sich die super-stabilisierte Third-Person-Perspektive.<\/li>\n<li>Verwenden Sie die Insta360 Heavy Duty Clamp Mount oder die Motorcycle U-Bolt Mount f\u00fcr noch mehr Stabilit\u00e4t. <\/li>\n<li>Verstellbarer Doppelkugelkopf f\u00fcr mehr Winkel.<\/li>\n<li>Robuste Materialien mit rutschfestem Design.<\/li>\n<li>Insta360 bietet keine Rechtsberatung an. Motorradfahrer sollten sich von Fachleuten \u00fcber Stra\u00dfennutzung und Verkehrsgesetze beraten lassen. Befolgen Sie immer die \u00f6rtlichen Gesetze und Vorschriften, wenn Sie Insta360-Produkte verwenden. Insta360 ist nicht haftbar f\u00fcr rechtliche Probleme, die aus der unsachgem\u00e4\u00dfen Verwendung seiner Produkte entstehen k\u00f6nnen.<\/li>\n<\/ul>","protected":false},"featured_media":2989,"template":"","meta":{"_acf_changed":false},"product_brand":[],"product_cat":[97,343],"product_tag":[],"class_list":{"0":"post-2994","1":"product","2":"type-product","3":"status-publish","4":"has-post-thumbnail","6":"product_cat-alle-producten","7":"product_cat-insta360","8":"product_shipping_class-outofstock","9":"pa_brand-insta360","10":"pa_productfamily-selfie-stick","11":"pa_producttype-selfie-stick","12":"pa_series-insta360-go","14":"first","15":"outofstock","16":"taxable","17":"shipping-taxable","18":"product-type-simple"},"acf":[],"yoast_head":"<!-- This site is optimized with the Yoast SEO Premium plugin v27.2 (Yoast SEO v27.2) - https:\/\/yoast.com\/product\/yoast-seo-premium-wordpress\/ -->\n<title>Insta360 Motorcycle Selfie Stick Support Clamp - koningdrone.be<\/title>\n<meta name=\"robots\" content=\"index, follow, max-snippet:-1, max-image-preview:large, max-video-preview:-1\" \/>\n<link rel=\"canonical\" href=\"https:\/\/koningdrone.be\/de\/produkt\/insta360-motorcycle-selfie-stick-support-clamp\/\" \/>\n<meta property=\"og:locale\" content=\"de_DE\" \/>\n<meta property=\"og:type\" content=\"article\" \/>\n<meta property=\"og:title\" content=\"Insta360 Motorcycle Selfie Stick Support Clamp\" \/>\n<meta property=\"og:description\" content=\"Krijg super gestabiliseerd derde-persoonsperspectief.Gebruik de Insta360 Heavy Duty Clamp Mount of de Motorcycle U-Bolt Mount voor nog meer stabiliteit. Verstelbaar dubbel kogelkopontwerp voor meer hoeken.Sterke materialen met antislip ontwerp.Insta360 geeft geen juridisch advies. Motorrijders moeten professionals raadplegen voor advies over weggebruik en verkeerswetgeving. Volg altijd de lokale wet- en regelgeving bij het gebruik van Insta360 producten. Insta360 is niet aansprakelijk voor juridische kwesties die kunnen voortvloeien uit onjuist gebruik van haar producten.\" \/>\n<meta property=\"og:url\" content=\"https:\/\/koningdrone.be\/de\/produkt\/insta360-motorcycle-selfie-stick-support-clamp\/\" \/>\n<meta property=\"og:site_name\" content=\"koningdrone.be\" \/>\n<meta property=\"article:modified_time\" content=\"2026-04-30T09:01:02+00:00\" \/>\n<meta property=\"og:image\" content=\"https:\/\/koningdrone.be\/wp-content\/uploads\/sites\/13\/2025\/04\/2673_371d1c06-cbf8-404d-8641-6e051a561a57.webp\" \/>\n\t<meta property=\"og:image:width\" content=\"1280\" \/>\n\t<meta property=\"og:image:height\" content=\"1280\" \/>\n\t<meta property=\"og:image:type\" content=\"image\/webp\" \/>\n<meta name=\"twitter:card\" content=\"summary_large_image\" \/>\n<script type=\"application\/ld+json\" class=\"yoast-schema-graph\">{\"@context\":\"https:\/\/schema.org\",\"@graph\":[{\"@type\":\"WebPage\",\"@id\":\"https:\/\/koningdrone.be\/product\/insta360-motorcycle-selfie-stick-support-clamp\/\",\"url\":\"https:\/\/koningdrone.be\/product\/insta360-motorcycle-selfie-stick-support-clamp\/\",\"name\":\"Insta360 Motorcycle Selfie Stick Support Clamp - koningdrone.be\",\"isPartOf\":{\"@id\":\"https:\/\/koningdrone.be\/#website\"},\"primaryImageOfPage\":{\"@id\":\"https:\/\/koningdrone.be\/product\/insta360-motorcycle-selfie-stick-support-clamp\/#primaryimage\"},\"image\":{\"@id\":\"https:\/\/koningdrone.be\/product\/insta360-motorcycle-selfie-stick-support-clamp\/#primaryimage\"},\"thumbnailUrl\":\"https:\/\/koningdrone.be\/wp-content\/uploads\/sites\/13\/2025\/04\/2673_371d1c06-cbf8-404d-8641-6e051a561a57.webp\",\"datePublished\":\"2024-09-05T09:55:25+00:00\",\"dateModified\":\"2026-04-30T09:01:02+00:00\",\"breadcrumb\":{\"@id\":\"https:\/\/koningdrone.be\/product\/insta360-motorcycle-selfie-stick-support-clamp\/#breadcrumb\"},\"inLanguage\":\"de\",\"potentialAction\":[{\"@type\":\"ReadAction\",\"target\":[\"https:\/\/koningdrone.be\/product\/insta360-motorcycle-selfie-stick-support-clamp\/\"]}]},{\"@type\":\"ImageObject\",\"inLanguage\":\"de\",\"@id\":\"https:\/\/koningdrone.be\/product\/insta360-motorcycle-selfie-stick-support-clamp\/#primaryimage\",\"url\":\"https:\/\/koningdrone.be\/wp-content\/uploads\/sites\/13\/2025\/04\/2673_371d1c06-cbf8-404d-8641-6e051a561a57.webp\",\"contentUrl\":\"https:\/\/koningdrone.be\/wp-content\/uploads\/sites\/13\/2025\/04\/2673_371d1c06-cbf8-404d-8641-6e051a561a57.webp\",\"width\":1280,\"height\":1280},{\"@type\":\"BreadcrumbList\",\"@id\":\"https:\/\/koningdrone.be\/product\/insta360-motorcycle-selfie-stick-support-clamp\/#breadcrumb\",\"itemListElement\":[{\"@type\":\"ListItem\",\"position\":1,\"name\":\"Home\",\"item\":\"https:\/\/koningdrone.be\/\"},{\"@type\":\"ListItem\",\"position\":2,\"name\":\"AVSS Parachute Recovery System for DJI Matrice 300\/350\",\"item\":\"https:\/\/koningdrone.be\/product\/avss-parachute-recovery-system-for-dji-matrice-300-350\/\"},{\"@type\":\"ListItem\",\"position\":3,\"name\":\"Alle producten\",\"item\":\"https:\/\/koningdrone.be\/categorie\/alle-producten\/\"},{\"@type\":\"ListItem\",\"position\":4,\"name\":\"Insta360 Motorcycle Selfie Stick Support Clamp\"}]},{\"@type\":\"WebSite\",\"@id\":\"https:\/\/koningdrone.be\/#website\",\"url\":\"https:\/\/koningdrone.be\/\",\"name\":\"Koningdrone.be - Uw online specialist in drones, gimbals, camera's en power stations.\",\"description\":\"De webshop in drones en gimbals\",\"publisher\":{\"@id\":\"https:\/\/koningdrone.be\/#organization\"},\"potentialAction\":[{\"@type\":\"SearchAction\",\"target\":{\"@type\":\"EntryPoint\",\"urlTemplate\":\"https:\/\/koningdrone.be\/?s={search_term_string}\"},\"query-input\":{\"@type\":\"PropertyValueSpecification\",\"valueRequired\":true,\"valueName\":\"search_term_string\"}}],\"inLanguage\":\"de\"},{\"@type\":\"Organization\",\"@id\":\"https:\/\/koningdrone.be\/#organization\",\"name\":\"Koningdrone.be\",\"url\":\"https:\/\/koningdrone.be\/\",\"logo\":{\"@type\":\"ImageObject\",\"inLanguage\":\"de\",\"@id\":\"https:\/\/koningdrone.be\/#\/schema\/logo\/image\/\",\"url\":\"https:\/\/koningdrone.be\/wp-content\/uploads\/sites\/13\/2025\/04\/koningdrone-copyright-logo.svg\",\"contentUrl\":\"https:\/\/koningdrone.be\/wp-content\/uploads\/sites\/13\/2025\/04\/koningdrone-copyright-logo.svg\",\"width\":227,\"height\":38,\"caption\":\"Koningdrone.be\"},\"image\":{\"@id\":\"https:\/\/koningdrone.be\/#\/schema\/logo\/image\/\"}}]}<\/script>\n<!-- \/ Yoast SEO Premium plugin. -->","yoast_head_json":{"title":"Insta360 Motorrad Selfie Stick St\u00fctzklemme - kingdrone.de","robots":{"index":"index","follow":"follow","max-snippet":"max-snippet:-1","max-image-preview":"max-image-preview:large","max-video-preview":"max-video-preview:-1"},"canonical":"https:\/\/koningdrone.be\/de\/produkt\/insta360-motorcycle-selfie-stick-support-clamp\/","og_locale":"de_DE","og_type":"article","og_title":"Insta360 Motorcycle Selfie Stick Support Clamp","og_description":"Krijg super gestabiliseerd derde-persoonsperspectief.Gebruik de Insta360 Heavy Duty Clamp Mount of de Motorcycle U-Bolt Mount voor nog meer stabiliteit. Verstelbaar dubbel kogelkopontwerp voor meer hoeken.Sterke materialen met antislip ontwerp.Insta360 geeft geen juridisch advies. Motorrijders moeten professionals raadplegen voor advies over weggebruik en verkeerswetgeving. Volg altijd de lokale wet- en regelgeving bij het gebruik van Insta360 producten. Insta360 is niet aansprakelijk voor juridische kwesties die kunnen voortvloeien uit onjuist gebruik van haar producten.","og_url":"https:\/\/koningdrone.be\/de\/produkt\/insta360-motorcycle-selfie-stick-support-clamp\/","og_site_name":"koningdrone.be","article_modified_time":"2026-04-30T09:01:02+00:00","og_image":[{"width":1280,"height":1280,"url":"https:\/\/koningdrone.be\/wp-content\/uploads\/sites\/13\/2025\/04\/2673_371d1c06-cbf8-404d-8641-6e051a561a57.webp","type":"image\/webp"}],"twitter_card":"summary_large_image","schema":{"@context":"https:\/\/schema.org","@graph":[{"@type":"WebPage","@id":"https:\/\/koningdrone.be\/product\/insta360-motorcycle-selfie-stick-support-clamp\/","url":"https:\/\/koningdrone.be\/product\/insta360-motorcycle-selfie-stick-support-clamp\/","name":"Insta360 Motorrad Selfie Stick St\u00fctzklemme - kingdrone.de","isPartOf":{"@id":"https:\/\/koningdrone.be\/#website"},"primaryImageOfPage":{"@id":"https:\/\/koningdrone.be\/product\/insta360-motorcycle-selfie-stick-support-clamp\/#primaryimage"},"image":{"@id":"https:\/\/koningdrone.be\/product\/insta360-motorcycle-selfie-stick-support-clamp\/#primaryimage"},"thumbnailUrl":"https:\/\/koningdrone.be\/wp-content\/uploads\/sites\/13\/2025\/04\/2673_371d1c06-cbf8-404d-8641-6e051a561a57.webp","datePublished":"2024-09-05T09:55:25+00:00","dateModified":"2026-04-30T09:01:02+00:00","breadcrumb":{"@id":"https:\/\/koningdrone.be\/product\/insta360-motorcycle-selfie-stick-support-clamp\/#breadcrumb"},"inLanguage":"de","potentialAction":[{"@type":"ReadAction","target":["https:\/\/koningdrone.be\/product\/insta360-motorcycle-selfie-stick-support-clamp\/"]}]},{"@type":"ImageObject","inLanguage":"de","@id":"https:\/\/koningdrone.be\/product\/insta360-motorcycle-selfie-stick-support-clamp\/#primaryimage","url":"https:\/\/koningdrone.be\/wp-content\/uploads\/sites\/13\/2025\/04\/2673_371d1c06-cbf8-404d-8641-6e051a561a57.webp","contentUrl":"https:\/\/koningdrone.be\/wp-content\/uploads\/sites\/13\/2025\/04\/2673_371d1c06-cbf8-404d-8641-6e051a561a57.webp","width":1280,"height":1280},{"@type":"BreadcrumbList","@id":"https:\/\/koningdrone.be\/product\/insta360-motorcycle-selfie-stick-support-clamp\/#breadcrumb","itemListElement":[{"@type":"ListItem","position":1,"name":"Home","item":"https:\/\/koningdrone.be\/"},{"@type":"ListItem","position":2,"name":"AVSS Parachute Recovery System for DJI Matrice 300\/350","item":"https:\/\/koningdrone.be\/product\/avss-parachute-recovery-system-for-dji-matrice-300-350\/"},{"@type":"ListItem","position":3,"name":"Alle producten","item":"https:\/\/koningdrone.be\/categorie\/alle-producten\/"},{"@type":"ListItem","position":4,"name":"Insta360 Motorcycle Selfie Stick Support Clamp"}]},{"@type":"WebSite","@id":"https:\/\/koningdrone.be\/#website","url":"https:\/\/koningdrone.be\/","name":"Koningdrone.be - Ihr Online-Spezialist f\u00fcr Drohnen, Gimbals, Kameras und Kraftwerke.","description":"Der Webshop f\u00fcr Drohnen und Gimbals","publisher":{"@id":"https:\/\/koningdrone.be\/#organization"},"potentialAction":[{"@type":"SearchAction","target":{"@type":"EntryPoint","urlTemplate":"https:\/\/koningdrone.be\/?s={search_term_string}"},"query-input":{"@type":"PropertyValueSpecification","valueRequired":true,"valueName":"search_term_string"}}],"inLanguage":"de"},{"@type":"Organization","@id":"https:\/\/koningdrone.be\/#organization","name":"Kingdrone.de","url":"https:\/\/koningdrone.be\/","logo":{"@type":"ImageObject","inLanguage":"de","@id":"https:\/\/koningdrone.be\/#\/schema\/logo\/image\/","url":"https:\/\/koningdrone.be\/wp-content\/uploads\/sites\/13\/2025\/04\/koningdrone-copyright-logo.svg","contentUrl":"https:\/\/koningdrone.be\/wp-content\/uploads\/sites\/13\/2025\/04\/koningdrone-copyright-logo.svg","width":227,"height":38,"caption":"Koningdrone.be"},"image":{"@id":"https:\/\/koningdrone.be\/#\/schema\/logo\/image\/"}}]}},"df_price":"","df_sale_price":"","df_regular_price":"","df_image_link":"https:\/\/koningdrone.be\/wp-content\/uploads\/sites\/13\/2025\/04\/2673_371d1c06-cbf8-404d-8641-6e051a561a57-300x300.webp","_links":{"self":[{"href":"https:\/\/koningdrone.be\/de\/wp-json\/wp\/v2\/product\/2994","targetHints":{"allow":["GET"]}}],"collection":[{"href":"https:\/\/koningdrone.be\/de\/wp-json\/wp\/v2\/product"}],"about":[{"href":"https:\/\/koningdrone.be\/de\/wp-json\/wp\/v2\/types\/product"}],"wp:featuredmedia":[{"embeddable":true,"href":"https:\/\/koningdrone.be\/de\/wp-json\/wp\/v2\/media\/2989"}],"wp:attachment":[{"href":"https:\/\/koningdrone.be\/de\/wp-json\/wp\/v2\/media?parent=2994"}],"wp:term":[{"taxonomy":"product_brand","embeddable":true,"href":"https:\/\/koningdrone.be\/de\/wp-json\/wp\/v2\/product_brand?post=2994"},{"taxonomy":"product_cat","embeddable":true,"href":"https:\/\/koningdrone.be\/de\/wp-json\/wp\/v2\/product_cat?post=2994"},{"taxonomy":"product_tag","embeddable":true,"href":"https:\/\/koningdrone.be\/de\/wp-json\/wp\/v2\/product_tag?post=2994"}],"curies":[{"name":"wp","href":"https:\/\/api.w.org\/{rel}","templated":true}]}}