{"id":2984,"date":"2024-09-05T11:55:25","date_gmt":"2024-09-05T09:55:25","guid":{"rendered":"https:\/\/koningdrone.nl\/kon\/product\/insta360-the-back-bar-waist-strap\/"},"modified":"2026-05-01T04:50:22","modified_gmt":"2026-05-01T02:50:22","slug":"insta360-the-back-bar-waist-strap","status":"publish","type":"product","link":"https:\/\/koningdrone.be\/de\/produkt\/insta360-the-back-bar-waist-strap\/","title":{"rendered":"Insta360 Der R\u00fcckenb\u00fcgel-Taillengurt"},"content":{"rendered":"<p>Die Insta360 Back Bar ist ein Zubeh\u00f6rteil, das Ihr Filmerlebnis mit Insta360 Kameras verbessern soll. Sie verf\u00fcgt \u00fcber ein vielseitiges Befestigungssystem, mit dem Sie Ihre Kamera sicher und einfach an verschiedenen Oberfl\u00e4chen oder Objekten befestigen k\u00f6nnen. Die Back Bar ist ideal f\u00fcr die Aufnahme dynamischer, freih\u00e4ndiger Bilder und eignet sich perfekt f\u00fcr Abenteurer und Designer, die eine zuverl\u00e4ssige, verstellbare Halterung f\u00fcr ihre Kamera in verschiedenen Umgebungen ben\u00f6tigen.<\/p>","protected":false},"excerpt":{"rendered":"<ul>\n<li>Ideal zum Joggen, Radfahren, Mountainbiken, BMX und Motorradfahren.<\/li>\n<li>Hinweis: Wenn dieses Produkt mit Ace Pro &amp; Ace verwendet wird, muss der Benutzer die separat erh\u00e4ltliche Schnellwechselhalterung oder den Adapter von 3-polig auf 1\/4\" kaufen.<\/li>\n<li>Fahren Sie beim Auto- oder Motorradfahren nicht schneller als 80 km\/h auf glatten Stra\u00dfen oder 40 km\/h im Gel\u00e4nde.<\/li>\n<li>Der GO 3\/GO 3S muss mit der Schnellspannvorrichtung montiert werden.<\/li>\n<li>GO 2 muss mit dem Action Mount Adapter montiert werden.<\/li>\n<\/ul>","protected":false},"featured_media":2982,"template":"","meta":{"_acf_changed":false},"product_brand":[],"product_cat":[97,343],"product_tag":[],"class_list":{"0":"post-2984","1":"product","2":"type-product","3":"status-publish","4":"has-post-thumbnail","6":"product_cat-alle-producten","7":"product_cat-insta360","8":"product_shipping_class-europafotoall","9":"pa_brand-insta360","10":"pa_productfamily-tailleband","11":"pa_producttype-tailleband","12":"pa_series-insta360-go","14":"first","15":"instock","16":"taxable","17":"shipping-taxable","18":"purchasable","19":"product-type-simple"},"acf":[],"yoast_head":"<!-- This site is optimized with the Yoast SEO Premium plugin v27.2 (Yoast SEO v27.2) - https:\/\/yoast.com\/product\/yoast-seo-premium-wordpress\/ -->\n<title>Insta360 The Back Bar Waist Strap - koningdrone.be<\/title>\n<meta name=\"robots\" content=\"index, follow, max-snippet:-1, max-image-preview:large, max-video-preview:-1\" \/>\n<link rel=\"canonical\" href=\"https:\/\/koningdrone.be\/de\/produkt\/insta360-the-back-bar-waist-strap\/\" \/>\n<meta property=\"og:locale\" content=\"de_DE\" \/>\n<meta property=\"og:type\" content=\"article\" \/>\n<meta property=\"og:title\" content=\"Insta360 The Back Bar Waist Strap\" \/>\n<meta property=\"og:description\" content=\"Perfect voor joggen, fietsen, mountainbiken, BMX en motorrijden.  Opmerking: Wanneer dit product wordt gebruikt met Ace Pro &amp; Ace, moeten gebruikers de Quick Release Mount of 3-prong naar 1\/4\u201d Adapter aanschaffen, apart verkrijgbaar.  Gebruik tijdens het rijden of motorrijden niet harder dan 80 km\/u op gladde wegen of 40 km\/u off-road.  GO 3\/GO 3S moet worden gemonteerd met de snelkoppelingsbevestiging.  GO 2 moet worden gemonteerd met de Action Mount Adapter.\" \/>\n<meta property=\"og:url\" content=\"https:\/\/koningdrone.be\/de\/produkt\/insta360-the-back-bar-waist-strap\/\" \/>\n<meta property=\"og:site_name\" content=\"koningdrone.be\" \/>\n<meta property=\"article:modified_time\" content=\"2026-05-01T02:50:22+00:00\" \/>\n<meta property=\"og:image\" content=\"https:\/\/koningdrone.be\/wp-content\/uploads\/sites\/13\/2025\/04\/AV05-3.webp\" \/>\n\t<meta property=\"og:image:width\" content=\"780\" \/>\n\t<meta property=\"og:image:height\" content=\"780\" \/>\n\t<meta property=\"og:image:type\" content=\"image\/webp\" \/>\n<meta name=\"twitter:card\" content=\"summary_large_image\" \/>\n<script type=\"application\/ld+json\" class=\"yoast-schema-graph\">{\"@context\":\"https:\/\/schema.org\",\"@graph\":[{\"@type\":\"WebPage\",\"@id\":\"https:\/\/koningdrone.be\/product\/insta360-the-back-bar-waist-strap\/\",\"url\":\"https:\/\/koningdrone.be\/product\/insta360-the-back-bar-waist-strap\/\",\"name\":\"Insta360 The Back Bar Waist Strap - koningdrone.be\",\"isPartOf\":{\"@id\":\"https:\/\/koningdrone.be\/#website\"},\"primaryImageOfPage\":{\"@id\":\"https:\/\/koningdrone.be\/product\/insta360-the-back-bar-waist-strap\/#primaryimage\"},\"image\":{\"@id\":\"https:\/\/koningdrone.be\/product\/insta360-the-back-bar-waist-strap\/#primaryimage\"},\"thumbnailUrl\":\"https:\/\/koningdrone.be\/wp-content\/uploads\/sites\/13\/2025\/04\/AV05-3.webp\",\"datePublished\":\"2024-09-05T09:55:25+00:00\",\"dateModified\":\"2026-05-01T02:50:22+00:00\",\"breadcrumb\":{\"@id\":\"https:\/\/koningdrone.be\/product\/insta360-the-back-bar-waist-strap\/#breadcrumb\"},\"inLanguage\":\"de\",\"potentialAction\":[{\"@type\":\"ReadAction\",\"target\":[\"https:\/\/koningdrone.be\/product\/insta360-the-back-bar-waist-strap\/\"]}]},{\"@type\":\"ImageObject\",\"inLanguage\":\"de\",\"@id\":\"https:\/\/koningdrone.be\/product\/insta360-the-back-bar-waist-strap\/#primaryimage\",\"url\":\"https:\/\/koningdrone.be\/wp-content\/uploads\/sites\/13\/2025\/04\/AV05-3.webp\",\"contentUrl\":\"https:\/\/koningdrone.be\/wp-content\/uploads\/sites\/13\/2025\/04\/AV05-3.webp\",\"width\":780,\"height\":780},{\"@type\":\"BreadcrumbList\",\"@id\":\"https:\/\/koningdrone.be\/product\/insta360-the-back-bar-waist-strap\/#breadcrumb\",\"itemListElement\":[{\"@type\":\"ListItem\",\"position\":1,\"name\":\"Home\",\"item\":\"https:\/\/koningdrone.be\/\"},{\"@type\":\"ListItem\",\"position\":2,\"name\":\"AVSS Parachute Recovery System for DJI Matrice 300\/350\",\"item\":\"https:\/\/koningdrone.be\/product\/avss-parachute-recovery-system-for-dji-matrice-300-350\/\"},{\"@type\":\"ListItem\",\"position\":3,\"name\":\"Alle producten\",\"item\":\"https:\/\/koningdrone.be\/categorie\/alle-producten\/\"},{\"@type\":\"ListItem\",\"position\":4,\"name\":\"Insta360 The Back Bar Waist Strap\"}]},{\"@type\":\"WebSite\",\"@id\":\"https:\/\/koningdrone.be\/#website\",\"url\":\"https:\/\/koningdrone.be\/\",\"name\":\"Koningdrone.be - Uw online specialist in drones, gimbals, camera's en power stations.\",\"description\":\"De webshop in drones en gimbals\",\"publisher\":{\"@id\":\"https:\/\/koningdrone.be\/#organization\"},\"potentialAction\":[{\"@type\":\"SearchAction\",\"target\":{\"@type\":\"EntryPoint\",\"urlTemplate\":\"https:\/\/koningdrone.be\/?s={search_term_string}\"},\"query-input\":{\"@type\":\"PropertyValueSpecification\",\"valueRequired\":true,\"valueName\":\"search_term_string\"}}],\"inLanguage\":\"de\"},{\"@type\":\"Organization\",\"@id\":\"https:\/\/koningdrone.be\/#organization\",\"name\":\"Koningdrone.be\",\"url\":\"https:\/\/koningdrone.be\/\",\"logo\":{\"@type\":\"ImageObject\",\"inLanguage\":\"de\",\"@id\":\"https:\/\/koningdrone.be\/#\/schema\/logo\/image\/\",\"url\":\"https:\/\/koningdrone.be\/wp-content\/uploads\/sites\/13\/2025\/04\/koningdrone-copyright-logo.svg\",\"contentUrl\":\"https:\/\/koningdrone.be\/wp-content\/uploads\/sites\/13\/2025\/04\/koningdrone-copyright-logo.svg\",\"width\":227,\"height\":38,\"caption\":\"Koningdrone.be\"},\"image\":{\"@id\":\"https:\/\/koningdrone.be\/#\/schema\/logo\/image\/\"}}]}<\/script>\n<!-- \/ Yoast SEO Premium plugin. -->","yoast_head_json":{"title":"Insta360 The Back Bar Waist Strap - koningdrone.be","robots":{"index":"index","follow":"follow","max-snippet":"max-snippet:-1","max-image-preview":"max-image-preview:large","max-video-preview":"max-video-preview:-1"},"canonical":"https:\/\/koningdrone.be\/de\/produkt\/insta360-the-back-bar-waist-strap\/","og_locale":"de_DE","og_type":"article","og_title":"Insta360 The Back Bar Waist Strap","og_description":"Perfect voor joggen, fietsen, mountainbiken, BMX en motorrijden.  Opmerking: Wanneer dit product wordt gebruikt met Ace Pro &amp; Ace, moeten gebruikers de Quick Release Mount of 3-prong naar 1\/4\u201d Adapter aanschaffen, apart verkrijgbaar.  Gebruik tijdens het rijden of motorrijden niet harder dan 80 km\/u op gladde wegen of 40 km\/u off-road.  GO 3\/GO 3S moet worden gemonteerd met de snelkoppelingsbevestiging.  GO 2 moet worden gemonteerd met de Action Mount Adapter.","og_url":"https:\/\/koningdrone.be\/de\/produkt\/insta360-the-back-bar-waist-strap\/","og_site_name":"koningdrone.be","article_modified_time":"2026-05-01T02:50:22+00:00","og_image":[{"width":780,"height":780,"url":"https:\/\/koningdrone.be\/wp-content\/uploads\/sites\/13\/2025\/04\/AV05-3.webp","type":"image\/webp"}],"twitter_card":"summary_large_image","schema":{"@context":"https:\/\/schema.org","@graph":[{"@type":"WebPage","@id":"https:\/\/koningdrone.be\/product\/insta360-the-back-bar-waist-strap\/","url":"https:\/\/koningdrone.be\/product\/insta360-the-back-bar-waist-strap\/","name":"Insta360 The Back Bar Waist Strap - koningdrone.be","isPartOf":{"@id":"https:\/\/koningdrone.be\/#website"},"primaryImageOfPage":{"@id":"https:\/\/koningdrone.be\/product\/insta360-the-back-bar-waist-strap\/#primaryimage"},"image":{"@id":"https:\/\/koningdrone.be\/product\/insta360-the-back-bar-waist-strap\/#primaryimage"},"thumbnailUrl":"https:\/\/koningdrone.be\/wp-content\/uploads\/sites\/13\/2025\/04\/AV05-3.webp","datePublished":"2024-09-05T09:55:25+00:00","dateModified":"2026-05-01T02:50:22+00:00","breadcrumb":{"@id":"https:\/\/koningdrone.be\/product\/insta360-the-back-bar-waist-strap\/#breadcrumb"},"inLanguage":"de","potentialAction":[{"@type":"ReadAction","target":["https:\/\/koningdrone.be\/product\/insta360-the-back-bar-waist-strap\/"]}]},{"@type":"ImageObject","inLanguage":"de","@id":"https:\/\/koningdrone.be\/product\/insta360-the-back-bar-waist-strap\/#primaryimage","url":"https:\/\/koningdrone.be\/wp-content\/uploads\/sites\/13\/2025\/04\/AV05-3.webp","contentUrl":"https:\/\/koningdrone.be\/wp-content\/uploads\/sites\/13\/2025\/04\/AV05-3.webp","width":780,"height":780},{"@type":"BreadcrumbList","@id":"https:\/\/koningdrone.be\/product\/insta360-the-back-bar-waist-strap\/#breadcrumb","itemListElement":[{"@type":"ListItem","position":1,"name":"Home","item":"https:\/\/koningdrone.be\/"},{"@type":"ListItem","position":2,"name":"AVSS Parachute Recovery System for DJI Matrice 300\/350","item":"https:\/\/koningdrone.be\/product\/avss-parachute-recovery-system-for-dji-matrice-300-350\/"},{"@type":"ListItem","position":3,"name":"Alle producten","item":"https:\/\/koningdrone.be\/categorie\/alle-producten\/"},{"@type":"ListItem","position":4,"name":"Insta360 The Back Bar Waist Strap"}]},{"@type":"WebSite","@id":"https:\/\/koningdrone.be\/#website","url":"https:\/\/koningdrone.be\/","name":"Koningdrone.be - Ihr Online-Spezialist f\u00fcr Drohnen, Gimbals, Kameras und Kraftwerke.","description":"Der Webshop f\u00fcr Drohnen und Gimbals","publisher":{"@id":"https:\/\/koningdrone.be\/#organization"},"potentialAction":[{"@type":"SearchAction","target":{"@type":"EntryPoint","urlTemplate":"https:\/\/koningdrone.be\/?s={search_term_string}"},"query-input":{"@type":"PropertyValueSpecification","valueRequired":true,"valueName":"search_term_string"}}],"inLanguage":"de"},{"@type":"Organization","@id":"https:\/\/koningdrone.be\/#organization","name":"Kingdrone.de","url":"https:\/\/koningdrone.be\/","logo":{"@type":"ImageObject","inLanguage":"de","@id":"https:\/\/koningdrone.be\/#\/schema\/logo\/image\/","url":"https:\/\/koningdrone.be\/wp-content\/uploads\/sites\/13\/2025\/04\/koningdrone-copyright-logo.svg","contentUrl":"https:\/\/koningdrone.be\/wp-content\/uploads\/sites\/13\/2025\/04\/koningdrone-copyright-logo.svg","width":227,"height":38,"caption":"Koningdrone.be"},"image":{"@id":"https:\/\/koningdrone.be\/#\/schema\/logo\/image\/"}}]}},"df_price":142,"df_sale_price":"","df_regular_price":142,"df_image_link":"https:\/\/koningdrone.be\/wp-content\/uploads\/sites\/13\/2025\/04\/AV05-3-300x300.webp","_links":{"self":[{"href":"https:\/\/koningdrone.be\/de\/wp-json\/wp\/v2\/product\/2984","targetHints":{"allow":["GET"]}}],"collection":[{"href":"https:\/\/koningdrone.be\/de\/wp-json\/wp\/v2\/product"}],"about":[{"href":"https:\/\/koningdrone.be\/de\/wp-json\/wp\/v2\/types\/product"}],"wp:featuredmedia":[{"embeddable":true,"href":"https:\/\/koningdrone.be\/de\/wp-json\/wp\/v2\/media\/2982"}],"wp:attachment":[{"href":"https:\/\/koningdrone.be\/de\/wp-json\/wp\/v2\/media?parent=2984"}],"wp:term":[{"taxonomy":"product_brand","embeddable":true,"href":"https:\/\/koningdrone.be\/de\/wp-json\/wp\/v2\/product_brand?post=2984"},{"taxonomy":"product_cat","embeddable":true,"href":"https:\/\/koningdrone.be\/de\/wp-json\/wp\/v2\/product_cat?post=2984"},{"taxonomy":"product_tag","embeddable":true,"href":"https:\/\/koningdrone.be\/de\/wp-json\/wp\/v2\/product_tag?post=2984"}],"curies":[{"name":"wp","href":"https:\/\/api.w.org\/{rel}","templated":true}]}}