{"id":2860,"date":"2024-09-05T11:57:24","date_gmt":"2024-09-05T09:57:24","guid":{"rendered":"https:\/\/koningdrone.nl\/kon\/product\/insta360-go-3-go-3s-quick-reader\/"},"modified":"2026-05-01T04:40:17","modified_gmt":"2026-05-01T02:40:17","slug":"insta360-go-3-go-3s-quick-reader","status":"publish","type":"product","link":"https:\/\/koningdrone.be\/de\/produkt\/insta360-go-3-go-3s-quick-reader\/","title":{"rendered":"Insta360 Go 3\/Go 3S Schnellleser"},"content":{"rendered":"<p>Der Insta360 GO 3S Quick Reader ist ein kompaktes Zubeh\u00f6rteil zur schnellen \u00dcbertragung von Dateien von der Insta360 GO 3S Kamera auf Ihren Computer oder andere Ger\u00e4te. Es vereinfacht den Daten\u00fcbertragungsprozess und erm\u00f6glicht es Ihnen, schneller und effizienter auf Ihre Aufnahmen zuzugreifen und diese zu verwalten.<\/p>","protected":false},"excerpt":{"rendered":"<ul>\n<li>\u00dcbertragen Sie Ihre Dateien schnell auf eine externe SD-Karte - jederzeit und \u00fcberall, ohne Wi-Fi.<\/li>\n<li>Direkte Verbindung zu Ihrem Smartphone f\u00fcr eine schnellere Bearbeitung.<\/li>\n<li>Docken Sie die Kamera im Quick Reader an, um das Aufladen \u00fcber ein Kabel zu erm\u00f6glichen. Sie m\u00fcssen den Action Pod nicht \u00fcberallhin mitnehmen.<\/li>\n<li>Kompatibel mit Typ-C- und Lightning-Schnittstellen.<\/li>\n<li>Hinweis: Bei Verwendung des Quick Reader wird empfohlen, das Kameraobjektiv nach oben zu halten, um eine stabile Verbindung zwischen der Kamera und dem Quick Reader zu gew\u00e4hrleisten.<\/li>\n<li>Um Strom zu sparen, wird empfohlen, dieses Zubeh\u00f6r in Verbindung mit einer Strom-\/Batteriebank als erste Wahl f\u00fcr die \u00dcbertragung von Filmmaterial zu verwenden. Das Anschlie\u00dfen des Action Pods kann zur \u00dcbertragung kleinerer Dateien oder zur vor\u00fcbergehenden Verwendung verwendet werden, um Speicherplatz in der Kamera freizugeben.<\/li>\n<li>Zur Verwendung mit GO 3 aktualisieren Sie die Firmware auf v1.3.11.<\/li>\n<\/ul>","protected":false},"featured_media":2853,"template":"","meta":{"_acf_changed":false},"product_brand":[],"product_cat":[97,343],"product_tag":[],"class_list":{"0":"post-2860","1":"product","2":"type-product","3":"status-publish","4":"has-post-thumbnail","6":"product_cat-alle-producten","7":"product_cat-insta360","8":"product_shipping_class-europafotoall","9":"pa_brand-insta360","10":"pa_productfamily-snelle-lezer","11":"pa_producttype-snelle-lezer","12":"pa_series-insta360-go","14":"first","15":"instock","16":"taxable","17":"shipping-taxable","18":"purchasable","19":"product-type-simple"},"acf":[],"yoast_head":"<!-- This site is optimized with the Yoast SEO Premium plugin v27.2 (Yoast SEO v27.2) - https:\/\/yoast.com\/product\/yoast-seo-premium-wordpress\/ -->\n<title>Insta360 Go 3\/Go 3S Quick Reader - koningdrone.be<\/title>\n<meta name=\"robots\" content=\"index, follow, max-snippet:-1, max-image-preview:large, max-video-preview:-1\" \/>\n<link rel=\"canonical\" href=\"https:\/\/koningdrone.be\/de\/produkt\/insta360-go-3-go-3s-quick-reader\/\" \/>\n<meta property=\"og:locale\" content=\"de_DE\" \/>\n<meta property=\"og:type\" content=\"article\" \/>\n<meta property=\"og:title\" content=\"Insta360 Go 3\/Go 3S Quick Reader\" \/>\n<meta property=\"og:description\" content=\"Zet je bestanden snel over naar een externe SD-kaart, altijd en overal, zonder Wi-Fi.Directe verbinding met je smartphone voor snellere bewerking.Dock de camera in de Quick Reader om opladen via een kabel mogelijk te maken. U hoeft de Action Pod niet overal mee naartoe te nemen.Compatibel met zowel Type-C als Lightning interfaces.Opmerking: Wanneer u de Quick Reader gebruikt, is het aanbevolen om de cameralens naar boven te plaatsen voor een stabiele verbinding tussen de camera en de Quick Reader.Om stroom te besparen, wordt aanbevolen om dit accessoire te gebruiken met een voeding\/batterijbank als eerste keuze bij het overzetten van beeldmateriaal. Het aansluiten van de Action Pod kan worden gebruikt om kleinere bestanden over te zetten of voor tijdelijk gebruik om ruimte vrij te maken in de camera.Voor gebruik met GO 3 moet u de firmware upgraden naar v1.3.11.\" \/>\n<meta property=\"og:url\" content=\"https:\/\/koningdrone.be\/de\/produkt\/insta360-go-3-go-3s-quick-reader\/\" \/>\n<meta property=\"og:site_name\" content=\"koningdrone.be\" \/>\n<meta property=\"article:modified_time\" content=\"2026-05-01T02:40:17+00:00\" \/>\n<meta property=\"og:image\" content=\"https:\/\/koningdrone.be\/wp-content\/uploads\/sites\/13\/2025\/04\/731_6d3c0115-05f5-424e-ae1e-c0405a72649b.webp\" \/>\n\t<meta property=\"og:image:width\" content=\"1280\" \/>\n\t<meta property=\"og:image:height\" content=\"1280\" \/>\n\t<meta property=\"og:image:type\" content=\"image\/webp\" \/>\n<meta name=\"twitter:card\" content=\"summary_large_image\" \/>\n<script type=\"application\/ld+json\" class=\"yoast-schema-graph\">{\"@context\":\"https:\/\/schema.org\",\"@graph\":[{\"@type\":\"WebPage\",\"@id\":\"https:\/\/koningdrone.be\/product\/insta360-go-3-go-3s-quick-reader\/\",\"url\":\"https:\/\/koningdrone.be\/product\/insta360-go-3-go-3s-quick-reader\/\",\"name\":\"Insta360 Go 3\/Go 3S Quick Reader - koningdrone.be\",\"isPartOf\":{\"@id\":\"https:\/\/koningdrone.be\/#website\"},\"primaryImageOfPage\":{\"@id\":\"https:\/\/koningdrone.be\/product\/insta360-go-3-go-3s-quick-reader\/#primaryimage\"},\"image\":{\"@id\":\"https:\/\/koningdrone.be\/product\/insta360-go-3-go-3s-quick-reader\/#primaryimage\"},\"thumbnailUrl\":\"https:\/\/koningdrone.be\/wp-content\/uploads\/sites\/13\/2025\/04\/731_6d3c0115-05f5-424e-ae1e-c0405a72649b.webp\",\"datePublished\":\"2024-09-05T09:57:24+00:00\",\"dateModified\":\"2026-05-01T02:40:17+00:00\",\"breadcrumb\":{\"@id\":\"https:\/\/koningdrone.be\/product\/insta360-go-3-go-3s-quick-reader\/#breadcrumb\"},\"inLanguage\":\"de\",\"potentialAction\":[{\"@type\":\"ReadAction\",\"target\":[\"https:\/\/koningdrone.be\/product\/insta360-go-3-go-3s-quick-reader\/\"]}]},{\"@type\":\"ImageObject\",\"inLanguage\":\"de\",\"@id\":\"https:\/\/koningdrone.be\/product\/insta360-go-3-go-3s-quick-reader\/#primaryimage\",\"url\":\"https:\/\/koningdrone.be\/wp-content\/uploads\/sites\/13\/2025\/04\/731_6d3c0115-05f5-424e-ae1e-c0405a72649b.webp\",\"contentUrl\":\"https:\/\/koningdrone.be\/wp-content\/uploads\/sites\/13\/2025\/04\/731_6d3c0115-05f5-424e-ae1e-c0405a72649b.webp\",\"width\":1280,\"height\":1280},{\"@type\":\"BreadcrumbList\",\"@id\":\"https:\/\/koningdrone.be\/product\/insta360-go-3-go-3s-quick-reader\/#breadcrumb\",\"itemListElement\":[{\"@type\":\"ListItem\",\"position\":1,\"name\":\"Home\",\"item\":\"https:\/\/koningdrone.be\/\"},{\"@type\":\"ListItem\",\"position\":2,\"name\":\"AVSS Parachute Recovery System for DJI Matrice 300\/350\",\"item\":\"https:\/\/koningdrone.be\/product\/avss-parachute-recovery-system-for-dji-matrice-300-350\/\"},{\"@type\":\"ListItem\",\"position\":3,\"name\":\"Alle producten\",\"item\":\"https:\/\/koningdrone.be\/categorie\/alle-producten\/\"},{\"@type\":\"ListItem\",\"position\":4,\"name\":\"Insta360 Go 3\/Go 3S Quick Reader\"}]},{\"@type\":\"WebSite\",\"@id\":\"https:\/\/koningdrone.be\/#website\",\"url\":\"https:\/\/koningdrone.be\/\",\"name\":\"Koningdrone.be - Uw online specialist in drones, gimbals, camera's en power stations.\",\"description\":\"De webshop in drones en gimbals\",\"publisher\":{\"@id\":\"https:\/\/koningdrone.be\/#organization\"},\"potentialAction\":[{\"@type\":\"SearchAction\",\"target\":{\"@type\":\"EntryPoint\",\"urlTemplate\":\"https:\/\/koningdrone.be\/?s={search_term_string}\"},\"query-input\":{\"@type\":\"PropertyValueSpecification\",\"valueRequired\":true,\"valueName\":\"search_term_string\"}}],\"inLanguage\":\"de\"},{\"@type\":\"Organization\",\"@id\":\"https:\/\/koningdrone.be\/#organization\",\"name\":\"Koningdrone.be\",\"url\":\"https:\/\/koningdrone.be\/\",\"logo\":{\"@type\":\"ImageObject\",\"inLanguage\":\"de\",\"@id\":\"https:\/\/koningdrone.be\/#\/schema\/logo\/image\/\",\"url\":\"https:\/\/koningdrone.be\/wp-content\/uploads\/sites\/13\/2025\/04\/koningdrone-copyright-logo.svg\",\"contentUrl\":\"https:\/\/koningdrone.be\/wp-content\/uploads\/sites\/13\/2025\/04\/koningdrone-copyright-logo.svg\",\"width\":227,\"height\":38,\"caption\":\"Koningdrone.be\"},\"image\":{\"@id\":\"https:\/\/koningdrone.be\/#\/schema\/logo\/image\/\"}}]}<\/script>\n<!-- \/ Yoast SEO Premium plugin. -->","yoast_head_json":{"title":"Insta360 Go 3\/Go 3S Quick Reader - koningdrone.be","robots":{"index":"index","follow":"follow","max-snippet":"max-snippet:-1","max-image-preview":"max-image-preview:large","max-video-preview":"max-video-preview:-1"},"canonical":"https:\/\/koningdrone.be\/de\/produkt\/insta360-go-3-go-3s-quick-reader\/","og_locale":"de_DE","og_type":"article","og_title":"Insta360 Go 3\/Go 3S Quick Reader","og_description":"Zet je bestanden snel over naar een externe SD-kaart, altijd en overal, zonder Wi-Fi.Directe verbinding met je smartphone voor snellere bewerking.Dock de camera in de Quick Reader om opladen via een kabel mogelijk te maken. U hoeft de Action Pod niet overal mee naartoe te nemen.Compatibel met zowel Type-C als Lightning interfaces.Opmerking: Wanneer u de Quick Reader gebruikt, is het aanbevolen om de cameralens naar boven te plaatsen voor een stabiele verbinding tussen de camera en de Quick Reader.Om stroom te besparen, wordt aanbevolen om dit accessoire te gebruiken met een voeding\/batterijbank als eerste keuze bij het overzetten van beeldmateriaal. Het aansluiten van de Action Pod kan worden gebruikt om kleinere bestanden over te zetten of voor tijdelijk gebruik om ruimte vrij te maken in de camera.Voor gebruik met GO 3 moet u de firmware upgraden naar v1.3.11.","og_url":"https:\/\/koningdrone.be\/de\/produkt\/insta360-go-3-go-3s-quick-reader\/","og_site_name":"koningdrone.be","article_modified_time":"2026-05-01T02:40:17+00:00","og_image":[{"width":1280,"height":1280,"url":"https:\/\/koningdrone.be\/wp-content\/uploads\/sites\/13\/2025\/04\/731_6d3c0115-05f5-424e-ae1e-c0405a72649b.webp","type":"image\/webp"}],"twitter_card":"summary_large_image","schema":{"@context":"https:\/\/schema.org","@graph":[{"@type":"WebPage","@id":"https:\/\/koningdrone.be\/product\/insta360-go-3-go-3s-quick-reader\/","url":"https:\/\/koningdrone.be\/product\/insta360-go-3-go-3s-quick-reader\/","name":"Insta360 Go 3\/Go 3S Quick Reader - koningdrone.be","isPartOf":{"@id":"https:\/\/koningdrone.be\/#website"},"primaryImageOfPage":{"@id":"https:\/\/koningdrone.be\/product\/insta360-go-3-go-3s-quick-reader\/#primaryimage"},"image":{"@id":"https:\/\/koningdrone.be\/product\/insta360-go-3-go-3s-quick-reader\/#primaryimage"},"thumbnailUrl":"https:\/\/koningdrone.be\/wp-content\/uploads\/sites\/13\/2025\/04\/731_6d3c0115-05f5-424e-ae1e-c0405a72649b.webp","datePublished":"2024-09-05T09:57:24+00:00","dateModified":"2026-05-01T02:40:17+00:00","breadcrumb":{"@id":"https:\/\/koningdrone.be\/product\/insta360-go-3-go-3s-quick-reader\/#breadcrumb"},"inLanguage":"de","potentialAction":[{"@type":"ReadAction","target":["https:\/\/koningdrone.be\/product\/insta360-go-3-go-3s-quick-reader\/"]}]},{"@type":"ImageObject","inLanguage":"de","@id":"https:\/\/koningdrone.be\/product\/insta360-go-3-go-3s-quick-reader\/#primaryimage","url":"https:\/\/koningdrone.be\/wp-content\/uploads\/sites\/13\/2025\/04\/731_6d3c0115-05f5-424e-ae1e-c0405a72649b.webp","contentUrl":"https:\/\/koningdrone.be\/wp-content\/uploads\/sites\/13\/2025\/04\/731_6d3c0115-05f5-424e-ae1e-c0405a72649b.webp","width":1280,"height":1280},{"@type":"BreadcrumbList","@id":"https:\/\/koningdrone.be\/product\/insta360-go-3-go-3s-quick-reader\/#breadcrumb","itemListElement":[{"@type":"ListItem","position":1,"name":"Home","item":"https:\/\/koningdrone.be\/"},{"@type":"ListItem","position":2,"name":"AVSS Parachute Recovery System for DJI Matrice 300\/350","item":"https:\/\/koningdrone.be\/product\/avss-parachute-recovery-system-for-dji-matrice-300-350\/"},{"@type":"ListItem","position":3,"name":"Alle producten","item":"https:\/\/koningdrone.be\/categorie\/alle-producten\/"},{"@type":"ListItem","position":4,"name":"Insta360 Go 3\/Go 3S Quick Reader"}]},{"@type":"WebSite","@id":"https:\/\/koningdrone.be\/#website","url":"https:\/\/koningdrone.be\/","name":"Koningdrone.be - Ihr Online-Spezialist f\u00fcr Drohnen, Gimbals, Kameras und Kraftwerke.","description":"Der Webshop f\u00fcr Drohnen und Gimbals","publisher":{"@id":"https:\/\/koningdrone.be\/#organization"},"potentialAction":[{"@type":"SearchAction","target":{"@type":"EntryPoint","urlTemplate":"https:\/\/koningdrone.be\/?s={search_term_string}"},"query-input":{"@type":"PropertyValueSpecification","valueRequired":true,"valueName":"search_term_string"}}],"inLanguage":"de"},{"@type":"Organization","@id":"https:\/\/koningdrone.be\/#organization","name":"Kingdrone.de","url":"https:\/\/koningdrone.be\/","logo":{"@type":"ImageObject","inLanguage":"de","@id":"https:\/\/koningdrone.be\/#\/schema\/logo\/image\/","url":"https:\/\/koningdrone.be\/wp-content\/uploads\/sites\/13\/2025\/04\/koningdrone-copyright-logo.svg","contentUrl":"https:\/\/koningdrone.be\/wp-content\/uploads\/sites\/13\/2025\/04\/koningdrone-copyright-logo.svg","width":227,"height":38,"caption":"Koningdrone.be"},"image":{"@id":"https:\/\/koningdrone.be\/#\/schema\/logo\/image\/"}}]}},"df_price":57,"df_sale_price":"","df_regular_price":57,"df_image_link":"https:\/\/koningdrone.be\/wp-content\/uploads\/sites\/13\/2025\/04\/731_6d3c0115-05f5-424e-ae1e-c0405a72649b-300x300.webp","_links":{"self":[{"href":"https:\/\/koningdrone.be\/de\/wp-json\/wp\/v2\/product\/2860","targetHints":{"allow":["GET"]}}],"collection":[{"href":"https:\/\/koningdrone.be\/de\/wp-json\/wp\/v2\/product"}],"about":[{"href":"https:\/\/koningdrone.be\/de\/wp-json\/wp\/v2\/types\/product"}],"wp:featuredmedia":[{"embeddable":true,"href":"https:\/\/koningdrone.be\/de\/wp-json\/wp\/v2\/media\/2853"}],"wp:attachment":[{"href":"https:\/\/koningdrone.be\/de\/wp-json\/wp\/v2\/media?parent=2860"}],"wp:term":[{"taxonomy":"product_brand","embeddable":true,"href":"https:\/\/koningdrone.be\/de\/wp-json\/wp\/v2\/product_brand?post=2860"},{"taxonomy":"product_cat","embeddable":true,"href":"https:\/\/koningdrone.be\/de\/wp-json\/wp\/v2\/product_cat?post=2860"},{"taxonomy":"product_tag","embeddable":true,"href":"https:\/\/koningdrone.be\/de\/wp-json\/wp\/v2\/product_tag?post=2860"}],"curies":[{"name":"wp","href":"https:\/\/api.w.org\/{rel}","templated":true}]}}