{"id":2805,"date":"2024-09-05T11:58:16","date_gmt":"2024-09-05T09:58:16","guid":{"rendered":"https:\/\/koningdrone.nl\/kon\/product\/insta360-selfie-stick-sleeve-1m\/"},"modified":"2026-05-01T04:50:30","modified_gmt":"2026-05-01T02:50:30","slug":"insta360-selfie-stick-sleeve-1m","status":"publish","type":"product","link":"https:\/\/koningdrone.be\/de\/produkt\/insta360-selfie-stick-sleeve-1m\/","title":{"rendered":"Insta360 Selfie Stick H\u00fclse (1m)"},"content":{"rendered":"<p>Das Insta360 Selfie Stick Sleeve ist eine sch\u00fctzende und elegante H\u00fclle f\u00fcr den Insta360 Selfie Stick. Mit einer L\u00e4nge von 1 Meter sorgt sie daf\u00fcr, dass Ihr Stick sauber und kratzfrei bleibt und verbessert gleichzeitig Ihren Halt. Sie eignet sich sowohl f\u00fcr den t\u00e4glichen Gebrauch als auch f\u00fcr abenteuerliche Aufnahmen und verleiht Ihrem Kamera-Setup Haltbarkeit und Komfort.<\/p>","protected":false},"excerpt":{"rendered":"<ul>\n<li>Der komfortable Silikongriff macht den Selfie-Stick handlicher und erleichtert die Aufnahme von Fotos<\/li>\n<li>Durch die ergonomische Spindelform liegt der Stock auch bei l\u00e4ngerem Gebrauch besser in der Hand<\/li>\n<\/ul>","protected":false},"featured_media":2803,"template":"","meta":{"_acf_changed":false},"product_brand":[],"product_cat":[97,343],"product_tag":[],"class_list":{"0":"post-2805","1":"product","2":"type-product","3":"status-publish","4":"has-post-thumbnail","6":"product_cat-alle-producten","7":"product_cat-insta360","8":"product_shipping_class-europafotoall","9":"pa_brand-insta360","10":"pa_productfamily-selfie-stick-hoes","11":"pa_producttype-selfie-stick-hoes","12":"pa_series-insta360-go","14":"first","15":"instock","16":"taxable","17":"shipping-taxable","18":"purchasable","19":"product-type-simple"},"acf":[],"yoast_head":"<!-- This site is optimized with the Yoast SEO Premium plugin v27.2 (Yoast SEO v27.2) - https:\/\/yoast.com\/product\/yoast-seo-premium-wordpress\/ -->\n<title>Insta360 Selfie Stick Sleeve (1m) - koningdrone.be<\/title>\n<meta name=\"robots\" content=\"index, follow, max-snippet:-1, max-image-preview:large, max-video-preview:-1\" \/>\n<link rel=\"canonical\" href=\"https:\/\/koningdrone.be\/de\/produkt\/insta360-selfie-stick-sleeve-1m\/\" \/>\n<meta property=\"og:locale\" content=\"de_DE\" \/>\n<meta property=\"og:type\" content=\"article\" \/>\n<meta property=\"og:title\" content=\"Insta360 Selfie Stick Sleeve (1m)\" \/>\n<meta property=\"og:description\" content=\"De comfortabele siliconen grip zorgt ervoor dat je selfie stick makkelijker te hanteren is en maakt het maken van foto&#039;s eenvoudigerDoor de ergonomische spindelvorm ligt de stick beter in de hand, zelfs bij langdurig gebruik\" \/>\n<meta property=\"og:url\" content=\"https:\/\/koningdrone.be\/de\/produkt\/insta360-selfie-stick-sleeve-1m\/\" \/>\n<meta property=\"og:site_name\" content=\"koningdrone.be\" \/>\n<meta property=\"article:modified_time\" content=\"2026-05-01T02:50:30+00:00\" \/>\n<meta property=\"og:image\" content=\"https:\/\/koningdrone.be\/wp-content\/uploads\/sites\/13\/2025\/04\/insta360-selfie-stick-sleeve-1m-171376969235920304.jpg\" \/>\n\t<meta property=\"og:image:width\" content=\"1050\" \/>\n\t<meta property=\"og:image:height\" content=\"707\" \/>\n\t<meta property=\"og:image:type\" content=\"image\/jpeg\" \/>\n<meta name=\"twitter:card\" content=\"summary_large_image\" \/>\n<script type=\"application\/ld+json\" class=\"yoast-schema-graph\">{\"@context\":\"https:\/\/schema.org\",\"@graph\":[{\"@type\":\"WebPage\",\"@id\":\"https:\/\/koningdrone.be\/product\/insta360-selfie-stick-sleeve-1m\/\",\"url\":\"https:\/\/koningdrone.be\/product\/insta360-selfie-stick-sleeve-1m\/\",\"name\":\"Insta360 Selfie Stick Sleeve (1m) - koningdrone.be\",\"isPartOf\":{\"@id\":\"https:\/\/koningdrone.be\/#website\"},\"primaryImageOfPage\":{\"@id\":\"https:\/\/koningdrone.be\/product\/insta360-selfie-stick-sleeve-1m\/#primaryimage\"},\"image\":{\"@id\":\"https:\/\/koningdrone.be\/product\/insta360-selfie-stick-sleeve-1m\/#primaryimage\"},\"thumbnailUrl\":\"https:\/\/koningdrone.be\/wp-content\/uploads\/sites\/13\/2025\/04\/insta360-selfie-stick-sleeve-1m-171376969235920304.jpg\",\"datePublished\":\"2024-09-05T09:58:16+00:00\",\"dateModified\":\"2026-05-01T02:50:30+00:00\",\"breadcrumb\":{\"@id\":\"https:\/\/koningdrone.be\/product\/insta360-selfie-stick-sleeve-1m\/#breadcrumb\"},\"inLanguage\":\"de\",\"potentialAction\":[{\"@type\":\"ReadAction\",\"target\":[\"https:\/\/koningdrone.be\/product\/insta360-selfie-stick-sleeve-1m\/\"]}]},{\"@type\":\"ImageObject\",\"inLanguage\":\"de\",\"@id\":\"https:\/\/koningdrone.be\/product\/insta360-selfie-stick-sleeve-1m\/#primaryimage\",\"url\":\"https:\/\/koningdrone.be\/wp-content\/uploads\/sites\/13\/2025\/04\/insta360-selfie-stick-sleeve-1m-171376969235920304.jpg\",\"contentUrl\":\"https:\/\/koningdrone.be\/wp-content\/uploads\/sites\/13\/2025\/04\/insta360-selfie-stick-sleeve-1m-171376969235920304.jpg\",\"width\":1050,\"height\":707},{\"@type\":\"BreadcrumbList\",\"@id\":\"https:\/\/koningdrone.be\/product\/insta360-selfie-stick-sleeve-1m\/#breadcrumb\",\"itemListElement\":[{\"@type\":\"ListItem\",\"position\":1,\"name\":\"Home\",\"item\":\"https:\/\/koningdrone.be\/\"},{\"@type\":\"ListItem\",\"position\":2,\"name\":\"AVSS Parachute Recovery System for DJI Matrice 300\/350\",\"item\":\"https:\/\/koningdrone.be\/product\/avss-parachute-recovery-system-for-dji-matrice-300-350\/\"},{\"@type\":\"ListItem\",\"position\":3,\"name\":\"Alle producten\",\"item\":\"https:\/\/koningdrone.be\/categorie\/alle-producten\/\"},{\"@type\":\"ListItem\",\"position\":4,\"name\":\"Insta360 Selfie Stick Sleeve (1m)\"}]},{\"@type\":\"WebSite\",\"@id\":\"https:\/\/koningdrone.be\/#website\",\"url\":\"https:\/\/koningdrone.be\/\",\"name\":\"Koningdrone.be - Uw online specialist in drones, gimbals, camera's en power stations.\",\"description\":\"De webshop in drones en gimbals\",\"publisher\":{\"@id\":\"https:\/\/koningdrone.be\/#organization\"},\"potentialAction\":[{\"@type\":\"SearchAction\",\"target\":{\"@type\":\"EntryPoint\",\"urlTemplate\":\"https:\/\/koningdrone.be\/?s={search_term_string}\"},\"query-input\":{\"@type\":\"PropertyValueSpecification\",\"valueRequired\":true,\"valueName\":\"search_term_string\"}}],\"inLanguage\":\"de\"},{\"@type\":\"Organization\",\"@id\":\"https:\/\/koningdrone.be\/#organization\",\"name\":\"Koningdrone.be\",\"url\":\"https:\/\/koningdrone.be\/\",\"logo\":{\"@type\":\"ImageObject\",\"inLanguage\":\"de\",\"@id\":\"https:\/\/koningdrone.be\/#\/schema\/logo\/image\/\",\"url\":\"https:\/\/koningdrone.be\/wp-content\/uploads\/sites\/13\/2025\/04\/koningdrone-copyright-logo.svg\",\"contentUrl\":\"https:\/\/koningdrone.be\/wp-content\/uploads\/sites\/13\/2025\/04\/koningdrone-copyright-logo.svg\",\"width\":227,\"height\":38,\"caption\":\"Koningdrone.be\"},\"image\":{\"@id\":\"https:\/\/koningdrone.be\/#\/schema\/logo\/image\/\"}}]}<\/script>\n<!-- \/ Yoast SEO Premium plugin. -->","yoast_head_json":{"title":"Insta360 Selfie Stick Sleeve (1m) - koningdrone.be","robots":{"index":"index","follow":"follow","max-snippet":"max-snippet:-1","max-image-preview":"max-image-preview:large","max-video-preview":"max-video-preview:-1"},"canonical":"https:\/\/koningdrone.be\/de\/produkt\/insta360-selfie-stick-sleeve-1m\/","og_locale":"de_DE","og_type":"article","og_title":"Insta360 Selfie Stick Sleeve (1m)","og_description":"De comfortabele siliconen grip zorgt ervoor dat je selfie stick makkelijker te hanteren is en maakt het maken van foto's eenvoudigerDoor de ergonomische spindelvorm ligt de stick beter in de hand, zelfs bij langdurig gebruik","og_url":"https:\/\/koningdrone.be\/de\/produkt\/insta360-selfie-stick-sleeve-1m\/","og_site_name":"koningdrone.be","article_modified_time":"2026-05-01T02:50:30+00:00","og_image":[{"width":1050,"height":707,"url":"https:\/\/koningdrone.be\/wp-content\/uploads\/sites\/13\/2025\/04\/insta360-selfie-stick-sleeve-1m-171376969235920304.jpg","type":"image\/jpeg"}],"twitter_card":"summary_large_image","schema":{"@context":"https:\/\/schema.org","@graph":[{"@type":"WebPage","@id":"https:\/\/koningdrone.be\/product\/insta360-selfie-stick-sleeve-1m\/","url":"https:\/\/koningdrone.be\/product\/insta360-selfie-stick-sleeve-1m\/","name":"Insta360 Selfie Stick Sleeve (1m) - koningdrone.be","isPartOf":{"@id":"https:\/\/koningdrone.be\/#website"},"primaryImageOfPage":{"@id":"https:\/\/koningdrone.be\/product\/insta360-selfie-stick-sleeve-1m\/#primaryimage"},"image":{"@id":"https:\/\/koningdrone.be\/product\/insta360-selfie-stick-sleeve-1m\/#primaryimage"},"thumbnailUrl":"https:\/\/koningdrone.be\/wp-content\/uploads\/sites\/13\/2025\/04\/insta360-selfie-stick-sleeve-1m-171376969235920304.jpg","datePublished":"2024-09-05T09:58:16+00:00","dateModified":"2026-05-01T02:50:30+00:00","breadcrumb":{"@id":"https:\/\/koningdrone.be\/product\/insta360-selfie-stick-sleeve-1m\/#breadcrumb"},"inLanguage":"de","potentialAction":[{"@type":"ReadAction","target":["https:\/\/koningdrone.be\/product\/insta360-selfie-stick-sleeve-1m\/"]}]},{"@type":"ImageObject","inLanguage":"de","@id":"https:\/\/koningdrone.be\/product\/insta360-selfie-stick-sleeve-1m\/#primaryimage","url":"https:\/\/koningdrone.be\/wp-content\/uploads\/sites\/13\/2025\/04\/insta360-selfie-stick-sleeve-1m-171376969235920304.jpg","contentUrl":"https:\/\/koningdrone.be\/wp-content\/uploads\/sites\/13\/2025\/04\/insta360-selfie-stick-sleeve-1m-171376969235920304.jpg","width":1050,"height":707},{"@type":"BreadcrumbList","@id":"https:\/\/koningdrone.be\/product\/insta360-selfie-stick-sleeve-1m\/#breadcrumb","itemListElement":[{"@type":"ListItem","position":1,"name":"Home","item":"https:\/\/koningdrone.be\/"},{"@type":"ListItem","position":2,"name":"AVSS Parachute Recovery System for DJI Matrice 300\/350","item":"https:\/\/koningdrone.be\/product\/avss-parachute-recovery-system-for-dji-matrice-300-350\/"},{"@type":"ListItem","position":3,"name":"Alle producten","item":"https:\/\/koningdrone.be\/categorie\/alle-producten\/"},{"@type":"ListItem","position":4,"name":"Insta360 Selfie Stick Sleeve (1m)"}]},{"@type":"WebSite","@id":"https:\/\/koningdrone.be\/#website","url":"https:\/\/koningdrone.be\/","name":"Koningdrone.be - Ihr Online-Spezialist f\u00fcr Drohnen, Gimbals, Kameras und Kraftwerke.","description":"Der Webshop f\u00fcr Drohnen und Gimbals","publisher":{"@id":"https:\/\/koningdrone.be\/#organization"},"potentialAction":[{"@type":"SearchAction","target":{"@type":"EntryPoint","urlTemplate":"https:\/\/koningdrone.be\/?s={search_term_string}"},"query-input":{"@type":"PropertyValueSpecification","valueRequired":true,"valueName":"search_term_string"}}],"inLanguage":"de"},{"@type":"Organization","@id":"https:\/\/koningdrone.be\/#organization","name":"Kingdrone.de","url":"https:\/\/koningdrone.be\/","logo":{"@type":"ImageObject","inLanguage":"de","@id":"https:\/\/koningdrone.be\/#\/schema\/logo\/image\/","url":"https:\/\/koningdrone.be\/wp-content\/uploads\/sites\/13\/2025\/04\/koningdrone-copyright-logo.svg","contentUrl":"https:\/\/koningdrone.be\/wp-content\/uploads\/sites\/13\/2025\/04\/koningdrone-copyright-logo.svg","width":227,"height":38,"caption":"Koningdrone.be"},"image":{"@id":"https:\/\/koningdrone.be\/#\/schema\/logo\/image\/"}}]}},"df_price":17,"df_sale_price":"","df_regular_price":17,"df_image_link":"https:\/\/koningdrone.be\/wp-content\/uploads\/sites\/13\/2025\/04\/insta360-selfie-stick-sleeve-1m-171376969235920304-300x202.jpg","_links":{"self":[{"href":"https:\/\/koningdrone.be\/de\/wp-json\/wp\/v2\/product\/2805","targetHints":{"allow":["GET"]}}],"collection":[{"href":"https:\/\/koningdrone.be\/de\/wp-json\/wp\/v2\/product"}],"about":[{"href":"https:\/\/koningdrone.be\/de\/wp-json\/wp\/v2\/types\/product"}],"wp:featuredmedia":[{"embeddable":true,"href":"https:\/\/koningdrone.be\/de\/wp-json\/wp\/v2\/media\/2803"}],"wp:attachment":[{"href":"https:\/\/koningdrone.be\/de\/wp-json\/wp\/v2\/media?parent=2805"}],"wp:term":[{"taxonomy":"product_brand","embeddable":true,"href":"https:\/\/koningdrone.be\/de\/wp-json\/wp\/v2\/product_brand?post=2805"},{"taxonomy":"product_cat","embeddable":true,"href":"https:\/\/koningdrone.be\/de\/wp-json\/wp\/v2\/product_cat?post=2805"},{"taxonomy":"product_tag","embeddable":true,"href":"https:\/\/koningdrone.be\/de\/wp-json\/wp\/v2\/product_tag?post=2805"}],"curies":[{"name":"wp","href":"https:\/\/api.w.org\/{rel}","templated":true}]}}