{"id":2785,"date":"2024-09-05T11:58:34","date_gmt":"2024-09-05T09:58:34","guid":{"rendered":"https:\/\/koningdrone.nl\/kon\/product\/insta360-floating-surfboard-mount\/"},"modified":"2026-05-01T04:50:36","modified_gmt":"2026-05-01T02:50:36","slug":"insta360-floating-surfboard-mount","status":"publish","type":"product","link":"https:\/\/koningdrone.be\/de\/produkt\/insta360-floating-surfboard-mount\/","title":{"rendered":"Insta360 Schwimmende Surfbrett-Halterung"},"content":{"rendered":"<p>Die Insta360 Floating Surfboard Mount wurde entwickelt, um Ihre Kamera sicher an Ihrem Surfbrett zu befestigen und gleichzeitig f\u00fcr Auftrieb zu sorgen. Die Schwimmfunktion sorgt daf\u00fcr, dass Ihre Kamera \u00fcber Wasser bleibt, wenn sie ins Wasser f\u00e4llt. Damit ist sie ideal, um Ihre Surf-Sessions und andere Wasseraktivit\u00e4ten festzuhalten, ohne dass Sie sich Sorgen machen m\u00fcssen, Ihre Ausr\u00fcstung zu verlieren. Die Halterung ist einfach zu installieren und bietet eine stabile Plattform f\u00fcr dynamische Action-Aufnahmen.<\/p>","protected":false},"excerpt":{"rendered":"<ul>\n<li>Nutzen Sie die besten Winkel mit einem f\u00fcr das Surfen entwickelten Halter.<\/li>\n<li>Schwimmf\u00e4hig und zinkbest\u00e4ndig, damit Ihre Kamera bei St\u00f6\u00dfen sicher bleibt.<\/li>\n<li>Stabiler, wiederverschlie\u00dfbarer 3M\u2122 Dual Lock\u2122-Verschluss f\u00fcr zus\u00e4tzlichen Schutz.<\/li>\n<li>Starke selbstklebende 3M\u2122-Basis mit hervorragender Wasserbest\u00e4ndigkeit und langfristiger Haltbarkeit.<\/li>\n<\/ul>","protected":false},"featured_media":2779,"template":"","meta":{"_acf_changed":false},"product_brand":[],"product_cat":[97,343],"product_tag":[],"class_list":{"0":"post-2785","1":"product","2":"type-product","3":"status-publish","4":"has-post-thumbnail","6":"product_cat-alle-producten","7":"product_cat-insta360","8":"product_shipping_class-europafotoall","9":"pa_brand-insta360","10":"pa_productfamily-surfplank-bevestiging","11":"pa_producttype-surfplank-bevestiging","12":"pa_series-insta360-go","14":"first","15":"instock","16":"taxable","17":"shipping-taxable","18":"purchasable","19":"product-type-simple"},"acf":[],"yoast_head":"<!-- This site is optimized with the Yoast SEO Premium plugin v27.2 (Yoast SEO v27.2) - https:\/\/yoast.com\/product\/yoast-seo-premium-wordpress\/ -->\n<title>Insta360 Floating Surfboard Mount - koningdrone.be<\/title>\n<meta name=\"robots\" content=\"index, follow, max-snippet:-1, max-image-preview:large, max-video-preview:-1\" \/>\n<link rel=\"canonical\" href=\"https:\/\/koningdrone.be\/de\/produkt\/insta360-floating-surfboard-mount\/\" \/>\n<meta property=\"og:locale\" content=\"de_DE\" \/>\n<meta property=\"og:type\" content=\"article\" \/>\n<meta property=\"og:title\" content=\"Insta360 Floating Surfboard Mount\" \/>\n<meta property=\"og:description\" content=\"Maak gebruik van de beste hoeken met een houder die is ontworpen voor surfen.Drijfbaar en zinkbestendig om je camera veilig te houden als hij wordt weggestoten.Stabiel 3M\u2122 Dual Lock\u2122 hersluitbaar bevestigingsontwerp voor extra bescherming.Sterke 3M\u2122 zelfklevende basis met superieure waterbestendigheid en langdurige duurzaamheid.\" \/>\n<meta property=\"og:url\" content=\"https:\/\/koningdrone.be\/de\/produkt\/insta360-floating-surfboard-mount\/\" \/>\n<meta property=\"og:site_name\" content=\"koningdrone.be\" \/>\n<meta property=\"article:modified_time\" content=\"2026-05-01T02:50:36+00:00\" \/>\n<meta property=\"og:image\" content=\"https:\/\/koningdrone.be\/wp-content\/uploads\/sites\/13\/2025\/04\/2831_b3719b4d-d4e8-40d3-850a-c4f445664ff8.webp\" \/>\n\t<meta property=\"og:image:width\" content=\"1280\" \/>\n\t<meta property=\"og:image:height\" content=\"1280\" \/>\n\t<meta property=\"og:image:type\" content=\"image\/webp\" \/>\n<meta name=\"twitter:card\" content=\"summary_large_image\" \/>\n<script type=\"application\/ld+json\" class=\"yoast-schema-graph\">{\"@context\":\"https:\/\/schema.org\",\"@graph\":[{\"@type\":\"WebPage\",\"@id\":\"https:\/\/koningdrone.be\/product\/insta360-floating-surfboard-mount\/\",\"url\":\"https:\/\/koningdrone.be\/product\/insta360-floating-surfboard-mount\/\",\"name\":\"Insta360 Floating Surfboard Mount - koningdrone.be\",\"isPartOf\":{\"@id\":\"https:\/\/koningdrone.be\/#website\"},\"primaryImageOfPage\":{\"@id\":\"https:\/\/koningdrone.be\/product\/insta360-floating-surfboard-mount\/#primaryimage\"},\"image\":{\"@id\":\"https:\/\/koningdrone.be\/product\/insta360-floating-surfboard-mount\/#primaryimage\"},\"thumbnailUrl\":\"https:\/\/koningdrone.be\/wp-content\/uploads\/sites\/13\/2025\/04\/2831_b3719b4d-d4e8-40d3-850a-c4f445664ff8.webp\",\"datePublished\":\"2024-09-05T09:58:34+00:00\",\"dateModified\":\"2026-05-01T02:50:36+00:00\",\"breadcrumb\":{\"@id\":\"https:\/\/koningdrone.be\/product\/insta360-floating-surfboard-mount\/#breadcrumb\"},\"inLanguage\":\"de\",\"potentialAction\":[{\"@type\":\"ReadAction\",\"target\":[\"https:\/\/koningdrone.be\/product\/insta360-floating-surfboard-mount\/\"]}]},{\"@type\":\"ImageObject\",\"inLanguage\":\"de\",\"@id\":\"https:\/\/koningdrone.be\/product\/insta360-floating-surfboard-mount\/#primaryimage\",\"url\":\"https:\/\/koningdrone.be\/wp-content\/uploads\/sites\/13\/2025\/04\/2831_b3719b4d-d4e8-40d3-850a-c4f445664ff8.webp\",\"contentUrl\":\"https:\/\/koningdrone.be\/wp-content\/uploads\/sites\/13\/2025\/04\/2831_b3719b4d-d4e8-40d3-850a-c4f445664ff8.webp\",\"width\":1280,\"height\":1280},{\"@type\":\"BreadcrumbList\",\"@id\":\"https:\/\/koningdrone.be\/product\/insta360-floating-surfboard-mount\/#breadcrumb\",\"itemListElement\":[{\"@type\":\"ListItem\",\"position\":1,\"name\":\"Home\",\"item\":\"https:\/\/koningdrone.be\/\"},{\"@type\":\"ListItem\",\"position\":2,\"name\":\"AVSS Parachute Recovery System for DJI Matrice 300\/350\",\"item\":\"https:\/\/koningdrone.be\/product\/avss-parachute-recovery-system-for-dji-matrice-300-350\/\"},{\"@type\":\"ListItem\",\"position\":3,\"name\":\"Alle producten\",\"item\":\"https:\/\/koningdrone.be\/categorie\/alle-producten\/\"},{\"@type\":\"ListItem\",\"position\":4,\"name\":\"Insta360 Floating Surfboard Mount\"}]},{\"@type\":\"WebSite\",\"@id\":\"https:\/\/koningdrone.be\/#website\",\"url\":\"https:\/\/koningdrone.be\/\",\"name\":\"Koningdrone.be - Uw online specialist in drones, gimbals, camera's en power stations.\",\"description\":\"De webshop in drones en gimbals\",\"publisher\":{\"@id\":\"https:\/\/koningdrone.be\/#organization\"},\"potentialAction\":[{\"@type\":\"SearchAction\",\"target\":{\"@type\":\"EntryPoint\",\"urlTemplate\":\"https:\/\/koningdrone.be\/?s={search_term_string}\"},\"query-input\":{\"@type\":\"PropertyValueSpecification\",\"valueRequired\":true,\"valueName\":\"search_term_string\"}}],\"inLanguage\":\"de\"},{\"@type\":\"Organization\",\"@id\":\"https:\/\/koningdrone.be\/#organization\",\"name\":\"Koningdrone.be\",\"url\":\"https:\/\/koningdrone.be\/\",\"logo\":{\"@type\":\"ImageObject\",\"inLanguage\":\"de\",\"@id\":\"https:\/\/koningdrone.be\/#\/schema\/logo\/image\/\",\"url\":\"https:\/\/koningdrone.be\/wp-content\/uploads\/sites\/13\/2025\/04\/koningdrone-copyright-logo.svg\",\"contentUrl\":\"https:\/\/koningdrone.be\/wp-content\/uploads\/sites\/13\/2025\/04\/koningdrone-copyright-logo.svg\",\"width\":227,\"height\":38,\"caption\":\"Koningdrone.be\"},\"image\":{\"@id\":\"https:\/\/koningdrone.be\/#\/schema\/logo\/image\/\"}}]}<\/script>\n<!-- \/ Yoast SEO Premium plugin. -->","yoast_head_json":{"title":"Insta360 Floating Surfboard Mount - koningdrone.be","robots":{"index":"index","follow":"follow","max-snippet":"max-snippet:-1","max-image-preview":"max-image-preview:large","max-video-preview":"max-video-preview:-1"},"canonical":"https:\/\/koningdrone.be\/de\/produkt\/insta360-floating-surfboard-mount\/","og_locale":"de_DE","og_type":"article","og_title":"Insta360 Floating Surfboard Mount","og_description":"Maak gebruik van de beste hoeken met een houder die is ontworpen voor surfen.Drijfbaar en zinkbestendig om je camera veilig te houden als hij wordt weggestoten.Stabiel 3M\u2122 Dual Lock\u2122 hersluitbaar bevestigingsontwerp voor extra bescherming.Sterke 3M\u2122 zelfklevende basis met superieure waterbestendigheid en langdurige duurzaamheid.","og_url":"https:\/\/koningdrone.be\/de\/produkt\/insta360-floating-surfboard-mount\/","og_site_name":"koningdrone.be","article_modified_time":"2026-05-01T02:50:36+00:00","og_image":[{"width":1280,"height":1280,"url":"https:\/\/koningdrone.be\/wp-content\/uploads\/sites\/13\/2025\/04\/2831_b3719b4d-d4e8-40d3-850a-c4f445664ff8.webp","type":"image\/webp"}],"twitter_card":"summary_large_image","schema":{"@context":"https:\/\/schema.org","@graph":[{"@type":"WebPage","@id":"https:\/\/koningdrone.be\/product\/insta360-floating-surfboard-mount\/","url":"https:\/\/koningdrone.be\/product\/insta360-floating-surfboard-mount\/","name":"Insta360 Floating Surfboard Mount - koningdrone.be","isPartOf":{"@id":"https:\/\/koningdrone.be\/#website"},"primaryImageOfPage":{"@id":"https:\/\/koningdrone.be\/product\/insta360-floating-surfboard-mount\/#primaryimage"},"image":{"@id":"https:\/\/koningdrone.be\/product\/insta360-floating-surfboard-mount\/#primaryimage"},"thumbnailUrl":"https:\/\/koningdrone.be\/wp-content\/uploads\/sites\/13\/2025\/04\/2831_b3719b4d-d4e8-40d3-850a-c4f445664ff8.webp","datePublished":"2024-09-05T09:58:34+00:00","dateModified":"2026-05-01T02:50:36+00:00","breadcrumb":{"@id":"https:\/\/koningdrone.be\/product\/insta360-floating-surfboard-mount\/#breadcrumb"},"inLanguage":"de","potentialAction":[{"@type":"ReadAction","target":["https:\/\/koningdrone.be\/product\/insta360-floating-surfboard-mount\/"]}]},{"@type":"ImageObject","inLanguage":"de","@id":"https:\/\/koningdrone.be\/product\/insta360-floating-surfboard-mount\/#primaryimage","url":"https:\/\/koningdrone.be\/wp-content\/uploads\/sites\/13\/2025\/04\/2831_b3719b4d-d4e8-40d3-850a-c4f445664ff8.webp","contentUrl":"https:\/\/koningdrone.be\/wp-content\/uploads\/sites\/13\/2025\/04\/2831_b3719b4d-d4e8-40d3-850a-c4f445664ff8.webp","width":1280,"height":1280},{"@type":"BreadcrumbList","@id":"https:\/\/koningdrone.be\/product\/insta360-floating-surfboard-mount\/#breadcrumb","itemListElement":[{"@type":"ListItem","position":1,"name":"Home","item":"https:\/\/koningdrone.be\/"},{"@type":"ListItem","position":2,"name":"AVSS Parachute Recovery System for DJI Matrice 300\/350","item":"https:\/\/koningdrone.be\/product\/avss-parachute-recovery-system-for-dji-matrice-300-350\/"},{"@type":"ListItem","position":3,"name":"Alle producten","item":"https:\/\/koningdrone.be\/categorie\/alle-producten\/"},{"@type":"ListItem","position":4,"name":"Insta360 Floating Surfboard Mount"}]},{"@type":"WebSite","@id":"https:\/\/koningdrone.be\/#website","url":"https:\/\/koningdrone.be\/","name":"Koningdrone.be - Ihr Online-Spezialist f\u00fcr Drohnen, Gimbals, Kameras und Kraftwerke.","description":"Der Webshop f\u00fcr Drohnen und Gimbals","publisher":{"@id":"https:\/\/koningdrone.be\/#organization"},"potentialAction":[{"@type":"SearchAction","target":{"@type":"EntryPoint","urlTemplate":"https:\/\/koningdrone.be\/?s={search_term_string}"},"query-input":{"@type":"PropertyValueSpecification","valueRequired":true,"valueName":"search_term_string"}}],"inLanguage":"de"},{"@type":"Organization","@id":"https:\/\/koningdrone.be\/#organization","name":"Kingdrone.de","url":"https:\/\/koningdrone.be\/","logo":{"@type":"ImageObject","inLanguage":"de","@id":"https:\/\/koningdrone.be\/#\/schema\/logo\/image\/","url":"https:\/\/koningdrone.be\/wp-content\/uploads\/sites\/13\/2025\/04\/koningdrone-copyright-logo.svg","contentUrl":"https:\/\/koningdrone.be\/wp-content\/uploads\/sites\/13\/2025\/04\/koningdrone-copyright-logo.svg","width":227,"height":38,"caption":"Koningdrone.be"},"image":{"@id":"https:\/\/koningdrone.be\/#\/schema\/logo\/image\/"}}]}},"df_price":51,"df_sale_price":"","df_regular_price":51,"df_image_link":"https:\/\/koningdrone.be\/wp-content\/uploads\/sites\/13\/2025\/04\/2831_b3719b4d-d4e8-40d3-850a-c4f445664ff8-300x300.webp","_links":{"self":[{"href":"https:\/\/koningdrone.be\/de\/wp-json\/wp\/v2\/product\/2785","targetHints":{"allow":["GET"]}}],"collection":[{"href":"https:\/\/koningdrone.be\/de\/wp-json\/wp\/v2\/product"}],"about":[{"href":"https:\/\/koningdrone.be\/de\/wp-json\/wp\/v2\/types\/product"}],"wp:featuredmedia":[{"embeddable":true,"href":"https:\/\/koningdrone.be\/de\/wp-json\/wp\/v2\/media\/2779"}],"wp:attachment":[{"href":"https:\/\/koningdrone.be\/de\/wp-json\/wp\/v2\/media?parent=2785"}],"wp:term":[{"taxonomy":"product_brand","embeddable":true,"href":"https:\/\/koningdrone.be\/de\/wp-json\/wp\/v2\/product_brand?post=2785"},{"taxonomy":"product_cat","embeddable":true,"href":"https:\/\/koningdrone.be\/de\/wp-json\/wp\/v2\/product_cat?post=2785"},{"taxonomy":"product_tag","embeddable":true,"href":"https:\/\/koningdrone.be\/de\/wp-json\/wp\/v2\/product_tag?post=2785"}],"curies":[{"name":"wp","href":"https:\/\/api.w.org\/{rel}","templated":true}]}}