{"id":2768,"date":"2024-09-05T11:58:34","date_gmt":"2024-09-05T09:58:34","guid":{"rendered":"https:\/\/koningdrone.nl\/kon\/product\/insta360-x4-thermo-grip-cover\/"},"modified":"2026-05-01T04:50:49","modified_gmt":"2026-05-01T02:50:49","slug":"insta360-x4-thermo-grip-cover","status":"publish","type":"product","link":"https:\/\/koningdrone.be\/de\/produkt\/insta360-x4-thermo-grip-cover\/","title":{"rendered":"Insta360 X4 Thermo-Griff-Abdeckung"},"content":{"rendered":"<p>Die Insta360 X4 Thermo Grip Cover wurde entwickelt, um die Handhabung und die W\u00e4rmeleistung Ihrer Kamera zu verbessern. Sie bietet einen komfortablen Griff und hilft bei der W\u00e4rmeableitung, um eine optimale Leistung bei langen Aufnahmesessions zu gew\u00e4hrleisten.<\/p>","protected":false},"excerpt":{"rendered":"<ul>\n<li>Die Thermo Grip Cover ist ein standardm\u00e4\u00dfig enthaltenes Zubeh\u00f6r f\u00fcr die Insta360 X4. Kaufen Sie eine Ersatz- oder Austauschh\u00fclle.<\/li>\n<li>Senkt die Oberfl\u00e4chentemperatur der X4 und macht sie bei l\u00e4ngeren Aufnahmen in 8K angenehmer zu halten.<\/li>\n<li>Empfohlen f\u00fcr die Aufnahme von Videos in windstillen Umgebungen, wenn die Kamera station\u00e4r ist.<\/li>\n<li>Nicht empfohlen f\u00fcr Skifahren, Wassersport, Motorradfahren, Radfahren und andere Sportarten.<\/li>\n<\/ul>","protected":false},"featured_media":2762,"template":"","meta":{"_acf_changed":false},"product_brand":[],"product_cat":[97,343],"product_tag":[],"class_list":{"0":"post-2768","1":"product","2":"type-product","3":"status-publish","4":"has-post-thumbnail","6":"product_cat-alle-producten","7":"product_cat-insta360","8":"product_shipping_class-europafotoall","9":"pa_brand-insta360","10":"pa_productfamily-greephoes","11":"pa_producttype-greephoes","12":"pa_series-insta360-go","14":"first","15":"instock","16":"taxable","17":"shipping-taxable","18":"purchasable","19":"product-type-simple"},"acf":[],"yoast_head":"<!-- This site is optimized with the Yoast SEO Premium plugin v27.2 (Yoast SEO v27.2) - https:\/\/yoast.com\/product\/yoast-seo-premium-wordpress\/ -->\n<title>Insta360 X4 Thermo Grip Cover - koningdrone.be<\/title>\n<meta name=\"robots\" content=\"index, follow, max-snippet:-1, max-image-preview:large, max-video-preview:-1\" \/>\n<link rel=\"canonical\" href=\"https:\/\/koningdrone.be\/de\/produkt\/insta360-x4-thermo-grip-cover\/\" \/>\n<meta property=\"og:locale\" content=\"de_DE\" \/>\n<meta property=\"og:type\" content=\"article\" \/>\n<meta property=\"og:title\" content=\"Insta360 X4 Thermo Grip Cover\" \/>\n<meta property=\"og:description\" content=\"De Thermo Grip Cover is een standaard meegeleverd accessoire voor de Insta360 X4. Koop een reservehoes of een vervangende hoes.Verlaagt de oppervlaktetemperatuur van de X4 en maakt hem comfortabeler om vast te houden bij langdurige opnamen in 8K.Aanbevolen voor het opnemen van video&#039;s in windstille omgevingen wanneer de camera stilstaat.Niet aanbevolen voor ski\u00ebn, watersporten, motorrijden, fietsen en andere sporten.\" \/>\n<meta property=\"og:url\" content=\"https:\/\/koningdrone.be\/de\/produkt\/insta360-x4-thermo-grip-cover\/\" \/>\n<meta property=\"og:site_name\" content=\"koningdrone.be\" \/>\n<meta property=\"article:modified_time\" content=\"2026-05-01T02:50:49+00:00\" \/>\n<meta property=\"og:image\" content=\"https:\/\/koningdrone.be\/wp-content\/uploads\/sites\/13\/2025\/04\/2673_135415c0-5f75-4b17-8814-5980cc1b5561.webp\" \/>\n\t<meta property=\"og:image:width\" content=\"1280\" \/>\n\t<meta property=\"og:image:height\" content=\"1280\" \/>\n\t<meta property=\"og:image:type\" content=\"image\/webp\" \/>\n<meta name=\"twitter:card\" content=\"summary_large_image\" \/>\n<script type=\"application\/ld+json\" class=\"yoast-schema-graph\">{\"@context\":\"https:\/\/schema.org\",\"@graph\":[{\"@type\":\"WebPage\",\"@id\":\"https:\/\/koningdrone.be\/product\/insta360-x4-thermo-grip-cover\/\",\"url\":\"https:\/\/koningdrone.be\/product\/insta360-x4-thermo-grip-cover\/\",\"name\":\"Insta360 X4 Thermo Grip Cover - koningdrone.be\",\"isPartOf\":{\"@id\":\"https:\/\/koningdrone.be\/#website\"},\"primaryImageOfPage\":{\"@id\":\"https:\/\/koningdrone.be\/product\/insta360-x4-thermo-grip-cover\/#primaryimage\"},\"image\":{\"@id\":\"https:\/\/koningdrone.be\/product\/insta360-x4-thermo-grip-cover\/#primaryimage\"},\"thumbnailUrl\":\"https:\/\/koningdrone.be\/wp-content\/uploads\/sites\/13\/2025\/04\/2673_135415c0-5f75-4b17-8814-5980cc1b5561.webp\",\"datePublished\":\"2024-09-05T09:58:34+00:00\",\"dateModified\":\"2026-05-01T02:50:49+00:00\",\"breadcrumb\":{\"@id\":\"https:\/\/koningdrone.be\/product\/insta360-x4-thermo-grip-cover\/#breadcrumb\"},\"inLanguage\":\"de\",\"potentialAction\":[{\"@type\":\"ReadAction\",\"target\":[\"https:\/\/koningdrone.be\/product\/insta360-x4-thermo-grip-cover\/\"]}]},{\"@type\":\"ImageObject\",\"inLanguage\":\"de\",\"@id\":\"https:\/\/koningdrone.be\/product\/insta360-x4-thermo-grip-cover\/#primaryimage\",\"url\":\"https:\/\/koningdrone.be\/wp-content\/uploads\/sites\/13\/2025\/04\/2673_135415c0-5f75-4b17-8814-5980cc1b5561.webp\",\"contentUrl\":\"https:\/\/koningdrone.be\/wp-content\/uploads\/sites\/13\/2025\/04\/2673_135415c0-5f75-4b17-8814-5980cc1b5561.webp\",\"width\":1280,\"height\":1280},{\"@type\":\"BreadcrumbList\",\"@id\":\"https:\/\/koningdrone.be\/product\/insta360-x4-thermo-grip-cover\/#breadcrumb\",\"itemListElement\":[{\"@type\":\"ListItem\",\"position\":1,\"name\":\"Home\",\"item\":\"https:\/\/koningdrone.be\/\"},{\"@type\":\"ListItem\",\"position\":2,\"name\":\"AVSS Parachute Recovery System for DJI Matrice 300\/350\",\"item\":\"https:\/\/koningdrone.be\/product\/avss-parachute-recovery-system-for-dji-matrice-300-350\/\"},{\"@type\":\"ListItem\",\"position\":3,\"name\":\"Alle producten\",\"item\":\"https:\/\/koningdrone.be\/categorie\/alle-producten\/\"},{\"@type\":\"ListItem\",\"position\":4,\"name\":\"Insta360 X4 Thermo Grip Cover\"}]},{\"@type\":\"WebSite\",\"@id\":\"https:\/\/koningdrone.be\/#website\",\"url\":\"https:\/\/koningdrone.be\/\",\"name\":\"Koningdrone.be - Uw online specialist in drones, gimbals, camera's en power stations.\",\"description\":\"De webshop in drones en gimbals\",\"publisher\":{\"@id\":\"https:\/\/koningdrone.be\/#organization\"},\"potentialAction\":[{\"@type\":\"SearchAction\",\"target\":{\"@type\":\"EntryPoint\",\"urlTemplate\":\"https:\/\/koningdrone.be\/?s={search_term_string}\"},\"query-input\":{\"@type\":\"PropertyValueSpecification\",\"valueRequired\":true,\"valueName\":\"search_term_string\"}}],\"inLanguage\":\"de\"},{\"@type\":\"Organization\",\"@id\":\"https:\/\/koningdrone.be\/#organization\",\"name\":\"Koningdrone.be\",\"url\":\"https:\/\/koningdrone.be\/\",\"logo\":{\"@type\":\"ImageObject\",\"inLanguage\":\"de\",\"@id\":\"https:\/\/koningdrone.be\/#\/schema\/logo\/image\/\",\"url\":\"https:\/\/koningdrone.be\/wp-content\/uploads\/sites\/13\/2025\/04\/koningdrone-copyright-logo.svg\",\"contentUrl\":\"https:\/\/koningdrone.be\/wp-content\/uploads\/sites\/13\/2025\/04\/koningdrone-copyright-logo.svg\",\"width\":227,\"height\":38,\"caption\":\"Koningdrone.be\"},\"image\":{\"@id\":\"https:\/\/koningdrone.be\/#\/schema\/logo\/image\/\"}}]}<\/script>\n<!-- \/ Yoast SEO Premium plugin. -->","yoast_head_json":{"title":"Insta360 X4 Thermo Grip Cover - koningdrone.be","robots":{"index":"index","follow":"follow","max-snippet":"max-snippet:-1","max-image-preview":"max-image-preview:large","max-video-preview":"max-video-preview:-1"},"canonical":"https:\/\/koningdrone.be\/de\/produkt\/insta360-x4-thermo-grip-cover\/","og_locale":"de_DE","og_type":"article","og_title":"Insta360 X4 Thermo Grip Cover","og_description":"De Thermo Grip Cover is een standaard meegeleverd accessoire voor de Insta360 X4. Koop een reservehoes of een vervangende hoes.Verlaagt de oppervlaktetemperatuur van de X4 en maakt hem comfortabeler om vast te houden bij langdurige opnamen in 8K.Aanbevolen voor het opnemen van video's in windstille omgevingen wanneer de camera stilstaat.Niet aanbevolen voor ski\u00ebn, watersporten, motorrijden, fietsen en andere sporten.","og_url":"https:\/\/koningdrone.be\/de\/produkt\/insta360-x4-thermo-grip-cover\/","og_site_name":"koningdrone.be","article_modified_time":"2026-05-01T02:50:49+00:00","og_image":[{"width":1280,"height":1280,"url":"https:\/\/koningdrone.be\/wp-content\/uploads\/sites\/13\/2025\/04\/2673_135415c0-5f75-4b17-8814-5980cc1b5561.webp","type":"image\/webp"}],"twitter_card":"summary_large_image","schema":{"@context":"https:\/\/schema.org","@graph":[{"@type":"WebPage","@id":"https:\/\/koningdrone.be\/product\/insta360-x4-thermo-grip-cover\/","url":"https:\/\/koningdrone.be\/product\/insta360-x4-thermo-grip-cover\/","name":"Insta360 X4 Thermo Grip Cover - koningdrone.be","isPartOf":{"@id":"https:\/\/koningdrone.be\/#website"},"primaryImageOfPage":{"@id":"https:\/\/koningdrone.be\/product\/insta360-x4-thermo-grip-cover\/#primaryimage"},"image":{"@id":"https:\/\/koningdrone.be\/product\/insta360-x4-thermo-grip-cover\/#primaryimage"},"thumbnailUrl":"https:\/\/koningdrone.be\/wp-content\/uploads\/sites\/13\/2025\/04\/2673_135415c0-5f75-4b17-8814-5980cc1b5561.webp","datePublished":"2024-09-05T09:58:34+00:00","dateModified":"2026-05-01T02:50:49+00:00","breadcrumb":{"@id":"https:\/\/koningdrone.be\/product\/insta360-x4-thermo-grip-cover\/#breadcrumb"},"inLanguage":"de","potentialAction":[{"@type":"ReadAction","target":["https:\/\/koningdrone.be\/product\/insta360-x4-thermo-grip-cover\/"]}]},{"@type":"ImageObject","inLanguage":"de","@id":"https:\/\/koningdrone.be\/product\/insta360-x4-thermo-grip-cover\/#primaryimage","url":"https:\/\/koningdrone.be\/wp-content\/uploads\/sites\/13\/2025\/04\/2673_135415c0-5f75-4b17-8814-5980cc1b5561.webp","contentUrl":"https:\/\/koningdrone.be\/wp-content\/uploads\/sites\/13\/2025\/04\/2673_135415c0-5f75-4b17-8814-5980cc1b5561.webp","width":1280,"height":1280},{"@type":"BreadcrumbList","@id":"https:\/\/koningdrone.be\/product\/insta360-x4-thermo-grip-cover\/#breadcrumb","itemListElement":[{"@type":"ListItem","position":1,"name":"Home","item":"https:\/\/koningdrone.be\/"},{"@type":"ListItem","position":2,"name":"AVSS Parachute Recovery System for DJI Matrice 300\/350","item":"https:\/\/koningdrone.be\/product\/avss-parachute-recovery-system-for-dji-matrice-300-350\/"},{"@type":"ListItem","position":3,"name":"Alle producten","item":"https:\/\/koningdrone.be\/categorie\/alle-producten\/"},{"@type":"ListItem","position":4,"name":"Insta360 X4 Thermo Grip Cover"}]},{"@type":"WebSite","@id":"https:\/\/koningdrone.be\/#website","url":"https:\/\/koningdrone.be\/","name":"Koningdrone.be - Ihr Online-Spezialist f\u00fcr Drohnen, Gimbals, Kameras und Kraftwerke.","description":"Der Webshop f\u00fcr Drohnen und Gimbals","publisher":{"@id":"https:\/\/koningdrone.be\/#organization"},"potentialAction":[{"@type":"SearchAction","target":{"@type":"EntryPoint","urlTemplate":"https:\/\/koningdrone.be\/?s={search_term_string}"},"query-input":{"@type":"PropertyValueSpecification","valueRequired":true,"valueName":"search_term_string"}}],"inLanguage":"de"},{"@type":"Organization","@id":"https:\/\/koningdrone.be\/#organization","name":"Kingdrone.de","url":"https:\/\/koningdrone.be\/","logo":{"@type":"ImageObject","inLanguage":"de","@id":"https:\/\/koningdrone.be\/#\/schema\/logo\/image\/","url":"https:\/\/koningdrone.be\/wp-content\/uploads\/sites\/13\/2025\/04\/koningdrone-copyright-logo.svg","contentUrl":"https:\/\/koningdrone.be\/wp-content\/uploads\/sites\/13\/2025\/04\/koningdrone-copyright-logo.svg","width":227,"height":38,"caption":"Koningdrone.be"},"image":{"@id":"https:\/\/koningdrone.be\/#\/schema\/logo\/image\/"}}]}},"df_price":25,"df_sale_price":"","df_regular_price":25,"df_image_link":"https:\/\/koningdrone.be\/wp-content\/uploads\/sites\/13\/2025\/04\/2673_135415c0-5f75-4b17-8814-5980cc1b5561-300x300.webp","_links":{"self":[{"href":"https:\/\/koningdrone.be\/de\/wp-json\/wp\/v2\/product\/2768","targetHints":{"allow":["GET"]}}],"collection":[{"href":"https:\/\/koningdrone.be\/de\/wp-json\/wp\/v2\/product"}],"about":[{"href":"https:\/\/koningdrone.be\/de\/wp-json\/wp\/v2\/types\/product"}],"wp:featuredmedia":[{"embeddable":true,"href":"https:\/\/koningdrone.be\/de\/wp-json\/wp\/v2\/media\/2762"}],"wp:attachment":[{"href":"https:\/\/koningdrone.be\/de\/wp-json\/wp\/v2\/media?parent=2768"}],"wp:term":[{"taxonomy":"product_brand","embeddable":true,"href":"https:\/\/koningdrone.be\/de\/wp-json\/wp\/v2\/product_brand?post=2768"},{"taxonomy":"product_cat","embeddable":true,"href":"https:\/\/koningdrone.be\/de\/wp-json\/wp\/v2\/product_cat?post=2768"},{"taxonomy":"product_tag","embeddable":true,"href":"https:\/\/koningdrone.be\/de\/wp-json\/wp\/v2\/product_tag?post=2768"}],"curies":[{"name":"wp","href":"https:\/\/api.w.org\/{rel}","templated":true}]}}