{"id":2729,"date":"2024-09-18T10:09:21","date_gmt":"2024-09-18T08:09:21","guid":{"rendered":"https:\/\/koningdrone.nl\/kon\/product\/jackery-battery-pack-1000-plus\/"},"modified":"2026-04-29T14:50:23","modified_gmt":"2026-04-29T12:50:23","slug":"jackery-battery-pack-1000-plus","status":"publish","type":"product","link":"https:\/\/koningdrone.be\/de\/produkt\/jackery-battery-pack-1000-plus\/","title":{"rendered":"JACKERY-AKKUPACK 1000 PLUS"},"content":{"rendered":"<p>Das Jackery Battery Pack 1000 Plus ist eine Erweiterungsbatterie, mit der die Stromkapazit\u00e4t des Jackery Explorer 1000 Plus erh\u00f6ht werden kann. Mit einer Kapazit\u00e4t von 1.262Wh l\u00e4sst er sich nahtlos anschlie\u00dfen, um den Stromverbrauch f\u00fcr Outdoor-Abenteuer, Notstromversorgung oder netzunabh\u00e4ngiges Leben zu erh\u00f6hen. Die Batterie ist kompakt und leicht, was sie tragbar macht und gleichzeitig die Flexibilit\u00e4t bietet, mehrere Einheiten miteinander zu verbinden, um die Gesamtkapazit\u00e4t des Systems auf 5kWh zu erh\u00f6hen. Ideal f\u00fcr Nutzer, die nach L\u00f6sungen f\u00fcr erneuerbare Energien suchen.<\/p>","protected":false},"excerpt":{"rendered":"<ul>\n<li>Gro\u00dfe Kapazit\u00e4t von 1264Wh<\/li>\n<li>Langlebige Lithium-Eisenphosphat-Batterie (LiFePO4)<\/li>\n<li>Lebensdauer: Beh\u00e4lt mehr als 70% Kapazit\u00e4t nach 4000 Zyklen<\/li>\n<li>Ausschlie\u00dflich kompatibel mit Jackery Explorer 1000 Plus<\/li>\n<li>Garantieverl\u00e4ngerung: 3 Jahre Garantie + 2 Jahre erweiterte Garantie<\/li>\n<\/ul>","protected":false},"featured_media":2726,"template":"","meta":{"_acf_changed":false},"product_brand":[],"product_cat":[113,454,97,415,475,476],"product_tag":[],"class_list":{"0":"post-2729","1":"product","2":"type-product","3":"status-publish","4":"has-post-thumbnail","6":"product_cat-alle-batterijen","7":"product_cat-alle-powerstations","8":"product_cat-alle-producten","9":"product_cat-energy","10":"product_cat-jackery","11":"product_cat-jackery-powerstations","12":"product_shipping_class-outofstock","13":"pa_brand-jackery","14":"pa_productfamily-extra-batterij","15":"pa_producttype-extra-batterij","17":"first","18":"outofstock","19":"taxable","20":"shipping-taxable","21":"product-type-simple"},"acf":[],"yoast_head":"<!-- This site is optimized with the Yoast SEO Premium plugin v27.2 (Yoast SEO v27.2) - https:\/\/yoast.com\/product\/yoast-seo-premium-wordpress\/ -->\n<title>JACKERY BATTERY PACK 1000 PLUS - koningdrone.be<\/title>\n<meta name=\"robots\" content=\"index, follow, max-snippet:-1, max-image-preview:large, max-video-preview:-1\" \/>\n<link rel=\"canonical\" href=\"https:\/\/koningdrone.be\/de\/produkt\/jackery-battery-pack-1000-plus\/\" \/>\n<meta property=\"og:locale\" content=\"de_DE\" \/>\n<meta property=\"og:type\" content=\"article\" \/>\n<meta property=\"og:title\" content=\"JACKERY BATTERY PACK 1000 PLUS\" \/>\n<meta property=\"og:description\" content=\"Grote capaciteit van 1264Wh  Duurzame lithium-ijzerfosfaatbatterij (LiFePO4)  Levensduur: Behoudt meer dan 70% capaciteit na 4000 cycli  Exclusieve compatibiliteit met Jackery Explorer 1000 Plus  Garantie uitbreiding: 3 jaar garantie + 2 jaar verlengde garantie\" \/>\n<meta property=\"og:url\" content=\"https:\/\/koningdrone.be\/de\/produkt\/jackery-battery-pack-1000-plus\/\" \/>\n<meta property=\"og:site_name\" content=\"koningdrone.be\" \/>\n<meta property=\"article:modified_time\" content=\"2026-04-29T12:50:23+00:00\" \/>\n<meta property=\"og:image\" content=\"https:\/\/koningdrone.be\/wp-content\/uploads\/sites\/13\/2025\/04\/1000_739115af-e706-4583-90cd-6413c434305d.jpg\" \/>\n\t<meta property=\"og:image:width\" content=\"1080\" \/>\n\t<meta property=\"og:image:height\" content=\"1080\" \/>\n\t<meta property=\"og:image:type\" content=\"image\/jpeg\" \/>\n<meta name=\"twitter:card\" content=\"summary_large_image\" \/>\n<script type=\"application\/ld+json\" class=\"yoast-schema-graph\">{\"@context\":\"https:\/\/schema.org\",\"@graph\":[{\"@type\":\"WebPage\",\"@id\":\"https:\/\/koningdrone.be\/product\/jackery-battery-pack-1000-plus\/\",\"url\":\"https:\/\/koningdrone.be\/product\/jackery-battery-pack-1000-plus\/\",\"name\":\"JACKERY BATTERY PACK 1000 PLUS - koningdrone.be\",\"isPartOf\":{\"@id\":\"https:\/\/koningdrone.be\/#website\"},\"primaryImageOfPage\":{\"@id\":\"https:\/\/koningdrone.be\/product\/jackery-battery-pack-1000-plus\/#primaryimage\"},\"image\":{\"@id\":\"https:\/\/koningdrone.be\/product\/jackery-battery-pack-1000-plus\/#primaryimage\"},\"thumbnailUrl\":\"https:\/\/koningdrone.be\/wp-content\/uploads\/sites\/13\/2025\/04\/1000_739115af-e706-4583-90cd-6413c434305d.jpg\",\"datePublished\":\"2024-09-18T08:09:21+00:00\",\"dateModified\":\"2026-04-29T12:50:23+00:00\",\"breadcrumb\":{\"@id\":\"https:\/\/koningdrone.be\/product\/jackery-battery-pack-1000-plus\/#breadcrumb\"},\"inLanguage\":\"de\",\"potentialAction\":[{\"@type\":\"ReadAction\",\"target\":[\"https:\/\/koningdrone.be\/product\/jackery-battery-pack-1000-plus\/\"]}]},{\"@type\":\"ImageObject\",\"inLanguage\":\"de\",\"@id\":\"https:\/\/koningdrone.be\/product\/jackery-battery-pack-1000-plus\/#primaryimage\",\"url\":\"https:\/\/koningdrone.be\/wp-content\/uploads\/sites\/13\/2025\/04\/1000_739115af-e706-4583-90cd-6413c434305d.jpg\",\"contentUrl\":\"https:\/\/koningdrone.be\/wp-content\/uploads\/sites\/13\/2025\/04\/1000_739115af-e706-4583-90cd-6413c434305d.jpg\",\"width\":1080,\"height\":1080},{\"@type\":\"BreadcrumbList\",\"@id\":\"https:\/\/koningdrone.be\/product\/jackery-battery-pack-1000-plus\/#breadcrumb\",\"itemListElement\":[{\"@type\":\"ListItem\",\"position\":1,\"name\":\"Home\",\"item\":\"https:\/\/koningdrone.be\/\"},{\"@type\":\"ListItem\",\"position\":2,\"name\":\"AVSS Parachute Recovery System for DJI Matrice 300\/350\",\"item\":\"https:\/\/koningdrone.be\/product\/avss-parachute-recovery-system-for-dji-matrice-300-350\/\"},{\"@type\":\"ListItem\",\"position\":3,\"name\":\"Alle batterijen\",\"item\":\"https:\/\/koningdrone.be\/categorie\/alle-batterijen\/\"},{\"@type\":\"ListItem\",\"position\":4,\"name\":\"JACKERY BATTERY PACK 1000 PLUS\"}]},{\"@type\":\"WebSite\",\"@id\":\"https:\/\/koningdrone.be\/#website\",\"url\":\"https:\/\/koningdrone.be\/\",\"name\":\"Koningdrone.be - Uw online specialist in drones, gimbals, camera's en power stations.\",\"description\":\"De webshop in drones en gimbals\",\"publisher\":{\"@id\":\"https:\/\/koningdrone.be\/#organization\"},\"potentialAction\":[{\"@type\":\"SearchAction\",\"target\":{\"@type\":\"EntryPoint\",\"urlTemplate\":\"https:\/\/koningdrone.be\/?s={search_term_string}\"},\"query-input\":{\"@type\":\"PropertyValueSpecification\",\"valueRequired\":true,\"valueName\":\"search_term_string\"}}],\"inLanguage\":\"de\"},{\"@type\":\"Organization\",\"@id\":\"https:\/\/koningdrone.be\/#organization\",\"name\":\"Koningdrone.be\",\"url\":\"https:\/\/koningdrone.be\/\",\"logo\":{\"@type\":\"ImageObject\",\"inLanguage\":\"de\",\"@id\":\"https:\/\/koningdrone.be\/#\/schema\/logo\/image\/\",\"url\":\"https:\/\/koningdrone.be\/wp-content\/uploads\/sites\/13\/2025\/04\/koningdrone-copyright-logo.svg\",\"contentUrl\":\"https:\/\/koningdrone.be\/wp-content\/uploads\/sites\/13\/2025\/04\/koningdrone-copyright-logo.svg\",\"width\":227,\"height\":38,\"caption\":\"Koningdrone.be\"},\"image\":{\"@id\":\"https:\/\/koningdrone.be\/#\/schema\/logo\/image\/\"}}]}<\/script>\n<!-- \/ Yoast SEO Premium plugin. -->","yoast_head_json":{"title":"JACKERY BATTERY PACK 1000 PLUS - koningdrone.be","robots":{"index":"index","follow":"follow","max-snippet":"max-snippet:-1","max-image-preview":"max-image-preview:large","max-video-preview":"max-video-preview:-1"},"canonical":"https:\/\/koningdrone.be\/de\/produkt\/jackery-battery-pack-1000-plus\/","og_locale":"de_DE","og_type":"article","og_title":"JACKERY BATTERY PACK 1000 PLUS","og_description":"Grote capaciteit van 1264Wh  Duurzame lithium-ijzerfosfaatbatterij (LiFePO4)  Levensduur: Behoudt meer dan 70% capaciteit na 4000 cycli  Exclusieve compatibiliteit met Jackery Explorer 1000 Plus  Garantie uitbreiding: 3 jaar garantie + 2 jaar verlengde garantie","og_url":"https:\/\/koningdrone.be\/de\/produkt\/jackery-battery-pack-1000-plus\/","og_site_name":"koningdrone.be","article_modified_time":"2026-04-29T12:50:23+00:00","og_image":[{"width":1080,"height":1080,"url":"https:\/\/koningdrone.be\/wp-content\/uploads\/sites\/13\/2025\/04\/1000_739115af-e706-4583-90cd-6413c434305d.jpg","type":"image\/jpeg"}],"twitter_card":"summary_large_image","schema":{"@context":"https:\/\/schema.org","@graph":[{"@type":"WebPage","@id":"https:\/\/koningdrone.be\/product\/jackery-battery-pack-1000-plus\/","url":"https:\/\/koningdrone.be\/product\/jackery-battery-pack-1000-plus\/","name":"JACKERY BATTERY PACK 1000 PLUS - koningdrone.be","isPartOf":{"@id":"https:\/\/koningdrone.be\/#website"},"primaryImageOfPage":{"@id":"https:\/\/koningdrone.be\/product\/jackery-battery-pack-1000-plus\/#primaryimage"},"image":{"@id":"https:\/\/koningdrone.be\/product\/jackery-battery-pack-1000-plus\/#primaryimage"},"thumbnailUrl":"https:\/\/koningdrone.be\/wp-content\/uploads\/sites\/13\/2025\/04\/1000_739115af-e706-4583-90cd-6413c434305d.jpg","datePublished":"2024-09-18T08:09:21+00:00","dateModified":"2026-04-29T12:50:23+00:00","breadcrumb":{"@id":"https:\/\/koningdrone.be\/product\/jackery-battery-pack-1000-plus\/#breadcrumb"},"inLanguage":"de","potentialAction":[{"@type":"ReadAction","target":["https:\/\/koningdrone.be\/product\/jackery-battery-pack-1000-plus\/"]}]},{"@type":"ImageObject","inLanguage":"de","@id":"https:\/\/koningdrone.be\/product\/jackery-battery-pack-1000-plus\/#primaryimage","url":"https:\/\/koningdrone.be\/wp-content\/uploads\/sites\/13\/2025\/04\/1000_739115af-e706-4583-90cd-6413c434305d.jpg","contentUrl":"https:\/\/koningdrone.be\/wp-content\/uploads\/sites\/13\/2025\/04\/1000_739115af-e706-4583-90cd-6413c434305d.jpg","width":1080,"height":1080},{"@type":"BreadcrumbList","@id":"https:\/\/koningdrone.be\/product\/jackery-battery-pack-1000-plus\/#breadcrumb","itemListElement":[{"@type":"ListItem","position":1,"name":"Home","item":"https:\/\/koningdrone.be\/"},{"@type":"ListItem","position":2,"name":"AVSS Parachute Recovery System for DJI Matrice 300\/350","item":"https:\/\/koningdrone.be\/product\/avss-parachute-recovery-system-for-dji-matrice-300-350\/"},{"@type":"ListItem","position":3,"name":"Alle batterijen","item":"https:\/\/koningdrone.be\/categorie\/alle-batterijen\/"},{"@type":"ListItem","position":4,"name":"JACKERY BATTERY PACK 1000 PLUS"}]},{"@type":"WebSite","@id":"https:\/\/koningdrone.be\/#website","url":"https:\/\/koningdrone.be\/","name":"Koningdrone.be - Ihr Online-Spezialist f\u00fcr Drohnen, Gimbals, Kameras und Kraftwerke.","description":"Der Webshop f\u00fcr Drohnen und Gimbals","publisher":{"@id":"https:\/\/koningdrone.be\/#organization"},"potentialAction":[{"@type":"SearchAction","target":{"@type":"EntryPoint","urlTemplate":"https:\/\/koningdrone.be\/?s={search_term_string}"},"query-input":{"@type":"PropertyValueSpecification","valueRequired":true,"valueName":"search_term_string"}}],"inLanguage":"de"},{"@type":"Organization","@id":"https:\/\/koningdrone.be\/#organization","name":"Kingdrone.de","url":"https:\/\/koningdrone.be\/","logo":{"@type":"ImageObject","inLanguage":"de","@id":"https:\/\/koningdrone.be\/#\/schema\/logo\/image\/","url":"https:\/\/koningdrone.be\/wp-content\/uploads\/sites\/13\/2025\/04\/koningdrone-copyright-logo.svg","contentUrl":"https:\/\/koningdrone.be\/wp-content\/uploads\/sites\/13\/2025\/04\/koningdrone-copyright-logo.svg","width":227,"height":38,"caption":"Koningdrone.be"},"image":{"@id":"https:\/\/koningdrone.be\/#\/schema\/logo\/image\/"}}]}},"df_price":"","df_sale_price":"","df_regular_price":"","df_image_link":"https:\/\/koningdrone.be\/wp-content\/uploads\/sites\/13\/2025\/04\/1000_739115af-e706-4583-90cd-6413c434305d-300x300.jpg","_links":{"self":[{"href":"https:\/\/koningdrone.be\/de\/wp-json\/wp\/v2\/product\/2729","targetHints":{"allow":["GET"]}}],"collection":[{"href":"https:\/\/koningdrone.be\/de\/wp-json\/wp\/v2\/product"}],"about":[{"href":"https:\/\/koningdrone.be\/de\/wp-json\/wp\/v2\/types\/product"}],"wp:featuredmedia":[{"embeddable":true,"href":"https:\/\/koningdrone.be\/de\/wp-json\/wp\/v2\/media\/2726"}],"wp:attachment":[{"href":"https:\/\/koningdrone.be\/de\/wp-json\/wp\/v2\/media?parent=2729"}],"wp:term":[{"taxonomy":"product_brand","embeddable":true,"href":"https:\/\/koningdrone.be\/de\/wp-json\/wp\/v2\/product_brand?post=2729"},{"taxonomy":"product_cat","embeddable":true,"href":"https:\/\/koningdrone.be\/de\/wp-json\/wp\/v2\/product_cat?post=2729"},{"taxonomy":"product_tag","embeddable":true,"href":"https:\/\/koningdrone.be\/de\/wp-json\/wp\/v2\/product_tag?post=2729"}],"curies":[{"name":"wp","href":"https:\/\/api.w.org\/{rel}","templated":true}]}}