{"id":2725,"date":"2024-09-18T10:09:21","date_gmt":"2024-09-18T08:09:21","guid":{"rendered":"https:\/\/koningdrone.nl\/kon\/product\/jackery-explorer-1000-plus-portable-power-station\/"},"modified":"2025-05-20T14:31:12","modified_gmt":"2025-05-20T12:31:12","slug":"jackery-explorer-1000-plus-portable-power-station","status":"publish","type":"product","link":"https:\/\/koningdrone.be\/de\/produkt\/jackery-explorer-1000-plus-portable-power-station\/","title":{"rendered":"Jackery Explorer 1000 plus - Tragbares Kraftwerk"},"content":{"rendered":"<p>Die Jackery Explorer 1000 Plus (EU) ist eine fortschrittliche und zuverl\u00e4ssige Energiestation mit einer beeindruckenden 1264 Wh LiFePO4-Batterie, die sich sowohl f\u00fcr den Heimgebrauch als auch f\u00fcr Outdoor-Aktivit\u00e4ten eignet. Mit einer Dauerausgangsleistung von 2000 W und einer Spitzenleistung von 4000 W erf\u00fcllt diese kompakte Stromstation m\u00fchelos alle Ihre Energiebed\u00fcrfnisse - von Smartphones und Laptops bis hin zu K\u00fchlschr\u00e4nken und Elektrowerkzeugen.<\/p>\n<p>Dank seiner erweiterbaren Kapazit\u00e4t (bis zu 5048 Wh mit 3 Zusatzakkus) und den effizienten Ladem\u00f6glichkeiten \u00fcber Netz-, Solar- oder Autoladeger\u00e4t sind Sie immer und \u00fcberall mit lang anhaltender Energie versorgt. Der Explorer 1000 Plus ist leise (&lt;30 dB), leicht und verf\u00fcgt \u00fcber ein \u00fcbersichtliches LCD-Display und eine praktische App - Komfort und Mobilit\u00e4t in einem.<\/p>","protected":false},"excerpt":{"rendered":"<ul>\n<li>2000W (Surge 4000W) Batteriekapazit\u00e4t 1264Wh.<\/li>\n<li>Erweiterbar von 1,26kWh auf 5kWh durch Hinzuf\u00fcgen von bis zu 3 zus\u00e4tzlichen Batterien.<\/li>\n<li>F\u00fcr die Stromversorgung und das Aufladen von elektronischen Ger\u00e4ten, mittelgro\u00dfen Ger\u00e4ten und USB-Gadgets.<\/li>\n<li>Leiser und emissionsfreier LFP-Akku (LiFePO4)<\/li>\n<li>Ideal f\u00fcr Camping und Caravaning.<\/li>\n<li>Schnelles Aufladen \u00fcber das Stromnetz, einen 12-V-Autoadapter oder ein Solarpanel (optional).<\/li>\n<\/ul>","protected":false},"featured_media":2718,"template":"","meta":{"_acf_changed":false},"product_brand":[],"product_cat":[454,97,415,475,476],"product_tag":[],"class_list":{"0":"post-2725","1":"product","2":"type-product","3":"status-publish","4":"has-post-thumbnail","6":"product_cat-alle-powerstations","7":"product_cat-alle-producten","8":"product_cat-energy","9":"product_cat-jackery","10":"product_cat-jackery-powerstations","11":"product_shipping_class-v2futureall","12":"pa_brand-jackery","13":"pa_productfamily-draagbare-krachtcentrale","14":"pa_producttype-draagbare-krachtcentrale","15":"pa_series-explorer","17":"first","18":"instock","19":"taxable","20":"shipping-taxable","21":"purchasable","22":"product-type-simple"},"acf":[],"yoast_head":"<!-- This site is optimized with the Yoast SEO Premium plugin v27.2 (Yoast SEO v27.2) - https:\/\/yoast.com\/product\/yoast-seo-premium-wordpress\/ -->\n<title>Jackery Explorer 1000 plus - Portable power station - koningdrone.be<\/title>\n<meta name=\"robots\" content=\"index, follow, max-snippet:-1, max-image-preview:large, max-video-preview:-1\" \/>\n<link rel=\"canonical\" href=\"https:\/\/koningdrone.be\/de\/produkt\/jackery-explorer-1000-plus-portable-power-station\/\" \/>\n<meta property=\"og:locale\" content=\"de_DE\" \/>\n<meta property=\"og:type\" content=\"article\" \/>\n<meta property=\"og:title\" content=\"Jackery Explorer 1000 plus - Portable power station\" \/>\n<meta property=\"og:description\" content=\"2000W (Surge 4000W) Accucapaciteit 1264Wh.  Uitbreidbaar van 1,26kWh tot 5kWh door maximaal 3 extra accu&#039;s toe te voegen.  Voor het voeden en opladen van elektronische apparaten, middelgrote apparaten en USB-gadgets.  Stille en emissieloze oplaadbare LFP (LiFePO4)-accu  Ideaal voor kamperen en caravannen.  Snel opladen via lichtnet, 12v autoadapter of zonnepaneel (optioneel).\" \/>\n<meta property=\"og:url\" content=\"https:\/\/koningdrone.be\/de\/produkt\/jackery-explorer-1000-plus-portable-power-station\/\" \/>\n<meta property=\"og:site_name\" content=\"koningdrone.be\" \/>\n<meta property=\"article:modified_time\" content=\"2025-05-20T12:31:12+00:00\" \/>\n<meta property=\"og:image\" content=\"https:\/\/koningdrone.be\/wp-content\/uploads\/sites\/13\/2025\/04\/Jackery-explorer-1000-plus-EU-1.webp\" \/>\n\t<meta property=\"og:image:width\" content=\"800\" \/>\n\t<meta property=\"og:image:height\" content=\"800\" \/>\n\t<meta property=\"og:image:type\" content=\"image\/webp\" \/>\n<meta name=\"twitter:card\" content=\"summary_large_image\" \/>\n<meta name=\"twitter:label1\" content=\"Gesch\u00e4tzte Lesezeit\" \/>\n\t<meta name=\"twitter:data1\" content=\"1\u00a0Minute\" \/>\n<script type=\"application\/ld+json\" class=\"yoast-schema-graph\">{\"@context\":\"https:\/\/schema.org\",\"@graph\":[{\"@type\":\"WebPage\",\"@id\":\"https:\/\/koningdrone.be\/product\/jackery-explorer-1000-plus-portable-power-station\/\",\"url\":\"https:\/\/koningdrone.be\/product\/jackery-explorer-1000-plus-portable-power-station\/\",\"name\":\"Jackery Explorer 1000 plus - Portable power station - koningdrone.be\",\"isPartOf\":{\"@id\":\"https:\/\/koningdrone.be\/#website\"},\"primaryImageOfPage\":{\"@id\":\"https:\/\/koningdrone.be\/product\/jackery-explorer-1000-plus-portable-power-station\/#primaryimage\"},\"image\":{\"@id\":\"https:\/\/koningdrone.be\/product\/jackery-explorer-1000-plus-portable-power-station\/#primaryimage\"},\"thumbnailUrl\":\"https:\/\/koningdrone.be\/wp-content\/uploads\/sites\/13\/2025\/04\/Jackery-explorer-1000-plus-EU-1.webp\",\"datePublished\":\"2024-09-18T08:09:21+00:00\",\"dateModified\":\"2025-05-20T12:31:12+00:00\",\"breadcrumb\":{\"@id\":\"https:\/\/koningdrone.be\/product\/jackery-explorer-1000-plus-portable-power-station\/#breadcrumb\"},\"inLanguage\":\"de\",\"potentialAction\":[{\"@type\":\"ReadAction\",\"target\":[\"https:\/\/koningdrone.be\/product\/jackery-explorer-1000-plus-portable-power-station\/\"]}]},{\"@type\":\"ImageObject\",\"inLanguage\":\"de\",\"@id\":\"https:\/\/koningdrone.be\/product\/jackery-explorer-1000-plus-portable-power-station\/#primaryimage\",\"url\":\"https:\/\/koningdrone.be\/wp-content\/uploads\/sites\/13\/2025\/04\/Jackery-explorer-1000-plus-EU-1.webp\",\"contentUrl\":\"https:\/\/koningdrone.be\/wp-content\/uploads\/sites\/13\/2025\/04\/Jackery-explorer-1000-plus-EU-1.webp\",\"width\":800,\"height\":800},{\"@type\":\"BreadcrumbList\",\"@id\":\"https:\/\/koningdrone.be\/product\/jackery-explorer-1000-plus-portable-power-station\/#breadcrumb\",\"itemListElement\":[{\"@type\":\"ListItem\",\"position\":1,\"name\":\"Home\",\"item\":\"https:\/\/koningdrone.be\/\"},{\"@type\":\"ListItem\",\"position\":2,\"name\":\"AVSS Parachute Recovery System for DJI Matrice 300\/350\",\"item\":\"https:\/\/koningdrone.be\/product\/avss-parachute-recovery-system-for-dji-matrice-300-350\/\"},{\"@type\":\"ListItem\",\"position\":3,\"name\":\"Alle powerstations\",\"item\":\"https:\/\/koningdrone.be\/categorie\/alle-powerstations\/\"},{\"@type\":\"ListItem\",\"position\":4,\"name\":\"Jackery Explorer 1000 plus &#8211; Portable power station\"}]},{\"@type\":\"WebSite\",\"@id\":\"https:\/\/koningdrone.be\/#website\",\"url\":\"https:\/\/koningdrone.be\/\",\"name\":\"Koningdrone.be - Uw online specialist in drones, gimbals, camera's en power stations.\",\"description\":\"De webshop in drones en gimbals\",\"publisher\":{\"@id\":\"https:\/\/koningdrone.be\/#organization\"},\"potentialAction\":[{\"@type\":\"SearchAction\",\"target\":{\"@type\":\"EntryPoint\",\"urlTemplate\":\"https:\/\/koningdrone.be\/?s={search_term_string}\"},\"query-input\":{\"@type\":\"PropertyValueSpecification\",\"valueRequired\":true,\"valueName\":\"search_term_string\"}}],\"inLanguage\":\"de\"},{\"@type\":\"Organization\",\"@id\":\"https:\/\/koningdrone.be\/#organization\",\"name\":\"Koningdrone.be\",\"url\":\"https:\/\/koningdrone.be\/\",\"logo\":{\"@type\":\"ImageObject\",\"inLanguage\":\"de\",\"@id\":\"https:\/\/koningdrone.be\/#\/schema\/logo\/image\/\",\"url\":\"https:\/\/koningdrone.be\/wp-content\/uploads\/sites\/13\/2025\/04\/koningdrone-copyright-logo.svg\",\"contentUrl\":\"https:\/\/koningdrone.be\/wp-content\/uploads\/sites\/13\/2025\/04\/koningdrone-copyright-logo.svg\",\"width\":227,\"height\":38,\"caption\":\"Koningdrone.be\"},\"image\":{\"@id\":\"https:\/\/koningdrone.be\/#\/schema\/logo\/image\/\"}}]}<\/script>\n<!-- \/ Yoast SEO Premium plugin. -->","yoast_head_json":{"title":"Jackery Explorer 1000 plus - Tragbares Kraftwerk - kingdrone.de","robots":{"index":"index","follow":"follow","max-snippet":"max-snippet:-1","max-image-preview":"max-image-preview:large","max-video-preview":"max-video-preview:-1"},"canonical":"https:\/\/koningdrone.be\/de\/produkt\/jackery-explorer-1000-plus-portable-power-station\/","og_locale":"de_DE","og_type":"article","og_title":"Jackery Explorer 1000 plus - Portable power station","og_description":"2000W (Surge 4000W) Accucapaciteit 1264Wh.  Uitbreidbaar van 1,26kWh tot 5kWh door maximaal 3 extra accu's toe te voegen.  Voor het voeden en opladen van elektronische apparaten, middelgrote apparaten en USB-gadgets.  Stille en emissieloze oplaadbare LFP (LiFePO4)-accu  Ideaal voor kamperen en caravannen.  Snel opladen via lichtnet, 12v autoadapter of zonnepaneel (optioneel).","og_url":"https:\/\/koningdrone.be\/de\/produkt\/jackery-explorer-1000-plus-portable-power-station\/","og_site_name":"koningdrone.be","article_modified_time":"2025-05-20T12:31:12+00:00","og_image":[{"width":800,"height":800,"url":"https:\/\/koningdrone.be\/wp-content\/uploads\/sites\/13\/2025\/04\/Jackery-explorer-1000-plus-EU-1.webp","type":"image\/webp"}],"twitter_card":"summary_large_image","twitter_misc":{"Gesch\u00e4tzte Lesezeit":"1\u00a0Minute"},"schema":{"@context":"https:\/\/schema.org","@graph":[{"@type":"WebPage","@id":"https:\/\/koningdrone.be\/product\/jackery-explorer-1000-plus-portable-power-station\/","url":"https:\/\/koningdrone.be\/product\/jackery-explorer-1000-plus-portable-power-station\/","name":"Jackery Explorer 1000 plus - Tragbares Kraftwerk - kingdrone.de","isPartOf":{"@id":"https:\/\/koningdrone.be\/#website"},"primaryImageOfPage":{"@id":"https:\/\/koningdrone.be\/product\/jackery-explorer-1000-plus-portable-power-station\/#primaryimage"},"image":{"@id":"https:\/\/koningdrone.be\/product\/jackery-explorer-1000-plus-portable-power-station\/#primaryimage"},"thumbnailUrl":"https:\/\/koningdrone.be\/wp-content\/uploads\/sites\/13\/2025\/04\/Jackery-explorer-1000-plus-EU-1.webp","datePublished":"2024-09-18T08:09:21+00:00","dateModified":"2025-05-20T12:31:12+00:00","breadcrumb":{"@id":"https:\/\/koningdrone.be\/product\/jackery-explorer-1000-plus-portable-power-station\/#breadcrumb"},"inLanguage":"de","potentialAction":[{"@type":"ReadAction","target":["https:\/\/koningdrone.be\/product\/jackery-explorer-1000-plus-portable-power-station\/"]}]},{"@type":"ImageObject","inLanguage":"de","@id":"https:\/\/koningdrone.be\/product\/jackery-explorer-1000-plus-portable-power-station\/#primaryimage","url":"https:\/\/koningdrone.be\/wp-content\/uploads\/sites\/13\/2025\/04\/Jackery-explorer-1000-plus-EU-1.webp","contentUrl":"https:\/\/koningdrone.be\/wp-content\/uploads\/sites\/13\/2025\/04\/Jackery-explorer-1000-plus-EU-1.webp","width":800,"height":800},{"@type":"BreadcrumbList","@id":"https:\/\/koningdrone.be\/product\/jackery-explorer-1000-plus-portable-power-station\/#breadcrumb","itemListElement":[{"@type":"ListItem","position":1,"name":"Home","item":"https:\/\/koningdrone.be\/"},{"@type":"ListItem","position":2,"name":"AVSS Parachute Recovery System for DJI Matrice 300\/350","item":"https:\/\/koningdrone.be\/product\/avss-parachute-recovery-system-for-dji-matrice-300-350\/"},{"@type":"ListItem","position":3,"name":"Alle powerstations","item":"https:\/\/koningdrone.be\/categorie\/alle-powerstations\/"},{"@type":"ListItem","position":4,"name":"Jackery Explorer 1000 plus &#8211; Portable power station"}]},{"@type":"WebSite","@id":"https:\/\/koningdrone.be\/#website","url":"https:\/\/koningdrone.be\/","name":"Koningdrone.be - Ihr Online-Spezialist f\u00fcr Drohnen, Gimbals, Kameras und Kraftwerke.","description":"Der Webshop f\u00fcr Drohnen und Gimbals","publisher":{"@id":"https:\/\/koningdrone.be\/#organization"},"potentialAction":[{"@type":"SearchAction","target":{"@type":"EntryPoint","urlTemplate":"https:\/\/koningdrone.be\/?s={search_term_string}"},"query-input":{"@type":"PropertyValueSpecification","valueRequired":true,"valueName":"search_term_string"}}],"inLanguage":"de"},{"@type":"Organization","@id":"https:\/\/koningdrone.be\/#organization","name":"Kingdrone.de","url":"https:\/\/koningdrone.be\/","logo":{"@type":"ImageObject","inLanguage":"de","@id":"https:\/\/koningdrone.be\/#\/schema\/logo\/image\/","url":"https:\/\/koningdrone.be\/wp-content\/uploads\/sites\/13\/2025\/04\/koningdrone-copyright-logo.svg","contentUrl":"https:\/\/koningdrone.be\/wp-content\/uploads\/sites\/13\/2025\/04\/koningdrone-copyright-logo.svg","width":227,"height":38,"caption":"Koningdrone.be"},"image":{"@id":"https:\/\/koningdrone.be\/#\/schema\/logo\/image\/"}}]}},"df_price":1114.35,"df_sale_price":"","df_regular_price":1114.35,"df_image_link":"https:\/\/koningdrone.be\/wp-content\/uploads\/sites\/13\/2025\/04\/Jackery-explorer-1000-plus-EU-1-300x300.webp","_links":{"self":[{"href":"https:\/\/koningdrone.be\/de\/wp-json\/wp\/v2\/product\/2725","targetHints":{"allow":["GET"]}}],"collection":[{"href":"https:\/\/koningdrone.be\/de\/wp-json\/wp\/v2\/product"}],"about":[{"href":"https:\/\/koningdrone.be\/de\/wp-json\/wp\/v2\/types\/product"}],"wp:featuredmedia":[{"embeddable":true,"href":"https:\/\/koningdrone.be\/de\/wp-json\/wp\/v2\/media\/2718"}],"wp:attachment":[{"href":"https:\/\/koningdrone.be\/de\/wp-json\/wp\/v2\/media?parent=2725"}],"wp:term":[{"taxonomy":"product_brand","embeddable":true,"href":"https:\/\/koningdrone.be\/de\/wp-json\/wp\/v2\/product_brand?post=2725"},{"taxonomy":"product_cat","embeddable":true,"href":"https:\/\/koningdrone.be\/de\/wp-json\/wp\/v2\/product_cat?post=2725"},{"taxonomy":"product_tag","embeddable":true,"href":"https:\/\/koningdrone.be\/de\/wp-json\/wp\/v2\/product_tag?post=2725"}],"curies":[{"name":"wp","href":"https:\/\/api.w.org\/{rel}","templated":true}]}}