{"id":2693,"date":"2024-09-18T10:09:21","date_gmt":"2024-09-18T08:09:21","guid":{"rendered":"https:\/\/koningdrone.nl\/kon\/product\/hoodman-launch-pad-240cm\/"},"modified":"2026-04-29T15:30:51","modified_gmt":"2026-04-29T13:30:51","slug":"hoodman-launch-pad-240cm","status":"publish","type":"product","link":"https:\/\/koningdrone.be\/de\/produkt\/hoodman-launch-pad-240cm\/","title":{"rendered":"Hoodman Startrampe 240cm"},"content":{"rendered":"<p>Das Hoodman Launch Pad ist eine einfach zu installierende Landefl\u00e4che f\u00fcr Drohnen, Quadrocopter, Multirotoren, Helikopter und andere Flugobjekte. Das verzinkte Kabel h\u00e4lt die Startrampe aus Polyester sicher an Ort und Stelle und macht die Verwendung von Heringen \u00fcberfl\u00fcssig. Dank der leuchtend orangen Farbe mit klaren schwarzen Markierungen k\u00f6nnen Sie die Drohne problemlos an der richtigen Stelle landen.<\/p>","protected":false},"excerpt":{"rendered":"<ul>\n<li>Durchmesser von 240cm<\/li>\n<li><\/li>\n<li>Praktische Tragetasche<\/li>\n<li><\/li>\n<li>Leicht zu falten und zu entfalten<\/li>\n<li><\/li>\n<li>Sch\u00fctzt Ihre Drohne beim Starten und Landen<\/li>\n<\/ul>","protected":false},"featured_media":2688,"template":"","meta":{"_acf_changed":false},"product_brand":[],"product_cat":[472,97,1583,183],"product_tag":[],"class_list":{"0":"post-2693","1":"product","2":"type-product","3":"status-publish","4":"has-post-thumbnail","6":"product_cat-alle-landingpads","7":"product_cat-alle-producten","8":"product_cat-dji-matrice-400","9":"product_cat-hoodman","10":"product_shipping_class-outofstock","11":"pa_brand-hoodman","12":"pa_productfamily-lanceerplatform","13":"pa_producttype-lanceerplatform","15":"first","16":"outofstock","17":"taxable","18":"shipping-taxable","19":"purchasable","20":"product-type-simple"},"acf":[],"yoast_head":"<!-- This site is optimized with the Yoast SEO Premium plugin v27.2 (Yoast SEO v27.2) - https:\/\/yoast.com\/product\/yoast-seo-premium-wordpress\/ -->\n<title>Hoodman Launch Pad 240cm - koningdrone.be<\/title>\n<meta name=\"robots\" content=\"index, follow, max-snippet:-1, max-image-preview:large, max-video-preview:-1\" \/>\n<link rel=\"canonical\" href=\"https:\/\/koningdrone.be\/de\/produkt\/hoodman-launch-pad-240cm\/\" \/>\n<meta property=\"og:locale\" content=\"de_DE\" \/>\n<meta property=\"og:type\" content=\"article\" \/>\n<meta property=\"og:title\" content=\"Hoodman Launch Pad 240cm\" \/>\n<meta property=\"og:description\" content=\"Diameter van 240cmHandige draagtasGemakkelijk in en uit te vouwenBeschermt je drone bij het landen en opstijgen\" \/>\n<meta property=\"og:url\" content=\"https:\/\/koningdrone.be\/de\/produkt\/hoodman-launch-pad-240cm\/\" \/>\n<meta property=\"og:site_name\" content=\"koningdrone.be\" \/>\n<meta property=\"article:modified_time\" content=\"2026-04-29T13:30:51+00:00\" \/>\n<meta property=\"og:image\" content=\"https:\/\/koningdrone.be\/wp-content\/uploads\/sites\/13\/2025\/04\/1701420013_711.jpeg\" \/>\n\t<meta property=\"og:image:width\" content=\"1000\" \/>\n\t<meta property=\"og:image:height\" content=\"1000\" \/>\n\t<meta property=\"og:image:type\" content=\"image\/jpeg\" \/>\n<meta name=\"twitter:card\" content=\"summary_large_image\" \/>\n<script type=\"application\/ld+json\" class=\"yoast-schema-graph\">{\"@context\":\"https:\/\/schema.org\",\"@graph\":[{\"@type\":\"WebPage\",\"@id\":\"https:\/\/koningdrone.be\/product\/hoodman-launch-pad-240cm\/\",\"url\":\"https:\/\/koningdrone.be\/product\/hoodman-launch-pad-240cm\/\",\"name\":\"Hoodman Launch Pad 240cm - koningdrone.be\",\"isPartOf\":{\"@id\":\"https:\/\/koningdrone.be\/#website\"},\"primaryImageOfPage\":{\"@id\":\"https:\/\/koningdrone.be\/product\/hoodman-launch-pad-240cm\/#primaryimage\"},\"image\":{\"@id\":\"https:\/\/koningdrone.be\/product\/hoodman-launch-pad-240cm\/#primaryimage\"},\"thumbnailUrl\":\"https:\/\/koningdrone.be\/wp-content\/uploads\/sites\/13\/2025\/04\/1701420013_711.jpeg\",\"datePublished\":\"2024-09-18T08:09:21+00:00\",\"dateModified\":\"2026-04-29T13:30:51+00:00\",\"breadcrumb\":{\"@id\":\"https:\/\/koningdrone.be\/product\/hoodman-launch-pad-240cm\/#breadcrumb\"},\"inLanguage\":\"de\",\"potentialAction\":[{\"@type\":\"ReadAction\",\"target\":[\"https:\/\/koningdrone.be\/product\/hoodman-launch-pad-240cm\/\"]}]},{\"@type\":\"ImageObject\",\"inLanguage\":\"de\",\"@id\":\"https:\/\/koningdrone.be\/product\/hoodman-launch-pad-240cm\/#primaryimage\",\"url\":\"https:\/\/koningdrone.be\/wp-content\/uploads\/sites\/13\/2025\/04\/1701420013_711.jpeg\",\"contentUrl\":\"https:\/\/koningdrone.be\/wp-content\/uploads\/sites\/13\/2025\/04\/1701420013_711.jpeg\",\"width\":1000,\"height\":1000},{\"@type\":\"BreadcrumbList\",\"@id\":\"https:\/\/koningdrone.be\/product\/hoodman-launch-pad-240cm\/#breadcrumb\",\"itemListElement\":[{\"@type\":\"ListItem\",\"position\":1,\"name\":\"Home\",\"item\":\"https:\/\/koningdrone.be\/\"},{\"@type\":\"ListItem\",\"position\":2,\"name\":\"AVSS Parachute Recovery System for DJI Matrice 300\/350\",\"item\":\"https:\/\/koningdrone.be\/product\/avss-parachute-recovery-system-for-dji-matrice-300-350\/\"},{\"@type\":\"ListItem\",\"position\":3,\"name\":\"Alle landingpads\",\"item\":\"https:\/\/koningdrone.be\/categorie\/alle-landingpads\/\"},{\"@type\":\"ListItem\",\"position\":4,\"name\":\"Hoodman Launch Pad 240cm\"}]},{\"@type\":\"WebSite\",\"@id\":\"https:\/\/koningdrone.be\/#website\",\"url\":\"https:\/\/koningdrone.be\/\",\"name\":\"Koningdrone.be - Uw online specialist in drones, gimbals, camera's en power stations.\",\"description\":\"De webshop in drones en gimbals\",\"publisher\":{\"@id\":\"https:\/\/koningdrone.be\/#organization\"},\"potentialAction\":[{\"@type\":\"SearchAction\",\"target\":{\"@type\":\"EntryPoint\",\"urlTemplate\":\"https:\/\/koningdrone.be\/?s={search_term_string}\"},\"query-input\":{\"@type\":\"PropertyValueSpecification\",\"valueRequired\":true,\"valueName\":\"search_term_string\"}}],\"inLanguage\":\"de\"},{\"@type\":\"Organization\",\"@id\":\"https:\/\/koningdrone.be\/#organization\",\"name\":\"Koningdrone.be\",\"url\":\"https:\/\/koningdrone.be\/\",\"logo\":{\"@type\":\"ImageObject\",\"inLanguage\":\"de\",\"@id\":\"https:\/\/koningdrone.be\/#\/schema\/logo\/image\/\",\"url\":\"https:\/\/koningdrone.be\/wp-content\/uploads\/sites\/13\/2025\/04\/koningdrone-copyright-logo.svg\",\"contentUrl\":\"https:\/\/koningdrone.be\/wp-content\/uploads\/sites\/13\/2025\/04\/koningdrone-copyright-logo.svg\",\"width\":227,\"height\":38,\"caption\":\"Koningdrone.be\"},\"image\":{\"@id\":\"https:\/\/koningdrone.be\/#\/schema\/logo\/image\/\"}}]}<\/script>\n<!-- \/ Yoast SEO Premium plugin. -->","yoast_head_json":{"title":"Hoodman Launch Pad 240cm - koningdrone.be","robots":{"index":"index","follow":"follow","max-snippet":"max-snippet:-1","max-image-preview":"max-image-preview:large","max-video-preview":"max-video-preview:-1"},"canonical":"https:\/\/koningdrone.be\/de\/produkt\/hoodman-launch-pad-240cm\/","og_locale":"de_DE","og_type":"article","og_title":"Hoodman Launch Pad 240cm","og_description":"Diameter van 240cmHandige draagtasGemakkelijk in en uit te vouwenBeschermt je drone bij het landen en opstijgen","og_url":"https:\/\/koningdrone.be\/de\/produkt\/hoodman-launch-pad-240cm\/","og_site_name":"koningdrone.be","article_modified_time":"2026-04-29T13:30:51+00:00","og_image":[{"width":1000,"height":1000,"url":"https:\/\/koningdrone.be\/wp-content\/uploads\/sites\/13\/2025\/04\/1701420013_711.jpeg","type":"image\/jpeg"}],"twitter_card":"summary_large_image","schema":{"@context":"https:\/\/schema.org","@graph":[{"@type":"WebPage","@id":"https:\/\/koningdrone.be\/product\/hoodman-launch-pad-240cm\/","url":"https:\/\/koningdrone.be\/product\/hoodman-launch-pad-240cm\/","name":"Hoodman Launch Pad 240cm - koningdrone.be","isPartOf":{"@id":"https:\/\/koningdrone.be\/#website"},"primaryImageOfPage":{"@id":"https:\/\/koningdrone.be\/product\/hoodman-launch-pad-240cm\/#primaryimage"},"image":{"@id":"https:\/\/koningdrone.be\/product\/hoodman-launch-pad-240cm\/#primaryimage"},"thumbnailUrl":"https:\/\/koningdrone.be\/wp-content\/uploads\/sites\/13\/2025\/04\/1701420013_711.jpeg","datePublished":"2024-09-18T08:09:21+00:00","dateModified":"2026-04-29T13:30:51+00:00","breadcrumb":{"@id":"https:\/\/koningdrone.be\/product\/hoodman-launch-pad-240cm\/#breadcrumb"},"inLanguage":"de","potentialAction":[{"@type":"ReadAction","target":["https:\/\/koningdrone.be\/product\/hoodman-launch-pad-240cm\/"]}]},{"@type":"ImageObject","inLanguage":"de","@id":"https:\/\/koningdrone.be\/product\/hoodman-launch-pad-240cm\/#primaryimage","url":"https:\/\/koningdrone.be\/wp-content\/uploads\/sites\/13\/2025\/04\/1701420013_711.jpeg","contentUrl":"https:\/\/koningdrone.be\/wp-content\/uploads\/sites\/13\/2025\/04\/1701420013_711.jpeg","width":1000,"height":1000},{"@type":"BreadcrumbList","@id":"https:\/\/koningdrone.be\/product\/hoodman-launch-pad-240cm\/#breadcrumb","itemListElement":[{"@type":"ListItem","position":1,"name":"Home","item":"https:\/\/koningdrone.be\/"},{"@type":"ListItem","position":2,"name":"AVSS Parachute Recovery System for DJI Matrice 300\/350","item":"https:\/\/koningdrone.be\/product\/avss-parachute-recovery-system-for-dji-matrice-300-350\/"},{"@type":"ListItem","position":3,"name":"Alle landingpads","item":"https:\/\/koningdrone.be\/categorie\/alle-landingpads\/"},{"@type":"ListItem","position":4,"name":"Hoodman Launch Pad 240cm"}]},{"@type":"WebSite","@id":"https:\/\/koningdrone.be\/#website","url":"https:\/\/koningdrone.be\/","name":"Koningdrone.be - Ihr Online-Spezialist f\u00fcr Drohnen, Gimbals, Kameras und Kraftwerke.","description":"Der Webshop f\u00fcr Drohnen und Gimbals","publisher":{"@id":"https:\/\/koningdrone.be\/#organization"},"potentialAction":[{"@type":"SearchAction","target":{"@type":"EntryPoint","urlTemplate":"https:\/\/koningdrone.be\/?s={search_term_string}"},"query-input":{"@type":"PropertyValueSpecification","valueRequired":true,"valueName":"search_term_string"}}],"inLanguage":"de"},{"@type":"Organization","@id":"https:\/\/koningdrone.be\/#organization","name":"Kingdrone.de","url":"https:\/\/koningdrone.be\/","logo":{"@type":"ImageObject","inLanguage":"de","@id":"https:\/\/koningdrone.be\/#\/schema\/logo\/image\/","url":"https:\/\/koningdrone.be\/wp-content\/uploads\/sites\/13\/2025\/04\/koningdrone-copyright-logo.svg","contentUrl":"https:\/\/koningdrone.be\/wp-content\/uploads\/sites\/13\/2025\/04\/koningdrone-copyright-logo.svg","width":227,"height":38,"caption":"Koningdrone.be"},"image":{"@id":"https:\/\/koningdrone.be\/#\/schema\/logo\/image\/"}}]}},"df_price":499,"df_sale_price":"","df_regular_price":499,"df_image_link":"https:\/\/koningdrone.be\/wp-content\/uploads\/sites\/13\/2025\/04\/1701420013_711-300x300.jpeg","_links":{"self":[{"href":"https:\/\/koningdrone.be\/de\/wp-json\/wp\/v2\/product\/2693","targetHints":{"allow":["GET"]}}],"collection":[{"href":"https:\/\/koningdrone.be\/de\/wp-json\/wp\/v2\/product"}],"about":[{"href":"https:\/\/koningdrone.be\/de\/wp-json\/wp\/v2\/types\/product"}],"wp:featuredmedia":[{"embeddable":true,"href":"https:\/\/koningdrone.be\/de\/wp-json\/wp\/v2\/media\/2688"}],"wp:attachment":[{"href":"https:\/\/koningdrone.be\/de\/wp-json\/wp\/v2\/media?parent=2693"}],"wp:term":[{"taxonomy":"product_brand","embeddable":true,"href":"https:\/\/koningdrone.be\/de\/wp-json\/wp\/v2\/product_brand?post=2693"},{"taxonomy":"product_cat","embeddable":true,"href":"https:\/\/koningdrone.be\/de\/wp-json\/wp\/v2\/product_cat?post=2693"},{"taxonomy":"product_tag","embeddable":true,"href":"https:\/\/koningdrone.be\/de\/wp-json\/wp\/v2\/product_tag?post=2693"}],"curies":[{"name":"wp","href":"https:\/\/api.w.org\/{rel}","templated":true}]}}