{"id":2675,"date":"2024-09-18T10:10:22","date_gmt":"2024-09-18T10:10:22","guid":{"rendered":"https:\/\/koningdrone.nl\/kon\/product\/anker-solix-c300dc\/"},"modified":"2024-09-18T10:10:22","modified_gmt":"2024-09-18T10:10:22","slug":"anker-solix-c300dc","status":"publish","type":"product","link":"https:\/\/koningdrone.be\/de\/produkt\/anker-solix-c300dc\/","title":{"rendered":"ANKER SOLIX C300DC"},"content":{"rendered":"<p>Der ANKER SOLIX C300DC ist ein leistungsstarker und vielseitiger tragbarer Solargenerator, der sich ideal f\u00fcr den netzunabh\u00e4ngigen Einsatz und Aktivit\u00e4ten im Freien eignet. Er bietet Gleichstrom (DC) f\u00fcr eine effiziente Energie\u00fcbertragung und ist somit perfekt zum Aufladen verschiedener Ger\u00e4te und Apparate geeignet. Der C300DC ist kompakt und leicht zu transportieren und bietet eine nachhaltige Energiel\u00f6sung mit Solarpanel-Kompatibilit\u00e4t, damit Sie immer und \u00fcberall zuverl\u00e4ssig Strom haben.<\/p>","protected":false},"excerpt":{"rendered":"<ul>\n<li>Dieser 90.000mAh (288Wh) Akku liefert 300W und verf\u00fcgt \u00fcber zwei 140W Zwei-Wege-USB-C-Schnellladeanschl\u00fcsse.<\/li>\n<li>Versorgen Sie Ihre gesamte Technologie unterwegs mit Strom, unabh\u00e4ngig von der Art der Verbindung.<\/li>\n<li>Befestigen Sie den G\u00fcrtel (separat erh\u00e4ltlich) mit einer kleineren Power Station 30%, um die volle Tragbarkeit zu gew\u00e4hrleisten.<\/li>\n<li>Mit bis zu 100 W Solarladung k\u00f6nnen Sie auf Ihrer Reise endlos aufladen.<\/li>\n<li>Schnellladung bis zu 80% in einer Stunde mit dem dualen PD 3.1 USB-C-Anschluss. Sie k\u00f6nnen auch Sonnenkollektoren oder Ihr Auto verwenden.<\/li>\n<li>Dank der LFP-Batterien halten sie jahrelang. Beim Kauf erhalten Sie au\u00dferdem eine 3-Jahres-Garantie.<\/li>\n<\/ul>","protected":false},"featured_media":2667,"template":"","meta":{"_acf_changed":false},"product_brand":[],"product_cat":[454,97,197,415],"product_tag":[],"class_list":{"0":"post-2675","1":"product","2":"type-product","3":"status-publish","4":"has-post-thumbnail","6":"product_cat-alle-powerstations","7":"product_cat-alle-producten","8":"product_cat-anker","9":"product_cat-energy","10":"product_shipping_class-outofstock","11":"pa_brand-anker","12":"pa_productfamily-power-station","13":"pa_producttype-power-station","15":"first","16":"outofstock","17":"taxable","18":"shipping-taxable","19":"product-type-simple"},"acf":[],"yoast_head":"<!-- This site is optimized with the Yoast SEO Premium plugin v27.2 (Yoast SEO v27.2) - https:\/\/yoast.com\/product\/yoast-seo-premium-wordpress\/ -->\n<title>ANKER SOLIX C300DC - koningdrone.be<\/title>\n<meta name=\"robots\" content=\"index, follow, max-snippet:-1, max-image-preview:large, max-video-preview:-1\" \/>\n<link rel=\"canonical\" href=\"https:\/\/koningdrone.be\/de\/produkt\/anker-solix-c300dc\/\" \/>\n<meta property=\"og:locale\" content=\"de_DE\" \/>\n<meta property=\"og:type\" content=\"article\" \/>\n<meta property=\"og:title\" content=\"ANKER SOLIX C300DC\" \/>\n<meta property=\"og:description\" content=\"Deze 90.000mAh (288Wh) batterij levert 300W en bevat twee 140W twee-weg USB-C snellaadpoorten.  Voed al je technologie onderweg met veelzijdigheid, ongeacht het type aansluiting.  Bevestig de riem (apart verkrijgbaar) met een 30% kleiner voedingsstation voor volledige draagbaarheid.  Geef je reis eindeloos opladen met tot 100W opladen op zonne-energie.  Snel opladen tot 80% in een uur met de dubbele PD 3.1 USB-C poort. Je kunt ook zonnepanelen of je auto gebruiken.  Ga jaren mee dankzij LFP-batterijen. Op je aankoop zit ook 3 jaar garantie.\" \/>\n<meta property=\"og:url\" content=\"https:\/\/koningdrone.be\/de\/produkt\/anker-solix-c300dc\/\" \/>\n<meta property=\"og:site_name\" content=\"koningdrone.be\" \/>\n<meta property=\"og:image\" content=\"https:\/\/koningdrone.be\/wp-content\/uploads\/sites\/13\/2025\/04\/20240604-1523121_3840x.png\" \/>\n\t<meta property=\"og:image:width\" content=\"2000\" \/>\n\t<meta property=\"og:image:height\" content=\"2000\" \/>\n\t<meta property=\"og:image:type\" content=\"image\/png\" \/>\n<meta name=\"twitter:card\" content=\"summary_large_image\" \/>\n<script type=\"application\/ld+json\" class=\"yoast-schema-graph\">{\"@context\":\"https:\/\/schema.org\",\"@graph\":[{\"@type\":\"WebPage\",\"@id\":\"https:\/\/koningdrone.be\/product\/anker-solix-c300dc\/\",\"url\":\"https:\/\/koningdrone.be\/product\/anker-solix-c300dc\/\",\"name\":\"ANKER SOLIX C300DC - koningdrone.be\",\"isPartOf\":{\"@id\":\"https:\/\/koningdrone.be\/#website\"},\"primaryImageOfPage\":{\"@id\":\"https:\/\/koningdrone.be\/product\/anker-solix-c300dc\/#primaryimage\"},\"image\":{\"@id\":\"https:\/\/koningdrone.be\/product\/anker-solix-c300dc\/#primaryimage\"},\"thumbnailUrl\":\"https:\/\/koningdrone.be\/wp-content\/uploads\/sites\/13\/2025\/04\/20240604-1523121_3840x.png\",\"datePublished\":\"2024-09-18T10:10:22+00:00\",\"breadcrumb\":{\"@id\":\"https:\/\/koningdrone.be\/product\/anker-solix-c300dc\/#breadcrumb\"},\"inLanguage\":\"de\",\"potentialAction\":[{\"@type\":\"ReadAction\",\"target\":[\"https:\/\/koningdrone.be\/product\/anker-solix-c300dc\/\"]}]},{\"@type\":\"ImageObject\",\"inLanguage\":\"de\",\"@id\":\"https:\/\/koningdrone.be\/product\/anker-solix-c300dc\/#primaryimage\",\"url\":\"https:\/\/koningdrone.be\/wp-content\/uploads\/sites\/13\/2025\/04\/20240604-1523121_3840x.png\",\"contentUrl\":\"https:\/\/koningdrone.be\/wp-content\/uploads\/sites\/13\/2025\/04\/20240604-1523121_3840x.png\",\"width\":2000,\"height\":2000},{\"@type\":\"BreadcrumbList\",\"@id\":\"https:\/\/koningdrone.be\/product\/anker-solix-c300dc\/#breadcrumb\",\"itemListElement\":[{\"@type\":\"ListItem\",\"position\":1,\"name\":\"Home\",\"item\":\"https:\/\/koningdrone.be\/\"},{\"@type\":\"ListItem\",\"position\":2,\"name\":\"AVSS Parachute Recovery System for DJI Matrice 300\/350\",\"item\":\"https:\/\/koningdrone.be\/product\/avss-parachute-recovery-system-for-dji-matrice-300-350\/\"},{\"@type\":\"ListItem\",\"position\":3,\"name\":\"Alle powerstations\",\"item\":\"https:\/\/koningdrone.be\/categorie\/alle-powerstations\/\"},{\"@type\":\"ListItem\",\"position\":4,\"name\":\"ANKER SOLIX C300DC\"}]},{\"@type\":\"WebSite\",\"@id\":\"https:\/\/koningdrone.be\/#website\",\"url\":\"https:\/\/koningdrone.be\/\",\"name\":\"Koningdrone.be - Uw online specialist in drones, gimbals, camera's en power stations.\",\"description\":\"De webshop in drones en gimbals\",\"publisher\":{\"@id\":\"https:\/\/koningdrone.be\/#organization\"},\"potentialAction\":[{\"@type\":\"SearchAction\",\"target\":{\"@type\":\"EntryPoint\",\"urlTemplate\":\"https:\/\/koningdrone.be\/?s={search_term_string}\"},\"query-input\":{\"@type\":\"PropertyValueSpecification\",\"valueRequired\":true,\"valueName\":\"search_term_string\"}}],\"inLanguage\":\"de\"},{\"@type\":\"Organization\",\"@id\":\"https:\/\/koningdrone.be\/#organization\",\"name\":\"Koningdrone.be\",\"url\":\"https:\/\/koningdrone.be\/\",\"logo\":{\"@type\":\"ImageObject\",\"inLanguage\":\"de\",\"@id\":\"https:\/\/koningdrone.be\/#\/schema\/logo\/image\/\",\"url\":\"https:\/\/koningdrone.be\/wp-content\/uploads\/sites\/13\/2025\/04\/koningdrone-copyright-logo.svg\",\"contentUrl\":\"https:\/\/koningdrone.be\/wp-content\/uploads\/sites\/13\/2025\/04\/koningdrone-copyright-logo.svg\",\"width\":227,\"height\":38,\"caption\":\"Koningdrone.be\"},\"image\":{\"@id\":\"https:\/\/koningdrone.be\/#\/schema\/logo\/image\/\"}}]}<\/script>\n<!-- \/ Yoast SEO Premium plugin. -->","yoast_head_json":{"title":"ANKER SOLIX C300DC - koningdrone.be","robots":{"index":"index","follow":"follow","max-snippet":"max-snippet:-1","max-image-preview":"max-image-preview:large","max-video-preview":"max-video-preview:-1"},"canonical":"https:\/\/koningdrone.be\/de\/produkt\/anker-solix-c300dc\/","og_locale":"de_DE","og_type":"article","og_title":"ANKER SOLIX C300DC","og_description":"Deze 90.000mAh (288Wh) batterij levert 300W en bevat twee 140W twee-weg USB-C snellaadpoorten.  Voed al je technologie onderweg met veelzijdigheid, ongeacht het type aansluiting.  Bevestig de riem (apart verkrijgbaar) met een 30% kleiner voedingsstation voor volledige draagbaarheid.  Geef je reis eindeloos opladen met tot 100W opladen op zonne-energie.  Snel opladen tot 80% in een uur met de dubbele PD 3.1 USB-C poort. Je kunt ook zonnepanelen of je auto gebruiken.  Ga jaren mee dankzij LFP-batterijen. Op je aankoop zit ook 3 jaar garantie.","og_url":"https:\/\/koningdrone.be\/de\/produkt\/anker-solix-c300dc\/","og_site_name":"koningdrone.be","og_image":[{"width":2000,"height":2000,"url":"https:\/\/koningdrone.be\/wp-content\/uploads\/sites\/13\/2025\/04\/20240604-1523121_3840x.png","type":"image\/png"}],"twitter_card":"summary_large_image","schema":{"@context":"https:\/\/schema.org","@graph":[{"@type":"WebPage","@id":"https:\/\/koningdrone.be\/product\/anker-solix-c300dc\/","url":"https:\/\/koningdrone.be\/product\/anker-solix-c300dc\/","name":"ANKER SOLIX C300DC - koningdrone.be","isPartOf":{"@id":"https:\/\/koningdrone.be\/#website"},"primaryImageOfPage":{"@id":"https:\/\/koningdrone.be\/product\/anker-solix-c300dc\/#primaryimage"},"image":{"@id":"https:\/\/koningdrone.be\/product\/anker-solix-c300dc\/#primaryimage"},"thumbnailUrl":"https:\/\/koningdrone.be\/wp-content\/uploads\/sites\/13\/2025\/04\/20240604-1523121_3840x.png","datePublished":"2024-09-18T10:10:22+00:00","breadcrumb":{"@id":"https:\/\/koningdrone.be\/product\/anker-solix-c300dc\/#breadcrumb"},"inLanguage":"de","potentialAction":[{"@type":"ReadAction","target":["https:\/\/koningdrone.be\/product\/anker-solix-c300dc\/"]}]},{"@type":"ImageObject","inLanguage":"de","@id":"https:\/\/koningdrone.be\/product\/anker-solix-c300dc\/#primaryimage","url":"https:\/\/koningdrone.be\/wp-content\/uploads\/sites\/13\/2025\/04\/20240604-1523121_3840x.png","contentUrl":"https:\/\/koningdrone.be\/wp-content\/uploads\/sites\/13\/2025\/04\/20240604-1523121_3840x.png","width":2000,"height":2000},{"@type":"BreadcrumbList","@id":"https:\/\/koningdrone.be\/product\/anker-solix-c300dc\/#breadcrumb","itemListElement":[{"@type":"ListItem","position":1,"name":"Home","item":"https:\/\/koningdrone.be\/"},{"@type":"ListItem","position":2,"name":"AVSS Parachute Recovery System for DJI Matrice 300\/350","item":"https:\/\/koningdrone.be\/product\/avss-parachute-recovery-system-for-dji-matrice-300-350\/"},{"@type":"ListItem","position":3,"name":"Alle powerstations","item":"https:\/\/koningdrone.be\/categorie\/alle-powerstations\/"},{"@type":"ListItem","position":4,"name":"ANKER SOLIX C300DC"}]},{"@type":"WebSite","@id":"https:\/\/koningdrone.be\/#website","url":"https:\/\/koningdrone.be\/","name":"Koningdrone.be - Ihr Online-Spezialist f\u00fcr Drohnen, Gimbals, Kameras und Kraftwerke.","description":"Der Webshop f\u00fcr Drohnen und Gimbals","publisher":{"@id":"https:\/\/koningdrone.be\/#organization"},"potentialAction":[{"@type":"SearchAction","target":{"@type":"EntryPoint","urlTemplate":"https:\/\/koningdrone.be\/?s={search_term_string}"},"query-input":{"@type":"PropertyValueSpecification","valueRequired":true,"valueName":"search_term_string"}}],"inLanguage":"de"},{"@type":"Organization","@id":"https:\/\/koningdrone.be\/#organization","name":"Kingdrone.de","url":"https:\/\/koningdrone.be\/","logo":{"@type":"ImageObject","inLanguage":"de","@id":"https:\/\/koningdrone.be\/#\/schema\/logo\/image\/","url":"https:\/\/koningdrone.be\/wp-content\/uploads\/sites\/13\/2025\/04\/koningdrone-copyright-logo.svg","contentUrl":"https:\/\/koningdrone.be\/wp-content\/uploads\/sites\/13\/2025\/04\/koningdrone-copyright-logo.svg","width":227,"height":38,"caption":"Koningdrone.be"},"image":{"@id":"https:\/\/koningdrone.be\/#\/schema\/logo\/image\/"}}]}},"df_price":"","df_sale_price":"","df_regular_price":"","df_image_link":"https:\/\/koningdrone.be\/wp-content\/uploads\/sites\/13\/2025\/04\/20240604-1523121_3840x-300x300.png","_links":{"self":[{"href":"https:\/\/koningdrone.be\/de\/wp-json\/wp\/v2\/product\/2675","targetHints":{"allow":["GET"]}}],"collection":[{"href":"https:\/\/koningdrone.be\/de\/wp-json\/wp\/v2\/product"}],"about":[{"href":"https:\/\/koningdrone.be\/de\/wp-json\/wp\/v2\/types\/product"}],"wp:featuredmedia":[{"embeddable":true,"href":"https:\/\/koningdrone.be\/de\/wp-json\/wp\/v2\/media\/2667"}],"wp:attachment":[{"href":"https:\/\/koningdrone.be\/de\/wp-json\/wp\/v2\/media?parent=2675"}],"wp:term":[{"taxonomy":"product_brand","embeddable":true,"href":"https:\/\/koningdrone.be\/de\/wp-json\/wp\/v2\/product_brand?post=2675"},{"taxonomy":"product_cat","embeddable":true,"href":"https:\/\/koningdrone.be\/de\/wp-json\/wp\/v2\/product_cat?post=2675"},{"taxonomy":"product_tag","embeddable":true,"href":"https:\/\/koningdrone.be\/de\/wp-json\/wp\/v2\/product_tag?post=2675"}],"curies":[{"name":"wp","href":"https:\/\/api.w.org\/{rel}","templated":true}]}}