{"id":2664,"date":"2024-09-18T10:10:22","date_gmt":"2024-09-18T08:10:22","guid":{"rendered":"https:\/\/koningdrone.nl\/kon\/product\/polarpro-dji-mini-4-pro-vivid-nd8-pl-nd32-pl-nd128-pl-3-pack\/"},"modified":"2026-04-29T16:10:03","modified_gmt":"2026-04-29T14:10:03","slug":"polarpro-dji-mini-4-pro-vivid-nd8-pl-nd32-pl-nd128-pl-3-pack","status":"publish","type":"product","link":"https:\/\/koningdrone.be\/de\/produkt\/polarpro-dji-mini-4-pro-vivid-nd8-pl-nd32-pl-nd128-pl-3-pack\/","title":{"rendered":"Polarpro DJI Mini 4 Pro VIVID ND8\/PL + ND32\/PL + ND128\/PL (3er-Pack)"},"content":{"rendered":"<p>Die Vivid Collection f\u00fcr den DJI Mini 4 Pro kombiniert zwei Filtereffekte (Neutraldichte + Polarisation) in einem Glaselement. Diese Kollektion besteht aus ND8\/PL-, ND32\/PL- und ND128\/PL-Filtern und bietet eine vollst\u00e4ndige Abdeckung von der goldenen Stunde bis zur Mittagssonne. Um den Effekt eines ND16\/PL-Filters zu erzielen, verwenden Sie einfach den ND32\/PL und erh\u00f6hen Sie den ISO-Wert auf 200. Dies reduziert den Bedarf an h\u00e4ufigen Filterwechseln und begrenzt die Menge der ben\u00f6tigten Ausr\u00fcstung, da ISO 100 und 200 bei der Mini 4 Pro hervorragende Ergebnisse liefern.<\/p>","protected":false},"excerpt":{"rendered":"<ul>\n<li>Dieses Set enth\u00e4lt die ND8\/PL, ND32\/PL und ND128\/PL, die speziell f\u00fcr die Mini 4 Pro optimiert sind.<\/li>\n<li><\/li>\n<li>Sie wiegen so viel wie die Standard-ND-Filter des Herstellers, um ein geringes Gewicht zu gew\u00e4hrleisten.<\/li>\n<li><\/li>\n<li>Die neue Filterkollektion bietet mit weniger Filtern ein breiteres Spektrum an Abdeckung.<\/li>\n<li><\/li>\n<li>Um den Effekt einer ND16\/PL oder ND64\/PL zu erzielen, installieren Sie einfach die ND32\/PL oder ND128\/PL und erh\u00f6hen Sie den ISO-Wert auf 200.<\/li>\n<li><\/li>\n<li>Der drehbare Polarisationsfilter ist sowohl mit dem vertikalen als auch dem horizontalen Aufnahmemodus kompatibel.<\/li>\n<\/ul>","protected":false},"featured_media":2661,"template":"","meta":{"_acf_changed":false},"product_brand":[],"product_cat":[97,334,447],"product_tag":[],"class_list":{"0":"post-2664","1":"product","2":"type-product","3":"status-publish","4":"has-post-thumbnail","6":"product_cat-alle-producten","7":"product_cat-dji-mini-4-pro","8":"product_cat-polarpro","9":"product_shipping_class-outofstock","10":"pa_brand-polarpro","11":"pa_productfamily-filterset","12":"pa_producttype-filterset","13":"pa_series-mini-4-pro","15":"first","16":"outofstock","17":"taxable","18":"shipping-taxable","19":"purchasable","20":"product-type-simple"},"acf":[],"yoast_head":"<!-- This site is optimized with the Yoast SEO Premium plugin v27.2 (Yoast SEO v27.2) - https:\/\/yoast.com\/product\/yoast-seo-premium-wordpress\/ -->\n<title>Polarpro DJI Mini 4 Pro VIVID ND8\/PL + ND32\/PL + ND128\/PL (3-Pack) - koningdrone.be<\/title>\n<meta name=\"robots\" content=\"index, follow, max-snippet:-1, max-image-preview:large, max-video-preview:-1\" \/>\n<link rel=\"canonical\" href=\"https:\/\/koningdrone.be\/de\/produkt\/polarpro-dji-mini-4-pro-vivid-nd8-pl-nd32-pl-nd128-pl-3-pack\/\" \/>\n<meta property=\"og:locale\" content=\"de_DE\" \/>\n<meta property=\"og:type\" content=\"article\" \/>\n<meta property=\"og:title\" content=\"Polarpro DJI Mini 4 Pro VIVID ND8\/PL + ND32\/PL + ND128\/PL (3-Pack)\" \/>\n<meta property=\"og:description\" content=\"Deze set bevat de ND8\/PL, ND32\/PL en ND128\/PL, speciaal geoptimaliseerd voor de Mini 4 Pro.Ze wegen evenveel als de standaard ND-filters van de fabrikant om het ultralichte gewicht te behouden.De nieuwe filtercollectie biedt een breed bereik aan dekking met minder filters.Om het effect van een ND16\/PL of ND64\/PL te bereiken, installeer je eenvoudig de ND32\/PL of ND128\/PL en verhoog je de ISO naar 200.De draaibare polarisatiefilter is compatibel met zowel verticale als horizontale opnamemodi.\" \/>\n<meta property=\"og:url\" content=\"https:\/\/koningdrone.be\/de\/produkt\/polarpro-dji-mini-4-pro-vivid-nd8-pl-nd32-pl-nd128-pl-3-pack\/\" \/>\n<meta property=\"og:site_name\" content=\"koningdrone.be\" \/>\n<meta property=\"article:modified_time\" content=\"2026-04-29T14:10:03+00:00\" \/>\n<meta property=\"og:image\" content=\"https:\/\/koningdrone.be\/wp-content\/uploads\/sites\/13\/2025\/04\/VIVID-COLLECTION-2.png\" \/>\n\t<meta property=\"og:image:width\" content=\"1500\" \/>\n\t<meta property=\"og:image:height\" content=\"1500\" \/>\n\t<meta property=\"og:image:type\" content=\"image\/png\" \/>\n<meta name=\"twitter:card\" content=\"summary_large_image\" \/>\n<script type=\"application\/ld+json\" class=\"yoast-schema-graph\">{\"@context\":\"https:\/\/schema.org\",\"@graph\":[{\"@type\":\"WebPage\",\"@id\":\"https:\/\/koningdrone.be\/product\/polarpro-dji-mini-4-pro-vivid-nd8-pl-nd32-pl-nd128-pl-3-pack\/\",\"url\":\"https:\/\/koningdrone.be\/product\/polarpro-dji-mini-4-pro-vivid-nd8-pl-nd32-pl-nd128-pl-3-pack\/\",\"name\":\"Polarpro DJI Mini 4 Pro VIVID ND8\/PL + ND32\/PL + ND128\/PL (3-Pack) - koningdrone.be\",\"isPartOf\":{\"@id\":\"https:\/\/koningdrone.be\/#website\"},\"primaryImageOfPage\":{\"@id\":\"https:\/\/koningdrone.be\/product\/polarpro-dji-mini-4-pro-vivid-nd8-pl-nd32-pl-nd128-pl-3-pack\/#primaryimage\"},\"image\":{\"@id\":\"https:\/\/koningdrone.be\/product\/polarpro-dji-mini-4-pro-vivid-nd8-pl-nd32-pl-nd128-pl-3-pack\/#primaryimage\"},\"thumbnailUrl\":\"https:\/\/koningdrone.be\/wp-content\/uploads\/sites\/13\/2025\/04\/VIVID-COLLECTION-2.png\",\"datePublished\":\"2024-09-18T08:10:22+00:00\",\"dateModified\":\"2026-04-29T14:10:03+00:00\",\"breadcrumb\":{\"@id\":\"https:\/\/koningdrone.be\/product\/polarpro-dji-mini-4-pro-vivid-nd8-pl-nd32-pl-nd128-pl-3-pack\/#breadcrumb\"},\"inLanguage\":\"de\",\"potentialAction\":[{\"@type\":\"ReadAction\",\"target\":[\"https:\/\/koningdrone.be\/product\/polarpro-dji-mini-4-pro-vivid-nd8-pl-nd32-pl-nd128-pl-3-pack\/\"]}]},{\"@type\":\"ImageObject\",\"inLanguage\":\"de\",\"@id\":\"https:\/\/koningdrone.be\/product\/polarpro-dji-mini-4-pro-vivid-nd8-pl-nd32-pl-nd128-pl-3-pack\/#primaryimage\",\"url\":\"https:\/\/koningdrone.be\/wp-content\/uploads\/sites\/13\/2025\/04\/VIVID-COLLECTION-2.png\",\"contentUrl\":\"https:\/\/koningdrone.be\/wp-content\/uploads\/sites\/13\/2025\/04\/VIVID-COLLECTION-2.png\",\"width\":1500,\"height\":1500},{\"@type\":\"BreadcrumbList\",\"@id\":\"https:\/\/koningdrone.be\/product\/polarpro-dji-mini-4-pro-vivid-nd8-pl-nd32-pl-nd128-pl-3-pack\/#breadcrumb\",\"itemListElement\":[{\"@type\":\"ListItem\",\"position\":1,\"name\":\"Home\",\"item\":\"https:\/\/koningdrone.be\/\"},{\"@type\":\"ListItem\",\"position\":2,\"name\":\"AVSS Parachute Recovery System for DJI Matrice 300\/350\",\"item\":\"https:\/\/koningdrone.be\/product\/avss-parachute-recovery-system-for-dji-matrice-300-350\/\"},{\"@type\":\"ListItem\",\"position\":3,\"name\":\"Alle producten\",\"item\":\"https:\/\/koningdrone.be\/categorie\/alle-producten\/\"},{\"@type\":\"ListItem\",\"position\":4,\"name\":\"Polarpro DJI Mini 4 Pro VIVID ND8\/PL + ND32\/PL + ND128\/PL (3-Pack)\"}]},{\"@type\":\"WebSite\",\"@id\":\"https:\/\/koningdrone.be\/#website\",\"url\":\"https:\/\/koningdrone.be\/\",\"name\":\"Koningdrone.be - Uw online specialist in drones, gimbals, camera's en power stations.\",\"description\":\"De webshop in drones en gimbals\",\"publisher\":{\"@id\":\"https:\/\/koningdrone.be\/#organization\"},\"potentialAction\":[{\"@type\":\"SearchAction\",\"target\":{\"@type\":\"EntryPoint\",\"urlTemplate\":\"https:\/\/koningdrone.be\/?s={search_term_string}\"},\"query-input\":{\"@type\":\"PropertyValueSpecification\",\"valueRequired\":true,\"valueName\":\"search_term_string\"}}],\"inLanguage\":\"de\"},{\"@type\":\"Organization\",\"@id\":\"https:\/\/koningdrone.be\/#organization\",\"name\":\"Koningdrone.be\",\"url\":\"https:\/\/koningdrone.be\/\",\"logo\":{\"@type\":\"ImageObject\",\"inLanguage\":\"de\",\"@id\":\"https:\/\/koningdrone.be\/#\/schema\/logo\/image\/\",\"url\":\"https:\/\/koningdrone.be\/wp-content\/uploads\/sites\/13\/2025\/04\/koningdrone-copyright-logo.svg\",\"contentUrl\":\"https:\/\/koningdrone.be\/wp-content\/uploads\/sites\/13\/2025\/04\/koningdrone-copyright-logo.svg\",\"width\":227,\"height\":38,\"caption\":\"Koningdrone.be\"},\"image\":{\"@id\":\"https:\/\/koningdrone.be\/#\/schema\/logo\/image\/\"}}]}<\/script>\n<!-- \/ Yoast SEO Premium plugin. -->","yoast_head_json":{"title":"Polarpro DJI Mini 4 Pro VIVID ND8\/PL + ND32\/PL + ND128\/PL (3-Pack) - koningdrone.be","robots":{"index":"index","follow":"follow","max-snippet":"max-snippet:-1","max-image-preview":"max-image-preview:large","max-video-preview":"max-video-preview:-1"},"canonical":"https:\/\/koningdrone.be\/de\/produkt\/polarpro-dji-mini-4-pro-vivid-nd8-pl-nd32-pl-nd128-pl-3-pack\/","og_locale":"de_DE","og_type":"article","og_title":"Polarpro DJI Mini 4 Pro VIVID ND8\/PL + ND32\/PL + ND128\/PL (3-Pack)","og_description":"Deze set bevat de ND8\/PL, ND32\/PL en ND128\/PL, speciaal geoptimaliseerd voor de Mini 4 Pro.Ze wegen evenveel als de standaard ND-filters van de fabrikant om het ultralichte gewicht te behouden.De nieuwe filtercollectie biedt een breed bereik aan dekking met minder filters.Om het effect van een ND16\/PL of ND64\/PL te bereiken, installeer je eenvoudig de ND32\/PL of ND128\/PL en verhoog je de ISO naar 200.De draaibare polarisatiefilter is compatibel met zowel verticale als horizontale opnamemodi.","og_url":"https:\/\/koningdrone.be\/de\/produkt\/polarpro-dji-mini-4-pro-vivid-nd8-pl-nd32-pl-nd128-pl-3-pack\/","og_site_name":"koningdrone.be","article_modified_time":"2026-04-29T14:10:03+00:00","og_image":[{"width":1500,"height":1500,"url":"https:\/\/koningdrone.be\/wp-content\/uploads\/sites\/13\/2025\/04\/VIVID-COLLECTION-2.png","type":"image\/png"}],"twitter_card":"summary_large_image","schema":{"@context":"https:\/\/schema.org","@graph":[{"@type":"WebPage","@id":"https:\/\/koningdrone.be\/product\/polarpro-dji-mini-4-pro-vivid-nd8-pl-nd32-pl-nd128-pl-3-pack\/","url":"https:\/\/koningdrone.be\/product\/polarpro-dji-mini-4-pro-vivid-nd8-pl-nd32-pl-nd128-pl-3-pack\/","name":"Polarpro DJI Mini 4 Pro VIVID ND8\/PL + ND32\/PL + ND128\/PL (3-Pack) - koningdrone.be","isPartOf":{"@id":"https:\/\/koningdrone.be\/#website"},"primaryImageOfPage":{"@id":"https:\/\/koningdrone.be\/product\/polarpro-dji-mini-4-pro-vivid-nd8-pl-nd32-pl-nd128-pl-3-pack\/#primaryimage"},"image":{"@id":"https:\/\/koningdrone.be\/product\/polarpro-dji-mini-4-pro-vivid-nd8-pl-nd32-pl-nd128-pl-3-pack\/#primaryimage"},"thumbnailUrl":"https:\/\/koningdrone.be\/wp-content\/uploads\/sites\/13\/2025\/04\/VIVID-COLLECTION-2.png","datePublished":"2024-09-18T08:10:22+00:00","dateModified":"2026-04-29T14:10:03+00:00","breadcrumb":{"@id":"https:\/\/koningdrone.be\/product\/polarpro-dji-mini-4-pro-vivid-nd8-pl-nd32-pl-nd128-pl-3-pack\/#breadcrumb"},"inLanguage":"de","potentialAction":[{"@type":"ReadAction","target":["https:\/\/koningdrone.be\/product\/polarpro-dji-mini-4-pro-vivid-nd8-pl-nd32-pl-nd128-pl-3-pack\/"]}]},{"@type":"ImageObject","inLanguage":"de","@id":"https:\/\/koningdrone.be\/product\/polarpro-dji-mini-4-pro-vivid-nd8-pl-nd32-pl-nd128-pl-3-pack\/#primaryimage","url":"https:\/\/koningdrone.be\/wp-content\/uploads\/sites\/13\/2025\/04\/VIVID-COLLECTION-2.png","contentUrl":"https:\/\/koningdrone.be\/wp-content\/uploads\/sites\/13\/2025\/04\/VIVID-COLLECTION-2.png","width":1500,"height":1500},{"@type":"BreadcrumbList","@id":"https:\/\/koningdrone.be\/product\/polarpro-dji-mini-4-pro-vivid-nd8-pl-nd32-pl-nd128-pl-3-pack\/#breadcrumb","itemListElement":[{"@type":"ListItem","position":1,"name":"Home","item":"https:\/\/koningdrone.be\/"},{"@type":"ListItem","position":2,"name":"AVSS Parachute Recovery System for DJI Matrice 300\/350","item":"https:\/\/koningdrone.be\/product\/avss-parachute-recovery-system-for-dji-matrice-300-350\/"},{"@type":"ListItem","position":3,"name":"Alle producten","item":"https:\/\/koningdrone.be\/categorie\/alle-producten\/"},{"@type":"ListItem","position":4,"name":"Polarpro DJI Mini 4 Pro VIVID ND8\/PL + ND32\/PL + ND128\/PL (3-Pack)"}]},{"@type":"WebSite","@id":"https:\/\/koningdrone.be\/#website","url":"https:\/\/koningdrone.be\/","name":"Koningdrone.be - Ihr Online-Spezialist f\u00fcr Drohnen, Gimbals, Kameras und Kraftwerke.","description":"Der Webshop f\u00fcr Drohnen und Gimbals","publisher":{"@id":"https:\/\/koningdrone.be\/#organization"},"potentialAction":[{"@type":"SearchAction","target":{"@type":"EntryPoint","urlTemplate":"https:\/\/koningdrone.be\/?s={search_term_string}"},"query-input":{"@type":"PropertyValueSpecification","valueRequired":true,"valueName":"search_term_string"}}],"inLanguage":"de"},{"@type":"Organization","@id":"https:\/\/koningdrone.be\/#organization","name":"Kingdrone.de","url":"https:\/\/koningdrone.be\/","logo":{"@type":"ImageObject","inLanguage":"de","@id":"https:\/\/koningdrone.be\/#\/schema\/logo\/image\/","url":"https:\/\/koningdrone.be\/wp-content\/uploads\/sites\/13\/2025\/04\/koningdrone-copyright-logo.svg","contentUrl":"https:\/\/koningdrone.be\/wp-content\/uploads\/sites\/13\/2025\/04\/koningdrone-copyright-logo.svg","width":227,"height":38,"caption":"Koningdrone.be"},"image":{"@id":"https:\/\/koningdrone.be\/#\/schema\/logo\/image\/"}}]}},"df_price":119.95,"df_sale_price":"","df_regular_price":119.95,"df_image_link":"https:\/\/koningdrone.be\/wp-content\/uploads\/sites\/13\/2025\/04\/VIVID-COLLECTION-2-300x300.png","_links":{"self":[{"href":"https:\/\/koningdrone.be\/de\/wp-json\/wp\/v2\/product\/2664","targetHints":{"allow":["GET"]}}],"collection":[{"href":"https:\/\/koningdrone.be\/de\/wp-json\/wp\/v2\/product"}],"about":[{"href":"https:\/\/koningdrone.be\/de\/wp-json\/wp\/v2\/types\/product"}],"wp:featuredmedia":[{"embeddable":true,"href":"https:\/\/koningdrone.be\/de\/wp-json\/wp\/v2\/media\/2661"}],"wp:attachment":[{"href":"https:\/\/koningdrone.be\/de\/wp-json\/wp\/v2\/media?parent=2664"}],"wp:term":[{"taxonomy":"product_brand","embeddable":true,"href":"https:\/\/koningdrone.be\/de\/wp-json\/wp\/v2\/product_brand?post=2664"},{"taxonomy":"product_cat","embeddable":true,"href":"https:\/\/koningdrone.be\/de\/wp-json\/wp\/v2\/product_cat?post=2664"},{"taxonomy":"product_tag","embeddable":true,"href":"https:\/\/koningdrone.be\/de\/wp-json\/wp\/v2\/product_tag?post=2664"}],"curies":[{"name":"wp","href":"https:\/\/api.w.org\/{rel}","templated":true}]}}