{"id":2634,"date":"2024-09-18T10:24:17","date_gmt":"2024-09-18T08:24:17","guid":{"rendered":"https:\/\/koningdrone.nl\/kon\/product\/dronavia-parachute-moc-m2-with-external-flight-termination-system-moc-2511-kronos-double-for-inspire-3-c5\/"},"modified":"2026-04-29T16:01:00","modified_gmt":"2026-04-29T14:01:00","slug":"dronavia-parachute-moc-m2-with-external-flight-termination-system-moc-2511-kronos-double-for-inspire-3-c5","status":"publish","type":"product","link":"https:\/\/koningdrone.be\/de\/produkt\/dronavia-parachute-moc-m2-with-external-flight-termination-system-moc-2511-kronos-double-for-inspire-3-c5\/","title":{"rendered":"Dronavia Fallschirm Moc M2 mit externem Flugabschlusssystem MOC 2511 Kronos double f\u00fcr Inspire 3 \/ C5"},"content":{"rendered":"<p>Das Kronos I3 Fallschirmrettungssystem von Dronavia, das speziell f\u00fcr die DJI Inspire 3 entwickelt wurde, bietet eine deutliche Verbesserung der Drohnensicherheit. Dieses innovative System reduziert das Risiko im Falle eines Flugausfalls, indem es die Sinkgeschwindigkeit der Drohne verringert und den Aufprall auf den Boden reduziert. Das Fallschirmsystem kann entweder automatisch oder manuell mit der Klick-Fernsteuerung aktiviert werden, was maximale Flexibilit\u00e4t unter verschiedenen Bedingungen gew\u00e4hrleistet.<\/p>\n<p>Diese fortschrittliche Technologie sch\u00fctzt nicht nur Ihre Drohne, sondern entspricht auch den strengen Vorschriften. Das System ist nach den EASA-Standards der Klasse C5 und MOC M2 zertifiziert und eignet sich somit f\u00fcr STS-01-Eins\u00e4tze und f\u00fcr Benutzer, die eine SORA oder PDRA entwickeln. Diese Zertifizierungen sind entscheidend f\u00fcr Drohnenbetreiber, die komplexere und anspruchsvollere Missionen durchf\u00fchren.<\/p>\n<p>Durch die Integration des Kronos I3 Fallschirmsystems in Ihren DJI Inspire 3 genie\u00dfen Sie nicht nur zus\u00e4tzliche Sicherheit, sondern erf\u00fcllen auch die neuesten Sicherheitsstandards. Dies erh\u00f6ht die Zuverl\u00e4ssigkeit und Langlebigkeit Ihres Drohnenbetriebs und erm\u00f6glicht Ihnen, mit mehr Vertrauen und Sicherheit zu fliegen.<\/p>","protected":false},"excerpt":{"rendered":"<ul>\n<li>Fallschirmsystem<\/li>\n<li><\/li>\n<li>Einschlie\u00dflich externes Flugabschlusssystem<\/li>\n<li><\/li>\n<li>Einhaltung der EASA MOC2511<\/li>\n<\/ul>","protected":false},"featured_media":2631,"template":"","meta":{"_acf_changed":false},"product_brand":[],"product_cat":[292,97,433,430],"product_tag":[],"class_list":{"0":"post-2634","1":"product","2":"type-product","3":"status-publish","4":"has-post-thumbnail","6":"product_cat-alle-parachutes","7":"product_cat-alle-producten","8":"product_cat-dji-inspire-3","9":"product_cat-dronavia","10":"product_shipping_class-outofstock","11":"pa_brand-dronavia","12":"pa_productfamily-vluchtbeeindigingssysteem","13":"pa_producttype-vluchtbeeindigingssysteem","14":"pa_series-inspire-3","16":"first","17":"outofstock","18":"taxable","19":"shipping-taxable","20":"purchasable","21":"product-type-simple"},"acf":[],"yoast_head":"<!-- This site is optimized with the Yoast SEO Premium plugin v27.2 (Yoast SEO v27.2) - https:\/\/yoast.com\/product\/yoast-seo-premium-wordpress\/ -->\n<title>Dronavia Parachute Moc M2 with External Flight Termination System MOC 2511 Kronos double for Inspire 3 \/ C5 - koningdrone.be<\/title>\n<meta name=\"robots\" content=\"index, follow, max-snippet:-1, max-image-preview:large, max-video-preview:-1\" \/>\n<link rel=\"canonical\" href=\"https:\/\/koningdrone.be\/de\/produkt\/dronavia-parachute-moc-m2-with-external-flight-termination-system-moc-2511-kronos-double-for-inspire-3-c5\/\" \/>\n<meta property=\"og:locale\" content=\"de_DE\" \/>\n<meta property=\"og:type\" content=\"article\" \/>\n<meta property=\"og:title\" content=\"Dronavia Parachute Moc M2 with External Flight Termination System MOC 2511 Kronos double for Inspire 3 \/ C5\" \/>\n<meta property=\"og:description\" content=\"Parachute systeem    Inclusief External Flight Termination System    EASA MOC2511-compliance\" \/>\n<meta property=\"og:url\" content=\"https:\/\/koningdrone.be\/de\/produkt\/dronavia-parachute-moc-m2-with-external-flight-termination-system-moc-2511-kronos-double-for-inspire-3-c5\/\" \/>\n<meta property=\"og:site_name\" content=\"koningdrone.be\" \/>\n<meta property=\"article:modified_time\" content=\"2026-04-29T14:01:00+00:00\" \/>\n<meta property=\"og:image\" content=\"https:\/\/koningdrone.be\/wp-content\/uploads\/sites\/13\/2025\/04\/parachute-moc-m2-avec-coupe-circuits-externe-moc-2511-kronos-pour-dji-matrice-350-rtk.jpg\" \/>\n\t<meta property=\"og:image:width\" content=\"800\" \/>\n\t<meta property=\"og:image:height\" content=\"800\" \/>\n\t<meta property=\"og:image:type\" content=\"image\/jpeg\" \/>\n<meta name=\"twitter:card\" content=\"summary_large_image\" \/>\n<meta name=\"twitter:label1\" content=\"Gesch\u00e4tzte Lesezeit\" \/>\n\t<meta name=\"twitter:data1\" content=\"2\u00a0Minuten\" \/>\n<script type=\"application\/ld+json\" class=\"yoast-schema-graph\">{\"@context\":\"https:\/\/schema.org\",\"@graph\":[{\"@type\":\"WebPage\",\"@id\":\"https:\/\/koningdrone.be\/product\/dronavia-parachute-moc-m2-with-external-flight-termination-system-moc-2511-kronos-double-for-inspire-3-c5\/\",\"url\":\"https:\/\/koningdrone.be\/product\/dronavia-parachute-moc-m2-with-external-flight-termination-system-moc-2511-kronos-double-for-inspire-3-c5\/\",\"name\":\"Dronavia Parachute Moc M2 with External Flight Termination System MOC 2511 Kronos double for Inspire 3 \/ C5 - koningdrone.be\",\"isPartOf\":{\"@id\":\"https:\/\/koningdrone.be\/#website\"},\"primaryImageOfPage\":{\"@id\":\"https:\/\/koningdrone.be\/product\/dronavia-parachute-moc-m2-with-external-flight-termination-system-moc-2511-kronos-double-for-inspire-3-c5\/#primaryimage\"},\"image\":{\"@id\":\"https:\/\/koningdrone.be\/product\/dronavia-parachute-moc-m2-with-external-flight-termination-system-moc-2511-kronos-double-for-inspire-3-c5\/#primaryimage\"},\"thumbnailUrl\":\"https:\/\/koningdrone.be\/wp-content\/uploads\/sites\/13\/2025\/04\/parachute-moc-m2-avec-coupe-circuits-externe-moc-2511-kronos-pour-dji-matrice-350-rtk.jpg\",\"datePublished\":\"2024-09-18T08:24:17+00:00\",\"dateModified\":\"2026-04-29T14:01:00+00:00\",\"breadcrumb\":{\"@id\":\"https:\/\/koningdrone.be\/product\/dronavia-parachute-moc-m2-with-external-flight-termination-system-moc-2511-kronos-double-for-inspire-3-c5\/#breadcrumb\"},\"inLanguage\":\"de\",\"potentialAction\":[{\"@type\":\"ReadAction\",\"target\":[\"https:\/\/koningdrone.be\/product\/dronavia-parachute-moc-m2-with-external-flight-termination-system-moc-2511-kronos-double-for-inspire-3-c5\/\"]}]},{\"@type\":\"ImageObject\",\"inLanguage\":\"de\",\"@id\":\"https:\/\/koningdrone.be\/product\/dronavia-parachute-moc-m2-with-external-flight-termination-system-moc-2511-kronos-double-for-inspire-3-c5\/#primaryimage\",\"url\":\"https:\/\/koningdrone.be\/wp-content\/uploads\/sites\/13\/2025\/04\/parachute-moc-m2-avec-coupe-circuits-externe-moc-2511-kronos-pour-dji-matrice-350-rtk.jpg\",\"contentUrl\":\"https:\/\/koningdrone.be\/wp-content\/uploads\/sites\/13\/2025\/04\/parachute-moc-m2-avec-coupe-circuits-externe-moc-2511-kronos-pour-dji-matrice-350-rtk.jpg\",\"width\":800,\"height\":800},{\"@type\":\"BreadcrumbList\",\"@id\":\"https:\/\/koningdrone.be\/product\/dronavia-parachute-moc-m2-with-external-flight-termination-system-moc-2511-kronos-double-for-inspire-3-c5\/#breadcrumb\",\"itemListElement\":[{\"@type\":\"ListItem\",\"position\":1,\"name\":\"Home\",\"item\":\"https:\/\/koningdrone.be\/\"},{\"@type\":\"ListItem\",\"position\":2,\"name\":\"AVSS Parachute Recovery System for DJI Matrice 300\/350\",\"item\":\"https:\/\/koningdrone.be\/product\/avss-parachute-recovery-system-for-dji-matrice-300-350\/\"},{\"@type\":\"ListItem\",\"position\":3,\"name\":\"Alle parachutes\",\"item\":\"https:\/\/koningdrone.be\/categorie\/alle-parachutes\/\"},{\"@type\":\"ListItem\",\"position\":4,\"name\":\"Dronavia Parachute Moc M2 with External Flight Termination System MOC 2511 Kronos double for Inspire 3 \/ C5\"}]},{\"@type\":\"WebSite\",\"@id\":\"https:\/\/koningdrone.be\/#website\",\"url\":\"https:\/\/koningdrone.be\/\",\"name\":\"Koningdrone.be - Uw online specialist in drones, gimbals, camera's en power stations.\",\"description\":\"De webshop in drones en gimbals\",\"publisher\":{\"@id\":\"https:\/\/koningdrone.be\/#organization\"},\"potentialAction\":[{\"@type\":\"SearchAction\",\"target\":{\"@type\":\"EntryPoint\",\"urlTemplate\":\"https:\/\/koningdrone.be\/?s={search_term_string}\"},\"query-input\":{\"@type\":\"PropertyValueSpecification\",\"valueRequired\":true,\"valueName\":\"search_term_string\"}}],\"inLanguage\":\"de\"},{\"@type\":\"Organization\",\"@id\":\"https:\/\/koningdrone.be\/#organization\",\"name\":\"Koningdrone.be\",\"url\":\"https:\/\/koningdrone.be\/\",\"logo\":{\"@type\":\"ImageObject\",\"inLanguage\":\"de\",\"@id\":\"https:\/\/koningdrone.be\/#\/schema\/logo\/image\/\",\"url\":\"https:\/\/koningdrone.be\/wp-content\/uploads\/sites\/13\/2025\/04\/koningdrone-copyright-logo.svg\",\"contentUrl\":\"https:\/\/koningdrone.be\/wp-content\/uploads\/sites\/13\/2025\/04\/koningdrone-copyright-logo.svg\",\"width\":227,\"height\":38,\"caption\":\"Koningdrone.be\"},\"image\":{\"@id\":\"https:\/\/koningdrone.be\/#\/schema\/logo\/image\/\"}}]}<\/script>\n<!-- \/ Yoast SEO Premium plugin. -->","yoast_head_json":{"title":"Dronavia Parachute Moc M2 with External Flight Termination System MOC 2511 Kronos double for Inspire 3 \/ C5 - koningdrone.be","robots":{"index":"index","follow":"follow","max-snippet":"max-snippet:-1","max-image-preview":"max-image-preview:large","max-video-preview":"max-video-preview:-1"},"canonical":"https:\/\/koningdrone.be\/de\/produkt\/dronavia-parachute-moc-m2-with-external-flight-termination-system-moc-2511-kronos-double-for-inspire-3-c5\/","og_locale":"de_DE","og_type":"article","og_title":"Dronavia Parachute Moc M2 with External Flight Termination System MOC 2511 Kronos double for Inspire 3 \/ C5","og_description":"Parachute systeem    Inclusief External Flight Termination System    EASA MOC2511-compliance","og_url":"https:\/\/koningdrone.be\/de\/produkt\/dronavia-parachute-moc-m2-with-external-flight-termination-system-moc-2511-kronos-double-for-inspire-3-c5\/","og_site_name":"koningdrone.be","article_modified_time":"2026-04-29T14:01:00+00:00","og_image":[{"width":800,"height":800,"url":"https:\/\/koningdrone.be\/wp-content\/uploads\/sites\/13\/2025\/04\/parachute-moc-m2-avec-coupe-circuits-externe-moc-2511-kronos-pour-dji-matrice-350-rtk.jpg","type":"image\/jpeg"}],"twitter_card":"summary_large_image","twitter_misc":{"Gesch\u00e4tzte Lesezeit":"2\u00a0Minuten"},"schema":{"@context":"https:\/\/schema.org","@graph":[{"@type":"WebPage","@id":"https:\/\/koningdrone.be\/product\/dronavia-parachute-moc-m2-with-external-flight-termination-system-moc-2511-kronos-double-for-inspire-3-c5\/","url":"https:\/\/koningdrone.be\/product\/dronavia-parachute-moc-m2-with-external-flight-termination-system-moc-2511-kronos-double-for-inspire-3-c5\/","name":"Dronavia Parachute Moc M2 with External Flight Termination System MOC 2511 Kronos double for Inspire 3 \/ C5 - koningdrone.be","isPartOf":{"@id":"https:\/\/koningdrone.be\/#website"},"primaryImageOfPage":{"@id":"https:\/\/koningdrone.be\/product\/dronavia-parachute-moc-m2-with-external-flight-termination-system-moc-2511-kronos-double-for-inspire-3-c5\/#primaryimage"},"image":{"@id":"https:\/\/koningdrone.be\/product\/dronavia-parachute-moc-m2-with-external-flight-termination-system-moc-2511-kronos-double-for-inspire-3-c5\/#primaryimage"},"thumbnailUrl":"https:\/\/koningdrone.be\/wp-content\/uploads\/sites\/13\/2025\/04\/parachute-moc-m2-avec-coupe-circuits-externe-moc-2511-kronos-pour-dji-matrice-350-rtk.jpg","datePublished":"2024-09-18T08:24:17+00:00","dateModified":"2026-04-29T14:01:00+00:00","breadcrumb":{"@id":"https:\/\/koningdrone.be\/product\/dronavia-parachute-moc-m2-with-external-flight-termination-system-moc-2511-kronos-double-for-inspire-3-c5\/#breadcrumb"},"inLanguage":"de","potentialAction":[{"@type":"ReadAction","target":["https:\/\/koningdrone.be\/product\/dronavia-parachute-moc-m2-with-external-flight-termination-system-moc-2511-kronos-double-for-inspire-3-c5\/"]}]},{"@type":"ImageObject","inLanguage":"de","@id":"https:\/\/koningdrone.be\/product\/dronavia-parachute-moc-m2-with-external-flight-termination-system-moc-2511-kronos-double-for-inspire-3-c5\/#primaryimage","url":"https:\/\/koningdrone.be\/wp-content\/uploads\/sites\/13\/2025\/04\/parachute-moc-m2-avec-coupe-circuits-externe-moc-2511-kronos-pour-dji-matrice-350-rtk.jpg","contentUrl":"https:\/\/koningdrone.be\/wp-content\/uploads\/sites\/13\/2025\/04\/parachute-moc-m2-avec-coupe-circuits-externe-moc-2511-kronos-pour-dji-matrice-350-rtk.jpg","width":800,"height":800},{"@type":"BreadcrumbList","@id":"https:\/\/koningdrone.be\/product\/dronavia-parachute-moc-m2-with-external-flight-termination-system-moc-2511-kronos-double-for-inspire-3-c5\/#breadcrumb","itemListElement":[{"@type":"ListItem","position":1,"name":"Home","item":"https:\/\/koningdrone.be\/"},{"@type":"ListItem","position":2,"name":"AVSS Parachute Recovery System for DJI Matrice 300\/350","item":"https:\/\/koningdrone.be\/product\/avss-parachute-recovery-system-for-dji-matrice-300-350\/"},{"@type":"ListItem","position":3,"name":"Alle parachutes","item":"https:\/\/koningdrone.be\/categorie\/alle-parachutes\/"},{"@type":"ListItem","position":4,"name":"Dronavia Parachute Moc M2 with External Flight Termination System MOC 2511 Kronos double for Inspire 3 \/ C5"}]},{"@type":"WebSite","@id":"https:\/\/koningdrone.be\/#website","url":"https:\/\/koningdrone.be\/","name":"Koningdrone.be - Ihr Online-Spezialist f\u00fcr Drohnen, Gimbals, Kameras und Kraftwerke.","description":"Der Webshop f\u00fcr Drohnen und Gimbals","publisher":{"@id":"https:\/\/koningdrone.be\/#organization"},"potentialAction":[{"@type":"SearchAction","target":{"@type":"EntryPoint","urlTemplate":"https:\/\/koningdrone.be\/?s={search_term_string}"},"query-input":{"@type":"PropertyValueSpecification","valueRequired":true,"valueName":"search_term_string"}}],"inLanguage":"de"},{"@type":"Organization","@id":"https:\/\/koningdrone.be\/#organization","name":"Kingdrone.de","url":"https:\/\/koningdrone.be\/","logo":{"@type":"ImageObject","inLanguage":"de","@id":"https:\/\/koningdrone.be\/#\/schema\/logo\/image\/","url":"https:\/\/koningdrone.be\/wp-content\/uploads\/sites\/13\/2025\/04\/koningdrone-copyright-logo.svg","contentUrl":"https:\/\/koningdrone.be\/wp-content\/uploads\/sites\/13\/2025\/04\/koningdrone-copyright-logo.svg","width":227,"height":38,"caption":"Koningdrone.be"},"image":{"@id":"https:\/\/koningdrone.be\/#\/schema\/logo\/image\/"}}]}},"df_price":3326.5,"df_sale_price":"","df_regular_price":3326.5,"df_image_link":"https:\/\/koningdrone.be\/wp-content\/uploads\/sites\/13\/2025\/04\/parachute-moc-m2-avec-coupe-circuits-externe-moc-2511-kronos-pour-dji-matrice-350-rtk-300x300.jpg","_links":{"self":[{"href":"https:\/\/koningdrone.be\/de\/wp-json\/wp\/v2\/product\/2634","targetHints":{"allow":["GET"]}}],"collection":[{"href":"https:\/\/koningdrone.be\/de\/wp-json\/wp\/v2\/product"}],"about":[{"href":"https:\/\/koningdrone.be\/de\/wp-json\/wp\/v2\/types\/product"}],"wp:featuredmedia":[{"embeddable":true,"href":"https:\/\/koningdrone.be\/de\/wp-json\/wp\/v2\/media\/2631"}],"wp:attachment":[{"href":"https:\/\/koningdrone.be\/de\/wp-json\/wp\/v2\/media?parent=2634"}],"wp:term":[{"taxonomy":"product_brand","embeddable":true,"href":"https:\/\/koningdrone.be\/de\/wp-json\/wp\/v2\/product_brand?post=2634"},{"taxonomy":"product_cat","embeddable":true,"href":"https:\/\/koningdrone.be\/de\/wp-json\/wp\/v2\/product_cat?post=2634"},{"taxonomy":"product_tag","embeddable":true,"href":"https:\/\/koningdrone.be\/de\/wp-json\/wp\/v2\/product_tag?post=2634"}],"curies":[{"name":"wp","href":"https:\/\/api.w.org\/{rel}","templated":true}]}}