{"id":2603,"date":"2024-09-18T10:24:17","date_gmt":"2024-09-18T08:24:17","guid":{"rendered":"https:\/\/koningdrone.nl\/kon\/product\/polarpro-dji-mavic-3-pro-vivid-collection-nd8-pl\/"},"modified":"2026-05-01T13:40:21","modified_gmt":"2026-05-01T11:40:21","slug":"polarpro-dji-mavic-3-pro-vivid-collection-nd8-pl","status":"publish","type":"product","link":"https:\/\/koningdrone.be\/de\/produkt\/polarpro-dji-mavic-3-pro-vivid-collection-nd8-pl\/","title":{"rendered":"Polarpro DJI Mavic 3 Pro Lebendige Kollektion ( ND8\/PL"},"content":{"rendered":"<p>Die Vivid Collection f\u00fcr den Mavic 3 Pro kombiniert zwei Filtereffekte (ND + Polarisation) in einem einzigen Glaselement. Das Set umfasst ND8\/PL-, ND16\/PL- und ND32\/PL-Filter, um die Verschlusszeit zu verk\u00fcrzen und Blendeffekten bei hellen und reflektierenden Bedingungen entgegenzuwirken - f\u00fcr atemberaubend ges\u00e4ttigte Farben. Um die maximale Flugzeit zu erhalten und die Kardanaufh\u00e4ngung zu optimieren, verf\u00fcgt jeder Filter \u00fcber einen leichten Aluminiumrahmen. Mit den auf dem Rahmen einge\u00e4tzten Polarisationsindikatoren k\u00f6nnen diese Filter pr\u00e4zise eingestellt werden, um die gew\u00fcnschte Lichtpolarisation zu erreichen.<\/p>","protected":false},"excerpt":{"rendered":"<ul>\n<li>Speziell entwickelt f\u00fcr den DJI Mavic 3 Pro.<\/li>\n<li><\/li>\n<li>Enth\u00e4lt ND8\/PL-, ND16\/PL- und ND32\/PL-Filter sowie eine Schutztasche.<\/li>\n<li><\/li>\n<li>Leichte Aluminiumrahmenkonstruktion.<\/li>\n<li><\/li>\n<li>CinemaSeries\u2122 Glas - zeichnet sich durch einen niedrigen Brechungsindex, Farbneutralit\u00e4t und perfekte Zieltransmission aus.<\/li>\n<\/ul>","protected":false},"featured_media":2599,"template":"","meta":{"_acf_changed":false},"product_brand":[],"product_cat":[97,447],"product_tag":[],"class_list":{"0":"post-2603","1":"product","2":"type-product","3":"status-publish","4":"has-post-thumbnail","6":"product_cat-alle-producten","7":"product_cat-polarpro","8":"product_shipping_class-outofstock","9":"pa_brand-polarpro","10":"pa_productfamily-filterset","11":"pa_producttype-filterset","12":"pa_series-mavic-3","14":"first","15":"outofstock","16":"taxable","17":"shipping-taxable","18":"product-type-simple"},"acf":[],"yoast_head":"<!-- This site is optimized with the Yoast SEO Premium plugin v27.2 (Yoast SEO v27.2) - https:\/\/yoast.com\/product\/yoast-seo-premium-wordpress\/ -->\n<title>Polarpro DJI Mavic 3 Pro Vivid Collection ( ND8\/PL - koningdrone.be<\/title>\n<meta name=\"robots\" content=\"index, follow, max-snippet:-1, max-image-preview:large, max-video-preview:-1\" \/>\n<link rel=\"canonical\" href=\"https:\/\/koningdrone.be\/de\/produkt\/polarpro-dji-mavic-3-pro-vivid-collection-nd8-pl\/\" \/>\n<meta property=\"og:locale\" content=\"de_DE\" \/>\n<meta property=\"og:type\" content=\"article\" \/>\n<meta property=\"og:title\" content=\"Polarpro DJI Mavic 3 Pro Vivid Collection ( ND8\/PL\" \/>\n<meta property=\"og:description\" content=\"Precision designed for the DJI Mavic 3 Pro.Includes ND8\/PL, ND16\/PL, ND32\/PL filters and a protective storage case.Lightweight aluminium frame design.CinemaSeries\u2122 Glass - Features low refractive index, colour neutrality and perfect target transmission.\" \/>\n<meta property=\"og:url\" content=\"https:\/\/koningdrone.be\/de\/produkt\/polarpro-dji-mavic-3-pro-vivid-collection-nd8-pl\/\" \/>\n<meta property=\"og:site_name\" content=\"koningdrone.be\" \/>\n<meta property=\"article:modified_time\" content=\"2026-05-01T11:40:21+00:00\" \/>\n<meta property=\"og:image\" content=\"https:\/\/koningdrone.be\/wp-content\/uploads\/sites\/13\/2025\/04\/VIVID-1.jpg\" \/>\n\t<meta property=\"og:image:width\" content=\"1500\" \/>\n\t<meta property=\"og:image:height\" content=\"1500\" \/>\n\t<meta property=\"og:image:type\" content=\"image\/jpeg\" \/>\n<meta name=\"twitter:card\" content=\"summary_large_image\" \/>\n<script type=\"application\/ld+json\" class=\"yoast-schema-graph\">{\"@context\":\"https:\/\/schema.org\",\"@graph\":[{\"@type\":\"WebPage\",\"@id\":\"https:\/\/koningdrone.be\/product\/polarpro-dji-mavic-3-pro-vivid-collection-nd8-pl\/\",\"url\":\"https:\/\/koningdrone.be\/product\/polarpro-dji-mavic-3-pro-vivid-collection-nd8-pl\/\",\"name\":\"Polarpro DJI Mavic 3 Pro Vivid Collection ( ND8\/PL - koningdrone.be\",\"isPartOf\":{\"@id\":\"https:\/\/koningdrone.be\/#website\"},\"primaryImageOfPage\":{\"@id\":\"https:\/\/koningdrone.be\/product\/polarpro-dji-mavic-3-pro-vivid-collection-nd8-pl\/#primaryimage\"},\"image\":{\"@id\":\"https:\/\/koningdrone.be\/product\/polarpro-dji-mavic-3-pro-vivid-collection-nd8-pl\/#primaryimage\"},\"thumbnailUrl\":\"https:\/\/koningdrone.be\/wp-content\/uploads\/sites\/13\/2025\/04\/VIVID-1.jpg\",\"datePublished\":\"2024-09-18T08:24:17+00:00\",\"dateModified\":\"2026-05-01T11:40:21+00:00\",\"breadcrumb\":{\"@id\":\"https:\/\/koningdrone.be\/product\/polarpro-dji-mavic-3-pro-vivid-collection-nd8-pl\/#breadcrumb\"},\"inLanguage\":\"de\",\"potentialAction\":[{\"@type\":\"ReadAction\",\"target\":[\"https:\/\/koningdrone.be\/product\/polarpro-dji-mavic-3-pro-vivid-collection-nd8-pl\/\"]}]},{\"@type\":\"ImageObject\",\"inLanguage\":\"de\",\"@id\":\"https:\/\/koningdrone.be\/product\/polarpro-dji-mavic-3-pro-vivid-collection-nd8-pl\/#primaryimage\",\"url\":\"https:\/\/koningdrone.be\/wp-content\/uploads\/sites\/13\/2025\/04\/VIVID-1.jpg\",\"contentUrl\":\"https:\/\/koningdrone.be\/wp-content\/uploads\/sites\/13\/2025\/04\/VIVID-1.jpg\",\"width\":1500,\"height\":1500},{\"@type\":\"BreadcrumbList\",\"@id\":\"https:\/\/koningdrone.be\/product\/polarpro-dji-mavic-3-pro-vivid-collection-nd8-pl\/#breadcrumb\",\"itemListElement\":[{\"@type\":\"ListItem\",\"position\":1,\"name\":\"Home\",\"item\":\"https:\/\/koningdrone.be\/\"},{\"@type\":\"ListItem\",\"position\":2,\"name\":\"AVSS Parachute Recovery System for DJI Matrice 300\/350\",\"item\":\"https:\/\/koningdrone.be\/product\/avss-parachute-recovery-system-for-dji-matrice-300-350\/\"},{\"@type\":\"ListItem\",\"position\":3,\"name\":\"Alle producten\",\"item\":\"https:\/\/koningdrone.be\/categorie\/alle-producten\/\"},{\"@type\":\"ListItem\",\"position\":4,\"name\":\"Polarpro DJI Mavic 3 Pro Vivid Collection ( ND8\/PL\"}]},{\"@type\":\"WebSite\",\"@id\":\"https:\/\/koningdrone.be\/#website\",\"url\":\"https:\/\/koningdrone.be\/\",\"name\":\"Koningdrone.be - Uw online specialist in drones, gimbals, camera's en power stations.\",\"description\":\"De webshop in drones en gimbals\",\"publisher\":{\"@id\":\"https:\/\/koningdrone.be\/#organization\"},\"potentialAction\":[{\"@type\":\"SearchAction\",\"target\":{\"@type\":\"EntryPoint\",\"urlTemplate\":\"https:\/\/koningdrone.be\/?s={search_term_string}\"},\"query-input\":{\"@type\":\"PropertyValueSpecification\",\"valueRequired\":true,\"valueName\":\"search_term_string\"}}],\"inLanguage\":\"de\"},{\"@type\":\"Organization\",\"@id\":\"https:\/\/koningdrone.be\/#organization\",\"name\":\"Koningdrone.be\",\"url\":\"https:\/\/koningdrone.be\/\",\"logo\":{\"@type\":\"ImageObject\",\"inLanguage\":\"de\",\"@id\":\"https:\/\/koningdrone.be\/#\/schema\/logo\/image\/\",\"url\":\"https:\/\/koningdrone.be\/wp-content\/uploads\/sites\/13\/2025\/04\/koningdrone-copyright-logo.svg\",\"contentUrl\":\"https:\/\/koningdrone.be\/wp-content\/uploads\/sites\/13\/2025\/04\/koningdrone-copyright-logo.svg\",\"width\":227,\"height\":38,\"caption\":\"Koningdrone.be\"},\"image\":{\"@id\":\"https:\/\/koningdrone.be\/#\/schema\/logo\/image\/\"}}]}<\/script>\n<!-- \/ Yoast SEO Premium plugin. -->","yoast_head_json":{"title":"Polarpro DJI Mavic 3 Pro Vivid Collection ( ND8\/PL - koningdrone.be","robots":{"index":"index","follow":"follow","max-snippet":"max-snippet:-1","max-image-preview":"max-image-preview:large","max-video-preview":"max-video-preview:-1"},"canonical":"https:\/\/koningdrone.be\/de\/produkt\/polarpro-dji-mavic-3-pro-vivid-collection-nd8-pl\/","og_locale":"de_DE","og_type":"article","og_title":"Polarpro DJI Mavic 3 Pro Vivid Collection ( ND8\/PL","og_description":"Precision designed for the DJI Mavic 3 Pro.Includes ND8\/PL, ND16\/PL, ND32\/PL filters and a protective storage case.Lightweight aluminium frame design.CinemaSeries\u2122 Glass - Features low refractive index, colour neutrality and perfect target transmission.","og_url":"https:\/\/koningdrone.be\/de\/produkt\/polarpro-dji-mavic-3-pro-vivid-collection-nd8-pl\/","og_site_name":"koningdrone.be","article_modified_time":"2026-05-01T11:40:21+00:00","og_image":[{"width":1500,"height":1500,"url":"https:\/\/koningdrone.be\/wp-content\/uploads\/sites\/13\/2025\/04\/VIVID-1.jpg","type":"image\/jpeg"}],"twitter_card":"summary_large_image","schema":{"@context":"https:\/\/schema.org","@graph":[{"@type":"WebPage","@id":"https:\/\/koningdrone.be\/product\/polarpro-dji-mavic-3-pro-vivid-collection-nd8-pl\/","url":"https:\/\/koningdrone.be\/product\/polarpro-dji-mavic-3-pro-vivid-collection-nd8-pl\/","name":"Polarpro DJI Mavic 3 Pro Vivid Collection ( ND8\/PL - koningdrone.be","isPartOf":{"@id":"https:\/\/koningdrone.be\/#website"},"primaryImageOfPage":{"@id":"https:\/\/koningdrone.be\/product\/polarpro-dji-mavic-3-pro-vivid-collection-nd8-pl\/#primaryimage"},"image":{"@id":"https:\/\/koningdrone.be\/product\/polarpro-dji-mavic-3-pro-vivid-collection-nd8-pl\/#primaryimage"},"thumbnailUrl":"https:\/\/koningdrone.be\/wp-content\/uploads\/sites\/13\/2025\/04\/VIVID-1.jpg","datePublished":"2024-09-18T08:24:17+00:00","dateModified":"2026-05-01T11:40:21+00:00","breadcrumb":{"@id":"https:\/\/koningdrone.be\/product\/polarpro-dji-mavic-3-pro-vivid-collection-nd8-pl\/#breadcrumb"},"inLanguage":"de","potentialAction":[{"@type":"ReadAction","target":["https:\/\/koningdrone.be\/product\/polarpro-dji-mavic-3-pro-vivid-collection-nd8-pl\/"]}]},{"@type":"ImageObject","inLanguage":"de","@id":"https:\/\/koningdrone.be\/product\/polarpro-dji-mavic-3-pro-vivid-collection-nd8-pl\/#primaryimage","url":"https:\/\/koningdrone.be\/wp-content\/uploads\/sites\/13\/2025\/04\/VIVID-1.jpg","contentUrl":"https:\/\/koningdrone.be\/wp-content\/uploads\/sites\/13\/2025\/04\/VIVID-1.jpg","width":1500,"height":1500},{"@type":"BreadcrumbList","@id":"https:\/\/koningdrone.be\/product\/polarpro-dji-mavic-3-pro-vivid-collection-nd8-pl\/#breadcrumb","itemListElement":[{"@type":"ListItem","position":1,"name":"Home","item":"https:\/\/koningdrone.be\/"},{"@type":"ListItem","position":2,"name":"AVSS Parachute Recovery System for DJI Matrice 300\/350","item":"https:\/\/koningdrone.be\/product\/avss-parachute-recovery-system-for-dji-matrice-300-350\/"},{"@type":"ListItem","position":3,"name":"Alle producten","item":"https:\/\/koningdrone.be\/categorie\/alle-producten\/"},{"@type":"ListItem","position":4,"name":"Polarpro DJI Mavic 3 Pro Vivid Collection ( ND8\/PL"}]},{"@type":"WebSite","@id":"https:\/\/koningdrone.be\/#website","url":"https:\/\/koningdrone.be\/","name":"Koningdrone.be - Ihr Online-Spezialist f\u00fcr Drohnen, Gimbals, Kameras und Kraftwerke.","description":"Der Webshop f\u00fcr Drohnen und Gimbals","publisher":{"@id":"https:\/\/koningdrone.be\/#organization"},"potentialAction":[{"@type":"SearchAction","target":{"@type":"EntryPoint","urlTemplate":"https:\/\/koningdrone.be\/?s={search_term_string}"},"query-input":{"@type":"PropertyValueSpecification","valueRequired":true,"valueName":"search_term_string"}}],"inLanguage":"de"},{"@type":"Organization","@id":"https:\/\/koningdrone.be\/#organization","name":"Kingdrone.de","url":"https:\/\/koningdrone.be\/","logo":{"@type":"ImageObject","inLanguage":"de","@id":"https:\/\/koningdrone.be\/#\/schema\/logo\/image\/","url":"https:\/\/koningdrone.be\/wp-content\/uploads\/sites\/13\/2025\/04\/koningdrone-copyright-logo.svg","contentUrl":"https:\/\/koningdrone.be\/wp-content\/uploads\/sites\/13\/2025\/04\/koningdrone-copyright-logo.svg","width":227,"height":38,"caption":"Koningdrone.be"},"image":{"@id":"https:\/\/koningdrone.be\/#\/schema\/logo\/image\/"}}]}},"df_price":"","df_sale_price":"","df_regular_price":"","df_image_link":"https:\/\/koningdrone.be\/wp-content\/uploads\/sites\/13\/2025\/04\/VIVID-1-300x300.jpg","_links":{"self":[{"href":"https:\/\/koningdrone.be\/de\/wp-json\/wp\/v2\/product\/2603","targetHints":{"allow":["GET"]}}],"collection":[{"href":"https:\/\/koningdrone.be\/de\/wp-json\/wp\/v2\/product"}],"about":[{"href":"https:\/\/koningdrone.be\/de\/wp-json\/wp\/v2\/types\/product"}],"wp:featuredmedia":[{"embeddable":true,"href":"https:\/\/koningdrone.be\/de\/wp-json\/wp\/v2\/media\/2599"}],"wp:attachment":[{"href":"https:\/\/koningdrone.be\/de\/wp-json\/wp\/v2\/media?parent=2603"}],"wp:term":[{"taxonomy":"product_brand","embeddable":true,"href":"https:\/\/koningdrone.be\/de\/wp-json\/wp\/v2\/product_brand?post=2603"},{"taxonomy":"product_cat","embeddable":true,"href":"https:\/\/koningdrone.be\/de\/wp-json\/wp\/v2\/product_cat?post=2603"},{"taxonomy":"product_tag","embeddable":true,"href":"https:\/\/koningdrone.be\/de\/wp-json\/wp\/v2\/product_tag?post=2603"}],"curies":[{"name":"wp","href":"https:\/\/api.w.org\/{rel}","templated":true}]}}