{"id":2591,"date":"2024-09-18T10:26:30","date_gmt":"2024-09-18T08:26:30","guid":{"rendered":"https:\/\/koningdrone.nl\/kon\/product\/dronavia-flight-termination-system-moc-2511-zaphyr-for-mavic-3\/"},"modified":"2026-04-29T16:01:07","modified_gmt":"2026-04-29T14:01:07","slug":"dronavia-flight-termination-system-moc-2511-zaphyr-for-mavic-3","status":"publish","type":"product","link":"https:\/\/koningdrone.be\/de\/produkt\/dronavia-flight-termination-system-moc-2511-zaphyr-for-mavic-3\/","title":{"rendered":"Dronavia Flugterminierungssystem Moc 2511 Z\u00c3\u00a9phyr f\u00c3?r Mavic 3"},"content":{"rendered":"<p>Zephyr, das Plug-and-Play-Flugabbruchsystem f\u00fcr die DJI Mavic 3 Enterprise Serie von Dronavia, wurde entwickelt, damit sich die Piloten voll und ganz auf ihre Flugmissionen konzentrieren k\u00f6nnen. Das System kann in weniger als 2 Minuten installiert werden und wird zwischen den Batterien und der Drohne platziert. Mit dem MOC M2511 k\u00f6nnen Sie sich bei Ihren Eins\u00e4tzen auf das beste Risikomanagement und die besten Sicherheitsma\u00dfnahmen verlassen.<\/p>","protected":false},"excerpt":{"rendered":"<ul>\n<li>Installation innerhalb von 2 Minuten<\/li>\n<li><\/li>\n<li>Geeignet f\u00fcr die Mavic 3 Enterprise Serie<\/li>\n<li><\/li>\n<li>MOC M2511-konform<\/li>\n<li><\/li>\n<li>Wird zwischen der Drohne und den Batterien angebracht.<\/li>\n<\/ul>","protected":false},"featured_media":2590,"template":"","meta":{"_acf_changed":false},"product_brand":[],"product_cat":[292,97,137,165,430],"product_tag":[],"class_list":{"0":"post-2591","1":"product","2":"type-product","3":"status-publish","4":"has-post-thumbnail","6":"product_cat-alle-parachutes","7":"product_cat-alle-producten","8":"product_cat-dji-mavic-3","9":"product_cat-dji-mavic-3-enterprise","10":"product_cat-dronavia","11":"product_shipping_class-outofstock","12":"pa_brand-dronavia","13":"pa_productfamily-vluchtbeeindigingssysteem","14":"pa_producttype-vluchtbeeindigingssysteem","15":"pa_series-mavic-3","17":"first","18":"outofstock","19":"taxable","20":"shipping-taxable","21":"purchasable","22":"product-type-simple"},"acf":[],"yoast_head":"<!-- This site is optimized with the Yoast SEO Premium plugin v27.2 (Yoast SEO v27.2) - https:\/\/yoast.com\/product\/yoast-seo-premium-wordpress\/ -->\n<title>Dronavia Flight Termination System Moc 2511 Z\u00c3\u00a9phyr for Mavic 3 - koningdrone.be<\/title>\n<meta name=\"robots\" content=\"index, follow, max-snippet:-1, max-image-preview:large, max-video-preview:-1\" \/>\n<link rel=\"canonical\" href=\"https:\/\/koningdrone.be\/de\/produkt\/dronavia-flight-termination-system-moc-2511-zaphyr-for-mavic-3\/\" \/>\n<meta property=\"og:locale\" content=\"de_DE\" \/>\n<meta property=\"og:type\" content=\"article\" \/>\n<meta property=\"og:title\" content=\"Dronavia Flight Termination System Moc 2511 Z\u00c3\u00a9phyr for Mavic 3\" \/>\n<meta property=\"og:description\" content=\"Installeren binnen 2 minuten    Geschikt voor de Mavic 3 Enterprise Series    MOC M2511-compliant    Te plaatsen tussen de drone en de batterijen.\" \/>\n<meta property=\"og:url\" content=\"https:\/\/koningdrone.be\/de\/produkt\/dronavia-flight-termination-system-moc-2511-zaphyr-for-mavic-3\/\" \/>\n<meta property=\"og:site_name\" content=\"koningdrone.be\" \/>\n<meta property=\"article:modified_time\" content=\"2026-04-29T14:01:07+00:00\" \/>\n<meta property=\"og:image\" content=\"https:\/\/koningdrone.be\/wp-content\/uploads\/sites\/13\/2025\/04\/Image-produit-Site-internetMOL3.png\" \/>\n\t<meta property=\"og:image:width\" content=\"1875\" \/>\n\t<meta property=\"og:image:height\" content=\"750\" \/>\n\t<meta property=\"og:image:type\" content=\"image\/png\" \/>\n<meta name=\"twitter:card\" content=\"summary_large_image\" \/>\n<meta name=\"twitter:label1\" content=\"Gesch\u00e4tzte Lesezeit\" \/>\n\t<meta name=\"twitter:data1\" content=\"1\u00a0Minute\" \/>\n<script type=\"application\/ld+json\" class=\"yoast-schema-graph\">{\"@context\":\"https:\/\/schema.org\",\"@graph\":[{\"@type\":\"WebPage\",\"@id\":\"https:\/\/koningdrone.be\/product\/dronavia-flight-termination-system-moc-2511-zaphyr-for-mavic-3\/\",\"url\":\"https:\/\/koningdrone.be\/product\/dronavia-flight-termination-system-moc-2511-zaphyr-for-mavic-3\/\",\"name\":\"Dronavia Flight Termination System Moc 2511 Z\u00c3\u00a9phyr for Mavic 3 - koningdrone.be\",\"isPartOf\":{\"@id\":\"https:\/\/koningdrone.be\/#website\"},\"primaryImageOfPage\":{\"@id\":\"https:\/\/koningdrone.be\/product\/dronavia-flight-termination-system-moc-2511-zaphyr-for-mavic-3\/#primaryimage\"},\"image\":{\"@id\":\"https:\/\/koningdrone.be\/product\/dronavia-flight-termination-system-moc-2511-zaphyr-for-mavic-3\/#primaryimage\"},\"thumbnailUrl\":\"https:\/\/koningdrone.be\/wp-content\/uploads\/sites\/13\/2025\/04\/Image-produit-Site-internetMOL3.png\",\"datePublished\":\"2024-09-18T08:26:30+00:00\",\"dateModified\":\"2026-04-29T14:01:07+00:00\",\"breadcrumb\":{\"@id\":\"https:\/\/koningdrone.be\/product\/dronavia-flight-termination-system-moc-2511-zaphyr-for-mavic-3\/#breadcrumb\"},\"inLanguage\":\"de\",\"potentialAction\":[{\"@type\":\"ReadAction\",\"target\":[\"https:\/\/koningdrone.be\/product\/dronavia-flight-termination-system-moc-2511-zaphyr-for-mavic-3\/\"]}]},{\"@type\":\"ImageObject\",\"inLanguage\":\"de\",\"@id\":\"https:\/\/koningdrone.be\/product\/dronavia-flight-termination-system-moc-2511-zaphyr-for-mavic-3\/#primaryimage\",\"url\":\"https:\/\/koningdrone.be\/wp-content\/uploads\/sites\/13\/2025\/04\/Image-produit-Site-internetMOL3.png\",\"contentUrl\":\"https:\/\/koningdrone.be\/wp-content\/uploads\/sites\/13\/2025\/04\/Image-produit-Site-internetMOL3.png\",\"width\":1875,\"height\":750},{\"@type\":\"BreadcrumbList\",\"@id\":\"https:\/\/koningdrone.be\/product\/dronavia-flight-termination-system-moc-2511-zaphyr-for-mavic-3\/#breadcrumb\",\"itemListElement\":[{\"@type\":\"ListItem\",\"position\":1,\"name\":\"Home\",\"item\":\"https:\/\/koningdrone.be\/\"},{\"@type\":\"ListItem\",\"position\":2,\"name\":\"AVSS Parachute Recovery System for DJI Matrice 300\/350\",\"item\":\"https:\/\/koningdrone.be\/product\/avss-parachute-recovery-system-for-dji-matrice-300-350\/\"},{\"@type\":\"ListItem\",\"position\":3,\"name\":\"Alle parachutes\",\"item\":\"https:\/\/koningdrone.be\/categorie\/alle-parachutes\/\"},{\"@type\":\"ListItem\",\"position\":4,\"name\":\"Dronavia Flight Termination System Moc 2511 Z\u00c3\u00a9phyr for Mavic 3\"}]},{\"@type\":\"WebSite\",\"@id\":\"https:\/\/koningdrone.be\/#website\",\"url\":\"https:\/\/koningdrone.be\/\",\"name\":\"Koningdrone.be - Uw online specialist in drones, gimbals, camera's en power stations.\",\"description\":\"De webshop in drones en gimbals\",\"publisher\":{\"@id\":\"https:\/\/koningdrone.be\/#organization\"},\"potentialAction\":[{\"@type\":\"SearchAction\",\"target\":{\"@type\":\"EntryPoint\",\"urlTemplate\":\"https:\/\/koningdrone.be\/?s={search_term_string}\"},\"query-input\":{\"@type\":\"PropertyValueSpecification\",\"valueRequired\":true,\"valueName\":\"search_term_string\"}}],\"inLanguage\":\"de\"},{\"@type\":\"Organization\",\"@id\":\"https:\/\/koningdrone.be\/#organization\",\"name\":\"Koningdrone.be\",\"url\":\"https:\/\/koningdrone.be\/\",\"logo\":{\"@type\":\"ImageObject\",\"inLanguage\":\"de\",\"@id\":\"https:\/\/koningdrone.be\/#\/schema\/logo\/image\/\",\"url\":\"https:\/\/koningdrone.be\/wp-content\/uploads\/sites\/13\/2025\/04\/koningdrone-copyright-logo.svg\",\"contentUrl\":\"https:\/\/koningdrone.be\/wp-content\/uploads\/sites\/13\/2025\/04\/koningdrone-copyright-logo.svg\",\"width\":227,\"height\":38,\"caption\":\"Koningdrone.be\"},\"image\":{\"@id\":\"https:\/\/koningdrone.be\/#\/schema\/logo\/image\/\"}}]}<\/script>\n<!-- \/ Yoast SEO Premium plugin. -->","yoast_head_json":{"title":"Dronavia Flight Termination System Moc 2511 Z\u00c3\u00a9phyr for Mavic 3 - koningdrone.be","robots":{"index":"index","follow":"follow","max-snippet":"max-snippet:-1","max-image-preview":"max-image-preview:large","max-video-preview":"max-video-preview:-1"},"canonical":"https:\/\/koningdrone.be\/de\/produkt\/dronavia-flight-termination-system-moc-2511-zaphyr-for-mavic-3\/","og_locale":"de_DE","og_type":"article","og_title":"Dronavia Flight Termination System Moc 2511 Z\u00c3\u00a9phyr for Mavic 3","og_description":"Installeren binnen 2 minuten    Geschikt voor de Mavic 3 Enterprise Series    MOC M2511-compliant    Te plaatsen tussen de drone en de batterijen.","og_url":"https:\/\/koningdrone.be\/de\/produkt\/dronavia-flight-termination-system-moc-2511-zaphyr-for-mavic-3\/","og_site_name":"koningdrone.be","article_modified_time":"2026-04-29T14:01:07+00:00","og_image":[{"width":1875,"height":750,"url":"https:\/\/koningdrone.be\/wp-content\/uploads\/sites\/13\/2025\/04\/Image-produit-Site-internetMOL3.png","type":"image\/png"}],"twitter_card":"summary_large_image","twitter_misc":{"Gesch\u00e4tzte Lesezeit":"1\u00a0Minute"},"schema":{"@context":"https:\/\/schema.org","@graph":[{"@type":"WebPage","@id":"https:\/\/koningdrone.be\/product\/dronavia-flight-termination-system-moc-2511-zaphyr-for-mavic-3\/","url":"https:\/\/koningdrone.be\/product\/dronavia-flight-termination-system-moc-2511-zaphyr-for-mavic-3\/","name":"Dronavia Flight Termination System Moc 2511 Z\u00c3\u00a9phyr for Mavic 3 - koningdrone.be","isPartOf":{"@id":"https:\/\/koningdrone.be\/#website"},"primaryImageOfPage":{"@id":"https:\/\/koningdrone.be\/product\/dronavia-flight-termination-system-moc-2511-zaphyr-for-mavic-3\/#primaryimage"},"image":{"@id":"https:\/\/koningdrone.be\/product\/dronavia-flight-termination-system-moc-2511-zaphyr-for-mavic-3\/#primaryimage"},"thumbnailUrl":"https:\/\/koningdrone.be\/wp-content\/uploads\/sites\/13\/2025\/04\/Image-produit-Site-internetMOL3.png","datePublished":"2024-09-18T08:26:30+00:00","dateModified":"2026-04-29T14:01:07+00:00","breadcrumb":{"@id":"https:\/\/koningdrone.be\/product\/dronavia-flight-termination-system-moc-2511-zaphyr-for-mavic-3\/#breadcrumb"},"inLanguage":"de","potentialAction":[{"@type":"ReadAction","target":["https:\/\/koningdrone.be\/product\/dronavia-flight-termination-system-moc-2511-zaphyr-for-mavic-3\/"]}]},{"@type":"ImageObject","inLanguage":"de","@id":"https:\/\/koningdrone.be\/product\/dronavia-flight-termination-system-moc-2511-zaphyr-for-mavic-3\/#primaryimage","url":"https:\/\/koningdrone.be\/wp-content\/uploads\/sites\/13\/2025\/04\/Image-produit-Site-internetMOL3.png","contentUrl":"https:\/\/koningdrone.be\/wp-content\/uploads\/sites\/13\/2025\/04\/Image-produit-Site-internetMOL3.png","width":1875,"height":750},{"@type":"BreadcrumbList","@id":"https:\/\/koningdrone.be\/product\/dronavia-flight-termination-system-moc-2511-zaphyr-for-mavic-3\/#breadcrumb","itemListElement":[{"@type":"ListItem","position":1,"name":"Home","item":"https:\/\/koningdrone.be\/"},{"@type":"ListItem","position":2,"name":"AVSS Parachute Recovery System for DJI Matrice 300\/350","item":"https:\/\/koningdrone.be\/product\/avss-parachute-recovery-system-for-dji-matrice-300-350\/"},{"@type":"ListItem","position":3,"name":"Alle parachutes","item":"https:\/\/koningdrone.be\/categorie\/alle-parachutes\/"},{"@type":"ListItem","position":4,"name":"Dronavia Flight Termination System Moc 2511 Z\u00c3\u00a9phyr for Mavic 3"}]},{"@type":"WebSite","@id":"https:\/\/koningdrone.be\/#website","url":"https:\/\/koningdrone.be\/","name":"Koningdrone.be - Ihr Online-Spezialist f\u00fcr Drohnen, Gimbals, Kameras und Kraftwerke.","description":"Der Webshop f\u00fcr Drohnen und Gimbals","publisher":{"@id":"https:\/\/koningdrone.be\/#organization"},"potentialAction":[{"@type":"SearchAction","target":{"@type":"EntryPoint","urlTemplate":"https:\/\/koningdrone.be\/?s={search_term_string}"},"query-input":{"@type":"PropertyValueSpecification","valueRequired":true,"valueName":"search_term_string"}}],"inLanguage":"de"},{"@type":"Organization","@id":"https:\/\/koningdrone.be\/#organization","name":"Kingdrone.de","url":"https:\/\/koningdrone.be\/","logo":{"@type":"ImageObject","inLanguage":"de","@id":"https:\/\/koningdrone.be\/#\/schema\/logo\/image\/","url":"https:\/\/koningdrone.be\/wp-content\/uploads\/sites\/13\/2025\/04\/koningdrone-copyright-logo.svg","contentUrl":"https:\/\/koningdrone.be\/wp-content\/uploads\/sites\/13\/2025\/04\/koningdrone-copyright-logo.svg","width":227,"height":38,"caption":"Koningdrone.be"},"image":{"@id":"https:\/\/koningdrone.be\/#\/schema\/logo\/image\/"}}]}},"df_price":755.25,"df_sale_price":"","df_regular_price":755.25,"df_image_link":"https:\/\/koningdrone.be\/wp-content\/uploads\/sites\/13\/2025\/04\/Image-produit-Site-internetMOL3-300x120.png","_links":{"self":[{"href":"https:\/\/koningdrone.be\/de\/wp-json\/wp\/v2\/product\/2591","targetHints":{"allow":["GET"]}}],"collection":[{"href":"https:\/\/koningdrone.be\/de\/wp-json\/wp\/v2\/product"}],"about":[{"href":"https:\/\/koningdrone.be\/de\/wp-json\/wp\/v2\/types\/product"}],"wp:featuredmedia":[{"embeddable":true,"href":"https:\/\/koningdrone.be\/de\/wp-json\/wp\/v2\/media\/2590"}],"wp:attachment":[{"href":"https:\/\/koningdrone.be\/de\/wp-json\/wp\/v2\/media?parent=2591"}],"wp:term":[{"taxonomy":"product_brand","embeddable":true,"href":"https:\/\/koningdrone.be\/de\/wp-json\/wp\/v2\/product_brand?post=2591"},{"taxonomy":"product_cat","embeddable":true,"href":"https:\/\/koningdrone.be\/de\/wp-json\/wp\/v2\/product_cat?post=2591"},{"taxonomy":"product_tag","embeddable":true,"href":"https:\/\/koningdrone.be\/de\/wp-json\/wp\/v2\/product_tag?post=2591"}],"curies":[{"name":"wp","href":"https:\/\/api.w.org\/{rel}","templated":true}]}}