{"id":2560,"date":"2024-09-18T10:26:56","date_gmt":"2024-09-18T08:26:56","guid":{"rendered":"https:\/\/koningdrone.nl\/kon\/product\/dronavia-parachute-moc-m2-with-flight-termination-system-moc-2511-zaphyr-for-mavic-3-c5-mavic-3e-t-m\/"},"modified":"2026-04-29T16:01:06","modified_gmt":"2026-04-29T14:01:06","slug":"dronavia-parachute-moc-m2-with-flight-termination-system-moc-2511-zaphyr-for-mavic-3-c5-mavic-3e-t-m","status":"publish","type":"product","link":"https:\/\/koningdrone.be\/de\/produkt\/dronavia-parachute-moc-m2-with-flight-termination-system-moc-2511-zaphyr-for-mavic-3-c5-mavic-3e-t-m\/","title":{"rendered":"Dronavia Fallschirm Moc M2 mit Flugabbruchsystem Moc 2511 f\u00fcr Mavic 3 C5 (Mavic 3E\/T\/M)"},"content":{"rendered":"<p>Der PRS-M3E, ein Drohnen-Fallschirm f\u00fcr die DJI Mavic 3 Enterprise, DJI Mavic 3 Thermal und DJI Mavic 3 Multispectral, l\u00e4sst sich einfach in Ihre Mission integrieren. Die Halterung sichert das Fallschirm-Bergungssystem, ohne die empfindlichen GPS-Module zu st\u00f6ren. Das System umfasst ein Elektronikmodul zur Stromversorgung des Parachute Pod\u2122 und des Flugabbruchsystems. Das bordeigene System ist mit einem automatischen Aktivierungssystem ausgestattet, das den Fallschirm der Drohne auswirft. F\u00fcr Endanwender in der Europ\u00e4ischen Union ist der PRS-M3EX die erste Wahl f\u00fcr die Anforderungen der EASA MOC 2511 (Enhanced Containment). Der PRS-M3EX verf\u00fcgt \u00fcber ein unabh\u00e4ngiges Flugabbruchsystem und eine unabh\u00e4ngige Methode zum Ausl\u00f6sen des Fallschirms.<\/p>","protected":false},"excerpt":{"rendered":"<ul>\n<li>Weniger als 0,5 Sekunden f\u00fcr die automatische Entfaltung<\/li>\n<li>Plug-and-Play-Flugabschlusssystem mit 0-Meter-\/Fu\u00df-Einsatzoption<\/li>\n<li>Manuelle Bereitstellung \u00fcber das PSDK und eine unabh\u00e4ngige Bereitstellungsoption zur Einhaltung von EASA MOC 2511<\/li>\n<li>ASTM F3322-22, EASA MOC 2512 und EASA MOC 2511 (Q4, 2024) sowie f\u00fcr die Zivilluftfahrtbeh\u00f6rden relevante Unterlagen Dritter.<\/li>\n<\/ul>","protected":false},"featured_media":2559,"template":"","meta":{"_acf_changed":false},"product_brand":[],"product_cat":[292,97,137,165,430],"product_tag":[],"class_list":{"0":"post-2560","1":"product","2":"type-product","3":"status-publish","4":"has-post-thumbnail","6":"product_cat-alle-parachutes","7":"product_cat-alle-producten","8":"product_cat-dji-mavic-3","9":"product_cat-dji-mavic-3-enterprise","10":"product_cat-dronavia","11":"product_shipping_class-outofstock","12":"pa_brand-dronavia","13":"pa_productfamily-drone-parachute","14":"pa_producttype-drone-parachute","15":"pa_series-mavic-3","17":"first","18":"outofstock","19":"taxable","20":"shipping-taxable","21":"purchasable","22":"product-type-simple"},"acf":[],"yoast_head":"<!-- This site is optimized with the Yoast SEO Premium plugin v27.2 (Yoast SEO v27.2) - https:\/\/yoast.com\/product\/yoast-seo-premium-wordpress\/ -->\n<title>Dronavia Parachute Moc M2 with Flight Termination System Moc 2511 for Mavic 3 C5 (Mavic 3E\/T\/M) - koningdrone.be<\/title>\n<meta name=\"robots\" content=\"index, follow, max-snippet:-1, max-image-preview:large, max-video-preview:-1\" \/>\n<link rel=\"canonical\" href=\"https:\/\/koningdrone.be\/de\/produkt\/dronavia-parachute-moc-m2-with-flight-termination-system-moc-2511-zaphyr-for-mavic-3-c5-mavic-3e-t-m\/\" \/>\n<meta property=\"og:locale\" content=\"de_DE\" \/>\n<meta property=\"og:type\" content=\"article\" \/>\n<meta property=\"og:title\" content=\"Dronavia Parachute Moc M2 with Flight Termination System Moc 2511 for Mavic 3 C5 (Mavic 3E\/T\/M)\" \/>\n<meta property=\"og:description\" content=\"Minder dan 0,5 seconde automatische ontplooiing  Plug-and-play vluchtbe\u00ebindigingssysteem met een optie van 0 meter\/feet ontplooiing  Handmatige ontplooiing via de PSDK en een onafhankelijke ontplooiingsoptie voor naleving van EASA MOC 2511  ASTM F3322-22, EASA MOC 2512 en EASA MOC 2511 (Q4, 2024) en documentatie van derden die relevant is voor burgerluchtvaartautoriteiten.\" \/>\n<meta property=\"og:url\" content=\"https:\/\/koningdrone.be\/de\/produkt\/dronavia-parachute-moc-m2-with-flight-termination-system-moc-2511-zaphyr-for-mavic-3-c5-mavic-3e-t-m\/\" \/>\n<meta property=\"og:site_name\" content=\"koningdrone.be\" \/>\n<meta property=\"article:modified_time\" content=\"2026-04-29T14:01:06+00:00\" \/>\n<meta property=\"og:image\" content=\"https:\/\/koningdrone.be\/wp-content\/uploads\/sites\/13\/2025\/04\/Kronos-Mavic-3.webp\" \/>\n\t<meta property=\"og:image:width\" content=\"933\" \/>\n\t<meta property=\"og:image:height\" content=\"612\" \/>\n\t<meta property=\"og:image:type\" content=\"image\/webp\" \/>\n<meta name=\"twitter:card\" content=\"summary_large_image\" \/>\n<meta name=\"twitter:label1\" content=\"Gesch\u00e4tzte Lesezeit\" \/>\n\t<meta name=\"twitter:data1\" content=\"1\u00a0Minute\" \/>\n<script type=\"application\/ld+json\" class=\"yoast-schema-graph\">{\"@context\":\"https:\/\/schema.org\",\"@graph\":[{\"@type\":\"WebPage\",\"@id\":\"https:\/\/koningdrone.be\/product\/dronavia-parachute-moc-m2-with-flight-termination-system-moc-2511-zaphyr-for-mavic-3-c5-mavic-3e-t-m\/\",\"url\":\"https:\/\/koningdrone.be\/product\/dronavia-parachute-moc-m2-with-flight-termination-system-moc-2511-zaphyr-for-mavic-3-c5-mavic-3e-t-m\/\",\"name\":\"Dronavia Parachute Moc M2 with Flight Termination System Moc 2511 for Mavic 3 C5 (Mavic 3E\/T\/M) - koningdrone.be\",\"isPartOf\":{\"@id\":\"https:\/\/koningdrone.be\/#website\"},\"primaryImageOfPage\":{\"@id\":\"https:\/\/koningdrone.be\/product\/dronavia-parachute-moc-m2-with-flight-termination-system-moc-2511-zaphyr-for-mavic-3-c5-mavic-3e-t-m\/#primaryimage\"},\"image\":{\"@id\":\"https:\/\/koningdrone.be\/product\/dronavia-parachute-moc-m2-with-flight-termination-system-moc-2511-zaphyr-for-mavic-3-c5-mavic-3e-t-m\/#primaryimage\"},\"thumbnailUrl\":\"https:\/\/koningdrone.be\/wp-content\/uploads\/sites\/13\/2025\/04\/Kronos-Mavic-3.webp\",\"datePublished\":\"2024-09-18T08:26:56+00:00\",\"dateModified\":\"2026-04-29T14:01:06+00:00\",\"breadcrumb\":{\"@id\":\"https:\/\/koningdrone.be\/product\/dronavia-parachute-moc-m2-with-flight-termination-system-moc-2511-zaphyr-for-mavic-3-c5-mavic-3e-t-m\/#breadcrumb\"},\"inLanguage\":\"de\",\"potentialAction\":[{\"@type\":\"ReadAction\",\"target\":[\"https:\/\/koningdrone.be\/product\/dronavia-parachute-moc-m2-with-flight-termination-system-moc-2511-zaphyr-for-mavic-3-c5-mavic-3e-t-m\/\"]}]},{\"@type\":\"ImageObject\",\"inLanguage\":\"de\",\"@id\":\"https:\/\/koningdrone.be\/product\/dronavia-parachute-moc-m2-with-flight-termination-system-moc-2511-zaphyr-for-mavic-3-c5-mavic-3e-t-m\/#primaryimage\",\"url\":\"https:\/\/koningdrone.be\/wp-content\/uploads\/sites\/13\/2025\/04\/Kronos-Mavic-3.webp\",\"contentUrl\":\"https:\/\/koningdrone.be\/wp-content\/uploads\/sites\/13\/2025\/04\/Kronos-Mavic-3.webp\",\"width\":933,\"height\":612},{\"@type\":\"BreadcrumbList\",\"@id\":\"https:\/\/koningdrone.be\/product\/dronavia-parachute-moc-m2-with-flight-termination-system-moc-2511-zaphyr-for-mavic-3-c5-mavic-3e-t-m\/#breadcrumb\",\"itemListElement\":[{\"@type\":\"ListItem\",\"position\":1,\"name\":\"Home\",\"item\":\"https:\/\/koningdrone.be\/\"},{\"@type\":\"ListItem\",\"position\":2,\"name\":\"AVSS Parachute Recovery System for DJI Matrice 300\/350\",\"item\":\"https:\/\/koningdrone.be\/product\/avss-parachute-recovery-system-for-dji-matrice-300-350\/\"},{\"@type\":\"ListItem\",\"position\":3,\"name\":\"Alle parachutes\",\"item\":\"https:\/\/koningdrone.be\/categorie\/alle-parachutes\/\"},{\"@type\":\"ListItem\",\"position\":4,\"name\":\"Dronavia Parachute Moc M2 with Flight Termination System Moc 2511 for Mavic 3 C5 (Mavic 3E\/T\/M)\"}]},{\"@type\":\"WebSite\",\"@id\":\"https:\/\/koningdrone.be\/#website\",\"url\":\"https:\/\/koningdrone.be\/\",\"name\":\"Koningdrone.be - Uw online specialist in drones, gimbals, camera's en power stations.\",\"description\":\"De webshop in drones en gimbals\",\"publisher\":{\"@id\":\"https:\/\/koningdrone.be\/#organization\"},\"potentialAction\":[{\"@type\":\"SearchAction\",\"target\":{\"@type\":\"EntryPoint\",\"urlTemplate\":\"https:\/\/koningdrone.be\/?s={search_term_string}\"},\"query-input\":{\"@type\":\"PropertyValueSpecification\",\"valueRequired\":true,\"valueName\":\"search_term_string\"}}],\"inLanguage\":\"de\"},{\"@type\":\"Organization\",\"@id\":\"https:\/\/koningdrone.be\/#organization\",\"name\":\"Koningdrone.be\",\"url\":\"https:\/\/koningdrone.be\/\",\"logo\":{\"@type\":\"ImageObject\",\"inLanguage\":\"de\",\"@id\":\"https:\/\/koningdrone.be\/#\/schema\/logo\/image\/\",\"url\":\"https:\/\/koningdrone.be\/wp-content\/uploads\/sites\/13\/2025\/04\/koningdrone-copyright-logo.svg\",\"contentUrl\":\"https:\/\/koningdrone.be\/wp-content\/uploads\/sites\/13\/2025\/04\/koningdrone-copyright-logo.svg\",\"width\":227,\"height\":38,\"caption\":\"Koningdrone.be\"},\"image\":{\"@id\":\"https:\/\/koningdrone.be\/#\/schema\/logo\/image\/\"}}]}<\/script>\n<!-- \/ Yoast SEO Premium plugin. -->","yoast_head_json":{"title":"Dronavia Parachute Moc M2 with Flight Termination System Moc 2511 for Mavic 3 C5 (Mavic 3E\/T\/M) - koningdrone.be","robots":{"index":"index","follow":"follow","max-snippet":"max-snippet:-1","max-image-preview":"max-image-preview:large","max-video-preview":"max-video-preview:-1"},"canonical":"https:\/\/koningdrone.be\/de\/produkt\/dronavia-parachute-moc-m2-with-flight-termination-system-moc-2511-zaphyr-for-mavic-3-c5-mavic-3e-t-m\/","og_locale":"de_DE","og_type":"article","og_title":"Dronavia Parachute Moc M2 with Flight Termination System Moc 2511 for Mavic 3 C5 (Mavic 3E\/T\/M)","og_description":"Minder dan 0,5 seconde automatische ontplooiing  Plug-and-play vluchtbe\u00ebindigingssysteem met een optie van 0 meter\/feet ontplooiing  Handmatige ontplooiing via de PSDK en een onafhankelijke ontplooiingsoptie voor naleving van EASA MOC 2511  ASTM F3322-22, EASA MOC 2512 en EASA MOC 2511 (Q4, 2024) en documentatie van derden die relevant is voor burgerluchtvaartautoriteiten.","og_url":"https:\/\/koningdrone.be\/de\/produkt\/dronavia-parachute-moc-m2-with-flight-termination-system-moc-2511-zaphyr-for-mavic-3-c5-mavic-3e-t-m\/","og_site_name":"koningdrone.be","article_modified_time":"2026-04-29T14:01:06+00:00","og_image":[{"width":933,"height":612,"url":"https:\/\/koningdrone.be\/wp-content\/uploads\/sites\/13\/2025\/04\/Kronos-Mavic-3.webp","type":"image\/webp"}],"twitter_card":"summary_large_image","twitter_misc":{"Gesch\u00e4tzte Lesezeit":"1\u00a0Minute"},"schema":{"@context":"https:\/\/schema.org","@graph":[{"@type":"WebPage","@id":"https:\/\/koningdrone.be\/product\/dronavia-parachute-moc-m2-with-flight-termination-system-moc-2511-zaphyr-for-mavic-3-c5-mavic-3e-t-m\/","url":"https:\/\/koningdrone.be\/product\/dronavia-parachute-moc-m2-with-flight-termination-system-moc-2511-zaphyr-for-mavic-3-c5-mavic-3e-t-m\/","name":"Dronavia Parachute Moc M2 with Flight Termination System Moc 2511 for Mavic 3 C5 (Mavic 3E\/T\/M) - koningdrone.be","isPartOf":{"@id":"https:\/\/koningdrone.be\/#website"},"primaryImageOfPage":{"@id":"https:\/\/koningdrone.be\/product\/dronavia-parachute-moc-m2-with-flight-termination-system-moc-2511-zaphyr-for-mavic-3-c5-mavic-3e-t-m\/#primaryimage"},"image":{"@id":"https:\/\/koningdrone.be\/product\/dronavia-parachute-moc-m2-with-flight-termination-system-moc-2511-zaphyr-for-mavic-3-c5-mavic-3e-t-m\/#primaryimage"},"thumbnailUrl":"https:\/\/koningdrone.be\/wp-content\/uploads\/sites\/13\/2025\/04\/Kronos-Mavic-3.webp","datePublished":"2024-09-18T08:26:56+00:00","dateModified":"2026-04-29T14:01:06+00:00","breadcrumb":{"@id":"https:\/\/koningdrone.be\/product\/dronavia-parachute-moc-m2-with-flight-termination-system-moc-2511-zaphyr-for-mavic-3-c5-mavic-3e-t-m\/#breadcrumb"},"inLanguage":"de","potentialAction":[{"@type":"ReadAction","target":["https:\/\/koningdrone.be\/product\/dronavia-parachute-moc-m2-with-flight-termination-system-moc-2511-zaphyr-for-mavic-3-c5-mavic-3e-t-m\/"]}]},{"@type":"ImageObject","inLanguage":"de","@id":"https:\/\/koningdrone.be\/product\/dronavia-parachute-moc-m2-with-flight-termination-system-moc-2511-zaphyr-for-mavic-3-c5-mavic-3e-t-m\/#primaryimage","url":"https:\/\/koningdrone.be\/wp-content\/uploads\/sites\/13\/2025\/04\/Kronos-Mavic-3.webp","contentUrl":"https:\/\/koningdrone.be\/wp-content\/uploads\/sites\/13\/2025\/04\/Kronos-Mavic-3.webp","width":933,"height":612},{"@type":"BreadcrumbList","@id":"https:\/\/koningdrone.be\/product\/dronavia-parachute-moc-m2-with-flight-termination-system-moc-2511-zaphyr-for-mavic-3-c5-mavic-3e-t-m\/#breadcrumb","itemListElement":[{"@type":"ListItem","position":1,"name":"Home","item":"https:\/\/koningdrone.be\/"},{"@type":"ListItem","position":2,"name":"AVSS Parachute Recovery System for DJI Matrice 300\/350","item":"https:\/\/koningdrone.be\/product\/avss-parachute-recovery-system-for-dji-matrice-300-350\/"},{"@type":"ListItem","position":3,"name":"Alle parachutes","item":"https:\/\/koningdrone.be\/categorie\/alle-parachutes\/"},{"@type":"ListItem","position":4,"name":"Dronavia Parachute Moc M2 with Flight Termination System Moc 2511 for Mavic 3 C5 (Mavic 3E\/T\/M)"}]},{"@type":"WebSite","@id":"https:\/\/koningdrone.be\/#website","url":"https:\/\/koningdrone.be\/","name":"Koningdrone.be - Ihr Online-Spezialist f\u00fcr Drohnen, Gimbals, Kameras und Kraftwerke.","description":"Der Webshop f\u00fcr Drohnen und Gimbals","publisher":{"@id":"https:\/\/koningdrone.be\/#organization"},"potentialAction":[{"@type":"SearchAction","target":{"@type":"EntryPoint","urlTemplate":"https:\/\/koningdrone.be\/?s={search_term_string}"},"query-input":{"@type":"PropertyValueSpecification","valueRequired":true,"valueName":"search_term_string"}}],"inLanguage":"de"},{"@type":"Organization","@id":"https:\/\/koningdrone.be\/#organization","name":"Kingdrone.de","url":"https:\/\/koningdrone.be\/","logo":{"@type":"ImageObject","inLanguage":"de","@id":"https:\/\/koningdrone.be\/#\/schema\/logo\/image\/","url":"https:\/\/koningdrone.be\/wp-content\/uploads\/sites\/13\/2025\/04\/koningdrone-copyright-logo.svg","contentUrl":"https:\/\/koningdrone.be\/wp-content\/uploads\/sites\/13\/2025\/04\/koningdrone-copyright-logo.svg","width":227,"height":38,"caption":"Koningdrone.be"},"image":{"@id":"https:\/\/koningdrone.be\/#\/schema\/logo\/image\/"}}]}},"df_price":1561.9,"df_sale_price":"","df_regular_price":1561.9,"df_image_link":"https:\/\/koningdrone.be\/wp-content\/uploads\/sites\/13\/2025\/04\/Kronos-Mavic-3-300x197.webp","_links":{"self":[{"href":"https:\/\/koningdrone.be\/de\/wp-json\/wp\/v2\/product\/2560","targetHints":{"allow":["GET"]}}],"collection":[{"href":"https:\/\/koningdrone.be\/de\/wp-json\/wp\/v2\/product"}],"about":[{"href":"https:\/\/koningdrone.be\/de\/wp-json\/wp\/v2\/types\/product"}],"wp:featuredmedia":[{"embeddable":true,"href":"https:\/\/koningdrone.be\/de\/wp-json\/wp\/v2\/media\/2559"}],"wp:attachment":[{"href":"https:\/\/koningdrone.be\/de\/wp-json\/wp\/v2\/media?parent=2560"}],"wp:term":[{"taxonomy":"product_brand","embeddable":true,"href":"https:\/\/koningdrone.be\/de\/wp-json\/wp\/v2\/product_brand?post=2560"},{"taxonomy":"product_cat","embeddable":true,"href":"https:\/\/koningdrone.be\/de\/wp-json\/wp\/v2\/product_cat?post=2560"},{"taxonomy":"product_tag","embeddable":true,"href":"https:\/\/koningdrone.be\/de\/wp-json\/wp\/v2\/product_tag?post=2560"}],"curies":[{"name":"wp","href":"https:\/\/api.w.org\/{rel}","templated":true}]}}