{"id":2553,"date":"2024-09-18T10:27:04","date_gmt":"2024-09-18T08:27:04","guid":{"rendered":"https:\/\/koningdrone.nl\/kon\/product\/micasense-dji-skyport-v2-kit-for-matrice-300\/"},"modified":"2026-04-29T14:01:05","modified_gmt":"2026-04-29T12:01:05","slug":"micasense-dji-skyport-v2-kit-for-matrice-300","status":"publish","type":"product","link":"https:\/\/koningdrone.be\/de\/produkt\/micasense-dji-skyport-v2-kit-for-matrice-300\/","title":{"rendered":"MICASENSE DJI Skyport V2 Kit f\u00fcr Matrice 300"},"content":{"rendered":"<p>Das MicaSense DJI Skyport V2 Kit f\u00fcr Matrice 300 ist ein fortschrittliches Nutzlastsystem, das f\u00fcr die Integration von MicaSense's RedEdge-MX oder Altum Multispektralkameras mit der DJI Matrice 300 RTK Drohne entwickelt wurde. Dieses Kit ist n\u00fctzlich f\u00fcr landwirtschaftliche, \u00f6kologische und andere Arten von Fernerkundungsanwendungen, bei denen pr\u00e4zise und qualitativ hochwertige Bilder erforderlich sind.<\/p>","protected":false},"excerpt":{"rendered":"<ul>\n<li>Ein 12-poliger JST-Anschluss (COMM)<\/li>\n<li>Ein 11-poliger JST-Anschluss (PWR\/DLS)<\/li>\n<li>Schraublaschen &gt; Montage kann vom Kunden entfernt werden<\/li>\n<\/ul>","protected":false},"featured_media":2552,"template":"","meta":{"_acf_changed":false},"product_brand":[],"product_cat":[298,97,426,152,427],"product_tag":[],"class_list":{"0":"post-2553","1":"product","2":"type-product","3":"status-publish","4":"has-post-thumbnail","6":"product_cat-alle-industriele-camera","7":"product_cat-alle-producten","8":"product_cat-dji-matrice","9":"product_cat-dji-matrice-300","10":"product_cat-micasense","11":"product_shipping_class-outofstock","12":"pa_brand-micasense","13":"pa_productfamily-camera-integratie-kit","14":"pa_producttype-camera-integratie-kit","15":"pa_series-matrice-300","17":"first","18":"outofstock","19":"taxable","20":"shipping-taxable","21":"product-type-simple"},"acf":[],"yoast_head":"<!-- This site is optimized with the Yoast SEO Premium plugin v27.2 (Yoast SEO v27.2) - https:\/\/yoast.com\/product\/yoast-seo-premium-wordpress\/ -->\n<title>MICASENSE DJI Skyport V2 Kit for Matrice 300 - koningdrone.be<\/title>\n<meta name=\"robots\" content=\"index, follow, max-snippet:-1, max-image-preview:large, max-video-preview:-1\" \/>\n<link rel=\"canonical\" href=\"https:\/\/koningdrone.be\/de\/produkt\/micasense-dji-skyport-v2-kit-for-matrice-300\/\" \/>\n<meta property=\"og:locale\" content=\"de_DE\" \/>\n<meta property=\"og:type\" content=\"article\" \/>\n<meta property=\"og:title\" content=\"MICASENSE DJI Skyport V2 Kit for Matrice 300\" \/>\n<meta property=\"og:description\" content=\"Een 12-pins JST-poort (COMM)Een 11-pins JST-poort (PWR\/DLS)Schroeflipjes &gt; Montage kan door de klant worden verwijderd\" \/>\n<meta property=\"og:url\" content=\"https:\/\/koningdrone.be\/de\/produkt\/micasense-dji-skyport-v2-kit-for-matrice-300\/\" \/>\n<meta property=\"og:site_name\" content=\"koningdrone.be\" \/>\n<meta property=\"article:modified_time\" content=\"2026-04-29T12:01:05+00:00\" \/>\n<meta property=\"og:image\" content=\"https:\/\/koningdrone.be\/wp-content\/uploads\/sites\/13\/2025\/04\/image-0.png\" \/>\n\t<meta property=\"og:image:width\" content=\"1200\" \/>\n\t<meta property=\"og:image:height\" content=\"800\" \/>\n\t<meta property=\"og:image:type\" content=\"image\/png\" \/>\n<meta name=\"twitter:card\" content=\"summary_large_image\" \/>\n<script type=\"application\/ld+json\" class=\"yoast-schema-graph\">{\"@context\":\"https:\/\/schema.org\",\"@graph\":[{\"@type\":\"WebPage\",\"@id\":\"https:\/\/koningdrone.be\/product\/micasense-dji-skyport-v2-kit-for-matrice-300\/\",\"url\":\"https:\/\/koningdrone.be\/product\/micasense-dji-skyport-v2-kit-for-matrice-300\/\",\"name\":\"MICASENSE DJI Skyport V2 Kit for Matrice 300 - koningdrone.be\",\"isPartOf\":{\"@id\":\"https:\/\/koningdrone.be\/#website\"},\"primaryImageOfPage\":{\"@id\":\"https:\/\/koningdrone.be\/product\/micasense-dji-skyport-v2-kit-for-matrice-300\/#primaryimage\"},\"image\":{\"@id\":\"https:\/\/koningdrone.be\/product\/micasense-dji-skyport-v2-kit-for-matrice-300\/#primaryimage\"},\"thumbnailUrl\":\"https:\/\/koningdrone.be\/wp-content\/uploads\/sites\/13\/2025\/04\/image-0.png\",\"datePublished\":\"2024-09-18T08:27:04+00:00\",\"dateModified\":\"2026-04-29T12:01:05+00:00\",\"breadcrumb\":{\"@id\":\"https:\/\/koningdrone.be\/product\/micasense-dji-skyport-v2-kit-for-matrice-300\/#breadcrumb\"},\"inLanguage\":\"de\",\"potentialAction\":[{\"@type\":\"ReadAction\",\"target\":[\"https:\/\/koningdrone.be\/product\/micasense-dji-skyport-v2-kit-for-matrice-300\/\"]}]},{\"@type\":\"ImageObject\",\"inLanguage\":\"de\",\"@id\":\"https:\/\/koningdrone.be\/product\/micasense-dji-skyport-v2-kit-for-matrice-300\/#primaryimage\",\"url\":\"https:\/\/koningdrone.be\/wp-content\/uploads\/sites\/13\/2025\/04\/image-0.png\",\"contentUrl\":\"https:\/\/koningdrone.be\/wp-content\/uploads\/sites\/13\/2025\/04\/image-0.png\",\"width\":1200,\"height\":800},{\"@type\":\"BreadcrumbList\",\"@id\":\"https:\/\/koningdrone.be\/product\/micasense-dji-skyport-v2-kit-for-matrice-300\/#breadcrumb\",\"itemListElement\":[{\"@type\":\"ListItem\",\"position\":1,\"name\":\"Home\",\"item\":\"https:\/\/koningdrone.be\/\"},{\"@type\":\"ListItem\",\"position\":2,\"name\":\"AVSS Parachute Recovery System for DJI Matrice 300\/350\",\"item\":\"https:\/\/koningdrone.be\/product\/avss-parachute-recovery-system-for-dji-matrice-300-350\/\"},{\"@type\":\"ListItem\",\"position\":3,\"name\":\"Alle industriele camera\",\"item\":\"https:\/\/koningdrone.be\/categorie\/alle-industriele-camera\/\"},{\"@type\":\"ListItem\",\"position\":4,\"name\":\"MICASENSE DJI Skyport V2 Kit for Matrice 300\"}]},{\"@type\":\"WebSite\",\"@id\":\"https:\/\/koningdrone.be\/#website\",\"url\":\"https:\/\/koningdrone.be\/\",\"name\":\"Koningdrone.be - Uw online specialist in drones, gimbals, camera's en power stations.\",\"description\":\"De webshop in drones en gimbals\",\"publisher\":{\"@id\":\"https:\/\/koningdrone.be\/#organization\"},\"potentialAction\":[{\"@type\":\"SearchAction\",\"target\":{\"@type\":\"EntryPoint\",\"urlTemplate\":\"https:\/\/koningdrone.be\/?s={search_term_string}\"},\"query-input\":{\"@type\":\"PropertyValueSpecification\",\"valueRequired\":true,\"valueName\":\"search_term_string\"}}],\"inLanguage\":\"de\"},{\"@type\":\"Organization\",\"@id\":\"https:\/\/koningdrone.be\/#organization\",\"name\":\"Koningdrone.be\",\"url\":\"https:\/\/koningdrone.be\/\",\"logo\":{\"@type\":\"ImageObject\",\"inLanguage\":\"de\",\"@id\":\"https:\/\/koningdrone.be\/#\/schema\/logo\/image\/\",\"url\":\"https:\/\/koningdrone.be\/wp-content\/uploads\/sites\/13\/2025\/04\/koningdrone-copyright-logo.svg\",\"contentUrl\":\"https:\/\/koningdrone.be\/wp-content\/uploads\/sites\/13\/2025\/04\/koningdrone-copyright-logo.svg\",\"width\":227,\"height\":38,\"caption\":\"Koningdrone.be\"},\"image\":{\"@id\":\"https:\/\/koningdrone.be\/#\/schema\/logo\/image\/\"}}]}<\/script>\n<!-- \/ Yoast SEO Premium plugin. -->","yoast_head_json":{"title":"MICASENSE DJI Skyport V2 Kit for Matrice 300 - koningdrone.be","robots":{"index":"index","follow":"follow","max-snippet":"max-snippet:-1","max-image-preview":"max-image-preview:large","max-video-preview":"max-video-preview:-1"},"canonical":"https:\/\/koningdrone.be\/de\/produkt\/micasense-dji-skyport-v2-kit-for-matrice-300\/","og_locale":"de_DE","og_type":"article","og_title":"MICASENSE DJI Skyport V2 Kit for Matrice 300","og_description":"Een 12-pins JST-poort (COMM)Een 11-pins JST-poort (PWR\/DLS)Schroeflipjes &gt; Montage kan door de klant worden verwijderd","og_url":"https:\/\/koningdrone.be\/de\/produkt\/micasense-dji-skyport-v2-kit-for-matrice-300\/","og_site_name":"koningdrone.be","article_modified_time":"2026-04-29T12:01:05+00:00","og_image":[{"width":1200,"height":800,"url":"https:\/\/koningdrone.be\/wp-content\/uploads\/sites\/13\/2025\/04\/image-0.png","type":"image\/png"}],"twitter_card":"summary_large_image","schema":{"@context":"https:\/\/schema.org","@graph":[{"@type":"WebPage","@id":"https:\/\/koningdrone.be\/product\/micasense-dji-skyport-v2-kit-for-matrice-300\/","url":"https:\/\/koningdrone.be\/product\/micasense-dji-skyport-v2-kit-for-matrice-300\/","name":"MICASENSE DJI Skyport V2 Kit for Matrice 300 - koningdrone.be","isPartOf":{"@id":"https:\/\/koningdrone.be\/#website"},"primaryImageOfPage":{"@id":"https:\/\/koningdrone.be\/product\/micasense-dji-skyport-v2-kit-for-matrice-300\/#primaryimage"},"image":{"@id":"https:\/\/koningdrone.be\/product\/micasense-dji-skyport-v2-kit-for-matrice-300\/#primaryimage"},"thumbnailUrl":"https:\/\/koningdrone.be\/wp-content\/uploads\/sites\/13\/2025\/04\/image-0.png","datePublished":"2024-09-18T08:27:04+00:00","dateModified":"2026-04-29T12:01:05+00:00","breadcrumb":{"@id":"https:\/\/koningdrone.be\/product\/micasense-dji-skyport-v2-kit-for-matrice-300\/#breadcrumb"},"inLanguage":"de","potentialAction":[{"@type":"ReadAction","target":["https:\/\/koningdrone.be\/product\/micasense-dji-skyport-v2-kit-for-matrice-300\/"]}]},{"@type":"ImageObject","inLanguage":"de","@id":"https:\/\/koningdrone.be\/product\/micasense-dji-skyport-v2-kit-for-matrice-300\/#primaryimage","url":"https:\/\/koningdrone.be\/wp-content\/uploads\/sites\/13\/2025\/04\/image-0.png","contentUrl":"https:\/\/koningdrone.be\/wp-content\/uploads\/sites\/13\/2025\/04\/image-0.png","width":1200,"height":800},{"@type":"BreadcrumbList","@id":"https:\/\/koningdrone.be\/product\/micasense-dji-skyport-v2-kit-for-matrice-300\/#breadcrumb","itemListElement":[{"@type":"ListItem","position":1,"name":"Home","item":"https:\/\/koningdrone.be\/"},{"@type":"ListItem","position":2,"name":"AVSS Parachute Recovery System for DJI Matrice 300\/350","item":"https:\/\/koningdrone.be\/product\/avss-parachute-recovery-system-for-dji-matrice-300-350\/"},{"@type":"ListItem","position":3,"name":"Alle industriele camera","item":"https:\/\/koningdrone.be\/categorie\/alle-industriele-camera\/"},{"@type":"ListItem","position":4,"name":"MICASENSE DJI Skyport V2 Kit for Matrice 300"}]},{"@type":"WebSite","@id":"https:\/\/koningdrone.be\/#website","url":"https:\/\/koningdrone.be\/","name":"Koningdrone.be - Ihr Online-Spezialist f\u00fcr Drohnen, Gimbals, Kameras und Kraftwerke.","description":"Der Webshop f\u00fcr Drohnen und Gimbals","publisher":{"@id":"https:\/\/koningdrone.be\/#organization"},"potentialAction":[{"@type":"SearchAction","target":{"@type":"EntryPoint","urlTemplate":"https:\/\/koningdrone.be\/?s={search_term_string}"},"query-input":{"@type":"PropertyValueSpecification","valueRequired":true,"valueName":"search_term_string"}}],"inLanguage":"de"},{"@type":"Organization","@id":"https:\/\/koningdrone.be\/#organization","name":"Kingdrone.de","url":"https:\/\/koningdrone.be\/","logo":{"@type":"ImageObject","inLanguage":"de","@id":"https:\/\/koningdrone.be\/#\/schema\/logo\/image\/","url":"https:\/\/koningdrone.be\/wp-content\/uploads\/sites\/13\/2025\/04\/koningdrone-copyright-logo.svg","contentUrl":"https:\/\/koningdrone.be\/wp-content\/uploads\/sites\/13\/2025\/04\/koningdrone-copyright-logo.svg","width":227,"height":38,"caption":"Koningdrone.be"},"image":{"@id":"https:\/\/koningdrone.be\/#\/schema\/logo\/image\/"}}]}},"df_price":"","df_sale_price":"","df_regular_price":"","df_image_link":"https:\/\/koningdrone.be\/wp-content\/uploads\/sites\/13\/2025\/04\/image-0-300x200.png","_links":{"self":[{"href":"https:\/\/koningdrone.be\/de\/wp-json\/wp\/v2\/product\/2553","targetHints":{"allow":["GET"]}}],"collection":[{"href":"https:\/\/koningdrone.be\/de\/wp-json\/wp\/v2\/product"}],"about":[{"href":"https:\/\/koningdrone.be\/de\/wp-json\/wp\/v2\/types\/product"}],"wp:featuredmedia":[{"embeddable":true,"href":"https:\/\/koningdrone.be\/de\/wp-json\/wp\/v2\/media\/2552"}],"wp:attachment":[{"href":"https:\/\/koningdrone.be\/de\/wp-json\/wp\/v2\/media?parent=2553"}],"wp:term":[{"taxonomy":"product_brand","embeddable":true,"href":"https:\/\/koningdrone.be\/de\/wp-json\/wp\/v2\/product_brand?post=2553"},{"taxonomy":"product_cat","embeddable":true,"href":"https:\/\/koningdrone.be\/de\/wp-json\/wp\/v2\/product_cat?post=2553"},{"taxonomy":"product_tag","embeddable":true,"href":"https:\/\/koningdrone.be\/de\/wp-json\/wp\/v2\/product_tag?post=2553"}],"curies":[{"name":"wp","href":"https:\/\/api.w.org\/{rel}","templated":true}]}}