{"id":2551,"date":"2024-09-18T10:27:13","date_gmt":"2024-09-18T08:27:13","guid":{"rendered":"https:\/\/koningdrone.nl\/kon\/product\/ecoflow-alternator-charger-800w\/"},"modified":"2026-04-29T14:10:05","modified_gmt":"2026-04-29T12:10:05","slug":"ecoflow-alternator-charger-800w","status":"publish","type":"product","link":"https:\/\/koningdrone.be\/de\/produkt\/ecoflow-alternator-charger-800w\/","title":{"rendered":"EcoFlow Lichtmaschinen-Ladeger\u00e4t (800W)"},"content":{"rendered":"<p>Mit dem EcoFlow-Lichtmaschinen-Ladeger\u00e4t (800 W) k\u00f6nnen Sie EcoFlow-Stationen direkt \u00fcber die Lichtmaschine Ihres Fahrzeugs aufladen. Mit seiner robusten 800-Watt-Leistung erm\u00f6glicht es effizientes und schnelles Laden unterwegs. Es wurde f\u00fcr Langlebigkeit und Zuverl\u00e4ssigkeit in Fahrzeugumgebungen entwickelt und verf\u00fcgt \u00fcber Sicherheitsfunktionen gegen \u00dcberladung und Kurzschluss, was es zu einer idealen L\u00f6sung macht, um die Betriebszeit Ihrer Ladestation w\u00e4hrend Autofahrten oder Outdoor-Abenteuern zu verl\u00e4ngern.<\/p>","protected":false},"excerpt":{"rendered":"<ul>\n<li>Laden Sie w\u00e4hrend der Fahrt auf und bleiben Sie auch unterwegs mit Energie versorgt.<\/li>\n<li>800-W-Turbodynamo, 8-mal schneller als herk\u00f6mmliche Zusatzsteckdosen. Laden Sie 1kWh in nur 1,3 Stunden auf.<\/li>\n<li>Ein 3-in-1-Schnellladeger\u00e4t, Wartungsger\u00e4t und Starthilfe h\u00e4lt Ihre Batterie in Topform.<\/li>\n<li>Einfache Installation<\/li>\n<li>Geeignet f\u00fcr verschiedene Fahrzeuge, darunter SUVs, Pick-ups und Wohnmobile.<\/li>\n<li>Erweitern Sie die vorhandene Kapazit\u00e4t der Wohnmobilbatterie.<\/li>\n<\/ul>","protected":false},"featured_media":2545,"template":"","meta":{"_acf_changed":false},"product_brand":[],"product_cat":[97,245,415],"product_tag":[],"class_list":{"0":"post-2551","1":"product","2":"type-product","3":"status-publish","4":"has-post-thumbnail","6":"product_cat-alle-producten","7":"product_cat-ecoflow","8":"product_cat-energy","9":"product_shipping_class-outofstock","10":"pa_brand-ecoflow","11":"pa_productfamily-dynamo-lader","12":"pa_producttype-dynamo-lader","14":"first","15":"outofstock","16":"taxable","17":"shipping-taxable","18":"product-type-simple"},"acf":[],"yoast_head":"<!-- This site is optimized with the Yoast SEO Premium plugin v27.2 (Yoast SEO v27.2) - https:\/\/yoast.com\/product\/yoast-seo-premium-wordpress\/ -->\n<title>EcoFlow Alternator Charger (800W) - koningdrone.be<\/title>\n<meta name=\"robots\" content=\"index, follow, max-snippet:-1, max-image-preview:large, max-video-preview:-1\" \/>\n<link rel=\"canonical\" href=\"https:\/\/koningdrone.be\/de\/produkt\/ecoflow-alternator-charger-800w\/\" \/>\n<meta property=\"og:locale\" content=\"de_DE\" \/>\n<meta property=\"og:type\" content=\"article\" \/>\n<meta property=\"og:title\" content=\"EcoFlow Alternator Charger (800W)\" \/>\n<meta property=\"og:description\" content=\"Laad op terwijl je rijdt en blijf onderweg van energie voorzien.800 W turbo dynamo, 8\u00d7 sneller dan traditionele extra stopcontacten. Laad 1kWh op in slechts 1,3 uur.Een 3-in-1 snellader, onderhoudsapparaat en jumpstarter houdt je accu in topconditie.Eenvoudige installatieGeschikt voor verschillende voertuigen, waaronder SUV&#039;s, pick-ups en campers.Breidt de bestaande capaciteit van de camperhuisaccu uit.\" \/>\n<meta property=\"og:url\" content=\"https:\/\/koningdrone.be\/de\/produkt\/ecoflow-alternator-charger-800w\/\" \/>\n<meta property=\"og:site_name\" content=\"koningdrone.be\" \/>\n<meta property=\"article:modified_time\" content=\"2026-04-29T12:10:05+00:00\" \/>\n<meta property=\"og:image\" content=\"https:\/\/koningdrone.be\/wp-content\/uploads\/sites\/13\/2025\/04\/ecoflow-800w-alternator-charger-20240521.jpg\" \/>\n\t<meta property=\"og:image:width\" content=\"800\" \/>\n\t<meta property=\"og:image:height\" content=\"800\" \/>\n\t<meta property=\"og:image:type\" content=\"image\/jpeg\" \/>\n<meta name=\"twitter:card\" content=\"summary_large_image\" \/>\n<script type=\"application\/ld+json\" class=\"yoast-schema-graph\">{\"@context\":\"https:\/\/schema.org\",\"@graph\":[{\"@type\":\"WebPage\",\"@id\":\"https:\/\/koningdrone.be\/product\/ecoflow-alternator-charger-800w\/\",\"url\":\"https:\/\/koningdrone.be\/product\/ecoflow-alternator-charger-800w\/\",\"name\":\"EcoFlow Alternator Charger (800W) - koningdrone.be\",\"isPartOf\":{\"@id\":\"https:\/\/koningdrone.be\/#website\"},\"primaryImageOfPage\":{\"@id\":\"https:\/\/koningdrone.be\/product\/ecoflow-alternator-charger-800w\/#primaryimage\"},\"image\":{\"@id\":\"https:\/\/koningdrone.be\/product\/ecoflow-alternator-charger-800w\/#primaryimage\"},\"thumbnailUrl\":\"https:\/\/koningdrone.be\/wp-content\/uploads\/sites\/13\/2025\/04\/ecoflow-800w-alternator-charger-20240521.jpg\",\"datePublished\":\"2024-09-18T08:27:13+00:00\",\"dateModified\":\"2026-04-29T12:10:05+00:00\",\"breadcrumb\":{\"@id\":\"https:\/\/koningdrone.be\/product\/ecoflow-alternator-charger-800w\/#breadcrumb\"},\"inLanguage\":\"de\",\"potentialAction\":[{\"@type\":\"ReadAction\",\"target\":[\"https:\/\/koningdrone.be\/product\/ecoflow-alternator-charger-800w\/\"]}]},{\"@type\":\"ImageObject\",\"inLanguage\":\"de\",\"@id\":\"https:\/\/koningdrone.be\/product\/ecoflow-alternator-charger-800w\/#primaryimage\",\"url\":\"https:\/\/koningdrone.be\/wp-content\/uploads\/sites\/13\/2025\/04\/ecoflow-800w-alternator-charger-20240521.jpg\",\"contentUrl\":\"https:\/\/koningdrone.be\/wp-content\/uploads\/sites\/13\/2025\/04\/ecoflow-800w-alternator-charger-20240521.jpg\",\"width\":800,\"height\":800},{\"@type\":\"BreadcrumbList\",\"@id\":\"https:\/\/koningdrone.be\/product\/ecoflow-alternator-charger-800w\/#breadcrumb\",\"itemListElement\":[{\"@type\":\"ListItem\",\"position\":1,\"name\":\"Home\",\"item\":\"https:\/\/koningdrone.be\/\"},{\"@type\":\"ListItem\",\"position\":2,\"name\":\"AVSS Parachute Recovery System for DJI Matrice 300\/350\",\"item\":\"https:\/\/koningdrone.be\/product\/avss-parachute-recovery-system-for-dji-matrice-300-350\/\"},{\"@type\":\"ListItem\",\"position\":3,\"name\":\"Alle producten\",\"item\":\"https:\/\/koningdrone.be\/categorie\/alle-producten\/\"},{\"@type\":\"ListItem\",\"position\":4,\"name\":\"EcoFlow Alternator Charger (800W)\"}]},{\"@type\":\"WebSite\",\"@id\":\"https:\/\/koningdrone.be\/#website\",\"url\":\"https:\/\/koningdrone.be\/\",\"name\":\"Koningdrone.be - Uw online specialist in drones, gimbals, camera's en power stations.\",\"description\":\"De webshop in drones en gimbals\",\"publisher\":{\"@id\":\"https:\/\/koningdrone.be\/#organization\"},\"potentialAction\":[{\"@type\":\"SearchAction\",\"target\":{\"@type\":\"EntryPoint\",\"urlTemplate\":\"https:\/\/koningdrone.be\/?s={search_term_string}\"},\"query-input\":{\"@type\":\"PropertyValueSpecification\",\"valueRequired\":true,\"valueName\":\"search_term_string\"}}],\"inLanguage\":\"de\"},{\"@type\":\"Organization\",\"@id\":\"https:\/\/koningdrone.be\/#organization\",\"name\":\"Koningdrone.be\",\"url\":\"https:\/\/koningdrone.be\/\",\"logo\":{\"@type\":\"ImageObject\",\"inLanguage\":\"de\",\"@id\":\"https:\/\/koningdrone.be\/#\/schema\/logo\/image\/\",\"url\":\"https:\/\/koningdrone.be\/wp-content\/uploads\/sites\/13\/2025\/04\/koningdrone-copyright-logo.svg\",\"contentUrl\":\"https:\/\/koningdrone.be\/wp-content\/uploads\/sites\/13\/2025\/04\/koningdrone-copyright-logo.svg\",\"width\":227,\"height\":38,\"caption\":\"Koningdrone.be\"},\"image\":{\"@id\":\"https:\/\/koningdrone.be\/#\/schema\/logo\/image\/\"}}]}<\/script>\n<!-- \/ Yoast SEO Premium plugin. -->","yoast_head_json":{"title":"EcoFlow Alternator Charger (800W) - koningdrone.be","robots":{"index":"index","follow":"follow","max-snippet":"max-snippet:-1","max-image-preview":"max-image-preview:large","max-video-preview":"max-video-preview:-1"},"canonical":"https:\/\/koningdrone.be\/de\/produkt\/ecoflow-alternator-charger-800w\/","og_locale":"de_DE","og_type":"article","og_title":"EcoFlow Alternator Charger (800W)","og_description":"Laad op terwijl je rijdt en blijf onderweg van energie voorzien.800 W turbo dynamo, 8\u00d7 sneller dan traditionele extra stopcontacten. Laad 1kWh op in slechts 1,3 uur.Een 3-in-1 snellader, onderhoudsapparaat en jumpstarter houdt je accu in topconditie.Eenvoudige installatieGeschikt voor verschillende voertuigen, waaronder SUV's, pick-ups en campers.Breidt de bestaande capaciteit van de camperhuisaccu uit.","og_url":"https:\/\/koningdrone.be\/de\/produkt\/ecoflow-alternator-charger-800w\/","og_site_name":"koningdrone.be","article_modified_time":"2026-04-29T12:10:05+00:00","og_image":[{"width":800,"height":800,"url":"https:\/\/koningdrone.be\/wp-content\/uploads\/sites\/13\/2025\/04\/ecoflow-800w-alternator-charger-20240521.jpg","type":"image\/jpeg"}],"twitter_card":"summary_large_image","schema":{"@context":"https:\/\/schema.org","@graph":[{"@type":"WebPage","@id":"https:\/\/koningdrone.be\/product\/ecoflow-alternator-charger-800w\/","url":"https:\/\/koningdrone.be\/product\/ecoflow-alternator-charger-800w\/","name":"EcoFlow Alternator Charger (800W) - koningdrone.be","isPartOf":{"@id":"https:\/\/koningdrone.be\/#website"},"primaryImageOfPage":{"@id":"https:\/\/koningdrone.be\/product\/ecoflow-alternator-charger-800w\/#primaryimage"},"image":{"@id":"https:\/\/koningdrone.be\/product\/ecoflow-alternator-charger-800w\/#primaryimage"},"thumbnailUrl":"https:\/\/koningdrone.be\/wp-content\/uploads\/sites\/13\/2025\/04\/ecoflow-800w-alternator-charger-20240521.jpg","datePublished":"2024-09-18T08:27:13+00:00","dateModified":"2026-04-29T12:10:05+00:00","breadcrumb":{"@id":"https:\/\/koningdrone.be\/product\/ecoflow-alternator-charger-800w\/#breadcrumb"},"inLanguage":"de","potentialAction":[{"@type":"ReadAction","target":["https:\/\/koningdrone.be\/product\/ecoflow-alternator-charger-800w\/"]}]},{"@type":"ImageObject","inLanguage":"de","@id":"https:\/\/koningdrone.be\/product\/ecoflow-alternator-charger-800w\/#primaryimage","url":"https:\/\/koningdrone.be\/wp-content\/uploads\/sites\/13\/2025\/04\/ecoflow-800w-alternator-charger-20240521.jpg","contentUrl":"https:\/\/koningdrone.be\/wp-content\/uploads\/sites\/13\/2025\/04\/ecoflow-800w-alternator-charger-20240521.jpg","width":800,"height":800},{"@type":"BreadcrumbList","@id":"https:\/\/koningdrone.be\/product\/ecoflow-alternator-charger-800w\/#breadcrumb","itemListElement":[{"@type":"ListItem","position":1,"name":"Home","item":"https:\/\/koningdrone.be\/"},{"@type":"ListItem","position":2,"name":"AVSS Parachute Recovery System for DJI Matrice 300\/350","item":"https:\/\/koningdrone.be\/product\/avss-parachute-recovery-system-for-dji-matrice-300-350\/"},{"@type":"ListItem","position":3,"name":"Alle producten","item":"https:\/\/koningdrone.be\/categorie\/alle-producten\/"},{"@type":"ListItem","position":4,"name":"EcoFlow Alternator Charger (800W)"}]},{"@type":"WebSite","@id":"https:\/\/koningdrone.be\/#website","url":"https:\/\/koningdrone.be\/","name":"Koningdrone.be - Ihr Online-Spezialist f\u00fcr Drohnen, Gimbals, Kameras und Kraftwerke.","description":"Der Webshop f\u00fcr Drohnen und Gimbals","publisher":{"@id":"https:\/\/koningdrone.be\/#organization"},"potentialAction":[{"@type":"SearchAction","target":{"@type":"EntryPoint","urlTemplate":"https:\/\/koningdrone.be\/?s={search_term_string}"},"query-input":{"@type":"PropertyValueSpecification","valueRequired":true,"valueName":"search_term_string"}}],"inLanguage":"de"},{"@type":"Organization","@id":"https:\/\/koningdrone.be\/#organization","name":"Kingdrone.de","url":"https:\/\/koningdrone.be\/","logo":{"@type":"ImageObject","inLanguage":"de","@id":"https:\/\/koningdrone.be\/#\/schema\/logo\/image\/","url":"https:\/\/koningdrone.be\/wp-content\/uploads\/sites\/13\/2025\/04\/koningdrone-copyright-logo.svg","contentUrl":"https:\/\/koningdrone.be\/wp-content\/uploads\/sites\/13\/2025\/04\/koningdrone-copyright-logo.svg","width":227,"height":38,"caption":"Koningdrone.be"},"image":{"@id":"https:\/\/koningdrone.be\/#\/schema\/logo\/image\/"}}]}},"df_price":"","df_sale_price":"","df_regular_price":"","df_image_link":"https:\/\/koningdrone.be\/wp-content\/uploads\/sites\/13\/2025\/04\/ecoflow-800w-alternator-charger-20240521-300x300.jpg","_links":{"self":[{"href":"https:\/\/koningdrone.be\/de\/wp-json\/wp\/v2\/product\/2551","targetHints":{"allow":["GET"]}}],"collection":[{"href":"https:\/\/koningdrone.be\/de\/wp-json\/wp\/v2\/product"}],"about":[{"href":"https:\/\/koningdrone.be\/de\/wp-json\/wp\/v2\/types\/product"}],"wp:featuredmedia":[{"embeddable":true,"href":"https:\/\/koningdrone.be\/de\/wp-json\/wp\/v2\/media\/2545"}],"wp:attachment":[{"href":"https:\/\/koningdrone.be\/de\/wp-json\/wp\/v2\/media?parent=2551"}],"wp:term":[{"taxonomy":"product_brand","embeddable":true,"href":"https:\/\/koningdrone.be\/de\/wp-json\/wp\/v2\/product_brand?post=2551"},{"taxonomy":"product_cat","embeddable":true,"href":"https:\/\/koningdrone.be\/de\/wp-json\/wp\/v2\/product_cat?post=2551"},{"taxonomy":"product_tag","embeddable":true,"href":"https:\/\/koningdrone.be\/de\/wp-json\/wp\/v2\/product_tag?post=2551"}],"curies":[{"name":"wp","href":"https:\/\/api.w.org\/{rel}","templated":true}]}}