{"id":2523,"date":"2024-09-18T10:27:48","date_gmt":"2024-09-18T08:27:48","guid":{"rendered":"https:\/\/koningdrone.nl\/kon\/product\/ronin-2-professional-combo\/"},"modified":"2026-04-29T12:50:44","modified_gmt":"2026-04-29T10:50:44","slug":"ronin-2-professional-combo","status":"publish","type":"product","link":"https:\/\/koningdrone.be\/de\/produkt\/ronin-2-professional-combo\/","title":{"rendered":"Ronin 2 Profi-Kombi"},"content":{"rendered":"<p>Der Ronin 2 Professional Combo ist ein High-End-Kamerastabilisierungssystem, das f\u00fcr professionelle Filmemacher entwickelt wurde. Es bietet eine fortschrittliche Stabilisierung f\u00fcr eine Reihe von Kameras und sorgt f\u00fcr gleichm\u00e4\u00dfige und stabile Bilder auch unter dynamischen Aufnahmebedingungen.<\/p>","protected":false},"excerpt":{"rendered":"<ul>\n<li>Das vielseitigste professionelle 3-Achsen-Stabilisierungssystem<\/li>\n<li>Monocoque-Rahmen aus Kohlefaser<\/li>\n<li>Drehmomentstarke Motoren unterst\u00fctzen Kameras bis zu 30 lbs<\/li>\n<li>Feinabstimmung der Auswuchtung f\u00fcr pr\u00e4zise Kontrolle<\/li>\n<li>Selbstaufheizende Hot-Swap-Batterien<\/li>\n<li>Onboard-Netzteil f\u00fcr Kamera und Zubeh\u00f6r<\/li>\n<li>Integrierte Kamerasteuerung<\/li>\n<li>Eingebautes GPS und kompatibel mit DJI A3 Flight Controller<\/li>\n<\/ul>","protected":false},"featured_media":2520,"template":"","meta":{"_acf_changed":false},"product_brand":[],"product_cat":[315,410,97,265,411],"product_tag":[],"class_list":{"0":"post-2523","1":"product","2":"type-product","3":"status-publish","4":"has-post-thumbnail","6":"product_cat-alle-gimbals-en-cameras","7":"product_cat-alle-handheld-gimbals","8":"product_cat-alle-producten","9":"product_cat-dji-ronin","10":"product_cat-dji-ronin-2","11":"product_shipping_class-outofstock","12":"pa_brand-dji","13":"pa_productfamily-camerastabilisatiesysteem","14":"pa_producttype-camerastabilisatiesysteem","15":"pa_series-ronin-2","17":"first","18":"outofstock","19":"taxable","20":"shipping-taxable","21":"product-type-simple"},"acf":[],"yoast_head":"<!-- This site is optimized with the Yoast SEO Premium plugin v27.2 (Yoast SEO v27.2) - https:\/\/yoast.com\/product\/yoast-seo-premium-wordpress\/ -->\n<title>Ronin 2 Professional Combo - koningdrone.be<\/title>\n<meta name=\"robots\" content=\"index, follow, max-snippet:-1, max-image-preview:large, max-video-preview:-1\" \/>\n<link rel=\"canonical\" href=\"https:\/\/koningdrone.be\/de\/produkt\/ronin-2-professional-combo\/\" \/>\n<meta property=\"og:locale\" content=\"de_DE\" \/>\n<meta property=\"og:type\" content=\"article\" \/>\n<meta property=\"og:title\" content=\"Ronin 2 Professional Combo\" \/>\n<meta property=\"og:description\" content=\"Meest veelzijdige professionele 3-assige stabilisatiesysteemMonocoque koolstofvezel frameontwerpMotoren met hoog koppel ondersteunen camera&#039;s tot 30 lbsFijn afgestelde balancering voor precisieregelingZelfverwarmende hot-swappable batterijenVoeding aan boord voor camera en accessoiresGe\u00efntegreerde camerabedieningIngebouwde GPS &amp; compatibel met DJI A3 Flight Controller\" \/>\n<meta property=\"og:url\" content=\"https:\/\/koningdrone.be\/de\/produkt\/ronin-2-professional-combo\/\" \/>\n<meta property=\"og:site_name\" content=\"koningdrone.be\" \/>\n<meta property=\"article:modified_time\" content=\"2026-04-29T10:50:44+00:00\" \/>\n<meta property=\"og:image\" content=\"https:\/\/koningdrone.be\/wp-content\/uploads\/sites\/13\/2025\/04\/a6a722e5-ba13-4f31-aa58-ea52807b9365.jpg\" \/>\n\t<meta property=\"og:image:width\" content=\"1200\" \/>\n\t<meta property=\"og:image:height\" content=\"800\" \/>\n\t<meta property=\"og:image:type\" content=\"image\/jpeg\" \/>\n<meta name=\"twitter:card\" content=\"summary_large_image\" \/>\n<script type=\"application\/ld+json\" class=\"yoast-schema-graph\">{\"@context\":\"https:\/\/schema.org\",\"@graph\":[{\"@type\":\"WebPage\",\"@id\":\"https:\/\/koningdrone.be\/product\/ronin-2-professional-combo\/\",\"url\":\"https:\/\/koningdrone.be\/product\/ronin-2-professional-combo\/\",\"name\":\"Ronin 2 Professional Combo - koningdrone.be\",\"isPartOf\":{\"@id\":\"https:\/\/koningdrone.be\/#website\"},\"primaryImageOfPage\":{\"@id\":\"https:\/\/koningdrone.be\/product\/ronin-2-professional-combo\/#primaryimage\"},\"image\":{\"@id\":\"https:\/\/koningdrone.be\/product\/ronin-2-professional-combo\/#primaryimage\"},\"thumbnailUrl\":\"https:\/\/koningdrone.be\/wp-content\/uploads\/sites\/13\/2025\/04\/a6a722e5-ba13-4f31-aa58-ea52807b9365.jpg\",\"datePublished\":\"2024-09-18T08:27:48+00:00\",\"dateModified\":\"2026-04-29T10:50:44+00:00\",\"breadcrumb\":{\"@id\":\"https:\/\/koningdrone.be\/product\/ronin-2-professional-combo\/#breadcrumb\"},\"inLanguage\":\"de\",\"potentialAction\":[{\"@type\":\"ReadAction\",\"target\":[\"https:\/\/koningdrone.be\/product\/ronin-2-professional-combo\/\"]}]},{\"@type\":\"ImageObject\",\"inLanguage\":\"de\",\"@id\":\"https:\/\/koningdrone.be\/product\/ronin-2-professional-combo\/#primaryimage\",\"url\":\"https:\/\/koningdrone.be\/wp-content\/uploads\/sites\/13\/2025\/04\/a6a722e5-ba13-4f31-aa58-ea52807b9365.jpg\",\"contentUrl\":\"https:\/\/koningdrone.be\/wp-content\/uploads\/sites\/13\/2025\/04\/a6a722e5-ba13-4f31-aa58-ea52807b9365.jpg\",\"width\":1200,\"height\":800},{\"@type\":\"BreadcrumbList\",\"@id\":\"https:\/\/koningdrone.be\/product\/ronin-2-professional-combo\/#breadcrumb\",\"itemListElement\":[{\"@type\":\"ListItem\",\"position\":1,\"name\":\"Home\",\"item\":\"https:\/\/koningdrone.be\/\"},{\"@type\":\"ListItem\",\"position\":2,\"name\":\"AVSS Parachute Recovery System for DJI Matrice 300\/350\",\"item\":\"https:\/\/koningdrone.be\/product\/avss-parachute-recovery-system-for-dji-matrice-300-350\/\"},{\"@type\":\"ListItem\",\"position\":3,\"name\":\"Alle gimbals en cameras\",\"item\":\"https:\/\/koningdrone.be\/categorie\/alle-gimbals-en-cameras\/\"},{\"@type\":\"ListItem\",\"position\":4,\"name\":\"Ronin 2 Professional Combo\"}]},{\"@type\":\"WebSite\",\"@id\":\"https:\/\/koningdrone.be\/#website\",\"url\":\"https:\/\/koningdrone.be\/\",\"name\":\"Koningdrone.be - Uw online specialist in drones, gimbals, camera's en power stations.\",\"description\":\"De webshop in drones en gimbals\",\"publisher\":{\"@id\":\"https:\/\/koningdrone.be\/#organization\"},\"potentialAction\":[{\"@type\":\"SearchAction\",\"target\":{\"@type\":\"EntryPoint\",\"urlTemplate\":\"https:\/\/koningdrone.be\/?s={search_term_string}\"},\"query-input\":{\"@type\":\"PropertyValueSpecification\",\"valueRequired\":true,\"valueName\":\"search_term_string\"}}],\"inLanguage\":\"de\"},{\"@type\":\"Organization\",\"@id\":\"https:\/\/koningdrone.be\/#organization\",\"name\":\"Koningdrone.be\",\"url\":\"https:\/\/koningdrone.be\/\",\"logo\":{\"@type\":\"ImageObject\",\"inLanguage\":\"de\",\"@id\":\"https:\/\/koningdrone.be\/#\/schema\/logo\/image\/\",\"url\":\"https:\/\/koningdrone.be\/wp-content\/uploads\/sites\/13\/2025\/04\/koningdrone-copyright-logo.svg\",\"contentUrl\":\"https:\/\/koningdrone.be\/wp-content\/uploads\/sites\/13\/2025\/04\/koningdrone-copyright-logo.svg\",\"width\":227,\"height\":38,\"caption\":\"Koningdrone.be\"},\"image\":{\"@id\":\"https:\/\/koningdrone.be\/#\/schema\/logo\/image\/\"}}]}<\/script>\n<!-- \/ Yoast SEO Premium plugin. -->","yoast_head_json":{"title":"Ronin 2 Professional Combo - koningdrone.be","robots":{"index":"index","follow":"follow","max-snippet":"max-snippet:-1","max-image-preview":"max-image-preview:large","max-video-preview":"max-video-preview:-1"},"canonical":"https:\/\/koningdrone.be\/de\/produkt\/ronin-2-professional-combo\/","og_locale":"de_DE","og_type":"article","og_title":"Ronin 2 Professional Combo","og_description":"Meest veelzijdige professionele 3-assige stabilisatiesysteemMonocoque koolstofvezel frameontwerpMotoren met hoog koppel ondersteunen camera's tot 30 lbsFijn afgestelde balancering voor precisieregelingZelfverwarmende hot-swappable batterijenVoeding aan boord voor camera en accessoiresGe\u00efntegreerde camerabedieningIngebouwde GPS &amp; compatibel met DJI A3 Flight Controller","og_url":"https:\/\/koningdrone.be\/de\/produkt\/ronin-2-professional-combo\/","og_site_name":"koningdrone.be","article_modified_time":"2026-04-29T10:50:44+00:00","og_image":[{"width":1200,"height":800,"url":"https:\/\/koningdrone.be\/wp-content\/uploads\/sites\/13\/2025\/04\/a6a722e5-ba13-4f31-aa58-ea52807b9365.jpg","type":"image\/jpeg"}],"twitter_card":"summary_large_image","schema":{"@context":"https:\/\/schema.org","@graph":[{"@type":"WebPage","@id":"https:\/\/koningdrone.be\/product\/ronin-2-professional-combo\/","url":"https:\/\/koningdrone.be\/product\/ronin-2-professional-combo\/","name":"Ronin 2 Professional Combo - koningdrone.be","isPartOf":{"@id":"https:\/\/koningdrone.be\/#website"},"primaryImageOfPage":{"@id":"https:\/\/koningdrone.be\/product\/ronin-2-professional-combo\/#primaryimage"},"image":{"@id":"https:\/\/koningdrone.be\/product\/ronin-2-professional-combo\/#primaryimage"},"thumbnailUrl":"https:\/\/koningdrone.be\/wp-content\/uploads\/sites\/13\/2025\/04\/a6a722e5-ba13-4f31-aa58-ea52807b9365.jpg","datePublished":"2024-09-18T08:27:48+00:00","dateModified":"2026-04-29T10:50:44+00:00","breadcrumb":{"@id":"https:\/\/koningdrone.be\/product\/ronin-2-professional-combo\/#breadcrumb"},"inLanguage":"de","potentialAction":[{"@type":"ReadAction","target":["https:\/\/koningdrone.be\/product\/ronin-2-professional-combo\/"]}]},{"@type":"ImageObject","inLanguage":"de","@id":"https:\/\/koningdrone.be\/product\/ronin-2-professional-combo\/#primaryimage","url":"https:\/\/koningdrone.be\/wp-content\/uploads\/sites\/13\/2025\/04\/a6a722e5-ba13-4f31-aa58-ea52807b9365.jpg","contentUrl":"https:\/\/koningdrone.be\/wp-content\/uploads\/sites\/13\/2025\/04\/a6a722e5-ba13-4f31-aa58-ea52807b9365.jpg","width":1200,"height":800},{"@type":"BreadcrumbList","@id":"https:\/\/koningdrone.be\/product\/ronin-2-professional-combo\/#breadcrumb","itemListElement":[{"@type":"ListItem","position":1,"name":"Home","item":"https:\/\/koningdrone.be\/"},{"@type":"ListItem","position":2,"name":"AVSS Parachute Recovery System for DJI Matrice 300\/350","item":"https:\/\/koningdrone.be\/product\/avss-parachute-recovery-system-for-dji-matrice-300-350\/"},{"@type":"ListItem","position":3,"name":"Alle gimbals en cameras","item":"https:\/\/koningdrone.be\/categorie\/alle-gimbals-en-cameras\/"},{"@type":"ListItem","position":4,"name":"Ronin 2 Professional Combo"}]},{"@type":"WebSite","@id":"https:\/\/koningdrone.be\/#website","url":"https:\/\/koningdrone.be\/","name":"Koningdrone.be - Ihr Online-Spezialist f\u00fcr Drohnen, Gimbals, Kameras und Kraftwerke.","description":"Der Webshop f\u00fcr Drohnen und Gimbals","publisher":{"@id":"https:\/\/koningdrone.be\/#organization"},"potentialAction":[{"@type":"SearchAction","target":{"@type":"EntryPoint","urlTemplate":"https:\/\/koningdrone.be\/?s={search_term_string}"},"query-input":{"@type":"PropertyValueSpecification","valueRequired":true,"valueName":"search_term_string"}}],"inLanguage":"de"},{"@type":"Organization","@id":"https:\/\/koningdrone.be\/#organization","name":"Kingdrone.de","url":"https:\/\/koningdrone.be\/","logo":{"@type":"ImageObject","inLanguage":"de","@id":"https:\/\/koningdrone.be\/#\/schema\/logo\/image\/","url":"https:\/\/koningdrone.be\/wp-content\/uploads\/sites\/13\/2025\/04\/koningdrone-copyright-logo.svg","contentUrl":"https:\/\/koningdrone.be\/wp-content\/uploads\/sites\/13\/2025\/04\/koningdrone-copyright-logo.svg","width":227,"height":38,"caption":"Koningdrone.be"},"image":{"@id":"https:\/\/koningdrone.be\/#\/schema\/logo\/image\/"}}]}},"df_price":"","df_sale_price":"","df_regular_price":"","df_image_link":"https:\/\/koningdrone.be\/wp-content\/uploads\/sites\/13\/2025\/04\/a6a722e5-ba13-4f31-aa58-ea52807b9365-300x200.jpg","_links":{"self":[{"href":"https:\/\/koningdrone.be\/de\/wp-json\/wp\/v2\/product\/2523","targetHints":{"allow":["GET"]}}],"collection":[{"href":"https:\/\/koningdrone.be\/de\/wp-json\/wp\/v2\/product"}],"about":[{"href":"https:\/\/koningdrone.be\/de\/wp-json\/wp\/v2\/types\/product"}],"wp:featuredmedia":[{"embeddable":true,"href":"https:\/\/koningdrone.be\/de\/wp-json\/wp\/v2\/media\/2520"}],"wp:attachment":[{"href":"https:\/\/koningdrone.be\/de\/wp-json\/wp\/v2\/media?parent=2523"}],"wp:term":[{"taxonomy":"product_brand","embeddable":true,"href":"https:\/\/koningdrone.be\/de\/wp-json\/wp\/v2\/product_brand?post=2523"},{"taxonomy":"product_cat","embeddable":true,"href":"https:\/\/koningdrone.be\/de\/wp-json\/wp\/v2\/product_cat?post=2523"},{"taxonomy":"product_tag","embeddable":true,"href":"https:\/\/koningdrone.be\/de\/wp-json\/wp\/v2\/product_tag?post=2523"}],"curies":[{"name":"wp","href":"https:\/\/api.w.org\/{rel}","templated":true}]}}