{"id":2490,"date":"2024-09-18T10:28:18","date_gmt":"2024-09-18T08:28:18","guid":{"rendered":"https:\/\/koningdrone.nl\/kon\/product\/insta360-x3-chest-strap\/"},"modified":"2026-05-01T04:50:07","modified_gmt":"2026-05-01T02:50:07","slug":"insta360-x3-chest-strap","status":"publish","type":"product","link":"https:\/\/koningdrone.be\/de\/produkt\/insta360-x3-chest-strap\/","title":{"rendered":"Insta360 X3-Brustgurt"},"content":{"rendered":"<p>Der Insta360-Brustgurt ist eine vielseitige und bequeme Befestigungsl\u00f6sung f\u00fcr die Aufnahme immersiver POV-Aufnahmen. Dieser Brustgurt ist ideal f\u00fcr Sport- und Abenteuerbegeisterte. Er h\u00e4lt Ihre Insta360-Kamera sicher auf Brusth\u00f6he und erm\u00f6glicht so freih\u00e4ndiges Filmen und eine stabile, fesselnde Perspektive. Das verstellbare Design sorgt f\u00fcr einen passgenauen Sitz f\u00fcr verschiedene K\u00f6rpertypen und ist somit perfekt f\u00fcr dynamische Aktivit\u00e4ten. Der strapazierf\u00e4hige und einfach zu bedienende Brustgurt verbessert Ihr Aufnahmeerlebnis, indem er eine stabile und eindringliche Perspektive bietet.<\/p>","protected":false},"excerpt":{"rendered":"<ul>\n<li>Schie\u00dfen Sie epische Ego-Shootings v\u00f6llig freih\u00e4ndig.<\/li>\n<li>Verstellbares und bequemes, rutschfestes Design.<\/li>\n<li>Der GO 3\/GO 3S muss mit der Schnellspannvorrichtung montiert werden.<\/li>\n<li>GO 2 muss mit dem Action Mount Adapter montiert werden.<\/li>\n<li>Insta360 bietet keine Rechtsberatung an. Motorradfahrer sollten sich von Fachleuten \u00fcber Stra\u00dfennutzung und Verkehrsgesetze beraten lassen. Befolgen Sie immer die \u00f6rtlichen Gesetze und Vorschriften, wenn Sie Insta360-Produkte verwenden. Insta360 ist nicht haftbar f\u00fcr rechtliche Probleme, die aus der unsachgem\u00e4\u00dfen Verwendung seiner Produkte entstehen k\u00f6nnen.<\/li>\n<\/ul>","protected":false},"featured_media":2486,"template":"","meta":{"_acf_changed":false},"product_brand":[],"product_cat":[97,343],"product_tag":[],"class_list":{"0":"post-2490","1":"product","2":"type-product","3":"status-publish","4":"has-post-thumbnail","6":"product_cat-alle-producten","7":"product_cat-insta360","8":"product_shipping_class-europafotoall","9":"pa_brand-insta360","10":"pa_productfamily-borstband","11":"pa_producttype-borstband","12":"pa_series-insta360-go","14":"first","15":"instock","16":"taxable","17":"shipping-taxable","18":"purchasable","19":"product-type-simple"},"acf":[],"yoast_head":"<!-- This site is optimized with the Yoast SEO Premium plugin v27.2 (Yoast SEO v27.2) - https:\/\/yoast.com\/product\/yoast-seo-premium-wordpress\/ -->\n<title>Insta360 X3 Chest Strap - koningdrone.be<\/title>\n<meta name=\"robots\" content=\"index, follow, max-snippet:-1, max-image-preview:large, max-video-preview:-1\" \/>\n<link rel=\"canonical\" href=\"https:\/\/koningdrone.be\/de\/produkt\/insta360-x3-chest-strap\/\" \/>\n<meta property=\"og:locale\" content=\"de_DE\" \/>\n<meta property=\"og:type\" content=\"article\" \/>\n<meta property=\"og:title\" content=\"Insta360 X3 Chest Strap\" \/>\n<meta property=\"og:description\" content=\"Maak volledig handsfree epische opnamen van de eerste persoon.Verstelbaar en comfortabel antislipontwerp.GO 3\/GO 3S moet worden gemonteerd met de snelkoppelingsbevestiging.GO 2 moet worden gemonteerd met de Action Mount Adapter.Insta360 geeft geen juridisch advies. Motorrijders moeten professionals raadplegen voor advies over weggebruik en verkeerswetgeving. Volg altijd de lokale wet- en regelgeving bij het gebruik van Insta360 producten. Insta360 is niet aansprakelijk voor juridische kwesties die kunnen voortvloeien uit onjuist gebruik van haar producten.\" \/>\n<meta property=\"og:url\" content=\"https:\/\/koningdrone.be\/de\/produkt\/insta360-x3-chest-strap\/\" \/>\n<meta property=\"og:site_name\" content=\"koningdrone.be\" \/>\n<meta property=\"article:modified_time\" content=\"2026-05-01T02:50:07+00:00\" \/>\n<meta property=\"og:image\" content=\"https:\/\/koningdrone.be\/wp-content\/uploads\/sites\/13\/2025\/04\/2673_603de242-1fbe-46b1-8168-f15afe24b89f.webp\" \/>\n\t<meta property=\"og:image:width\" content=\"1280\" \/>\n\t<meta property=\"og:image:height\" content=\"1280\" \/>\n\t<meta property=\"og:image:type\" content=\"image\/webp\" \/>\n<meta name=\"twitter:card\" content=\"summary_large_image\" \/>\n<script type=\"application\/ld+json\" class=\"yoast-schema-graph\">{\"@context\":\"https:\/\/schema.org\",\"@graph\":[{\"@type\":\"WebPage\",\"@id\":\"https:\/\/koningdrone.be\/product\/insta360-x3-chest-strap\/\",\"url\":\"https:\/\/koningdrone.be\/product\/insta360-x3-chest-strap\/\",\"name\":\"Insta360 X3 Chest Strap - koningdrone.be\",\"isPartOf\":{\"@id\":\"https:\/\/koningdrone.be\/#website\"},\"primaryImageOfPage\":{\"@id\":\"https:\/\/koningdrone.be\/product\/insta360-x3-chest-strap\/#primaryimage\"},\"image\":{\"@id\":\"https:\/\/koningdrone.be\/product\/insta360-x3-chest-strap\/#primaryimage\"},\"thumbnailUrl\":\"https:\/\/koningdrone.be\/wp-content\/uploads\/sites\/13\/2025\/04\/2673_603de242-1fbe-46b1-8168-f15afe24b89f.webp\",\"datePublished\":\"2024-09-18T08:28:18+00:00\",\"dateModified\":\"2026-05-01T02:50:07+00:00\",\"breadcrumb\":{\"@id\":\"https:\/\/koningdrone.be\/product\/insta360-x3-chest-strap\/#breadcrumb\"},\"inLanguage\":\"de\",\"potentialAction\":[{\"@type\":\"ReadAction\",\"target\":[\"https:\/\/koningdrone.be\/product\/insta360-x3-chest-strap\/\"]}]},{\"@type\":\"ImageObject\",\"inLanguage\":\"de\",\"@id\":\"https:\/\/koningdrone.be\/product\/insta360-x3-chest-strap\/#primaryimage\",\"url\":\"https:\/\/koningdrone.be\/wp-content\/uploads\/sites\/13\/2025\/04\/2673_603de242-1fbe-46b1-8168-f15afe24b89f.webp\",\"contentUrl\":\"https:\/\/koningdrone.be\/wp-content\/uploads\/sites\/13\/2025\/04\/2673_603de242-1fbe-46b1-8168-f15afe24b89f.webp\",\"width\":1280,\"height\":1280},{\"@type\":\"BreadcrumbList\",\"@id\":\"https:\/\/koningdrone.be\/product\/insta360-x3-chest-strap\/#breadcrumb\",\"itemListElement\":[{\"@type\":\"ListItem\",\"position\":1,\"name\":\"Home\",\"item\":\"https:\/\/koningdrone.be\/\"},{\"@type\":\"ListItem\",\"position\":2,\"name\":\"AVSS Parachute Recovery System for DJI Matrice 300\/350\",\"item\":\"https:\/\/koningdrone.be\/product\/avss-parachute-recovery-system-for-dji-matrice-300-350\/\"},{\"@type\":\"ListItem\",\"position\":3,\"name\":\"Alle producten\",\"item\":\"https:\/\/koningdrone.be\/categorie\/alle-producten\/\"},{\"@type\":\"ListItem\",\"position\":4,\"name\":\"Insta360 X3 Chest Strap\"}]},{\"@type\":\"WebSite\",\"@id\":\"https:\/\/koningdrone.be\/#website\",\"url\":\"https:\/\/koningdrone.be\/\",\"name\":\"Koningdrone.be - Uw online specialist in drones, gimbals, camera's en power stations.\",\"description\":\"De webshop in drones en gimbals\",\"publisher\":{\"@id\":\"https:\/\/koningdrone.be\/#organization\"},\"potentialAction\":[{\"@type\":\"SearchAction\",\"target\":{\"@type\":\"EntryPoint\",\"urlTemplate\":\"https:\/\/koningdrone.be\/?s={search_term_string}\"},\"query-input\":{\"@type\":\"PropertyValueSpecification\",\"valueRequired\":true,\"valueName\":\"search_term_string\"}}],\"inLanguage\":\"de\"},{\"@type\":\"Organization\",\"@id\":\"https:\/\/koningdrone.be\/#organization\",\"name\":\"Koningdrone.be\",\"url\":\"https:\/\/koningdrone.be\/\",\"logo\":{\"@type\":\"ImageObject\",\"inLanguage\":\"de\",\"@id\":\"https:\/\/koningdrone.be\/#\/schema\/logo\/image\/\",\"url\":\"https:\/\/koningdrone.be\/wp-content\/uploads\/sites\/13\/2025\/04\/koningdrone-copyright-logo.svg\",\"contentUrl\":\"https:\/\/koningdrone.be\/wp-content\/uploads\/sites\/13\/2025\/04\/koningdrone-copyright-logo.svg\",\"width\":227,\"height\":38,\"caption\":\"Koningdrone.be\"},\"image\":{\"@id\":\"https:\/\/koningdrone.be\/#\/schema\/logo\/image\/\"}}]}<\/script>\n<!-- \/ Yoast SEO Premium plugin. -->","yoast_head_json":{"title":"Insta360 X3 Chest Strap - koningdrone.be","robots":{"index":"index","follow":"follow","max-snippet":"max-snippet:-1","max-image-preview":"max-image-preview:large","max-video-preview":"max-video-preview:-1"},"canonical":"https:\/\/koningdrone.be\/de\/produkt\/insta360-x3-chest-strap\/","og_locale":"de_DE","og_type":"article","og_title":"Insta360 X3 Chest Strap","og_description":"Maak volledig handsfree epische opnamen van de eerste persoon.Verstelbaar en comfortabel antislipontwerp.GO 3\/GO 3S moet worden gemonteerd met de snelkoppelingsbevestiging.GO 2 moet worden gemonteerd met de Action Mount Adapter.Insta360 geeft geen juridisch advies. Motorrijders moeten professionals raadplegen voor advies over weggebruik en verkeerswetgeving. Volg altijd de lokale wet- en regelgeving bij het gebruik van Insta360 producten. Insta360 is niet aansprakelijk voor juridische kwesties die kunnen voortvloeien uit onjuist gebruik van haar producten.","og_url":"https:\/\/koningdrone.be\/de\/produkt\/insta360-x3-chest-strap\/","og_site_name":"koningdrone.be","article_modified_time":"2026-05-01T02:50:07+00:00","og_image":[{"width":1280,"height":1280,"url":"https:\/\/koningdrone.be\/wp-content\/uploads\/sites\/13\/2025\/04\/2673_603de242-1fbe-46b1-8168-f15afe24b89f.webp","type":"image\/webp"}],"twitter_card":"summary_large_image","schema":{"@context":"https:\/\/schema.org","@graph":[{"@type":"WebPage","@id":"https:\/\/koningdrone.be\/product\/insta360-x3-chest-strap\/","url":"https:\/\/koningdrone.be\/product\/insta360-x3-chest-strap\/","name":"Insta360 X3 Chest Strap - koningdrone.be","isPartOf":{"@id":"https:\/\/koningdrone.be\/#website"},"primaryImageOfPage":{"@id":"https:\/\/koningdrone.be\/product\/insta360-x3-chest-strap\/#primaryimage"},"image":{"@id":"https:\/\/koningdrone.be\/product\/insta360-x3-chest-strap\/#primaryimage"},"thumbnailUrl":"https:\/\/koningdrone.be\/wp-content\/uploads\/sites\/13\/2025\/04\/2673_603de242-1fbe-46b1-8168-f15afe24b89f.webp","datePublished":"2024-09-18T08:28:18+00:00","dateModified":"2026-05-01T02:50:07+00:00","breadcrumb":{"@id":"https:\/\/koningdrone.be\/product\/insta360-x3-chest-strap\/#breadcrumb"},"inLanguage":"de","potentialAction":[{"@type":"ReadAction","target":["https:\/\/koningdrone.be\/product\/insta360-x3-chest-strap\/"]}]},{"@type":"ImageObject","inLanguage":"de","@id":"https:\/\/koningdrone.be\/product\/insta360-x3-chest-strap\/#primaryimage","url":"https:\/\/koningdrone.be\/wp-content\/uploads\/sites\/13\/2025\/04\/2673_603de242-1fbe-46b1-8168-f15afe24b89f.webp","contentUrl":"https:\/\/koningdrone.be\/wp-content\/uploads\/sites\/13\/2025\/04\/2673_603de242-1fbe-46b1-8168-f15afe24b89f.webp","width":1280,"height":1280},{"@type":"BreadcrumbList","@id":"https:\/\/koningdrone.be\/product\/insta360-x3-chest-strap\/#breadcrumb","itemListElement":[{"@type":"ListItem","position":1,"name":"Home","item":"https:\/\/koningdrone.be\/"},{"@type":"ListItem","position":2,"name":"AVSS Parachute Recovery System for DJI Matrice 300\/350","item":"https:\/\/koningdrone.be\/product\/avss-parachute-recovery-system-for-dji-matrice-300-350\/"},{"@type":"ListItem","position":3,"name":"Alle producten","item":"https:\/\/koningdrone.be\/categorie\/alle-producten\/"},{"@type":"ListItem","position":4,"name":"Insta360 X3 Chest Strap"}]},{"@type":"WebSite","@id":"https:\/\/koningdrone.be\/#website","url":"https:\/\/koningdrone.be\/","name":"Koningdrone.be - Ihr Online-Spezialist f\u00fcr Drohnen, Gimbals, Kameras und Kraftwerke.","description":"Der Webshop f\u00fcr Drohnen und Gimbals","publisher":{"@id":"https:\/\/koningdrone.be\/#organization"},"potentialAction":[{"@type":"SearchAction","target":{"@type":"EntryPoint","urlTemplate":"https:\/\/koningdrone.be\/?s={search_term_string}"},"query-input":{"@type":"PropertyValueSpecification","valueRequired":true,"valueName":"search_term_string"}}],"inLanguage":"de"},{"@type":"Organization","@id":"https:\/\/koningdrone.be\/#organization","name":"Kingdrone.de","url":"https:\/\/koningdrone.be\/","logo":{"@type":"ImageObject","inLanguage":"de","@id":"https:\/\/koningdrone.be\/#\/schema\/logo\/image\/","url":"https:\/\/koningdrone.be\/wp-content\/uploads\/sites\/13\/2025\/04\/koningdrone-copyright-logo.svg","contentUrl":"https:\/\/koningdrone.be\/wp-content\/uploads\/sites\/13\/2025\/04\/koningdrone-copyright-logo.svg","width":227,"height":38,"caption":"Koningdrone.be"},"image":{"@id":"https:\/\/koningdrone.be\/#\/schema\/logo\/image\/"}}]}},"df_price":32,"df_sale_price":"","df_regular_price":32,"df_image_link":"https:\/\/koningdrone.be\/wp-content\/uploads\/sites\/13\/2025\/04\/2673_603de242-1fbe-46b1-8168-f15afe24b89f-300x300.webp","_links":{"self":[{"href":"https:\/\/koningdrone.be\/de\/wp-json\/wp\/v2\/product\/2490","targetHints":{"allow":["GET"]}}],"collection":[{"href":"https:\/\/koningdrone.be\/de\/wp-json\/wp\/v2\/product"}],"about":[{"href":"https:\/\/koningdrone.be\/de\/wp-json\/wp\/v2\/types\/product"}],"wp:featuredmedia":[{"embeddable":true,"href":"https:\/\/koningdrone.be\/de\/wp-json\/wp\/v2\/media\/2486"}],"wp:attachment":[{"href":"https:\/\/koningdrone.be\/de\/wp-json\/wp\/v2\/media?parent=2490"}],"wp:term":[{"taxonomy":"product_brand","embeddable":true,"href":"https:\/\/koningdrone.be\/de\/wp-json\/wp\/v2\/product_brand?post=2490"},{"taxonomy":"product_cat","embeddable":true,"href":"https:\/\/koningdrone.be\/de\/wp-json\/wp\/v2\/product_cat?post=2490"},{"taxonomy":"product_tag","embeddable":true,"href":"https:\/\/koningdrone.be\/de\/wp-json\/wp\/v2\/product_tag?post=2490"}],"curies":[{"name":"wp","href":"https:\/\/api.w.org\/{rel}","templated":true}]}}