{"id":2485,"date":"2024-09-18T10:28:18","date_gmt":"2024-09-18T08:28:18","guid":{"rendered":"https:\/\/koningdrone.nl\/kon\/product\/insta360-head-strap\/"},"modified":"2026-04-30T11:20:17","modified_gmt":"2026-04-30T09:20:17","slug":"insta360-head-strap","status":"publish","type":"product","link":"https:\/\/koningdrone.be\/de\/produkt\/insta360-head-strap\/","title":{"rendered":"Insta360 Kopfgurt"},"content":{"rendered":"<p>Das Insta360 Headband ist ein vielseitiges Zubeh\u00f6r, das f\u00fcr freih\u00e4ndiges Filmen mit Insta360 Kameras entwickelt wurde. Das verstellbare Design passt sich verschiedenen Kopfgr\u00f6\u00dfen an und bietet Komfort und Stabilit\u00e4t w\u00e4hrend der Verwendung. Das Kopfband ist aus strapazierf\u00e4higem und leichtem Material gefertigt und sorgt daf\u00fcr, dass Ihre Kamera an Ort und Stelle bleibt, w\u00e4hrend Sie immersive 360\u00b0-Aufnahmen machen. Dieser Gurt ist ideal f\u00fcr Actionsportarten und dynamische Aufnahmeszenarien und erm\u00f6glicht eine Reihe von kreativen Winkeln und Perspektiven, die es einfach machen, Ihre Aufnahmen zu verbessern.<\/p>","protected":false},"excerpt":{"rendered":"<ul>\n<li>Machen Sie epische First-Person-Aufnahmen ohne H\u00e4nde.<\/li>\n<li>Bequemes und einstellbares rutschfestes Design.<\/li>\n<li>Schlie\u00dfen Sie bis zu zwei Kameras an, um mehr von der Action einzufangen.<\/li>\n<li>Der GO 3\/GO 3S muss mit der Schnellwechselhalterung montiert werden.<\/li>\n<li>GO 2 muss mit dem Action Mount Adapter montiert werden.<\/li>\n<\/ul>","protected":false},"featured_media":2481,"template":"","meta":{"_acf_changed":false},"product_brand":[],"product_cat":[97,343],"product_tag":[],"class_list":{"0":"post-2485","1":"product","2":"type-product","3":"status-publish","4":"has-post-thumbnail","6":"product_cat-alle-producten","7":"product_cat-insta360","8":"product_shipping_class-outofstock","9":"pa_brand-insta360","10":"pa_productfamily-hoofdband","11":"pa_producttype-hoofdband","12":"pa_series-insta360-go","14":"first","15":"outofstock","16":"taxable","17":"shipping-taxable","18":"product-type-simple"},"acf":[],"yoast_head":"<!-- This site is optimized with the Yoast SEO Premium plugin v27.2 (Yoast SEO v27.2) - https:\/\/yoast.com\/product\/yoast-seo-premium-wordpress\/ -->\n<title>Insta360 Head Strap - koningdrone.be<\/title>\n<meta name=\"robots\" content=\"index, follow, max-snippet:-1, max-image-preview:large, max-video-preview:-1\" \/>\n<link rel=\"canonical\" href=\"https:\/\/koningdrone.be\/de\/produkt\/insta360-head-strap\/\" \/>\n<meta property=\"og:locale\" content=\"de_DE\" \/>\n<meta property=\"og:type\" content=\"article\" \/>\n<meta property=\"og:title\" content=\"Insta360 Head Strap\" \/>\n<meta property=\"og:description\" content=\"Maak handsfree epische opnamen van de eerste persoon.Comfortabel en verstelbaar antislipontwerp.Bevestig tot twee camera&#039;s om meer van de actie vast te leggen.GO 3\/GO 3S moet worden gemonteerd met de Quick Release Mount.GO 2 moet worden gemonteerd met de Action Mount Adapter.\" \/>\n<meta property=\"og:url\" content=\"https:\/\/koningdrone.be\/de\/produkt\/insta360-head-strap\/\" \/>\n<meta property=\"og:site_name\" content=\"koningdrone.be\" \/>\n<meta property=\"article:modified_time\" content=\"2026-04-30T09:20:17+00:00\" \/>\n<meta property=\"og:image\" content=\"https:\/\/koningdrone.be\/wp-content\/uploads\/sites\/13\/2025\/04\/Main-5.webp\" \/>\n\t<meta property=\"og:image:width\" content=\"780\" \/>\n\t<meta property=\"og:image:height\" content=\"780\" \/>\n\t<meta property=\"og:image:type\" content=\"image\/webp\" \/>\n<meta name=\"twitter:card\" content=\"summary_large_image\" \/>\n<script type=\"application\/ld+json\" class=\"yoast-schema-graph\">{\"@context\":\"https:\/\/schema.org\",\"@graph\":[{\"@type\":\"WebPage\",\"@id\":\"https:\/\/koningdrone.be\/product\/insta360-head-strap\/\",\"url\":\"https:\/\/koningdrone.be\/product\/insta360-head-strap\/\",\"name\":\"Insta360 Head Strap - koningdrone.be\",\"isPartOf\":{\"@id\":\"https:\/\/koningdrone.be\/#website\"},\"primaryImageOfPage\":{\"@id\":\"https:\/\/koningdrone.be\/product\/insta360-head-strap\/#primaryimage\"},\"image\":{\"@id\":\"https:\/\/koningdrone.be\/product\/insta360-head-strap\/#primaryimage\"},\"thumbnailUrl\":\"https:\/\/koningdrone.be\/wp-content\/uploads\/sites\/13\/2025\/04\/Main-5.webp\",\"datePublished\":\"2024-09-18T08:28:18+00:00\",\"dateModified\":\"2026-04-30T09:20:17+00:00\",\"breadcrumb\":{\"@id\":\"https:\/\/koningdrone.be\/product\/insta360-head-strap\/#breadcrumb\"},\"inLanguage\":\"de\",\"potentialAction\":[{\"@type\":\"ReadAction\",\"target\":[\"https:\/\/koningdrone.be\/product\/insta360-head-strap\/\"]}]},{\"@type\":\"ImageObject\",\"inLanguage\":\"de\",\"@id\":\"https:\/\/koningdrone.be\/product\/insta360-head-strap\/#primaryimage\",\"url\":\"https:\/\/koningdrone.be\/wp-content\/uploads\/sites\/13\/2025\/04\/Main-5.webp\",\"contentUrl\":\"https:\/\/koningdrone.be\/wp-content\/uploads\/sites\/13\/2025\/04\/Main-5.webp\",\"width\":780,\"height\":780},{\"@type\":\"BreadcrumbList\",\"@id\":\"https:\/\/koningdrone.be\/product\/insta360-head-strap\/#breadcrumb\",\"itemListElement\":[{\"@type\":\"ListItem\",\"position\":1,\"name\":\"Home\",\"item\":\"https:\/\/koningdrone.be\/\"},{\"@type\":\"ListItem\",\"position\":2,\"name\":\"AVSS Parachute Recovery System for DJI Matrice 300\/350\",\"item\":\"https:\/\/koningdrone.be\/product\/avss-parachute-recovery-system-for-dji-matrice-300-350\/\"},{\"@type\":\"ListItem\",\"position\":3,\"name\":\"Alle producten\",\"item\":\"https:\/\/koningdrone.be\/categorie\/alle-producten\/\"},{\"@type\":\"ListItem\",\"position\":4,\"name\":\"Insta360 Head Strap\"}]},{\"@type\":\"WebSite\",\"@id\":\"https:\/\/koningdrone.be\/#website\",\"url\":\"https:\/\/koningdrone.be\/\",\"name\":\"Koningdrone.be - Uw online specialist in drones, gimbals, camera's en power stations.\",\"description\":\"De webshop in drones en gimbals\",\"publisher\":{\"@id\":\"https:\/\/koningdrone.be\/#organization\"},\"potentialAction\":[{\"@type\":\"SearchAction\",\"target\":{\"@type\":\"EntryPoint\",\"urlTemplate\":\"https:\/\/koningdrone.be\/?s={search_term_string}\"},\"query-input\":{\"@type\":\"PropertyValueSpecification\",\"valueRequired\":true,\"valueName\":\"search_term_string\"}}],\"inLanguage\":\"de\"},{\"@type\":\"Organization\",\"@id\":\"https:\/\/koningdrone.be\/#organization\",\"name\":\"Koningdrone.be\",\"url\":\"https:\/\/koningdrone.be\/\",\"logo\":{\"@type\":\"ImageObject\",\"inLanguage\":\"de\",\"@id\":\"https:\/\/koningdrone.be\/#\/schema\/logo\/image\/\",\"url\":\"https:\/\/koningdrone.be\/wp-content\/uploads\/sites\/13\/2025\/04\/koningdrone-copyright-logo.svg\",\"contentUrl\":\"https:\/\/koningdrone.be\/wp-content\/uploads\/sites\/13\/2025\/04\/koningdrone-copyright-logo.svg\",\"width\":227,\"height\":38,\"caption\":\"Koningdrone.be\"},\"image\":{\"@id\":\"https:\/\/koningdrone.be\/#\/schema\/logo\/image\/\"}}]}<\/script>\n<!-- \/ Yoast SEO Premium plugin. -->","yoast_head_json":{"title":"Insta360 Head Strap - koningdrone.be","robots":{"index":"index","follow":"follow","max-snippet":"max-snippet:-1","max-image-preview":"max-image-preview:large","max-video-preview":"max-video-preview:-1"},"canonical":"https:\/\/koningdrone.be\/de\/produkt\/insta360-head-strap\/","og_locale":"de_DE","og_type":"article","og_title":"Insta360 Head Strap","og_description":"Maak handsfree epische opnamen van de eerste persoon.Comfortabel en verstelbaar antislipontwerp.Bevestig tot twee camera's om meer van de actie vast te leggen.GO 3\/GO 3S moet worden gemonteerd met de Quick Release Mount.GO 2 moet worden gemonteerd met de Action Mount Adapter.","og_url":"https:\/\/koningdrone.be\/de\/produkt\/insta360-head-strap\/","og_site_name":"koningdrone.be","article_modified_time":"2026-04-30T09:20:17+00:00","og_image":[{"width":780,"height":780,"url":"https:\/\/koningdrone.be\/wp-content\/uploads\/sites\/13\/2025\/04\/Main-5.webp","type":"image\/webp"}],"twitter_card":"summary_large_image","schema":{"@context":"https:\/\/schema.org","@graph":[{"@type":"WebPage","@id":"https:\/\/koningdrone.be\/product\/insta360-head-strap\/","url":"https:\/\/koningdrone.be\/product\/insta360-head-strap\/","name":"Insta360 Head Strap - koningdrone.be","isPartOf":{"@id":"https:\/\/koningdrone.be\/#website"},"primaryImageOfPage":{"@id":"https:\/\/koningdrone.be\/product\/insta360-head-strap\/#primaryimage"},"image":{"@id":"https:\/\/koningdrone.be\/product\/insta360-head-strap\/#primaryimage"},"thumbnailUrl":"https:\/\/koningdrone.be\/wp-content\/uploads\/sites\/13\/2025\/04\/Main-5.webp","datePublished":"2024-09-18T08:28:18+00:00","dateModified":"2026-04-30T09:20:17+00:00","breadcrumb":{"@id":"https:\/\/koningdrone.be\/product\/insta360-head-strap\/#breadcrumb"},"inLanguage":"de","potentialAction":[{"@type":"ReadAction","target":["https:\/\/koningdrone.be\/product\/insta360-head-strap\/"]}]},{"@type":"ImageObject","inLanguage":"de","@id":"https:\/\/koningdrone.be\/product\/insta360-head-strap\/#primaryimage","url":"https:\/\/koningdrone.be\/wp-content\/uploads\/sites\/13\/2025\/04\/Main-5.webp","contentUrl":"https:\/\/koningdrone.be\/wp-content\/uploads\/sites\/13\/2025\/04\/Main-5.webp","width":780,"height":780},{"@type":"BreadcrumbList","@id":"https:\/\/koningdrone.be\/product\/insta360-head-strap\/#breadcrumb","itemListElement":[{"@type":"ListItem","position":1,"name":"Home","item":"https:\/\/koningdrone.be\/"},{"@type":"ListItem","position":2,"name":"AVSS Parachute Recovery System for DJI Matrice 300\/350","item":"https:\/\/koningdrone.be\/product\/avss-parachute-recovery-system-for-dji-matrice-300-350\/"},{"@type":"ListItem","position":3,"name":"Alle producten","item":"https:\/\/koningdrone.be\/categorie\/alle-producten\/"},{"@type":"ListItem","position":4,"name":"Insta360 Head Strap"}]},{"@type":"WebSite","@id":"https:\/\/koningdrone.be\/#website","url":"https:\/\/koningdrone.be\/","name":"Koningdrone.be - Ihr Online-Spezialist f\u00fcr Drohnen, Gimbals, Kameras und Kraftwerke.","description":"Der Webshop f\u00fcr Drohnen und Gimbals","publisher":{"@id":"https:\/\/koningdrone.be\/#organization"},"potentialAction":[{"@type":"SearchAction","target":{"@type":"EntryPoint","urlTemplate":"https:\/\/koningdrone.be\/?s={search_term_string}"},"query-input":{"@type":"PropertyValueSpecification","valueRequired":true,"valueName":"search_term_string"}}],"inLanguage":"de"},{"@type":"Organization","@id":"https:\/\/koningdrone.be\/#organization","name":"Kingdrone.de","url":"https:\/\/koningdrone.be\/","logo":{"@type":"ImageObject","inLanguage":"de","@id":"https:\/\/koningdrone.be\/#\/schema\/logo\/image\/","url":"https:\/\/koningdrone.be\/wp-content\/uploads\/sites\/13\/2025\/04\/koningdrone-copyright-logo.svg","contentUrl":"https:\/\/koningdrone.be\/wp-content\/uploads\/sites\/13\/2025\/04\/koningdrone-copyright-logo.svg","width":227,"height":38,"caption":"Koningdrone.be"},"image":{"@id":"https:\/\/koningdrone.be\/#\/schema\/logo\/image\/"}}]}},"df_price":"","df_sale_price":"","df_regular_price":"","df_image_link":"https:\/\/koningdrone.be\/wp-content\/uploads\/sites\/13\/2025\/04\/Main-5-300x300.webp","_links":{"self":[{"href":"https:\/\/koningdrone.be\/de\/wp-json\/wp\/v2\/product\/2485","targetHints":{"allow":["GET"]}}],"collection":[{"href":"https:\/\/koningdrone.be\/de\/wp-json\/wp\/v2\/product"}],"about":[{"href":"https:\/\/koningdrone.be\/de\/wp-json\/wp\/v2\/types\/product"}],"wp:featuredmedia":[{"embeddable":true,"href":"https:\/\/koningdrone.be\/de\/wp-json\/wp\/v2\/media\/2481"}],"wp:attachment":[{"href":"https:\/\/koningdrone.be\/de\/wp-json\/wp\/v2\/media?parent=2485"}],"wp:term":[{"taxonomy":"product_brand","embeddable":true,"href":"https:\/\/koningdrone.be\/de\/wp-json\/wp\/v2\/product_brand?post=2485"},{"taxonomy":"product_cat","embeddable":true,"href":"https:\/\/koningdrone.be\/de\/wp-json\/wp\/v2\/product_cat?post=2485"},{"taxonomy":"product_tag","embeddable":true,"href":"https:\/\/koningdrone.be\/de\/wp-json\/wp\/v2\/product_tag?post=2485"}],"curies":[{"name":"wp","href":"https:\/\/api.w.org\/{rel}","templated":true}]}}