{"id":2430,"date":"2024-09-18T10:28:59","date_gmt":"2024-09-18T08:28:59","guid":{"rendered":"https:\/\/koningdrone.nl\/kon\/product\/insta360-x3-memory-card-128gb\/"},"modified":"2026-04-30T11:20:28","modified_gmt":"2026-04-30T09:20:28","slug":"insta360-x3-memory-card-128gb","status":"publish","type":"product","link":"https:\/\/koningdrone.be\/de\/produkt\/insta360-x3-memory-card-128gb\/","title":{"rendered":"Insta360 X3 Speicherkarte 128GB"},"content":{"rendered":"<p>Die Insta360-Speicherkarte ist eine hochwertige Speicherl\u00f6sung zur Erg\u00e4nzung Ihrer Insta360-Kameraausr\u00fcstung. Diese Speicherkarte wurde f\u00fcr eine nahtlose Integration entwickelt und bietet hohe Lese- und Schreibgeschwindigkeiten, die eine reibungslose hochaufl\u00f6sende Videoaufnahme und eine schnelle Daten\u00fcbertragung gew\u00e4hrleisten. Die gro\u00dfe Speicherkapazit\u00e4t unterst\u00fctzt lange Aufnahmesitzungen und bietet zuverl\u00e4ssigen Platz f\u00fcr die Speicherung von hochwertigem Filmmaterial und Bildern. Die Insta360-Speicherkarte ist ideal f\u00fcr die Aufnahme von dynamischen und immersiven Inhalten und h\u00e4lt sowohl den Anforderungen professioneller als auch gelegentlicher Filmaufnahmen stand, was sie zu einem unverzichtbaren Zubeh\u00f6r f\u00fcr jedes Insta360-Kamera-Setup macht.<\/p>","protected":false},"excerpt":{"rendered":"<ul>\n<li>Hergestellt nach den perfekten Spezifikationen f\u00fcr ununterbrochene Videoaufnahmen mit Ihrer Insta360-Kamera<\/li>\n<li>Offizielle und zugelassene Insta360-Speicherkarte zur Verwendung mit allen Insta360 Micro SD-kompatiblen Ger\u00e4ten<\/li>\n<li>Auf der Insta360-Speicherkarte mit 128 GB k\u00f6nnen rund 43.600 Fotos oder 5 Stunden 5,7K-Videos gespeichert werden. <\/li>\n<li>128GB bietet zus\u00e4tzliche 130 Minuten Aufnahmezeit bei 5.7K@30fps \/ 190 Minuten bei 4K@50fps \/ 300 Minuten bei 4K@30fps \/ 150 Minuten bei 35@100fps<\/li>\n<li>Um mit Ihrer Insta360-Actionkamera stets die besten Ergebnisse zu erzielen, sollten Sie UHS-I-Micro-SD-Karten mit einer Geschwindigkeitsklasse von V30 oder h\u00f6her und einem exFAT-Format verwenden, da sonst die Aufzeichnung gestoppt und die Aufnahmen durch die nicht gleichwertigen Speicherkarten besch\u00e4digt werden k\u00f6nnen.<\/li>\n<\/ul>","protected":false},"featured_media":2429,"template":"","meta":{"_acf_changed":false},"product_brand":[],"product_cat":[97,343],"product_tag":[],"class_list":{"0":"post-2430","1":"product","2":"type-product","3":"status-publish","4":"has-post-thumbnail","6":"product_cat-alle-producten","7":"product_cat-insta360","8":"product_shipping_class-outofstock","9":"pa_brand-insta360","10":"pa_productfamily-geheugenkaart","11":"pa_producttype-geheugenkaart","12":"pa_series-insta360-go","14":"first","15":"outofstock","16":"taxable","17":"shipping-taxable","18":"product-type-simple"},"acf":[],"yoast_head":"<!-- This site is optimized with the Yoast SEO Premium plugin v27.2 (Yoast SEO v27.2) - https:\/\/yoast.com\/product\/yoast-seo-premium-wordpress\/ -->\n<title>Insta360 X3 Memory Card 128GB - koningdrone.be<\/title>\n<meta name=\"robots\" content=\"index, follow, max-snippet:-1, max-image-preview:large, max-video-preview:-1\" \/>\n<link rel=\"canonical\" href=\"https:\/\/koningdrone.be\/de\/produkt\/insta360-x3-memory-card-128gb\/\" \/>\n<meta property=\"og:locale\" content=\"de_DE\" \/>\n<meta property=\"og:type\" content=\"article\" \/>\n<meta property=\"og:title\" content=\"Insta360 X3 Memory Card 128GB\" \/>\n<meta property=\"og:description\" content=\"Vervaardigd volgens de perfecte specificaties voor ononderbroken video-opnamen met uw Insta360-cameraInsta360 offici\u00eble en goedgekeurde geheugenkaart voor gebruik met alle Insta360 Micro SD compatibele apparatenOp de Insta360 128 GB geheugenkaart kunnen ongeveer 43.600 foto&#039;s of 5 uur 5,7K video worden opgeslagen. 128 GB biedt extra 130 mins aan opnamen bij 5.7K@30fps \/ 190 mins bij 4K@50fps \/ 300 mins bij 4K@30fps \/ 150 mins bij 35@100fpsOm consistent de beste resultaten te behalen met je Insta360 actiecamera moet je UHS-I Micro SD-kaarten gebruiken met een snelheidsklasse van V30 of hoger en een exFAT-indeling, anders kan het opnemen stoppen en kunnen de opnamen beschadigd raken door de niet-gelijkwaardige opslagkaarten.\" \/>\n<meta property=\"og:url\" content=\"https:\/\/koningdrone.be\/de\/produkt\/insta360-x3-memory-card-128gb\/\" \/>\n<meta property=\"og:site_name\" content=\"koningdrone.be\" \/>\n<meta property=\"article:modified_time\" content=\"2026-04-30T09:20:28+00:00\" \/>\n<meta property=\"og:image\" content=\"https:\/\/koningdrone.be\/wp-content\/uploads\/sites\/13\/2025\/04\/2831_0cc310df-8bf3-41ac-baf8-2f1b2c60d792.webp\" \/>\n\t<meta property=\"og:image:width\" content=\"1280\" \/>\n\t<meta property=\"og:image:height\" content=\"1280\" \/>\n\t<meta property=\"og:image:type\" content=\"image\/webp\" \/>\n<meta name=\"twitter:card\" content=\"summary_large_image\" \/>\n<meta name=\"twitter:label1\" content=\"Gesch\u00e4tzte Lesezeit\" \/>\n\t<meta name=\"twitter:data1\" content=\"1\u00a0Minute\" \/>\n<script type=\"application\/ld+json\" class=\"yoast-schema-graph\">{\"@context\":\"https:\/\/schema.org\",\"@graph\":[{\"@type\":\"WebPage\",\"@id\":\"https:\/\/koningdrone.be\/product\/insta360-x3-memory-card-128gb\/\",\"url\":\"https:\/\/koningdrone.be\/product\/insta360-x3-memory-card-128gb\/\",\"name\":\"Insta360 X3 Memory Card 128GB - koningdrone.be\",\"isPartOf\":{\"@id\":\"https:\/\/koningdrone.be\/#website\"},\"primaryImageOfPage\":{\"@id\":\"https:\/\/koningdrone.be\/product\/insta360-x3-memory-card-128gb\/#primaryimage\"},\"image\":{\"@id\":\"https:\/\/koningdrone.be\/product\/insta360-x3-memory-card-128gb\/#primaryimage\"},\"thumbnailUrl\":\"https:\/\/koningdrone.be\/wp-content\/uploads\/sites\/13\/2025\/04\/2831_0cc310df-8bf3-41ac-baf8-2f1b2c60d792.webp\",\"datePublished\":\"2024-09-18T08:28:59+00:00\",\"dateModified\":\"2026-04-30T09:20:28+00:00\",\"breadcrumb\":{\"@id\":\"https:\/\/koningdrone.be\/product\/insta360-x3-memory-card-128gb\/#breadcrumb\"},\"inLanguage\":\"de\",\"potentialAction\":[{\"@type\":\"ReadAction\",\"target\":[\"https:\/\/koningdrone.be\/product\/insta360-x3-memory-card-128gb\/\"]}]},{\"@type\":\"ImageObject\",\"inLanguage\":\"de\",\"@id\":\"https:\/\/koningdrone.be\/product\/insta360-x3-memory-card-128gb\/#primaryimage\",\"url\":\"https:\/\/koningdrone.be\/wp-content\/uploads\/sites\/13\/2025\/04\/2831_0cc310df-8bf3-41ac-baf8-2f1b2c60d792.webp\",\"contentUrl\":\"https:\/\/koningdrone.be\/wp-content\/uploads\/sites\/13\/2025\/04\/2831_0cc310df-8bf3-41ac-baf8-2f1b2c60d792.webp\",\"width\":1280,\"height\":1280},{\"@type\":\"BreadcrumbList\",\"@id\":\"https:\/\/koningdrone.be\/product\/insta360-x3-memory-card-128gb\/#breadcrumb\",\"itemListElement\":[{\"@type\":\"ListItem\",\"position\":1,\"name\":\"Home\",\"item\":\"https:\/\/koningdrone.be\/\"},{\"@type\":\"ListItem\",\"position\":2,\"name\":\"AVSS Parachute Recovery System for DJI Matrice 300\/350\",\"item\":\"https:\/\/koningdrone.be\/product\/avss-parachute-recovery-system-for-dji-matrice-300-350\/\"},{\"@type\":\"ListItem\",\"position\":3,\"name\":\"Alle producten\",\"item\":\"https:\/\/koningdrone.be\/categorie\/alle-producten\/\"},{\"@type\":\"ListItem\",\"position\":4,\"name\":\"Insta360 X3 Memory Card 128GB\"}]},{\"@type\":\"WebSite\",\"@id\":\"https:\/\/koningdrone.be\/#website\",\"url\":\"https:\/\/koningdrone.be\/\",\"name\":\"Koningdrone.be - Uw online specialist in drones, gimbals, camera's en power stations.\",\"description\":\"De webshop in drones en gimbals\",\"publisher\":{\"@id\":\"https:\/\/koningdrone.be\/#organization\"},\"potentialAction\":[{\"@type\":\"SearchAction\",\"target\":{\"@type\":\"EntryPoint\",\"urlTemplate\":\"https:\/\/koningdrone.be\/?s={search_term_string}\"},\"query-input\":{\"@type\":\"PropertyValueSpecification\",\"valueRequired\":true,\"valueName\":\"search_term_string\"}}],\"inLanguage\":\"de\"},{\"@type\":\"Organization\",\"@id\":\"https:\/\/koningdrone.be\/#organization\",\"name\":\"Koningdrone.be\",\"url\":\"https:\/\/koningdrone.be\/\",\"logo\":{\"@type\":\"ImageObject\",\"inLanguage\":\"de\",\"@id\":\"https:\/\/koningdrone.be\/#\/schema\/logo\/image\/\",\"url\":\"https:\/\/koningdrone.be\/wp-content\/uploads\/sites\/13\/2025\/04\/koningdrone-copyright-logo.svg\",\"contentUrl\":\"https:\/\/koningdrone.be\/wp-content\/uploads\/sites\/13\/2025\/04\/koningdrone-copyright-logo.svg\",\"width\":227,\"height\":38,\"caption\":\"Koningdrone.be\"},\"image\":{\"@id\":\"https:\/\/koningdrone.be\/#\/schema\/logo\/image\/\"}}]}<\/script>\n<!-- \/ Yoast SEO Premium plugin. -->","yoast_head_json":{"title":"Insta360 X3 Memory Card 128GB - koningdrone.be","robots":{"index":"index","follow":"follow","max-snippet":"max-snippet:-1","max-image-preview":"max-image-preview:large","max-video-preview":"max-video-preview:-1"},"canonical":"https:\/\/koningdrone.be\/de\/produkt\/insta360-x3-memory-card-128gb\/","og_locale":"de_DE","og_type":"article","og_title":"Insta360 X3 Memory Card 128GB","og_description":"Vervaardigd volgens de perfecte specificaties voor ononderbroken video-opnamen met uw Insta360-cameraInsta360 offici\u00eble en goedgekeurde geheugenkaart voor gebruik met alle Insta360 Micro SD compatibele apparatenOp de Insta360 128 GB geheugenkaart kunnen ongeveer 43.600 foto's of 5 uur 5,7K video worden opgeslagen. 128 GB biedt extra 130 mins aan opnamen bij 5.7K@30fps \/ 190 mins bij 4K@50fps \/ 300 mins bij 4K@30fps \/ 150 mins bij 35@100fpsOm consistent de beste resultaten te behalen met je Insta360 actiecamera moet je UHS-I Micro SD-kaarten gebruiken met een snelheidsklasse van V30 of hoger en een exFAT-indeling, anders kan het opnemen stoppen en kunnen de opnamen beschadigd raken door de niet-gelijkwaardige opslagkaarten.","og_url":"https:\/\/koningdrone.be\/de\/produkt\/insta360-x3-memory-card-128gb\/","og_site_name":"koningdrone.be","article_modified_time":"2026-04-30T09:20:28+00:00","og_image":[{"width":1280,"height":1280,"url":"https:\/\/koningdrone.be\/wp-content\/uploads\/sites\/13\/2025\/04\/2831_0cc310df-8bf3-41ac-baf8-2f1b2c60d792.webp","type":"image\/webp"}],"twitter_card":"summary_large_image","twitter_misc":{"Gesch\u00e4tzte Lesezeit":"1\u00a0Minute"},"schema":{"@context":"https:\/\/schema.org","@graph":[{"@type":"WebPage","@id":"https:\/\/koningdrone.be\/product\/insta360-x3-memory-card-128gb\/","url":"https:\/\/koningdrone.be\/product\/insta360-x3-memory-card-128gb\/","name":"Insta360 X3 Memory Card 128GB - koningdrone.be","isPartOf":{"@id":"https:\/\/koningdrone.be\/#website"},"primaryImageOfPage":{"@id":"https:\/\/koningdrone.be\/product\/insta360-x3-memory-card-128gb\/#primaryimage"},"image":{"@id":"https:\/\/koningdrone.be\/product\/insta360-x3-memory-card-128gb\/#primaryimage"},"thumbnailUrl":"https:\/\/koningdrone.be\/wp-content\/uploads\/sites\/13\/2025\/04\/2831_0cc310df-8bf3-41ac-baf8-2f1b2c60d792.webp","datePublished":"2024-09-18T08:28:59+00:00","dateModified":"2026-04-30T09:20:28+00:00","breadcrumb":{"@id":"https:\/\/koningdrone.be\/product\/insta360-x3-memory-card-128gb\/#breadcrumb"},"inLanguage":"de","potentialAction":[{"@type":"ReadAction","target":["https:\/\/koningdrone.be\/product\/insta360-x3-memory-card-128gb\/"]}]},{"@type":"ImageObject","inLanguage":"de","@id":"https:\/\/koningdrone.be\/product\/insta360-x3-memory-card-128gb\/#primaryimage","url":"https:\/\/koningdrone.be\/wp-content\/uploads\/sites\/13\/2025\/04\/2831_0cc310df-8bf3-41ac-baf8-2f1b2c60d792.webp","contentUrl":"https:\/\/koningdrone.be\/wp-content\/uploads\/sites\/13\/2025\/04\/2831_0cc310df-8bf3-41ac-baf8-2f1b2c60d792.webp","width":1280,"height":1280},{"@type":"BreadcrumbList","@id":"https:\/\/koningdrone.be\/product\/insta360-x3-memory-card-128gb\/#breadcrumb","itemListElement":[{"@type":"ListItem","position":1,"name":"Home","item":"https:\/\/koningdrone.be\/"},{"@type":"ListItem","position":2,"name":"AVSS Parachute Recovery System for DJI Matrice 300\/350","item":"https:\/\/koningdrone.be\/product\/avss-parachute-recovery-system-for-dji-matrice-300-350\/"},{"@type":"ListItem","position":3,"name":"Alle producten","item":"https:\/\/koningdrone.be\/categorie\/alle-producten\/"},{"@type":"ListItem","position":4,"name":"Insta360 X3 Memory Card 128GB"}]},{"@type":"WebSite","@id":"https:\/\/koningdrone.be\/#website","url":"https:\/\/koningdrone.be\/","name":"Koningdrone.be - Ihr Online-Spezialist f\u00fcr Drohnen, Gimbals, Kameras und Kraftwerke.","description":"Der Webshop f\u00fcr Drohnen und Gimbals","publisher":{"@id":"https:\/\/koningdrone.be\/#organization"},"potentialAction":[{"@type":"SearchAction","target":{"@type":"EntryPoint","urlTemplate":"https:\/\/koningdrone.be\/?s={search_term_string}"},"query-input":{"@type":"PropertyValueSpecification","valueRequired":true,"valueName":"search_term_string"}}],"inLanguage":"de"},{"@type":"Organization","@id":"https:\/\/koningdrone.be\/#organization","name":"Kingdrone.de","url":"https:\/\/koningdrone.be\/","logo":{"@type":"ImageObject","inLanguage":"de","@id":"https:\/\/koningdrone.be\/#\/schema\/logo\/image\/","url":"https:\/\/koningdrone.be\/wp-content\/uploads\/sites\/13\/2025\/04\/koningdrone-copyright-logo.svg","contentUrl":"https:\/\/koningdrone.be\/wp-content\/uploads\/sites\/13\/2025\/04\/koningdrone-copyright-logo.svg","width":227,"height":38,"caption":"Koningdrone.be"},"image":{"@id":"https:\/\/koningdrone.be\/#\/schema\/logo\/image\/"}}]}},"df_price":"","df_sale_price":"","df_regular_price":"","df_image_link":"https:\/\/koningdrone.be\/wp-content\/uploads\/sites\/13\/2025\/04\/2831_0cc310df-8bf3-41ac-baf8-2f1b2c60d792-300x300.webp","_links":{"self":[{"href":"https:\/\/koningdrone.be\/de\/wp-json\/wp\/v2\/product\/2430","targetHints":{"allow":["GET"]}}],"collection":[{"href":"https:\/\/koningdrone.be\/de\/wp-json\/wp\/v2\/product"}],"about":[{"href":"https:\/\/koningdrone.be\/de\/wp-json\/wp\/v2\/types\/product"}],"wp:featuredmedia":[{"embeddable":true,"href":"https:\/\/koningdrone.be\/de\/wp-json\/wp\/v2\/media\/2429"}],"wp:attachment":[{"href":"https:\/\/koningdrone.be\/de\/wp-json\/wp\/v2\/media?parent=2430"}],"wp:term":[{"taxonomy":"product_brand","embeddable":true,"href":"https:\/\/koningdrone.be\/de\/wp-json\/wp\/v2\/product_brand?post=2430"},{"taxonomy":"product_cat","embeddable":true,"href":"https:\/\/koningdrone.be\/de\/wp-json\/wp\/v2\/product_cat?post=2430"},{"taxonomy":"product_tag","embeddable":true,"href":"https:\/\/koningdrone.be\/de\/wp-json\/wp\/v2\/product_tag?post=2430"}],"curies":[{"name":"wp","href":"https:\/\/api.w.org\/{rel}","templated":true}]}}